{"id":8890,"date":"2022-07-21T19:18:16","date_gmt":"2022-07-21T18:18:16","guid":{"rendered":"https:\/product\/cordyceps-svamp-kapslar-for-forbattrad-uthallighet-och-lindring-av-angest-och-stress-60-kapslar\/"},"modified":"2022-09-20T15:13:44","modified_gmt":"2022-09-20T14:13:44","slug":"cordyceps-svamp-kapslar-for-forbattrad-uthallighet-och-lindring-av-angest-och-stress-60-kapslar","status":"publish","type":"product","link":"https:\/\/jeaken.com\/sv\/produkt\/cordyceps-svamp-kapslar-for-forbattrad-uthallighet-och-lindring-av-angest-och-stress-60-kapslar\/","title":{"rendered":"Cordyceps svamp kapslar &#8211; f\u00f6r f\u00f6rb\u00e4ttrad uth\u00e5llighet och lindring av \u00e5ngest och stress (60 kapslar)"},"content":{"rendered":"<p><strong><span class=\"a-list-item\">100 % NATURLIGA SVAMPAR  <\/span><\/strong><\/p>\n<p><span class=\"a-list-item\">Detta tillskott \u00e4r uteslutande tillverkat av 100 % cordyceps militaris-svampar. Fruktkropparna odlas f\u00f6r att s\u00e4kerst\u00e4lla b\u00e4sta m\u00f6jliga cordyceps-extrakt, och svamparna genomg\u00e5r en extraktion med varmt vatten f\u00f6r att f\u00e5 fram de nyttiga betaglukan- och cordycepinf\u00f6reningarna. Vi tills\u00e4tter inte mycelium, st\u00e4rkelse, spannm\u00e5l eller fyllmedel i v\u00e5ra produkter.  <\/span><\/p>\n<p><strong><span class=\"a-list-item\">F\u00d6RB\u00c4TTRAR ENERGIN OCH ST\u00c4RKER IMMUNITETEN  <\/span><\/strong><\/p>\n<p><span class=\"a-list-item\">Genom att \u00f6ka m\u00e4ngden syre \u00f6kar Cordyceps Extract avsev\u00e4rt energi och immunitet. Cordyceps stimulerar ocks\u00e5 direkt kroppens f\u00f6rsta f\u00f6rsvarslinje mot infektioner och ett stort antal sjukdomar.<\/span><\/p>\n<p><strong><span class=\"a-list-item\">GER LINDRING AV STRESS OCH \u00c5NGEST  <\/span><\/strong><\/p>\n<p><span class=\"a-list-item\">P\u00e5 grund av sin f\u00f6rm\u00e5ga att \u00f6ka ATP-produktionen \u00e4r Cordyceps en av de mest effektiva adaptogena svamparna f\u00f6r att lindra symtom p\u00e5 \u00e5ngest och stress.<\/span><\/p>\n<p><strong><span class=\"a-list-item\">HJ\u00c4LPER TILL ATT REGLERA BLODSOCKRET  <\/span><\/strong><\/p>\n<p><span class=\"a-list-item\">  Ett antal kliniska studier har visat att Cordyceps-pulver har potential att reglera blodsockret. I en studie visade 95 % av de patienter som behandlades med Cordyceps en f\u00f6rb\u00e4ttring av sina blodsockerprofiler, j\u00e4mf\u00f6rt med 54 % f\u00f6rb\u00e4ttring i kontrollgruppen.<\/span><\/p>\n<p>&nbsp;<\/p>\n","protected":false},"excerpt":{"rendered":"<h4>Ett naturligt och effektivt s\u00e4tt att \u00f6ka immuniteten, \u00f6ka energin och minska stressen.<\/h4>\n<p>&nbsp;<\/p>\n","protected":false},"featured_media":15554,"template":"","meta":{"site-sidebar-layout":"default","site-content-layout":"default","ast-site-content-layout":"default","site-content-style":"default","site-sidebar-style":"default","ast-global-header-display":"","ast-banner-title-visibility":"","ast-main-header-display":"","ast-hfb-above-header-display":"","ast-hfb-below-header-display":"","ast-hfb-mobile-header-display":"","site-post-title":"","ast-breadcrumbs-content":"","ast-featured-img":"","footer-sml-layout":"","theme-transparent-header-meta":"default","adv-header-id-meta":"","stick-header-meta":"default","header-above-stick-meta":"","header-main-stick-meta":"","header-below-stick-meta":"","astra-migrate-meta-layouts":"default","ast-page-background-enabled":"default","ast-page-background-meta":{"desktop":{"background-color":"","background-image":"","background-repeat":"repeat","background-position":"center center","background-size":"auto","background-attachment":"scroll","background-type":"","background-media":"","overlay-type":"","overlay-color":"","overlay-opacity":"","overlay-gradient":""},"tablet":{"background-color":"","background-image":"","background-repeat":"repeat","background-position":"center center","background-size":"auto","background-attachment":"scroll","background-type":"","background-media":"","overlay-type":"","overlay-color":"","overlay-opacity":"","overlay-gradient":""},"mobile":{"background-color":"","background-image":"","background-repeat":"repeat","background-position":"center center","background-size":"auto","background-attachment":"scroll","background-type":"","background-media":"","overlay-type":"","overlay-color":"","overlay-opacity":"","overlay-gradient":""}},"ast-content-background-meta":{"desktop":{"background-color":"var(--ast-global-color-5)","background-image":"","background-repeat":"repeat","background-position":"center center","background-size":"auto","background-attachment":"scroll","background-type":"","background-media":"","overlay-type":"","overlay-color":"","overlay-opacity":"","overlay-gradient":""},"tablet":{"background-color":"var(--ast-global-color-5)","background-image":"","background-repeat":"repeat","background-position":"center center","background-size":"auto","background-attachment":"scroll","background-type":"","background-media":"","overlay-type":"","overlay-color":"","overlay-opacity":"","overlay-gradient":""},"mobile":{"background-color":"var(--ast-global-color-5)","background-image":"","background-repeat":"repeat","background-position":"center center","background-size":"auto","background-attachment":"scroll","background-type":"","background-media":"","overlay-type":"","overlay-color":"","overlay-opacity":"","overlay-gradient":""}}},"product_cat":[1029,600,560,529,601],"product_tag":[1910,1913,1914,1912,1911,1915,1919,1916,1917,1918],"class_list":{"0":"post-8890","1":"product","2":"type-product","3":"status-publish","4":"has-post-thumbnail","6":"product_cat-fertilitet","7":"product_cat-humor-och-valbefinnande","8":"product_cat-immunhalsa","9":"product_cat-naring-for-idrottsutovare","10":"product_cat-trotthet","11":"product_tag-cordyceps-kapslar","12":"product_tag-cordyceps-pulver-sv","13":"product_tag-cordyceps-sinensis-sv","14":"product_tag-cordyceps-svamp-kapslar","15":"product_tag-cordyceps-extrakt-sv","16":"product_tag-ganoderma-lucidum-sv","17":"product_tag-kosttillskott-for-angest","18":"product_tag-pulver-av-svamp-fran-lejonmane","19":"product_tag-rhodiola-rosea-kapslar","20":"product_tag-tillagg-for-att-lindra-stress","21":"has-subscription-plans","22":"desktop-align-left","23":"tablet-align-left","24":"mobile-align-left","26":"first","27":"instock","28":"taxable","29":"shipping-taxable","30":"purchasable","31":"product-type-simple"},"yoast_head":"<!-- This site is optimized with the Yoast SEO plugin v22.7 - https:\/\/yoast.com\/wordpress\/plugins\/seo\/ -->\n<title>Cordyceps svamp kapslar - f\u00f6r f\u00f6rb\u00e4ttrad uth\u00e5llighet och lindring av \u00e5ngest och stress (60 kapslar) - JeaKen<\/title>\n<meta name=\"robots\" content=\"index, follow, max-snippet:-1, max-image-preview:large, max-video-preview:-1\" \/>\n<link rel=\"canonical\" href=\"https:\/\/jeaken.com\/sv\/produkt\/cordyceps-svamp-kapslar-for-forbattrad-uthallighet-och-lindring-av-angest-och-stress-60-kapslar\/\" \/>\n<meta property=\"og:locale\" content=\"sv_SE\" \/>\n<meta property=\"og:type\" content=\"article\" \/>\n<meta property=\"og:title\" content=\"Cordyceps svamp kapslar - f\u00f6r f\u00f6rb\u00e4ttrad uth\u00e5llighet och lindring av \u00e5ngest och stress (60 kapslar) - JeaKen\" \/>\n<meta property=\"og:description\" content=\"Ett naturligt och effektivt s\u00e4tt att \u00f6ka immuniteten, \u00f6ka energin och minska stressen. &nbsp;\" \/>\n<meta property=\"og:url\" content=\"https:\/\/jeaken.com\/sv\/produkt\/cordyceps-svamp-kapslar-for-forbattrad-uthallighet-och-lindring-av-angest-och-stress-60-kapslar\/\" \/>\n<meta property=\"og:site_name\" content=\"JeaKen\" \/>\n<meta property=\"article:modified_time\" content=\"2022-09-20T14:13:44+00:00\" \/>\n<meta property=\"og:image\" content=\"https:\/\/jeaken.com\/wp-content\/uploads\/2022\/07\/Cordyceps-1.jpg\" \/>\n\t<meta property=\"og:image:width\" content=\"512\" \/>\n\t<meta property=\"og:image:height\" content=\"600\" \/>\n\t<meta property=\"og:image:type\" content=\"image\/jpeg\" \/>\n<meta name=\"twitter:card\" content=\"summary_large_image\" \/>\n<meta name=\"twitter:label1\" content=\"Est. reading time\" \/>\n\t<meta name=\"twitter:data1\" content=\"1 minute\" \/>\n<script type=\"application\/ld+json\" class=\"yoast-schema-graph\">{\"@context\":\"https:\/\/schema.org\",\"@graph\":[{\"@type\":\"WebPage\",\"@id\":\"https:\/\/jeaken.com\/sv\/produkt\/cordyceps-svamp-kapslar-for-forbattrad-uthallighet-och-lindring-av-angest-och-stress-60-kapslar\/\",\"url\":\"https:\/\/jeaken.com\/sv\/produkt\/cordyceps-svamp-kapslar-for-forbattrad-uthallighet-och-lindring-av-angest-och-stress-60-kapslar\/\",\"name\":\"Cordyceps svamp kapslar - f\u00f6r f\u00f6rb\u00e4ttrad uth\u00e5llighet och lindring av \u00e5ngest och stress (60 kapslar) - JeaKen\",\"isPartOf\":{\"@id\":\"https:\/\/jeaken.com\/sv\/#website\"},\"primaryImageOfPage\":{\"@id\":\"https:\/\/jeaken.com\/sv\/produkt\/cordyceps-svamp-kapslar-for-forbattrad-uthallighet-och-lindring-av-angest-och-stress-60-kapslar\/#primaryimage\"},\"image\":{\"@id\":\"https:\/\/jeaken.com\/sv\/produkt\/cordyceps-svamp-kapslar-for-forbattrad-uthallighet-och-lindring-av-angest-och-stress-60-kapslar\/#primaryimage\"},\"thumbnailUrl\":\"https:\/\/jeaken.com\/wp-content\/uploads\/2022\/07\/Cordyceps-1.jpg\",\"datePublished\":\"2022-07-21T18:18:16+00:00\",\"dateModified\":\"2022-09-20T14:13:44+00:00\",\"breadcrumb\":{\"@id\":\"https:\/\/jeaken.com\/sv\/produkt\/cordyceps-svamp-kapslar-for-forbattrad-uthallighet-och-lindring-av-angest-och-stress-60-kapslar\/#breadcrumb\"},\"inLanguage\":\"sv-SE\",\"potentialAction\":[{\"@type\":\"ReadAction\",\"target\":[\"https:\/\/jeaken.com\/sv\/produkt\/cordyceps-svamp-kapslar-for-forbattrad-uthallighet-och-lindring-av-angest-och-stress-60-kapslar\/\"]}]},{\"@type\":\"ImageObject\",\"inLanguage\":\"sv-SE\",\"@id\":\"https:\/\/jeaken.com\/sv\/produkt\/cordyceps-svamp-kapslar-for-forbattrad-uthallighet-och-lindring-av-angest-och-stress-60-kapslar\/#primaryimage\",\"url\":\"https:\/\/jeaken.com\/wp-content\/uploads\/2022\/07\/Cordyceps-1.jpg\",\"contentUrl\":\"https:\/\/jeaken.com\/wp-content\/uploads\/2022\/07\/Cordyceps-1.jpg\",\"width\":512,\"height\":600,\"caption\":\"Cordyceps Mushroom Capsules\"},{\"@type\":\"BreadcrumbList\",\"@id\":\"https:\/\/jeaken.com\/sv\/produkt\/cordyceps-svamp-kapslar-for-forbattrad-uthallighet-och-lindring-av-angest-och-stress-60-kapslar\/#breadcrumb\",\"itemListElement\":[{\"@type\":\"ListItem\",\"position\":1,\"name\":\"Home\",\"item\":\"https:\/\/jeaken.com\/sv\/\"},{\"@type\":\"ListItem\",\"position\":2,\"name\":\"Private: Shop\",\"item\":\"https:\/\/jeaken.com\/shop\/\"},{\"@type\":\"ListItem\",\"position\":3,\"name\":\"Cordyceps svamp kapslar &#8211; f\u00f6r f\u00f6rb\u00e4ttrad uth\u00e5llighet och lindring av \u00e5ngest och stress (60 kapslar)\"}]},{\"@type\":\"WebSite\",\"@id\":\"https:\/\/jeaken.com\/sv\/#website\",\"url\":\"https:\/\/jeaken.com\/sv\/\",\"name\":\"JeaKen\",\"description\":\"Organic Supplements for Health, Fitness and Nutrition\",\"publisher\":{\"@id\":\"https:\/\/jeaken.com\/sv\/#organization\"},\"potentialAction\":[{\"@type\":\"SearchAction\",\"target\":{\"@type\":\"EntryPoint\",\"urlTemplate\":\"https:\/\/jeaken.com\/sv\/?s={search_term_string}\"},\"query-input\":\"required name=search_term_string\"}],\"inLanguage\":\"sv-SE\"},{\"@type\":\"Organization\",\"@id\":\"https:\/\/jeaken.com\/sv\/#organization\",\"name\":\"JeaKen\",\"url\":\"https:\/\/jeaken.com\/sv\/\",\"logo\":{\"@type\":\"ImageObject\",\"inLanguage\":\"sv-SE\",\"@id\":\"https:\/\/jeaken.com\/sv\/#\/schema\/logo\/image\/\",\"url\":\"https:\/\/jeaken.com\/wp-content\/uploads\/2022\/06\/jeaken-logo-23.png\",\"contentUrl\":\"https:\/\/jeaken.com\/wp-content\/uploads\/2022\/06\/jeaken-logo-23.png\",\"width\":2486,\"height\":736,\"caption\":\"JeaKen\"},\"image\":{\"@id\":\"https:\/\/jeaken.com\/sv\/#\/schema\/logo\/image\/\"}}]}<\/script>\n<!-- \/ Yoast SEO plugin. -->","yoast_head_json":{"title":"Cordyceps svamp kapslar - f\u00f6r f\u00f6rb\u00e4ttrad uth\u00e5llighet och lindring av \u00e5ngest och stress (60 kapslar) - JeaKen","robots":{"index":"index","follow":"follow","max-snippet":"max-snippet:-1","max-image-preview":"max-image-preview:large","max-video-preview":"max-video-preview:-1"},"canonical":"https:\/\/jeaken.com\/sv\/produkt\/cordyceps-svamp-kapslar-for-forbattrad-uthallighet-och-lindring-av-angest-och-stress-60-kapslar\/","og_locale":"sv_SE","og_type":"article","og_title":"Cordyceps svamp kapslar - f\u00f6r f\u00f6rb\u00e4ttrad uth\u00e5llighet och lindring av \u00e5ngest och stress (60 kapslar) - JeaKen","og_description":"Ett naturligt och effektivt s\u00e4tt att \u00f6ka immuniteten, \u00f6ka energin och minska stressen. &nbsp;","og_url":"https:\/\/jeaken.com\/sv\/produkt\/cordyceps-svamp-kapslar-for-forbattrad-uthallighet-och-lindring-av-angest-och-stress-60-kapslar\/","og_site_name":"JeaKen","article_modified_time":"2022-09-20T14:13:44+00:00","og_image":[{"width":512,"height":600,"url":"https:\/\/jeaken.com\/wp-content\/uploads\/2022\/07\/Cordyceps-1.jpg","type":"image\/jpeg"}],"twitter_card":"summary_large_image","twitter_misc":{"Est. reading time":"1 minute"},"schema":{"@context":"https:\/\/schema.org","@graph":[{"@type":"WebPage","@id":"https:\/\/jeaken.com\/sv\/produkt\/cordyceps-svamp-kapslar-for-forbattrad-uthallighet-och-lindring-av-angest-och-stress-60-kapslar\/","url":"https:\/\/jeaken.com\/sv\/produkt\/cordyceps-svamp-kapslar-for-forbattrad-uthallighet-och-lindring-av-angest-och-stress-60-kapslar\/","name":"Cordyceps svamp kapslar - f\u00f6r f\u00f6rb\u00e4ttrad uth\u00e5llighet och lindring av \u00e5ngest och stress (60 kapslar) - JeaKen","isPartOf":{"@id":"https:\/\/jeaken.com\/sv\/#website"},"primaryImageOfPage":{"@id":"https:\/\/jeaken.com\/sv\/produkt\/cordyceps-svamp-kapslar-for-forbattrad-uthallighet-och-lindring-av-angest-och-stress-60-kapslar\/#primaryimage"},"image":{"@id":"https:\/\/jeaken.com\/sv\/produkt\/cordyceps-svamp-kapslar-for-forbattrad-uthallighet-och-lindring-av-angest-och-stress-60-kapslar\/#primaryimage"},"thumbnailUrl":"https:\/\/jeaken.com\/wp-content\/uploads\/2022\/07\/Cordyceps-1.jpg","datePublished":"2022-07-21T18:18:16+00:00","dateModified":"2022-09-20T14:13:44+00:00","breadcrumb":{"@id":"https:\/\/jeaken.com\/sv\/produkt\/cordyceps-svamp-kapslar-for-forbattrad-uthallighet-och-lindring-av-angest-och-stress-60-kapslar\/#breadcrumb"},"inLanguage":"sv-SE","potentialAction":[{"@type":"ReadAction","target":["https:\/\/jeaken.com\/sv\/produkt\/cordyceps-svamp-kapslar-for-forbattrad-uthallighet-och-lindring-av-angest-och-stress-60-kapslar\/"]}]},{"@type":"ImageObject","inLanguage":"sv-SE","@id":"https:\/\/jeaken.com\/sv\/produkt\/cordyceps-svamp-kapslar-for-forbattrad-uthallighet-och-lindring-av-angest-och-stress-60-kapslar\/#primaryimage","url":"https:\/\/jeaken.com\/wp-content\/uploads\/2022\/07\/Cordyceps-1.jpg","contentUrl":"https:\/\/jeaken.com\/wp-content\/uploads\/2022\/07\/Cordyceps-1.jpg","width":512,"height":600,"caption":"Cordyceps Mushroom Capsules"},{"@type":"BreadcrumbList","@id":"https:\/\/jeaken.com\/sv\/produkt\/cordyceps-svamp-kapslar-for-forbattrad-uthallighet-och-lindring-av-angest-och-stress-60-kapslar\/#breadcrumb","itemListElement":[{"@type":"ListItem","position":1,"name":"Home","item":"https:\/\/jeaken.com\/sv\/"},{"@type":"ListItem","position":2,"name":"Private: Shop","item":"https:\/\/jeaken.com\/shop\/"},{"@type":"ListItem","position":3,"name":"Cordyceps svamp kapslar &#8211; f\u00f6r f\u00f6rb\u00e4ttrad uth\u00e5llighet och lindring av \u00e5ngest och stress (60 kapslar)"}]},{"@type":"WebSite","@id":"https:\/\/jeaken.com\/sv\/#website","url":"https:\/\/jeaken.com\/sv\/","name":"JeaKen","description":"Organic Supplements for Health, Fitness and Nutrition","publisher":{"@id":"https:\/\/jeaken.com\/sv\/#organization"},"potentialAction":[{"@type":"SearchAction","target":{"@type":"EntryPoint","urlTemplate":"https:\/\/jeaken.com\/sv\/?s={search_term_string}"},"query-input":"required name=search_term_string"}],"inLanguage":"sv-SE"},{"@type":"Organization","@id":"https:\/\/jeaken.com\/sv\/#organization","name":"JeaKen","url":"https:\/\/jeaken.com\/sv\/","logo":{"@type":"ImageObject","inLanguage":"sv-SE","@id":"https:\/\/jeaken.com\/sv\/#\/schema\/logo\/image\/","url":"https:\/\/jeaken.com\/wp-content\/uploads\/2022\/06\/jeaken-logo-23.png","contentUrl":"https:\/\/jeaken.com\/wp-content\/uploads\/2022\/06\/jeaken-logo-23.png","width":2486,"height":736,"caption":"JeaKen"},"image":{"@id":"https:\/\/jeaken.com\/sv\/#\/schema\/logo\/image\/"}}]}},"jetpack_sharing_enabled":true,"_links":{"self":[{"href":"https:\/\/jeaken.com\/sv\/wp-json\/wp\/v2\/product\/8890","targetHints":{"allow":["GET"]}}],"collection":[{"href":"https:\/\/jeaken.com\/sv\/wp-json\/wp\/v2\/product"}],"about":[{"href":"https:\/\/jeaken.com\/sv\/wp-json\/wp\/v2\/types\/product"}],"wp:featuredmedia":[{"embeddable":true,"href":"https:\/\/jeaken.com\/sv\/wp-json\/wp\/v2\/media\/15554"}],"wp:attachment":[{"href":"https:\/\/jeaken.com\/sv\/wp-json\/wp\/v2\/media?parent=8890"}],"wp:term":[{"taxonomy":"product_cat","embeddable":true,"href":"https:\/\/jeaken.com\/sv\/wp-json\/wp\/v2\/product_cat?post=8890"},{"taxonomy":"product_tag","embeddable":true,"href":"https:\/\/jeaken.com\/sv\/wp-json\/wp\/v2\/product_tag?post=8890"}],"curies":[{"name":"wp","href":"https:\/\/api.w.org\/{rel}","templated":true}]}}