{"id":8799,"date":"2022-07-21T19:18:16","date_gmt":"2022-07-21T18:18:16","guid":{"rendered":"https:\/product\/nootropics-cognitive-enchancer-premium-concentration-och-memory-enhancers-60-kapslar\/"},"modified":"2022-09-08T15:51:14","modified_gmt":"2022-09-08T14:51:14","slug":"nootropics-cognitive-enchancer-premium-concentration-och-memory-enhancers-60-kapslar","status":"publish","type":"product","link":"https:\/\/jeaken.com\/sv\/produkt\/nootropics-cognitive-enchancer-premium-concentration-och-memory-enhancers-60-kapslar\/","title":{"rendered":"Nootropics Cognitive Enchancer &#8211; Premium Concentration och Memory Enhancers (60 kapslar)"},"content":{"rendered":"<p><strong><span class=\"a-list-item\">\u00d6KAR MINNET, KONCENTRATIONEN OCH VAKENHETEN  <\/span><\/strong><\/p>\n<p><span class=\"a-list-item\">V\u00e5ra nootropics Brain Boost-kapslar \u00e4r tillverkade av naturliga ingredienser som hj\u00e4lper till att \u00f6ka koncentrationen och vakenheten, \u00f6ka den mentala energin och f\u00f6rb\u00e4ttra minnet.<\/span><\/p>\n<p><strong><span class=\"a-list-item\">MINSKAR TR\u00d6TTHET OCH F\u00d6RB\u00c4TTRAR FOKUS  <\/span><\/strong><\/p>\n<p><span class=\"a-list-item\">Guarana, som \u00e4r en v\u00e4xt fr\u00e5n Amazonas, inneh\u00e5ller naturligt koffein och har visat sig vara effektiv f\u00f6r att minska tr\u00f6tthet och \u00f6ka det mentala fokuset. Den kraftfulla kombinationen av koffein och teanin \u00e4r extremt effektiv f\u00f6r att f\u00f6rb\u00e4ttra den kognitiva f\u00f6rm\u00e5gan.<\/span><\/p>\n<p><strong><span class=\"a-list-item\">NATURLIGA INGREDIENSER  <\/span><\/strong><\/p>\n<p><span class=\"a-list-item\">V\u00e5rt minnestillskott \u00e4r tillverkat av helt naturliga vitaminer, mineraler och \u00f6rtextrakt, utan skadliga tillsatser. V\u00e5ra kosttillskott \u00e4r icke-GMO- och fria fr\u00e5n hormoner och gluten.<\/span><\/p>\n<p><strong><span class=\"a-list-item\">ST\u00d6DS AV VETENSKAP  <\/span><\/strong><\/p>\n<p><span class=\"a-list-item\">Stor omsorg har lagts ner p\u00e5 att kombinera r\u00e4tt m\u00e4ngd av varje ingrediens i en avancerad formel. Detta har noggrant utformats f\u00f6r att hj\u00e4lpa till att st\u00f6dja syre och cirkulation i hj\u00e4rncellerna, och neuronerna \u00e4r utformade f\u00f6r att st\u00f6dja minne, fokus och klarhet.<\/span><\/p>\n<p class=\"a-spacing-mini\"><strong>F\u00d6RB\u00c4TTRAR HUM\u00d6RET<\/strong><\/p>\n<p class=\"a-size-small\">V\u00e5ra f\u00f6rstklassiga ingredienser st\u00f6der h\u00e4lsosamma niv\u00e5er av serotonin och dopamin, vilket bidrar till att uppr\u00e4tth\u00e5lla ett positivt hum\u00f6r.<\/p>\n<p class=\"a-size-small\">\n","protected":false},"excerpt":{"rendered":"<h4>Kraftfullt tillskott f\u00f6r \u00f6kat fokus, f\u00f6rb\u00e4ttrat minne och b\u00e4ttre hum\u00f6r.<\/h4>\n<p>&nbsp;<\/p>\n<p>&nbsp;<\/p>\n","protected":false},"featured_media":3791,"template":"","meta":{"site-sidebar-layout":"default","site-content-layout":"default","ast-site-content-layout":"default","site-content-style":"default","site-sidebar-style":"default","ast-global-header-display":"","ast-banner-title-visibility":"","ast-main-header-display":"","ast-hfb-above-header-display":"","ast-hfb-below-header-display":"","ast-hfb-mobile-header-display":"","site-post-title":"","ast-breadcrumbs-content":"","ast-featured-img":"","footer-sml-layout":"","theme-transparent-header-meta":"default","adv-header-id-meta":"","stick-header-meta":"default","header-above-stick-meta":"","header-main-stick-meta":"","header-below-stick-meta":"","astra-migrate-meta-layouts":"default","ast-page-background-enabled":"default","ast-page-background-meta":{"desktop":{"background-color":"","background-image":"","background-repeat":"repeat","background-position":"center center","background-size":"auto","background-attachment":"scroll","background-type":"","background-media":"","overlay-type":"","overlay-color":"","overlay-opacity":"","overlay-gradient":""},"tablet":{"background-color":"","background-image":"","background-repeat":"repeat","background-position":"center center","background-size":"auto","background-attachment":"scroll","background-type":"","background-media":"","overlay-type":"","overlay-color":"","overlay-opacity":"","overlay-gradient":""},"mobile":{"background-color":"","background-image":"","background-repeat":"repeat","background-position":"center center","background-size":"auto","background-attachment":"scroll","background-type":"","background-media":"","overlay-type":"","overlay-color":"","overlay-opacity":"","overlay-gradient":""}},"ast-content-background-meta":{"desktop":{"background-color":"var(--ast-global-color-5)","background-image":"","background-repeat":"repeat","background-position":"center center","background-size":"auto","background-attachment":"scroll","background-type":"","background-media":"","overlay-type":"","overlay-color":"","overlay-opacity":"","overlay-gradient":""},"tablet":{"background-color":"var(--ast-global-color-5)","background-image":"","background-repeat":"repeat","background-position":"center center","background-size":"auto","background-attachment":"scroll","background-type":"","background-media":"","overlay-type":"","overlay-color":"","overlay-opacity":"","overlay-gradient":""},"mobile":{"background-color":"var(--ast-global-color-5)","background-image":"","background-repeat":"repeat","background-position":"center center","background-size":"auto","background-attachment":"scroll","background-type":"","background-media":"","overlay-type":"","overlay-color":"","overlay-opacity":"","overlay-gradient":""}}},"product_cat":[654,599],"product_tag":[1784,1786,1773,1778,1329,1782,1776,1788,1792,1794,1796,1798,1790,1780],"class_list":{"0":"post-8799","1":"product","2":"type-product","3":"status-publish","4":"has-post-thumbnail","6":"product_cat-forstarkare-for-hjarnan","7":"product_cat-halsa-for-hjarta-och-hjarna","8":"product_tag-dopamintillskott","9":"product_tag-fokus-piller","10":"product_tag-hjarnans-boost","11":"product_tag-hjarntabletter","12":"product_tag-koffeinpiller","13":"product_tag-koncentrationspiller","14":"product_tag-kosttillskott-for-hjarnan","15":"product_tag-minnespiller","16":"product_tag-neuro-one-sv","17":"product_tag-nootropics-hjarnan-boost","18":"product_tag-nootropics-kognitiv-forstarkare","19":"product_tag-nootropics-tillskott","20":"product_tag-tillagg-for-minnet","21":"product_tag-vitamin-for-hjarnan","22":"has-subscription-plans","23":"desktop-align-left","24":"tablet-align-left","25":"mobile-align-left","27":"first","28":"outofstock","29":"taxable","30":"shipping-taxable","31":"purchasable","32":"product-type-simple"},"yoast_head":"<!-- This site is optimized with the Yoast SEO plugin v22.7 - https:\/\/yoast.com\/wordpress\/plugins\/seo\/ -->\n<title>Nootropics Cognitive Enchancer - Premium Concentration och Memory Enhancers (60 kapslar) - JeaKen<\/title>\n<meta name=\"robots\" content=\"index, follow, max-snippet:-1, max-image-preview:large, max-video-preview:-1\" \/>\n<link rel=\"canonical\" href=\"https:\/\/jeaken.com\/sv\/produkt\/nootropics-cognitive-enchancer-premium-concentration-och-memory-enhancers-60-kapslar\/\" \/>\n<meta property=\"og:locale\" content=\"sv_SE\" \/>\n<meta property=\"og:type\" content=\"article\" \/>\n<meta property=\"og:title\" content=\"Nootropics Cognitive Enchancer - Premium Concentration och Memory Enhancers (60 kapslar) - JeaKen\" \/>\n<meta property=\"og:description\" content=\"Kraftfullt tillskott f\u00f6r \u00f6kat fokus, f\u00f6rb\u00e4ttrat minne och b\u00e4ttre hum\u00f6r. &nbsp; &nbsp;\" \/>\n<meta property=\"og:url\" content=\"https:\/\/jeaken.com\/sv\/produkt\/nootropics-cognitive-enchancer-premium-concentration-och-memory-enhancers-60-kapslar\/\" \/>\n<meta property=\"og:site_name\" content=\"JeaKen\" \/>\n<meta property=\"article:modified_time\" content=\"2022-09-08T14:51:14+00:00\" \/>\n<meta property=\"og:image\" content=\"https:\/\/jeaken.com\/wp-content\/uploads\/2022\/07\/71C1wDkeqPL._AC_SL1500_.jpg\" \/>\n\t<meta property=\"og:image:width\" content=\"600\" \/>\n\t<meta property=\"og:image:height\" content=\"600\" \/>\n\t<meta property=\"og:image:type\" content=\"image\/jpeg\" \/>\n<meta name=\"twitter:card\" content=\"summary_large_image\" \/>\n<meta name=\"twitter:label1\" content=\"Est. reading time\" \/>\n\t<meta name=\"twitter:data1\" content=\"1 minute\" \/>\n<script type=\"application\/ld+json\" class=\"yoast-schema-graph\">{\"@context\":\"https:\/\/schema.org\",\"@graph\":[{\"@type\":\"WebPage\",\"@id\":\"https:\/\/jeaken.com\/sv\/produkt\/nootropics-cognitive-enchancer-premium-concentration-och-memory-enhancers-60-kapslar\/\",\"url\":\"https:\/\/jeaken.com\/sv\/produkt\/nootropics-cognitive-enchancer-premium-concentration-och-memory-enhancers-60-kapslar\/\",\"name\":\"Nootropics Cognitive Enchancer - Premium Concentration och Memory Enhancers (60 kapslar) - JeaKen\",\"isPartOf\":{\"@id\":\"https:\/\/jeaken.com\/sv\/#website\"},\"primaryImageOfPage\":{\"@id\":\"https:\/\/jeaken.com\/sv\/produkt\/nootropics-cognitive-enchancer-premium-concentration-och-memory-enhancers-60-kapslar\/#primaryimage\"},\"image\":{\"@id\":\"https:\/\/jeaken.com\/sv\/produkt\/nootropics-cognitive-enchancer-premium-concentration-och-memory-enhancers-60-kapslar\/#primaryimage\"},\"thumbnailUrl\":\"https:\/\/jeaken.com\/wp-content\/uploads\/2022\/07\/71C1wDkeqPL._AC_SL1500_.jpg\",\"datePublished\":\"2022-07-21T18:18:16+00:00\",\"dateModified\":\"2022-09-08T14:51:14+00:00\",\"breadcrumb\":{\"@id\":\"https:\/\/jeaken.com\/sv\/produkt\/nootropics-cognitive-enchancer-premium-concentration-och-memory-enhancers-60-kapslar\/#breadcrumb\"},\"inLanguage\":\"sv-SE\",\"potentialAction\":[{\"@type\":\"ReadAction\",\"target\":[\"https:\/\/jeaken.com\/sv\/produkt\/nootropics-cognitive-enchancer-premium-concentration-och-memory-enhancers-60-kapslar\/\"]}]},{\"@type\":\"ImageObject\",\"inLanguage\":\"sv-SE\",\"@id\":\"https:\/\/jeaken.com\/sv\/produkt\/nootropics-cognitive-enchancer-premium-concentration-och-memory-enhancers-60-kapslar\/#primaryimage\",\"url\":\"https:\/\/jeaken.com\/wp-content\/uploads\/2022\/07\/71C1wDkeqPL._AC_SL1500_.jpg\",\"contentUrl\":\"https:\/\/jeaken.com\/wp-content\/uploads\/2022\/07\/71C1wDkeqPL._AC_SL1500_.jpg\",\"width\":600,\"height\":600,\"caption\":\"Nootropics Cognitive Enchancer - Premium Concentration and Memory Enhancers\"},{\"@type\":\"BreadcrumbList\",\"@id\":\"https:\/\/jeaken.com\/sv\/produkt\/nootropics-cognitive-enchancer-premium-concentration-och-memory-enhancers-60-kapslar\/#breadcrumb\",\"itemListElement\":[{\"@type\":\"ListItem\",\"position\":1,\"name\":\"Home\",\"item\":\"https:\/\/jeaken.com\/sv\/\"},{\"@type\":\"ListItem\",\"position\":2,\"name\":\"Private: Shop\",\"item\":\"https:\/\/jeaken.com\/shop\/\"},{\"@type\":\"ListItem\",\"position\":3,\"name\":\"Nootropics Cognitive Enchancer &#8211; Premium Concentration och Memory Enhancers (60 kapslar)\"}]},{\"@type\":\"WebSite\",\"@id\":\"https:\/\/jeaken.com\/sv\/#website\",\"url\":\"https:\/\/jeaken.com\/sv\/\",\"name\":\"JeaKen\",\"description\":\"Organic Supplements for Health, Fitness and Nutrition\",\"publisher\":{\"@id\":\"https:\/\/jeaken.com\/sv\/#organization\"},\"potentialAction\":[{\"@type\":\"SearchAction\",\"target\":{\"@type\":\"EntryPoint\",\"urlTemplate\":\"https:\/\/jeaken.com\/sv\/?s={search_term_string}\"},\"query-input\":\"required name=search_term_string\"}],\"inLanguage\":\"sv-SE\"},{\"@type\":\"Organization\",\"@id\":\"https:\/\/jeaken.com\/sv\/#organization\",\"name\":\"JeaKen\",\"url\":\"https:\/\/jeaken.com\/sv\/\",\"logo\":{\"@type\":\"ImageObject\",\"inLanguage\":\"sv-SE\",\"@id\":\"https:\/\/jeaken.com\/sv\/#\/schema\/logo\/image\/\",\"url\":\"https:\/\/jeaken.com\/wp-content\/uploads\/2022\/06\/jeaken-logo-23.png\",\"contentUrl\":\"https:\/\/jeaken.com\/wp-content\/uploads\/2022\/06\/jeaken-logo-23.png\",\"width\":2486,\"height\":736,\"caption\":\"JeaKen\"},\"image\":{\"@id\":\"https:\/\/jeaken.com\/sv\/#\/schema\/logo\/image\/\"}}]}<\/script>\n<!-- \/ Yoast SEO plugin. -->","yoast_head_json":{"title":"Nootropics Cognitive Enchancer - Premium Concentration och Memory Enhancers (60 kapslar) - JeaKen","robots":{"index":"index","follow":"follow","max-snippet":"max-snippet:-1","max-image-preview":"max-image-preview:large","max-video-preview":"max-video-preview:-1"},"canonical":"https:\/\/jeaken.com\/sv\/produkt\/nootropics-cognitive-enchancer-premium-concentration-och-memory-enhancers-60-kapslar\/","og_locale":"sv_SE","og_type":"article","og_title":"Nootropics Cognitive Enchancer - Premium Concentration och Memory Enhancers (60 kapslar) - JeaKen","og_description":"Kraftfullt tillskott f\u00f6r \u00f6kat fokus, f\u00f6rb\u00e4ttrat minne och b\u00e4ttre hum\u00f6r. &nbsp; &nbsp;","og_url":"https:\/\/jeaken.com\/sv\/produkt\/nootropics-cognitive-enchancer-premium-concentration-och-memory-enhancers-60-kapslar\/","og_site_name":"JeaKen","article_modified_time":"2022-09-08T14:51:14+00:00","og_image":[{"width":600,"height":600,"url":"https:\/\/jeaken.com\/wp-content\/uploads\/2022\/07\/71C1wDkeqPL._AC_SL1500_.jpg","type":"image\/jpeg"}],"twitter_card":"summary_large_image","twitter_misc":{"Est. reading time":"1 minute"},"schema":{"@context":"https:\/\/schema.org","@graph":[{"@type":"WebPage","@id":"https:\/\/jeaken.com\/sv\/produkt\/nootropics-cognitive-enchancer-premium-concentration-och-memory-enhancers-60-kapslar\/","url":"https:\/\/jeaken.com\/sv\/produkt\/nootropics-cognitive-enchancer-premium-concentration-och-memory-enhancers-60-kapslar\/","name":"Nootropics Cognitive Enchancer - Premium Concentration och Memory Enhancers (60 kapslar) - JeaKen","isPartOf":{"@id":"https:\/\/jeaken.com\/sv\/#website"},"primaryImageOfPage":{"@id":"https:\/\/jeaken.com\/sv\/produkt\/nootropics-cognitive-enchancer-premium-concentration-och-memory-enhancers-60-kapslar\/#primaryimage"},"image":{"@id":"https:\/\/jeaken.com\/sv\/produkt\/nootropics-cognitive-enchancer-premium-concentration-och-memory-enhancers-60-kapslar\/#primaryimage"},"thumbnailUrl":"https:\/\/jeaken.com\/wp-content\/uploads\/2022\/07\/71C1wDkeqPL._AC_SL1500_.jpg","datePublished":"2022-07-21T18:18:16+00:00","dateModified":"2022-09-08T14:51:14+00:00","breadcrumb":{"@id":"https:\/\/jeaken.com\/sv\/produkt\/nootropics-cognitive-enchancer-premium-concentration-och-memory-enhancers-60-kapslar\/#breadcrumb"},"inLanguage":"sv-SE","potentialAction":[{"@type":"ReadAction","target":["https:\/\/jeaken.com\/sv\/produkt\/nootropics-cognitive-enchancer-premium-concentration-och-memory-enhancers-60-kapslar\/"]}]},{"@type":"ImageObject","inLanguage":"sv-SE","@id":"https:\/\/jeaken.com\/sv\/produkt\/nootropics-cognitive-enchancer-premium-concentration-och-memory-enhancers-60-kapslar\/#primaryimage","url":"https:\/\/jeaken.com\/wp-content\/uploads\/2022\/07\/71C1wDkeqPL._AC_SL1500_.jpg","contentUrl":"https:\/\/jeaken.com\/wp-content\/uploads\/2022\/07\/71C1wDkeqPL._AC_SL1500_.jpg","width":600,"height":600,"caption":"Nootropics Cognitive Enchancer - Premium Concentration and Memory Enhancers"},{"@type":"BreadcrumbList","@id":"https:\/\/jeaken.com\/sv\/produkt\/nootropics-cognitive-enchancer-premium-concentration-och-memory-enhancers-60-kapslar\/#breadcrumb","itemListElement":[{"@type":"ListItem","position":1,"name":"Home","item":"https:\/\/jeaken.com\/sv\/"},{"@type":"ListItem","position":2,"name":"Private: Shop","item":"https:\/\/jeaken.com\/shop\/"},{"@type":"ListItem","position":3,"name":"Nootropics Cognitive Enchancer &#8211; Premium Concentration och Memory Enhancers (60 kapslar)"}]},{"@type":"WebSite","@id":"https:\/\/jeaken.com\/sv\/#website","url":"https:\/\/jeaken.com\/sv\/","name":"JeaKen","description":"Organic Supplements for Health, Fitness and Nutrition","publisher":{"@id":"https:\/\/jeaken.com\/sv\/#organization"},"potentialAction":[{"@type":"SearchAction","target":{"@type":"EntryPoint","urlTemplate":"https:\/\/jeaken.com\/sv\/?s={search_term_string}"},"query-input":"required name=search_term_string"}],"inLanguage":"sv-SE"},{"@type":"Organization","@id":"https:\/\/jeaken.com\/sv\/#organization","name":"JeaKen","url":"https:\/\/jeaken.com\/sv\/","logo":{"@type":"ImageObject","inLanguage":"sv-SE","@id":"https:\/\/jeaken.com\/sv\/#\/schema\/logo\/image\/","url":"https:\/\/jeaken.com\/wp-content\/uploads\/2022\/06\/jeaken-logo-23.png","contentUrl":"https:\/\/jeaken.com\/wp-content\/uploads\/2022\/06\/jeaken-logo-23.png","width":2486,"height":736,"caption":"JeaKen"},"image":{"@id":"https:\/\/jeaken.com\/sv\/#\/schema\/logo\/image\/"}}]}},"jetpack_sharing_enabled":true,"_links":{"self":[{"href":"https:\/\/jeaken.com\/sv\/wp-json\/wp\/v2\/product\/8799","targetHints":{"allow":["GET"]}}],"collection":[{"href":"https:\/\/jeaken.com\/sv\/wp-json\/wp\/v2\/product"}],"about":[{"href":"https:\/\/jeaken.com\/sv\/wp-json\/wp\/v2\/types\/product"}],"wp:featuredmedia":[{"embeddable":true,"href":"https:\/\/jeaken.com\/sv\/wp-json\/wp\/v2\/media\/3791"}],"wp:attachment":[{"href":"https:\/\/jeaken.com\/sv\/wp-json\/wp\/v2\/media?parent=8799"}],"wp:term":[{"taxonomy":"product_cat","embeddable":true,"href":"https:\/\/jeaken.com\/sv\/wp-json\/wp\/v2\/product_cat?post=8799"},{"taxonomy":"product_tag","embeddable":true,"href":"https:\/\/jeaken.com\/sv\/wp-json\/wp\/v2\/product_tag?post=8799"}],"curies":[{"name":"wp","href":"https:\/\/api.w.org\/{rel}","templated":true}]}}