{"id":8793,"date":"2022-07-21T19:18:16","date_gmt":"2022-07-21T18:18:16","guid":{"rendered":"https:\/product\/probiotika-med-prebiotika-90-kapslar\/"},"modified":"2022-09-08T13:30:45","modified_gmt":"2022-09-08T12:30:45","slug":"probiotika-med-prebiotika-90-kapslar","status":"publish","type":"product","link":"https:\/\/jeaken.com\/sv\/produkt\/probiotika-med-prebiotika-90-kapslar\/","title":{"rendered":"<strong>Probiotika med prebiotika &#8211; (90 kapslar)<strong>"},"content":{"rendered":"<p><strong>LINDRING AV UPPBL\u00c5STHET  <\/strong><\/p>\n<p>V\u00e5ra kapslar kommer fr\u00e5n probiotikafamiljen Lactobacillus, som \u00e4r den mest effektiva probiotika f\u00f6r att uppr\u00e4tth\u00e5lla ett h\u00e4lsosamt matsm\u00e4ltningssystem.<span class=\"a-list-item a-size-base\">  V\u00e5ra noggrant utvalda bakteriestammar \u00e4r bland de mest k\u00e4nda f\u00f6r att hj\u00e4lpa till att lindra k\u00e4nslan av uppbl\u00e5sthet och m\u00e4ttnad.  <\/span><\/p>\n<p><span class=\"a-list-item a-size-base\"><strong>6 AKTIVA STAMMAR MED 10 MILJARDER CFU PER PORTION<\/strong> <\/span><\/p>\n<p><span class=\"a-list-item a-size-base\">V\u00e5r komplexa probiotika inneh\u00e5ller de sex mest effektiva stammarna: lactobacillus acidophillus, lactobacillus rhamnosus, lactobacillus gasseri, bifidobacterium lactis, bifidobacterium bifidus och saccharomyces boullardii.<\/span><\/p>\n<p><strong>  \u00d6VERLEVER TACK VARE MAGSYRAN  <\/strong><\/p>\n<p>Saccharomyces boulardii \u00e4r en <span class=\"a-list-item a-size-base\">v\u00e4l utforskad och<\/span> internationellt erk\u00e4nd probiotisk bakterie som bevisligen \u00f6verlever magsyran och n\u00e5r tarmen levande.<\/p>\n<p><b>FLERA H\u00c4LSOF\u00d6RDELAR<\/b><\/p>\n<p>V\u00e5r innovativa formel \u00e4r f\u00f6rst\u00e4rkt med inulin, en prebiotisk fiber med kraftfulla h\u00e4lsof\u00f6rdelar, inklusive f\u00f6rb\u00e4ttrad immunitet, f\u00f6rb\u00e4ttrad r<span class=\"a-list-item\"><br \/>\n  <span class=\"a-size-base\">egularitet, b\u00e4ttre n<\/span><br \/>\n<\/span><span class=\"a-list-item\"><br \/>\n  <span class=\"a-size-base\">upptag av n\u00e4rings\u00e4mnen, viktminskning, f\u00f6rb\u00e4ttrad h\u00e4lsa i urinv\u00e4garna, f\u00f6rb\u00e4ttrade kolesterolniv\u00e5er och b\u00e4ttre \u00e4mnesoms\u00e4ttning.<\/span><br \/>\n<\/span><\/p>\n<p><strong>TILLVERKAD MED NATURLIGA INGREDIENSER.<\/strong><\/p>\n<p>V\u00e5ra veganv\u00e4nliga kapslar \u00e4r 100 % rena och naturliga med icke-GMO-inneh\u00e5ll.<\/p>\n","protected":false},"excerpt":{"rendered":"<p><b>Sex aktiva stammar av <span class=\"a-list-item a-size-base\"><br \/>\n  <strong>10 miljarder CFU per portion f\u00f6r <\/strong><br \/>\n<\/span>lindring av uppbl\u00e5sthet, tarmh\u00e4lsa och flera h\u00e4lsof\u00f6rdelar.  <\/b><\/p>\n","protected":false},"featured_media":15795,"template":"","meta":{"site-sidebar-layout":"default","site-content-layout":"default","ast-site-content-layout":"default","site-content-style":"default","site-sidebar-style":"default","ast-global-header-display":"","ast-banner-title-visibility":"","ast-main-header-display":"","ast-hfb-above-header-display":"","ast-hfb-below-header-display":"","ast-hfb-mobile-header-display":"","site-post-title":"","ast-breadcrumbs-content":"","ast-featured-img":"","footer-sml-layout":"","theme-transparent-header-meta":"default","adv-header-id-meta":"","stick-header-meta":"default","header-above-stick-meta":"","header-main-stick-meta":"","header-below-stick-meta":"","astra-migrate-meta-layouts":"default","ast-page-background-enabled":"default","ast-page-background-meta":{"desktop":{"background-color":"","background-image":"","background-repeat":"repeat","background-position":"center center","background-size":"auto","background-attachment":"scroll","background-type":"","background-media":"","overlay-type":"","overlay-color":"","overlay-opacity":"","overlay-gradient":""},"tablet":{"background-color":"","background-image":"","background-repeat":"repeat","background-position":"center center","background-size":"auto","background-attachment":"scroll","background-type":"","background-media":"","overlay-type":"","overlay-color":"","overlay-opacity":"","overlay-gradient":""},"mobile":{"background-color":"","background-image":"","background-repeat":"repeat","background-position":"center center","background-size":"auto","background-attachment":"scroll","background-type":"","background-media":"","overlay-type":"","overlay-color":"","overlay-opacity":"","overlay-gradient":""}},"ast-content-background-meta":{"desktop":{"background-color":"var(--ast-global-color-5)","background-image":"","background-repeat":"repeat","background-position":"center center","background-size":"auto","background-attachment":"scroll","background-type":"","background-media":"","overlay-type":"","overlay-color":"","overlay-opacity":"","overlay-gradient":""},"tablet":{"background-color":"var(--ast-global-color-5)","background-image":"","background-repeat":"repeat","background-position":"center center","background-size":"auto","background-attachment":"scroll","background-type":"","background-media":"","overlay-type":"","overlay-color":"","overlay-opacity":"","overlay-gradient":""},"mobile":{"background-color":"var(--ast-global-color-5)","background-image":"","background-repeat":"repeat","background-position":"center center","background-size":"auto","background-attachment":"scroll","background-type":"","background-media":"","overlay-type":"","overlay-color":"","overlay-opacity":"","overlay-gradient":""}}},"product_cat":[680,679],"product_tag":[1716,1724,1728,1730,1721,1732,1734,1742,1741,1738,1736,1743],"class_list":{"0":"post-8793","1":"product","2":"type-product","3":"status-publish","4":"has-post-thumbnail","6":"product_cat-lindring-av-uppblasthet","7":"product_cat-matsmaltningshalsa","8":"product_tag-acidophilus-kapslar","9":"product_tag-candida-behandling","10":"product_tag-halsa-i-tarmen","11":"product_tag-lactobacillus-rhamnosus-sv","12":"product_tag-lindring-av-uppblasthet","13":"product_tag-prebiotika-for-vuxna","14":"product_tag-pro-biotics-kapslar","15":"product_tag-probiotika-for-kvinnor","16":"product_tag-probiotika-for-vuxna","17":"product_tag-probiotiska-tabletter","18":"product_tag-probiotiskt-tillagg","19":"product_tag-trost-tabletter","20":"has-subscription-plans","21":"desktop-align-left","22":"tablet-align-left","23":"mobile-align-left","25":"first","26":"instock","27":"sale","28":"taxable","29":"shipping-taxable","30":"purchasable","31":"product-type-simple"},"yoast_head":"<!-- This site is optimized with the Yoast SEO plugin v22.7 - https:\/\/yoast.com\/wordpress\/plugins\/seo\/ -->\n<title>Probiotika med prebiotika - (90 kapslar) - JeaKen<\/title>\n<meta name=\"robots\" content=\"index, follow, max-snippet:-1, max-image-preview:large, max-video-preview:-1\" \/>\n<link rel=\"canonical\" href=\"https:\/\/jeaken.com\/sv\/produkt\/probiotika-med-prebiotika-90-kapslar\/\" \/>\n<meta property=\"og:locale\" content=\"sv_SE\" \/>\n<meta property=\"og:type\" content=\"article\" \/>\n<meta property=\"og:title\" content=\"Probiotika med prebiotika - (90 kapslar) - JeaKen\" \/>\n<meta property=\"og:description\" content=\"Sex aktiva stammar av  10 miljarder CFU per portion f\u00f6r lindring av uppbl\u00e5sthet, tarmh\u00e4lsa och flera h\u00e4lsof\u00f6rdelar.\" \/>\n<meta property=\"og:url\" content=\"https:\/\/jeaken.com\/sv\/produkt\/probiotika-med-prebiotika-90-kapslar\/\" \/>\n<meta property=\"og:site_name\" content=\"JeaKen\" \/>\n<meta property=\"article:modified_time\" content=\"2022-09-08T12:30:45+00:00\" \/>\n<meta property=\"og:image\" content=\"https:\/\/jeaken.com\/wp-content\/uploads\/2022\/07\/Probiotics-90-1.jpg\" \/>\n\t<meta property=\"og:image:width\" content=\"512\" \/>\n\t<meta property=\"og:image:height\" content=\"600\" \/>\n\t<meta property=\"og:image:type\" content=\"image\/jpeg\" \/>\n<meta name=\"twitter:card\" content=\"summary_large_image\" \/>\n<meta name=\"twitter:label1\" content=\"Est. reading time\" \/>\n\t<meta name=\"twitter:data1\" content=\"1 minute\" \/>\n<script type=\"application\/ld+json\" class=\"yoast-schema-graph\">{\"@context\":\"https:\/\/schema.org\",\"@graph\":[{\"@type\":\"WebPage\",\"@id\":\"https:\/\/jeaken.com\/sv\/produkt\/probiotika-med-prebiotika-90-kapslar\/\",\"url\":\"https:\/\/jeaken.com\/sv\/produkt\/probiotika-med-prebiotika-90-kapslar\/\",\"name\":\"Probiotika med prebiotika - (90 kapslar) - JeaKen\",\"isPartOf\":{\"@id\":\"https:\/\/jeaken.com\/sv\/#website\"},\"primaryImageOfPage\":{\"@id\":\"https:\/\/jeaken.com\/sv\/produkt\/probiotika-med-prebiotika-90-kapslar\/#primaryimage\"},\"image\":{\"@id\":\"https:\/\/jeaken.com\/sv\/produkt\/probiotika-med-prebiotika-90-kapslar\/#primaryimage\"},\"thumbnailUrl\":\"https:\/\/jeaken.com\/wp-content\/uploads\/2022\/07\/Probiotics-90-1.jpg\",\"datePublished\":\"2022-07-21T18:18:16+00:00\",\"dateModified\":\"2022-09-08T12:30:45+00:00\",\"breadcrumb\":{\"@id\":\"https:\/\/jeaken.com\/sv\/produkt\/probiotika-med-prebiotika-90-kapslar\/#breadcrumb\"},\"inLanguage\":\"sv-SE\",\"potentialAction\":[{\"@type\":\"ReadAction\",\"target\":[\"https:\/\/jeaken.com\/sv\/produkt\/probiotika-med-prebiotika-90-kapslar\/\"]}]},{\"@type\":\"ImageObject\",\"inLanguage\":\"sv-SE\",\"@id\":\"https:\/\/jeaken.com\/sv\/produkt\/probiotika-med-prebiotika-90-kapslar\/#primaryimage\",\"url\":\"https:\/\/jeaken.com\/wp-content\/uploads\/2022\/07\/Probiotics-90-1.jpg\",\"contentUrl\":\"https:\/\/jeaken.com\/wp-content\/uploads\/2022\/07\/Probiotics-90-1.jpg\",\"width\":512,\"height\":600,\"caption\":\"6 Strains Probiotics with Prebiotics\"},{\"@type\":\"BreadcrumbList\",\"@id\":\"https:\/\/jeaken.com\/sv\/produkt\/probiotika-med-prebiotika-90-kapslar\/#breadcrumb\",\"itemListElement\":[{\"@type\":\"ListItem\",\"position\":1,\"name\":\"Home\",\"item\":\"https:\/\/jeaken.com\/sv\/\"},{\"@type\":\"ListItem\",\"position\":2,\"name\":\"Private: Shop\",\"item\":\"https:\/\/jeaken.com\/shop\/\"},{\"@type\":\"ListItem\",\"position\":3,\"name\":\"Probiotika med prebiotika &#8211; (90 kapslar)\"}]},{\"@type\":\"WebSite\",\"@id\":\"https:\/\/jeaken.com\/sv\/#website\",\"url\":\"https:\/\/jeaken.com\/sv\/\",\"name\":\"JeaKen\",\"description\":\"Organic Supplements for Health, Fitness and Nutrition\",\"publisher\":{\"@id\":\"https:\/\/jeaken.com\/sv\/#organization\"},\"potentialAction\":[{\"@type\":\"SearchAction\",\"target\":{\"@type\":\"EntryPoint\",\"urlTemplate\":\"https:\/\/jeaken.com\/sv\/?s={search_term_string}\"},\"query-input\":\"required name=search_term_string\"}],\"inLanguage\":\"sv-SE\"},{\"@type\":\"Organization\",\"@id\":\"https:\/\/jeaken.com\/sv\/#organization\",\"name\":\"JeaKen\",\"url\":\"https:\/\/jeaken.com\/sv\/\",\"logo\":{\"@type\":\"ImageObject\",\"inLanguage\":\"sv-SE\",\"@id\":\"https:\/\/jeaken.com\/sv\/#\/schema\/logo\/image\/\",\"url\":\"https:\/\/jeaken.com\/wp-content\/uploads\/2022\/06\/jeaken-logo-23.png\",\"contentUrl\":\"https:\/\/jeaken.com\/wp-content\/uploads\/2022\/06\/jeaken-logo-23.png\",\"width\":2486,\"height\":736,\"caption\":\"JeaKen\"},\"image\":{\"@id\":\"https:\/\/jeaken.com\/sv\/#\/schema\/logo\/image\/\"}}]}<\/script>\n<!-- \/ Yoast SEO plugin. -->","yoast_head_json":{"title":"Probiotika med prebiotika - (90 kapslar) - JeaKen","robots":{"index":"index","follow":"follow","max-snippet":"max-snippet:-1","max-image-preview":"max-image-preview:large","max-video-preview":"max-video-preview:-1"},"canonical":"https:\/\/jeaken.com\/sv\/produkt\/probiotika-med-prebiotika-90-kapslar\/","og_locale":"sv_SE","og_type":"article","og_title":"Probiotika med prebiotika - (90 kapslar) - JeaKen","og_description":"Sex aktiva stammar av  10 miljarder CFU per portion f\u00f6r lindring av uppbl\u00e5sthet, tarmh\u00e4lsa och flera h\u00e4lsof\u00f6rdelar.","og_url":"https:\/\/jeaken.com\/sv\/produkt\/probiotika-med-prebiotika-90-kapslar\/","og_site_name":"JeaKen","article_modified_time":"2022-09-08T12:30:45+00:00","og_image":[{"width":512,"height":600,"url":"https:\/\/jeaken.com\/wp-content\/uploads\/2022\/07\/Probiotics-90-1.jpg","type":"image\/jpeg"}],"twitter_card":"summary_large_image","twitter_misc":{"Est. reading time":"1 minute"},"schema":{"@context":"https:\/\/schema.org","@graph":[{"@type":"WebPage","@id":"https:\/\/jeaken.com\/sv\/produkt\/probiotika-med-prebiotika-90-kapslar\/","url":"https:\/\/jeaken.com\/sv\/produkt\/probiotika-med-prebiotika-90-kapslar\/","name":"Probiotika med prebiotika - (90 kapslar) - JeaKen","isPartOf":{"@id":"https:\/\/jeaken.com\/sv\/#website"},"primaryImageOfPage":{"@id":"https:\/\/jeaken.com\/sv\/produkt\/probiotika-med-prebiotika-90-kapslar\/#primaryimage"},"image":{"@id":"https:\/\/jeaken.com\/sv\/produkt\/probiotika-med-prebiotika-90-kapslar\/#primaryimage"},"thumbnailUrl":"https:\/\/jeaken.com\/wp-content\/uploads\/2022\/07\/Probiotics-90-1.jpg","datePublished":"2022-07-21T18:18:16+00:00","dateModified":"2022-09-08T12:30:45+00:00","breadcrumb":{"@id":"https:\/\/jeaken.com\/sv\/produkt\/probiotika-med-prebiotika-90-kapslar\/#breadcrumb"},"inLanguage":"sv-SE","potentialAction":[{"@type":"ReadAction","target":["https:\/\/jeaken.com\/sv\/produkt\/probiotika-med-prebiotika-90-kapslar\/"]}]},{"@type":"ImageObject","inLanguage":"sv-SE","@id":"https:\/\/jeaken.com\/sv\/produkt\/probiotika-med-prebiotika-90-kapslar\/#primaryimage","url":"https:\/\/jeaken.com\/wp-content\/uploads\/2022\/07\/Probiotics-90-1.jpg","contentUrl":"https:\/\/jeaken.com\/wp-content\/uploads\/2022\/07\/Probiotics-90-1.jpg","width":512,"height":600,"caption":"6 Strains Probiotics with Prebiotics"},{"@type":"BreadcrumbList","@id":"https:\/\/jeaken.com\/sv\/produkt\/probiotika-med-prebiotika-90-kapslar\/#breadcrumb","itemListElement":[{"@type":"ListItem","position":1,"name":"Home","item":"https:\/\/jeaken.com\/sv\/"},{"@type":"ListItem","position":2,"name":"Private: Shop","item":"https:\/\/jeaken.com\/shop\/"},{"@type":"ListItem","position":3,"name":"Probiotika med prebiotika &#8211; (90 kapslar)"}]},{"@type":"WebSite","@id":"https:\/\/jeaken.com\/sv\/#website","url":"https:\/\/jeaken.com\/sv\/","name":"JeaKen","description":"Organic Supplements for Health, Fitness and Nutrition","publisher":{"@id":"https:\/\/jeaken.com\/sv\/#organization"},"potentialAction":[{"@type":"SearchAction","target":{"@type":"EntryPoint","urlTemplate":"https:\/\/jeaken.com\/sv\/?s={search_term_string}"},"query-input":"required name=search_term_string"}],"inLanguage":"sv-SE"},{"@type":"Organization","@id":"https:\/\/jeaken.com\/sv\/#organization","name":"JeaKen","url":"https:\/\/jeaken.com\/sv\/","logo":{"@type":"ImageObject","inLanguage":"sv-SE","@id":"https:\/\/jeaken.com\/sv\/#\/schema\/logo\/image\/","url":"https:\/\/jeaken.com\/wp-content\/uploads\/2022\/06\/jeaken-logo-23.png","contentUrl":"https:\/\/jeaken.com\/wp-content\/uploads\/2022\/06\/jeaken-logo-23.png","width":2486,"height":736,"caption":"JeaKen"},"image":{"@id":"https:\/\/jeaken.com\/sv\/#\/schema\/logo\/image\/"}}]}},"jetpack_sharing_enabled":true,"_links":{"self":[{"href":"https:\/\/jeaken.com\/sv\/wp-json\/wp\/v2\/product\/8793","targetHints":{"allow":["GET"]}}],"collection":[{"href":"https:\/\/jeaken.com\/sv\/wp-json\/wp\/v2\/product"}],"about":[{"href":"https:\/\/jeaken.com\/sv\/wp-json\/wp\/v2\/types\/product"}],"wp:featuredmedia":[{"embeddable":true,"href":"https:\/\/jeaken.com\/sv\/wp-json\/wp\/v2\/media\/15795"}],"wp:attachment":[{"href":"https:\/\/jeaken.com\/sv\/wp-json\/wp\/v2\/media?parent=8793"}],"wp:term":[{"taxonomy":"product_cat","embeddable":true,"href":"https:\/\/jeaken.com\/sv\/wp-json\/wp\/v2\/product_cat?post=8793"},{"taxonomy":"product_tag","embeddable":true,"href":"https:\/\/jeaken.com\/sv\/wp-json\/wp\/v2\/product_tag?post=8793"}],"curies":[{"name":"wp","href":"https:\/\/api.w.org\/{rel}","templated":true}]}}