{"id":6951,"date":"2022-07-21T19:18:16","date_gmt":"2022-07-21T18:18:16","guid":{"rendered":"https:\/1658920591610?product=aloe-retinal-face-serum-med-hog-styrka-premium-quality-natural-anti-wrinkle-cream-50ml"},"modified":"2022-08-09T15:17:44","modified_gmt":"2022-08-09T14:17:44","slug":"aloe-retinal-face-serum-med-hog-styrka-premium-quality-natural-anti-wrinkle-cream-50ml","status":"publish","type":"product","link":"https:\/\/jeaken.com\/sv\/produkt\/aloe-retinal-face-serum-med-hog-styrka-premium-quality-natural-anti-wrinkle-cream-50ml\/","title":{"rendered":"Aloe Retinal Face Serum med h\u00f6g styrka &#8211; Premium Quality Natural Anti-Wrinkle Cream (50ml)"},"content":{"rendered":"<ul class=\"a-unordered-list a-vertical a-spacing-none\">\n<li><span class=\"a-list-item\">\u2705 ADVANCED ANTI-AGING FORMULA &#8211; JeaKen retinol face serum, en opak gel inneh\u00e5ller extrakt av passionsfrukt och gr\u00f6nt te f\u00f6r extra anti-ageing egenskaper f\u00f6r torr hud, tr\u00e5kig eller tr\u00f6tt hud, hj\u00e4lper till att sudda ut fina linjer och j\u00e4mnar ut rynkor &#8211; vilket g\u00f6r det till det ultimata anti aging retinol serumet!<\/span><\/li>\n<li><span class=\"a-list-item\">\u2705 LIFT OCH BRIGHTEN SKIN &#8211; \u00c4r du tr\u00f6tt p\u00e5 att f\u00f6rs\u00f6ka med ansiktsserum utan resultat? Skaffa Aloe retinol face serum fr\u00e5n JeaKen och bli f\u00f6rv\u00e5nad \u00f6ver hur annorlunda din hud kommer att se ut inom n\u00e5gra dagar efter anv\u00e4ndning. Denna naturliga formula inneh\u00e5ller frukt- och v\u00e4xtextrakt f\u00f6r att lyfta och ljusa upp huden.<\/span><\/li>\n<li><span class=\"a-list-item\">\u2705 PURE ACTIVE RETINOL PROTECTION &#8211; V\u00e5rt retinolserum med h\u00f6g styrka f\u00f6r ansiktet inneh\u00e5ller avokadoolja, en rik k\u00e4lla till retinol och betakaroten, och arganolja som ger huden n\u00e4ring med viktiga n\u00e4rings\u00e4mnen som hj\u00e4lper till att f\u00f6rebygga rynkor. Retinol face serum verkar p\u00e5 en extrem niv\u00e5 f\u00f6r att reparera huden och stimulera kollagenet, vilket sedan resulterar i fastare, sl\u00e4tare och rynkfri hud.<\/span><\/li>\n<li><span class=\"a-list-item\">\u2705 NATURLIGA INGREDIENSER &#8211; v\u00e5rt retinolserum \u00e4r fritt fr\u00e5n parabener och alkohol. De aktiva ingredienserna i v\u00e5rt serum arbetar i synergi med din hud. Detta potenta retinol ansiktsserum, som \u00e4r tillverkat av naturliga ingredienser och rivaliserar med de dyraste anti age-serumen fr\u00e5n stora m\u00e4rken, kommer att framh\u00e4va sk\u00f6nheten p\u00e5 ett naturligt s\u00e4tt.<\/span><\/li>\n<li><span class=\"a-list-item\">\u2705 TILLF\u00c4LLSGARANTI &#8211; Vi \u00e4r s\u00e5 \u00f6vertygade om att du kommer att \u00e4lska v\u00e5rt retinolserum med h\u00f6g styrka f\u00f6r ansiktet att vi garanterar att du f\u00e5r pengarna tillbaka om du inte \u00e4r helt n\u00f6jd.<\/span><\/li>\n<\/ul>\n","protected":false},"excerpt":{"rendered":"<p><strong>  ALOE RETINOL FACIAL SERUM By JeaKen &#8230;<\/strong><\/p>\n<p><strong>Vill du lyfta och ljusa upp din hud f\u00f6r att f\u00f6rebygga rynkor och \u00e5ldrande av huden?<\/strong><\/p>\n<p>D\u00e5 beh\u00f6ver du inte leta l\u00e4ngre &#8211; ALOE RETINOL FACIAL SERUM By JeaKen \u00e4r perfekt f\u00f6r dig!<\/p>\n<p><strong>  Varf\u00f6r v\u00e4lja ALOE RETINOL FACIAL SERUM By JeaKen?<\/strong><\/p>\n<p>V\u00e5ra formler \u00e4r helt unika Arbeta f\u00f6r att motverka tecken p\u00e5 \u00e5ldrande och solskador, Retinol Serum hj\u00e4lper din hud att ers\u00e4tta gamla, d\u00f6da celler med nya, fr\u00e4scha celler f\u00f6r att ge ditt ansikte en ungdomlig kvalitet. Jeaken Retinol Skin Serum \u00e4r en potent kombination av n\u00e5gra av de b\u00e4sta anti-\u00e5ldersingredienser som vetenskapen k\u00e4nner till.<\/p>\n<p>Vi har lagt stor vikt vid att skapa och utveckla naturliga formler genom att v\u00e4lja ut varje botanisk produkt f\u00f6r dess riktade f\u00f6rdelar f\u00f6r huden. Denna unika och konstfullt utformade kombination av ingredienser \u00e4r inte tillg\u00e4nglig n\u00e5gon annanstans.<\/p>\n<p><strong>VIKTIGA F\u00d6RDELAR:<\/strong><\/p>\n<ul>\n<li>Lyft och ljusa upp huden<\/li>\n<li>F\u00f6rb\u00e4ttrar hudens elasticitet och struktur genom att s\u00e4kra fukt.<\/li>\n<li>Mjukg\u00f6r, ljusar upp och f\u00f6rb\u00e4ttrar den totala hyenan.<\/li>\n<li>\u00d6kar celloms\u00e4ttningen och kollagenproduktionen och f\u00f6rb\u00e4ttrar hudtonen.<\/li>\n<li>F\u00f6rb\u00e4ttrar synligheten av fina linjer och rynkor.<\/li>\n<\/ul>\n<p><strong>BRUKSANVISNINGAR<\/strong><\/p>\n<p>Torka ansiktet l\u00e4tt med en varm, fuktig handduk. Applicera f\u00f6rsiktigt produkten p\u00e5 rengjord hud och blanda in den tills den absorberats helt och h\u00e5llet. Efter applicering, knacka f\u00f6rsiktigt p\u00e5 ansiktet med fingertopparna f\u00f6r att uppmuntra serumet att tr\u00e4nga in i de djupaste hudlagren&#8230;<\/p>\n<p><strong>K\u00d6P DET NU  <\/strong><\/p>\n<p><strong>Klicka p\u00e5 &#8220;L\u00e4gg till i vagnen&#8221; nu, s\u00e5 l\u00e4nge det finns kvar!<\/strong><\/p>\n","protected":false},"featured_media":3471,"template":"","meta":{"site-sidebar-layout":"default","site-content-layout":"default","ast-site-content-layout":"default","site-content-style":"default","site-sidebar-style":"default","ast-global-header-display":"","ast-banner-title-visibility":"","ast-main-header-display":"","ast-hfb-above-header-display":"","ast-hfb-below-header-display":"","ast-hfb-mobile-header-display":"","site-post-title":"","ast-breadcrumbs-content":"","ast-featured-img":"","footer-sml-layout":"","theme-transparent-header-meta":"default","adv-header-id-meta":"","stick-header-meta":"default","header-above-stick-meta":"","header-main-stick-meta":"","header-below-stick-meta":"","astra-migrate-meta-layouts":"default","ast-page-background-enabled":"default","ast-page-background-meta":{"desktop":{"background-color":"","background-image":"","background-repeat":"repeat","background-position":"center center","background-size":"auto","background-attachment":"scroll","background-type":"","background-media":"","overlay-type":"","overlay-color":"","overlay-opacity":"","overlay-gradient":""},"tablet":{"background-color":"","background-image":"","background-repeat":"repeat","background-position":"center center","background-size":"auto","background-attachment":"scroll","background-type":"","background-media":"","overlay-type":"","overlay-color":"","overlay-opacity":"","overlay-gradient":""},"mobile":{"background-color":"","background-image":"","background-repeat":"repeat","background-position":"center center","background-size":"auto","background-attachment":"scroll","background-type":"","background-media":"","overlay-type":"","overlay-color":"","overlay-opacity":"","overlay-gradient":""}},"ast-content-background-meta":{"desktop":{"background-color":"var(--ast-global-color-5)","background-image":"","background-repeat":"repeat","background-position":"center center","background-size":"auto","background-attachment":"scroll","background-type":"","background-media":"","overlay-type":"","overlay-color":"","overlay-opacity":"","overlay-gradient":""},"tablet":{"background-color":"var(--ast-global-color-5)","background-image":"","background-repeat":"repeat","background-position":"center center","background-size":"auto","background-attachment":"scroll","background-type":"","background-media":"","overlay-type":"","overlay-color":"","overlay-opacity":"","overlay-gradient":""},"mobile":{"background-color":"var(--ast-global-color-5)","background-image":"","background-repeat":"repeat","background-position":"center center","background-size":"auto","background-attachment":"scroll","background-type":"","background-media":"","overlay-type":"","overlay-color":"","overlay-opacity":"","overlay-gradient":""}}},"product_cat":[554,1637,515],"product_tag":[1639,1638,1647,1649,1646,1640,1643,1642,1644,1645,1641,1648],"class_list":{"0":"post-6951","1":"product","2":"type-product","3":"status-publish","4":"has-post-thumbnail","6":"product_cat-anti-aging-sv","7":"product_cat-hudvard","8":"product_cat-naturlig-skonhet","9":"product_tag-anti-rynka","10":"product_tag-behandling-av-akne","11":"product_tag-den-vanliga-retinolen","12":"product_tag-e-vitaminolja-for-ansiktet","13":"product_tag-hudljusande-kram-for-mork-hud","14":"product_tag-kram-mot-rynkor","15":"product_tag-retinol-face-serum-sv","16":"product_tag-retinol-kram-ansikte","17":"product_tag-retinol-serum-sv","18":"product_tag-retinol-serum-hog-styrka-for-ansiktet","19":"product_tag-retinolkram","20":"product_tag-tretinokram","21":"has-subscription-plans","22":"desktop-align-left","23":"tablet-align-left","24":"mobile-align-left","26":"first","27":"onbackorder","28":"taxable","29":"shipping-taxable","30":"purchasable","31":"product-type-simple"},"yoast_head":"<!-- This site is optimized with the Yoast SEO plugin v22.7 - https:\/\/yoast.com\/wordpress\/plugins\/seo\/ -->\n<title>Aloe Retinal Face Serum med h\u00f6g styrka - Premium Quality Natural Anti-Wrinkle Cream (50ml) - JeaKen<\/title>\n<meta name=\"robots\" content=\"index, follow, max-snippet:-1, max-image-preview:large, max-video-preview:-1\" \/>\n<link rel=\"canonical\" href=\"https:\/\/jeaken.com\/sv\/produkt\/aloe-retinal-face-serum-med-hog-styrka-premium-quality-natural-anti-wrinkle-cream-50ml\/\" \/>\n<meta property=\"og:locale\" content=\"sv_SE\" \/>\n<meta property=\"og:type\" content=\"article\" \/>\n<meta property=\"og:title\" content=\"Aloe Retinal Face Serum med h\u00f6g styrka - Premium Quality Natural Anti-Wrinkle Cream (50ml) - JeaKen\" \/>\n<meta property=\"og:description\" content=\"ALOE RETINOL FACIAL SERUM By JeaKen ... Vill du lyfta och ljusa upp din hud f\u00f6r att f\u00f6rebygga rynkor och \u00e5ldrande av huden? D\u00e5 beh\u00f6ver du inte leta l\u00e4ngre - ALOE RETINOL FACIAL SERUM By JeaKen \u00e4r perfekt f\u00f6r dig!  Varf\u00f6r v\u00e4lja ALOE RETINOL FACIAL SERUM By JeaKen? V\u00e5ra formler \u00e4r helt unika Arbeta f\u00f6r att motverka tecken p\u00e5 \u00e5ldrande och solskador, Retinol Serum hj\u00e4lper din hud att ers\u00e4tta gamla, d\u00f6da celler med nya, fr\u00e4scha celler f\u00f6r att ge ditt ansikte en ungdomlig kvalitet. Jeaken Retinol Skin Serum \u00e4r en potent kombination av n\u00e5gra av de b\u00e4sta anti-\u00e5ldersingredienser som vetenskapen k\u00e4nner till. Vi har lagt stor vikt vid att skapa och utveckla naturliga formler genom att v\u00e4lja ut varje botanisk produkt f\u00f6r dess riktade f\u00f6rdelar f\u00f6r huden. Denna unika och konstfullt utformade kombination av ingredienser \u00e4r inte tillg\u00e4nglig n\u00e5gon annanstans. VIKTIGA F\u00d6RDELAR:  Lyft och ljusa upp huden  F\u00f6rb\u00e4ttrar hudens elasticitet och struktur genom att s\u00e4kra fukt.  Mjukg\u00f6r, ljusar upp och f\u00f6rb\u00e4ttrar den totala hyenan.  \u00d6kar celloms\u00e4ttningen och kollagenproduktionen och f\u00f6rb\u00e4ttrar hudtonen.  F\u00f6rb\u00e4ttrar synligheten av fina linjer och rynkor. BRUKSANVISNINGAR Torka ansiktet l\u00e4tt med en varm, fuktig handduk. Applicera f\u00f6rsiktigt produkten p\u00e5 rengjord hud och blanda in den tills den absorberats helt och h\u00e5llet. Efter applicering, knacka f\u00f6rsiktigt p\u00e5 ansiktet med fingertopparna f\u00f6r att uppmuntra serumet att tr\u00e4nga in i de djupaste hudlagren... K\u00d6P DET NU  Klicka p\u00e5 &quot;L\u00e4gg till i vagnen&quot; nu, s\u00e5 l\u00e4nge det finns kvar!\" \/>\n<meta property=\"og:url\" content=\"https:\/\/jeaken.com\/sv\/produkt\/aloe-retinal-face-serum-med-hog-styrka-premium-quality-natural-anti-wrinkle-cream-50ml\/\" \/>\n<meta property=\"og:site_name\" content=\"JeaKen\" \/>\n<meta property=\"article:modified_time\" content=\"2022-08-09T14:17:44+00:00\" \/>\n<meta property=\"og:image\" content=\"https:\/\/jeaken.com\/wp-content\/uploads\/2022\/07\/61g28VXACL._AC_SL1500_.jpg\" \/>\n\t<meta property=\"og:image:width\" content=\"600\" \/>\n\t<meta property=\"og:image:height\" content=\"600\" \/>\n\t<meta property=\"og:image:type\" content=\"image\/jpeg\" \/>\n<meta name=\"twitter:card\" content=\"summary_large_image\" \/>\n<meta name=\"twitter:label1\" content=\"Est. reading time\" \/>\n\t<meta name=\"twitter:data1\" content=\"1 minute\" \/>\n<script type=\"application\/ld+json\" class=\"yoast-schema-graph\">{\"@context\":\"https:\/\/schema.org\",\"@graph\":[{\"@type\":\"WebPage\",\"@id\":\"https:\/\/jeaken.com\/sv\/produkt\/aloe-retinal-face-serum-med-hog-styrka-premium-quality-natural-anti-wrinkle-cream-50ml\/\",\"url\":\"https:\/\/jeaken.com\/sv\/produkt\/aloe-retinal-face-serum-med-hog-styrka-premium-quality-natural-anti-wrinkle-cream-50ml\/\",\"name\":\"Aloe Retinal Face Serum med h\u00f6g styrka - Premium Quality Natural Anti-Wrinkle Cream (50ml) - JeaKen\",\"isPartOf\":{\"@id\":\"https:\/\/jeaken.com\/sv\/#website\"},\"primaryImageOfPage\":{\"@id\":\"https:\/\/jeaken.com\/sv\/produkt\/aloe-retinal-face-serum-med-hog-styrka-premium-quality-natural-anti-wrinkle-cream-50ml\/#primaryimage\"},\"image\":{\"@id\":\"https:\/\/jeaken.com\/sv\/produkt\/aloe-retinal-face-serum-med-hog-styrka-premium-quality-natural-anti-wrinkle-cream-50ml\/#primaryimage\"},\"thumbnailUrl\":\"https:\/\/jeaken.com\/wp-content\/uploads\/2022\/07\/61g28VXACL._AC_SL1500_.jpg\",\"datePublished\":\"2022-07-21T18:18:16+00:00\",\"dateModified\":\"2022-08-09T14:17:44+00:00\",\"breadcrumb\":{\"@id\":\"https:\/\/jeaken.com\/sv\/produkt\/aloe-retinal-face-serum-med-hog-styrka-premium-quality-natural-anti-wrinkle-cream-50ml\/#breadcrumb\"},\"inLanguage\":\"sv-SE\",\"potentialAction\":[{\"@type\":\"ReadAction\",\"target\":[\"https:\/\/jeaken.com\/sv\/produkt\/aloe-retinal-face-serum-med-hog-styrka-premium-quality-natural-anti-wrinkle-cream-50ml\/\"]}]},{\"@type\":\"ImageObject\",\"inLanguage\":\"sv-SE\",\"@id\":\"https:\/\/jeaken.com\/sv\/produkt\/aloe-retinal-face-serum-med-hog-styrka-premium-quality-natural-anti-wrinkle-cream-50ml\/#primaryimage\",\"url\":\"https:\/\/jeaken.com\/wp-content\/uploads\/2022\/07\/61g28VXACL._AC_SL1500_.jpg\",\"contentUrl\":\"https:\/\/jeaken.com\/wp-content\/uploads\/2022\/07\/61g28VXACL._AC_SL1500_.jpg\",\"width\":600,\"height\":600,\"caption\":\"High-Strength Aloe Retinol Face Serum - Premium Quality Natural Anti-Wrinkle Cream\"},{\"@type\":\"BreadcrumbList\",\"@id\":\"https:\/\/jeaken.com\/sv\/produkt\/aloe-retinal-face-serum-med-hog-styrka-premium-quality-natural-anti-wrinkle-cream-50ml\/#breadcrumb\",\"itemListElement\":[{\"@type\":\"ListItem\",\"position\":1,\"name\":\"Home\",\"item\":\"https:\/\/jeaken.com\/sv\/\"},{\"@type\":\"ListItem\",\"position\":2,\"name\":\"Private: Shop\",\"item\":\"https:\/\/jeaken.com\/shop\/\"},{\"@type\":\"ListItem\",\"position\":3,\"name\":\"Aloe Retinal Face Serum med h\u00f6g styrka &#8211; Premium Quality Natural Anti-Wrinkle Cream (50ml)\"}]},{\"@type\":\"WebSite\",\"@id\":\"https:\/\/jeaken.com\/sv\/#website\",\"url\":\"https:\/\/jeaken.com\/sv\/\",\"name\":\"JeaKen\",\"description\":\"Organic Supplements for Health, Fitness and Nutrition\",\"publisher\":{\"@id\":\"https:\/\/jeaken.com\/sv\/#organization\"},\"potentialAction\":[{\"@type\":\"SearchAction\",\"target\":{\"@type\":\"EntryPoint\",\"urlTemplate\":\"https:\/\/jeaken.com\/sv\/?s={search_term_string}\"},\"query-input\":\"required name=search_term_string\"}],\"inLanguage\":\"sv-SE\"},{\"@type\":\"Organization\",\"@id\":\"https:\/\/jeaken.com\/sv\/#organization\",\"name\":\"JeaKen\",\"url\":\"https:\/\/jeaken.com\/sv\/\",\"logo\":{\"@type\":\"ImageObject\",\"inLanguage\":\"sv-SE\",\"@id\":\"https:\/\/jeaken.com\/sv\/#\/schema\/logo\/image\/\",\"url\":\"https:\/\/jeaken.com\/wp-content\/uploads\/2022\/06\/jeaken-logo-23.png\",\"contentUrl\":\"https:\/\/jeaken.com\/wp-content\/uploads\/2022\/06\/jeaken-logo-23.png\",\"width\":2486,\"height\":736,\"caption\":\"JeaKen\"},\"image\":{\"@id\":\"https:\/\/jeaken.com\/sv\/#\/schema\/logo\/image\/\"}}]}<\/script>\n<!-- \/ Yoast SEO plugin. -->","yoast_head_json":{"title":"Aloe Retinal Face Serum med h\u00f6g styrka - Premium Quality Natural Anti-Wrinkle Cream (50ml) - JeaKen","robots":{"index":"index","follow":"follow","max-snippet":"max-snippet:-1","max-image-preview":"max-image-preview:large","max-video-preview":"max-video-preview:-1"},"canonical":"https:\/\/jeaken.com\/sv\/produkt\/aloe-retinal-face-serum-med-hog-styrka-premium-quality-natural-anti-wrinkle-cream-50ml\/","og_locale":"sv_SE","og_type":"article","og_title":"Aloe Retinal Face Serum med h\u00f6g styrka - Premium Quality Natural Anti-Wrinkle Cream (50ml) - JeaKen","og_description":"ALOE RETINOL FACIAL SERUM By JeaKen ... Vill du lyfta och ljusa upp din hud f\u00f6r att f\u00f6rebygga rynkor och \u00e5ldrande av huden? D\u00e5 beh\u00f6ver du inte leta l\u00e4ngre - ALOE RETINOL FACIAL SERUM By JeaKen \u00e4r perfekt f\u00f6r dig!  Varf\u00f6r v\u00e4lja ALOE RETINOL FACIAL SERUM By JeaKen? V\u00e5ra formler \u00e4r helt unika Arbeta f\u00f6r att motverka tecken p\u00e5 \u00e5ldrande och solskador, Retinol Serum hj\u00e4lper din hud att ers\u00e4tta gamla, d\u00f6da celler med nya, fr\u00e4scha celler f\u00f6r att ge ditt ansikte en ungdomlig kvalitet. Jeaken Retinol Skin Serum \u00e4r en potent kombination av n\u00e5gra av de b\u00e4sta anti-\u00e5ldersingredienser som vetenskapen k\u00e4nner till. Vi har lagt stor vikt vid att skapa och utveckla naturliga formler genom att v\u00e4lja ut varje botanisk produkt f\u00f6r dess riktade f\u00f6rdelar f\u00f6r huden. Denna unika och konstfullt utformade kombination av ingredienser \u00e4r inte tillg\u00e4nglig n\u00e5gon annanstans. VIKTIGA F\u00d6RDELAR:  Lyft och ljusa upp huden  F\u00f6rb\u00e4ttrar hudens elasticitet och struktur genom att s\u00e4kra fukt.  Mjukg\u00f6r, ljusar upp och f\u00f6rb\u00e4ttrar den totala hyenan.  \u00d6kar celloms\u00e4ttningen och kollagenproduktionen och f\u00f6rb\u00e4ttrar hudtonen.  F\u00f6rb\u00e4ttrar synligheten av fina linjer och rynkor. BRUKSANVISNINGAR Torka ansiktet l\u00e4tt med en varm, fuktig handduk. Applicera f\u00f6rsiktigt produkten p\u00e5 rengjord hud och blanda in den tills den absorberats helt och h\u00e5llet. Efter applicering, knacka f\u00f6rsiktigt p\u00e5 ansiktet med fingertopparna f\u00f6r att uppmuntra serumet att tr\u00e4nga in i de djupaste hudlagren... K\u00d6P DET NU  Klicka p\u00e5 \"L\u00e4gg till i vagnen\" nu, s\u00e5 l\u00e4nge det finns kvar!","og_url":"https:\/\/jeaken.com\/sv\/produkt\/aloe-retinal-face-serum-med-hog-styrka-premium-quality-natural-anti-wrinkle-cream-50ml\/","og_site_name":"JeaKen","article_modified_time":"2022-08-09T14:17:44+00:00","og_image":[{"width":600,"height":600,"url":"https:\/\/jeaken.com\/wp-content\/uploads\/2022\/07\/61g28VXACL._AC_SL1500_.jpg","type":"image\/jpeg"}],"twitter_card":"summary_large_image","twitter_misc":{"Est. reading time":"1 minute"},"schema":{"@context":"https:\/\/schema.org","@graph":[{"@type":"WebPage","@id":"https:\/\/jeaken.com\/sv\/produkt\/aloe-retinal-face-serum-med-hog-styrka-premium-quality-natural-anti-wrinkle-cream-50ml\/","url":"https:\/\/jeaken.com\/sv\/produkt\/aloe-retinal-face-serum-med-hog-styrka-premium-quality-natural-anti-wrinkle-cream-50ml\/","name":"Aloe Retinal Face Serum med h\u00f6g styrka - Premium Quality Natural Anti-Wrinkle Cream (50ml) - JeaKen","isPartOf":{"@id":"https:\/\/jeaken.com\/sv\/#website"},"primaryImageOfPage":{"@id":"https:\/\/jeaken.com\/sv\/produkt\/aloe-retinal-face-serum-med-hog-styrka-premium-quality-natural-anti-wrinkle-cream-50ml\/#primaryimage"},"image":{"@id":"https:\/\/jeaken.com\/sv\/produkt\/aloe-retinal-face-serum-med-hog-styrka-premium-quality-natural-anti-wrinkle-cream-50ml\/#primaryimage"},"thumbnailUrl":"https:\/\/jeaken.com\/wp-content\/uploads\/2022\/07\/61g28VXACL._AC_SL1500_.jpg","datePublished":"2022-07-21T18:18:16+00:00","dateModified":"2022-08-09T14:17:44+00:00","breadcrumb":{"@id":"https:\/\/jeaken.com\/sv\/produkt\/aloe-retinal-face-serum-med-hog-styrka-premium-quality-natural-anti-wrinkle-cream-50ml\/#breadcrumb"},"inLanguage":"sv-SE","potentialAction":[{"@type":"ReadAction","target":["https:\/\/jeaken.com\/sv\/produkt\/aloe-retinal-face-serum-med-hog-styrka-premium-quality-natural-anti-wrinkle-cream-50ml\/"]}]},{"@type":"ImageObject","inLanguage":"sv-SE","@id":"https:\/\/jeaken.com\/sv\/produkt\/aloe-retinal-face-serum-med-hog-styrka-premium-quality-natural-anti-wrinkle-cream-50ml\/#primaryimage","url":"https:\/\/jeaken.com\/wp-content\/uploads\/2022\/07\/61g28VXACL._AC_SL1500_.jpg","contentUrl":"https:\/\/jeaken.com\/wp-content\/uploads\/2022\/07\/61g28VXACL._AC_SL1500_.jpg","width":600,"height":600,"caption":"High-Strength Aloe Retinol Face Serum - Premium Quality Natural Anti-Wrinkle Cream"},{"@type":"BreadcrumbList","@id":"https:\/\/jeaken.com\/sv\/produkt\/aloe-retinal-face-serum-med-hog-styrka-premium-quality-natural-anti-wrinkle-cream-50ml\/#breadcrumb","itemListElement":[{"@type":"ListItem","position":1,"name":"Home","item":"https:\/\/jeaken.com\/sv\/"},{"@type":"ListItem","position":2,"name":"Private: Shop","item":"https:\/\/jeaken.com\/shop\/"},{"@type":"ListItem","position":3,"name":"Aloe Retinal Face Serum med h\u00f6g styrka &#8211; Premium Quality Natural Anti-Wrinkle Cream (50ml)"}]},{"@type":"WebSite","@id":"https:\/\/jeaken.com\/sv\/#website","url":"https:\/\/jeaken.com\/sv\/","name":"JeaKen","description":"Organic Supplements for Health, Fitness and Nutrition","publisher":{"@id":"https:\/\/jeaken.com\/sv\/#organization"},"potentialAction":[{"@type":"SearchAction","target":{"@type":"EntryPoint","urlTemplate":"https:\/\/jeaken.com\/sv\/?s={search_term_string}"},"query-input":"required name=search_term_string"}],"inLanguage":"sv-SE"},{"@type":"Organization","@id":"https:\/\/jeaken.com\/sv\/#organization","name":"JeaKen","url":"https:\/\/jeaken.com\/sv\/","logo":{"@type":"ImageObject","inLanguage":"sv-SE","@id":"https:\/\/jeaken.com\/sv\/#\/schema\/logo\/image\/","url":"https:\/\/jeaken.com\/wp-content\/uploads\/2022\/06\/jeaken-logo-23.png","contentUrl":"https:\/\/jeaken.com\/wp-content\/uploads\/2022\/06\/jeaken-logo-23.png","width":2486,"height":736,"caption":"JeaKen"},"image":{"@id":"https:\/\/jeaken.com\/sv\/#\/schema\/logo\/image\/"}}]}},"jetpack_sharing_enabled":true,"_links":{"self":[{"href":"https:\/\/jeaken.com\/sv\/wp-json\/wp\/v2\/product\/6951","targetHints":{"allow":["GET"]}}],"collection":[{"href":"https:\/\/jeaken.com\/sv\/wp-json\/wp\/v2\/product"}],"about":[{"href":"https:\/\/jeaken.com\/sv\/wp-json\/wp\/v2\/types\/product"}],"wp:featuredmedia":[{"embeddable":true,"href":"https:\/\/jeaken.com\/sv\/wp-json\/wp\/v2\/media\/3471"}],"wp:attachment":[{"href":"https:\/\/jeaken.com\/sv\/wp-json\/wp\/v2\/media?parent=6951"}],"wp:term":[{"taxonomy":"product_cat","embeddable":true,"href":"https:\/\/jeaken.com\/sv\/wp-json\/wp\/v2\/product_cat?post=6951"},{"taxonomy":"product_tag","embeddable":true,"href":"https:\/\/jeaken.com\/sv\/wp-json\/wp\/v2\/product_tag?post=6951"}],"curies":[{"name":"wp","href":"https:\/\/api.w.org\/{rel}","templated":true}]}}