{"id":6944,"date":"2022-07-21T19:18:16","date_gmt":"2022-07-21T18:18:16","guid":{"rendered":"https:\/1658920591610?product=pure-creatine-monohydrate-muscle-gainer-och-post-work-out-powder-supplement-500g"},"modified":"2022-08-09T15:16:51","modified_gmt":"2022-08-09T14:16:51","slug":"pure-creatine-monohydrate-muscle-gainer-och-post-work-out-powder-supplement-500g","status":"publish","type":"product","link":"https:\/\/jeaken.com\/sv\/produkt\/pure-creatine-monohydrate-muscle-gainer-och-post-work-out-powder-supplement-500g\/","title":{"rendered":"Pure Creatine Monohydrate &#8211; Muscle Gainer och Post Work Out Powder Supplement (500g)"},"content":{"rendered":"<p><span class=\"a-list-item\">\u2705 F\u00d6RB\u00c4TTAR FYSISK PRESTNING &#8211; Vill du \u00f6ka din prestation n\u00e4r du tr\u00e4nar? V\u00e5rt kreatinmonohydratpulver \u00f6kar den fysiska prestationsf\u00f6rm\u00e5gan vid kortvariga, h\u00f6gintensiva \u00f6vningar.<\/span><\/p>\n<p><span class=\"a-list-item\">\u2705 MUSKELUPPVERKNING INNAN WORKOUT &#8211; Kreatinpulver kan vara bra f\u00f6r muskel\u00e5terh\u00e4mtning. Enligt vissa studier kan mikroniserat kreatin bidra till att f\u00f6rb\u00e4ttra muskel\u00e5terh\u00e4mtningen och \u00e5terh\u00e4mtningen fr\u00e5n tr\u00e4ning, till exempel f\u00f6r att maximera resultaten av styrketr\u00e4ning.<\/span><\/p>\n<p><span class=\"a-list-item\">\u2705 MUSKELV\u00c4XT &#8211; JeaKen kreatinpulver har en snabb absorption och spr\u00e4ngkraft med en snabbare \u00e5terh\u00e4mtningstid \u00e4n kreatinmonohydratkapslar eller kreatinmonohydrattabletter. Kan vara anv\u00e4ndbart f\u00f6r att \u00f6ka vatteninneh\u00e5llet i musklerna och d\u00e4rmed \u00f6ka deras storlek. Detta till\u00e4gg kan visa sina egenskaper f\u00f6r att \u00f6ka storleken p\u00e5 muskelfibrerna.<\/span><\/p>\n<p><span class=\"a-list-item\">\u2705 L\u00c4TT &#8211; V\u00e5rt kreatinmonohydratpulver \u00e4r osmaksatt och blandas l\u00e4tt i vatten, fruktjuicer eller shakes utan n\u00e5gon grynig smak, vilket g\u00f6r det till ett enkelt, problemfritt alternativ efter tr\u00e4ning.<\/span><\/p>\n<p><span class=\"a-list-item\">\u2705 KVALITET SOM DU KAN LITA P\u00c5 &#8211; JeaKens kreatinmonohydratpulver \u00e4r l\u00e4mpligt f\u00f6r veganer och vegetarianer. Alla JeaKen kreatinpulverprodukter tillverkas i Storbritannien enligt strikt GMP-standard, den h\u00f6gsta tillverkningsstandarden i v\u00e4rlden till skillnad fr\u00e5n andra importerade m\u00e4rken, och levereras med en 100 % pengarna tillbaka-garanti.<\/span><\/p>\n","protected":false},"excerpt":{"rendered":"<p><strong>  CREATINE MONOHYDRATE POWDER By JeaKen&#8230;<\/strong><\/p>\n<p><strong>Vill du \u00f6ka din muskeltillv\u00e4xt &#8211; \u00f6ka muskelcellsvolymen?<\/strong><\/p>\n<p>D\u00e5 beh\u00f6ver du inte leta l\u00e4ngre &#8211; CREATINE MONOHYDRATE POWDER By JeaKen \u00e4r perfekt f\u00f6r dig!<\/p>\n<p><strong>Varf\u00f6r v\u00e4lja CREATINE MONOHYDRATE POWDER By JeaKen?<\/strong><\/p>\n<p>V\u00e5rt 100% mikroniserade kreatinmonohydrat \u00e4r HPLC-testat och analyserat f\u00f6r renhet, dessutom \u00e4r det<\/p>\n<p>Dicyandiamidfri (DCD).<\/p>\n<p><strong>VIKTIGA F\u00d6RDELAR:<\/strong><\/p>\n<p>Kreatinmonohydrat 500g Kreatinpulver f\u00f6r muskeltillv\u00e4xt kan;<\/p>\n<p>* \u00d6kar muskelcellernas volym.<\/p>\n<p>* \u00d6kar den explosiva kraften.<\/p>\n<p>* \u00d6kar uth\u00e5lligheten.<\/p>\n<p>* M\u00f6jlighet till snabbare \u00e5terh\u00e4mtning.<\/p>\n<p><strong>REKOMMENDERAD ANV\u00c4NDNING:<\/strong><\/p>\n<p>Kreatinmonohydrat 5g per portion.Dosering av laddning: Laddning: 20 gram per dag i 5 dagar (4 x 5 gram under hela dagen) eller 25 gram per dag i 4 dagar (5 x 5 gram under hela dagen).<\/p>\n<p><strong>UNDERH\u00c5LLSDOSERING:<\/strong><\/p>\n<p>5 gram per dag (ungef\u00e4r en l\u00e4tt upph\u00f6jd 5 ml tesked). Ta i cirka 7-10 veckor med<\/p>\n<p>tv\u00e5 till tre veckors ledighet, innan du laddar om och underh\u00e5ller.<\/p>\n<p><strong>K\u00d6P DET NU  <\/strong><\/p>\n<p><strong>Klicka p\u00e5 &#8220;L\u00e4gg till i vagnen&#8221; nu, s\u00e5 l\u00e4nge det finns kvar!<\/strong><\/p>\n","protected":false},"featured_media":3422,"template":"","meta":{"site-sidebar-layout":"default","site-content-layout":"default","ast-site-content-layout":"default","site-content-style":"default","site-sidebar-style":"default","ast-global-header-display":"","ast-banner-title-visibility":"","ast-main-header-display":"","ast-hfb-above-header-display":"","ast-hfb-below-header-display":"","ast-hfb-mobile-header-display":"","site-post-title":"","ast-breadcrumbs-content":"","ast-featured-img":"","footer-sml-layout":"","theme-transparent-header-meta":"default","adv-header-id-meta":"","stick-header-meta":"default","header-above-stick-meta":"","header-main-stick-meta":"","header-below-stick-meta":"","astra-migrate-meta-layouts":"default","ast-page-background-enabled":"default","ast-page-background-meta":{"desktop":{"background-color":"","background-image":"","background-repeat":"repeat","background-position":"center center","background-size":"auto","background-attachment":"scroll","background-type":"","background-media":"","overlay-type":"","overlay-color":"","overlay-opacity":"","overlay-gradient":""},"tablet":{"background-color":"","background-image":"","background-repeat":"repeat","background-position":"center center","background-size":"auto","background-attachment":"scroll","background-type":"","background-media":"","overlay-type":"","overlay-color":"","overlay-opacity":"","overlay-gradient":""},"mobile":{"background-color":"","background-image":"","background-repeat":"repeat","background-position":"center center","background-size":"auto","background-attachment":"scroll","background-type":"","background-media":"","overlay-type":"","overlay-color":"","overlay-opacity":"","overlay-gradient":""}},"ast-content-background-meta":{"desktop":{"background-color":"var(--ast-global-color-5)","background-image":"","background-repeat":"repeat","background-position":"center center","background-size":"auto","background-attachment":"scroll","background-type":"","background-media":"","overlay-type":"","overlay-color":"","overlay-opacity":"","overlay-gradient":""},"tablet":{"background-color":"var(--ast-global-color-5)","background-image":"","background-repeat":"repeat","background-position":"center center","background-size":"auto","background-attachment":"scroll","background-type":"","background-media":"","overlay-type":"","overlay-color":"","overlay-opacity":"","overlay-gradient":""},"mobile":{"background-color":"var(--ast-global-color-5)","background-image":"","background-repeat":"repeat","background-position":"center center","background-size":"auto","background-attachment":"scroll","background-type":"","background-media":"","overlay-type":"","overlay-color":"","overlay-opacity":"","overlay-gradient":""}}},"product_cat":[529],"product_tag":[1531,1532,1534,1535,1536,1533,1537,1538,1539],"class_list":{"0":"post-6944","1":"product","2":"type-product","3":"status-publish","4":"has-post-thumbnail","6":"product_cat-naring-for-idrottsutovare","7":"product_tag-kreatin-kapsel-sv","8":"product_tag-kreatin-kapslar","9":"product_tag-kreatin-monohydrat-kapslar","10":"product_tag-kreatin-monohydrat-pulver-sv","11":"product_tag-kreatin-monohydrat-tablett","12":"product_tag-kreatinmonohydrat","13":"product_tag-kreatinpulver-sv","14":"product_tag-kreatinpulver-sv-2","15":"product_tag-mikroniserat-kreatin","16":"has-subscription-plans","17":"desktop-align-left","18":"tablet-align-left","19":"mobile-align-left","21":"first","22":"outofstock","23":"taxable","24":"shipping-taxable","25":"purchasable","26":"product-type-simple"},"yoast_head":"<!-- This site is optimized with the Yoast SEO plugin v22.7 - https:\/\/yoast.com\/wordpress\/plugins\/seo\/ -->\n<title>Pure Creatine Monohydrate - Muscle Gainer och Post Work Out Powder Supplement (500g) - JeaKen<\/title>\n<meta name=\"robots\" content=\"index, follow, max-snippet:-1, max-image-preview:large, max-video-preview:-1\" \/>\n<link rel=\"canonical\" href=\"https:\/\/jeaken.com\/sv\/produkt\/pure-creatine-monohydrate-muscle-gainer-och-post-work-out-powder-supplement-500g\/\" \/>\n<meta property=\"og:locale\" content=\"sv_SE\" \/>\n<meta property=\"og:type\" content=\"article\" \/>\n<meta property=\"og:title\" content=\"Pure Creatine Monohydrate - Muscle Gainer och Post Work Out Powder Supplement (500g) - JeaKen\" \/>\n<meta property=\"og:description\" content=\"CREATINE MONOHYDRATE POWDER By JeaKen... Vill du \u00f6ka din muskeltillv\u00e4xt - \u00f6ka muskelcellsvolymen? D\u00e5 beh\u00f6ver du inte leta l\u00e4ngre - CREATINE MONOHYDRATE POWDER By JeaKen \u00e4r perfekt f\u00f6r dig! Varf\u00f6r v\u00e4lja CREATINE MONOHYDRATE POWDER By JeaKen? V\u00e5rt 100% mikroniserade kreatinmonohydrat \u00e4r HPLC-testat och analyserat f\u00f6r renhet, dessutom \u00e4r det Dicyandiamidfri (DCD). VIKTIGA F\u00d6RDELAR: Kreatinmonohydrat 500g Kreatinpulver f\u00f6r muskeltillv\u00e4xt kan; * \u00d6kar muskelcellernas volym. * \u00d6kar den explosiva kraften. * \u00d6kar uth\u00e5lligheten. * M\u00f6jlighet till snabbare \u00e5terh\u00e4mtning. REKOMMENDERAD ANV\u00c4NDNING: Kreatinmonohydrat 5g per portion.Dosering av laddning: Laddning: 20 gram per dag i 5 dagar (4 x 5 gram under hela dagen) eller 25 gram per dag i 4 dagar (5 x 5 gram under hela dagen). UNDERH\u00c5LLSDOSERING: 5 gram per dag (ungef\u00e4r en l\u00e4tt upph\u00f6jd 5 ml tesked). Ta i cirka 7-10 veckor med tv\u00e5 till tre veckors ledighet, innan du laddar om och underh\u00e5ller. K\u00d6P DET NU  Klicka p\u00e5 &quot;L\u00e4gg till i vagnen&quot; nu, s\u00e5 l\u00e4nge det finns kvar!\" \/>\n<meta property=\"og:url\" content=\"https:\/\/jeaken.com\/sv\/produkt\/pure-creatine-monohydrate-muscle-gainer-och-post-work-out-powder-supplement-500g\/\" \/>\n<meta property=\"og:site_name\" content=\"JeaKen\" \/>\n<meta property=\"article:modified_time\" content=\"2022-08-09T14:16:51+00:00\" \/>\n<meta property=\"og:image\" content=\"https:\/\/jeaken.com\/wp-content\/uploads\/2022\/07\/71grcDW-M9L._AC_SL1500_-1.jpg\" \/>\n\t<meta property=\"og:image:width\" content=\"600\" \/>\n\t<meta property=\"og:image:height\" content=\"600\" \/>\n\t<meta property=\"og:image:type\" content=\"image\/jpeg\" \/>\n<meta name=\"twitter:card\" content=\"summary_large_image\" \/>\n<meta name=\"twitter:label1\" content=\"Est. reading time\" \/>\n\t<meta name=\"twitter:data1\" content=\"1 minute\" \/>\n<script type=\"application\/ld+json\" class=\"yoast-schema-graph\">{\"@context\":\"https:\/\/schema.org\",\"@graph\":[{\"@type\":\"WebPage\",\"@id\":\"https:\/\/jeaken.com\/sv\/produkt\/pure-creatine-monohydrate-muscle-gainer-och-post-work-out-powder-supplement-500g\/\",\"url\":\"https:\/\/jeaken.com\/sv\/produkt\/pure-creatine-monohydrate-muscle-gainer-och-post-work-out-powder-supplement-500g\/\",\"name\":\"Pure Creatine Monohydrate - Muscle Gainer och Post Work Out Powder Supplement (500g) - JeaKen\",\"isPartOf\":{\"@id\":\"https:\/\/jeaken.com\/sv\/#website\"},\"primaryImageOfPage\":{\"@id\":\"https:\/\/jeaken.com\/sv\/produkt\/pure-creatine-monohydrate-muscle-gainer-och-post-work-out-powder-supplement-500g\/#primaryimage\"},\"image\":{\"@id\":\"https:\/\/jeaken.com\/sv\/produkt\/pure-creatine-monohydrate-muscle-gainer-och-post-work-out-powder-supplement-500g\/#primaryimage\"},\"thumbnailUrl\":\"https:\/\/jeaken.com\/wp-content\/uploads\/2022\/07\/71grcDW-M9L._AC_SL1500_-1.jpg\",\"datePublished\":\"2022-07-21T18:18:16+00:00\",\"dateModified\":\"2022-08-09T14:16:51+00:00\",\"breadcrumb\":{\"@id\":\"https:\/\/jeaken.com\/sv\/produkt\/pure-creatine-monohydrate-muscle-gainer-och-post-work-out-powder-supplement-500g\/#breadcrumb\"},\"inLanguage\":\"sv-SE\",\"potentialAction\":[{\"@type\":\"ReadAction\",\"target\":[\"https:\/\/jeaken.com\/sv\/produkt\/pure-creatine-monohydrate-muscle-gainer-och-post-work-out-powder-supplement-500g\/\"]}]},{\"@type\":\"ImageObject\",\"inLanguage\":\"sv-SE\",\"@id\":\"https:\/\/jeaken.com\/sv\/produkt\/pure-creatine-monohydrate-muscle-gainer-och-post-work-out-powder-supplement-500g\/#primaryimage\",\"url\":\"https:\/\/jeaken.com\/wp-content\/uploads\/2022\/07\/71grcDW-M9L._AC_SL1500_-1.jpg\",\"contentUrl\":\"https:\/\/jeaken.com\/wp-content\/uploads\/2022\/07\/71grcDW-M9L._AC_SL1500_-1.jpg\",\"width\":600,\"height\":600,\"caption\":\"Pure Creatine Monohydrate - Muscle Gainer and Post Work Out Powder Supplement\"},{\"@type\":\"BreadcrumbList\",\"@id\":\"https:\/\/jeaken.com\/sv\/produkt\/pure-creatine-monohydrate-muscle-gainer-och-post-work-out-powder-supplement-500g\/#breadcrumb\",\"itemListElement\":[{\"@type\":\"ListItem\",\"position\":1,\"name\":\"Home\",\"item\":\"https:\/\/jeaken.com\/sv\/\"},{\"@type\":\"ListItem\",\"position\":2,\"name\":\"Private: Shop\",\"item\":\"https:\/\/jeaken.com\/shop\/\"},{\"@type\":\"ListItem\",\"position\":3,\"name\":\"Pure Creatine Monohydrate &#8211; Muscle Gainer och Post Work Out Powder Supplement (500g)\"}]},{\"@type\":\"WebSite\",\"@id\":\"https:\/\/jeaken.com\/sv\/#website\",\"url\":\"https:\/\/jeaken.com\/sv\/\",\"name\":\"JeaKen\",\"description\":\"Organic Supplements for Health, Fitness and Nutrition\",\"publisher\":{\"@id\":\"https:\/\/jeaken.com\/sv\/#organization\"},\"potentialAction\":[{\"@type\":\"SearchAction\",\"target\":{\"@type\":\"EntryPoint\",\"urlTemplate\":\"https:\/\/jeaken.com\/sv\/?s={search_term_string}\"},\"query-input\":\"required name=search_term_string\"}],\"inLanguage\":\"sv-SE\"},{\"@type\":\"Organization\",\"@id\":\"https:\/\/jeaken.com\/sv\/#organization\",\"name\":\"JeaKen\",\"url\":\"https:\/\/jeaken.com\/sv\/\",\"logo\":{\"@type\":\"ImageObject\",\"inLanguage\":\"sv-SE\",\"@id\":\"https:\/\/jeaken.com\/sv\/#\/schema\/logo\/image\/\",\"url\":\"https:\/\/jeaken.com\/wp-content\/uploads\/2022\/06\/jeaken-logo-23.png\",\"contentUrl\":\"https:\/\/jeaken.com\/wp-content\/uploads\/2022\/06\/jeaken-logo-23.png\",\"width\":2486,\"height\":736,\"caption\":\"JeaKen\"},\"image\":{\"@id\":\"https:\/\/jeaken.com\/sv\/#\/schema\/logo\/image\/\"}}]}<\/script>\n<!-- \/ Yoast SEO plugin. -->","yoast_head_json":{"title":"Pure Creatine Monohydrate - Muscle Gainer och Post Work Out Powder Supplement (500g) - JeaKen","robots":{"index":"index","follow":"follow","max-snippet":"max-snippet:-1","max-image-preview":"max-image-preview:large","max-video-preview":"max-video-preview:-1"},"canonical":"https:\/\/jeaken.com\/sv\/produkt\/pure-creatine-monohydrate-muscle-gainer-och-post-work-out-powder-supplement-500g\/","og_locale":"sv_SE","og_type":"article","og_title":"Pure Creatine Monohydrate - Muscle Gainer och Post Work Out Powder Supplement (500g) - JeaKen","og_description":"CREATINE MONOHYDRATE POWDER By JeaKen... Vill du \u00f6ka din muskeltillv\u00e4xt - \u00f6ka muskelcellsvolymen? D\u00e5 beh\u00f6ver du inte leta l\u00e4ngre - CREATINE MONOHYDRATE POWDER By JeaKen \u00e4r perfekt f\u00f6r dig! Varf\u00f6r v\u00e4lja CREATINE MONOHYDRATE POWDER By JeaKen? V\u00e5rt 100% mikroniserade kreatinmonohydrat \u00e4r HPLC-testat och analyserat f\u00f6r renhet, dessutom \u00e4r det Dicyandiamidfri (DCD). VIKTIGA F\u00d6RDELAR: Kreatinmonohydrat 500g Kreatinpulver f\u00f6r muskeltillv\u00e4xt kan; * \u00d6kar muskelcellernas volym. * \u00d6kar den explosiva kraften. * \u00d6kar uth\u00e5lligheten. * M\u00f6jlighet till snabbare \u00e5terh\u00e4mtning. REKOMMENDERAD ANV\u00c4NDNING: Kreatinmonohydrat 5g per portion.Dosering av laddning: Laddning: 20 gram per dag i 5 dagar (4 x 5 gram under hela dagen) eller 25 gram per dag i 4 dagar (5 x 5 gram under hela dagen). UNDERH\u00c5LLSDOSERING: 5 gram per dag (ungef\u00e4r en l\u00e4tt upph\u00f6jd 5 ml tesked). Ta i cirka 7-10 veckor med tv\u00e5 till tre veckors ledighet, innan du laddar om och underh\u00e5ller. K\u00d6P DET NU  Klicka p\u00e5 \"L\u00e4gg till i vagnen\" nu, s\u00e5 l\u00e4nge det finns kvar!","og_url":"https:\/\/jeaken.com\/sv\/produkt\/pure-creatine-monohydrate-muscle-gainer-och-post-work-out-powder-supplement-500g\/","og_site_name":"JeaKen","article_modified_time":"2022-08-09T14:16:51+00:00","og_image":[{"width":600,"height":600,"url":"https:\/\/jeaken.com\/wp-content\/uploads\/2022\/07\/71grcDW-M9L._AC_SL1500_-1.jpg","type":"image\/jpeg"}],"twitter_card":"summary_large_image","twitter_misc":{"Est. reading time":"1 minute"},"schema":{"@context":"https:\/\/schema.org","@graph":[{"@type":"WebPage","@id":"https:\/\/jeaken.com\/sv\/produkt\/pure-creatine-monohydrate-muscle-gainer-och-post-work-out-powder-supplement-500g\/","url":"https:\/\/jeaken.com\/sv\/produkt\/pure-creatine-monohydrate-muscle-gainer-och-post-work-out-powder-supplement-500g\/","name":"Pure Creatine Monohydrate - Muscle Gainer och Post Work Out Powder Supplement (500g) - JeaKen","isPartOf":{"@id":"https:\/\/jeaken.com\/sv\/#website"},"primaryImageOfPage":{"@id":"https:\/\/jeaken.com\/sv\/produkt\/pure-creatine-monohydrate-muscle-gainer-och-post-work-out-powder-supplement-500g\/#primaryimage"},"image":{"@id":"https:\/\/jeaken.com\/sv\/produkt\/pure-creatine-monohydrate-muscle-gainer-och-post-work-out-powder-supplement-500g\/#primaryimage"},"thumbnailUrl":"https:\/\/jeaken.com\/wp-content\/uploads\/2022\/07\/71grcDW-M9L._AC_SL1500_-1.jpg","datePublished":"2022-07-21T18:18:16+00:00","dateModified":"2022-08-09T14:16:51+00:00","breadcrumb":{"@id":"https:\/\/jeaken.com\/sv\/produkt\/pure-creatine-monohydrate-muscle-gainer-och-post-work-out-powder-supplement-500g\/#breadcrumb"},"inLanguage":"sv-SE","potentialAction":[{"@type":"ReadAction","target":["https:\/\/jeaken.com\/sv\/produkt\/pure-creatine-monohydrate-muscle-gainer-och-post-work-out-powder-supplement-500g\/"]}]},{"@type":"ImageObject","inLanguage":"sv-SE","@id":"https:\/\/jeaken.com\/sv\/produkt\/pure-creatine-monohydrate-muscle-gainer-och-post-work-out-powder-supplement-500g\/#primaryimage","url":"https:\/\/jeaken.com\/wp-content\/uploads\/2022\/07\/71grcDW-M9L._AC_SL1500_-1.jpg","contentUrl":"https:\/\/jeaken.com\/wp-content\/uploads\/2022\/07\/71grcDW-M9L._AC_SL1500_-1.jpg","width":600,"height":600,"caption":"Pure Creatine Monohydrate - Muscle Gainer and Post Work Out Powder Supplement"},{"@type":"BreadcrumbList","@id":"https:\/\/jeaken.com\/sv\/produkt\/pure-creatine-monohydrate-muscle-gainer-och-post-work-out-powder-supplement-500g\/#breadcrumb","itemListElement":[{"@type":"ListItem","position":1,"name":"Home","item":"https:\/\/jeaken.com\/sv\/"},{"@type":"ListItem","position":2,"name":"Private: Shop","item":"https:\/\/jeaken.com\/shop\/"},{"@type":"ListItem","position":3,"name":"Pure Creatine Monohydrate &#8211; Muscle Gainer och Post Work Out Powder Supplement (500g)"}]},{"@type":"WebSite","@id":"https:\/\/jeaken.com\/sv\/#website","url":"https:\/\/jeaken.com\/sv\/","name":"JeaKen","description":"Organic Supplements for Health, Fitness and Nutrition","publisher":{"@id":"https:\/\/jeaken.com\/sv\/#organization"},"potentialAction":[{"@type":"SearchAction","target":{"@type":"EntryPoint","urlTemplate":"https:\/\/jeaken.com\/sv\/?s={search_term_string}"},"query-input":"required name=search_term_string"}],"inLanguage":"sv-SE"},{"@type":"Organization","@id":"https:\/\/jeaken.com\/sv\/#organization","name":"JeaKen","url":"https:\/\/jeaken.com\/sv\/","logo":{"@type":"ImageObject","inLanguage":"sv-SE","@id":"https:\/\/jeaken.com\/sv\/#\/schema\/logo\/image\/","url":"https:\/\/jeaken.com\/wp-content\/uploads\/2022\/06\/jeaken-logo-23.png","contentUrl":"https:\/\/jeaken.com\/wp-content\/uploads\/2022\/06\/jeaken-logo-23.png","width":2486,"height":736,"caption":"JeaKen"},"image":{"@id":"https:\/\/jeaken.com\/sv\/#\/schema\/logo\/image\/"}}]}},"jetpack_sharing_enabled":true,"_links":{"self":[{"href":"https:\/\/jeaken.com\/sv\/wp-json\/wp\/v2\/product\/6944","targetHints":{"allow":["GET"]}}],"collection":[{"href":"https:\/\/jeaken.com\/sv\/wp-json\/wp\/v2\/product"}],"about":[{"href":"https:\/\/jeaken.com\/sv\/wp-json\/wp\/v2\/types\/product"}],"wp:featuredmedia":[{"embeddable":true,"href":"https:\/\/jeaken.com\/sv\/wp-json\/wp\/v2\/media\/3422"}],"wp:attachment":[{"href":"https:\/\/jeaken.com\/sv\/wp-json\/wp\/v2\/media?parent=6944"}],"wp:term":[{"taxonomy":"product_cat","embeddable":true,"href":"https:\/\/jeaken.com\/sv\/wp-json\/wp\/v2\/product_cat?post=6944"},{"taxonomy":"product_tag","embeddable":true,"href":"https:\/\/jeaken.com\/sv\/wp-json\/wp\/v2\/product_tag?post=6944"}],"curies":[{"name":"wp","href":"https:\/\/api.w.org\/{rel}","templated":true}]}}