{"id":6941,"date":"2022-07-21T19:18:16","date_gmt":"2022-07-21T18:18:16","guid":{"rendered":"https:\/1658920591610?product=l-glutamin-kapslar-500mg-for-muskelgenerering-och-aterhamtning-120-kapslar"},"modified":"2022-08-09T15:16:08","modified_gmt":"2022-08-09T14:16:08","slug":"l-glutamin-kapslar-500mg-for-muskelgenerering-och-aterhamtning-120-kapslar","status":"publish","type":"product","link":"https:\/\/jeaken.com\/sv\/produkt\/l-glutamin-kapslar-500mg-for-muskelgenerering-och-aterhamtning-120-kapslar\/","title":{"rendered":"L-Glutamin kapslar (500mg) &#8211; F\u00f6r muskelgenerering och \u00e5terh\u00e4mtning (120 kapslar)"},"content":{"rendered":"<p><strong><span class=\"a-list-item\">VIKTIG AMINOSYRA SOM VARJE MUSKEL BEH\u00d6VER  <\/span><\/strong><\/p>\n<p><span class=\"a-list-item\">  L-Glutamin \u00e4r en viktig aminosyra som beh\u00f6vs i varje muskel i kroppen och \u00e4r en av de viktigaste byggstenarna f\u00f6r att bilda proteiner som uppr\u00e4tth\u00e5ller cellul\u00e4r h\u00e4lsa och v\u00e4vnadsreparation. Glutamin finns i varierande m\u00e4ngder i de flesta k\u00f6tt- och fiskprodukter samt i liten utstr\u00e4ckning i gr\u00f6nsaker och baljv\u00e4xter.<\/span><\/p>\n<p><strong><span class=\"a-list-item\">F\u00d6RHINDRAR MUSKELNEDBRYTNING OCH \u00d6KAR MUSKEL\u00c5TERH\u00c4MTNINGEN  <\/span><\/strong><\/p>\n<p><span class=\"a-list-item\">  Alla som deltar i h\u00f6gintensiva tr\u00e4ningsprogram som syftar till hypertrofi kan finna L-Glutaminkapslar eller L-Glutaminpulver som ett bra komplement. L-Glutamin \u00e4r den mest f\u00f6rekommande aminosyran som finns i m\u00e4nniskokroppen och som f\u00f6rb\u00e4ttrar muskelarbete, \u00e5terh\u00e4mtning och gastrointestinal h\u00e4lsa.<\/span><\/p>\n<p><strong><span class=\"a-list-item\">STIMULERAR PRODUKTIONEN AV HORMONER  <\/span><\/strong><\/p>\n<p><span class=\"a-list-item\">  Glutamintillskott st\u00f6der proteinsyntesen och glykogenproduktionen. Under tr\u00e4ning f\u00f6rsvinner glutaminet snabbt fr\u00e5n musklerna p\u00e5 grund av att det \u00e4r inblandat i m\u00e5nga reaktioner. Det \u00e4r viktigt att komplettera med glutamin f\u00f6r att kompensera dessa minskningar och skapa en milj\u00f6 som \u00e4r optimal f\u00f6r muskelutveckling.<\/span><\/p>\n<p><strong><span class=\"a-list-item\">ST\u00c4RKER IMMUNF\u00d6RSVARET  <\/span><\/strong><\/p>\n<p><span class=\"a-list-item\">Glutamin spelar en roll i immuncelldelningen. Det bevarar muskelv\u00e4vnad och st\u00f6der immunfunktionen under perioder av immun- och muskelstress.<\/span><\/p>\n<p>&nbsp;<\/p>\n","protected":false},"excerpt":{"rendered":"<h4><b>Ett effektivt tillskott f\u00f6r idrottare som deltar i h\u00f6gintensiv tr\u00e4ning.<\/b><\/h4>\n<p>&nbsp;<\/p>\n<p>&nbsp;<\/p>\n","protected":false},"featured_media":16043,"template":"","meta":{"site-sidebar-layout":"default","site-content-layout":"default","ast-site-content-layout":"default","site-content-style":"default","site-sidebar-style":"default","ast-global-header-display":"","ast-banner-title-visibility":"","ast-main-header-display":"","ast-hfb-above-header-display":"","ast-hfb-below-header-display":"","ast-hfb-mobile-header-display":"","site-post-title":"","ast-breadcrumbs-content":"","ast-featured-img":"","footer-sml-layout":"","theme-transparent-header-meta":"default","adv-header-id-meta":"","stick-header-meta":"default","header-above-stick-meta":"","header-main-stick-meta":"","header-below-stick-meta":"","astra-migrate-meta-layouts":"default","ast-page-background-enabled":"default","ast-page-background-meta":{"desktop":{"background-color":"","background-image":"","background-repeat":"repeat","background-position":"center center","background-size":"auto","background-attachment":"scroll","background-type":"","background-media":"","overlay-type":"","overlay-color":"","overlay-opacity":"","overlay-gradient":""},"tablet":{"background-color":"","background-image":"","background-repeat":"repeat","background-position":"center center","background-size":"auto","background-attachment":"scroll","background-type":"","background-media":"","overlay-type":"","overlay-color":"","overlay-opacity":"","overlay-gradient":""},"mobile":{"background-color":"","background-image":"","background-repeat":"repeat","background-position":"center center","background-size":"auto","background-attachment":"scroll","background-type":"","background-media":"","overlay-type":"","overlay-color":"","overlay-opacity":"","overlay-gradient":""}},"ast-content-background-meta":{"desktop":{"background-color":"var(--ast-global-color-5)","background-image":"","background-repeat":"repeat","background-position":"center center","background-size":"auto","background-attachment":"scroll","background-type":"","background-media":"","overlay-type":"","overlay-color":"","overlay-opacity":"","overlay-gradient":""},"tablet":{"background-color":"var(--ast-global-color-5)","background-image":"","background-repeat":"repeat","background-position":"center center","background-size":"auto","background-attachment":"scroll","background-type":"","background-media":"","overlay-type":"","overlay-color":"","overlay-opacity":"","overlay-gradient":""},"mobile":{"background-color":"var(--ast-global-color-5)","background-image":"","background-repeat":"repeat","background-position":"center center","background-size":"auto","background-attachment":"scroll","background-type":"","background-media":"","overlay-type":"","overlay-color":"","overlay-opacity":"","overlay-gradient":""}}},"product_cat":[600,530,529],"product_tag":[1495,1491,1489,1492,1493,1494,1496,1497,1498,1499,1500,1501],"class_list":{"0":"post-6941","1":"product","2":"type-product","3":"status-publish","4":"has-post-thumbnail","6":"product_cat-humor-och-valbefinnande","7":"product_cat-muskeluppbyggnad","8":"product_cat-naring-for-idrottsutovare","9":"product_tag-aminoenergi","10":"product_tag-aminosyra-tabletter","11":"product_tag-aminosyrapulver","12":"product_tag-aminosyror-kapslar","13":"product_tag-aminosyror-pulver","14":"product_tag-aminosyror-tillskott","15":"product_tag-essentiell-aminosyra","16":"product_tag-glutamin-tabletter","17":"product_tag-l-glutamin-kapslar-mg","18":"product_tag-l-glutamin-kapslar","19":"product_tag-l-glutaminpulver","20":"product_tag-muskeltabletter","21":"has-subscription-plans","22":"desktop-align-left","23":"tablet-align-left","24":"mobile-align-left","26":"first","27":"instock","28":"taxable","29":"shipping-taxable","30":"purchasable","31":"product-type-simple"},"yoast_head":"<!-- This site is optimized with the Yoast SEO plugin v22.7 - https:\/\/yoast.com\/wordpress\/plugins\/seo\/ -->\n<title>L-Glutamin kapslar (500mg) - F\u00f6r muskelgenerering och \u00e5terh\u00e4mtning (120 kapslar) - JeaKen<\/title>\n<meta name=\"robots\" content=\"index, follow, max-snippet:-1, max-image-preview:large, max-video-preview:-1\" \/>\n<link rel=\"canonical\" href=\"https:\/\/jeaken.com\/sv\/produkt\/l-glutamin-kapslar-500mg-for-muskelgenerering-och-aterhamtning-120-kapslar\/\" \/>\n<meta property=\"og:locale\" content=\"sv_SE\" \/>\n<meta property=\"og:type\" content=\"article\" \/>\n<meta property=\"og:title\" content=\"L-Glutamin kapslar (500mg) - F\u00f6r muskelgenerering och \u00e5terh\u00e4mtning (120 kapslar) - JeaKen\" \/>\n<meta property=\"og:description\" content=\"Ett effektivt tillskott f\u00f6r idrottare som deltar i h\u00f6gintensiv tr\u00e4ning. &nbsp; &nbsp;\" \/>\n<meta property=\"og:url\" content=\"https:\/\/jeaken.com\/sv\/produkt\/l-glutamin-kapslar-500mg-for-muskelgenerering-och-aterhamtning-120-kapslar\/\" \/>\n<meta property=\"og:site_name\" content=\"JeaKen\" \/>\n<meta property=\"article:modified_time\" content=\"2022-08-09T14:16:08+00:00\" \/>\n<meta property=\"og:image\" content=\"https:\/\/jeaken.com\/wp-content\/uploads\/2022\/07\/L-Glutamine.jpg\" \/>\n\t<meta property=\"og:image:width\" content=\"512\" \/>\n\t<meta property=\"og:image:height\" content=\"600\" \/>\n\t<meta property=\"og:image:type\" content=\"image\/jpeg\" \/>\n<meta name=\"twitter:card\" content=\"summary_large_image\" \/>\n<meta name=\"twitter:label1\" content=\"Est. reading time\" \/>\n\t<meta name=\"twitter:data1\" content=\"1 minute\" \/>\n<script type=\"application\/ld+json\" class=\"yoast-schema-graph\">{\"@context\":\"https:\/\/schema.org\",\"@graph\":[{\"@type\":\"WebPage\",\"@id\":\"https:\/\/jeaken.com\/sv\/produkt\/l-glutamin-kapslar-500mg-for-muskelgenerering-och-aterhamtning-120-kapslar\/\",\"url\":\"https:\/\/jeaken.com\/sv\/produkt\/l-glutamin-kapslar-500mg-for-muskelgenerering-och-aterhamtning-120-kapslar\/\",\"name\":\"L-Glutamin kapslar (500mg) - F\u00f6r muskelgenerering och \u00e5terh\u00e4mtning (120 kapslar) - JeaKen\",\"isPartOf\":{\"@id\":\"https:\/\/jeaken.com\/sv\/#website\"},\"primaryImageOfPage\":{\"@id\":\"https:\/\/jeaken.com\/sv\/produkt\/l-glutamin-kapslar-500mg-for-muskelgenerering-och-aterhamtning-120-kapslar\/#primaryimage\"},\"image\":{\"@id\":\"https:\/\/jeaken.com\/sv\/produkt\/l-glutamin-kapslar-500mg-for-muskelgenerering-och-aterhamtning-120-kapslar\/#primaryimage\"},\"thumbnailUrl\":\"https:\/\/jeaken.com\/wp-content\/uploads\/2022\/07\/L-Glutamine.jpg\",\"datePublished\":\"2022-07-21T18:18:16+00:00\",\"dateModified\":\"2022-08-09T14:16:08+00:00\",\"breadcrumb\":{\"@id\":\"https:\/\/jeaken.com\/sv\/produkt\/l-glutamin-kapslar-500mg-for-muskelgenerering-och-aterhamtning-120-kapslar\/#breadcrumb\"},\"inLanguage\":\"sv-SE\",\"potentialAction\":[{\"@type\":\"ReadAction\",\"target\":[\"https:\/\/jeaken.com\/sv\/produkt\/l-glutamin-kapslar-500mg-for-muskelgenerering-och-aterhamtning-120-kapslar\/\"]}]},{\"@type\":\"ImageObject\",\"inLanguage\":\"sv-SE\",\"@id\":\"https:\/\/jeaken.com\/sv\/produkt\/l-glutamin-kapslar-500mg-for-muskelgenerering-och-aterhamtning-120-kapslar\/#primaryimage\",\"url\":\"https:\/\/jeaken.com\/wp-content\/uploads\/2022\/07\/L-Glutamine.jpg\",\"contentUrl\":\"https:\/\/jeaken.com\/wp-content\/uploads\/2022\/07\/L-Glutamine.jpg\",\"width\":512,\"height\":600,\"caption\":\"L-Glutamine Capsules (500mg) \u2013 For Muscle Generation and Recovery (120 Capsules)\"},{\"@type\":\"BreadcrumbList\",\"@id\":\"https:\/\/jeaken.com\/sv\/produkt\/l-glutamin-kapslar-500mg-for-muskelgenerering-och-aterhamtning-120-kapslar\/#breadcrumb\",\"itemListElement\":[{\"@type\":\"ListItem\",\"position\":1,\"name\":\"Home\",\"item\":\"https:\/\/jeaken.com\/sv\/\"},{\"@type\":\"ListItem\",\"position\":2,\"name\":\"Private: Shop\",\"item\":\"https:\/\/jeaken.com\/shop\/\"},{\"@type\":\"ListItem\",\"position\":3,\"name\":\"L-Glutamin kapslar (500mg) &#8211; F\u00f6r muskelgenerering och \u00e5terh\u00e4mtning (120 kapslar)\"}]},{\"@type\":\"WebSite\",\"@id\":\"https:\/\/jeaken.com\/sv\/#website\",\"url\":\"https:\/\/jeaken.com\/sv\/\",\"name\":\"JeaKen\",\"description\":\"Organic Supplements for Health, Fitness and Nutrition\",\"publisher\":{\"@id\":\"https:\/\/jeaken.com\/sv\/#organization\"},\"potentialAction\":[{\"@type\":\"SearchAction\",\"target\":{\"@type\":\"EntryPoint\",\"urlTemplate\":\"https:\/\/jeaken.com\/sv\/?s={search_term_string}\"},\"query-input\":\"required name=search_term_string\"}],\"inLanguage\":\"sv-SE\"},{\"@type\":\"Organization\",\"@id\":\"https:\/\/jeaken.com\/sv\/#organization\",\"name\":\"JeaKen\",\"url\":\"https:\/\/jeaken.com\/sv\/\",\"logo\":{\"@type\":\"ImageObject\",\"inLanguage\":\"sv-SE\",\"@id\":\"https:\/\/jeaken.com\/sv\/#\/schema\/logo\/image\/\",\"url\":\"https:\/\/jeaken.com\/wp-content\/uploads\/2022\/06\/jeaken-logo-23.png\",\"contentUrl\":\"https:\/\/jeaken.com\/wp-content\/uploads\/2022\/06\/jeaken-logo-23.png\",\"width\":2486,\"height\":736,\"caption\":\"JeaKen\"},\"image\":{\"@id\":\"https:\/\/jeaken.com\/sv\/#\/schema\/logo\/image\/\"}}]}<\/script>\n<!-- \/ Yoast SEO plugin. -->","yoast_head_json":{"title":"L-Glutamin kapslar (500mg) - F\u00f6r muskelgenerering och \u00e5terh\u00e4mtning (120 kapslar) - JeaKen","robots":{"index":"index","follow":"follow","max-snippet":"max-snippet:-1","max-image-preview":"max-image-preview:large","max-video-preview":"max-video-preview:-1"},"canonical":"https:\/\/jeaken.com\/sv\/produkt\/l-glutamin-kapslar-500mg-for-muskelgenerering-och-aterhamtning-120-kapslar\/","og_locale":"sv_SE","og_type":"article","og_title":"L-Glutamin kapslar (500mg) - F\u00f6r muskelgenerering och \u00e5terh\u00e4mtning (120 kapslar) - JeaKen","og_description":"Ett effektivt tillskott f\u00f6r idrottare som deltar i h\u00f6gintensiv tr\u00e4ning. &nbsp; &nbsp;","og_url":"https:\/\/jeaken.com\/sv\/produkt\/l-glutamin-kapslar-500mg-for-muskelgenerering-och-aterhamtning-120-kapslar\/","og_site_name":"JeaKen","article_modified_time":"2022-08-09T14:16:08+00:00","og_image":[{"width":512,"height":600,"url":"https:\/\/jeaken.com\/wp-content\/uploads\/2022\/07\/L-Glutamine.jpg","type":"image\/jpeg"}],"twitter_card":"summary_large_image","twitter_misc":{"Est. reading time":"1 minute"},"schema":{"@context":"https:\/\/schema.org","@graph":[{"@type":"WebPage","@id":"https:\/\/jeaken.com\/sv\/produkt\/l-glutamin-kapslar-500mg-for-muskelgenerering-och-aterhamtning-120-kapslar\/","url":"https:\/\/jeaken.com\/sv\/produkt\/l-glutamin-kapslar-500mg-for-muskelgenerering-och-aterhamtning-120-kapslar\/","name":"L-Glutamin kapslar (500mg) - F\u00f6r muskelgenerering och \u00e5terh\u00e4mtning (120 kapslar) - JeaKen","isPartOf":{"@id":"https:\/\/jeaken.com\/sv\/#website"},"primaryImageOfPage":{"@id":"https:\/\/jeaken.com\/sv\/produkt\/l-glutamin-kapslar-500mg-for-muskelgenerering-och-aterhamtning-120-kapslar\/#primaryimage"},"image":{"@id":"https:\/\/jeaken.com\/sv\/produkt\/l-glutamin-kapslar-500mg-for-muskelgenerering-och-aterhamtning-120-kapslar\/#primaryimage"},"thumbnailUrl":"https:\/\/jeaken.com\/wp-content\/uploads\/2022\/07\/L-Glutamine.jpg","datePublished":"2022-07-21T18:18:16+00:00","dateModified":"2022-08-09T14:16:08+00:00","breadcrumb":{"@id":"https:\/\/jeaken.com\/sv\/produkt\/l-glutamin-kapslar-500mg-for-muskelgenerering-och-aterhamtning-120-kapslar\/#breadcrumb"},"inLanguage":"sv-SE","potentialAction":[{"@type":"ReadAction","target":["https:\/\/jeaken.com\/sv\/produkt\/l-glutamin-kapslar-500mg-for-muskelgenerering-och-aterhamtning-120-kapslar\/"]}]},{"@type":"ImageObject","inLanguage":"sv-SE","@id":"https:\/\/jeaken.com\/sv\/produkt\/l-glutamin-kapslar-500mg-for-muskelgenerering-och-aterhamtning-120-kapslar\/#primaryimage","url":"https:\/\/jeaken.com\/wp-content\/uploads\/2022\/07\/L-Glutamine.jpg","contentUrl":"https:\/\/jeaken.com\/wp-content\/uploads\/2022\/07\/L-Glutamine.jpg","width":512,"height":600,"caption":"L-Glutamine Capsules (500mg) \u2013 For Muscle Generation and Recovery (120 Capsules)"},{"@type":"BreadcrumbList","@id":"https:\/\/jeaken.com\/sv\/produkt\/l-glutamin-kapslar-500mg-for-muskelgenerering-och-aterhamtning-120-kapslar\/#breadcrumb","itemListElement":[{"@type":"ListItem","position":1,"name":"Home","item":"https:\/\/jeaken.com\/sv\/"},{"@type":"ListItem","position":2,"name":"Private: Shop","item":"https:\/\/jeaken.com\/shop\/"},{"@type":"ListItem","position":3,"name":"L-Glutamin kapslar (500mg) &#8211; F\u00f6r muskelgenerering och \u00e5terh\u00e4mtning (120 kapslar)"}]},{"@type":"WebSite","@id":"https:\/\/jeaken.com\/sv\/#website","url":"https:\/\/jeaken.com\/sv\/","name":"JeaKen","description":"Organic Supplements for Health, Fitness and Nutrition","publisher":{"@id":"https:\/\/jeaken.com\/sv\/#organization"},"potentialAction":[{"@type":"SearchAction","target":{"@type":"EntryPoint","urlTemplate":"https:\/\/jeaken.com\/sv\/?s={search_term_string}"},"query-input":"required name=search_term_string"}],"inLanguage":"sv-SE"},{"@type":"Organization","@id":"https:\/\/jeaken.com\/sv\/#organization","name":"JeaKen","url":"https:\/\/jeaken.com\/sv\/","logo":{"@type":"ImageObject","inLanguage":"sv-SE","@id":"https:\/\/jeaken.com\/sv\/#\/schema\/logo\/image\/","url":"https:\/\/jeaken.com\/wp-content\/uploads\/2022\/06\/jeaken-logo-23.png","contentUrl":"https:\/\/jeaken.com\/wp-content\/uploads\/2022\/06\/jeaken-logo-23.png","width":2486,"height":736,"caption":"JeaKen"},"image":{"@id":"https:\/\/jeaken.com\/sv\/#\/schema\/logo\/image\/"}}]}},"jetpack_sharing_enabled":true,"_links":{"self":[{"href":"https:\/\/jeaken.com\/sv\/wp-json\/wp\/v2\/product\/6941","targetHints":{"allow":["GET"]}}],"collection":[{"href":"https:\/\/jeaken.com\/sv\/wp-json\/wp\/v2\/product"}],"about":[{"href":"https:\/\/jeaken.com\/sv\/wp-json\/wp\/v2\/types\/product"}],"wp:featuredmedia":[{"embeddable":true,"href":"https:\/\/jeaken.com\/sv\/wp-json\/wp\/v2\/media\/16043"}],"wp:attachment":[{"href":"https:\/\/jeaken.com\/sv\/wp-json\/wp\/v2\/media?parent=6941"}],"wp:term":[{"taxonomy":"product_cat","embeddable":true,"href":"https:\/\/jeaken.com\/sv\/wp-json\/wp\/v2\/product_cat?post=6941"},{"taxonomy":"product_tag","embeddable":true,"href":"https:\/\/jeaken.com\/sv\/wp-json\/wp\/v2\/product_tag?post=6941"}],"curies":[{"name":"wp","href":"https:\/\/api.w.org\/{rel}","templated":true}]}}