{"id":6940,"date":"2022-07-21T19:18:17","date_gmt":"2022-07-21T18:18:17","guid":{"rendered":"https:\/1658920591610?product=full-spectrum-chaga-mushroom-powder-extract-41-90-veganska-kapslar"},"modified":"2022-08-09T15:16:07","modified_gmt":"2022-08-09T14:16:07","slug":"full-spectrum-chaga-mushroom-powder-extract-41-90-veganska-kapslar","status":"publish","type":"product","link":"https:\/\/jeaken.com\/sv\/produkt\/full-spectrum-chaga-mushroom-powder-extract-41-90-veganska-kapslar\/","title":{"rendered":"Full Spectrum Chaga Mushroom Powder Extract 4:1 (90 Veganska kapslar)"},"content":{"rendered":"<p><strong>FLERA H\u00c4LSOF\u00d6RDELAR  <\/strong><\/p>\n<p>V\u00e5ra gluten-, mejeri- och sojafria kapslar med chagasvamp har m\u00e5nga h\u00e4lsof\u00f6rdelar. I \u00e5rhundraden har Chaga anv\u00e4nts traditionellt f\u00f6r att hj\u00e4lpa immunf\u00f6rsvaret att fungera och f\u00f6r att f\u00f6rb\u00e4ttra den allm\u00e4nna h\u00e4lsan. V\u00e5rt premiumextrakt \u00e4r fyllt med antioxidantkraft och hj\u00e4lper kroppen att bek\u00e4mpa fria radikaler som angriper cellerna.<\/p>\n<p><strong>NATURLIG ENERGIBOOSTER  <\/strong><\/p>\n<p>Chagasvampar \u00e4r fulla av antioxidanter. Denna energigivande adaptogen \u00f6kar naturligt energi och uth\u00e5llighet och hj\u00e4lper till att bromsa \u00e5ldrandet. Det anses ocks\u00e5 allm\u00e4nt att<br \/>\nChagasvampar inneh\u00e5ller egenskaper mot cancer.<\/p>\n<p><strong>ST\u00d6DER ETT FRISKT IMMUNF\u00d6RSVAR<\/strong><\/p>\n<p>Chaga-svampen hj\u00e4lper till att minska inflammation och dess antioxidativa och immunf\u00f6rsvarsst\u00f6djande egenskaper hj\u00e4lper till att minska oxidativ stress i kroppen. Detta kraftfulla tillskott \u00e4r en utm\u00e4rkt h\u00e4lsost\u00e4rkande och avgiftande produkt med viktiga f\u00f6reningar f\u00f6r att st\u00e4rka immunsystemets funktion och ett h\u00e4lsosamt blodtryck.<\/p>\n<p><strong>SNABBT OCH BEKV\u00c4MT  <\/strong><\/p>\n<p>Det kan inte vara enklare att anv\u00e4nda dessa kapslar! Tills\u00e4tt dem helt enkelt direkt i ditt kaffe eller anv\u00e4nd dem f\u00f6r att g\u00f6ra ett h\u00e4lsosamt \u00f6rtte, en smoothie eller en shake efter tr\u00e4ningen.<\/p>\n","protected":false},"excerpt":{"rendered":"<h4><b>Traditionellt h\u00e4lsofr\u00e4mjande till\u00e4gg f\u00f6r \u00f6kad energi och ett friskt immunf\u00f6rsvar.<\/b><\/h4>\n","protected":false},"featured_media":15931,"template":"","meta":{"site-sidebar-layout":"default","site-content-layout":"default","ast-site-content-layout":"default","site-content-style":"default","site-sidebar-style":"default","ast-global-header-display":"","ast-banner-title-visibility":"","ast-main-header-display":"","ast-hfb-above-header-display":"","ast-hfb-below-header-display":"","ast-hfb-mobile-header-display":"","site-post-title":"","ast-breadcrumbs-content":"","ast-featured-img":"","footer-sml-layout":"","theme-transparent-header-meta":"default","adv-header-id-meta":"","stick-header-meta":"default","header-above-stick-meta":"","header-main-stick-meta":"","header-below-stick-meta":"","astra-migrate-meta-layouts":"default","ast-page-background-enabled":"default","ast-page-background-meta":{"desktop":{"background-color":"","background-image":"","background-repeat":"repeat","background-position":"center center","background-size":"auto","background-attachment":"scroll","background-type":"","background-media":"","overlay-type":"","overlay-color":"","overlay-opacity":"","overlay-gradient":""},"tablet":{"background-color":"","background-image":"","background-repeat":"repeat","background-position":"center center","background-size":"auto","background-attachment":"scroll","background-type":"","background-media":"","overlay-type":"","overlay-color":"","overlay-opacity":"","overlay-gradient":""},"mobile":{"background-color":"","background-image":"","background-repeat":"repeat","background-position":"center center","background-size":"auto","background-attachment":"scroll","background-type":"","background-media":"","overlay-type":"","overlay-color":"","overlay-opacity":"","overlay-gradient":""}},"ast-content-background-meta":{"desktop":{"background-color":"var(--ast-global-color-5)","background-image":"","background-repeat":"repeat","background-position":"center center","background-size":"auto","background-attachment":"scroll","background-type":"","background-media":"","overlay-type":"","overlay-color":"","overlay-opacity":"","overlay-gradient":""},"tablet":{"background-color":"var(--ast-global-color-5)","background-image":"","background-repeat":"repeat","background-position":"center center","background-size":"auto","background-attachment":"scroll","background-type":"","background-media":"","overlay-type":"","overlay-color":"","overlay-opacity":"","overlay-gradient":""},"mobile":{"background-color":"var(--ast-global-color-5)","background-image":"","background-repeat":"repeat","background-position":"center center","background-size":"auto","background-attachment":"scroll","background-type":"","background-media":"","overlay-type":"","overlay-color":"","overlay-opacity":"","overlay-gradient":""}}},"product_cat":[560],"product_tag":[1470,1465,1478,1476,1463,1474,1481,1482,1484,1473,1483,1486,1488,1468,1485,1490],"class_list":{"0":"post-6940","1":"product","2":"type-product","3":"status-publish","4":"has-post-thumbnail","6":"product_cat-immunhalsa","7":"product_tag-blabarspulver","8":"product_tag-chaga-svamp-pulver","9":"product_tag-chaga-te","10":"product_tag-chagapulver","11":"product_tag-chagasvamp","12":"product_tag-chagasvampar","13":"product_tag-curryblad","14":"product_tag-fyra-sigmatics","15":"product_tag-indigo-orter","16":"product_tag-kardemummapulver","17":"product_tag-malet-vaniljpulver","18":"product_tag-persisk-saffran","19":"product_tag-rent-vaniljpulver","20":"product_tag-svamppulver","21":"product_tag-svampte","22":"product_tag-vaniljpulver","23":"has-subscription-plans","24":"desktop-align-left","25":"tablet-align-left","26":"mobile-align-left","28":"first","29":"instock","30":"sale","31":"taxable","32":"shipping-taxable","33":"purchasable","34":"product-type-simple"},"yoast_head":"<!-- This site is optimized with the Yoast SEO plugin v22.7 - https:\/\/yoast.com\/wordpress\/plugins\/seo\/ -->\n<title>Full Spectrum Chaga Mushroom Powder Extract 4:1 (90 Veganska kapslar) - JeaKen<\/title>\n<meta name=\"robots\" content=\"index, follow, max-snippet:-1, max-image-preview:large, max-video-preview:-1\" \/>\n<link rel=\"canonical\" href=\"https:\/\/jeaken.com\/sv\/produkt\/full-spectrum-chaga-mushroom-powder-extract-41-90-veganska-kapslar\/\" \/>\n<meta property=\"og:locale\" content=\"sv_SE\" \/>\n<meta property=\"og:type\" content=\"article\" \/>\n<meta property=\"og:title\" content=\"Full Spectrum Chaga Mushroom Powder Extract 4:1 (90 Veganska kapslar) - JeaKen\" \/>\n<meta property=\"og:description\" content=\"Traditionellt h\u00e4lsofr\u00e4mjande till\u00e4gg f\u00f6r \u00f6kad energi och ett friskt immunf\u00f6rsvar.\" \/>\n<meta property=\"og:url\" content=\"https:\/\/jeaken.com\/sv\/produkt\/full-spectrum-chaga-mushroom-powder-extract-41-90-veganska-kapslar\/\" \/>\n<meta property=\"og:site_name\" content=\"JeaKen\" \/>\n<meta property=\"article:modified_time\" content=\"2022-08-09T14:16:07+00:00\" \/>\n<meta property=\"og:image\" content=\"https:\/\/jeaken.com\/wp-content\/uploads\/2022\/07\/Chaga.jpg\" \/>\n\t<meta property=\"og:image:width\" content=\"512\" \/>\n\t<meta property=\"og:image:height\" content=\"600\" \/>\n\t<meta property=\"og:image:type\" content=\"image\/jpeg\" \/>\n<meta name=\"twitter:card\" content=\"summary_large_image\" \/>\n<meta name=\"twitter:label1\" content=\"Est. reading time\" \/>\n\t<meta name=\"twitter:data1\" content=\"1 minute\" \/>\n<script type=\"application\/ld+json\" class=\"yoast-schema-graph\">{\"@context\":\"https:\/\/schema.org\",\"@graph\":[{\"@type\":\"WebPage\",\"@id\":\"https:\/\/jeaken.com\/sv\/produkt\/full-spectrum-chaga-mushroom-powder-extract-41-90-veganska-kapslar\/\",\"url\":\"https:\/\/jeaken.com\/sv\/produkt\/full-spectrum-chaga-mushroom-powder-extract-41-90-veganska-kapslar\/\",\"name\":\"Full Spectrum Chaga Mushroom Powder Extract 4:1 (90 Veganska kapslar) - JeaKen\",\"isPartOf\":{\"@id\":\"https:\/\/jeaken.com\/sv\/#website\"},\"primaryImageOfPage\":{\"@id\":\"https:\/\/jeaken.com\/sv\/produkt\/full-spectrum-chaga-mushroom-powder-extract-41-90-veganska-kapslar\/#primaryimage\"},\"image\":{\"@id\":\"https:\/\/jeaken.com\/sv\/produkt\/full-spectrum-chaga-mushroom-powder-extract-41-90-veganska-kapslar\/#primaryimage\"},\"thumbnailUrl\":\"https:\/\/jeaken.com\/wp-content\/uploads\/2022\/07\/Chaga.jpg\",\"datePublished\":\"2022-07-21T18:18:17+00:00\",\"dateModified\":\"2022-08-09T14:16:07+00:00\",\"breadcrumb\":{\"@id\":\"https:\/\/jeaken.com\/sv\/produkt\/full-spectrum-chaga-mushroom-powder-extract-41-90-veganska-kapslar\/#breadcrumb\"},\"inLanguage\":\"sv-SE\",\"potentialAction\":[{\"@type\":\"ReadAction\",\"target\":[\"https:\/\/jeaken.com\/sv\/produkt\/full-spectrum-chaga-mushroom-powder-extract-41-90-veganska-kapslar\/\"]}]},{\"@type\":\"ImageObject\",\"inLanguage\":\"sv-SE\",\"@id\":\"https:\/\/jeaken.com\/sv\/produkt\/full-spectrum-chaga-mushroom-powder-extract-41-90-veganska-kapslar\/#primaryimage\",\"url\":\"https:\/\/jeaken.com\/wp-content\/uploads\/2022\/07\/Chaga.jpg\",\"contentUrl\":\"https:\/\/jeaken.com\/wp-content\/uploads\/2022\/07\/Chaga.jpg\",\"width\":512,\"height\":600,\"caption\":\"Full Spectrum Chaga Mushroom Powder Extract 4:1\"},{\"@type\":\"BreadcrumbList\",\"@id\":\"https:\/\/jeaken.com\/sv\/produkt\/full-spectrum-chaga-mushroom-powder-extract-41-90-veganska-kapslar\/#breadcrumb\",\"itemListElement\":[{\"@type\":\"ListItem\",\"position\":1,\"name\":\"Home\",\"item\":\"https:\/\/jeaken.com\/sv\/\"},{\"@type\":\"ListItem\",\"position\":2,\"name\":\"Private: Shop\",\"item\":\"https:\/\/jeaken.com\/shop\/\"},{\"@type\":\"ListItem\",\"position\":3,\"name\":\"Full Spectrum Chaga Mushroom Powder Extract 4:1 (90 Veganska kapslar)\"}]},{\"@type\":\"WebSite\",\"@id\":\"https:\/\/jeaken.com\/sv\/#website\",\"url\":\"https:\/\/jeaken.com\/sv\/\",\"name\":\"JeaKen\",\"description\":\"Organic Supplements for Health, Fitness and Nutrition\",\"publisher\":{\"@id\":\"https:\/\/jeaken.com\/sv\/#organization\"},\"potentialAction\":[{\"@type\":\"SearchAction\",\"target\":{\"@type\":\"EntryPoint\",\"urlTemplate\":\"https:\/\/jeaken.com\/sv\/?s={search_term_string}\"},\"query-input\":\"required name=search_term_string\"}],\"inLanguage\":\"sv-SE\"},{\"@type\":\"Organization\",\"@id\":\"https:\/\/jeaken.com\/sv\/#organization\",\"name\":\"JeaKen\",\"url\":\"https:\/\/jeaken.com\/sv\/\",\"logo\":{\"@type\":\"ImageObject\",\"inLanguage\":\"sv-SE\",\"@id\":\"https:\/\/jeaken.com\/sv\/#\/schema\/logo\/image\/\",\"url\":\"https:\/\/jeaken.com\/wp-content\/uploads\/2022\/06\/jeaken-logo-23.png\",\"contentUrl\":\"https:\/\/jeaken.com\/wp-content\/uploads\/2022\/06\/jeaken-logo-23.png\",\"width\":2486,\"height\":736,\"caption\":\"JeaKen\"},\"image\":{\"@id\":\"https:\/\/jeaken.com\/sv\/#\/schema\/logo\/image\/\"}}]}<\/script>\n<!-- \/ Yoast SEO plugin. -->","yoast_head_json":{"title":"Full Spectrum Chaga Mushroom Powder Extract 4:1 (90 Veganska kapslar) - JeaKen","robots":{"index":"index","follow":"follow","max-snippet":"max-snippet:-1","max-image-preview":"max-image-preview:large","max-video-preview":"max-video-preview:-1"},"canonical":"https:\/\/jeaken.com\/sv\/produkt\/full-spectrum-chaga-mushroom-powder-extract-41-90-veganska-kapslar\/","og_locale":"sv_SE","og_type":"article","og_title":"Full Spectrum Chaga Mushroom Powder Extract 4:1 (90 Veganska kapslar) - JeaKen","og_description":"Traditionellt h\u00e4lsofr\u00e4mjande till\u00e4gg f\u00f6r \u00f6kad energi och ett friskt immunf\u00f6rsvar.","og_url":"https:\/\/jeaken.com\/sv\/produkt\/full-spectrum-chaga-mushroom-powder-extract-41-90-veganska-kapslar\/","og_site_name":"JeaKen","article_modified_time":"2022-08-09T14:16:07+00:00","og_image":[{"width":512,"height":600,"url":"https:\/\/jeaken.com\/wp-content\/uploads\/2022\/07\/Chaga.jpg","type":"image\/jpeg"}],"twitter_card":"summary_large_image","twitter_misc":{"Est. reading time":"1 minute"},"schema":{"@context":"https:\/\/schema.org","@graph":[{"@type":"WebPage","@id":"https:\/\/jeaken.com\/sv\/produkt\/full-spectrum-chaga-mushroom-powder-extract-41-90-veganska-kapslar\/","url":"https:\/\/jeaken.com\/sv\/produkt\/full-spectrum-chaga-mushroom-powder-extract-41-90-veganska-kapslar\/","name":"Full Spectrum Chaga Mushroom Powder Extract 4:1 (90 Veganska kapslar) - JeaKen","isPartOf":{"@id":"https:\/\/jeaken.com\/sv\/#website"},"primaryImageOfPage":{"@id":"https:\/\/jeaken.com\/sv\/produkt\/full-spectrum-chaga-mushroom-powder-extract-41-90-veganska-kapslar\/#primaryimage"},"image":{"@id":"https:\/\/jeaken.com\/sv\/produkt\/full-spectrum-chaga-mushroom-powder-extract-41-90-veganska-kapslar\/#primaryimage"},"thumbnailUrl":"https:\/\/jeaken.com\/wp-content\/uploads\/2022\/07\/Chaga.jpg","datePublished":"2022-07-21T18:18:17+00:00","dateModified":"2022-08-09T14:16:07+00:00","breadcrumb":{"@id":"https:\/\/jeaken.com\/sv\/produkt\/full-spectrum-chaga-mushroom-powder-extract-41-90-veganska-kapslar\/#breadcrumb"},"inLanguage":"sv-SE","potentialAction":[{"@type":"ReadAction","target":["https:\/\/jeaken.com\/sv\/produkt\/full-spectrum-chaga-mushroom-powder-extract-41-90-veganska-kapslar\/"]}]},{"@type":"ImageObject","inLanguage":"sv-SE","@id":"https:\/\/jeaken.com\/sv\/produkt\/full-spectrum-chaga-mushroom-powder-extract-41-90-veganska-kapslar\/#primaryimage","url":"https:\/\/jeaken.com\/wp-content\/uploads\/2022\/07\/Chaga.jpg","contentUrl":"https:\/\/jeaken.com\/wp-content\/uploads\/2022\/07\/Chaga.jpg","width":512,"height":600,"caption":"Full Spectrum Chaga Mushroom Powder Extract 4:1"},{"@type":"BreadcrumbList","@id":"https:\/\/jeaken.com\/sv\/produkt\/full-spectrum-chaga-mushroom-powder-extract-41-90-veganska-kapslar\/#breadcrumb","itemListElement":[{"@type":"ListItem","position":1,"name":"Home","item":"https:\/\/jeaken.com\/sv\/"},{"@type":"ListItem","position":2,"name":"Private: Shop","item":"https:\/\/jeaken.com\/shop\/"},{"@type":"ListItem","position":3,"name":"Full Spectrum Chaga Mushroom Powder Extract 4:1 (90 Veganska kapslar)"}]},{"@type":"WebSite","@id":"https:\/\/jeaken.com\/sv\/#website","url":"https:\/\/jeaken.com\/sv\/","name":"JeaKen","description":"Organic Supplements for Health, Fitness and Nutrition","publisher":{"@id":"https:\/\/jeaken.com\/sv\/#organization"},"potentialAction":[{"@type":"SearchAction","target":{"@type":"EntryPoint","urlTemplate":"https:\/\/jeaken.com\/sv\/?s={search_term_string}"},"query-input":"required name=search_term_string"}],"inLanguage":"sv-SE"},{"@type":"Organization","@id":"https:\/\/jeaken.com\/sv\/#organization","name":"JeaKen","url":"https:\/\/jeaken.com\/sv\/","logo":{"@type":"ImageObject","inLanguage":"sv-SE","@id":"https:\/\/jeaken.com\/sv\/#\/schema\/logo\/image\/","url":"https:\/\/jeaken.com\/wp-content\/uploads\/2022\/06\/jeaken-logo-23.png","contentUrl":"https:\/\/jeaken.com\/wp-content\/uploads\/2022\/06\/jeaken-logo-23.png","width":2486,"height":736,"caption":"JeaKen"},"image":{"@id":"https:\/\/jeaken.com\/sv\/#\/schema\/logo\/image\/"}}]}},"jetpack_sharing_enabled":true,"_links":{"self":[{"href":"https:\/\/jeaken.com\/sv\/wp-json\/wp\/v2\/product\/6940","targetHints":{"allow":["GET"]}}],"collection":[{"href":"https:\/\/jeaken.com\/sv\/wp-json\/wp\/v2\/product"}],"about":[{"href":"https:\/\/jeaken.com\/sv\/wp-json\/wp\/v2\/types\/product"}],"wp:featuredmedia":[{"embeddable":true,"href":"https:\/\/jeaken.com\/sv\/wp-json\/wp\/v2\/media\/15931"}],"wp:attachment":[{"href":"https:\/\/jeaken.com\/sv\/wp-json\/wp\/v2\/media?parent=6940"}],"wp:term":[{"taxonomy":"product_cat","embeddable":true,"href":"https:\/\/jeaken.com\/sv\/wp-json\/wp\/v2\/product_cat?post=6940"},{"taxonomy":"product_tag","embeddable":true,"href":"https:\/\/jeaken.com\/sv\/wp-json\/wp\/v2\/product_tag?post=6940"}],"curies":[{"name":"wp","href":"https:\/\/api.w.org\/{rel}","templated":true}]}}