{"id":6931,"date":"2022-07-21T19:18:17","date_gmt":"2022-07-21T18:18:17","guid":{"rendered":"https:\/1658920591610?product=appelcidervinager-metabolism-booster-och-detox-forstarkt-med-seagreens-gront-te-och-krom-120-kapslar"},"modified":"2022-08-09T15:15:55","modified_gmt":"2022-08-09T14:15:55","slug":"appelcidervinager-metabolism-booster-och-detox-forstarkt-med-seagreens-gront-te-och-krom-120-kapslar","status":"publish","type":"product","link":"https:\/\/jeaken.com\/sv\/produkt\/appelcidervinager-metabolism-booster-och-detox-forstarkt-med-seagreens-gront-te-och-krom-120-kapslar\/","title":{"rendered":"\u00c4ppelcidervin\u00e4ger &#8211; Metabolism Booster och Detox &#8211; F\u00f6rst\u00e4rkt med Seagreens, gr\u00f6nt te och krom (120 kapslar)"},"content":{"rendered":"<p><strong>FLERA H\u00c4LSOF\u00d6RDELAR  <\/strong><\/p>\n<p>\u00c4ppelcidervin\u00e4ger anv\u00e4ndes av Hippokrates (den moderna medicinens fader) f\u00f6r \u00f6ver 2000 \u00e5r sedan och s\u00e4gs bidra till en m\u00e4ngd fantastiska h\u00e4lsof\u00f6rdelar, bland annat f\u00f6rb\u00e4ttrad matsm\u00e4ltning, \u00f6kade energiniv\u00e5er och f\u00f6rb\u00e4ttrad \u00e4mnesoms\u00e4ttning. V\u00e5ra kapslar med h\u00f6g styrka av \u00e4ppelcidervin\u00e4ger ger dessa kraftfulla f\u00f6rdelar i kapslar som \u00e4r l\u00e4tta att sv\u00e4lja.<\/p>\n<p><strong>ST\u00d6DER H\u00c4LSOSAM VIKTMINSKNING  <\/strong><\/p>\n<p>Flera nyligen genomf\u00f6rda studier har visat att \u00e4ppelcidervin\u00e4ger kan hj\u00e4lpa dig att g\u00e5 ner i vikt n\u00e4r den tas som en del av en h\u00e4lsosam kost. Det kan ocks\u00e5 underl\u00e4tta matsm\u00e4ltningen och f\u00f6rb\u00e4ttra din allm\u00e4nna h\u00e4lsa genom att hj\u00e4lpa dig att ta upp mer n\u00e4rings\u00e4mnen i maten.<\/p>\n<p><strong>UNIK BLANDNING  <\/strong><\/p>\n<p>V\u00e5ra f\u00f6rstklassiga kapslar med \u00e4ppelcidervin\u00e4ger ger optimala resultat tack vare den unika blandningen av havsv\u00e4xter, gr\u00f6nt te och krom. Din h\u00e4lsa \u00e4r v\u00e5r prioritet. V\u00e5ra kapslar tillverkas i Storbritannien enligt strikta s\u00e4kerhetsriktlinjer (GMP code of practice) f\u00f6r att s\u00e4kerst\u00e4lla styrka, kvalitet och effektivitet.<\/p>\n<p><strong>L\u00c4MPLIG F\u00d6R VEGANER OCH VEGETARIANER  <\/strong><\/p>\n<p>V\u00e5ra kapslar med \u00e4ppelcidervin\u00e4ger \u00e4r tillverkade av 100 % f\u00f6rstklassiga v\u00e4xtbaserade ingredienser. V\u00e5ra kapslar \u00e4r glutenfria, laktosfria, GMP-kompatibla, GMO-fria och 100 % veganska.<\/p>\n","protected":false},"excerpt":{"rendered":"<h4><strong>En f\u00f6rstklassig naturlig blandning f\u00f6r en h\u00e4lsosammare och smalare du!  <\/strong><\/h4>\n","protected":false},"featured_media":15875,"template":"","meta":{"site-sidebar-layout":"default","site-content-layout":"default","ast-site-content-layout":"default","site-content-style":"default","site-sidebar-style":"default","ast-global-header-display":"","ast-banner-title-visibility":"","ast-main-header-display":"","ast-hfb-above-header-display":"","ast-hfb-below-header-display":"","ast-hfb-mobile-header-display":"","site-post-title":"","ast-breadcrumbs-content":"","ast-featured-img":"","footer-sml-layout":"","theme-transparent-header-meta":"default","adv-header-id-meta":"","stick-header-meta":"default","header-above-stick-meta":"","header-main-stick-meta":"","header-below-stick-meta":"","astra-migrate-meta-layouts":"default","ast-page-background-enabled":"default","ast-page-background-meta":{"desktop":{"background-color":"","background-image":"","background-repeat":"repeat","background-position":"center center","background-size":"auto","background-attachment":"scroll","background-type":"","background-media":"","overlay-type":"","overlay-color":"","overlay-opacity":"","overlay-gradient":""},"tablet":{"background-color":"","background-image":"","background-repeat":"repeat","background-position":"center center","background-size":"auto","background-attachment":"scroll","background-type":"","background-media":"","overlay-type":"","overlay-color":"","overlay-opacity":"","overlay-gradient":""},"mobile":{"background-color":"","background-image":"","background-repeat":"repeat","background-position":"center center","background-size":"auto","background-attachment":"scroll","background-type":"","background-media":"","overlay-type":"","overlay-color":"","overlay-opacity":"","overlay-gradient":""}},"ast-content-background-meta":{"desktop":{"background-color":"var(--ast-global-color-5)","background-image":"","background-repeat":"repeat","background-position":"center center","background-size":"auto","background-attachment":"scroll","background-type":"","background-media":"","overlay-type":"","overlay-color":"","overlay-opacity":"","overlay-gradient":""},"tablet":{"background-color":"var(--ast-global-color-5)","background-image":"","background-repeat":"repeat","background-position":"center center","background-size":"auto","background-attachment":"scroll","background-type":"","background-media":"","overlay-type":"","overlay-color":"","overlay-opacity":"","overlay-gradient":""},"mobile":{"background-color":"var(--ast-global-color-5)","background-image":"","background-repeat":"repeat","background-position":"center center","background-size":"auto","background-attachment":"scroll","background-type":"","background-media":"","overlay-type":"","overlay-color":"","overlay-opacity":"","overlay-gradient":""}}},"product_cat":[680,679,1303],"product_tag":[1385,1387,1386,1388,1325,1322,1369,1341,1389,1383,1390,1391,1392,1394,1395,1380,1378,1381],"class_list":{"0":"post-6931","1":"product","2":"type-product","3":"status-publish","4":"has-post-thumbnail","6":"product_cat-lindring-av-uppblasthet","7":"product_cat-matsmaltningshalsa","8":"product_cat-viktminskning","9":"product_tag-appelcidervinager","10":"product_tag-appelcidervinager-gummies","11":"product_tag-appelcidervinager-kapslar","12":"product_tag-appelcidervinager-tabletter","13":"product_tag-aptitnedsattande-for-viktminskning","14":"product_tag-aptitnedsattande-medel","15":"product_tag-bantningspiller","16":"product_tag-fett-brannare-for-man-viktminskning","17":"product_tag-goli-appelcidervinager-gummies","18":"product_tag-goli-gummies-sv","19":"product_tag-keto-diet-piller","20":"product_tag-keto-diet-piller-dragons-den","21":"product_tag-keto-diet-tabletter","22":"product_tag-keto-piller","23":"product_tag-keto-pure-sv","24":"product_tag-piller-for-viktminskning","25":"product_tag-tabletter-for-vattenretention","26":"product_tag-viktminskning-piller-som-fungerar-snabbt","27":"has-subscription-plans","28":"desktop-align-left","29":"tablet-align-left","30":"mobile-align-left","32":"first","33":"instock","34":"sale","35":"taxable","36":"shipping-taxable","37":"purchasable","38":"product-type-simple"},"yoast_head":"<!-- This site is optimized with the Yoast SEO plugin v22.7 - https:\/\/yoast.com\/wordpress\/plugins\/seo\/ -->\n<title>\u00c4ppelcidervin\u00e4ger - Metabolism Booster och Detox - F\u00f6rst\u00e4rkt med Seagreens, gr\u00f6nt te och krom (120 kapslar) - JeaKen<\/title>\n<meta name=\"robots\" content=\"index, follow, max-snippet:-1, max-image-preview:large, max-video-preview:-1\" \/>\n<link rel=\"canonical\" href=\"https:\/\/jeaken.com\/sv\/produkt\/appelcidervinager-metabolism-booster-och-detox-forstarkt-med-seagreens-gront-te-och-krom-120-kapslar\/\" \/>\n<meta property=\"og:locale\" content=\"sv_SE\" \/>\n<meta property=\"og:type\" content=\"article\" \/>\n<meta property=\"og:title\" content=\"\u00c4ppelcidervin\u00e4ger - Metabolism Booster och Detox - F\u00f6rst\u00e4rkt med Seagreens, gr\u00f6nt te och krom (120 kapslar) - JeaKen\" \/>\n<meta property=\"og:description\" content=\"En f\u00f6rstklassig naturlig blandning f\u00f6r en h\u00e4lsosammare och smalare du!\" \/>\n<meta property=\"og:url\" content=\"https:\/\/jeaken.com\/sv\/produkt\/appelcidervinager-metabolism-booster-och-detox-forstarkt-med-seagreens-gront-te-och-krom-120-kapslar\/\" \/>\n<meta property=\"og:site_name\" content=\"JeaKen\" \/>\n<meta property=\"article:modified_time\" content=\"2022-08-09T14:15:55+00:00\" \/>\n<meta property=\"og:image\" content=\"https:\/\/jeaken.com\/wp-content\/uploads\/2022\/07\/510x600.jpg\" \/>\n\t<meta property=\"og:image:width\" content=\"512\" \/>\n\t<meta property=\"og:image:height\" content=\"600\" \/>\n\t<meta property=\"og:image:type\" content=\"image\/jpeg\" \/>\n<meta name=\"twitter:card\" content=\"summary_large_image\" \/>\n<meta name=\"twitter:label1\" content=\"Est. reading time\" \/>\n\t<meta name=\"twitter:data1\" content=\"1 minute\" \/>\n<script type=\"application\/ld+json\" class=\"yoast-schema-graph\">{\"@context\":\"https:\/\/schema.org\",\"@graph\":[{\"@type\":\"WebPage\",\"@id\":\"https:\/\/jeaken.com\/sv\/produkt\/appelcidervinager-metabolism-booster-och-detox-forstarkt-med-seagreens-gront-te-och-krom-120-kapslar\/\",\"url\":\"https:\/\/jeaken.com\/sv\/produkt\/appelcidervinager-metabolism-booster-och-detox-forstarkt-med-seagreens-gront-te-och-krom-120-kapslar\/\",\"name\":\"\u00c4ppelcidervin\u00e4ger - Metabolism Booster och Detox - F\u00f6rst\u00e4rkt med Seagreens, gr\u00f6nt te och krom (120 kapslar) - JeaKen\",\"isPartOf\":{\"@id\":\"https:\/\/jeaken.com\/sv\/#website\"},\"primaryImageOfPage\":{\"@id\":\"https:\/\/jeaken.com\/sv\/produkt\/appelcidervinager-metabolism-booster-och-detox-forstarkt-med-seagreens-gront-te-och-krom-120-kapslar\/#primaryimage\"},\"image\":{\"@id\":\"https:\/\/jeaken.com\/sv\/produkt\/appelcidervinager-metabolism-booster-och-detox-forstarkt-med-seagreens-gront-te-och-krom-120-kapslar\/#primaryimage\"},\"thumbnailUrl\":\"https:\/\/jeaken.com\/wp-content\/uploads\/2022\/07\/510x600.jpg\",\"datePublished\":\"2022-07-21T18:18:17+00:00\",\"dateModified\":\"2022-08-09T14:15:55+00:00\",\"breadcrumb\":{\"@id\":\"https:\/\/jeaken.com\/sv\/produkt\/appelcidervinager-metabolism-booster-och-detox-forstarkt-med-seagreens-gront-te-och-krom-120-kapslar\/#breadcrumb\"},\"inLanguage\":\"sv-SE\",\"potentialAction\":[{\"@type\":\"ReadAction\",\"target\":[\"https:\/\/jeaken.com\/sv\/produkt\/appelcidervinager-metabolism-booster-och-detox-forstarkt-med-seagreens-gront-te-och-krom-120-kapslar\/\"]}]},{\"@type\":\"ImageObject\",\"inLanguage\":\"sv-SE\",\"@id\":\"https:\/\/jeaken.com\/sv\/produkt\/appelcidervinager-metabolism-booster-och-detox-forstarkt-med-seagreens-gront-te-och-krom-120-kapslar\/#primaryimage\",\"url\":\"https:\/\/jeaken.com\/wp-content\/uploads\/2022\/07\/510x600.jpg\",\"contentUrl\":\"https:\/\/jeaken.com\/wp-content\/uploads\/2022\/07\/510x600.jpg\",\"width\":512,\"height\":600,\"caption\":\"Apple Cider Vinegar - Metabolism Booster and Detox - Enhanced with Seagreens, Green Tea and Chromium\"},{\"@type\":\"BreadcrumbList\",\"@id\":\"https:\/\/jeaken.com\/sv\/produkt\/appelcidervinager-metabolism-booster-och-detox-forstarkt-med-seagreens-gront-te-och-krom-120-kapslar\/#breadcrumb\",\"itemListElement\":[{\"@type\":\"ListItem\",\"position\":1,\"name\":\"Home\",\"item\":\"https:\/\/jeaken.com\/sv\/\"},{\"@type\":\"ListItem\",\"position\":2,\"name\":\"Private: Shop\",\"item\":\"https:\/\/jeaken.com\/shop\/\"},{\"@type\":\"ListItem\",\"position\":3,\"name\":\"\u00c4ppelcidervin\u00e4ger &#8211; Metabolism Booster och Detox &#8211; F\u00f6rst\u00e4rkt med Seagreens, gr\u00f6nt te och krom (120 kapslar)\"}]},{\"@type\":\"WebSite\",\"@id\":\"https:\/\/jeaken.com\/sv\/#website\",\"url\":\"https:\/\/jeaken.com\/sv\/\",\"name\":\"JeaKen\",\"description\":\"Organic Supplements for Health, Fitness and Nutrition\",\"publisher\":{\"@id\":\"https:\/\/jeaken.com\/sv\/#organization\"},\"potentialAction\":[{\"@type\":\"SearchAction\",\"target\":{\"@type\":\"EntryPoint\",\"urlTemplate\":\"https:\/\/jeaken.com\/sv\/?s={search_term_string}\"},\"query-input\":\"required name=search_term_string\"}],\"inLanguage\":\"sv-SE\"},{\"@type\":\"Organization\",\"@id\":\"https:\/\/jeaken.com\/sv\/#organization\",\"name\":\"JeaKen\",\"url\":\"https:\/\/jeaken.com\/sv\/\",\"logo\":{\"@type\":\"ImageObject\",\"inLanguage\":\"sv-SE\",\"@id\":\"https:\/\/jeaken.com\/sv\/#\/schema\/logo\/image\/\",\"url\":\"https:\/\/jeaken.com\/wp-content\/uploads\/2022\/06\/jeaken-logo-23.png\",\"contentUrl\":\"https:\/\/jeaken.com\/wp-content\/uploads\/2022\/06\/jeaken-logo-23.png\",\"width\":2486,\"height\":736,\"caption\":\"JeaKen\"},\"image\":{\"@id\":\"https:\/\/jeaken.com\/sv\/#\/schema\/logo\/image\/\"}}]}<\/script>\n<!-- \/ Yoast SEO plugin. -->","yoast_head_json":{"title":"\u00c4ppelcidervin\u00e4ger - Metabolism Booster och Detox - F\u00f6rst\u00e4rkt med Seagreens, gr\u00f6nt te och krom (120 kapslar) - JeaKen","robots":{"index":"index","follow":"follow","max-snippet":"max-snippet:-1","max-image-preview":"max-image-preview:large","max-video-preview":"max-video-preview:-1"},"canonical":"https:\/\/jeaken.com\/sv\/produkt\/appelcidervinager-metabolism-booster-och-detox-forstarkt-med-seagreens-gront-te-och-krom-120-kapslar\/","og_locale":"sv_SE","og_type":"article","og_title":"\u00c4ppelcidervin\u00e4ger - Metabolism Booster och Detox - F\u00f6rst\u00e4rkt med Seagreens, gr\u00f6nt te och krom (120 kapslar) - JeaKen","og_description":"En f\u00f6rstklassig naturlig blandning f\u00f6r en h\u00e4lsosammare och smalare du!","og_url":"https:\/\/jeaken.com\/sv\/produkt\/appelcidervinager-metabolism-booster-och-detox-forstarkt-med-seagreens-gront-te-och-krom-120-kapslar\/","og_site_name":"JeaKen","article_modified_time":"2022-08-09T14:15:55+00:00","og_image":[{"width":512,"height":600,"url":"https:\/\/jeaken.com\/wp-content\/uploads\/2022\/07\/510x600.jpg","type":"image\/jpeg"}],"twitter_card":"summary_large_image","twitter_misc":{"Est. reading time":"1 minute"},"schema":{"@context":"https:\/\/schema.org","@graph":[{"@type":"WebPage","@id":"https:\/\/jeaken.com\/sv\/produkt\/appelcidervinager-metabolism-booster-och-detox-forstarkt-med-seagreens-gront-te-och-krom-120-kapslar\/","url":"https:\/\/jeaken.com\/sv\/produkt\/appelcidervinager-metabolism-booster-och-detox-forstarkt-med-seagreens-gront-te-och-krom-120-kapslar\/","name":"\u00c4ppelcidervin\u00e4ger - Metabolism Booster och Detox - F\u00f6rst\u00e4rkt med Seagreens, gr\u00f6nt te och krom (120 kapslar) - JeaKen","isPartOf":{"@id":"https:\/\/jeaken.com\/sv\/#website"},"primaryImageOfPage":{"@id":"https:\/\/jeaken.com\/sv\/produkt\/appelcidervinager-metabolism-booster-och-detox-forstarkt-med-seagreens-gront-te-och-krom-120-kapslar\/#primaryimage"},"image":{"@id":"https:\/\/jeaken.com\/sv\/produkt\/appelcidervinager-metabolism-booster-och-detox-forstarkt-med-seagreens-gront-te-och-krom-120-kapslar\/#primaryimage"},"thumbnailUrl":"https:\/\/jeaken.com\/wp-content\/uploads\/2022\/07\/510x600.jpg","datePublished":"2022-07-21T18:18:17+00:00","dateModified":"2022-08-09T14:15:55+00:00","breadcrumb":{"@id":"https:\/\/jeaken.com\/sv\/produkt\/appelcidervinager-metabolism-booster-och-detox-forstarkt-med-seagreens-gront-te-och-krom-120-kapslar\/#breadcrumb"},"inLanguage":"sv-SE","potentialAction":[{"@type":"ReadAction","target":["https:\/\/jeaken.com\/sv\/produkt\/appelcidervinager-metabolism-booster-och-detox-forstarkt-med-seagreens-gront-te-och-krom-120-kapslar\/"]}]},{"@type":"ImageObject","inLanguage":"sv-SE","@id":"https:\/\/jeaken.com\/sv\/produkt\/appelcidervinager-metabolism-booster-och-detox-forstarkt-med-seagreens-gront-te-och-krom-120-kapslar\/#primaryimage","url":"https:\/\/jeaken.com\/wp-content\/uploads\/2022\/07\/510x600.jpg","contentUrl":"https:\/\/jeaken.com\/wp-content\/uploads\/2022\/07\/510x600.jpg","width":512,"height":600,"caption":"Apple Cider Vinegar - Metabolism Booster and Detox - Enhanced with Seagreens, Green Tea and Chromium"},{"@type":"BreadcrumbList","@id":"https:\/\/jeaken.com\/sv\/produkt\/appelcidervinager-metabolism-booster-och-detox-forstarkt-med-seagreens-gront-te-och-krom-120-kapslar\/#breadcrumb","itemListElement":[{"@type":"ListItem","position":1,"name":"Home","item":"https:\/\/jeaken.com\/sv\/"},{"@type":"ListItem","position":2,"name":"Private: Shop","item":"https:\/\/jeaken.com\/shop\/"},{"@type":"ListItem","position":3,"name":"\u00c4ppelcidervin\u00e4ger &#8211; Metabolism Booster och Detox &#8211; F\u00f6rst\u00e4rkt med Seagreens, gr\u00f6nt te och krom (120 kapslar)"}]},{"@type":"WebSite","@id":"https:\/\/jeaken.com\/sv\/#website","url":"https:\/\/jeaken.com\/sv\/","name":"JeaKen","description":"Organic Supplements for Health, Fitness and Nutrition","publisher":{"@id":"https:\/\/jeaken.com\/sv\/#organization"},"potentialAction":[{"@type":"SearchAction","target":{"@type":"EntryPoint","urlTemplate":"https:\/\/jeaken.com\/sv\/?s={search_term_string}"},"query-input":"required name=search_term_string"}],"inLanguage":"sv-SE"},{"@type":"Organization","@id":"https:\/\/jeaken.com\/sv\/#organization","name":"JeaKen","url":"https:\/\/jeaken.com\/sv\/","logo":{"@type":"ImageObject","inLanguage":"sv-SE","@id":"https:\/\/jeaken.com\/sv\/#\/schema\/logo\/image\/","url":"https:\/\/jeaken.com\/wp-content\/uploads\/2022\/06\/jeaken-logo-23.png","contentUrl":"https:\/\/jeaken.com\/wp-content\/uploads\/2022\/06\/jeaken-logo-23.png","width":2486,"height":736,"caption":"JeaKen"},"image":{"@id":"https:\/\/jeaken.com\/sv\/#\/schema\/logo\/image\/"}}]}},"jetpack_sharing_enabled":true,"_links":{"self":[{"href":"https:\/\/jeaken.com\/sv\/wp-json\/wp\/v2\/product\/6931","targetHints":{"allow":["GET"]}}],"collection":[{"href":"https:\/\/jeaken.com\/sv\/wp-json\/wp\/v2\/product"}],"about":[{"href":"https:\/\/jeaken.com\/sv\/wp-json\/wp\/v2\/types\/product"}],"wp:featuredmedia":[{"embeddable":true,"href":"https:\/\/jeaken.com\/sv\/wp-json\/wp\/v2\/media\/15875"}],"wp:attachment":[{"href":"https:\/\/jeaken.com\/sv\/wp-json\/wp\/v2\/media?parent=6931"}],"wp:term":[{"taxonomy":"product_cat","embeddable":true,"href":"https:\/\/jeaken.com\/sv\/wp-json\/wp\/v2\/product_cat?post=6931"},{"taxonomy":"product_tag","embeddable":true,"href":"https:\/\/jeaken.com\/sv\/wp-json\/wp\/v2\/product_tag?post=6931"}],"curies":[{"name":"wp","href":"https:\/\/api.w.org\/{rel}","templated":true}]}}