{"id":6929,"date":"2022-07-21T19:18:22","date_gmt":"2022-07-21T18:18:22","guid":{"rendered":"https:\/1658920591610?product=anti-cellulite-och-skin-firming-lotion-mattad-med-naturliga-fruktextrakt-for-optimalt-resultat-50-ml"},"modified":"2022-08-09T15:15:49","modified_gmt":"2022-08-09T14:15:49","slug":"anti-cellulite-och-skin-firming-lotion-mattad-med-naturliga-fruktextrakt-for-optimalt-resultat-50-ml","status":"publish","type":"product","link":"https:\/\/jeaken.com\/sv\/produkt\/anti-cellulite-och-skin-firming-lotion-mattad-med-naturliga-fruktextrakt-for-optimalt-resultat-50-ml\/","title":{"rendered":"Anti-Cellulite och Skin Firming Lotion &#8211; M\u00e4ttad med naturliga fruktextrakt f\u00f6r optimalt resultat. 50 ml"},"content":{"rendered":"<p><strong>F\u00d6RB\u00c4TTRAR HUDENS UTSEENDE<\/strong><\/p>\n<p><span style=\"font-weight: 400;\">Denna h\u00f6gkvalitativa lotion kan snabbt f\u00f6rb\u00e4ttra hudens utseende p\u00e5 alla omr\u00e5den som du v\u00e4ljer!  <\/span><\/p>\n<p><strong>STRAMAR UPP, TONAR OCH \u00c5TERFUKTAR  <\/strong><\/p>\n<p><span style=\"font-weight: 400;\">V\u00e5r lotion \u00e4r l\u00e4tt att absorbera och inneh\u00e5ller naturliga fruktextrakt som melon, jordgubbar och papaya som tonar, stramar upp och exfolierar huden.<\/span><\/p>\n<p><strong>EFFEKTIV ANTI-CELLULITBEHANDLING  <\/strong><\/p>\n<p><span style=\"font-weight: 400;\">Denna lotion minskar synligt celluliter, stimulerar snabbare f\u00f6rbr\u00e4nning av subkutant fett, eliminerar ih\u00e5llande celluliter, br\u00e4nner o\u00f6nskade fettceller och f\u00f6rhindrar framtida ackumulering av fettv\u00e4vnad och \u00e5terkommande celluliter.<\/span><\/p>\n<p><strong>L\u00c4TT ATT ANV\u00c4NDA  <\/strong><\/p>\n<p><span style=\"font-weight: 400;\">Produkten \u00e4r l\u00e4mplig f\u00f6r k\u00e4nslig hud och \u00e4r l\u00e4tt att anv\u00e4nda. Massera in i huden med cirkul\u00e4ra r\u00f6relser tills lotionen \u00e4r helt absorberad. Applicera en g\u00e5ng om dagen p\u00e5 hela kroppen i minst tre m\u00e5nader.<\/span><\/p>\n<p>&nbsp;<\/p>\n","protected":false},"excerpt":{"rendered":"<h4><span style=\"font-weight: 400;\">Snabbverkande anti-cellulitbehandling som synligt f\u00f6rb\u00e4ttrar hudens utseende.<\/span><\/h4>\n","protected":false},"featured_media":5140,"template":"","meta":{"site-sidebar-layout":"default","site-content-layout":"default","ast-site-content-layout":"default","site-content-style":"default","site-sidebar-style":"default","ast-global-header-display":"","ast-banner-title-visibility":"","ast-main-header-display":"","ast-hfb-above-header-display":"","ast-hfb-below-header-display":"","ast-hfb-mobile-header-display":"","site-post-title":"","ast-breadcrumbs-content":"","ast-featured-img":"","footer-sml-layout":"","theme-transparent-header-meta":"default","adv-header-id-meta":"","stick-header-meta":"default","header-above-stick-meta":"","header-main-stick-meta":"","header-below-stick-meta":"","astra-migrate-meta-layouts":"default","ast-page-background-enabled":"default","ast-page-background-meta":{"desktop":{"background-color":"","background-image":"","background-repeat":"repeat","background-position":"center center","background-size":"auto","background-attachment":"scroll","background-type":"","background-media":"","overlay-type":"","overlay-color":"","overlay-opacity":"","overlay-gradient":""},"tablet":{"background-color":"","background-image":"","background-repeat":"repeat","background-position":"center center","background-size":"auto","background-attachment":"scroll","background-type":"","background-media":"","overlay-type":"","overlay-color":"","overlay-opacity":"","overlay-gradient":""},"mobile":{"background-color":"","background-image":"","background-repeat":"repeat","background-position":"center center","background-size":"auto","background-attachment":"scroll","background-type":"","background-media":"","overlay-type":"","overlay-color":"","overlay-opacity":"","overlay-gradient":""}},"ast-content-background-meta":{"desktop":{"background-color":"var(--ast-global-color-5)","background-image":"","background-repeat":"repeat","background-position":"center center","background-size":"auto","background-attachment":"scroll","background-type":"","background-media":"","overlay-type":"","overlay-color":"","overlay-opacity":"","overlay-gradient":""},"tablet":{"background-color":"var(--ast-global-color-5)","background-image":"","background-repeat":"repeat","background-position":"center center","background-size":"auto","background-attachment":"scroll","background-type":"","background-media":"","overlay-type":"","overlay-color":"","overlay-opacity":"","overlay-gradient":""},"mobile":{"background-color":"var(--ast-global-color-5)","background-image":"","background-repeat":"repeat","background-position":"center center","background-size":"auto","background-attachment":"scroll","background-type":"","background-media":"","overlay-type":"","overlay-color":"","overlay-opacity":"","overlay-gradient":""}}},"product_cat":[513,1352,515,517],"product_tag":[],"class_list":{"0":"post-6929","1":"product","2":"type-product","3":"status-publish","4":"has-post-thumbnail","6":"product_cat-mineraler","7":"product_cat-naring","8":"product_cat-naturlig-skonhet","9":"product_cat-strackmarken-och-celluliter","10":"has-subscription-plans","11":"desktop-align-left","12":"tablet-align-left","13":"mobile-align-left","15":"first","16":"instock","17":"taxable","18":"shipping-taxable","19":"purchasable","20":"product-type-simple"},"yoast_head":"<!-- This site is optimized with the Yoast SEO plugin v22.7 - https:\/\/yoast.com\/wordpress\/plugins\/seo\/ -->\n<title>Anti-Cellulite och Skin Firming Lotion - M\u00e4ttad med naturliga fruktextrakt f\u00f6r optimalt resultat. 50 ml - JeaKen<\/title>\n<meta name=\"robots\" content=\"index, follow, max-snippet:-1, max-image-preview:large, max-video-preview:-1\" \/>\n<link rel=\"canonical\" href=\"https:\/\/jeaken.com\/sv\/produkt\/anti-cellulite-och-skin-firming-lotion-mattad-med-naturliga-fruktextrakt-for-optimalt-resultat-50-ml\/\" \/>\n<meta property=\"og:locale\" content=\"sv_SE\" \/>\n<meta property=\"og:type\" content=\"article\" \/>\n<meta property=\"og:title\" content=\"Anti-Cellulite och Skin Firming Lotion - M\u00e4ttad med naturliga fruktextrakt f\u00f6r optimalt resultat. 50 ml - JeaKen\" \/>\n<meta property=\"og:description\" content=\"Snabbverkande anti-cellulitbehandling som synligt f\u00f6rb\u00e4ttrar hudens utseende.\" \/>\n<meta property=\"og:url\" content=\"https:\/\/jeaken.com\/sv\/produkt\/anti-cellulite-och-skin-firming-lotion-mattad-med-naturliga-fruktextrakt-for-optimalt-resultat-50-ml\/\" \/>\n<meta property=\"og:site_name\" content=\"JeaKen\" \/>\n<meta property=\"article:modified_time\" content=\"2022-08-09T14:15:49+00:00\" \/>\n<meta property=\"og:image\" content=\"https:\/\/jeaken.com\/wp-content\/uploads\/2022\/07\/81xl-3cqTTL._AC_SL1500_.jpg\" \/>\n\t<meta property=\"og:image:width\" content=\"600\" \/>\n\t<meta property=\"og:image:height\" content=\"600\" \/>\n\t<meta property=\"og:image:type\" content=\"image\/jpeg\" \/>\n<meta name=\"twitter:card\" content=\"summary_large_image\" \/>\n<meta name=\"twitter:label1\" content=\"Est. reading time\" \/>\n\t<meta name=\"twitter:data1\" content=\"1 minute\" \/>\n<script type=\"application\/ld+json\" class=\"yoast-schema-graph\">{\"@context\":\"https:\/\/schema.org\",\"@graph\":[{\"@type\":\"WebPage\",\"@id\":\"https:\/\/jeaken.com\/sv\/produkt\/anti-cellulite-och-skin-firming-lotion-mattad-med-naturliga-fruktextrakt-for-optimalt-resultat-50-ml\/\",\"url\":\"https:\/\/jeaken.com\/sv\/produkt\/anti-cellulite-och-skin-firming-lotion-mattad-med-naturliga-fruktextrakt-for-optimalt-resultat-50-ml\/\",\"name\":\"Anti-Cellulite och Skin Firming Lotion - M\u00e4ttad med naturliga fruktextrakt f\u00f6r optimalt resultat. 50 ml - JeaKen\",\"isPartOf\":{\"@id\":\"https:\/\/jeaken.com\/sv\/#website\"},\"primaryImageOfPage\":{\"@id\":\"https:\/\/jeaken.com\/sv\/produkt\/anti-cellulite-och-skin-firming-lotion-mattad-med-naturliga-fruktextrakt-for-optimalt-resultat-50-ml\/#primaryimage\"},\"image\":{\"@id\":\"https:\/\/jeaken.com\/sv\/produkt\/anti-cellulite-och-skin-firming-lotion-mattad-med-naturliga-fruktextrakt-for-optimalt-resultat-50-ml\/#primaryimage\"},\"thumbnailUrl\":\"https:\/\/jeaken.com\/wp-content\/uploads\/2022\/07\/81xl-3cqTTL._AC_SL1500_.jpg\",\"datePublished\":\"2022-07-21T18:18:22+00:00\",\"dateModified\":\"2022-08-09T14:15:49+00:00\",\"breadcrumb\":{\"@id\":\"https:\/\/jeaken.com\/sv\/produkt\/anti-cellulite-och-skin-firming-lotion-mattad-med-naturliga-fruktextrakt-for-optimalt-resultat-50-ml\/#breadcrumb\"},\"inLanguage\":\"sv-SE\",\"potentialAction\":[{\"@type\":\"ReadAction\",\"target\":[\"https:\/\/jeaken.com\/sv\/produkt\/anti-cellulite-och-skin-firming-lotion-mattad-med-naturliga-fruktextrakt-for-optimalt-resultat-50-ml\/\"]}]},{\"@type\":\"ImageObject\",\"inLanguage\":\"sv-SE\",\"@id\":\"https:\/\/jeaken.com\/sv\/produkt\/anti-cellulite-och-skin-firming-lotion-mattad-med-naturliga-fruktextrakt-for-optimalt-resultat-50-ml\/#primaryimage\",\"url\":\"https:\/\/jeaken.com\/wp-content\/uploads\/2022\/07\/81xl-3cqTTL._AC_SL1500_.jpg\",\"contentUrl\":\"https:\/\/jeaken.com\/wp-content\/uploads\/2022\/07\/81xl-3cqTTL._AC_SL1500_.jpg\",\"width\":600,\"height\":600,\"caption\":\"Anti-Cellulite and Skin Firming Lotion\"},{\"@type\":\"BreadcrumbList\",\"@id\":\"https:\/\/jeaken.com\/sv\/produkt\/anti-cellulite-och-skin-firming-lotion-mattad-med-naturliga-fruktextrakt-for-optimalt-resultat-50-ml\/#breadcrumb\",\"itemListElement\":[{\"@type\":\"ListItem\",\"position\":1,\"name\":\"Home\",\"item\":\"https:\/\/jeaken.com\/sv\/\"},{\"@type\":\"ListItem\",\"position\":2,\"name\":\"Private: Shop\",\"item\":\"https:\/\/jeaken.com\/shop\/\"},{\"@type\":\"ListItem\",\"position\":3,\"name\":\"Anti-Cellulite och Skin Firming Lotion &#8211; M\u00e4ttad med naturliga fruktextrakt f\u00f6r optimalt resultat. 50 ml\"}]},{\"@type\":\"WebSite\",\"@id\":\"https:\/\/jeaken.com\/sv\/#website\",\"url\":\"https:\/\/jeaken.com\/sv\/\",\"name\":\"JeaKen\",\"description\":\"Organic Supplements for Health, Fitness and Nutrition\",\"publisher\":{\"@id\":\"https:\/\/jeaken.com\/sv\/#organization\"},\"potentialAction\":[{\"@type\":\"SearchAction\",\"target\":{\"@type\":\"EntryPoint\",\"urlTemplate\":\"https:\/\/jeaken.com\/sv\/?s={search_term_string}\"},\"query-input\":\"required name=search_term_string\"}],\"inLanguage\":\"sv-SE\"},{\"@type\":\"Organization\",\"@id\":\"https:\/\/jeaken.com\/sv\/#organization\",\"name\":\"JeaKen\",\"url\":\"https:\/\/jeaken.com\/sv\/\",\"logo\":{\"@type\":\"ImageObject\",\"inLanguage\":\"sv-SE\",\"@id\":\"https:\/\/jeaken.com\/sv\/#\/schema\/logo\/image\/\",\"url\":\"https:\/\/jeaken.com\/wp-content\/uploads\/2022\/06\/jeaken-logo-23.png\",\"contentUrl\":\"https:\/\/jeaken.com\/wp-content\/uploads\/2022\/06\/jeaken-logo-23.png\",\"width\":2486,\"height\":736,\"caption\":\"JeaKen\"},\"image\":{\"@id\":\"https:\/\/jeaken.com\/sv\/#\/schema\/logo\/image\/\"}}]}<\/script>\n<!-- \/ Yoast SEO plugin. -->","yoast_head_json":{"title":"Anti-Cellulite och Skin Firming Lotion - M\u00e4ttad med naturliga fruktextrakt f\u00f6r optimalt resultat. 50 ml - JeaKen","robots":{"index":"index","follow":"follow","max-snippet":"max-snippet:-1","max-image-preview":"max-image-preview:large","max-video-preview":"max-video-preview:-1"},"canonical":"https:\/\/jeaken.com\/sv\/produkt\/anti-cellulite-och-skin-firming-lotion-mattad-med-naturliga-fruktextrakt-for-optimalt-resultat-50-ml\/","og_locale":"sv_SE","og_type":"article","og_title":"Anti-Cellulite och Skin Firming Lotion - M\u00e4ttad med naturliga fruktextrakt f\u00f6r optimalt resultat. 50 ml - JeaKen","og_description":"Snabbverkande anti-cellulitbehandling som synligt f\u00f6rb\u00e4ttrar hudens utseende.","og_url":"https:\/\/jeaken.com\/sv\/produkt\/anti-cellulite-och-skin-firming-lotion-mattad-med-naturliga-fruktextrakt-for-optimalt-resultat-50-ml\/","og_site_name":"JeaKen","article_modified_time":"2022-08-09T14:15:49+00:00","og_image":[{"width":600,"height":600,"url":"https:\/\/jeaken.com\/wp-content\/uploads\/2022\/07\/81xl-3cqTTL._AC_SL1500_.jpg","type":"image\/jpeg"}],"twitter_card":"summary_large_image","twitter_misc":{"Est. reading time":"1 minute"},"schema":{"@context":"https:\/\/schema.org","@graph":[{"@type":"WebPage","@id":"https:\/\/jeaken.com\/sv\/produkt\/anti-cellulite-och-skin-firming-lotion-mattad-med-naturliga-fruktextrakt-for-optimalt-resultat-50-ml\/","url":"https:\/\/jeaken.com\/sv\/produkt\/anti-cellulite-och-skin-firming-lotion-mattad-med-naturliga-fruktextrakt-for-optimalt-resultat-50-ml\/","name":"Anti-Cellulite och Skin Firming Lotion - M\u00e4ttad med naturliga fruktextrakt f\u00f6r optimalt resultat. 50 ml - JeaKen","isPartOf":{"@id":"https:\/\/jeaken.com\/sv\/#website"},"primaryImageOfPage":{"@id":"https:\/\/jeaken.com\/sv\/produkt\/anti-cellulite-och-skin-firming-lotion-mattad-med-naturliga-fruktextrakt-for-optimalt-resultat-50-ml\/#primaryimage"},"image":{"@id":"https:\/\/jeaken.com\/sv\/produkt\/anti-cellulite-och-skin-firming-lotion-mattad-med-naturliga-fruktextrakt-for-optimalt-resultat-50-ml\/#primaryimage"},"thumbnailUrl":"https:\/\/jeaken.com\/wp-content\/uploads\/2022\/07\/81xl-3cqTTL._AC_SL1500_.jpg","datePublished":"2022-07-21T18:18:22+00:00","dateModified":"2022-08-09T14:15:49+00:00","breadcrumb":{"@id":"https:\/\/jeaken.com\/sv\/produkt\/anti-cellulite-och-skin-firming-lotion-mattad-med-naturliga-fruktextrakt-for-optimalt-resultat-50-ml\/#breadcrumb"},"inLanguage":"sv-SE","potentialAction":[{"@type":"ReadAction","target":["https:\/\/jeaken.com\/sv\/produkt\/anti-cellulite-och-skin-firming-lotion-mattad-med-naturliga-fruktextrakt-for-optimalt-resultat-50-ml\/"]}]},{"@type":"ImageObject","inLanguage":"sv-SE","@id":"https:\/\/jeaken.com\/sv\/produkt\/anti-cellulite-och-skin-firming-lotion-mattad-med-naturliga-fruktextrakt-for-optimalt-resultat-50-ml\/#primaryimage","url":"https:\/\/jeaken.com\/wp-content\/uploads\/2022\/07\/81xl-3cqTTL._AC_SL1500_.jpg","contentUrl":"https:\/\/jeaken.com\/wp-content\/uploads\/2022\/07\/81xl-3cqTTL._AC_SL1500_.jpg","width":600,"height":600,"caption":"Anti-Cellulite and Skin Firming Lotion"},{"@type":"BreadcrumbList","@id":"https:\/\/jeaken.com\/sv\/produkt\/anti-cellulite-och-skin-firming-lotion-mattad-med-naturliga-fruktextrakt-for-optimalt-resultat-50-ml\/#breadcrumb","itemListElement":[{"@type":"ListItem","position":1,"name":"Home","item":"https:\/\/jeaken.com\/sv\/"},{"@type":"ListItem","position":2,"name":"Private: Shop","item":"https:\/\/jeaken.com\/shop\/"},{"@type":"ListItem","position":3,"name":"Anti-Cellulite och Skin Firming Lotion &#8211; M\u00e4ttad med naturliga fruktextrakt f\u00f6r optimalt resultat. 50 ml"}]},{"@type":"WebSite","@id":"https:\/\/jeaken.com\/sv\/#website","url":"https:\/\/jeaken.com\/sv\/","name":"JeaKen","description":"Organic Supplements for Health, Fitness and Nutrition","publisher":{"@id":"https:\/\/jeaken.com\/sv\/#organization"},"potentialAction":[{"@type":"SearchAction","target":{"@type":"EntryPoint","urlTemplate":"https:\/\/jeaken.com\/sv\/?s={search_term_string}"},"query-input":"required name=search_term_string"}],"inLanguage":"sv-SE"},{"@type":"Organization","@id":"https:\/\/jeaken.com\/sv\/#organization","name":"JeaKen","url":"https:\/\/jeaken.com\/sv\/","logo":{"@type":"ImageObject","inLanguage":"sv-SE","@id":"https:\/\/jeaken.com\/sv\/#\/schema\/logo\/image\/","url":"https:\/\/jeaken.com\/wp-content\/uploads\/2022\/06\/jeaken-logo-23.png","contentUrl":"https:\/\/jeaken.com\/wp-content\/uploads\/2022\/06\/jeaken-logo-23.png","width":2486,"height":736,"caption":"JeaKen"},"image":{"@id":"https:\/\/jeaken.com\/sv\/#\/schema\/logo\/image\/"}}]}},"jetpack_sharing_enabled":true,"_links":{"self":[{"href":"https:\/\/jeaken.com\/sv\/wp-json\/wp\/v2\/product\/6929","targetHints":{"allow":["GET"]}}],"collection":[{"href":"https:\/\/jeaken.com\/sv\/wp-json\/wp\/v2\/product"}],"about":[{"href":"https:\/\/jeaken.com\/sv\/wp-json\/wp\/v2\/types\/product"}],"wp:featuredmedia":[{"embeddable":true,"href":"https:\/\/jeaken.com\/sv\/wp-json\/wp\/v2\/media\/5140"}],"wp:attachment":[{"href":"https:\/\/jeaken.com\/sv\/wp-json\/wp\/v2\/media?parent=6929"}],"wp:term":[{"taxonomy":"product_cat","embeddable":true,"href":"https:\/\/jeaken.com\/sv\/wp-json\/wp\/v2\/product_cat?post=6929"},{"taxonomy":"product_tag","embeddable":true,"href":"https:\/\/jeaken.com\/sv\/wp-json\/wp\/v2\/product_tag?post=6929"}],"curies":[{"name":"wp","href":"https:\/\/api.w.org\/{rel}","templated":true}]}}