{"id":6925,"date":"2022-07-21T19:18:17","date_gmt":"2022-07-21T18:18:17","guid":{"rendered":"https:\/1658920591610?product=bcaa-pulver-muskelaterhamtning-och-muskeluppbyggnad-bla-hallon-dryck-med-aminosyra-leucin-isoleucin-och-valin-100-portioner-500g"},"modified":"2022-08-09T15:15:48","modified_gmt":"2022-08-09T14:15:48","slug":"bcaa-pulver-muskelaterhamtning-och-muskeluppbyggnad-bla-hallon-dryck-med-aminosyra-leucin-isoleucin-och-valin-100-portioner-500g","status":"publish","type":"product","link":"https:\/\/jeaken.com\/sv\/produkt\/bcaa-pulver-muskelaterhamtning-och-muskeluppbyggnad-bla-hallon-dryck-med-aminosyra-leucin-isoleucin-och-valin-100-portioner-500g\/","title":{"rendered":"BCAA-pulver &#8211; muskel\u00e5terh\u00e4mtning och muskeluppbyggnad Bl\u00e5 hallon-dryck med aminosyra, leucin, isoleucin och valin. 100 portioner (500G)"},"content":{"rendered":"<p><strong>FORMEL F\u00d6R ELITKLASS 2:1:1:1  <\/strong><\/p>\n<p>V\u00e5rt BCAA-pulver (Branched Chain Amino Acids) \u00e4r en unik blandning av BCAA 2:1:1-pulver, leucin, isoleucin och valin f\u00f6r att hj\u00e4lpa din kropp att tr\u00e4na p\u00e5 h\u00f6gsta niv\u00e5, bygga fler muskler, br\u00e4nna fett, \u00f6ka den fysiska prestationen och minska tr\u00f6ttheten.<\/p>\n<p><strong>SNABBA OCH BETYDANDE RESULTAT  <\/strong><\/p>\n<p>BCAA stimulerar proteinsyntesen, vilket g\u00f6r att du kan bygga muskler snabbare och effektivare och samtidigt minska muskeltr\u00f6ttheten.<\/p>\n<p><strong>UPPMUNTRAR EN SNABB \u00c5TERH\u00c4MTNING  <\/strong><\/p>\n<p>BCAAs har visat sig hj\u00e4lpa dina muskler att \u00e5terh\u00e4mta sig snabbare, vilket inneb\u00e4r att de snabbt byggs upp igen och ger resultat.<\/p>\n<p><strong>HJ\u00c4LPER TILL ATT BR\u00c4NNA FETT SNABBARE  <\/strong><\/p>\n<p>BCAA hj\u00e4lper kroppen att br\u00e4nna fett snabbare och samtidigt skydda musklerna. Om du bara l\u00e4gger till detta tillskott till din tr\u00e4ning kan du se ut och k\u00e4nna dig mer &#8220;rippad&#8221; \u00e4n n\u00e5gonsin tidigare!<\/p>\n","protected":false},"excerpt":{"rendered":"<h4><strong>Kraftfull och snabbverkande dryck efter tr\u00e4ning f\u00f6r b\u00e4ttre \u00e5terh\u00e4mtning, st\u00f6rre muskler och mindre fett<\/strong><\/h4>\n","protected":false},"featured_media":4441,"template":"","meta":{"site-sidebar-layout":"default","site-content-layout":"default","ast-site-content-layout":"default","site-content-style":"default","site-sidebar-style":"default","ast-global-header-display":"","ast-banner-title-visibility":"","ast-main-header-display":"","ast-hfb-above-header-display":"","ast-hfb-below-header-display":"","ast-hfb-mobile-header-display":"","site-post-title":"","ast-breadcrumbs-content":"","ast-featured-img":"","footer-sml-layout":"","theme-transparent-header-meta":"default","adv-header-id-meta":"","stick-header-meta":"default","header-above-stick-meta":"","header-main-stick-meta":"","header-below-stick-meta":"","astra-migrate-meta-layouts":"default","ast-page-background-enabled":"default","ast-page-background-meta":{"desktop":{"background-color":"","background-image":"","background-repeat":"repeat","background-position":"center center","background-size":"auto","background-attachment":"scroll","background-type":"","background-media":"","overlay-type":"","overlay-color":"","overlay-opacity":"","overlay-gradient":""},"tablet":{"background-color":"","background-image":"","background-repeat":"repeat","background-position":"center center","background-size":"auto","background-attachment":"scroll","background-type":"","background-media":"","overlay-type":"","overlay-color":"","overlay-opacity":"","overlay-gradient":""},"mobile":{"background-color":"","background-image":"","background-repeat":"repeat","background-position":"center center","background-size":"auto","background-attachment":"scroll","background-type":"","background-media":"","overlay-type":"","overlay-color":"","overlay-opacity":"","overlay-gradient":""}},"ast-content-background-meta":{"desktop":{"background-color":"var(--ast-global-color-5)","background-image":"","background-repeat":"repeat","background-position":"center center","background-size":"auto","background-attachment":"scroll","background-type":"","background-media":"","overlay-type":"","overlay-color":"","overlay-opacity":"","overlay-gradient":""},"tablet":{"background-color":"var(--ast-global-color-5)","background-image":"","background-repeat":"repeat","background-position":"center center","background-size":"auto","background-attachment":"scroll","background-type":"","background-media":"","overlay-type":"","overlay-color":"","overlay-opacity":"","overlay-gradient":""},"mobile":{"background-color":"var(--ast-global-color-5)","background-image":"","background-repeat":"repeat","background-position":"center center","background-size":"auto","background-attachment":"scroll","background-type":"","background-media":"","overlay-type":"","overlay-color":"","overlay-opacity":"","overlay-gradient":""}}},"product_cat":[529],"product_tag":[],"class_list":{"0":"post-6925","1":"product","2":"type-product","3":"status-publish","4":"has-post-thumbnail","6":"product_cat-naring-for-idrottsutovare","7":"has-subscription-plans","8":"desktop-align-left","9":"tablet-align-left","10":"mobile-align-left","12":"first","13":"instock","14":"taxable","15":"shipping-taxable","16":"purchasable","17":"product-type-simple"},"yoast_head":"<!-- This site is optimized with the Yoast SEO plugin v22.7 - https:\/\/yoast.com\/wordpress\/plugins\/seo\/ -->\n<title>BCAA-pulver - muskel\u00e5terh\u00e4mtning och muskeluppbyggnad Bl\u00e5 hallon-dryck med aminosyra, leucin, isoleucin och valin. 100 portioner (500G) - JeaKen<\/title>\n<meta name=\"robots\" content=\"index, follow, max-snippet:-1, max-image-preview:large, max-video-preview:-1\" \/>\n<link rel=\"canonical\" href=\"https:\/\/jeaken.com\/sv\/produkt\/bcaa-pulver-muskelaterhamtning-och-muskeluppbyggnad-bla-hallon-dryck-med-aminosyra-leucin-isoleucin-och-valin-100-portioner-500g\/\" \/>\n<meta property=\"og:locale\" content=\"sv_SE\" \/>\n<meta property=\"og:type\" content=\"article\" \/>\n<meta property=\"og:title\" content=\"BCAA-pulver - muskel\u00e5terh\u00e4mtning och muskeluppbyggnad Bl\u00e5 hallon-dryck med aminosyra, leucin, isoleucin och valin. 100 portioner (500G) - JeaKen\" \/>\n<meta property=\"og:description\" content=\"Kraftfull och snabbverkande dryck efter tr\u00e4ning f\u00f6r b\u00e4ttre \u00e5terh\u00e4mtning, st\u00f6rre muskler och mindre fett\" \/>\n<meta property=\"og:url\" content=\"https:\/\/jeaken.com\/sv\/produkt\/bcaa-pulver-muskelaterhamtning-och-muskeluppbyggnad-bla-hallon-dryck-med-aminosyra-leucin-isoleucin-och-valin-100-portioner-500g\/\" \/>\n<meta property=\"og:site_name\" content=\"JeaKen\" \/>\n<meta property=\"article:modified_time\" content=\"2022-08-09T14:15:48+00:00\" \/>\n<meta property=\"og:image\" content=\"https:\/\/jeaken.com\/wp-content\/uploads\/2022\/07\/srewww333.jpg\" \/>\n\t<meta property=\"og:image:width\" content=\"600\" \/>\n\t<meta property=\"og:image:height\" content=\"600\" \/>\n\t<meta property=\"og:image:type\" content=\"image\/jpeg\" \/>\n<meta name=\"twitter:card\" content=\"summary_large_image\" \/>\n<meta name=\"twitter:label1\" content=\"Est. reading time\" \/>\n\t<meta name=\"twitter:data1\" content=\"1 minute\" \/>\n<script type=\"application\/ld+json\" class=\"yoast-schema-graph\">{\"@context\":\"https:\/\/schema.org\",\"@graph\":[{\"@type\":\"WebPage\",\"@id\":\"https:\/\/jeaken.com\/sv\/produkt\/bcaa-pulver-muskelaterhamtning-och-muskeluppbyggnad-bla-hallon-dryck-med-aminosyra-leucin-isoleucin-och-valin-100-portioner-500g\/\",\"url\":\"https:\/\/jeaken.com\/sv\/produkt\/bcaa-pulver-muskelaterhamtning-och-muskeluppbyggnad-bla-hallon-dryck-med-aminosyra-leucin-isoleucin-och-valin-100-portioner-500g\/\",\"name\":\"BCAA-pulver - muskel\u00e5terh\u00e4mtning och muskeluppbyggnad Bl\u00e5 hallon-dryck med aminosyra, leucin, isoleucin och valin. 100 portioner (500G) - JeaKen\",\"isPartOf\":{\"@id\":\"https:\/\/jeaken.com\/sv\/#website\"},\"primaryImageOfPage\":{\"@id\":\"https:\/\/jeaken.com\/sv\/produkt\/bcaa-pulver-muskelaterhamtning-och-muskeluppbyggnad-bla-hallon-dryck-med-aminosyra-leucin-isoleucin-och-valin-100-portioner-500g\/#primaryimage\"},\"image\":{\"@id\":\"https:\/\/jeaken.com\/sv\/produkt\/bcaa-pulver-muskelaterhamtning-och-muskeluppbyggnad-bla-hallon-dryck-med-aminosyra-leucin-isoleucin-och-valin-100-portioner-500g\/#primaryimage\"},\"thumbnailUrl\":\"https:\/\/jeaken.com\/wp-content\/uploads\/2022\/07\/srewww333.jpg\",\"datePublished\":\"2022-07-21T18:18:17+00:00\",\"dateModified\":\"2022-08-09T14:15:48+00:00\",\"breadcrumb\":{\"@id\":\"https:\/\/jeaken.com\/sv\/produkt\/bcaa-pulver-muskelaterhamtning-och-muskeluppbyggnad-bla-hallon-dryck-med-aminosyra-leucin-isoleucin-och-valin-100-portioner-500g\/#breadcrumb\"},\"inLanguage\":\"sv-SE\",\"potentialAction\":[{\"@type\":\"ReadAction\",\"target\":[\"https:\/\/jeaken.com\/sv\/produkt\/bcaa-pulver-muskelaterhamtning-och-muskeluppbyggnad-bla-hallon-dryck-med-aminosyra-leucin-isoleucin-och-valin-100-portioner-500g\/\"]}]},{\"@type\":\"ImageObject\",\"inLanguage\":\"sv-SE\",\"@id\":\"https:\/\/jeaken.com\/sv\/produkt\/bcaa-pulver-muskelaterhamtning-och-muskeluppbyggnad-bla-hallon-dryck-med-aminosyra-leucin-isoleucin-och-valin-100-portioner-500g\/#primaryimage\",\"url\":\"https:\/\/jeaken.com\/wp-content\/uploads\/2022\/07\/srewww333.jpg\",\"contentUrl\":\"https:\/\/jeaken.com\/wp-content\/uploads\/2022\/07\/srewww333.jpg\",\"width\":600,\"height\":600,\"caption\":\"BCAA Powder - Muscle Recovery and Muscle\"},{\"@type\":\"BreadcrumbList\",\"@id\":\"https:\/\/jeaken.com\/sv\/produkt\/bcaa-pulver-muskelaterhamtning-och-muskeluppbyggnad-bla-hallon-dryck-med-aminosyra-leucin-isoleucin-och-valin-100-portioner-500g\/#breadcrumb\",\"itemListElement\":[{\"@type\":\"ListItem\",\"position\":1,\"name\":\"Home\",\"item\":\"https:\/\/jeaken.com\/sv\/\"},{\"@type\":\"ListItem\",\"position\":2,\"name\":\"Private: Shop\",\"item\":\"https:\/\/jeaken.com\/shop\/\"},{\"@type\":\"ListItem\",\"position\":3,\"name\":\"BCAA-pulver &#8211; muskel\u00e5terh\u00e4mtning och muskeluppbyggnad Bl\u00e5 hallon-dryck med aminosyra, leucin, isoleucin och valin. 100 portioner (500G)\"}]},{\"@type\":\"WebSite\",\"@id\":\"https:\/\/jeaken.com\/sv\/#website\",\"url\":\"https:\/\/jeaken.com\/sv\/\",\"name\":\"JeaKen\",\"description\":\"Organic Supplements for Health, Fitness and Nutrition\",\"publisher\":{\"@id\":\"https:\/\/jeaken.com\/sv\/#organization\"},\"potentialAction\":[{\"@type\":\"SearchAction\",\"target\":{\"@type\":\"EntryPoint\",\"urlTemplate\":\"https:\/\/jeaken.com\/sv\/?s={search_term_string}\"},\"query-input\":\"required name=search_term_string\"}],\"inLanguage\":\"sv-SE\"},{\"@type\":\"Organization\",\"@id\":\"https:\/\/jeaken.com\/sv\/#organization\",\"name\":\"JeaKen\",\"url\":\"https:\/\/jeaken.com\/sv\/\",\"logo\":{\"@type\":\"ImageObject\",\"inLanguage\":\"sv-SE\",\"@id\":\"https:\/\/jeaken.com\/sv\/#\/schema\/logo\/image\/\",\"url\":\"https:\/\/jeaken.com\/wp-content\/uploads\/2022\/06\/jeaken-logo-23.png\",\"contentUrl\":\"https:\/\/jeaken.com\/wp-content\/uploads\/2022\/06\/jeaken-logo-23.png\",\"width\":2486,\"height\":736,\"caption\":\"JeaKen\"},\"image\":{\"@id\":\"https:\/\/jeaken.com\/sv\/#\/schema\/logo\/image\/\"}}]}<\/script>\n<!-- \/ Yoast SEO plugin. -->","yoast_head_json":{"title":"BCAA-pulver - muskel\u00e5terh\u00e4mtning och muskeluppbyggnad Bl\u00e5 hallon-dryck med aminosyra, leucin, isoleucin och valin. 100 portioner (500G) - JeaKen","robots":{"index":"index","follow":"follow","max-snippet":"max-snippet:-1","max-image-preview":"max-image-preview:large","max-video-preview":"max-video-preview:-1"},"canonical":"https:\/\/jeaken.com\/sv\/produkt\/bcaa-pulver-muskelaterhamtning-och-muskeluppbyggnad-bla-hallon-dryck-med-aminosyra-leucin-isoleucin-och-valin-100-portioner-500g\/","og_locale":"sv_SE","og_type":"article","og_title":"BCAA-pulver - muskel\u00e5terh\u00e4mtning och muskeluppbyggnad Bl\u00e5 hallon-dryck med aminosyra, leucin, isoleucin och valin. 100 portioner (500G) - JeaKen","og_description":"Kraftfull och snabbverkande dryck efter tr\u00e4ning f\u00f6r b\u00e4ttre \u00e5terh\u00e4mtning, st\u00f6rre muskler och mindre fett","og_url":"https:\/\/jeaken.com\/sv\/produkt\/bcaa-pulver-muskelaterhamtning-och-muskeluppbyggnad-bla-hallon-dryck-med-aminosyra-leucin-isoleucin-och-valin-100-portioner-500g\/","og_site_name":"JeaKen","article_modified_time":"2022-08-09T14:15:48+00:00","og_image":[{"width":600,"height":600,"url":"https:\/\/jeaken.com\/wp-content\/uploads\/2022\/07\/srewww333.jpg","type":"image\/jpeg"}],"twitter_card":"summary_large_image","twitter_misc":{"Est. reading time":"1 minute"},"schema":{"@context":"https:\/\/schema.org","@graph":[{"@type":"WebPage","@id":"https:\/\/jeaken.com\/sv\/produkt\/bcaa-pulver-muskelaterhamtning-och-muskeluppbyggnad-bla-hallon-dryck-med-aminosyra-leucin-isoleucin-och-valin-100-portioner-500g\/","url":"https:\/\/jeaken.com\/sv\/produkt\/bcaa-pulver-muskelaterhamtning-och-muskeluppbyggnad-bla-hallon-dryck-med-aminosyra-leucin-isoleucin-och-valin-100-portioner-500g\/","name":"BCAA-pulver - muskel\u00e5terh\u00e4mtning och muskeluppbyggnad Bl\u00e5 hallon-dryck med aminosyra, leucin, isoleucin och valin. 100 portioner (500G) - JeaKen","isPartOf":{"@id":"https:\/\/jeaken.com\/sv\/#website"},"primaryImageOfPage":{"@id":"https:\/\/jeaken.com\/sv\/produkt\/bcaa-pulver-muskelaterhamtning-och-muskeluppbyggnad-bla-hallon-dryck-med-aminosyra-leucin-isoleucin-och-valin-100-portioner-500g\/#primaryimage"},"image":{"@id":"https:\/\/jeaken.com\/sv\/produkt\/bcaa-pulver-muskelaterhamtning-och-muskeluppbyggnad-bla-hallon-dryck-med-aminosyra-leucin-isoleucin-och-valin-100-portioner-500g\/#primaryimage"},"thumbnailUrl":"https:\/\/jeaken.com\/wp-content\/uploads\/2022\/07\/srewww333.jpg","datePublished":"2022-07-21T18:18:17+00:00","dateModified":"2022-08-09T14:15:48+00:00","breadcrumb":{"@id":"https:\/\/jeaken.com\/sv\/produkt\/bcaa-pulver-muskelaterhamtning-och-muskeluppbyggnad-bla-hallon-dryck-med-aminosyra-leucin-isoleucin-och-valin-100-portioner-500g\/#breadcrumb"},"inLanguage":"sv-SE","potentialAction":[{"@type":"ReadAction","target":["https:\/\/jeaken.com\/sv\/produkt\/bcaa-pulver-muskelaterhamtning-och-muskeluppbyggnad-bla-hallon-dryck-med-aminosyra-leucin-isoleucin-och-valin-100-portioner-500g\/"]}]},{"@type":"ImageObject","inLanguage":"sv-SE","@id":"https:\/\/jeaken.com\/sv\/produkt\/bcaa-pulver-muskelaterhamtning-och-muskeluppbyggnad-bla-hallon-dryck-med-aminosyra-leucin-isoleucin-och-valin-100-portioner-500g\/#primaryimage","url":"https:\/\/jeaken.com\/wp-content\/uploads\/2022\/07\/srewww333.jpg","contentUrl":"https:\/\/jeaken.com\/wp-content\/uploads\/2022\/07\/srewww333.jpg","width":600,"height":600,"caption":"BCAA Powder - Muscle Recovery and Muscle"},{"@type":"BreadcrumbList","@id":"https:\/\/jeaken.com\/sv\/produkt\/bcaa-pulver-muskelaterhamtning-och-muskeluppbyggnad-bla-hallon-dryck-med-aminosyra-leucin-isoleucin-och-valin-100-portioner-500g\/#breadcrumb","itemListElement":[{"@type":"ListItem","position":1,"name":"Home","item":"https:\/\/jeaken.com\/sv\/"},{"@type":"ListItem","position":2,"name":"Private: Shop","item":"https:\/\/jeaken.com\/shop\/"},{"@type":"ListItem","position":3,"name":"BCAA-pulver &#8211; muskel\u00e5terh\u00e4mtning och muskeluppbyggnad Bl\u00e5 hallon-dryck med aminosyra, leucin, isoleucin och valin. 100 portioner (500G)"}]},{"@type":"WebSite","@id":"https:\/\/jeaken.com\/sv\/#website","url":"https:\/\/jeaken.com\/sv\/","name":"JeaKen","description":"Organic Supplements for Health, Fitness and Nutrition","publisher":{"@id":"https:\/\/jeaken.com\/sv\/#organization"},"potentialAction":[{"@type":"SearchAction","target":{"@type":"EntryPoint","urlTemplate":"https:\/\/jeaken.com\/sv\/?s={search_term_string}"},"query-input":"required name=search_term_string"}],"inLanguage":"sv-SE"},{"@type":"Organization","@id":"https:\/\/jeaken.com\/sv\/#organization","name":"JeaKen","url":"https:\/\/jeaken.com\/sv\/","logo":{"@type":"ImageObject","inLanguage":"sv-SE","@id":"https:\/\/jeaken.com\/sv\/#\/schema\/logo\/image\/","url":"https:\/\/jeaken.com\/wp-content\/uploads\/2022\/06\/jeaken-logo-23.png","contentUrl":"https:\/\/jeaken.com\/wp-content\/uploads\/2022\/06\/jeaken-logo-23.png","width":2486,"height":736,"caption":"JeaKen"},"image":{"@id":"https:\/\/jeaken.com\/sv\/#\/schema\/logo\/image\/"}}]}},"jetpack_sharing_enabled":true,"_links":{"self":[{"href":"https:\/\/jeaken.com\/sv\/wp-json\/wp\/v2\/product\/6925","targetHints":{"allow":["GET"]}}],"collection":[{"href":"https:\/\/jeaken.com\/sv\/wp-json\/wp\/v2\/product"}],"about":[{"href":"https:\/\/jeaken.com\/sv\/wp-json\/wp\/v2\/types\/product"}],"wp:featuredmedia":[{"embeddable":true,"href":"https:\/\/jeaken.com\/sv\/wp-json\/wp\/v2\/media\/4441"}],"wp:attachment":[{"href":"https:\/\/jeaken.com\/sv\/wp-json\/wp\/v2\/media?parent=6925"}],"wp:term":[{"taxonomy":"product_cat","embeddable":true,"href":"https:\/\/jeaken.com\/sv\/wp-json\/wp\/v2\/product_cat?post=6925"},{"taxonomy":"product_tag","embeddable":true,"href":"https:\/\/jeaken.com\/sv\/wp-json\/wp\/v2\/product_tag?post=6925"}],"curies":[{"name":"wp","href":"https:\/\/api.w.org\/{rel}","templated":true}]}}