{"id":6923,"date":"2022-07-21T19:18:16","date_gmt":"2022-07-21T18:18:16","guid":{"rendered":"https:\/1658920591610?product=grona-te-kapslar-850mg-viktminskning-antioxidanttillskott-120-tabletter"},"modified":"2022-08-09T15:15:53","modified_gmt":"2022-08-09T14:15:53","slug":"grona-te-kapslar-850mg-viktminskning-antioxidanttillskott-120-tabletter","status":"publish","type":"product","link":"https:\/\/jeaken.com\/sv\/produkt\/grona-te-kapslar-850mg-viktminskning-antioxidanttillskott-120-tabletter\/","title":{"rendered":"Gr\u00f6na te kapslar &#8211; 850mg viktminskning antioxidanttillskott (120 tabletter)"},"content":{"rendered":"<p><strong>ERBJUDER FLERA H\u00c4LSOF\u00d6RDELAR<\/strong><\/p>\n<p>Gr\u00f6nt te har anv\u00e4nts i kinesisk medicin i cirka 4 000 \u00e5r. Det erbjuder m\u00e5nga kraftfulla h\u00e4lsof\u00f6rdelar, bland annat bidrar det till att minska risken f\u00f6r hj\u00e4rtsjukdomar och vissa typer av cancer, \u00f6kar f\u00f6rh\u00e5llandet mellan bra (HDL) kolesterol och d\u00e5ligt (LDL) kolesterol i blodet, st\u00e4rker ditt immunf\u00f6rsvar och ger st\u00f6d i form av antioxidanter.<\/p>\n<p><strong>HJ\u00c4LPER TILL MED VIKTMINSKNING<\/strong><\/p>\n<p>I kombination med en h\u00e4lsosam kost fungerar v\u00e5rt vegetariskt v\u00e4nliga gr\u00f6na te som ett effektivt hj\u00e4lpmedel f\u00f6r viktminskning genom att \u00f6ka din \u00e4mnesoms\u00e4ttning och d\u00e4mpa din aptit.<\/p>\n<p><strong>KRAFTFULL NATURLIG ANTIOXIDANT<\/strong><\/p>\n<p>EGCG som finns i gr\u00f6nt te st\u00e5r f\u00f6r de flesta av dess antioxidativa egenskaper, vilket f\u00f6rhindrar att fria radikaler skadar dina celler.<\/p>\n<p><strong>F\u00d6RB\u00c4TTRAR MINNET OCH FOKUS<\/strong><\/p>\n<p>Egenskaperna i gr\u00f6nt teextrakt kan bidra till att \u00f6ka kognition och minne, vilket hj\u00e4lper dig att vara skarp och fokuserad hela dagen.<\/p>\n","protected":false},"excerpt":{"rendered":"<h4>Aptitneds\u00e4ttande medel som \u00f6kar \u00e4mnesoms\u00e4ttningen, s\u00e4nker kolesterolet och f\u00f6rb\u00e4ttrar immunf\u00f6rsvaret.<\/h4>\n<p>&nbsp;<\/p>\n","protected":false},"featured_media":15618,"template":"","meta":{"site-sidebar-layout":"default","site-content-layout":"default","ast-site-content-layout":"default","site-content-style":"default","site-sidebar-style":"default","ast-global-header-display":"","ast-banner-title-visibility":"","ast-main-header-display":"","ast-hfb-above-header-display":"","ast-hfb-below-header-display":"","ast-hfb-mobile-header-display":"","site-post-title":"","ast-breadcrumbs-content":"","ast-featured-img":"","footer-sml-layout":"","theme-transparent-header-meta":"default","adv-header-id-meta":"","stick-header-meta":"default","header-above-stick-meta":"","header-main-stick-meta":"","header-below-stick-meta":"","astra-migrate-meta-layouts":"default","ast-page-background-enabled":"default","ast-page-background-meta":{"desktop":{"background-color":"","background-image":"","background-repeat":"repeat","background-position":"center center","background-size":"auto","background-attachment":"scroll","background-type":"","background-media":"","overlay-type":"","overlay-color":"","overlay-opacity":"","overlay-gradient":""},"tablet":{"background-color":"","background-image":"","background-repeat":"repeat","background-position":"center center","background-size":"auto","background-attachment":"scroll","background-type":"","background-media":"","overlay-type":"","overlay-color":"","overlay-opacity":"","overlay-gradient":""},"mobile":{"background-color":"","background-image":"","background-repeat":"repeat","background-position":"center center","background-size":"auto","background-attachment":"scroll","background-type":"","background-media":"","overlay-type":"","overlay-color":"","overlay-opacity":"","overlay-gradient":""}},"ast-content-background-meta":{"desktop":{"background-color":"var(--ast-global-color-5)","background-image":"","background-repeat":"repeat","background-position":"center center","background-size":"auto","background-attachment":"scroll","background-type":"","background-media":"","overlay-type":"","overlay-color":"","overlay-opacity":"","overlay-gradient":""},"tablet":{"background-color":"var(--ast-global-color-5)","background-image":"","background-repeat":"repeat","background-position":"center center","background-size":"auto","background-attachment":"scroll","background-type":"","background-media":"","overlay-type":"","overlay-color":"","overlay-opacity":"","overlay-gradient":""},"mobile":{"background-color":"var(--ast-global-color-5)","background-image":"","background-repeat":"repeat","background-position":"center center","background-size":"auto","background-attachment":"scroll","background-type":"","background-media":"","overlay-type":"","overlay-color":"","overlay-opacity":"","overlay-gradient":""}}},"product_cat":[680,679,1303],"product_tag":[1325,1322,1369,1372,1375,1355,1341,1337,1344,1346,1349,1357,1353,1359,1329,1333,1363,1366,1380,1378,1382,1381,1384],"class_list":{"0":"post-6923","1":"product","2":"type-product","3":"status-publish","4":"has-post-thumbnail","6":"product_cat-lindring-av-uppblasthet","7":"product_cat-matsmaltningshalsa","8":"product_cat-viktminskning","9":"product_tag-aptitnedsattande-for-viktminskning","10":"product_tag-aptitnedsattande-medel","11":"product_tag-bantningspiller","12":"product_tag-bantningstabletter","13":"product_tag-bantningste","14":"product_tag-extrakt-av-gront-te","15":"product_tag-fett-brannare-for-man-viktminskning","16":"product_tag-fettforbrannare","17":"product_tag-fettforbrannare-for-kvinnor-viktminskning","18":"product_tag-fettforlust","19":"product_tag-gront-te","20":"product_tag-gront-te-extrakt-kapslar","21":"product_tag-gront-te-kapslar","22":"product_tag-gront-te-tabletter","23":"product_tag-koffeinpiller","24":"product_tag-koffeintablett","25":"product_tag-matcha-gront-te","26":"product_tag-matcha-te","27":"product_tag-piller-for-viktminskning","28":"product_tag-tabletter-for-vattenretention","29":"product_tag-tabletter-for-viktminskning","30":"product_tag-viktminskning-piller-som-fungerar-snabbt","31":"product_tag-viktminskning-te","32":"has-subscription-plans","33":"desktop-align-left","34":"tablet-align-left","35":"mobile-align-left","37":"first","38":"instock","39":"taxable","40":"shipping-taxable","41":"purchasable","42":"product-type-simple"},"yoast_head":"<!-- This site is optimized with the Yoast SEO plugin v22.7 - https:\/\/yoast.com\/wordpress\/plugins\/seo\/ -->\n<title>Gr\u00f6na te kapslar - 850mg viktminskning antioxidanttillskott (120 tabletter) - JeaKen<\/title>\n<meta name=\"robots\" content=\"index, follow, max-snippet:-1, max-image-preview:large, max-video-preview:-1\" \/>\n<link rel=\"canonical\" href=\"https:\/\/jeaken.com\/sv\/produkt\/grona-te-kapslar-850mg-viktminskning-antioxidanttillskott-120-tabletter\/\" \/>\n<meta property=\"og:locale\" content=\"sv_SE\" \/>\n<meta property=\"og:type\" content=\"article\" \/>\n<meta property=\"og:title\" content=\"Gr\u00f6na te kapslar - 850mg viktminskning antioxidanttillskott (120 tabletter) - JeaKen\" \/>\n<meta property=\"og:description\" content=\"Aptitneds\u00e4ttande medel som \u00f6kar \u00e4mnesoms\u00e4ttningen, s\u00e4nker kolesterolet och f\u00f6rb\u00e4ttrar immunf\u00f6rsvaret. &nbsp;\" \/>\n<meta property=\"og:url\" content=\"https:\/\/jeaken.com\/sv\/produkt\/grona-te-kapslar-850mg-viktminskning-antioxidanttillskott-120-tabletter\/\" \/>\n<meta property=\"og:site_name\" content=\"JeaKen\" \/>\n<meta property=\"article:modified_time\" content=\"2022-08-09T14:15:53+00:00\" \/>\n<meta property=\"og:image\" content=\"https:\/\/jeaken.com\/wp-content\/uploads\/2022\/07\/Green-Tea.jpg\" \/>\n\t<meta property=\"og:image:width\" content=\"512\" \/>\n\t<meta property=\"og:image:height\" content=\"600\" \/>\n\t<meta property=\"og:image:type\" content=\"image\/jpeg\" \/>\n<meta name=\"twitter:card\" content=\"summary_large_image\" \/>\n<meta name=\"twitter:label1\" content=\"Est. reading time\" \/>\n\t<meta name=\"twitter:data1\" content=\"1 minute\" \/>\n<script type=\"application\/ld+json\" class=\"yoast-schema-graph\">{\"@context\":\"https:\/\/schema.org\",\"@graph\":[{\"@type\":\"WebPage\",\"@id\":\"https:\/\/jeaken.com\/sv\/produkt\/grona-te-kapslar-850mg-viktminskning-antioxidanttillskott-120-tabletter\/\",\"url\":\"https:\/\/jeaken.com\/sv\/produkt\/grona-te-kapslar-850mg-viktminskning-antioxidanttillskott-120-tabletter\/\",\"name\":\"Gr\u00f6na te kapslar - 850mg viktminskning antioxidanttillskott (120 tabletter) - JeaKen\",\"isPartOf\":{\"@id\":\"https:\/\/jeaken.com\/sv\/#website\"},\"primaryImageOfPage\":{\"@id\":\"https:\/\/jeaken.com\/sv\/produkt\/grona-te-kapslar-850mg-viktminskning-antioxidanttillskott-120-tabletter\/#primaryimage\"},\"image\":{\"@id\":\"https:\/\/jeaken.com\/sv\/produkt\/grona-te-kapslar-850mg-viktminskning-antioxidanttillskott-120-tabletter\/#primaryimage\"},\"thumbnailUrl\":\"https:\/\/jeaken.com\/wp-content\/uploads\/2022\/07\/Green-Tea.jpg\",\"datePublished\":\"2022-07-21T18:18:16+00:00\",\"dateModified\":\"2022-08-09T14:15:53+00:00\",\"breadcrumb\":{\"@id\":\"https:\/\/jeaken.com\/sv\/produkt\/grona-te-kapslar-850mg-viktminskning-antioxidanttillskott-120-tabletter\/#breadcrumb\"},\"inLanguage\":\"sv-SE\",\"potentialAction\":[{\"@type\":\"ReadAction\",\"target\":[\"https:\/\/jeaken.com\/sv\/produkt\/grona-te-kapslar-850mg-viktminskning-antioxidanttillskott-120-tabletter\/\"]}]},{\"@type\":\"ImageObject\",\"inLanguage\":\"sv-SE\",\"@id\":\"https:\/\/jeaken.com\/sv\/produkt\/grona-te-kapslar-850mg-viktminskning-antioxidanttillskott-120-tabletter\/#primaryimage\",\"url\":\"https:\/\/jeaken.com\/wp-content\/uploads\/2022\/07\/Green-Tea.jpg\",\"contentUrl\":\"https:\/\/jeaken.com\/wp-content\/uploads\/2022\/07\/Green-Tea.jpg\",\"width\":512,\"height\":600,\"caption\":\"Green Tea Capsules \u2013 850mg Weight Loss Antioxidant Supplements\"},{\"@type\":\"BreadcrumbList\",\"@id\":\"https:\/\/jeaken.com\/sv\/produkt\/grona-te-kapslar-850mg-viktminskning-antioxidanttillskott-120-tabletter\/#breadcrumb\",\"itemListElement\":[{\"@type\":\"ListItem\",\"position\":1,\"name\":\"Home\",\"item\":\"https:\/\/jeaken.com\/sv\/\"},{\"@type\":\"ListItem\",\"position\":2,\"name\":\"Private: Shop\",\"item\":\"https:\/\/jeaken.com\/shop\/\"},{\"@type\":\"ListItem\",\"position\":3,\"name\":\"Gr\u00f6na te kapslar &#8211; 850mg viktminskning antioxidanttillskott (120 tabletter)\"}]},{\"@type\":\"WebSite\",\"@id\":\"https:\/\/jeaken.com\/sv\/#website\",\"url\":\"https:\/\/jeaken.com\/sv\/\",\"name\":\"JeaKen\",\"description\":\"Organic Supplements for Health, Fitness and Nutrition\",\"publisher\":{\"@id\":\"https:\/\/jeaken.com\/sv\/#organization\"},\"potentialAction\":[{\"@type\":\"SearchAction\",\"target\":{\"@type\":\"EntryPoint\",\"urlTemplate\":\"https:\/\/jeaken.com\/sv\/?s={search_term_string}\"},\"query-input\":\"required name=search_term_string\"}],\"inLanguage\":\"sv-SE\"},{\"@type\":\"Organization\",\"@id\":\"https:\/\/jeaken.com\/sv\/#organization\",\"name\":\"JeaKen\",\"url\":\"https:\/\/jeaken.com\/sv\/\",\"logo\":{\"@type\":\"ImageObject\",\"inLanguage\":\"sv-SE\",\"@id\":\"https:\/\/jeaken.com\/sv\/#\/schema\/logo\/image\/\",\"url\":\"https:\/\/jeaken.com\/wp-content\/uploads\/2022\/06\/jeaken-logo-23.png\",\"contentUrl\":\"https:\/\/jeaken.com\/wp-content\/uploads\/2022\/06\/jeaken-logo-23.png\",\"width\":2486,\"height\":736,\"caption\":\"JeaKen\"},\"image\":{\"@id\":\"https:\/\/jeaken.com\/sv\/#\/schema\/logo\/image\/\"}}]}<\/script>\n<!-- \/ Yoast SEO plugin. -->","yoast_head_json":{"title":"Gr\u00f6na te kapslar - 850mg viktminskning antioxidanttillskott (120 tabletter) - JeaKen","robots":{"index":"index","follow":"follow","max-snippet":"max-snippet:-1","max-image-preview":"max-image-preview:large","max-video-preview":"max-video-preview:-1"},"canonical":"https:\/\/jeaken.com\/sv\/produkt\/grona-te-kapslar-850mg-viktminskning-antioxidanttillskott-120-tabletter\/","og_locale":"sv_SE","og_type":"article","og_title":"Gr\u00f6na te kapslar - 850mg viktminskning antioxidanttillskott (120 tabletter) - JeaKen","og_description":"Aptitneds\u00e4ttande medel som \u00f6kar \u00e4mnesoms\u00e4ttningen, s\u00e4nker kolesterolet och f\u00f6rb\u00e4ttrar immunf\u00f6rsvaret. &nbsp;","og_url":"https:\/\/jeaken.com\/sv\/produkt\/grona-te-kapslar-850mg-viktminskning-antioxidanttillskott-120-tabletter\/","og_site_name":"JeaKen","article_modified_time":"2022-08-09T14:15:53+00:00","og_image":[{"width":512,"height":600,"url":"https:\/\/jeaken.com\/wp-content\/uploads\/2022\/07\/Green-Tea.jpg","type":"image\/jpeg"}],"twitter_card":"summary_large_image","twitter_misc":{"Est. reading time":"1 minute"},"schema":{"@context":"https:\/\/schema.org","@graph":[{"@type":"WebPage","@id":"https:\/\/jeaken.com\/sv\/produkt\/grona-te-kapslar-850mg-viktminskning-antioxidanttillskott-120-tabletter\/","url":"https:\/\/jeaken.com\/sv\/produkt\/grona-te-kapslar-850mg-viktminskning-antioxidanttillskott-120-tabletter\/","name":"Gr\u00f6na te kapslar - 850mg viktminskning antioxidanttillskott (120 tabletter) - JeaKen","isPartOf":{"@id":"https:\/\/jeaken.com\/sv\/#website"},"primaryImageOfPage":{"@id":"https:\/\/jeaken.com\/sv\/produkt\/grona-te-kapslar-850mg-viktminskning-antioxidanttillskott-120-tabletter\/#primaryimage"},"image":{"@id":"https:\/\/jeaken.com\/sv\/produkt\/grona-te-kapslar-850mg-viktminskning-antioxidanttillskott-120-tabletter\/#primaryimage"},"thumbnailUrl":"https:\/\/jeaken.com\/wp-content\/uploads\/2022\/07\/Green-Tea.jpg","datePublished":"2022-07-21T18:18:16+00:00","dateModified":"2022-08-09T14:15:53+00:00","breadcrumb":{"@id":"https:\/\/jeaken.com\/sv\/produkt\/grona-te-kapslar-850mg-viktminskning-antioxidanttillskott-120-tabletter\/#breadcrumb"},"inLanguage":"sv-SE","potentialAction":[{"@type":"ReadAction","target":["https:\/\/jeaken.com\/sv\/produkt\/grona-te-kapslar-850mg-viktminskning-antioxidanttillskott-120-tabletter\/"]}]},{"@type":"ImageObject","inLanguage":"sv-SE","@id":"https:\/\/jeaken.com\/sv\/produkt\/grona-te-kapslar-850mg-viktminskning-antioxidanttillskott-120-tabletter\/#primaryimage","url":"https:\/\/jeaken.com\/wp-content\/uploads\/2022\/07\/Green-Tea.jpg","contentUrl":"https:\/\/jeaken.com\/wp-content\/uploads\/2022\/07\/Green-Tea.jpg","width":512,"height":600,"caption":"Green Tea Capsules \u2013 850mg Weight Loss Antioxidant Supplements"},{"@type":"BreadcrumbList","@id":"https:\/\/jeaken.com\/sv\/produkt\/grona-te-kapslar-850mg-viktminskning-antioxidanttillskott-120-tabletter\/#breadcrumb","itemListElement":[{"@type":"ListItem","position":1,"name":"Home","item":"https:\/\/jeaken.com\/sv\/"},{"@type":"ListItem","position":2,"name":"Private: Shop","item":"https:\/\/jeaken.com\/shop\/"},{"@type":"ListItem","position":3,"name":"Gr\u00f6na te kapslar &#8211; 850mg viktminskning antioxidanttillskott (120 tabletter)"}]},{"@type":"WebSite","@id":"https:\/\/jeaken.com\/sv\/#website","url":"https:\/\/jeaken.com\/sv\/","name":"JeaKen","description":"Organic Supplements for Health, Fitness and Nutrition","publisher":{"@id":"https:\/\/jeaken.com\/sv\/#organization"},"potentialAction":[{"@type":"SearchAction","target":{"@type":"EntryPoint","urlTemplate":"https:\/\/jeaken.com\/sv\/?s={search_term_string}"},"query-input":"required name=search_term_string"}],"inLanguage":"sv-SE"},{"@type":"Organization","@id":"https:\/\/jeaken.com\/sv\/#organization","name":"JeaKen","url":"https:\/\/jeaken.com\/sv\/","logo":{"@type":"ImageObject","inLanguage":"sv-SE","@id":"https:\/\/jeaken.com\/sv\/#\/schema\/logo\/image\/","url":"https:\/\/jeaken.com\/wp-content\/uploads\/2022\/06\/jeaken-logo-23.png","contentUrl":"https:\/\/jeaken.com\/wp-content\/uploads\/2022\/06\/jeaken-logo-23.png","width":2486,"height":736,"caption":"JeaKen"},"image":{"@id":"https:\/\/jeaken.com\/sv\/#\/schema\/logo\/image\/"}}]}},"jetpack_sharing_enabled":true,"_links":{"self":[{"href":"https:\/\/jeaken.com\/sv\/wp-json\/wp\/v2\/product\/6923","targetHints":{"allow":["GET"]}}],"collection":[{"href":"https:\/\/jeaken.com\/sv\/wp-json\/wp\/v2\/product"}],"about":[{"href":"https:\/\/jeaken.com\/sv\/wp-json\/wp\/v2\/types\/product"}],"wp:featuredmedia":[{"embeddable":true,"href":"https:\/\/jeaken.com\/sv\/wp-json\/wp\/v2\/media\/15618"}],"wp:attachment":[{"href":"https:\/\/jeaken.com\/sv\/wp-json\/wp\/v2\/media?parent=6923"}],"wp:term":[{"taxonomy":"product_cat","embeddable":true,"href":"https:\/\/jeaken.com\/sv\/wp-json\/wp\/v2\/product_cat?post=6923"},{"taxonomy":"product_tag","embeddable":true,"href":"https:\/\/jeaken.com\/sv\/wp-json\/wp\/v2\/product_tag?post=6923"}],"curies":[{"name":"wp","href":"https:\/\/api.w.org\/{rel}","templated":true}]}}