{"id":6902,"date":"2022-07-21T19:18:17","date_gmt":"2022-07-21T18:18:17","guid":{"rendered":"https:\/1658920591610?product=maca-root-capsules-for-okad-uthallighet-och-hormonbalansering-180-kapslar"},"modified":"2022-08-09T15:15:39","modified_gmt":"2022-08-09T14:15:39","slug":"maca-root-capsules-for-okad-uthallighet-och-hormonbalansering-180-kapslar","status":"publish","type":"product","link":"https:\/\/jeaken.com\/sv\/produkt\/maca-root-capsules-for-okad-uthallighet-och-hormonbalansering-180-kapslar\/","title":{"rendered":"Maca Root Capsules f\u00f6r \u00f6kad uth\u00e5llighet och hormonbalansering (180 kapslar)"},"content":{"rendered":"<p><strong>\u00d6KAR ENERGI OCH UTH\u00c5LLIGHET  <\/strong><\/p>\n<p>Maca Root gavs traditionellt till krigare under inkatiden f\u00f6r att f\u00f6rb\u00e4ttra deras styrka, atletiska prestationer, libido, uth\u00e5llighet och energiniv\u00e5er. I dag v\u00e4rderas Maca-extrakt av samma sk\u00e4l, f\u00f6r att hj\u00e4lpa dig att k\u00e4nna dig energisk, f\u00f6rb\u00e4ttra ditt mentala v\u00e4lbefinnande och hum\u00f6r, minska stress och f\u00f6rb\u00e4ttra hj\u00e4rnan och minnet.<\/p>\n<p><strong>EFFEKTIV F\u00d6R ATT F\u00d6RB\u00c4TTRA FERTILITETEN OCH BALANSERA HORMONERNA  <\/strong><\/p>\n<p>Maca Root s\u00e4gs vara ett av de b\u00e4sta tillskotten f\u00f6r fertilitet och hormonbalansering. Detta tillskott kan ocks\u00e5 vara effektivt f\u00f6r att avhj\u00e4lpa hormonella obalanser, menstruationsproblem och symtom p\u00e5 klimakteriet.<\/p>\n<p><strong>RIK P\u00c5 VITAMINER OCH N\u00c4RINGS\u00c4MNEN  <\/strong><\/p>\n<p>V\u00e5ra h\u00f6gkvalitativa Maca Root Capsules \u00e4r rika p\u00e5 vitaminer med en h\u00f6g koncentration av n\u00e4rings\u00e4mnen som l\u00e4tt kan tas upp av kroppen.<\/p>\n<p><strong>S\u00c4KER OCH L\u00c4TT ATT ANV\u00c4NDA  <\/strong><\/p>\n<p>Maca Root-pulver \u00e4r naturligt effektivt och l\u00e4tt att sm\u00e4lta in i din dagliga livsstil. Att integrera denna Maca Root superfood i din dagliga kost \u00e4r extremt smidigt med v\u00e5ra kapslar som \u00e4r l\u00e4tta att ta &#8211; och de har ingen obehaglig smak heller! Detta helt naturliga tillskott \u00e4r l\u00e4mpligt f\u00f6r veganer och vegetarianer och tillverkas i Storbritannien enligt GMP-koden.<\/p>\n","protected":false},"excerpt":{"rendered":"<h4><strong>Veganska kapslar med h\u00f6g styrka, rika p\u00e5 vitaminer, kalcium, zink och fibrer.  <\/strong><\/h4>\n","protected":false},"featured_media":15731,"template":"","meta":{"site-sidebar-layout":"default","site-content-layout":"default","ast-site-content-layout":"default","site-content-style":"default","site-sidebar-style":"default","ast-global-header-display":"","ast-banner-title-visibility":"","ast-main-header-display":"","ast-hfb-above-header-display":"","ast-hfb-below-header-display":"","ast-hfb-mobile-header-display":"","site-post-title":"","ast-breadcrumbs-content":"","ast-featured-img":"","footer-sml-layout":"","theme-transparent-header-meta":"default","adv-header-id-meta":"","stick-header-meta":"default","header-above-stick-meta":"","header-main-stick-meta":"","header-below-stick-meta":"","astra-migrate-meta-layouts":"default","ast-page-background-enabled":"default","ast-page-background-meta":{"desktop":{"background-color":"","background-image":"","background-repeat":"repeat","background-position":"center center","background-size":"auto","background-attachment":"scroll","background-type":"","background-media":"","overlay-type":"","overlay-color":"","overlay-opacity":"","overlay-gradient":""},"tablet":{"background-color":"","background-image":"","background-repeat":"repeat","background-position":"center center","background-size":"auto","background-attachment":"scroll","background-type":"","background-media":"","overlay-type":"","overlay-color":"","overlay-opacity":"","overlay-gradient":""},"mobile":{"background-color":"","background-image":"","background-repeat":"repeat","background-position":"center center","background-size":"auto","background-attachment":"scroll","background-type":"","background-media":"","overlay-type":"","overlay-color":"","overlay-opacity":"","overlay-gradient":""}},"ast-content-background-meta":{"desktop":{"background-color":"var(--ast-global-color-5)","background-image":"","background-repeat":"repeat","background-position":"center center","background-size":"auto","background-attachment":"scroll","background-type":"","background-media":"","overlay-type":"","overlay-color":"","overlay-opacity":"","overlay-gradient":""},"tablet":{"background-color":"var(--ast-global-color-5)","background-image":"","background-repeat":"repeat","background-position":"center center","background-size":"auto","background-attachment":"scroll","background-type":"","background-media":"","overlay-type":"","overlay-color":"","overlay-opacity":"","overlay-gradient":""},"mobile":{"background-color":"var(--ast-global-color-5)","background-image":"","background-repeat":"repeat","background-position":"center center","background-size":"auto","background-attachment":"scroll","background-type":"","background-media":"","overlay-type":"","overlay-color":"","overlay-opacity":"","overlay-gradient":""}}},"product_cat":[1029,655,601],"product_tag":[],"class_list":{"0":"post-6902","1":"product","2":"type-product","3":"status-publish","4":"has-post-thumbnail","6":"product_cat-fertilitet","7":"product_cat-kosttillskott","8":"product_cat-trotthet","9":"has-subscription-plans","10":"desktop-align-left","11":"tablet-align-left","12":"mobile-align-left","14":"first","15":"outofstock","16":"taxable","17":"shipping-taxable","18":"purchasable","19":"product-type-simple"},"yoast_head":"<!-- This site is optimized with the Yoast SEO plugin v22.7 - https:\/\/yoast.com\/wordpress\/plugins\/seo\/ -->\n<title>Maca Root Capsules f\u00f6r \u00f6kad uth\u00e5llighet och hormonbalansering (180 kapslar) - JeaKen<\/title>\n<meta name=\"robots\" content=\"index, follow, max-snippet:-1, max-image-preview:large, max-video-preview:-1\" \/>\n<link rel=\"canonical\" href=\"https:\/\/jeaken.com\/sv\/produkt\/maca-root-capsules-for-okad-uthallighet-och-hormonbalansering-180-kapslar\/\" \/>\n<meta property=\"og:locale\" content=\"sv_SE\" \/>\n<meta property=\"og:type\" content=\"article\" \/>\n<meta property=\"og:title\" content=\"Maca Root Capsules f\u00f6r \u00f6kad uth\u00e5llighet och hormonbalansering (180 kapslar) - JeaKen\" \/>\n<meta property=\"og:description\" content=\"Veganska kapslar med h\u00f6g styrka, rika p\u00e5 vitaminer, kalcium, zink och fibrer.\" \/>\n<meta property=\"og:url\" content=\"https:\/\/jeaken.com\/sv\/produkt\/maca-root-capsules-for-okad-uthallighet-och-hormonbalansering-180-kapslar\/\" \/>\n<meta property=\"og:site_name\" content=\"JeaKen\" \/>\n<meta property=\"article:modified_time\" content=\"2022-08-09T14:15:39+00:00\" \/>\n<meta property=\"og:image\" content=\"https:\/\/jeaken.com\/wp-content\/uploads\/2022\/07\/Maca.jpg\" \/>\n\t<meta property=\"og:image:width\" content=\"512\" \/>\n\t<meta property=\"og:image:height\" content=\"600\" \/>\n\t<meta property=\"og:image:type\" content=\"image\/jpeg\" \/>\n<meta name=\"twitter:card\" content=\"summary_large_image\" \/>\n<meta name=\"twitter:label1\" content=\"Est. reading time\" \/>\n\t<meta name=\"twitter:data1\" content=\"1 minute\" \/>\n<script type=\"application\/ld+json\" class=\"yoast-schema-graph\">{\"@context\":\"https:\/\/schema.org\",\"@graph\":[{\"@type\":\"WebPage\",\"@id\":\"https:\/\/jeaken.com\/sv\/produkt\/maca-root-capsules-for-okad-uthallighet-och-hormonbalansering-180-kapslar\/\",\"url\":\"https:\/\/jeaken.com\/sv\/produkt\/maca-root-capsules-for-okad-uthallighet-och-hormonbalansering-180-kapslar\/\",\"name\":\"Maca Root Capsules f\u00f6r \u00f6kad uth\u00e5llighet och hormonbalansering (180 kapslar) - JeaKen\",\"isPartOf\":{\"@id\":\"https:\/\/jeaken.com\/sv\/#website\"},\"primaryImageOfPage\":{\"@id\":\"https:\/\/jeaken.com\/sv\/produkt\/maca-root-capsules-for-okad-uthallighet-och-hormonbalansering-180-kapslar\/#primaryimage\"},\"image\":{\"@id\":\"https:\/\/jeaken.com\/sv\/produkt\/maca-root-capsules-for-okad-uthallighet-och-hormonbalansering-180-kapslar\/#primaryimage\"},\"thumbnailUrl\":\"https:\/\/jeaken.com\/wp-content\/uploads\/2022\/07\/Maca.jpg\",\"datePublished\":\"2022-07-21T18:18:17+00:00\",\"dateModified\":\"2022-08-09T14:15:39+00:00\",\"breadcrumb\":{\"@id\":\"https:\/\/jeaken.com\/sv\/produkt\/maca-root-capsules-for-okad-uthallighet-och-hormonbalansering-180-kapslar\/#breadcrumb\"},\"inLanguage\":\"sv-SE\",\"potentialAction\":[{\"@type\":\"ReadAction\",\"target\":[\"https:\/\/jeaken.com\/sv\/produkt\/maca-root-capsules-for-okad-uthallighet-och-hormonbalansering-180-kapslar\/\"]}]},{\"@type\":\"ImageObject\",\"inLanguage\":\"sv-SE\",\"@id\":\"https:\/\/jeaken.com\/sv\/produkt\/maca-root-capsules-for-okad-uthallighet-och-hormonbalansering-180-kapslar\/#primaryimage\",\"url\":\"https:\/\/jeaken.com\/wp-content\/uploads\/2022\/07\/Maca.jpg\",\"contentUrl\":\"https:\/\/jeaken.com\/wp-content\/uploads\/2022\/07\/Maca.jpg\",\"width\":512,\"height\":600,\"caption\":\"Maca Root Capsules for Increased Stamina and Hormone Balancing\"},{\"@type\":\"BreadcrumbList\",\"@id\":\"https:\/\/jeaken.com\/sv\/produkt\/maca-root-capsules-for-okad-uthallighet-och-hormonbalansering-180-kapslar\/#breadcrumb\",\"itemListElement\":[{\"@type\":\"ListItem\",\"position\":1,\"name\":\"Home\",\"item\":\"https:\/\/jeaken.com\/sv\/\"},{\"@type\":\"ListItem\",\"position\":2,\"name\":\"Private: Shop\",\"item\":\"https:\/\/jeaken.com\/shop\/\"},{\"@type\":\"ListItem\",\"position\":3,\"name\":\"Maca Root Capsules f\u00f6r \u00f6kad uth\u00e5llighet och hormonbalansering (180 kapslar)\"}]},{\"@type\":\"WebSite\",\"@id\":\"https:\/\/jeaken.com\/sv\/#website\",\"url\":\"https:\/\/jeaken.com\/sv\/\",\"name\":\"JeaKen\",\"description\":\"Organic Supplements for Health, Fitness and Nutrition\",\"publisher\":{\"@id\":\"https:\/\/jeaken.com\/sv\/#organization\"},\"potentialAction\":[{\"@type\":\"SearchAction\",\"target\":{\"@type\":\"EntryPoint\",\"urlTemplate\":\"https:\/\/jeaken.com\/sv\/?s={search_term_string}\"},\"query-input\":\"required name=search_term_string\"}],\"inLanguage\":\"sv-SE\"},{\"@type\":\"Organization\",\"@id\":\"https:\/\/jeaken.com\/sv\/#organization\",\"name\":\"JeaKen\",\"url\":\"https:\/\/jeaken.com\/sv\/\",\"logo\":{\"@type\":\"ImageObject\",\"inLanguage\":\"sv-SE\",\"@id\":\"https:\/\/jeaken.com\/sv\/#\/schema\/logo\/image\/\",\"url\":\"https:\/\/jeaken.com\/wp-content\/uploads\/2022\/06\/jeaken-logo-23.png\",\"contentUrl\":\"https:\/\/jeaken.com\/wp-content\/uploads\/2022\/06\/jeaken-logo-23.png\",\"width\":2486,\"height\":736,\"caption\":\"JeaKen\"},\"image\":{\"@id\":\"https:\/\/jeaken.com\/sv\/#\/schema\/logo\/image\/\"}}]}<\/script>\n<!-- \/ Yoast SEO plugin. -->","yoast_head_json":{"title":"Maca Root Capsules f\u00f6r \u00f6kad uth\u00e5llighet och hormonbalansering (180 kapslar) - JeaKen","robots":{"index":"index","follow":"follow","max-snippet":"max-snippet:-1","max-image-preview":"max-image-preview:large","max-video-preview":"max-video-preview:-1"},"canonical":"https:\/\/jeaken.com\/sv\/produkt\/maca-root-capsules-for-okad-uthallighet-och-hormonbalansering-180-kapslar\/","og_locale":"sv_SE","og_type":"article","og_title":"Maca Root Capsules f\u00f6r \u00f6kad uth\u00e5llighet och hormonbalansering (180 kapslar) - JeaKen","og_description":"Veganska kapslar med h\u00f6g styrka, rika p\u00e5 vitaminer, kalcium, zink och fibrer.","og_url":"https:\/\/jeaken.com\/sv\/produkt\/maca-root-capsules-for-okad-uthallighet-och-hormonbalansering-180-kapslar\/","og_site_name":"JeaKen","article_modified_time":"2022-08-09T14:15:39+00:00","og_image":[{"width":512,"height":600,"url":"https:\/\/jeaken.com\/wp-content\/uploads\/2022\/07\/Maca.jpg","type":"image\/jpeg"}],"twitter_card":"summary_large_image","twitter_misc":{"Est. reading time":"1 minute"},"schema":{"@context":"https:\/\/schema.org","@graph":[{"@type":"WebPage","@id":"https:\/\/jeaken.com\/sv\/produkt\/maca-root-capsules-for-okad-uthallighet-och-hormonbalansering-180-kapslar\/","url":"https:\/\/jeaken.com\/sv\/produkt\/maca-root-capsules-for-okad-uthallighet-och-hormonbalansering-180-kapslar\/","name":"Maca Root Capsules f\u00f6r \u00f6kad uth\u00e5llighet och hormonbalansering (180 kapslar) - JeaKen","isPartOf":{"@id":"https:\/\/jeaken.com\/sv\/#website"},"primaryImageOfPage":{"@id":"https:\/\/jeaken.com\/sv\/produkt\/maca-root-capsules-for-okad-uthallighet-och-hormonbalansering-180-kapslar\/#primaryimage"},"image":{"@id":"https:\/\/jeaken.com\/sv\/produkt\/maca-root-capsules-for-okad-uthallighet-och-hormonbalansering-180-kapslar\/#primaryimage"},"thumbnailUrl":"https:\/\/jeaken.com\/wp-content\/uploads\/2022\/07\/Maca.jpg","datePublished":"2022-07-21T18:18:17+00:00","dateModified":"2022-08-09T14:15:39+00:00","breadcrumb":{"@id":"https:\/\/jeaken.com\/sv\/produkt\/maca-root-capsules-for-okad-uthallighet-och-hormonbalansering-180-kapslar\/#breadcrumb"},"inLanguage":"sv-SE","potentialAction":[{"@type":"ReadAction","target":["https:\/\/jeaken.com\/sv\/produkt\/maca-root-capsules-for-okad-uthallighet-och-hormonbalansering-180-kapslar\/"]}]},{"@type":"ImageObject","inLanguage":"sv-SE","@id":"https:\/\/jeaken.com\/sv\/produkt\/maca-root-capsules-for-okad-uthallighet-och-hormonbalansering-180-kapslar\/#primaryimage","url":"https:\/\/jeaken.com\/wp-content\/uploads\/2022\/07\/Maca.jpg","contentUrl":"https:\/\/jeaken.com\/wp-content\/uploads\/2022\/07\/Maca.jpg","width":512,"height":600,"caption":"Maca Root Capsules for Increased Stamina and Hormone Balancing"},{"@type":"BreadcrumbList","@id":"https:\/\/jeaken.com\/sv\/produkt\/maca-root-capsules-for-okad-uthallighet-och-hormonbalansering-180-kapslar\/#breadcrumb","itemListElement":[{"@type":"ListItem","position":1,"name":"Home","item":"https:\/\/jeaken.com\/sv\/"},{"@type":"ListItem","position":2,"name":"Private: Shop","item":"https:\/\/jeaken.com\/shop\/"},{"@type":"ListItem","position":3,"name":"Maca Root Capsules f\u00f6r \u00f6kad uth\u00e5llighet och hormonbalansering (180 kapslar)"}]},{"@type":"WebSite","@id":"https:\/\/jeaken.com\/sv\/#website","url":"https:\/\/jeaken.com\/sv\/","name":"JeaKen","description":"Organic Supplements for Health, Fitness and Nutrition","publisher":{"@id":"https:\/\/jeaken.com\/sv\/#organization"},"potentialAction":[{"@type":"SearchAction","target":{"@type":"EntryPoint","urlTemplate":"https:\/\/jeaken.com\/sv\/?s={search_term_string}"},"query-input":"required name=search_term_string"}],"inLanguage":"sv-SE"},{"@type":"Organization","@id":"https:\/\/jeaken.com\/sv\/#organization","name":"JeaKen","url":"https:\/\/jeaken.com\/sv\/","logo":{"@type":"ImageObject","inLanguage":"sv-SE","@id":"https:\/\/jeaken.com\/sv\/#\/schema\/logo\/image\/","url":"https:\/\/jeaken.com\/wp-content\/uploads\/2022\/06\/jeaken-logo-23.png","contentUrl":"https:\/\/jeaken.com\/wp-content\/uploads\/2022\/06\/jeaken-logo-23.png","width":2486,"height":736,"caption":"JeaKen"},"image":{"@id":"https:\/\/jeaken.com\/sv\/#\/schema\/logo\/image\/"}}]}},"jetpack_sharing_enabled":true,"_links":{"self":[{"href":"https:\/\/jeaken.com\/sv\/wp-json\/wp\/v2\/product\/6902","targetHints":{"allow":["GET"]}}],"collection":[{"href":"https:\/\/jeaken.com\/sv\/wp-json\/wp\/v2\/product"}],"about":[{"href":"https:\/\/jeaken.com\/sv\/wp-json\/wp\/v2\/types\/product"}],"wp:featuredmedia":[{"embeddable":true,"href":"https:\/\/jeaken.com\/sv\/wp-json\/wp\/v2\/media\/15731"}],"wp:attachment":[{"href":"https:\/\/jeaken.com\/sv\/wp-json\/wp\/v2\/media?parent=6902"}],"wp:term":[{"taxonomy":"product_cat","embeddable":true,"href":"https:\/\/jeaken.com\/sv\/wp-json\/wp\/v2\/product_cat?post=6902"},{"taxonomy":"product_tag","embeddable":true,"href":"https:\/\/jeaken.com\/sv\/wp-json\/wp\/v2\/product_tag?post=6902"}],"curies":[{"name":"wp","href":"https:\/\/api.w.org\/{rel}","templated":true}]}}