{"id":6894,"date":"2022-07-21T19:18:21","date_gmt":"2022-07-21T18:18:21","guid":{"rendered":"https:\/1658920591610?product=premium-multivitaminer-abcde-tabletter-for-man-och-kvinnor"},"modified":"2022-08-13T19:20:28","modified_gmt":"2022-08-13T18:20:28","slug":"premium-multivitaminer-abcde-tabletter","status":"publish","type":"product","link":"https:\/\/jeaken.com\/sv\/produkt\/premium-multivitaminer-abcde-tabletter\/","title":{"rendered":"Premium Multivitaminer ABCDE Tabletter f\u00f6r m\u00e4n och kvinnor"},"content":{"rendered":"<p><strong>ger en p\u00e5litlig k\u00e4lla till vitamin A, B, C, D och E  <\/strong><\/p>\n<p>Varje l\u00e4tt sv\u00e4ljbar tablett inneh\u00e5ller vitamin A (retinylacetat), vitamin B1 (tiamin), vitamin B2 (riboflavin), vitamin B3 (niacin), vitamin C (askorbinsyra), vitamin D3 (kolekalciferol), vitamin E (Dl-alfa-tokoferol 50%).<\/p>\n<p><strong>HJ\u00c4LPER TILL ATT GE DIN H\u00c4LSA EN EXTRA BOOST  <\/strong><\/p>\n<p>V\u00e5ra f\u00f6rstklassiga vitaminer har valts ut med omsorg f\u00f6r att hj\u00e4lpa dig att uppn\u00e5 optimal h\u00e4lsa och utg\u00f6r en bra grund f\u00f6r varje diet genom att ge 100 % av det dagliga referensv\u00e4rdet f\u00f6r n\u00e4rings\u00e4mnen. Denna multivitamin av h\u00f6g kvalitet ger dig en extra trygghet i att din kropp f\u00e5r de viktiga n\u00e4rings\u00e4mnen den beh\u00f6ver.<\/p>\n<p><strong>HJ\u00c4LPER TILL ATT BROMSA \u00c5LDRANDEPROCESSEN<\/strong><\/p>\n<p>V\u00e5rt multivitamintillskott kan skydda kroppen mot de skadliga effekterna av fria radikaler som kan bidra till \u00e5ldrandeprocessen.<\/p>\n","protected":false},"excerpt":{"rendered":"<h4><strong>Alla dagliga n\u00e4rings\u00e4mnen som din kropp beh\u00f6ver i en kapsel som \u00e4r l\u00e4tt att ta!<\/strong><\/h4>\n","protected":false},"featured_media":4572,"template":"","meta":{"site-sidebar-layout":"default","site-content-layout":"default","ast-site-content-layout":"default","site-content-style":"default","site-sidebar-style":"default","ast-global-header-display":"","ast-banner-title-visibility":"","ast-main-header-display":"","ast-hfb-above-header-display":"","ast-hfb-below-header-display":"","ast-hfb-mobile-header-display":"","site-post-title":"","ast-breadcrumbs-content":"","ast-featured-img":"","footer-sml-layout":"","theme-transparent-header-meta":"default","adv-header-id-meta":"","stick-header-meta":"default","header-above-stick-meta":"","header-main-stick-meta":"","header-below-stick-meta":"","astra-migrate-meta-layouts":"default","ast-page-background-enabled":"default","ast-page-background-meta":{"desktop":{"background-color":"","background-image":"","background-repeat":"repeat","background-position":"center center","background-size":"auto","background-attachment":"scroll","background-type":"","background-media":"","overlay-type":"","overlay-color":"","overlay-opacity":"","overlay-gradient":""},"tablet":{"background-color":"","background-image":"","background-repeat":"repeat","background-position":"center center","background-size":"auto","background-attachment":"scroll","background-type":"","background-media":"","overlay-type":"","overlay-color":"","overlay-opacity":"","overlay-gradient":""},"mobile":{"background-color":"","background-image":"","background-repeat":"repeat","background-position":"center center","background-size":"auto","background-attachment":"scroll","background-type":"","background-media":"","overlay-type":"","overlay-color":"","overlay-opacity":"","overlay-gradient":""}},"ast-content-background-meta":{"desktop":{"background-color":"var(--ast-global-color-5)","background-image":"","background-repeat":"repeat","background-position":"center center","background-size":"auto","background-attachment":"scroll","background-type":"","background-media":"","overlay-type":"","overlay-color":"","overlay-opacity":"","overlay-gradient":""},"tablet":{"background-color":"var(--ast-global-color-5)","background-image":"","background-repeat":"repeat","background-position":"center center","background-size":"auto","background-attachment":"scroll","background-type":"","background-media":"","overlay-type":"","overlay-color":"","overlay-opacity":"","overlay-gradient":""},"mobile":{"background-color":"var(--ast-global-color-5)","background-image":"","background-repeat":"repeat","background-position":"center center","background-size":"auto","background-attachment":"scroll","background-type":"","background-media":"","overlay-type":"","overlay-color":"","overlay-opacity":"","overlay-gradient":""}}},"product_cat":[560,559],"product_tag":[],"class_list":{"0":"post-6894","1":"product","2":"type-product","3":"status-publish","4":"has-post-thumbnail","6":"product_cat-immunhalsa","7":"product_cat-vitaminer-och-mineraler","8":"has-subscription-plans","9":"desktop-align-left","10":"tablet-align-left","11":"mobile-align-left","13":"first","14":"instock","15":"taxable","16":"shipping-taxable","17":"purchasable","18":"product-type-simple"},"yoast_head":"<!-- This site is optimized with the Yoast SEO plugin v22.7 - https:\/\/yoast.com\/wordpress\/plugins\/seo\/ -->\n<title>Premium Multivitaminer ABCDE Tabletter f\u00f6r m\u00e4n och kvinnor - JeaKen<\/title>\n<meta name=\"robots\" content=\"index, follow, max-snippet:-1, max-image-preview:large, max-video-preview:-1\" \/>\n<link rel=\"canonical\" href=\"https:\/\/jeaken.com\/sv\/produkt\/premium-multivitaminer-abcde-tabletter\/\" \/>\n<meta property=\"og:locale\" content=\"sv_SE\" \/>\n<meta property=\"og:type\" content=\"article\" \/>\n<meta property=\"og:title\" content=\"Premium Multivitaminer ABCDE Tabletter f\u00f6r m\u00e4n och kvinnor - JeaKen\" \/>\n<meta property=\"og:description\" content=\"Alla dagliga n\u00e4rings\u00e4mnen som din kropp beh\u00f6ver i en kapsel som \u00e4r l\u00e4tt att ta!\" \/>\n<meta property=\"og:url\" content=\"https:\/\/jeaken.com\/sv\/produkt\/premium-multivitaminer-abcde-tabletter\/\" \/>\n<meta property=\"og:site_name\" content=\"JeaKen\" \/>\n<meta property=\"article:modified_time\" content=\"2022-08-13T18:20:28+00:00\" \/>\n<meta property=\"og:image\" content=\"https:\/\/jeaken.com\/wp-content\/uploads\/2022\/07\/71dKviOol2L._AC_SL1500_.jpg\" \/>\n\t<meta property=\"og:image:width\" content=\"600\" \/>\n\t<meta property=\"og:image:height\" content=\"600\" \/>\n\t<meta property=\"og:image:type\" content=\"image\/jpeg\" \/>\n<meta name=\"twitter:card\" content=\"summary_large_image\" \/>\n<meta name=\"twitter:label1\" content=\"Est. reading time\" \/>\n\t<meta name=\"twitter:data1\" content=\"1 minute\" \/>\n<script type=\"application\/ld+json\" class=\"yoast-schema-graph\">{\"@context\":\"https:\/\/schema.org\",\"@graph\":[{\"@type\":\"WebPage\",\"@id\":\"https:\/\/jeaken.com\/sv\/produkt\/premium-multivitaminer-abcde-tabletter\/\",\"url\":\"https:\/\/jeaken.com\/sv\/produkt\/premium-multivitaminer-abcde-tabletter\/\",\"name\":\"Premium Multivitaminer ABCDE Tabletter f\u00f6r m\u00e4n och kvinnor - JeaKen\",\"isPartOf\":{\"@id\":\"https:\/\/jeaken.com\/sv\/#website\"},\"primaryImageOfPage\":{\"@id\":\"https:\/\/jeaken.com\/sv\/produkt\/premium-multivitaminer-abcde-tabletter\/#primaryimage\"},\"image\":{\"@id\":\"https:\/\/jeaken.com\/sv\/produkt\/premium-multivitaminer-abcde-tabletter\/#primaryimage\"},\"thumbnailUrl\":\"https:\/\/jeaken.com\/wp-content\/uploads\/2022\/07\/71dKviOol2L._AC_SL1500_.jpg\",\"datePublished\":\"2022-07-21T18:18:21+00:00\",\"dateModified\":\"2022-08-13T18:20:28+00:00\",\"breadcrumb\":{\"@id\":\"https:\/\/jeaken.com\/sv\/produkt\/premium-multivitaminer-abcde-tabletter\/#breadcrumb\"},\"inLanguage\":\"sv-SE\",\"potentialAction\":[{\"@type\":\"ReadAction\",\"target\":[\"https:\/\/jeaken.com\/sv\/produkt\/premium-multivitaminer-abcde-tabletter\/\"]}]},{\"@type\":\"ImageObject\",\"inLanguage\":\"sv-SE\",\"@id\":\"https:\/\/jeaken.com\/sv\/produkt\/premium-multivitaminer-abcde-tabletter\/#primaryimage\",\"url\":\"https:\/\/jeaken.com\/wp-content\/uploads\/2022\/07\/71dKviOol2L._AC_SL1500_.jpg\",\"contentUrl\":\"https:\/\/jeaken.com\/wp-content\/uploads\/2022\/07\/71dKviOol2L._AC_SL1500_.jpg\",\"width\":600,\"height\":600,\"caption\":\"Premium Multivitamins ABCDE Tablets For Men and Women\"},{\"@type\":\"BreadcrumbList\",\"@id\":\"https:\/\/jeaken.com\/sv\/produkt\/premium-multivitaminer-abcde-tabletter\/#breadcrumb\",\"itemListElement\":[{\"@type\":\"ListItem\",\"position\":1,\"name\":\"Home\",\"item\":\"https:\/\/jeaken.com\/sv\/\"},{\"@type\":\"ListItem\",\"position\":2,\"name\":\"Private: Shop\",\"item\":\"https:\/\/jeaken.com\/shop\/\"},{\"@type\":\"ListItem\",\"position\":3,\"name\":\"Premium Multivitaminer ABCDE Tabletter f\u00f6r m\u00e4n och kvinnor\"}]},{\"@type\":\"WebSite\",\"@id\":\"https:\/\/jeaken.com\/sv\/#website\",\"url\":\"https:\/\/jeaken.com\/sv\/\",\"name\":\"JeaKen\",\"description\":\"Organic Supplements for Health, Fitness and Nutrition\",\"publisher\":{\"@id\":\"https:\/\/jeaken.com\/sv\/#organization\"},\"potentialAction\":[{\"@type\":\"SearchAction\",\"target\":{\"@type\":\"EntryPoint\",\"urlTemplate\":\"https:\/\/jeaken.com\/sv\/?s={search_term_string}\"},\"query-input\":\"required name=search_term_string\"}],\"inLanguage\":\"sv-SE\"},{\"@type\":\"Organization\",\"@id\":\"https:\/\/jeaken.com\/sv\/#organization\",\"name\":\"JeaKen\",\"url\":\"https:\/\/jeaken.com\/sv\/\",\"logo\":{\"@type\":\"ImageObject\",\"inLanguage\":\"sv-SE\",\"@id\":\"https:\/\/jeaken.com\/sv\/#\/schema\/logo\/image\/\",\"url\":\"https:\/\/jeaken.com\/wp-content\/uploads\/2022\/06\/jeaken-logo-23.png\",\"contentUrl\":\"https:\/\/jeaken.com\/wp-content\/uploads\/2022\/06\/jeaken-logo-23.png\",\"width\":2486,\"height\":736,\"caption\":\"JeaKen\"},\"image\":{\"@id\":\"https:\/\/jeaken.com\/sv\/#\/schema\/logo\/image\/\"}}]}<\/script>\n<!-- \/ Yoast SEO plugin. -->","yoast_head_json":{"title":"Premium Multivitaminer ABCDE Tabletter f\u00f6r m\u00e4n och kvinnor - JeaKen","robots":{"index":"index","follow":"follow","max-snippet":"max-snippet:-1","max-image-preview":"max-image-preview:large","max-video-preview":"max-video-preview:-1"},"canonical":"https:\/\/jeaken.com\/sv\/produkt\/premium-multivitaminer-abcde-tabletter\/","og_locale":"sv_SE","og_type":"article","og_title":"Premium Multivitaminer ABCDE Tabletter f\u00f6r m\u00e4n och kvinnor - JeaKen","og_description":"Alla dagliga n\u00e4rings\u00e4mnen som din kropp beh\u00f6ver i en kapsel som \u00e4r l\u00e4tt att ta!","og_url":"https:\/\/jeaken.com\/sv\/produkt\/premium-multivitaminer-abcde-tabletter\/","og_site_name":"JeaKen","article_modified_time":"2022-08-13T18:20:28+00:00","og_image":[{"width":600,"height":600,"url":"https:\/\/jeaken.com\/wp-content\/uploads\/2022\/07\/71dKviOol2L._AC_SL1500_.jpg","type":"image\/jpeg"}],"twitter_card":"summary_large_image","twitter_misc":{"Est. reading time":"1 minute"},"schema":{"@context":"https:\/\/schema.org","@graph":[{"@type":"WebPage","@id":"https:\/\/jeaken.com\/sv\/produkt\/premium-multivitaminer-abcde-tabletter\/","url":"https:\/\/jeaken.com\/sv\/produkt\/premium-multivitaminer-abcde-tabletter\/","name":"Premium Multivitaminer ABCDE Tabletter f\u00f6r m\u00e4n och kvinnor - JeaKen","isPartOf":{"@id":"https:\/\/jeaken.com\/sv\/#website"},"primaryImageOfPage":{"@id":"https:\/\/jeaken.com\/sv\/produkt\/premium-multivitaminer-abcde-tabletter\/#primaryimage"},"image":{"@id":"https:\/\/jeaken.com\/sv\/produkt\/premium-multivitaminer-abcde-tabletter\/#primaryimage"},"thumbnailUrl":"https:\/\/jeaken.com\/wp-content\/uploads\/2022\/07\/71dKviOol2L._AC_SL1500_.jpg","datePublished":"2022-07-21T18:18:21+00:00","dateModified":"2022-08-13T18:20:28+00:00","breadcrumb":{"@id":"https:\/\/jeaken.com\/sv\/produkt\/premium-multivitaminer-abcde-tabletter\/#breadcrumb"},"inLanguage":"sv-SE","potentialAction":[{"@type":"ReadAction","target":["https:\/\/jeaken.com\/sv\/produkt\/premium-multivitaminer-abcde-tabletter\/"]}]},{"@type":"ImageObject","inLanguage":"sv-SE","@id":"https:\/\/jeaken.com\/sv\/produkt\/premium-multivitaminer-abcde-tabletter\/#primaryimage","url":"https:\/\/jeaken.com\/wp-content\/uploads\/2022\/07\/71dKviOol2L._AC_SL1500_.jpg","contentUrl":"https:\/\/jeaken.com\/wp-content\/uploads\/2022\/07\/71dKviOol2L._AC_SL1500_.jpg","width":600,"height":600,"caption":"Premium Multivitamins ABCDE Tablets For Men and Women"},{"@type":"BreadcrumbList","@id":"https:\/\/jeaken.com\/sv\/produkt\/premium-multivitaminer-abcde-tabletter\/#breadcrumb","itemListElement":[{"@type":"ListItem","position":1,"name":"Home","item":"https:\/\/jeaken.com\/sv\/"},{"@type":"ListItem","position":2,"name":"Private: Shop","item":"https:\/\/jeaken.com\/shop\/"},{"@type":"ListItem","position":3,"name":"Premium Multivitaminer ABCDE Tabletter f\u00f6r m\u00e4n och kvinnor"}]},{"@type":"WebSite","@id":"https:\/\/jeaken.com\/sv\/#website","url":"https:\/\/jeaken.com\/sv\/","name":"JeaKen","description":"Organic Supplements for Health, Fitness and Nutrition","publisher":{"@id":"https:\/\/jeaken.com\/sv\/#organization"},"potentialAction":[{"@type":"SearchAction","target":{"@type":"EntryPoint","urlTemplate":"https:\/\/jeaken.com\/sv\/?s={search_term_string}"},"query-input":"required name=search_term_string"}],"inLanguage":"sv-SE"},{"@type":"Organization","@id":"https:\/\/jeaken.com\/sv\/#organization","name":"JeaKen","url":"https:\/\/jeaken.com\/sv\/","logo":{"@type":"ImageObject","inLanguage":"sv-SE","@id":"https:\/\/jeaken.com\/sv\/#\/schema\/logo\/image\/","url":"https:\/\/jeaken.com\/wp-content\/uploads\/2022\/06\/jeaken-logo-23.png","contentUrl":"https:\/\/jeaken.com\/wp-content\/uploads\/2022\/06\/jeaken-logo-23.png","width":2486,"height":736,"caption":"JeaKen"},"image":{"@id":"https:\/\/jeaken.com\/sv\/#\/schema\/logo\/image\/"}}]}},"jetpack_sharing_enabled":true,"_links":{"self":[{"href":"https:\/\/jeaken.com\/sv\/wp-json\/wp\/v2\/product\/6894","targetHints":{"allow":["GET"]}}],"collection":[{"href":"https:\/\/jeaken.com\/sv\/wp-json\/wp\/v2\/product"}],"about":[{"href":"https:\/\/jeaken.com\/sv\/wp-json\/wp\/v2\/types\/product"}],"wp:featuredmedia":[{"embeddable":true,"href":"https:\/\/jeaken.com\/sv\/wp-json\/wp\/v2\/media\/4572"}],"wp:attachment":[{"href":"https:\/\/jeaken.com\/sv\/wp-json\/wp\/v2\/media?parent=6894"}],"wp:term":[{"taxonomy":"product_cat","embeddable":true,"href":"https:\/\/jeaken.com\/sv\/wp-json\/wp\/v2\/product_cat?post=6894"},{"taxonomy":"product_tag","embeddable":true,"href":"https:\/\/jeaken.com\/sv\/wp-json\/wp\/v2\/product_tag?post=6894"}],"curies":[{"name":"wp","href":"https:\/\/api.w.org\/{rel}","templated":true}]}}