{"id":6889,"date":"2022-07-21T19:18:16","date_gmt":"2022-07-21T18:18:16","guid":{"rendered":"https:\/1658920591610?product=glukosaminsulfat-1500mg-tillagg-365-tabletter"},"modified":"2022-09-08T15:51:09","modified_gmt":"2022-09-08T14:51:09","slug":"glukosaminsulfat-1500mg-supplement-365-tabletter","status":"publish","type":"product","link":"https:\/\/jeaken.com\/sv\/produkt\/glukosaminsulfat-1500mg-supplement-365-tabletter\/","title":{"rendered":"Glukosaminsulfat 1500mg till\u00e4gg (365 tabletter)"},"content":{"rendered":"<p><strong>FR\u00c4MJAR EN GOD LEDH\u00c4LSA  <\/strong><\/p>\n<p>Glukosamin \u00e4r ett \u00e4mne som f\u00f6rekommer naturligt i kroppen och \u00e4r en av broskets byggstenar. V\u00e5rt tillskott av glukosaminsulfat hj\u00e4lper till att bygga upp och st\u00e4rka brosket som naturligt minskar med \u00e5ldern.<\/p>\n<p>&nbsp;<\/p>\n<p><strong>KLINISKT BEVISAD<\/strong><\/p>\n<p>V\u00e5rt glukosaminsulfat med maximal styrka \u00e4r kombinerat med l\u00e5ga halter av kaliumklorid (2kcl) som hj\u00e4lper till att stabilisera glukosaminet. I kliniska f\u00f6rs\u00f6k har kaliumklorid visat sig vara den mest effektiva typen av glukosamintillskott.<\/p>\n<p>&nbsp;<\/p>\n<p><strong>GLUKOSAMINSULFAT MED H\u00d6G STYRKA  <\/strong><\/p>\n<p>V\u00e5rt glukosamintillskott inneh\u00e5ller 1 500 mg glukosaminsulfat 2kcl, ett h\u00f6gstyrkegarntillskott som ger 1 133 mg glukosaminsulfat och 888 mg rent (bas)glukosamin dagligen.<\/p>\n<p>&nbsp;<\/p>\n<p><strong>N\u00d6JDHET GARANTERAD  <\/strong><\/p>\n<p>V\u00e5ra kosttillskott av h\u00f6gsta kvalitet tillverkas i Storbritannien i enlighet med GMP-koden.<\/p>\n<p>&nbsp;<\/p>\n<p><strong>F\u00d6RB\u00c4TTRAR BENH\u00c4LSAN<\/strong><\/p>\n<p class=\"a-spacing-base\">M\u00e5nga personer med bensm\u00e4rta, l\u00e5g bent\u00e4thet och en historia av frakturer kan dra nytta av glukosamin. Det finns bevis f\u00f6r att glukosamin bidrar till att bevara ledbrosket runt benen. Det kan ocks\u00e5 bidra till att minska sm\u00e4rta, \u00f6ka den fysiska funktionen och \u00f6ka aktivitetsf\u00f6rm\u00e5gan hos personer med bensm\u00e4rta.<\/p>\n<p>&nbsp;<\/p>\n<p class=\"a-spacing-mini a-color-secondary\"><strong>ST\u00d6DER MATSM\u00c4LTNINGEN<\/strong><\/p>\n<p class=\"a-spacing-base\">Glukosamin kan vara ett bra komplement f\u00f6r att f\u00f6rb\u00e4ttra matsm\u00e4ltningsfunktionen och st\u00f6dja slemhinnan i mag-tarmkanalen. Glukosamintillskott eller naturligt glukosaminrik benbuljong hj\u00e4lper till att reparera skadad v\u00e4vnad och minska inflammationen i mag-tarmkanalen.<\/p>\n<p>&nbsp;<\/p>\n<p><strong>FR\u00c4MJAR FRISKA CELLER<\/strong><\/p>\n<p>Kollagenpeptidpulvret i detta tillskott fr\u00e4mjar h\u00e5rv\u00e4xt, \u00e5terfuktar dina naglar och stimulerar kollagenproduktionen f\u00f6r att \u00f6ka regenerationen av hudceller.<\/p>\n<p>&nbsp;<\/p>\n<p><strong>GER FLERA H\u00c4LSOF\u00d6RDELAR<\/strong><\/p>\n<p>Detta tillskott inneh\u00e5ller torskleverolja, som \u00e4r k\u00e4nd f\u00f6r att st\u00f6dja hj\u00e4rth\u00e4lsa, ledv\u00e5rd, benh\u00e4lsa, hj\u00e4rnfunktion och \u00f6gonh\u00e4lsa. Intag av kosttillskott baserade p\u00e5 koenzym Q10 rekommenderas ocks\u00e5 f\u00f6r att motverka tr\u00f6tthet, minska k\u00e4nslan av tr\u00f6tthet, \u00f6ka energin och fr\u00e4mja muskelh\u00e4lsan.<\/p>\n<p>&nbsp;<\/p>\n<p>&nbsp;<\/p>\n<p>&nbsp;<\/p>\n","protected":false},"excerpt":{"rendered":"<h4><strong>Ett veganv\u00e4nligt glukosamintillskott av h\u00f6gsta kvalitet f\u00f6r f\u00f6rb\u00e4ttrad ledh\u00e4lsa.<\/strong><\/h4>\n","protected":false},"featured_media":14825,"template":"","meta":{"site-sidebar-layout":"default","site-content-layout":"default","ast-site-content-layout":"default","site-content-style":"default","site-sidebar-style":"default","ast-global-header-display":"","ast-banner-title-visibility":"","ast-main-header-display":"","ast-hfb-above-header-display":"","ast-hfb-below-header-display":"","ast-hfb-mobile-header-display":"","site-post-title":"","ast-breadcrumbs-content":"","ast-featured-img":"","footer-sml-layout":"","theme-transparent-header-meta":"default","adv-header-id-meta":"","stick-header-meta":"default","header-above-stick-meta":"","header-main-stick-meta":"","header-below-stick-meta":"","astra-migrate-meta-layouts":"default","ast-page-background-enabled":"default","ast-page-background-meta":{"desktop":{"background-color":"","background-image":"","background-repeat":"repeat","background-position":"center center","background-size":"auto","background-attachment":"scroll","background-type":"","background-media":"","overlay-type":"","overlay-color":"","overlay-opacity":"","overlay-gradient":""},"tablet":{"background-color":"","background-image":"","background-repeat":"repeat","background-position":"center center","background-size":"auto","background-attachment":"scroll","background-type":"","background-media":"","overlay-type":"","overlay-color":"","overlay-opacity":"","overlay-gradient":""},"mobile":{"background-color":"","background-image":"","background-repeat":"repeat","background-position":"center center","background-size":"auto","background-attachment":"scroll","background-type":"","background-media":"","overlay-type":"","overlay-color":"","overlay-opacity":"","overlay-gradient":""}},"ast-content-background-meta":{"desktop":{"background-color":"var(--ast-global-color-5)","background-image":"","background-repeat":"repeat","background-position":"center center","background-size":"auto","background-attachment":"scroll","background-type":"","background-media":"","overlay-type":"","overlay-color":"","overlay-opacity":"","overlay-gradient":""},"tablet":{"background-color":"var(--ast-global-color-5)","background-image":"","background-repeat":"repeat","background-position":"center center","background-size":"auto","background-attachment":"scroll","background-type":"","background-media":"","overlay-type":"","overlay-color":"","overlay-opacity":"","overlay-gradient":""},"mobile":{"background-color":"var(--ast-global-color-5)","background-image":"","background-repeat":"repeat","background-position":"center center","background-size":"auto","background-attachment":"scroll","background-type":"","background-media":"","overlay-type":"","overlay-color":"","overlay-opacity":"","overlay-gradient":""}}},"product_cat":[768],"product_tag":[1179,1162,1169,1171,1173,1175,1176,1165,1167,1177,1178,1180,1181,1182,1158,1185,1188],"class_list":{"0":"post-6889","1":"product","2":"type-product","3":"status-publish","4":"has-post-thumbnail","6":"product_cat-halsa-for-ben-och-leder","7":"product_tag-flytta-sig-fritt","8":"product_tag-gemensam-vard","9":"product_tag-glukosamin-mg","10":"product_tag-glukosamin-msm","11":"product_tag-glukosaminsulfat","12":"product_tag-glukosaminsulfat-sv","13":"product_tag-glukosaminsulfat-mg","14":"product_tag-kondroitin-glukosamin-hog-styrka","15":"product_tag-kondroitinsulfat","16":"product_tag-lindring-av-ledvark","17":"product_tag-metformin-mg-tabletter","18":"product_tag-msm-tabletter","19":"product_tag-smartstillande-tabletter","20":"product_tag-tabletter-for-artrit","21":"product_tag-tillagg-for-ledvard","22":"product_tag-veganskt-glukosamin","23":"product_tag-vitaminer-for-artrit","24":"has-subscription-plans","25":"desktop-align-left","26":"tablet-align-left","27":"mobile-align-left","29":"first","30":"instock","31":"sale","32":"taxable","33":"shipping-taxable","34":"purchasable","35":"product-type-simple"},"yoast_head":"<!-- This site is optimized with the Yoast SEO plugin v22.7 - https:\/\/yoast.com\/wordpress\/plugins\/seo\/ -->\n<title>Glukosaminsulfat 1500mg till\u00e4gg (365 tabletter) - JeaKen<\/title>\n<meta name=\"robots\" content=\"index, follow, max-snippet:-1, max-image-preview:large, max-video-preview:-1\" \/>\n<link rel=\"canonical\" href=\"https:\/\/jeaken.com\/sv\/produkt\/glukosaminsulfat-1500mg-supplement-365-tabletter\/\" \/>\n<meta property=\"og:locale\" content=\"sv_SE\" \/>\n<meta property=\"og:type\" content=\"article\" \/>\n<meta property=\"og:title\" content=\"Glukosaminsulfat 1500mg till\u00e4gg (365 tabletter) - JeaKen\" \/>\n<meta property=\"og:description\" content=\"Ett veganv\u00e4nligt glukosamintillskott av h\u00f6gsta kvalitet f\u00f6r f\u00f6rb\u00e4ttrad ledh\u00e4lsa.\" \/>\n<meta property=\"og:url\" content=\"https:\/\/jeaken.com\/sv\/produkt\/glukosaminsulfat-1500mg-supplement-365-tabletter\/\" \/>\n<meta property=\"og:site_name\" content=\"JeaKen\" \/>\n<meta property=\"article:modified_time\" content=\"2022-09-08T14:51:09+00:00\" \/>\n<meta property=\"og:image\" content=\"https:\/\/jeaken.com\/wp-content\/uploads\/2022\/07\/Front-7.jpg\" \/>\n\t<meta property=\"og:image:width\" content=\"901\" \/>\n\t<meta property=\"og:image:height\" content=\"1100\" \/>\n\t<meta property=\"og:image:type\" content=\"image\/jpeg\" \/>\n<meta name=\"twitter:card\" content=\"summary_large_image\" \/>\n<meta name=\"twitter:label1\" content=\"Est. reading time\" \/>\n\t<meta name=\"twitter:data1\" content=\"2 minutes\" \/>\n<script type=\"application\/ld+json\" class=\"yoast-schema-graph\">{\"@context\":\"https:\/\/schema.org\",\"@graph\":[{\"@type\":\"WebPage\",\"@id\":\"https:\/\/jeaken.com\/sv\/produkt\/glukosaminsulfat-1500mg-supplement-365-tabletter\/\",\"url\":\"https:\/\/jeaken.com\/sv\/produkt\/glukosaminsulfat-1500mg-supplement-365-tabletter\/\",\"name\":\"Glukosaminsulfat 1500mg till\u00e4gg (365 tabletter) - JeaKen\",\"isPartOf\":{\"@id\":\"https:\/\/jeaken.com\/sv\/#website\"},\"primaryImageOfPage\":{\"@id\":\"https:\/\/jeaken.com\/sv\/produkt\/glukosaminsulfat-1500mg-supplement-365-tabletter\/#primaryimage\"},\"image\":{\"@id\":\"https:\/\/jeaken.com\/sv\/produkt\/glukosaminsulfat-1500mg-supplement-365-tabletter\/#primaryimage\"},\"thumbnailUrl\":\"https:\/\/jeaken.com\/wp-content\/uploads\/2022\/07\/Front-7.jpg\",\"datePublished\":\"2022-07-21T18:18:16+00:00\",\"dateModified\":\"2022-09-08T14:51:09+00:00\",\"breadcrumb\":{\"@id\":\"https:\/\/jeaken.com\/sv\/produkt\/glukosaminsulfat-1500mg-supplement-365-tabletter\/#breadcrumb\"},\"inLanguage\":\"sv-SE\",\"potentialAction\":[{\"@type\":\"ReadAction\",\"target\":[\"https:\/\/jeaken.com\/sv\/produkt\/glukosaminsulfat-1500mg-supplement-365-tabletter\/\"]}]},{\"@type\":\"ImageObject\",\"inLanguage\":\"sv-SE\",\"@id\":\"https:\/\/jeaken.com\/sv\/produkt\/glukosaminsulfat-1500mg-supplement-365-tabletter\/#primaryimage\",\"url\":\"https:\/\/jeaken.com\/wp-content\/uploads\/2022\/07\/Front-7.jpg\",\"contentUrl\":\"https:\/\/jeaken.com\/wp-content\/uploads\/2022\/07\/Front-7.jpg\",\"width\":901,\"height\":1100,\"caption\":\"Glucosamine Sulfate\"},{\"@type\":\"BreadcrumbList\",\"@id\":\"https:\/\/jeaken.com\/sv\/produkt\/glukosaminsulfat-1500mg-supplement-365-tabletter\/#breadcrumb\",\"itemListElement\":[{\"@type\":\"ListItem\",\"position\":1,\"name\":\"Home\",\"item\":\"https:\/\/jeaken.com\/sv\/\"},{\"@type\":\"ListItem\",\"position\":2,\"name\":\"Private: Shop\",\"item\":\"https:\/\/jeaken.com\/shop\/\"},{\"@type\":\"ListItem\",\"position\":3,\"name\":\"Glukosaminsulfat 1500mg till\u00e4gg (365 tabletter)\"}]},{\"@type\":\"WebSite\",\"@id\":\"https:\/\/jeaken.com\/sv\/#website\",\"url\":\"https:\/\/jeaken.com\/sv\/\",\"name\":\"JeaKen\",\"description\":\"Organic Supplements for Health, Fitness and Nutrition\",\"publisher\":{\"@id\":\"https:\/\/jeaken.com\/sv\/#organization\"},\"potentialAction\":[{\"@type\":\"SearchAction\",\"target\":{\"@type\":\"EntryPoint\",\"urlTemplate\":\"https:\/\/jeaken.com\/sv\/?s={search_term_string}\"},\"query-input\":\"required name=search_term_string\"}],\"inLanguage\":\"sv-SE\"},{\"@type\":\"Organization\",\"@id\":\"https:\/\/jeaken.com\/sv\/#organization\",\"name\":\"JeaKen\",\"url\":\"https:\/\/jeaken.com\/sv\/\",\"logo\":{\"@type\":\"ImageObject\",\"inLanguage\":\"sv-SE\",\"@id\":\"https:\/\/jeaken.com\/sv\/#\/schema\/logo\/image\/\",\"url\":\"https:\/\/jeaken.com\/wp-content\/uploads\/2022\/06\/jeaken-logo-23.png\",\"contentUrl\":\"https:\/\/jeaken.com\/wp-content\/uploads\/2022\/06\/jeaken-logo-23.png\",\"width\":2486,\"height\":736,\"caption\":\"JeaKen\"},\"image\":{\"@id\":\"https:\/\/jeaken.com\/sv\/#\/schema\/logo\/image\/\"}}]}<\/script>\n<!-- \/ Yoast SEO plugin. -->","yoast_head_json":{"title":"Glukosaminsulfat 1500mg till\u00e4gg (365 tabletter) - JeaKen","robots":{"index":"index","follow":"follow","max-snippet":"max-snippet:-1","max-image-preview":"max-image-preview:large","max-video-preview":"max-video-preview:-1"},"canonical":"https:\/\/jeaken.com\/sv\/produkt\/glukosaminsulfat-1500mg-supplement-365-tabletter\/","og_locale":"sv_SE","og_type":"article","og_title":"Glukosaminsulfat 1500mg till\u00e4gg (365 tabletter) - JeaKen","og_description":"Ett veganv\u00e4nligt glukosamintillskott av h\u00f6gsta kvalitet f\u00f6r f\u00f6rb\u00e4ttrad ledh\u00e4lsa.","og_url":"https:\/\/jeaken.com\/sv\/produkt\/glukosaminsulfat-1500mg-supplement-365-tabletter\/","og_site_name":"JeaKen","article_modified_time":"2022-09-08T14:51:09+00:00","og_image":[{"width":901,"height":1100,"url":"https:\/\/jeaken.com\/wp-content\/uploads\/2022\/07\/Front-7.jpg","type":"image\/jpeg"}],"twitter_card":"summary_large_image","twitter_misc":{"Est. reading time":"2 minutes"},"schema":{"@context":"https:\/\/schema.org","@graph":[{"@type":"WebPage","@id":"https:\/\/jeaken.com\/sv\/produkt\/glukosaminsulfat-1500mg-supplement-365-tabletter\/","url":"https:\/\/jeaken.com\/sv\/produkt\/glukosaminsulfat-1500mg-supplement-365-tabletter\/","name":"Glukosaminsulfat 1500mg till\u00e4gg (365 tabletter) - JeaKen","isPartOf":{"@id":"https:\/\/jeaken.com\/sv\/#website"},"primaryImageOfPage":{"@id":"https:\/\/jeaken.com\/sv\/produkt\/glukosaminsulfat-1500mg-supplement-365-tabletter\/#primaryimage"},"image":{"@id":"https:\/\/jeaken.com\/sv\/produkt\/glukosaminsulfat-1500mg-supplement-365-tabletter\/#primaryimage"},"thumbnailUrl":"https:\/\/jeaken.com\/wp-content\/uploads\/2022\/07\/Front-7.jpg","datePublished":"2022-07-21T18:18:16+00:00","dateModified":"2022-09-08T14:51:09+00:00","breadcrumb":{"@id":"https:\/\/jeaken.com\/sv\/produkt\/glukosaminsulfat-1500mg-supplement-365-tabletter\/#breadcrumb"},"inLanguage":"sv-SE","potentialAction":[{"@type":"ReadAction","target":["https:\/\/jeaken.com\/sv\/produkt\/glukosaminsulfat-1500mg-supplement-365-tabletter\/"]}]},{"@type":"ImageObject","inLanguage":"sv-SE","@id":"https:\/\/jeaken.com\/sv\/produkt\/glukosaminsulfat-1500mg-supplement-365-tabletter\/#primaryimage","url":"https:\/\/jeaken.com\/wp-content\/uploads\/2022\/07\/Front-7.jpg","contentUrl":"https:\/\/jeaken.com\/wp-content\/uploads\/2022\/07\/Front-7.jpg","width":901,"height":1100,"caption":"Glucosamine Sulfate"},{"@type":"BreadcrumbList","@id":"https:\/\/jeaken.com\/sv\/produkt\/glukosaminsulfat-1500mg-supplement-365-tabletter\/#breadcrumb","itemListElement":[{"@type":"ListItem","position":1,"name":"Home","item":"https:\/\/jeaken.com\/sv\/"},{"@type":"ListItem","position":2,"name":"Private: Shop","item":"https:\/\/jeaken.com\/shop\/"},{"@type":"ListItem","position":3,"name":"Glukosaminsulfat 1500mg till\u00e4gg (365 tabletter)"}]},{"@type":"WebSite","@id":"https:\/\/jeaken.com\/sv\/#website","url":"https:\/\/jeaken.com\/sv\/","name":"JeaKen","description":"Organic Supplements for Health, Fitness and Nutrition","publisher":{"@id":"https:\/\/jeaken.com\/sv\/#organization"},"potentialAction":[{"@type":"SearchAction","target":{"@type":"EntryPoint","urlTemplate":"https:\/\/jeaken.com\/sv\/?s={search_term_string}"},"query-input":"required name=search_term_string"}],"inLanguage":"sv-SE"},{"@type":"Organization","@id":"https:\/\/jeaken.com\/sv\/#organization","name":"JeaKen","url":"https:\/\/jeaken.com\/sv\/","logo":{"@type":"ImageObject","inLanguage":"sv-SE","@id":"https:\/\/jeaken.com\/sv\/#\/schema\/logo\/image\/","url":"https:\/\/jeaken.com\/wp-content\/uploads\/2022\/06\/jeaken-logo-23.png","contentUrl":"https:\/\/jeaken.com\/wp-content\/uploads\/2022\/06\/jeaken-logo-23.png","width":2486,"height":736,"caption":"JeaKen"},"image":{"@id":"https:\/\/jeaken.com\/sv\/#\/schema\/logo\/image\/"}}]}},"jetpack_sharing_enabled":true,"_links":{"self":[{"href":"https:\/\/jeaken.com\/sv\/wp-json\/wp\/v2\/product\/6889","targetHints":{"allow":["GET"]}}],"collection":[{"href":"https:\/\/jeaken.com\/sv\/wp-json\/wp\/v2\/product"}],"about":[{"href":"https:\/\/jeaken.com\/sv\/wp-json\/wp\/v2\/types\/product"}],"wp:featuredmedia":[{"embeddable":true,"href":"https:\/\/jeaken.com\/sv\/wp-json\/wp\/v2\/media\/14825"}],"wp:attachment":[{"href":"https:\/\/jeaken.com\/sv\/wp-json\/wp\/v2\/media?parent=6889"}],"wp:term":[{"taxonomy":"product_cat","embeddable":true,"href":"https:\/\/jeaken.com\/sv\/wp-json\/wp\/v2\/product_cat?post=6889"},{"taxonomy":"product_tag","embeddable":true,"href":"https:\/\/jeaken.com\/sv\/wp-json\/wp\/v2\/product_tag?post=6889"}],"curies":[{"name":"wp","href":"https:\/\/api.w.org\/{rel}","templated":true}]}}