{"id":6879,"date":"2022-07-21T19:18:17","date_gmt":"2022-07-21T18:18:17","guid":{"rendered":"https:\/1658920591610?product=hogpotenta-royal-jelly-kapslar-for-forbattrad-fertilitet-och-lindring-av-symptomen-pa-klimakteriet-60-vegetariska-kapslar"},"modified":"2022-08-09T15:14:41","modified_gmt":"2022-08-09T14:14:41","slug":"hogpotenta-royal-jelly-kapslar-for-forbattrad-fertilitet-och-lindring-av-symptomen-pa-klimakteriet-60-vegetariska-kapslar","status":"publish","type":"product","link":"https:\/\/jeaken.com\/sv\/produkt\/hogpotenta-royal-jelly-kapslar-for-forbattrad-fertilitet-och-lindring-av-symptomen-pa-klimakteriet-60-vegetariska-kapslar\/","title":{"rendered":"H\u00f6gpotenta Royal Jelly kapslar f\u00f6r f\u00f6rb\u00e4ttrad fertilitet och lindring av symptomen p\u00e5 klimakteriet (60 Vegetariska kapslar)"},"content":{"rendered":"<p><strong>NATURLIG SUPERMAT  <\/strong><\/p>\n<p>V\u00e5ra Royal Jelly-kapslar \u00e4r tillverkade av de b\u00e4sta naturliga ingredienserna. V\u00e5r formulering motsvarar 750 mg f\u00e4rsk gel\u00e9 kunglig gel\u00e9 &#8211; s\u00e5 du f\u00e5r samma f\u00f6rdelar som bidrottningen som lever uteslutande p\u00e5 gel\u00e9 kunglig gel\u00e9 f\u00f6r att st\u00f6dja deras fertilitet, livsl\u00e4ngd och h\u00e4lsa.&lt;<\/p>\n<p><strong>ST\u00c4RKER IMMUNITETEN  <\/strong><\/p>\n<p>Royal Jelly kan hj\u00e4lpa till att lindra allergier, minska inflammation och bidra till ett friskt immunf\u00f6rsvar.<\/p>\n<p><strong>FR\u00c4MJAR FRISKT H\u00c5R, NAGLAR OCH HUD  <\/strong><\/p>\n<p>Royal Jelly inneh\u00e5ller 22 aminosyror som underh\u00e5ller och reparerar celler i hela kroppen, s\u00e4rskilt i h\u00e5r och hud. V\u00e5rt tillskott \u00e4r rikt p\u00e5 B-vitaminerna Riboflavin (B2), Niacin (B3) och Biotin (B7), som \u00e4r viktiga f\u00f6r h\u00e5rets och hudens f\u00f6rnyelseprocess.<\/p>\n<p><strong>EFFEKTIV F\u00d6R KVINNORS H\u00c4LSA OCH FERTILITET  <\/strong><\/p>\n<p>Royal Jelly har anv\u00e4nts i hundratals \u00e5r som ett hj\u00e4lpmedel f\u00f6r kvinnors h\u00e4lsa. Det mineral- och vitaminrika inneh\u00e5llet i Royal Jelly g\u00f6r den perfekt f\u00f6r att rikta in sig p\u00e5 de system som \u00e4r involverade i fertilitet. Royal Jelly kan hj\u00e4lpa till att lindra symptomen p\u00e5 klimakteriet.<\/p>\n","protected":false},"excerpt":{"rendered":"<h4><strong>Naturlig supermat som fr\u00e4mjar god h\u00e4lsa hos kvinnor.  <\/strong><\/h4>\n","protected":false},"featured_media":16099,"template":"","meta":{"site-sidebar-layout":"default","site-content-layout":"default","ast-site-content-layout":"default","site-content-style":"default","site-sidebar-style":"default","ast-global-header-display":"","ast-banner-title-visibility":"","ast-main-header-display":"","ast-hfb-above-header-display":"","ast-hfb-below-header-display":"","ast-hfb-mobile-header-display":"","site-post-title":"","ast-breadcrumbs-content":"","ast-featured-img":"","footer-sml-layout":"","theme-transparent-header-meta":"default","adv-header-id-meta":"","stick-header-meta":"default","header-above-stick-meta":"","header-main-stick-meta":"","header-below-stick-meta":"","astra-migrate-meta-layouts":"default","ast-page-background-enabled":"default","ast-page-background-meta":{"desktop":{"background-color":"","background-image":"","background-repeat":"repeat","background-position":"center center","background-size":"auto","background-attachment":"scroll","background-type":"","background-media":"","overlay-type":"","overlay-color":"","overlay-opacity":"","overlay-gradient":""},"tablet":{"background-color":"","background-image":"","background-repeat":"repeat","background-position":"center center","background-size":"auto","background-attachment":"scroll","background-type":"","background-media":"","overlay-type":"","overlay-color":"","overlay-opacity":"","overlay-gradient":""},"mobile":{"background-color":"","background-image":"","background-repeat":"repeat","background-position":"center center","background-size":"auto","background-attachment":"scroll","background-type":"","background-media":"","overlay-type":"","overlay-color":"","overlay-opacity":"","overlay-gradient":""}},"ast-content-background-meta":{"desktop":{"background-color":"var(--ast-global-color-5)","background-image":"","background-repeat":"repeat","background-position":"center center","background-size":"auto","background-attachment":"scroll","background-type":"","background-media":"","overlay-type":"","overlay-color":"","overlay-opacity":"","overlay-gradient":""},"tablet":{"background-color":"var(--ast-global-color-5)","background-image":"","background-repeat":"repeat","background-position":"center center","background-size":"auto","background-attachment":"scroll","background-type":"","background-media":"","overlay-type":"","overlay-color":"","overlay-opacity":"","overlay-gradient":""},"mobile":{"background-color":"var(--ast-global-color-5)","background-image":"","background-repeat":"repeat","background-position":"center center","background-size":"auto","background-attachment":"scroll","background-type":"","background-media":"","overlay-type":"","overlay-color":"","overlay-opacity":"","overlay-gradient":""}}},"product_cat":[1029,600],"product_tag":[],"class_list":{"0":"post-6879","1":"product","2":"type-product","3":"status-publish","4":"has-post-thumbnail","6":"product_cat-fertilitet","7":"product_cat-humor-och-valbefinnande","8":"has-subscription-plans","9":"desktop-align-left","10":"tablet-align-left","11":"mobile-align-left","13":"first","14":"outofstock","15":"taxable","16":"shipping-taxable","17":"purchasable","18":"product-type-simple"},"yoast_head":"<!-- This site is optimized with the Yoast SEO plugin v22.7 - https:\/\/yoast.com\/wordpress\/plugins\/seo\/ -->\n<title>H\u00f6gpotenta Royal Jelly kapslar f\u00f6r f\u00f6rb\u00e4ttrad fertilitet och lindring av symptomen p\u00e5 klimakteriet (60 Vegetariska kapslar) - JeaKen<\/title>\n<meta name=\"robots\" content=\"index, follow, max-snippet:-1, max-image-preview:large, max-video-preview:-1\" \/>\n<link rel=\"canonical\" href=\"https:\/\/jeaken.com\/sv\/produkt\/hogpotenta-royal-jelly-kapslar-for-forbattrad-fertilitet-och-lindring-av-symptomen-pa-klimakteriet-60-vegetariska-kapslar\/\" \/>\n<meta property=\"og:locale\" content=\"sv_SE\" \/>\n<meta property=\"og:type\" content=\"article\" \/>\n<meta property=\"og:title\" content=\"H\u00f6gpotenta Royal Jelly kapslar f\u00f6r f\u00f6rb\u00e4ttrad fertilitet och lindring av symptomen p\u00e5 klimakteriet (60 Vegetariska kapslar) - JeaKen\" \/>\n<meta property=\"og:description\" content=\"Naturlig supermat som fr\u00e4mjar god h\u00e4lsa hos kvinnor.\" \/>\n<meta property=\"og:url\" content=\"https:\/\/jeaken.com\/sv\/produkt\/hogpotenta-royal-jelly-kapslar-for-forbattrad-fertilitet-och-lindring-av-symptomen-pa-klimakteriet-60-vegetariska-kapslar\/\" \/>\n<meta property=\"og:site_name\" content=\"JeaKen\" \/>\n<meta property=\"article:modified_time\" content=\"2022-08-09T14:14:41+00:00\" \/>\n<meta property=\"og:image\" content=\"https:\/\/jeaken.com\/wp-content\/uploads\/2022\/07\/Royal-Jelly.jpg\" \/>\n\t<meta property=\"og:image:width\" content=\"512\" \/>\n\t<meta property=\"og:image:height\" content=\"600\" \/>\n\t<meta property=\"og:image:type\" content=\"image\/jpeg\" \/>\n<meta name=\"twitter:card\" content=\"summary_large_image\" \/>\n<meta name=\"twitter:label1\" content=\"Est. reading time\" \/>\n\t<meta name=\"twitter:data1\" content=\"1 minute\" \/>\n<script type=\"application\/ld+json\" class=\"yoast-schema-graph\">{\"@context\":\"https:\/\/schema.org\",\"@graph\":[{\"@type\":\"WebPage\",\"@id\":\"https:\/\/jeaken.com\/sv\/produkt\/hogpotenta-royal-jelly-kapslar-for-forbattrad-fertilitet-och-lindring-av-symptomen-pa-klimakteriet-60-vegetariska-kapslar\/\",\"url\":\"https:\/\/jeaken.com\/sv\/produkt\/hogpotenta-royal-jelly-kapslar-for-forbattrad-fertilitet-och-lindring-av-symptomen-pa-klimakteriet-60-vegetariska-kapslar\/\",\"name\":\"H\u00f6gpotenta Royal Jelly kapslar f\u00f6r f\u00f6rb\u00e4ttrad fertilitet och lindring av symptomen p\u00e5 klimakteriet (60 Vegetariska kapslar) - JeaKen\",\"isPartOf\":{\"@id\":\"https:\/\/jeaken.com\/sv\/#website\"},\"primaryImageOfPage\":{\"@id\":\"https:\/\/jeaken.com\/sv\/produkt\/hogpotenta-royal-jelly-kapslar-for-forbattrad-fertilitet-och-lindring-av-symptomen-pa-klimakteriet-60-vegetariska-kapslar\/#primaryimage\"},\"image\":{\"@id\":\"https:\/\/jeaken.com\/sv\/produkt\/hogpotenta-royal-jelly-kapslar-for-forbattrad-fertilitet-och-lindring-av-symptomen-pa-klimakteriet-60-vegetariska-kapslar\/#primaryimage\"},\"thumbnailUrl\":\"https:\/\/jeaken.com\/wp-content\/uploads\/2022\/07\/Royal-Jelly.jpg\",\"datePublished\":\"2022-07-21T18:18:17+00:00\",\"dateModified\":\"2022-08-09T14:14:41+00:00\",\"breadcrumb\":{\"@id\":\"https:\/\/jeaken.com\/sv\/produkt\/hogpotenta-royal-jelly-kapslar-for-forbattrad-fertilitet-och-lindring-av-symptomen-pa-klimakteriet-60-vegetariska-kapslar\/#breadcrumb\"},\"inLanguage\":\"sv-SE\",\"potentialAction\":[{\"@type\":\"ReadAction\",\"target\":[\"https:\/\/jeaken.com\/sv\/produkt\/hogpotenta-royal-jelly-kapslar-for-forbattrad-fertilitet-och-lindring-av-symptomen-pa-klimakteriet-60-vegetariska-kapslar\/\"]}]},{\"@type\":\"ImageObject\",\"inLanguage\":\"sv-SE\",\"@id\":\"https:\/\/jeaken.com\/sv\/produkt\/hogpotenta-royal-jelly-kapslar-for-forbattrad-fertilitet-och-lindring-av-symptomen-pa-klimakteriet-60-vegetariska-kapslar\/#primaryimage\",\"url\":\"https:\/\/jeaken.com\/wp-content\/uploads\/2022\/07\/Royal-Jelly.jpg\",\"contentUrl\":\"https:\/\/jeaken.com\/wp-content\/uploads\/2022\/07\/Royal-Jelly.jpg\",\"width\":512,\"height\":600,\"caption\":\"High Potency Royal Jelly Capsules for Improved Fertility and the Relief of the Symptoms of Menopause\"},{\"@type\":\"BreadcrumbList\",\"@id\":\"https:\/\/jeaken.com\/sv\/produkt\/hogpotenta-royal-jelly-kapslar-for-forbattrad-fertilitet-och-lindring-av-symptomen-pa-klimakteriet-60-vegetariska-kapslar\/#breadcrumb\",\"itemListElement\":[{\"@type\":\"ListItem\",\"position\":1,\"name\":\"Home\",\"item\":\"https:\/\/jeaken.com\/sv\/\"},{\"@type\":\"ListItem\",\"position\":2,\"name\":\"Private: Shop\",\"item\":\"https:\/\/jeaken.com\/shop\/\"},{\"@type\":\"ListItem\",\"position\":3,\"name\":\"H\u00f6gpotenta Royal Jelly kapslar f\u00f6r f\u00f6rb\u00e4ttrad fertilitet och lindring av symptomen p\u00e5 klimakteriet (60 Vegetariska kapslar)\"}]},{\"@type\":\"WebSite\",\"@id\":\"https:\/\/jeaken.com\/sv\/#website\",\"url\":\"https:\/\/jeaken.com\/sv\/\",\"name\":\"JeaKen\",\"description\":\"Organic Supplements for Health, Fitness and Nutrition\",\"publisher\":{\"@id\":\"https:\/\/jeaken.com\/sv\/#organization\"},\"potentialAction\":[{\"@type\":\"SearchAction\",\"target\":{\"@type\":\"EntryPoint\",\"urlTemplate\":\"https:\/\/jeaken.com\/sv\/?s={search_term_string}\"},\"query-input\":\"required name=search_term_string\"}],\"inLanguage\":\"sv-SE\"},{\"@type\":\"Organization\",\"@id\":\"https:\/\/jeaken.com\/sv\/#organization\",\"name\":\"JeaKen\",\"url\":\"https:\/\/jeaken.com\/sv\/\",\"logo\":{\"@type\":\"ImageObject\",\"inLanguage\":\"sv-SE\",\"@id\":\"https:\/\/jeaken.com\/sv\/#\/schema\/logo\/image\/\",\"url\":\"https:\/\/jeaken.com\/wp-content\/uploads\/2022\/06\/jeaken-logo-23.png\",\"contentUrl\":\"https:\/\/jeaken.com\/wp-content\/uploads\/2022\/06\/jeaken-logo-23.png\",\"width\":2486,\"height\":736,\"caption\":\"JeaKen\"},\"image\":{\"@id\":\"https:\/\/jeaken.com\/sv\/#\/schema\/logo\/image\/\"}}]}<\/script>\n<!-- \/ Yoast SEO plugin. -->","yoast_head_json":{"title":"H\u00f6gpotenta Royal Jelly kapslar f\u00f6r f\u00f6rb\u00e4ttrad fertilitet och lindring av symptomen p\u00e5 klimakteriet (60 Vegetariska kapslar) - JeaKen","robots":{"index":"index","follow":"follow","max-snippet":"max-snippet:-1","max-image-preview":"max-image-preview:large","max-video-preview":"max-video-preview:-1"},"canonical":"https:\/\/jeaken.com\/sv\/produkt\/hogpotenta-royal-jelly-kapslar-for-forbattrad-fertilitet-och-lindring-av-symptomen-pa-klimakteriet-60-vegetariska-kapslar\/","og_locale":"sv_SE","og_type":"article","og_title":"H\u00f6gpotenta Royal Jelly kapslar f\u00f6r f\u00f6rb\u00e4ttrad fertilitet och lindring av symptomen p\u00e5 klimakteriet (60 Vegetariska kapslar) - JeaKen","og_description":"Naturlig supermat som fr\u00e4mjar god h\u00e4lsa hos kvinnor.","og_url":"https:\/\/jeaken.com\/sv\/produkt\/hogpotenta-royal-jelly-kapslar-for-forbattrad-fertilitet-och-lindring-av-symptomen-pa-klimakteriet-60-vegetariska-kapslar\/","og_site_name":"JeaKen","article_modified_time":"2022-08-09T14:14:41+00:00","og_image":[{"width":512,"height":600,"url":"https:\/\/jeaken.com\/wp-content\/uploads\/2022\/07\/Royal-Jelly.jpg","type":"image\/jpeg"}],"twitter_card":"summary_large_image","twitter_misc":{"Est. reading time":"1 minute"},"schema":{"@context":"https:\/\/schema.org","@graph":[{"@type":"WebPage","@id":"https:\/\/jeaken.com\/sv\/produkt\/hogpotenta-royal-jelly-kapslar-for-forbattrad-fertilitet-och-lindring-av-symptomen-pa-klimakteriet-60-vegetariska-kapslar\/","url":"https:\/\/jeaken.com\/sv\/produkt\/hogpotenta-royal-jelly-kapslar-for-forbattrad-fertilitet-och-lindring-av-symptomen-pa-klimakteriet-60-vegetariska-kapslar\/","name":"H\u00f6gpotenta Royal Jelly kapslar f\u00f6r f\u00f6rb\u00e4ttrad fertilitet och lindring av symptomen p\u00e5 klimakteriet (60 Vegetariska kapslar) - JeaKen","isPartOf":{"@id":"https:\/\/jeaken.com\/sv\/#website"},"primaryImageOfPage":{"@id":"https:\/\/jeaken.com\/sv\/produkt\/hogpotenta-royal-jelly-kapslar-for-forbattrad-fertilitet-och-lindring-av-symptomen-pa-klimakteriet-60-vegetariska-kapslar\/#primaryimage"},"image":{"@id":"https:\/\/jeaken.com\/sv\/produkt\/hogpotenta-royal-jelly-kapslar-for-forbattrad-fertilitet-och-lindring-av-symptomen-pa-klimakteriet-60-vegetariska-kapslar\/#primaryimage"},"thumbnailUrl":"https:\/\/jeaken.com\/wp-content\/uploads\/2022\/07\/Royal-Jelly.jpg","datePublished":"2022-07-21T18:18:17+00:00","dateModified":"2022-08-09T14:14:41+00:00","breadcrumb":{"@id":"https:\/\/jeaken.com\/sv\/produkt\/hogpotenta-royal-jelly-kapslar-for-forbattrad-fertilitet-och-lindring-av-symptomen-pa-klimakteriet-60-vegetariska-kapslar\/#breadcrumb"},"inLanguage":"sv-SE","potentialAction":[{"@type":"ReadAction","target":["https:\/\/jeaken.com\/sv\/produkt\/hogpotenta-royal-jelly-kapslar-for-forbattrad-fertilitet-och-lindring-av-symptomen-pa-klimakteriet-60-vegetariska-kapslar\/"]}]},{"@type":"ImageObject","inLanguage":"sv-SE","@id":"https:\/\/jeaken.com\/sv\/produkt\/hogpotenta-royal-jelly-kapslar-for-forbattrad-fertilitet-och-lindring-av-symptomen-pa-klimakteriet-60-vegetariska-kapslar\/#primaryimage","url":"https:\/\/jeaken.com\/wp-content\/uploads\/2022\/07\/Royal-Jelly.jpg","contentUrl":"https:\/\/jeaken.com\/wp-content\/uploads\/2022\/07\/Royal-Jelly.jpg","width":512,"height":600,"caption":"High Potency Royal Jelly Capsules for Improved Fertility and the Relief of the Symptoms of Menopause"},{"@type":"BreadcrumbList","@id":"https:\/\/jeaken.com\/sv\/produkt\/hogpotenta-royal-jelly-kapslar-for-forbattrad-fertilitet-och-lindring-av-symptomen-pa-klimakteriet-60-vegetariska-kapslar\/#breadcrumb","itemListElement":[{"@type":"ListItem","position":1,"name":"Home","item":"https:\/\/jeaken.com\/sv\/"},{"@type":"ListItem","position":2,"name":"Private: Shop","item":"https:\/\/jeaken.com\/shop\/"},{"@type":"ListItem","position":3,"name":"H\u00f6gpotenta Royal Jelly kapslar f\u00f6r f\u00f6rb\u00e4ttrad fertilitet och lindring av symptomen p\u00e5 klimakteriet (60 Vegetariska kapslar)"}]},{"@type":"WebSite","@id":"https:\/\/jeaken.com\/sv\/#website","url":"https:\/\/jeaken.com\/sv\/","name":"JeaKen","description":"Organic Supplements for Health, Fitness and Nutrition","publisher":{"@id":"https:\/\/jeaken.com\/sv\/#organization"},"potentialAction":[{"@type":"SearchAction","target":{"@type":"EntryPoint","urlTemplate":"https:\/\/jeaken.com\/sv\/?s={search_term_string}"},"query-input":"required name=search_term_string"}],"inLanguage":"sv-SE"},{"@type":"Organization","@id":"https:\/\/jeaken.com\/sv\/#organization","name":"JeaKen","url":"https:\/\/jeaken.com\/sv\/","logo":{"@type":"ImageObject","inLanguage":"sv-SE","@id":"https:\/\/jeaken.com\/sv\/#\/schema\/logo\/image\/","url":"https:\/\/jeaken.com\/wp-content\/uploads\/2022\/06\/jeaken-logo-23.png","contentUrl":"https:\/\/jeaken.com\/wp-content\/uploads\/2022\/06\/jeaken-logo-23.png","width":2486,"height":736,"caption":"JeaKen"},"image":{"@id":"https:\/\/jeaken.com\/sv\/#\/schema\/logo\/image\/"}}]}},"jetpack_sharing_enabled":true,"_links":{"self":[{"href":"https:\/\/jeaken.com\/sv\/wp-json\/wp\/v2\/product\/6879","targetHints":{"allow":["GET"]}}],"collection":[{"href":"https:\/\/jeaken.com\/sv\/wp-json\/wp\/v2\/product"}],"about":[{"href":"https:\/\/jeaken.com\/sv\/wp-json\/wp\/v2\/types\/product"}],"wp:featuredmedia":[{"embeddable":true,"href":"https:\/\/jeaken.com\/sv\/wp-json\/wp\/v2\/media\/16099"}],"wp:attachment":[{"href":"https:\/\/jeaken.com\/sv\/wp-json\/wp\/v2\/media?parent=6879"}],"wp:term":[{"taxonomy":"product_cat","embeddable":true,"href":"https:\/\/jeaken.com\/sv\/wp-json\/wp\/v2\/product_cat?post=6879"},{"taxonomy":"product_tag","embeddable":true,"href":"https:\/\/jeaken.com\/sv\/wp-json\/wp\/v2\/product_tag?post=6879"}],"curies":[{"name":"wp","href":"https:\/\/api.w.org\/{rel}","templated":true}]}}