{"id":6876,"date":"2022-07-21T19:18:16","date_gmt":"2022-07-21T18:18:16","guid":{"rendered":"https:\/1658920591610?product=evening-primrose-oil-softgels"},"modified":"2022-08-09T15:14:41","modified_gmt":"2022-08-09T14:14:41","slug":"evening-primrose-oil-softgels","status":"publish","type":"product","link":"https:\/\/jeaken.com\/sv\/produkt\/evening-primrose-oil-softgels\/","title":{"rendered":"Evening Primrose Oil Softgels"},"content":{"rendered":"<p><strong>BIBEH\u00c5LLER OPTIMAL KOMFORT UNDER MENSTRUATION<\/strong><\/p>\n<p>Evening Primrose Oil kapslar inneh\u00e5ller flerom\u00e4ttade fettsyror (PUFA) som hj\u00e4lper till att minska sm\u00e4rta och obehag i samband med menstruation och premenstruation.<\/p>\n<p><strong>  HJ\u00c4LPER TILL ATT REGLERA KOLESTEROLET I BLODET<\/strong><\/p>\n<p>Primrose Oil 1000 mg inneh\u00e5ller omega 6-fettsyran Gamma Linolenic Acid (GLA) och vitamin E. Dessa hj\u00e4lper till att skydda cellerna fr\u00e5n oxidativ stress och bidrar till att uppr\u00e4tth\u00e5lla normala kolesterolniv\u00e5er i blodet.<\/p>\n<p><strong>ST\u00d6DER NATURLIG IMMUNITET<\/strong><\/p>\n<p>V\u00e5r ekologiska Evening Primrose Oil inneh\u00e5ller de flerom\u00e4ttade fettsyror som beh\u00f6vs f\u00f6r att st\u00f6dja det naturliga immunf\u00f6rsvaret. V\u00e5rt till\u00e4gg inneh\u00e5ller ocks\u00e5: Det finns \u00e4ven oljesyra, palmitinsyra och stearinsyra, fytosteroler, svavel- och tryptofanrika proteiner, zink, selen, magnesium, kalcium och vitamin E. \u00d6verfl\u00f6det av dessa aktiva komponenter har gjort den enkla nattljusv\u00e4xten till en av de mest v\u00e4rdefulla v\u00e4xterna som anv\u00e4nds vid tillverkning av kosttillskott.<\/p>\n<p><strong>ST\u00d6DER NORMAL TILLV\u00c4XT AV HUD OCH H\u00c5R<\/strong><\/p>\n<p>Evening Primrose Oil inneh\u00e5ller flerom\u00e4ttade fettsyror som beh\u00f6vs f\u00f6r viktiga fysiologiska processer, inklusive h\u00e4lsosam hud- och h\u00e5rv\u00e4xt.<\/p>\n<p><strong>H\u00d6GSTA KVALITET<\/strong><\/p>\n<p>V\u00e5ra mjuka geler med Evening Primrose Oil tillverkas i Storbritannien enligt GMP Code of Practice.<\/p>\n","protected":false},"excerpt":{"rendered":"<h4>Naturlig immunitet och lindring av menstruationssymtom.<\/h4>\n","protected":false},"featured_media":3618,"template":"","meta":{"site-sidebar-layout":"default","site-content-layout":"default","ast-site-content-layout":"default","site-content-style":"default","site-sidebar-style":"default","ast-global-header-display":"","ast-banner-title-visibility":"","ast-main-header-display":"","ast-hfb-above-header-display":"","ast-hfb-below-header-display":"","ast-hfb-mobile-header-display":"","site-post-title":"","ast-breadcrumbs-content":"","ast-featured-img":"","footer-sml-layout":"","theme-transparent-header-meta":"default","adv-header-id-meta":"","stick-header-meta":"default","header-above-stick-meta":"","header-main-stick-meta":"","header-below-stick-meta":"","astra-migrate-meta-layouts":"default","ast-page-background-enabled":"default","ast-page-background-meta":{"desktop":{"background-color":"","background-image":"","background-repeat":"repeat","background-position":"center center","background-size":"auto","background-attachment":"scroll","background-type":"","background-media":"","overlay-type":"","overlay-color":"","overlay-opacity":"","overlay-gradient":""},"tablet":{"background-color":"","background-image":"","background-repeat":"repeat","background-position":"center center","background-size":"auto","background-attachment":"scroll","background-type":"","background-media":"","overlay-type":"","overlay-color":"","overlay-opacity":"","overlay-gradient":""},"mobile":{"background-color":"","background-image":"","background-repeat":"repeat","background-position":"center center","background-size":"auto","background-attachment":"scroll","background-type":"","background-media":"","overlay-type":"","overlay-color":"","overlay-opacity":"","overlay-gradient":""}},"ast-content-background-meta":{"desktop":{"background-color":"var(--ast-global-color-5)","background-image":"","background-repeat":"repeat","background-position":"center center","background-size":"auto","background-attachment":"scroll","background-type":"","background-media":"","overlay-type":"","overlay-color":"","overlay-opacity":"","overlay-gradient":""},"tablet":{"background-color":"var(--ast-global-color-5)","background-image":"","background-repeat":"repeat","background-position":"center center","background-size":"auto","background-attachment":"scroll","background-type":"","background-media":"","overlay-type":"","overlay-color":"","overlay-opacity":"","overlay-gradient":""},"mobile":{"background-color":"var(--ast-global-color-5)","background-image":"","background-repeat":"repeat","background-position":"center center","background-size":"auto","background-attachment":"scroll","background-type":"","background-media":"","overlay-type":"","overlay-color":"","overlay-opacity":"","overlay-gradient":""}}},"product_cat":[1029,600],"product_tag":[1047,1043,1051,1030,1037],"class_list":{"0":"post-6876","1":"product","2":"type-product","3":"status-publish","4":"has-post-thumbnail","6":"product_cat-fertilitet","7":"product_cat-humor-och-valbefinnande","8":"product_tag-evening-primrose-oil-ekologisk","9":"product_tag-evening-primrose-oil-kapslar","10":"product_tag-evening-primrose-oil-softgels-sv","11":"product_tag-nattljusolja","12":"product_tag-nattljusolja-1000mg","13":"has-subscription-plans","14":"desktop-align-left","15":"tablet-align-left","16":"mobile-align-left","18":"first","19":"outofstock","20":"taxable","21":"shipping-taxable","22":"purchasable","23":"product-type-simple"},"yoast_head":"<!-- This site is optimized with the Yoast SEO plugin v22.7 - https:\/\/yoast.com\/wordpress\/plugins\/seo\/ -->\n<title>Evening Primrose Oil Softgels - JeaKen<\/title>\n<meta name=\"robots\" content=\"index, follow, max-snippet:-1, max-image-preview:large, max-video-preview:-1\" \/>\n<link rel=\"canonical\" href=\"https:\/\/jeaken.com\/sv\/produkt\/evening-primrose-oil-softgels\/\" \/>\n<meta property=\"og:locale\" content=\"sv_SE\" \/>\n<meta property=\"og:type\" content=\"article\" \/>\n<meta property=\"og:title\" content=\"Evening Primrose Oil Softgels - JeaKen\" \/>\n<meta property=\"og:description\" content=\"Naturlig immunitet och lindring av menstruationssymtom.\" \/>\n<meta property=\"og:url\" content=\"https:\/\/jeaken.com\/sv\/produkt\/evening-primrose-oil-softgels\/\" \/>\n<meta property=\"og:site_name\" content=\"JeaKen\" \/>\n<meta property=\"article:modified_time\" content=\"2022-08-09T14:14:41+00:00\" \/>\n<meta property=\"og:image\" content=\"https:\/\/jeaken.com\/wp-content\/uploads\/2022\/07\/EVENING-PRIMROSE-OIL-SOFTGELS-By-JeaKen-\u2013-Premium-Evening-Primrose-Oil-Organic.jpg\" \/>\n\t<meta property=\"og:image:width\" content=\"800\" \/>\n\t<meta property=\"og:image:height\" content=\"800\" \/>\n\t<meta property=\"og:image:type\" content=\"image\/jpeg\" \/>\n<meta name=\"twitter:card\" content=\"summary_large_image\" \/>\n<meta name=\"twitter:label1\" content=\"Est. reading time\" \/>\n\t<meta name=\"twitter:data1\" content=\"1 minute\" \/>\n<script type=\"application\/ld+json\" class=\"yoast-schema-graph\">{\"@context\":\"https:\/\/schema.org\",\"@graph\":[{\"@type\":\"WebPage\",\"@id\":\"https:\/\/jeaken.com\/sv\/produkt\/evening-primrose-oil-softgels\/\",\"url\":\"https:\/\/jeaken.com\/sv\/produkt\/evening-primrose-oil-softgels\/\",\"name\":\"Evening Primrose Oil Softgels - JeaKen\",\"isPartOf\":{\"@id\":\"https:\/\/jeaken.com\/sv\/#website\"},\"primaryImageOfPage\":{\"@id\":\"https:\/\/jeaken.com\/sv\/produkt\/evening-primrose-oil-softgels\/#primaryimage\"},\"image\":{\"@id\":\"https:\/\/jeaken.com\/sv\/produkt\/evening-primrose-oil-softgels\/#primaryimage\"},\"thumbnailUrl\":\"https:\/\/jeaken.com\/wp-content\/uploads\/2022\/07\/EVENING-PRIMROSE-OIL-SOFTGELS-By-JeaKen-\u2013-Premium-Evening-Primrose-Oil-Organic.jpg\",\"datePublished\":\"2022-07-21T18:18:16+00:00\",\"dateModified\":\"2022-08-09T14:14:41+00:00\",\"breadcrumb\":{\"@id\":\"https:\/\/jeaken.com\/sv\/produkt\/evening-primrose-oil-softgels\/#breadcrumb\"},\"inLanguage\":\"sv-SE\",\"potentialAction\":[{\"@type\":\"ReadAction\",\"target\":[\"https:\/\/jeaken.com\/sv\/produkt\/evening-primrose-oil-softgels\/\"]}]},{\"@type\":\"ImageObject\",\"inLanguage\":\"sv-SE\",\"@id\":\"https:\/\/jeaken.com\/sv\/produkt\/evening-primrose-oil-softgels\/#primaryimage\",\"url\":\"https:\/\/jeaken.com\/wp-content\/uploads\/2022\/07\/EVENING-PRIMROSE-OIL-SOFTGELS-By-JeaKen-\u2013-Premium-Evening-Primrose-Oil-Organic.jpg\",\"contentUrl\":\"https:\/\/jeaken.com\/wp-content\/uploads\/2022\/07\/EVENING-PRIMROSE-OIL-SOFTGELS-By-JeaKen-\u2013-Premium-Evening-Primrose-Oil-Organic.jpg\",\"width\":800,\"height\":800,\"caption\":\"Evening Primrose Oil Softgels\"},{\"@type\":\"BreadcrumbList\",\"@id\":\"https:\/\/jeaken.com\/sv\/produkt\/evening-primrose-oil-softgels\/#breadcrumb\",\"itemListElement\":[{\"@type\":\"ListItem\",\"position\":1,\"name\":\"Home\",\"item\":\"https:\/\/jeaken.com\/sv\/\"},{\"@type\":\"ListItem\",\"position\":2,\"name\":\"Private: Shop\",\"item\":\"https:\/\/jeaken.com\/shop\/\"},{\"@type\":\"ListItem\",\"position\":3,\"name\":\"Evening Primrose Oil Softgels\"}]},{\"@type\":\"WebSite\",\"@id\":\"https:\/\/jeaken.com\/sv\/#website\",\"url\":\"https:\/\/jeaken.com\/sv\/\",\"name\":\"JeaKen\",\"description\":\"Organic Supplements for Health, Fitness and Nutrition\",\"publisher\":{\"@id\":\"https:\/\/jeaken.com\/sv\/#organization\"},\"potentialAction\":[{\"@type\":\"SearchAction\",\"target\":{\"@type\":\"EntryPoint\",\"urlTemplate\":\"https:\/\/jeaken.com\/sv\/?s={search_term_string}\"},\"query-input\":\"required name=search_term_string\"}],\"inLanguage\":\"sv-SE\"},{\"@type\":\"Organization\",\"@id\":\"https:\/\/jeaken.com\/sv\/#organization\",\"name\":\"JeaKen\",\"url\":\"https:\/\/jeaken.com\/sv\/\",\"logo\":{\"@type\":\"ImageObject\",\"inLanguage\":\"sv-SE\",\"@id\":\"https:\/\/jeaken.com\/sv\/#\/schema\/logo\/image\/\",\"url\":\"https:\/\/jeaken.com\/wp-content\/uploads\/2022\/06\/jeaken-logo-23.png\",\"contentUrl\":\"https:\/\/jeaken.com\/wp-content\/uploads\/2022\/06\/jeaken-logo-23.png\",\"width\":2486,\"height\":736,\"caption\":\"JeaKen\"},\"image\":{\"@id\":\"https:\/\/jeaken.com\/sv\/#\/schema\/logo\/image\/\"}}]}<\/script>\n<!-- \/ Yoast SEO plugin. -->","yoast_head_json":{"title":"Evening Primrose Oil Softgels - JeaKen","robots":{"index":"index","follow":"follow","max-snippet":"max-snippet:-1","max-image-preview":"max-image-preview:large","max-video-preview":"max-video-preview:-1"},"canonical":"https:\/\/jeaken.com\/sv\/produkt\/evening-primrose-oil-softgels\/","og_locale":"sv_SE","og_type":"article","og_title":"Evening Primrose Oil Softgels - JeaKen","og_description":"Naturlig immunitet och lindring av menstruationssymtom.","og_url":"https:\/\/jeaken.com\/sv\/produkt\/evening-primrose-oil-softgels\/","og_site_name":"JeaKen","article_modified_time":"2022-08-09T14:14:41+00:00","og_image":[{"width":800,"height":800,"url":"https:\/\/jeaken.com\/wp-content\/uploads\/2022\/07\/EVENING-PRIMROSE-OIL-SOFTGELS-By-JeaKen-\u2013-Premium-Evening-Primrose-Oil-Organic.jpg","type":"image\/jpeg"}],"twitter_card":"summary_large_image","twitter_misc":{"Est. reading time":"1 minute"},"schema":{"@context":"https:\/\/schema.org","@graph":[{"@type":"WebPage","@id":"https:\/\/jeaken.com\/sv\/produkt\/evening-primrose-oil-softgels\/","url":"https:\/\/jeaken.com\/sv\/produkt\/evening-primrose-oil-softgels\/","name":"Evening Primrose Oil Softgels - JeaKen","isPartOf":{"@id":"https:\/\/jeaken.com\/sv\/#website"},"primaryImageOfPage":{"@id":"https:\/\/jeaken.com\/sv\/produkt\/evening-primrose-oil-softgels\/#primaryimage"},"image":{"@id":"https:\/\/jeaken.com\/sv\/produkt\/evening-primrose-oil-softgels\/#primaryimage"},"thumbnailUrl":"https:\/\/jeaken.com\/wp-content\/uploads\/2022\/07\/EVENING-PRIMROSE-OIL-SOFTGELS-By-JeaKen-\u2013-Premium-Evening-Primrose-Oil-Organic.jpg","datePublished":"2022-07-21T18:18:16+00:00","dateModified":"2022-08-09T14:14:41+00:00","breadcrumb":{"@id":"https:\/\/jeaken.com\/sv\/produkt\/evening-primrose-oil-softgels\/#breadcrumb"},"inLanguage":"sv-SE","potentialAction":[{"@type":"ReadAction","target":["https:\/\/jeaken.com\/sv\/produkt\/evening-primrose-oil-softgels\/"]}]},{"@type":"ImageObject","inLanguage":"sv-SE","@id":"https:\/\/jeaken.com\/sv\/produkt\/evening-primrose-oil-softgels\/#primaryimage","url":"https:\/\/jeaken.com\/wp-content\/uploads\/2022\/07\/EVENING-PRIMROSE-OIL-SOFTGELS-By-JeaKen-\u2013-Premium-Evening-Primrose-Oil-Organic.jpg","contentUrl":"https:\/\/jeaken.com\/wp-content\/uploads\/2022\/07\/EVENING-PRIMROSE-OIL-SOFTGELS-By-JeaKen-\u2013-Premium-Evening-Primrose-Oil-Organic.jpg","width":800,"height":800,"caption":"Evening Primrose Oil Softgels"},{"@type":"BreadcrumbList","@id":"https:\/\/jeaken.com\/sv\/produkt\/evening-primrose-oil-softgels\/#breadcrumb","itemListElement":[{"@type":"ListItem","position":1,"name":"Home","item":"https:\/\/jeaken.com\/sv\/"},{"@type":"ListItem","position":2,"name":"Private: Shop","item":"https:\/\/jeaken.com\/shop\/"},{"@type":"ListItem","position":3,"name":"Evening Primrose Oil Softgels"}]},{"@type":"WebSite","@id":"https:\/\/jeaken.com\/sv\/#website","url":"https:\/\/jeaken.com\/sv\/","name":"JeaKen","description":"Organic Supplements for Health, Fitness and Nutrition","publisher":{"@id":"https:\/\/jeaken.com\/sv\/#organization"},"potentialAction":[{"@type":"SearchAction","target":{"@type":"EntryPoint","urlTemplate":"https:\/\/jeaken.com\/sv\/?s={search_term_string}"},"query-input":"required name=search_term_string"}],"inLanguage":"sv-SE"},{"@type":"Organization","@id":"https:\/\/jeaken.com\/sv\/#organization","name":"JeaKen","url":"https:\/\/jeaken.com\/sv\/","logo":{"@type":"ImageObject","inLanguage":"sv-SE","@id":"https:\/\/jeaken.com\/sv\/#\/schema\/logo\/image\/","url":"https:\/\/jeaken.com\/wp-content\/uploads\/2022\/06\/jeaken-logo-23.png","contentUrl":"https:\/\/jeaken.com\/wp-content\/uploads\/2022\/06\/jeaken-logo-23.png","width":2486,"height":736,"caption":"JeaKen"},"image":{"@id":"https:\/\/jeaken.com\/sv\/#\/schema\/logo\/image\/"}}]}},"jetpack_sharing_enabled":true,"_links":{"self":[{"href":"https:\/\/jeaken.com\/sv\/wp-json\/wp\/v2\/product\/6876","targetHints":{"allow":["GET"]}}],"collection":[{"href":"https:\/\/jeaken.com\/sv\/wp-json\/wp\/v2\/product"}],"about":[{"href":"https:\/\/jeaken.com\/sv\/wp-json\/wp\/v2\/types\/product"}],"wp:featuredmedia":[{"embeddable":true,"href":"https:\/\/jeaken.com\/sv\/wp-json\/wp\/v2\/media\/3618"}],"wp:attachment":[{"href":"https:\/\/jeaken.com\/sv\/wp-json\/wp\/v2\/media?parent=6876"}],"wp:term":[{"taxonomy":"product_cat","embeddable":true,"href":"https:\/\/jeaken.com\/sv\/wp-json\/wp\/v2\/product_cat?post=6876"},{"taxonomy":"product_tag","embeddable":true,"href":"https:\/\/jeaken.com\/sv\/wp-json\/wp\/v2\/product_tag?post=6876"}],"curies":[{"name":"wp","href":"https:\/\/api.w.org\/{rel}","templated":true}]}}