{"id":6862,"date":"2022-07-21T19:18:17","date_gmt":"2022-07-21T18:18:17","guid":{"rendered":"https:\/1658920591610?product=hawaiian-spirulina-naturlig-superfood-hog-fiberhalt-idealisk-gron-mat-for-smoothies-och-sportnaring-120-veganska-kapslar"},"modified":"2022-08-09T15:14:15","modified_gmt":"2022-08-09T14:14:15","slug":"hawaiian-spirulina-naturlig-superfood-hog-fiberhalt-idealisk-gron-mat-for-smoothies-och-sportnaring-120-veganska-kapslar","status":"publish","type":"product","link":"https:\/\/jeaken.com\/sv\/produkt\/hawaiian-spirulina-naturlig-superfood-hog-fiberhalt-idealisk-gron-mat-for-smoothies-och-sportnaring-120-veganska-kapslar\/","title":{"rendered":"Hawaiian Spirulina &#8211; Naturlig Superfood, h\u00f6g fiberhalt &#8211; idealisk gr\u00f6n mat f\u00f6r smoothies och sportn\u00e4ring &#8211; (120 Veganska kapslar)"},"content":{"rendered":"<p><strong>NATURENS RIKASTE SUPERMAT  <\/strong><\/p>\n<p>Hawaiian Spirulina \u00e4r full av antioxidanter, vitaminer och mineraler och inneh\u00e5ller n\u00e5gra av de h\u00f6gsta niv\u00e5erna av protein av alla v\u00e4xt- och djurk\u00e4llor. Denna supermat inneh\u00e5ller upp till 70 % sm\u00e4ltbart, komplett protein, h\u00f6ga halter av j\u00e4rn, betakaroten och andra h\u00e4lsofr\u00e4mjande n\u00e4rings\u00e4mnen som B12, vitamin K, klorofyll och fykocyanin.<\/p>\n<p><strong>\u00d6KAR ENERGI OCH IMMUNITET  <\/strong><\/p>\n<p>Gram per gram har Hawaiian Spirulina 2800% mer betakaroten \u00e4n mor\u00f6tter och 280% mer antioxidantpotential \u00e4n bl\u00e5b\u00e4r. Varje portion Hawaiian Spirulina p\u00e5 3 g inneh\u00e5ller h\u00f6gre niv\u00e5er av vissa viktiga antioxidanter, enzymer, vitaminer och mineraler \u00e4n 5 portioner frukt och gr\u00f6nsaker.<\/p>\n<p><strong>F\u00d6RB\u00c4TTRAR REGENERERINGEN AV HUD OCH SLEMHINNOR  <\/strong><\/p>\n<p>Spirulina absorberas mycket v\u00e4l av m\u00e4nsklig v\u00e4vnad eftersom den kemiska sammans\u00e4ttningen av spirulinas cytoplasma liknar m\u00e4nsklig plasma. I form av en mask verkar den f\u00f6r att regenerera, strama upp och f\u00f6ryngra huden.<\/p>\n<p><strong>H\u00d6GSTA KVALITET OCH S\u00c4KERHET  <\/strong><\/p>\n<p>V\u00e5rt veganska kosttillskott fr\u00e5n g\u00e5rd till flaska odlas i en GMP-certifierad anl\u00e4ggning i USA med omfattande kvalitetskontroll och testning av varje sats. V\u00e5ra kapslar \u00e4r gluten- och sojafria och inneh\u00e5ller inga fyllmedel, konserveringsmedel eller f\u00e4rg\u00e4mnen.<\/p>\n","protected":false},"excerpt":{"rendered":"<h4><strong>En kraftfull och effektiv supermat f\u00f6r \u00f6kad energi, f\u00f6rb\u00e4ttrad immunitet och friskare hud.<\/strong><\/h4>\n","protected":false},"featured_media":4317,"template":"","meta":{"site-sidebar-layout":"default","site-content-layout":"default","ast-site-content-layout":"default","site-content-style":"default","site-sidebar-style":"default","ast-global-header-display":"","ast-banner-title-visibility":"","ast-main-header-display":"","ast-hfb-above-header-display":"","ast-hfb-below-header-display":"","ast-hfb-mobile-header-display":"","site-post-title":"","ast-breadcrumbs-content":"","ast-featured-img":"","footer-sml-layout":"","theme-transparent-header-meta":"default","adv-header-id-meta":"","stick-header-meta":"default","header-above-stick-meta":"","header-main-stick-meta":"","header-below-stick-meta":"","astra-migrate-meta-layouts":"default","ast-page-background-enabled":"default","ast-page-background-meta":{"desktop":{"background-color":"","background-image":"","background-repeat":"repeat","background-position":"center center","background-size":"auto","background-attachment":"scroll","background-type":"","background-media":"","overlay-type":"","overlay-color":"","overlay-opacity":"","overlay-gradient":""},"tablet":{"background-color":"","background-image":"","background-repeat":"repeat","background-position":"center center","background-size":"auto","background-attachment":"scroll","background-type":"","background-media":"","overlay-type":"","overlay-color":"","overlay-opacity":"","overlay-gradient":""},"mobile":{"background-color":"","background-image":"","background-repeat":"repeat","background-position":"center center","background-size":"auto","background-attachment":"scroll","background-type":"","background-media":"","overlay-type":"","overlay-color":"","overlay-opacity":"","overlay-gradient":""}},"ast-content-background-meta":{"desktop":{"background-color":"var(--ast-global-color-5)","background-image":"","background-repeat":"repeat","background-position":"center center","background-size":"auto","background-attachment":"scroll","background-type":"","background-media":"","overlay-type":"","overlay-color":"","overlay-opacity":"","overlay-gradient":""},"tablet":{"background-color":"var(--ast-global-color-5)","background-image":"","background-repeat":"repeat","background-position":"center center","background-size":"auto","background-attachment":"scroll","background-type":"","background-media":"","overlay-type":"","overlay-color":"","overlay-opacity":"","overlay-gradient":""},"mobile":{"background-color":"var(--ast-global-color-5)","background-image":"","background-repeat":"repeat","background-position":"center center","background-size":"auto","background-attachment":"scroll","background-type":"","background-media":"","overlay-type":"","overlay-color":"","overlay-opacity":"","overlay-gradient":""}}},"product_cat":[600],"product_tag":[937,938,940,942,944,946,948,959,957,960,952,950,955,958,961,962,963],"class_list":{"0":"post-6862","1":"product","2":"type-product","3":"status-publish","4":"has-post-thumbnail","6":"product_cat-humor-och-valbefinnande","7":"product_tag-anti-x-sv","8":"product_tag-energiceller","9":"product_tag-grona-livsmedel","10":"product_tag-grona-tabletter","11":"product_tag-halsopulver","12":"product_tag-halsosamt-protein","13":"product_tag-hog-halt-av-fibrer","14":"product_tag-hogsta-kvalitet","15":"product_tag-icke-gmo","16":"product_tag-kosttillskott-for-veganer","17":"product_tag-naturliga-kosttillskott","18":"product_tag-naturligt-energitillskott","19":"product_tag-naturligt-vitamin","20":"product_tag-om-vitaminer","21":"product_tag-vitamin-e-naturligt","22":"product_tag-vitamin-mineraltillskott","23":"product_tag-vitamin-naturlig","24":"has-subscription-plans","25":"desktop-align-left","26":"tablet-align-left","27":"mobile-align-left","29":"first","30":"outofstock","31":"taxable","32":"shipping-taxable","33":"product-type-variable"},"yoast_head":"<!-- This site is optimized with the Yoast SEO plugin v22.7 - https:\/\/yoast.com\/wordpress\/plugins\/seo\/ -->\n<title>Hawaiian Spirulina - Naturlig Superfood, h\u00f6g fiberhalt - idealisk gr\u00f6n mat f\u00f6r smoothies och sportn\u00e4ring - (120 Veganska kapslar) - JeaKen<\/title>\n<meta name=\"robots\" content=\"index, follow, max-snippet:-1, max-image-preview:large, max-video-preview:-1\" \/>\n<link rel=\"canonical\" href=\"https:\/\/jeaken.com\/sv\/produkt\/hawaiian-spirulina-naturlig-superfood-hog-fiberhalt-idealisk-gron-mat-for-smoothies-och-sportnaring-120-veganska-kapslar\/\" \/>\n<meta property=\"og:locale\" content=\"sv_SE\" \/>\n<meta property=\"og:type\" content=\"article\" \/>\n<meta property=\"og:title\" content=\"Hawaiian Spirulina - Naturlig Superfood, h\u00f6g fiberhalt - idealisk gr\u00f6n mat f\u00f6r smoothies och sportn\u00e4ring - (120 Veganska kapslar) - JeaKen\" \/>\n<meta property=\"og:description\" content=\"En kraftfull och effektiv supermat f\u00f6r \u00f6kad energi, f\u00f6rb\u00e4ttrad immunitet och friskare hud.\" \/>\n<meta property=\"og:url\" content=\"https:\/\/jeaken.com\/sv\/produkt\/hawaiian-spirulina-naturlig-superfood-hog-fiberhalt-idealisk-gron-mat-for-smoothies-och-sportnaring-120-veganska-kapslar\/\" \/>\n<meta property=\"og:site_name\" content=\"JeaKen\" \/>\n<meta property=\"article:modified_time\" content=\"2022-08-09T14:14:15+00:00\" \/>\n<meta property=\"og:image\" content=\"https:\/\/jeaken.com\/wp-content\/uploads\/2022\/07\/Front-e1612872155262.jpg\" \/>\n\t<meta property=\"og:image:width\" content=\"600\" \/>\n\t<meta property=\"og:image:height\" content=\"600\" \/>\n\t<meta property=\"og:image:type\" content=\"image\/jpeg\" \/>\n<meta name=\"twitter:card\" content=\"summary_large_image\" \/>\n<meta name=\"twitter:label1\" content=\"Est. reading time\" \/>\n\t<meta name=\"twitter:data1\" content=\"1 minute\" \/>\n<script type=\"application\/ld+json\" class=\"yoast-schema-graph\">{\"@context\":\"https:\/\/schema.org\",\"@graph\":[{\"@type\":\"WebPage\",\"@id\":\"https:\/\/jeaken.com\/sv\/produkt\/hawaiian-spirulina-naturlig-superfood-hog-fiberhalt-idealisk-gron-mat-for-smoothies-och-sportnaring-120-veganska-kapslar\/\",\"url\":\"https:\/\/jeaken.com\/sv\/produkt\/hawaiian-spirulina-naturlig-superfood-hog-fiberhalt-idealisk-gron-mat-for-smoothies-och-sportnaring-120-veganska-kapslar\/\",\"name\":\"Hawaiian Spirulina - Naturlig Superfood, h\u00f6g fiberhalt - idealisk gr\u00f6n mat f\u00f6r smoothies och sportn\u00e4ring - (120 Veganska kapslar) - JeaKen\",\"isPartOf\":{\"@id\":\"https:\/\/jeaken.com\/sv\/#website\"},\"primaryImageOfPage\":{\"@id\":\"https:\/\/jeaken.com\/sv\/produkt\/hawaiian-spirulina-naturlig-superfood-hog-fiberhalt-idealisk-gron-mat-for-smoothies-och-sportnaring-120-veganska-kapslar\/#primaryimage\"},\"image\":{\"@id\":\"https:\/\/jeaken.com\/sv\/produkt\/hawaiian-spirulina-naturlig-superfood-hog-fiberhalt-idealisk-gron-mat-for-smoothies-och-sportnaring-120-veganska-kapslar\/#primaryimage\"},\"thumbnailUrl\":\"https:\/\/jeaken.com\/wp-content\/uploads\/2022\/07\/Front-e1612872155262.jpg\",\"datePublished\":\"2022-07-21T18:18:17+00:00\",\"dateModified\":\"2022-08-09T14:14:15+00:00\",\"breadcrumb\":{\"@id\":\"https:\/\/jeaken.com\/sv\/produkt\/hawaiian-spirulina-naturlig-superfood-hog-fiberhalt-idealisk-gron-mat-for-smoothies-och-sportnaring-120-veganska-kapslar\/#breadcrumb\"},\"inLanguage\":\"sv-SE\",\"potentialAction\":[{\"@type\":\"ReadAction\",\"target\":[\"https:\/\/jeaken.com\/sv\/produkt\/hawaiian-spirulina-naturlig-superfood-hog-fiberhalt-idealisk-gron-mat-for-smoothies-och-sportnaring-120-veganska-kapslar\/\"]}]},{\"@type\":\"ImageObject\",\"inLanguage\":\"sv-SE\",\"@id\":\"https:\/\/jeaken.com\/sv\/produkt\/hawaiian-spirulina-naturlig-superfood-hog-fiberhalt-idealisk-gron-mat-for-smoothies-och-sportnaring-120-veganska-kapslar\/#primaryimage\",\"url\":\"https:\/\/jeaken.com\/wp-content\/uploads\/2022\/07\/Front-e1612872155262.jpg\",\"contentUrl\":\"https:\/\/jeaken.com\/wp-content\/uploads\/2022\/07\/Front-e1612872155262.jpg\",\"width\":600,\"height\":600,\"caption\":\"Hawaiian Spirulina\"},{\"@type\":\"BreadcrumbList\",\"@id\":\"https:\/\/jeaken.com\/sv\/produkt\/hawaiian-spirulina-naturlig-superfood-hog-fiberhalt-idealisk-gron-mat-for-smoothies-och-sportnaring-120-veganska-kapslar\/#breadcrumb\",\"itemListElement\":[{\"@type\":\"ListItem\",\"position\":1,\"name\":\"Home\",\"item\":\"https:\/\/jeaken.com\/sv\/\"},{\"@type\":\"ListItem\",\"position\":2,\"name\":\"Private: Shop\",\"item\":\"https:\/\/jeaken.com\/shop\/\"},{\"@type\":\"ListItem\",\"position\":3,\"name\":\"Hawaiian Spirulina &#8211; Naturlig Superfood, h\u00f6g fiberhalt &#8211; idealisk gr\u00f6n mat f\u00f6r smoothies och sportn\u00e4ring &#8211; (120 Veganska kapslar)\"}]},{\"@type\":\"WebSite\",\"@id\":\"https:\/\/jeaken.com\/sv\/#website\",\"url\":\"https:\/\/jeaken.com\/sv\/\",\"name\":\"JeaKen\",\"description\":\"Organic Supplements for Health, Fitness and Nutrition\",\"publisher\":{\"@id\":\"https:\/\/jeaken.com\/sv\/#organization\"},\"potentialAction\":[{\"@type\":\"SearchAction\",\"target\":{\"@type\":\"EntryPoint\",\"urlTemplate\":\"https:\/\/jeaken.com\/sv\/?s={search_term_string}\"},\"query-input\":\"required name=search_term_string\"}],\"inLanguage\":\"sv-SE\"},{\"@type\":\"Organization\",\"@id\":\"https:\/\/jeaken.com\/sv\/#organization\",\"name\":\"JeaKen\",\"url\":\"https:\/\/jeaken.com\/sv\/\",\"logo\":{\"@type\":\"ImageObject\",\"inLanguage\":\"sv-SE\",\"@id\":\"https:\/\/jeaken.com\/sv\/#\/schema\/logo\/image\/\",\"url\":\"https:\/\/jeaken.com\/wp-content\/uploads\/2022\/06\/jeaken-logo-23.png\",\"contentUrl\":\"https:\/\/jeaken.com\/wp-content\/uploads\/2022\/06\/jeaken-logo-23.png\",\"width\":2486,\"height\":736,\"caption\":\"JeaKen\"},\"image\":{\"@id\":\"https:\/\/jeaken.com\/sv\/#\/schema\/logo\/image\/\"}}]}<\/script>\n<!-- \/ Yoast SEO plugin. -->","yoast_head_json":{"title":"Hawaiian Spirulina - Naturlig Superfood, h\u00f6g fiberhalt - idealisk gr\u00f6n mat f\u00f6r smoothies och sportn\u00e4ring - (120 Veganska kapslar) - JeaKen","robots":{"index":"index","follow":"follow","max-snippet":"max-snippet:-1","max-image-preview":"max-image-preview:large","max-video-preview":"max-video-preview:-1"},"canonical":"https:\/\/jeaken.com\/sv\/produkt\/hawaiian-spirulina-naturlig-superfood-hog-fiberhalt-idealisk-gron-mat-for-smoothies-och-sportnaring-120-veganska-kapslar\/","og_locale":"sv_SE","og_type":"article","og_title":"Hawaiian Spirulina - Naturlig Superfood, h\u00f6g fiberhalt - idealisk gr\u00f6n mat f\u00f6r smoothies och sportn\u00e4ring - (120 Veganska kapslar) - JeaKen","og_description":"En kraftfull och effektiv supermat f\u00f6r \u00f6kad energi, f\u00f6rb\u00e4ttrad immunitet och friskare hud.","og_url":"https:\/\/jeaken.com\/sv\/produkt\/hawaiian-spirulina-naturlig-superfood-hog-fiberhalt-idealisk-gron-mat-for-smoothies-och-sportnaring-120-veganska-kapslar\/","og_site_name":"JeaKen","article_modified_time":"2022-08-09T14:14:15+00:00","og_image":[{"width":600,"height":600,"url":"https:\/\/jeaken.com\/wp-content\/uploads\/2022\/07\/Front-e1612872155262.jpg","type":"image\/jpeg"}],"twitter_card":"summary_large_image","twitter_misc":{"Est. reading time":"1 minute"},"schema":{"@context":"https:\/\/schema.org","@graph":[{"@type":"WebPage","@id":"https:\/\/jeaken.com\/sv\/produkt\/hawaiian-spirulina-naturlig-superfood-hog-fiberhalt-idealisk-gron-mat-for-smoothies-och-sportnaring-120-veganska-kapslar\/","url":"https:\/\/jeaken.com\/sv\/produkt\/hawaiian-spirulina-naturlig-superfood-hog-fiberhalt-idealisk-gron-mat-for-smoothies-och-sportnaring-120-veganska-kapslar\/","name":"Hawaiian Spirulina - Naturlig Superfood, h\u00f6g fiberhalt - idealisk gr\u00f6n mat f\u00f6r smoothies och sportn\u00e4ring - (120 Veganska kapslar) - JeaKen","isPartOf":{"@id":"https:\/\/jeaken.com\/sv\/#website"},"primaryImageOfPage":{"@id":"https:\/\/jeaken.com\/sv\/produkt\/hawaiian-spirulina-naturlig-superfood-hog-fiberhalt-idealisk-gron-mat-for-smoothies-och-sportnaring-120-veganska-kapslar\/#primaryimage"},"image":{"@id":"https:\/\/jeaken.com\/sv\/produkt\/hawaiian-spirulina-naturlig-superfood-hog-fiberhalt-idealisk-gron-mat-for-smoothies-och-sportnaring-120-veganska-kapslar\/#primaryimage"},"thumbnailUrl":"https:\/\/jeaken.com\/wp-content\/uploads\/2022\/07\/Front-e1612872155262.jpg","datePublished":"2022-07-21T18:18:17+00:00","dateModified":"2022-08-09T14:14:15+00:00","breadcrumb":{"@id":"https:\/\/jeaken.com\/sv\/produkt\/hawaiian-spirulina-naturlig-superfood-hog-fiberhalt-idealisk-gron-mat-for-smoothies-och-sportnaring-120-veganska-kapslar\/#breadcrumb"},"inLanguage":"sv-SE","potentialAction":[{"@type":"ReadAction","target":["https:\/\/jeaken.com\/sv\/produkt\/hawaiian-spirulina-naturlig-superfood-hog-fiberhalt-idealisk-gron-mat-for-smoothies-och-sportnaring-120-veganska-kapslar\/"]}]},{"@type":"ImageObject","inLanguage":"sv-SE","@id":"https:\/\/jeaken.com\/sv\/produkt\/hawaiian-spirulina-naturlig-superfood-hog-fiberhalt-idealisk-gron-mat-for-smoothies-och-sportnaring-120-veganska-kapslar\/#primaryimage","url":"https:\/\/jeaken.com\/wp-content\/uploads\/2022\/07\/Front-e1612872155262.jpg","contentUrl":"https:\/\/jeaken.com\/wp-content\/uploads\/2022\/07\/Front-e1612872155262.jpg","width":600,"height":600,"caption":"Hawaiian Spirulina"},{"@type":"BreadcrumbList","@id":"https:\/\/jeaken.com\/sv\/produkt\/hawaiian-spirulina-naturlig-superfood-hog-fiberhalt-idealisk-gron-mat-for-smoothies-och-sportnaring-120-veganska-kapslar\/#breadcrumb","itemListElement":[{"@type":"ListItem","position":1,"name":"Home","item":"https:\/\/jeaken.com\/sv\/"},{"@type":"ListItem","position":2,"name":"Private: Shop","item":"https:\/\/jeaken.com\/shop\/"},{"@type":"ListItem","position":3,"name":"Hawaiian Spirulina &#8211; Naturlig Superfood, h\u00f6g fiberhalt &#8211; idealisk gr\u00f6n mat f\u00f6r smoothies och sportn\u00e4ring &#8211; (120 Veganska kapslar)"}]},{"@type":"WebSite","@id":"https:\/\/jeaken.com\/sv\/#website","url":"https:\/\/jeaken.com\/sv\/","name":"JeaKen","description":"Organic Supplements for Health, Fitness and Nutrition","publisher":{"@id":"https:\/\/jeaken.com\/sv\/#organization"},"potentialAction":[{"@type":"SearchAction","target":{"@type":"EntryPoint","urlTemplate":"https:\/\/jeaken.com\/sv\/?s={search_term_string}"},"query-input":"required name=search_term_string"}],"inLanguage":"sv-SE"},{"@type":"Organization","@id":"https:\/\/jeaken.com\/sv\/#organization","name":"JeaKen","url":"https:\/\/jeaken.com\/sv\/","logo":{"@type":"ImageObject","inLanguage":"sv-SE","@id":"https:\/\/jeaken.com\/sv\/#\/schema\/logo\/image\/","url":"https:\/\/jeaken.com\/wp-content\/uploads\/2022\/06\/jeaken-logo-23.png","contentUrl":"https:\/\/jeaken.com\/wp-content\/uploads\/2022\/06\/jeaken-logo-23.png","width":2486,"height":736,"caption":"JeaKen"},"image":{"@id":"https:\/\/jeaken.com\/sv\/#\/schema\/logo\/image\/"}}]}},"jetpack_sharing_enabled":true,"_links":{"self":[{"href":"https:\/\/jeaken.com\/sv\/wp-json\/wp\/v2\/product\/6862","targetHints":{"allow":["GET"]}}],"collection":[{"href":"https:\/\/jeaken.com\/sv\/wp-json\/wp\/v2\/product"}],"about":[{"href":"https:\/\/jeaken.com\/sv\/wp-json\/wp\/v2\/types\/product"}],"wp:featuredmedia":[{"embeddable":true,"href":"https:\/\/jeaken.com\/sv\/wp-json\/wp\/v2\/media\/4317"}],"wp:attachment":[{"href":"https:\/\/jeaken.com\/sv\/wp-json\/wp\/v2\/media?parent=6862"}],"wp:term":[{"taxonomy":"product_cat","embeddable":true,"href":"https:\/\/jeaken.com\/sv\/wp-json\/wp\/v2\/product_cat?post=6862"},{"taxonomy":"product_tag","embeddable":true,"href":"https:\/\/jeaken.com\/sv\/wp-json\/wp\/v2\/product_tag?post=6862"}],"curies":[{"name":"wp","href":"https:\/\/api.w.org\/{rel}","templated":true}]}}