{"id":6846,"date":"2022-07-21T19:18:22","date_gmt":"2022-07-21T18:18:22","guid":{"rendered":"https:\/1658920591610?product=d-mannose-pulver-i-kapslar-forstarkt-med-tranbarsextrakt-2"},"modified":"2022-09-08T16:00:55","modified_gmt":"2022-09-08T15:00:55","slug":"d-mannose-pulver-i-kapslar-forstarkt-med-tranbarsextrakt-2","status":"publish","type":"product","link":"https:\/\/jeaken.com\/sv\/produkt\/d-mannose-pulver-i-kapslar-forstarkt-med-tranbarsextrakt-2\/","title":{"rendered":"D-Mannose Pulver i kapslar &#8211; f\u00f6rst\u00e4rkt med tranb\u00e4rsextrakt"},"content":{"rendered":"<p><strong><span class=\"a-list-item a-size-base\">NATURLIGT F\u00d6REKOMMANDE SOCKER<\/span><\/strong><\/p>\n<p><span class=\"a-list-item a-size-base\">  D-Mannos \u00e4r ett naturligt f\u00f6rekommande socker som finns i vissa frukter och v\u00e4xter. Det hj\u00e4lper till att f\u00f6rhindra att o\u00f6nskade fr\u00e4mmande \u00e4mnen fastnar p\u00e5 bl\u00e5sans slemhinna.<\/span><\/p>\n<p>&nbsp;<\/p>\n<p><strong><span class=\"a-list-item\"><span class=\"a-list-item\">F\u00d6REBYGGER URINV\u00c4GSINFEKTIONER  <\/span><\/span><\/strong><\/p>\n<p><span class=\"a-list-item\"><span class=\"a-list-item\">V\u00e5r vinnande kombination st\u00f6der en h\u00e4lsosam urinv\u00e4g och hj\u00e4lper dig att naturligt undvika eller minska obehagliga, o\u00f6nskade urinv\u00e4gs- eller bl\u00e5sinfektioner. D-Mannos metaboliseras inte och anv\u00e4nds inte av kroppen som energi. Ist\u00e4llet fastnar den vid infektionsframkallande bakterier, transporterar ut dem ur kroppen och hj\u00e4lper till att rensa och f\u00f6rebygga urinv\u00e4gsinfektioner. Med ett enkelt dagligt intag av endast tv\u00e5 l\u00e4tt sv\u00e4ljbara kapslar kan du<\/span><\/span><span class=\"a-list-item\">  minska och eliminera bakterier i urinv\u00e4garna.<\/span><\/p>\n<p>&nbsp;<\/p>\n<p><strong><span class=\"a-list-item\"><span class=\"a-list-item\">DUBBEL EFFEKT  <\/span><\/span><\/strong><\/p>\n<p><span class=\"a-list-item\"><span class=\"a-list-item\">  V\u00e5r rena D-Mannose (\u00e4ven k\u00e4nd som enkelt socker) \u00e4r f\u00f6rst\u00e4rkt med tranb\u00e4rsextrakt (Vaccinium Macrocarpon). B\u00e5da \u00e4r popul\u00e4ra och effektiva kosttillskott, s\u00e4rskilt f\u00f6r behandling av bl\u00e5sor.<\/span><\/span><\/p>\n<p>&nbsp;<\/p>\n<p><strong><span class=\"a-list-item\"><span class=\"a-list-item\">FRI FR\u00c5N ALLERGENER  <\/span><\/span><\/strong><\/p>\n<p><span class=\"a-list-item\"><span class=\"a-list-item\">  V\u00e5ra D-Mannose kapslar med h\u00f6g styrka \u00e4r en p\u00e5litlig k\u00e4lla till D-Mannose som \u00e4r l\u00e4mplig f\u00f6r vegetarianer och veganer. V\u00e5ra kapslar \u00e4r fria fr\u00e5n allergener, inklusive mj\u00f6lk, laktos, gluten, GMO, vete, \u00e4gg, kr\u00e4ftdjur, fisk, n\u00f6tter, fr\u00f6n och senap.<\/span><\/span><\/p>\n<p>&nbsp;<\/p>\n<p>&nbsp;<\/p>\n","protected":false},"excerpt":{"rendered":"<h4 id=\"title\" class=\"a-size-large a-spacing-none\"><span id=\"productTitle\" class=\"a-size-large product-title-word-break\">Naturlig och s\u00e4ker behandling av urinv\u00e4gsinfektioner och lindring av bl\u00e5sor<\/span><\/h4>\n","protected":false},"featured_media":15180,"template":"","meta":{"site-sidebar-layout":"default","site-content-layout":"default","ast-site-content-layout":"default","site-content-style":"default","site-sidebar-style":"default","ast-global-header-display":"","ast-banner-title-visibility":"","ast-main-header-display":"","ast-hfb-above-header-display":"","ast-hfb-below-header-display":"","ast-hfb-mobile-header-display":"","site-post-title":"","ast-breadcrumbs-content":"","ast-featured-img":"","footer-sml-layout":"","theme-transparent-header-meta":"default","adv-header-id-meta":"","stick-header-meta":"default","header-above-stick-meta":"","header-main-stick-meta":"","header-below-stick-meta":"","astra-migrate-meta-layouts":"default","ast-page-background-enabled":"default","ast-page-background-meta":{"desktop":{"background-color":"","background-image":"","background-repeat":"repeat","background-position":"center center","background-size":"auto","background-attachment":"scroll","background-type":"","background-media":"","overlay-type":"","overlay-color":"","overlay-opacity":"","overlay-gradient":""},"tablet":{"background-color":"","background-image":"","background-repeat":"repeat","background-position":"center center","background-size":"auto","background-attachment":"scroll","background-type":"","background-media":"","overlay-type":"","overlay-color":"","overlay-opacity":"","overlay-gradient":""},"mobile":{"background-color":"","background-image":"","background-repeat":"repeat","background-position":"center center","background-size":"auto","background-attachment":"scroll","background-type":"","background-media":"","overlay-type":"","overlay-color":"","overlay-opacity":"","overlay-gradient":""}},"ast-content-background-meta":{"desktop":{"background-color":"var(--ast-global-color-5)","background-image":"","background-repeat":"repeat","background-position":"center center","background-size":"auto","background-attachment":"scroll","background-type":"","background-media":"","overlay-type":"","overlay-color":"","overlay-opacity":"","overlay-gradient":""},"tablet":{"background-color":"var(--ast-global-color-5)","background-image":"","background-repeat":"repeat","background-position":"center center","background-size":"auto","background-attachment":"scroll","background-type":"","background-media":"","overlay-type":"","overlay-color":"","overlay-opacity":"","overlay-gradient":""},"mobile":{"background-color":"var(--ast-global-color-5)","background-image":"","background-repeat":"repeat","background-position":"center center","background-size":"auto","background-attachment":"scroll","background-type":"","background-media":"","overlay-type":"","overlay-color":"","overlay-opacity":"","overlay-gradient":""}}},"product_cat":[679,700],"product_tag":[],"class_list":{"0":"post-6846","1":"product","2":"type-product","3":"status-publish","4":"has-post-thumbnail","6":"product_cat-matsmaltningshalsa","7":"product_cat-uti-sv","8":"has-subscription-plans","9":"desktop-align-left","10":"tablet-align-left","11":"mobile-align-left","13":"first","14":"instock","15":"taxable","16":"shipping-taxable","17":"purchasable","18":"product-type-simple"},"yoast_head":"<!-- This site is optimized with the Yoast SEO plugin v22.7 - https:\/\/yoast.com\/wordpress\/plugins\/seo\/ -->\n<title>D-Mannose Pulver i kapslar - f\u00f6rst\u00e4rkt med tranb\u00e4rsextrakt - JeaKen<\/title>\n<meta name=\"robots\" content=\"index, follow, max-snippet:-1, max-image-preview:large, max-video-preview:-1\" \/>\n<link rel=\"canonical\" href=\"https:\/\/jeaken.com\/sv\/produkt\/d-mannose-pulver-i-kapslar-forstarkt-med-tranbarsextrakt-2\/\" \/>\n<meta property=\"og:locale\" content=\"sv_SE\" \/>\n<meta property=\"og:type\" content=\"article\" \/>\n<meta property=\"og:title\" content=\"D-Mannose Pulver i kapslar - f\u00f6rst\u00e4rkt med tranb\u00e4rsextrakt - JeaKen\" \/>\n<meta property=\"og:description\" content=\"Naturlig och s\u00e4ker behandling av urinv\u00e4gsinfektioner och lindring av bl\u00e5sor\" \/>\n<meta property=\"og:url\" content=\"https:\/\/jeaken.com\/sv\/produkt\/d-mannose-pulver-i-kapslar-forstarkt-med-tranbarsextrakt-2\/\" \/>\n<meta property=\"og:site_name\" content=\"JeaKen\" \/>\n<meta property=\"article:modified_time\" content=\"2022-09-08T15:00:55+00:00\" \/>\n<meta property=\"og:image\" content=\"https:\/\/jeaken.com\/wp-content\/uploads\/2022\/07\/Front-11.jpg\" \/>\n\t<meta property=\"og:image:width\" content=\"635\" \/>\n\t<meta property=\"og:image:height\" content=\"744\" \/>\n\t<meta property=\"og:image:type\" content=\"image\/jpeg\" \/>\n<meta name=\"twitter:card\" content=\"summary_large_image\" \/>\n<meta name=\"twitter:label1\" content=\"Est. reading time\" \/>\n\t<meta name=\"twitter:data1\" content=\"1 minute\" \/>\n<script type=\"application\/ld+json\" class=\"yoast-schema-graph\">{\"@context\":\"https:\/\/schema.org\",\"@graph\":[{\"@type\":\"WebPage\",\"@id\":\"https:\/\/jeaken.com\/sv\/produkt\/d-mannose-pulver-i-kapslar-forstarkt-med-tranbarsextrakt-2\/\",\"url\":\"https:\/\/jeaken.com\/sv\/produkt\/d-mannose-pulver-i-kapslar-forstarkt-med-tranbarsextrakt-2\/\",\"name\":\"D-Mannose Pulver i kapslar - f\u00f6rst\u00e4rkt med tranb\u00e4rsextrakt - JeaKen\",\"isPartOf\":{\"@id\":\"https:\/\/jeaken.com\/sv\/#website\"},\"primaryImageOfPage\":{\"@id\":\"https:\/\/jeaken.com\/sv\/produkt\/d-mannose-pulver-i-kapslar-forstarkt-med-tranbarsextrakt-2\/#primaryimage\"},\"image\":{\"@id\":\"https:\/\/jeaken.com\/sv\/produkt\/d-mannose-pulver-i-kapslar-forstarkt-med-tranbarsextrakt-2\/#primaryimage\"},\"thumbnailUrl\":\"https:\/\/jeaken.com\/wp-content\/uploads\/2022\/07\/Front-11.jpg\",\"datePublished\":\"2022-07-21T18:18:22+00:00\",\"dateModified\":\"2022-09-08T15:00:55+00:00\",\"breadcrumb\":{\"@id\":\"https:\/\/jeaken.com\/sv\/produkt\/d-mannose-pulver-i-kapslar-forstarkt-med-tranbarsextrakt-2\/#breadcrumb\"},\"inLanguage\":\"sv-SE\",\"potentialAction\":[{\"@type\":\"ReadAction\",\"target\":[\"https:\/\/jeaken.com\/sv\/produkt\/d-mannose-pulver-i-kapslar-forstarkt-med-tranbarsextrakt-2\/\"]}]},{\"@type\":\"ImageObject\",\"inLanguage\":\"sv-SE\",\"@id\":\"https:\/\/jeaken.com\/sv\/produkt\/d-mannose-pulver-i-kapslar-forstarkt-med-tranbarsextrakt-2\/#primaryimage\",\"url\":\"https:\/\/jeaken.com\/wp-content\/uploads\/2022\/07\/Front-11.jpg\",\"contentUrl\":\"https:\/\/jeaken.com\/wp-content\/uploads\/2022\/07\/Front-11.jpg\",\"width\":635,\"height\":744,\"caption\":\"D-Mannose Powder\"},{\"@type\":\"BreadcrumbList\",\"@id\":\"https:\/\/jeaken.com\/sv\/produkt\/d-mannose-pulver-i-kapslar-forstarkt-med-tranbarsextrakt-2\/#breadcrumb\",\"itemListElement\":[{\"@type\":\"ListItem\",\"position\":1,\"name\":\"Home\",\"item\":\"https:\/\/jeaken.com\/sv\/\"},{\"@type\":\"ListItem\",\"position\":2,\"name\":\"Private: Shop\",\"item\":\"https:\/\/jeaken.com\/shop\/\"},{\"@type\":\"ListItem\",\"position\":3,\"name\":\"D-Mannose Pulver i kapslar &#8211; f\u00f6rst\u00e4rkt med tranb\u00e4rsextrakt\"}]},{\"@type\":\"WebSite\",\"@id\":\"https:\/\/jeaken.com\/sv\/#website\",\"url\":\"https:\/\/jeaken.com\/sv\/\",\"name\":\"JeaKen\",\"description\":\"Organic Supplements for Health, Fitness and Nutrition\",\"publisher\":{\"@id\":\"https:\/\/jeaken.com\/sv\/#organization\"},\"potentialAction\":[{\"@type\":\"SearchAction\",\"target\":{\"@type\":\"EntryPoint\",\"urlTemplate\":\"https:\/\/jeaken.com\/sv\/?s={search_term_string}\"},\"query-input\":\"required name=search_term_string\"}],\"inLanguage\":\"sv-SE\"},{\"@type\":\"Organization\",\"@id\":\"https:\/\/jeaken.com\/sv\/#organization\",\"name\":\"JeaKen\",\"url\":\"https:\/\/jeaken.com\/sv\/\",\"logo\":{\"@type\":\"ImageObject\",\"inLanguage\":\"sv-SE\",\"@id\":\"https:\/\/jeaken.com\/sv\/#\/schema\/logo\/image\/\",\"url\":\"https:\/\/jeaken.com\/wp-content\/uploads\/2022\/06\/jeaken-logo-23.png\",\"contentUrl\":\"https:\/\/jeaken.com\/wp-content\/uploads\/2022\/06\/jeaken-logo-23.png\",\"width\":2486,\"height\":736,\"caption\":\"JeaKen\"},\"image\":{\"@id\":\"https:\/\/jeaken.com\/sv\/#\/schema\/logo\/image\/\"}}]}<\/script>\n<!-- \/ Yoast SEO plugin. -->","yoast_head_json":{"title":"D-Mannose Pulver i kapslar - f\u00f6rst\u00e4rkt med tranb\u00e4rsextrakt - JeaKen","robots":{"index":"index","follow":"follow","max-snippet":"max-snippet:-1","max-image-preview":"max-image-preview:large","max-video-preview":"max-video-preview:-1"},"canonical":"https:\/\/jeaken.com\/sv\/produkt\/d-mannose-pulver-i-kapslar-forstarkt-med-tranbarsextrakt-2\/","og_locale":"sv_SE","og_type":"article","og_title":"D-Mannose Pulver i kapslar - f\u00f6rst\u00e4rkt med tranb\u00e4rsextrakt - JeaKen","og_description":"Naturlig och s\u00e4ker behandling av urinv\u00e4gsinfektioner och lindring av bl\u00e5sor","og_url":"https:\/\/jeaken.com\/sv\/produkt\/d-mannose-pulver-i-kapslar-forstarkt-med-tranbarsextrakt-2\/","og_site_name":"JeaKen","article_modified_time":"2022-09-08T15:00:55+00:00","og_image":[{"width":635,"height":744,"url":"https:\/\/jeaken.com\/wp-content\/uploads\/2022\/07\/Front-11.jpg","type":"image\/jpeg"}],"twitter_card":"summary_large_image","twitter_misc":{"Est. reading time":"1 minute"},"schema":{"@context":"https:\/\/schema.org","@graph":[{"@type":"WebPage","@id":"https:\/\/jeaken.com\/sv\/produkt\/d-mannose-pulver-i-kapslar-forstarkt-med-tranbarsextrakt-2\/","url":"https:\/\/jeaken.com\/sv\/produkt\/d-mannose-pulver-i-kapslar-forstarkt-med-tranbarsextrakt-2\/","name":"D-Mannose Pulver i kapslar - f\u00f6rst\u00e4rkt med tranb\u00e4rsextrakt - JeaKen","isPartOf":{"@id":"https:\/\/jeaken.com\/sv\/#website"},"primaryImageOfPage":{"@id":"https:\/\/jeaken.com\/sv\/produkt\/d-mannose-pulver-i-kapslar-forstarkt-med-tranbarsextrakt-2\/#primaryimage"},"image":{"@id":"https:\/\/jeaken.com\/sv\/produkt\/d-mannose-pulver-i-kapslar-forstarkt-med-tranbarsextrakt-2\/#primaryimage"},"thumbnailUrl":"https:\/\/jeaken.com\/wp-content\/uploads\/2022\/07\/Front-11.jpg","datePublished":"2022-07-21T18:18:22+00:00","dateModified":"2022-09-08T15:00:55+00:00","breadcrumb":{"@id":"https:\/\/jeaken.com\/sv\/produkt\/d-mannose-pulver-i-kapslar-forstarkt-med-tranbarsextrakt-2\/#breadcrumb"},"inLanguage":"sv-SE","potentialAction":[{"@type":"ReadAction","target":["https:\/\/jeaken.com\/sv\/produkt\/d-mannose-pulver-i-kapslar-forstarkt-med-tranbarsextrakt-2\/"]}]},{"@type":"ImageObject","inLanguage":"sv-SE","@id":"https:\/\/jeaken.com\/sv\/produkt\/d-mannose-pulver-i-kapslar-forstarkt-med-tranbarsextrakt-2\/#primaryimage","url":"https:\/\/jeaken.com\/wp-content\/uploads\/2022\/07\/Front-11.jpg","contentUrl":"https:\/\/jeaken.com\/wp-content\/uploads\/2022\/07\/Front-11.jpg","width":635,"height":744,"caption":"D-Mannose Powder"},{"@type":"BreadcrumbList","@id":"https:\/\/jeaken.com\/sv\/produkt\/d-mannose-pulver-i-kapslar-forstarkt-med-tranbarsextrakt-2\/#breadcrumb","itemListElement":[{"@type":"ListItem","position":1,"name":"Home","item":"https:\/\/jeaken.com\/sv\/"},{"@type":"ListItem","position":2,"name":"Private: Shop","item":"https:\/\/jeaken.com\/shop\/"},{"@type":"ListItem","position":3,"name":"D-Mannose Pulver i kapslar &#8211; f\u00f6rst\u00e4rkt med tranb\u00e4rsextrakt"}]},{"@type":"WebSite","@id":"https:\/\/jeaken.com\/sv\/#website","url":"https:\/\/jeaken.com\/sv\/","name":"JeaKen","description":"Organic Supplements for Health, Fitness and Nutrition","publisher":{"@id":"https:\/\/jeaken.com\/sv\/#organization"},"potentialAction":[{"@type":"SearchAction","target":{"@type":"EntryPoint","urlTemplate":"https:\/\/jeaken.com\/sv\/?s={search_term_string}"},"query-input":"required name=search_term_string"}],"inLanguage":"sv-SE"},{"@type":"Organization","@id":"https:\/\/jeaken.com\/sv\/#organization","name":"JeaKen","url":"https:\/\/jeaken.com\/sv\/","logo":{"@type":"ImageObject","inLanguage":"sv-SE","@id":"https:\/\/jeaken.com\/sv\/#\/schema\/logo\/image\/","url":"https:\/\/jeaken.com\/wp-content\/uploads\/2022\/06\/jeaken-logo-23.png","contentUrl":"https:\/\/jeaken.com\/wp-content\/uploads\/2022\/06\/jeaken-logo-23.png","width":2486,"height":736,"caption":"JeaKen"},"image":{"@id":"https:\/\/jeaken.com\/sv\/#\/schema\/logo\/image\/"}}]}},"jetpack_sharing_enabled":true,"_links":{"self":[{"href":"https:\/\/jeaken.com\/sv\/wp-json\/wp\/v2\/product\/6846","targetHints":{"allow":["GET"]}}],"collection":[{"href":"https:\/\/jeaken.com\/sv\/wp-json\/wp\/v2\/product"}],"about":[{"href":"https:\/\/jeaken.com\/sv\/wp-json\/wp\/v2\/types\/product"}],"wp:featuredmedia":[{"embeddable":true,"href":"https:\/\/jeaken.com\/sv\/wp-json\/wp\/v2\/media\/15180"}],"wp:attachment":[{"href":"https:\/\/jeaken.com\/sv\/wp-json\/wp\/v2\/media?parent=6846"}],"wp:term":[{"taxonomy":"product_cat","embeddable":true,"href":"https:\/\/jeaken.com\/sv\/wp-json\/wp\/v2\/product_cat?post=6846"},{"taxonomy":"product_tag","embeddable":true,"href":"https:\/\/jeaken.com\/sv\/wp-json\/wp\/v2\/product_tag?post=6846"}],"curies":[{"name":"wp","href":"https:\/\/api.w.org\/{rel}","templated":true}]}}