{"id":6835,"date":"2022-07-21T19:18:21","date_gmt":"2022-07-21T18:18:21","guid":{"rendered":"https:\/1658920591610?product=collagen-retinol-anti-ageing-face-cream-for-torr-hud-med-hyaluronsyra-50-ml-flaska"},"modified":"2022-08-09T15:13:50","modified_gmt":"2022-08-09T14:13:50","slug":"collagen-retinol-anti-ageing-face-cream-for-torr-hud-med-hyaluronsyra-50-ml-flaska","status":"publish","type":"product","link":"https:\/\/jeaken.com\/sv\/produkt\/collagen-retinol-anti-ageing-face-cream-for-torr-hud-med-hyaluronsyra-50-ml-flaska\/","title":{"rendered":"Collagen Retinol Anti-Ageing Face Cream f\u00f6r torr hud med hyaluronsyra. 50 ml flaska"},"content":{"rendered":"<p><strong><span class=\"a-list-item\">ANTI-AGEING ANSIKTSKR\u00c4M F\u00d6R M\u00c4N OCH KVINNOR  <\/span><\/strong><\/p>\n<p><span class=\"a-list-item\">V\u00e5r Collagen Retinol moisturiser inneh\u00e5ller en rad kraftfulla naturliga anti-ageing ingredienser. N\u00e4r vi blir \u00e4ldre minskar hudens f\u00f6rm\u00e5ga att producera kollagen, vilket g\u00f6r att huden f\u00f6rlorar sin elasticitet.<\/span><\/p>\n<p><strong><span class=\"a-list-item\">BEK\u00c4MPAR RYNKOR  <\/span><\/strong><\/p>\n<p><span class=\"a-list-item\">Denna kraftfulla ansiktskr\u00e4m levererar kollagen direkt till hudens dermisskikt, vilket minskar synligheten av rynkor och l\u00e4mnar huden \u00e5terfuktad och v\u00e4ln\u00e4rd.<\/span><\/p>\n<p><span class=\"a-list-item\"><strong>SUPERRIK K\u00c4LLA TILL RETINOL  <\/strong><\/span><\/p>\n<p><span class=\"a-list-item\">Ansiktsvattnet \u00e4r ocks\u00e5 blandat med passionsfruktolja och gr\u00f6nt te-extrakt, som \u00e4r rika k\u00e4llor till vitamin A. Detta viktiga vitamin hj\u00e4lper till att bilda fibroblaster, vilket resulterar i en stramare och fastare hud med en j\u00e4mn konsistens.<\/span><\/p>\n<p>&nbsp;<\/p>\n<p>&nbsp;<\/p>\n","protected":false},"excerpt":{"rendered":"<h4>Kraftfull anti-rynk-kr\u00e4m f\u00f6r en stramare, fastare och yngre hud.<\/h4>\n","protected":false},"featured_media":4725,"template":"","meta":{"site-sidebar-layout":"default","site-content-layout":"default","ast-site-content-layout":"default","site-content-style":"default","site-sidebar-style":"default","ast-global-header-display":"","ast-banner-title-visibility":"","ast-main-header-display":"","ast-hfb-above-header-display":"","ast-hfb-below-header-display":"","ast-hfb-mobile-header-display":"","site-post-title":"","ast-breadcrumbs-content":"","ast-featured-img":"","footer-sml-layout":"","theme-transparent-header-meta":"default","adv-header-id-meta":"","stick-header-meta":"default","header-above-stick-meta":"","header-main-stick-meta":"","header-below-stick-meta":"","astra-migrate-meta-layouts":"default","ast-page-background-enabled":"default","ast-page-background-meta":{"desktop":{"background-color":"","background-image":"","background-repeat":"repeat","background-position":"center center","background-size":"auto","background-attachment":"scroll","background-type":"","background-media":"","overlay-type":"","overlay-color":"","overlay-opacity":"","overlay-gradient":""},"tablet":{"background-color":"","background-image":"","background-repeat":"repeat","background-position":"center center","background-size":"auto","background-attachment":"scroll","background-type":"","background-media":"","overlay-type":"","overlay-color":"","overlay-opacity":"","overlay-gradient":""},"mobile":{"background-color":"","background-image":"","background-repeat":"repeat","background-position":"center center","background-size":"auto","background-attachment":"scroll","background-type":"","background-media":"","overlay-type":"","overlay-color":"","overlay-opacity":"","overlay-gradient":""}},"ast-content-background-meta":{"desktop":{"background-color":"var(--ast-global-color-5)","background-image":"","background-repeat":"repeat","background-position":"center center","background-size":"auto","background-attachment":"scroll","background-type":"","background-media":"","overlay-type":"","overlay-color":"","overlay-opacity":"","overlay-gradient":""},"tablet":{"background-color":"var(--ast-global-color-5)","background-image":"","background-repeat":"repeat","background-position":"center center","background-size":"auto","background-attachment":"scroll","background-type":"","background-media":"","overlay-type":"","overlay-color":"","overlay-opacity":"","overlay-gradient":""},"mobile":{"background-color":"var(--ast-global-color-5)","background-image":"","background-repeat":"repeat","background-position":"center center","background-size":"auto","background-attachment":"scroll","background-type":"","background-media":"","overlay-type":"","overlay-color":"","overlay-opacity":"","overlay-gradient":""}}},"product_cat":[554,515],"product_tag":[1639,1638,1647,1649,1646,1640,1643,1642,1644,1645,1641,1648],"class_list":{"0":"post-6835","1":"product","2":"type-product","3":"status-publish","4":"has-post-thumbnail","6":"product_cat-anti-aging-sv","7":"product_cat-naturlig-skonhet","8":"product_tag-anti-rynka","9":"product_tag-behandling-av-akne","10":"product_tag-den-vanliga-retinolen","11":"product_tag-e-vitaminolja-for-ansiktet","12":"product_tag-hudljusande-kram-for-mork-hud","13":"product_tag-kram-mot-rynkor","14":"product_tag-retinol-face-serum-sv","15":"product_tag-retinol-kram-ansikte","16":"product_tag-retinol-serum-sv","17":"product_tag-retinol-serum-hog-styrka-for-ansiktet","18":"product_tag-retinolkram","19":"product_tag-tretinokram","20":"has-subscription-plans","21":"desktop-align-left","22":"tablet-align-left","23":"mobile-align-left","25":"first","26":"outofstock","27":"sale","28":"taxable","29":"shipping-taxable","30":"purchasable","31":"product-type-simple"},"yoast_head":"<!-- This site is optimized with the Yoast SEO plugin v22.7 - https:\/\/yoast.com\/wordpress\/plugins\/seo\/ -->\n<title>Collagen Retinol Anti-Ageing Face Cream f\u00f6r torr hud med hyaluronsyra. 50 ml flaska - JeaKen<\/title>\n<meta name=\"robots\" content=\"index, follow, max-snippet:-1, max-image-preview:large, max-video-preview:-1\" \/>\n<link rel=\"canonical\" href=\"https:\/\/jeaken.com\/sv\/produkt\/collagen-retinol-anti-ageing-face-cream-for-torr-hud-med-hyaluronsyra-50-ml-flaska\/\" \/>\n<meta property=\"og:locale\" content=\"sv_SE\" \/>\n<meta property=\"og:type\" content=\"article\" \/>\n<meta property=\"og:title\" content=\"Collagen Retinol Anti-Ageing Face Cream f\u00f6r torr hud med hyaluronsyra. 50 ml flaska - JeaKen\" \/>\n<meta property=\"og:description\" content=\"Kraftfull anti-rynk-kr\u00e4m f\u00f6r en stramare, fastare och yngre hud.\" \/>\n<meta property=\"og:url\" content=\"https:\/\/jeaken.com\/sv\/produkt\/collagen-retinol-anti-ageing-face-cream-for-torr-hud-med-hyaluronsyra-50-ml-flaska\/\" \/>\n<meta property=\"og:site_name\" content=\"JeaKen\" \/>\n<meta property=\"article:modified_time\" content=\"2022-08-09T14:13:50+00:00\" \/>\n<meta property=\"og:image\" content=\"https:\/\/jeaken.com\/wp-content\/uploads\/2022\/07\/71QlbREVamL._AC_SL1500_.jpg\" \/>\n\t<meta property=\"og:image:width\" content=\"600\" \/>\n\t<meta property=\"og:image:height\" content=\"600\" \/>\n\t<meta property=\"og:image:type\" content=\"image\/jpeg\" \/>\n<meta name=\"twitter:card\" content=\"summary_large_image\" \/>\n<meta name=\"twitter:label1\" content=\"Est. reading time\" \/>\n\t<meta name=\"twitter:data1\" content=\"1 minute\" \/>\n<script type=\"application\/ld+json\" class=\"yoast-schema-graph\">{\"@context\":\"https:\/\/schema.org\",\"@graph\":[{\"@type\":\"WebPage\",\"@id\":\"https:\/\/jeaken.com\/sv\/produkt\/collagen-retinol-anti-ageing-face-cream-for-torr-hud-med-hyaluronsyra-50-ml-flaska\/\",\"url\":\"https:\/\/jeaken.com\/sv\/produkt\/collagen-retinol-anti-ageing-face-cream-for-torr-hud-med-hyaluronsyra-50-ml-flaska\/\",\"name\":\"Collagen Retinol Anti-Ageing Face Cream f\u00f6r torr hud med hyaluronsyra. 50 ml flaska - JeaKen\",\"isPartOf\":{\"@id\":\"https:\/\/jeaken.com\/sv\/#website\"},\"primaryImageOfPage\":{\"@id\":\"https:\/\/jeaken.com\/sv\/produkt\/collagen-retinol-anti-ageing-face-cream-for-torr-hud-med-hyaluronsyra-50-ml-flaska\/#primaryimage\"},\"image\":{\"@id\":\"https:\/\/jeaken.com\/sv\/produkt\/collagen-retinol-anti-ageing-face-cream-for-torr-hud-med-hyaluronsyra-50-ml-flaska\/#primaryimage\"},\"thumbnailUrl\":\"https:\/\/jeaken.com\/wp-content\/uploads\/2022\/07\/71QlbREVamL._AC_SL1500_.jpg\",\"datePublished\":\"2022-07-21T18:18:21+00:00\",\"dateModified\":\"2022-08-09T14:13:50+00:00\",\"breadcrumb\":{\"@id\":\"https:\/\/jeaken.com\/sv\/produkt\/collagen-retinol-anti-ageing-face-cream-for-torr-hud-med-hyaluronsyra-50-ml-flaska\/#breadcrumb\"},\"inLanguage\":\"sv-SE\",\"potentialAction\":[{\"@type\":\"ReadAction\",\"target\":[\"https:\/\/jeaken.com\/sv\/produkt\/collagen-retinol-anti-ageing-face-cream-for-torr-hud-med-hyaluronsyra-50-ml-flaska\/\"]}]},{\"@type\":\"ImageObject\",\"inLanguage\":\"sv-SE\",\"@id\":\"https:\/\/jeaken.com\/sv\/produkt\/collagen-retinol-anti-ageing-face-cream-for-torr-hud-med-hyaluronsyra-50-ml-flaska\/#primaryimage\",\"url\":\"https:\/\/jeaken.com\/wp-content\/uploads\/2022\/07\/71QlbREVamL._AC_SL1500_.jpg\",\"contentUrl\":\"https:\/\/jeaken.com\/wp-content\/uploads\/2022\/07\/71QlbREVamL._AC_SL1500_.jpg\",\"width\":600,\"height\":600,\"caption\":\"Collagen Retinol Anti-Ageing Face Cream For Dry Skin With Hyaluronic Acid. 50ml Bottle\"},{\"@type\":\"BreadcrumbList\",\"@id\":\"https:\/\/jeaken.com\/sv\/produkt\/collagen-retinol-anti-ageing-face-cream-for-torr-hud-med-hyaluronsyra-50-ml-flaska\/#breadcrumb\",\"itemListElement\":[{\"@type\":\"ListItem\",\"position\":1,\"name\":\"Home\",\"item\":\"https:\/\/jeaken.com\/sv\/\"},{\"@type\":\"ListItem\",\"position\":2,\"name\":\"Private: Shop\",\"item\":\"https:\/\/jeaken.com\/shop\/\"},{\"@type\":\"ListItem\",\"position\":3,\"name\":\"Collagen Retinol Anti-Ageing Face Cream f\u00f6r torr hud med hyaluronsyra. 50 ml flaska\"}]},{\"@type\":\"WebSite\",\"@id\":\"https:\/\/jeaken.com\/sv\/#website\",\"url\":\"https:\/\/jeaken.com\/sv\/\",\"name\":\"JeaKen\",\"description\":\"Organic Supplements for Health, Fitness and Nutrition\",\"publisher\":{\"@id\":\"https:\/\/jeaken.com\/sv\/#organization\"},\"potentialAction\":[{\"@type\":\"SearchAction\",\"target\":{\"@type\":\"EntryPoint\",\"urlTemplate\":\"https:\/\/jeaken.com\/sv\/?s={search_term_string}\"},\"query-input\":\"required name=search_term_string\"}],\"inLanguage\":\"sv-SE\"},{\"@type\":\"Organization\",\"@id\":\"https:\/\/jeaken.com\/sv\/#organization\",\"name\":\"JeaKen\",\"url\":\"https:\/\/jeaken.com\/sv\/\",\"logo\":{\"@type\":\"ImageObject\",\"inLanguage\":\"sv-SE\",\"@id\":\"https:\/\/jeaken.com\/sv\/#\/schema\/logo\/image\/\",\"url\":\"https:\/\/jeaken.com\/wp-content\/uploads\/2022\/06\/jeaken-logo-23.png\",\"contentUrl\":\"https:\/\/jeaken.com\/wp-content\/uploads\/2022\/06\/jeaken-logo-23.png\",\"width\":2486,\"height\":736,\"caption\":\"JeaKen\"},\"image\":{\"@id\":\"https:\/\/jeaken.com\/sv\/#\/schema\/logo\/image\/\"}}]}<\/script>\n<!-- \/ Yoast SEO plugin. -->","yoast_head_json":{"title":"Collagen Retinol Anti-Ageing Face Cream f\u00f6r torr hud med hyaluronsyra. 50 ml flaska - JeaKen","robots":{"index":"index","follow":"follow","max-snippet":"max-snippet:-1","max-image-preview":"max-image-preview:large","max-video-preview":"max-video-preview:-1"},"canonical":"https:\/\/jeaken.com\/sv\/produkt\/collagen-retinol-anti-ageing-face-cream-for-torr-hud-med-hyaluronsyra-50-ml-flaska\/","og_locale":"sv_SE","og_type":"article","og_title":"Collagen Retinol Anti-Ageing Face Cream f\u00f6r torr hud med hyaluronsyra. 50 ml flaska - JeaKen","og_description":"Kraftfull anti-rynk-kr\u00e4m f\u00f6r en stramare, fastare och yngre hud.","og_url":"https:\/\/jeaken.com\/sv\/produkt\/collagen-retinol-anti-ageing-face-cream-for-torr-hud-med-hyaluronsyra-50-ml-flaska\/","og_site_name":"JeaKen","article_modified_time":"2022-08-09T14:13:50+00:00","og_image":[{"width":600,"height":600,"url":"https:\/\/jeaken.com\/wp-content\/uploads\/2022\/07\/71QlbREVamL._AC_SL1500_.jpg","type":"image\/jpeg"}],"twitter_card":"summary_large_image","twitter_misc":{"Est. reading time":"1 minute"},"schema":{"@context":"https:\/\/schema.org","@graph":[{"@type":"WebPage","@id":"https:\/\/jeaken.com\/sv\/produkt\/collagen-retinol-anti-ageing-face-cream-for-torr-hud-med-hyaluronsyra-50-ml-flaska\/","url":"https:\/\/jeaken.com\/sv\/produkt\/collagen-retinol-anti-ageing-face-cream-for-torr-hud-med-hyaluronsyra-50-ml-flaska\/","name":"Collagen Retinol Anti-Ageing Face Cream f\u00f6r torr hud med hyaluronsyra. 50 ml flaska - JeaKen","isPartOf":{"@id":"https:\/\/jeaken.com\/sv\/#website"},"primaryImageOfPage":{"@id":"https:\/\/jeaken.com\/sv\/produkt\/collagen-retinol-anti-ageing-face-cream-for-torr-hud-med-hyaluronsyra-50-ml-flaska\/#primaryimage"},"image":{"@id":"https:\/\/jeaken.com\/sv\/produkt\/collagen-retinol-anti-ageing-face-cream-for-torr-hud-med-hyaluronsyra-50-ml-flaska\/#primaryimage"},"thumbnailUrl":"https:\/\/jeaken.com\/wp-content\/uploads\/2022\/07\/71QlbREVamL._AC_SL1500_.jpg","datePublished":"2022-07-21T18:18:21+00:00","dateModified":"2022-08-09T14:13:50+00:00","breadcrumb":{"@id":"https:\/\/jeaken.com\/sv\/produkt\/collagen-retinol-anti-ageing-face-cream-for-torr-hud-med-hyaluronsyra-50-ml-flaska\/#breadcrumb"},"inLanguage":"sv-SE","potentialAction":[{"@type":"ReadAction","target":["https:\/\/jeaken.com\/sv\/produkt\/collagen-retinol-anti-ageing-face-cream-for-torr-hud-med-hyaluronsyra-50-ml-flaska\/"]}]},{"@type":"ImageObject","inLanguage":"sv-SE","@id":"https:\/\/jeaken.com\/sv\/produkt\/collagen-retinol-anti-ageing-face-cream-for-torr-hud-med-hyaluronsyra-50-ml-flaska\/#primaryimage","url":"https:\/\/jeaken.com\/wp-content\/uploads\/2022\/07\/71QlbREVamL._AC_SL1500_.jpg","contentUrl":"https:\/\/jeaken.com\/wp-content\/uploads\/2022\/07\/71QlbREVamL._AC_SL1500_.jpg","width":600,"height":600,"caption":"Collagen Retinol Anti-Ageing Face Cream For Dry Skin With Hyaluronic Acid. 50ml Bottle"},{"@type":"BreadcrumbList","@id":"https:\/\/jeaken.com\/sv\/produkt\/collagen-retinol-anti-ageing-face-cream-for-torr-hud-med-hyaluronsyra-50-ml-flaska\/#breadcrumb","itemListElement":[{"@type":"ListItem","position":1,"name":"Home","item":"https:\/\/jeaken.com\/sv\/"},{"@type":"ListItem","position":2,"name":"Private: Shop","item":"https:\/\/jeaken.com\/shop\/"},{"@type":"ListItem","position":3,"name":"Collagen Retinol Anti-Ageing Face Cream f\u00f6r torr hud med hyaluronsyra. 50 ml flaska"}]},{"@type":"WebSite","@id":"https:\/\/jeaken.com\/sv\/#website","url":"https:\/\/jeaken.com\/sv\/","name":"JeaKen","description":"Organic Supplements for Health, Fitness and Nutrition","publisher":{"@id":"https:\/\/jeaken.com\/sv\/#organization"},"potentialAction":[{"@type":"SearchAction","target":{"@type":"EntryPoint","urlTemplate":"https:\/\/jeaken.com\/sv\/?s={search_term_string}"},"query-input":"required name=search_term_string"}],"inLanguage":"sv-SE"},{"@type":"Organization","@id":"https:\/\/jeaken.com\/sv\/#organization","name":"JeaKen","url":"https:\/\/jeaken.com\/sv\/","logo":{"@type":"ImageObject","inLanguage":"sv-SE","@id":"https:\/\/jeaken.com\/sv\/#\/schema\/logo\/image\/","url":"https:\/\/jeaken.com\/wp-content\/uploads\/2022\/06\/jeaken-logo-23.png","contentUrl":"https:\/\/jeaken.com\/wp-content\/uploads\/2022\/06\/jeaken-logo-23.png","width":2486,"height":736,"caption":"JeaKen"},"image":{"@id":"https:\/\/jeaken.com\/sv\/#\/schema\/logo\/image\/"}}]}},"jetpack_sharing_enabled":true,"_links":{"self":[{"href":"https:\/\/jeaken.com\/sv\/wp-json\/wp\/v2\/product\/6835","targetHints":{"allow":["GET"]}}],"collection":[{"href":"https:\/\/jeaken.com\/sv\/wp-json\/wp\/v2\/product"}],"about":[{"href":"https:\/\/jeaken.com\/sv\/wp-json\/wp\/v2\/types\/product"}],"wp:featuredmedia":[{"embeddable":true,"href":"https:\/\/jeaken.com\/sv\/wp-json\/wp\/v2\/media\/4725"}],"wp:attachment":[{"href":"https:\/\/jeaken.com\/sv\/wp-json\/wp\/v2\/media?parent=6835"}],"wp:term":[{"taxonomy":"product_cat","embeddable":true,"href":"https:\/\/jeaken.com\/sv\/wp-json\/wp\/v2\/product_cat?post=6835"},{"taxonomy":"product_tag","embeddable":true,"href":"https:\/\/jeaken.com\/sv\/wp-json\/wp\/v2\/product_tag?post=6835"}],"curies":[{"name":"wp","href":"https:\/\/api.w.org\/{rel}","templated":true}]}}