{"id":6826,"date":"2022-07-21T19:18:22","date_gmt":"2022-07-21T18:18:22","guid":{"rendered":"https:\/1658920591610?product=vitamin-b12-high-strength-1000mcg-b12-methylcobalamin-120-kapslar"},"modified":"2022-08-09T15:13:48","modified_gmt":"2022-08-09T14:13:48","slug":"vitamin-b12-high-strength-1000mcg-b12-methylcobalamin-120-kapslar","status":"publish","type":"product","link":"https:\/\/jeaken.com\/sv\/produkt\/vitamin-b12-high-strength-1000mcg-b12-methylcobalamin-120-kapslar\/","title":{"rendered":"Vitamin B12 High Strength &#8211; 1000mcg B12 Methylcobalamin (120 kapslar)"},"content":{"rendered":"<p><span class=\"a-list-item\"><strong>H\u00d6G BIOTILLG\u00c4NGLIGHET OCH STYRKA<\/strong> <\/span><\/p>\n<p><span class=\"a-list-item\">I v\u00e5ra B12-vitaminkapslar anv\u00e4nds endast ingredienser av h\u00f6gsta kvalitet f\u00f6r b\u00e4ttre biotillg\u00e4nglighet. Varje tablett inneh\u00e5ller 1000mcg rent metylkobalamin (en premiumform av vitamin B12 som ger effektiv och h\u00f6g absorption i kroppen). V\u00e5ra tabletter har utformats speciellt f\u00f6r att ge en tidsinst\u00e4lld fris\u00e4ttning av vitamin B12 f\u00f6r att motverka tr\u00f6tthet och utmattning och se till att du k\u00e4nner dig energisk hela dagen.<\/span><\/p>\n<p><strong>ST\u00d6DER BILDANDET AV R\u00d6DA BLODKROPPAR<\/strong><\/p>\n<p>V\u00e5ra kapslar \u00e4r utformade f\u00f6r att st\u00f6dja bildandet av r\u00f6da blodkroppar, vilket underl\u00e4ttar leveransen av livsviktigt syre runt om i kroppen.<\/p>\n<p><strong>FR\u00c4MJAR ETT FRISKT IMMUNF\u00d6RSVAR OCH NERVSYSTEM  <\/strong><\/p>\n<p>Vi anv\u00e4nder <span class=\"a-list-item\">B12-vitamin <\/span> av h\u00f6gsta kvalitet, <span class=\"a-list-item\">som fr\u00e4mjar ett starkt immunf\u00f6rsvar och nervsystem <\/span>.  <\/p>\n<p><strong><span class=\"a-list-item\">L\u00c4MPLIG F\u00d6R B\u00c5DE M\u00c4N OCH KVINNOR  <\/span><\/strong><\/p>\n<p><span class=\"a-list-item\">V\u00e5ra B12-vitaminkapslar kan tas av b\u00e5de m\u00e4n och kvinnor.<\/span><\/p>\n<p><strong><span style=\"font-size: 16px;\">VEGAN OCH VEGETARISK V\u00c4NLIG  <\/span><\/strong><\/p>\n<p><span style=\"font-size: 16px;\">V\u00e5ra kapslar \u00e4r l\u00e4mpliga f\u00f6r vegetarianer och veganer och \u00e4r fria fr\u00e5n GMO-ingredienser och allergener som gluten, laktos, soja, n\u00f6tter och sp\u00e5r av n\u00f6tter.<\/span><\/p>\n<p><strong><span class=\"a-list-item\">UTFORMAD AV YRKESVERKSAMMA  <\/span><\/strong><\/p>\n<p><span class=\"a-list-item\">V\u00e5ra h\u00f6gkoncentrerade B12-tillskottstabletter har formulerats av sjukv\u00e5rdspersonal och tillverkats enligt h\u00f6ga kvalitetskontrollstandarder enligt GMP-riktlinjer.<\/span><\/p>\n","protected":false},"excerpt":{"rendered":"<h4><strong><span id=\"productTitle\" class=\"a-size-large product-title-word-break\">Varje kapsel med h\u00f6g styrka inneh\u00e5ller <\/span><span class=\"a-size-large product-title-word-break\">1000mcg B12 metylkobalamin f\u00f6r att motverka tr\u00f6tthet och utmattning, st\u00f6dja bildandet av r\u00f6da blodkroppar och fr\u00e4mja ett friskt immun- och nervsystem.<\/span><\/strong><\/h4>\n<p>&nbsp;<\/p>\n","protected":false},"featured_media":2777,"template":"","meta":{"site-sidebar-layout":"default","site-content-layout":"default","ast-site-content-layout":"default","site-content-style":"default","site-sidebar-style":"default","ast-global-header-display":"","ast-banner-title-visibility":"","ast-main-header-display":"","ast-hfb-above-header-display":"","ast-hfb-below-header-display":"","ast-hfb-mobile-header-display":"","site-post-title":"","ast-breadcrumbs-content":"","ast-featured-img":"","footer-sml-layout":"","theme-transparent-header-meta":"default","adv-header-id-meta":"","stick-header-meta":"default","header-above-stick-meta":"","header-main-stick-meta":"","header-below-stick-meta":"","astra-migrate-meta-layouts":"default","ast-page-background-enabled":"default","ast-page-background-meta":{"desktop":{"background-color":"","background-image":"","background-repeat":"repeat","background-position":"center center","background-size":"auto","background-attachment":"scroll","background-type":"","background-media":"","overlay-type":"","overlay-color":"","overlay-opacity":"","overlay-gradient":""},"tablet":{"background-color":"","background-image":"","background-repeat":"repeat","background-position":"center center","background-size":"auto","background-attachment":"scroll","background-type":"","background-media":"","overlay-type":"","overlay-color":"","overlay-opacity":"","overlay-gradient":""},"mobile":{"background-color":"","background-image":"","background-repeat":"repeat","background-position":"center center","background-size":"auto","background-attachment":"scroll","background-type":"","background-media":"","overlay-type":"","overlay-color":"","overlay-opacity":"","overlay-gradient":""}},"ast-content-background-meta":{"desktop":{"background-color":"var(--ast-global-color-5)","background-image":"","background-repeat":"repeat","background-position":"center center","background-size":"auto","background-attachment":"scroll","background-type":"","background-media":"","overlay-type":"","overlay-color":"","overlay-opacity":"","overlay-gradient":""},"tablet":{"background-color":"var(--ast-global-color-5)","background-image":"","background-repeat":"repeat","background-position":"center center","background-size":"auto","background-attachment":"scroll","background-type":"","background-media":"","overlay-type":"","overlay-color":"","overlay-opacity":"","overlay-gradient":""},"mobile":{"background-color":"var(--ast-global-color-5)","background-image":"","background-repeat":"repeat","background-position":"center center","background-size":"auto","background-attachment":"scroll","background-type":"","background-media":"","overlay-type":"","overlay-color":"","overlay-opacity":"","overlay-gradient":""}}},"product_cat":[601,559],"product_tag":[],"class_list":{"0":"post-6826","1":"product","2":"type-product","3":"status-publish","4":"has-post-thumbnail","6":"product_cat-trotthet","7":"product_cat-vitaminer-och-mineraler","8":"has-subscription-plans","9":"desktop-align-left","10":"tablet-align-left","11":"mobile-align-left","13":"first","14":"instock","15":"taxable","16":"shipping-taxable","17":"purchasable","18":"product-type-simple"},"yoast_head":"<!-- This site is optimized with the Yoast SEO plugin v22.7 - https:\/\/yoast.com\/wordpress\/plugins\/seo\/ -->\n<title>Vitamin B12 High Strength - 1000mcg B12 Methylcobalamin (120 kapslar) - JeaKen<\/title>\n<meta name=\"robots\" content=\"index, follow, max-snippet:-1, max-image-preview:large, max-video-preview:-1\" \/>\n<link rel=\"canonical\" href=\"https:\/\/jeaken.com\/sv\/produkt\/vitamin-b12-high-strength-1000mcg-b12-methylcobalamin-120-kapslar\/\" \/>\n<meta property=\"og:locale\" content=\"sv_SE\" \/>\n<meta property=\"og:type\" content=\"article\" \/>\n<meta property=\"og:title\" content=\"Vitamin B12 High Strength - 1000mcg B12 Methylcobalamin (120 kapslar) - JeaKen\" \/>\n<meta property=\"og:description\" content=\"Varje kapsel med h\u00f6g styrka inneh\u00e5ller 1000mcg B12 metylkobalamin f\u00f6r att motverka tr\u00f6tthet och utmattning, st\u00f6dja bildandet av r\u00f6da blodkroppar och fr\u00e4mja ett friskt immun- och nervsystem. &nbsp;\" \/>\n<meta property=\"og:url\" content=\"https:\/\/jeaken.com\/sv\/produkt\/vitamin-b12-high-strength-1000mcg-b12-methylcobalamin-120-kapslar\/\" \/>\n<meta property=\"og:site_name\" content=\"JeaKen\" \/>\n<meta property=\"article:modified_time\" content=\"2022-08-09T14:13:48+00:00\" \/>\n<meta property=\"og:image\" content=\"https:\/\/jeaken.com\/wp-content\/uploads\/2022\/07\/81UZrfAZwML._AC_SL1500_-1-1.jpg\" \/>\n\t<meta property=\"og:image:width\" content=\"600\" \/>\n\t<meta property=\"og:image:height\" content=\"600\" \/>\n\t<meta property=\"og:image:type\" content=\"image\/jpeg\" \/>\n<meta name=\"twitter:card\" content=\"summary_large_image\" \/>\n<meta name=\"twitter:label1\" content=\"Est. reading time\" \/>\n\t<meta name=\"twitter:data1\" content=\"1 minute\" \/>\n<script type=\"application\/ld+json\" class=\"yoast-schema-graph\">{\"@context\":\"https:\/\/schema.org\",\"@graph\":[{\"@type\":\"WebPage\",\"@id\":\"https:\/\/jeaken.com\/sv\/produkt\/vitamin-b12-high-strength-1000mcg-b12-methylcobalamin-120-kapslar\/\",\"url\":\"https:\/\/jeaken.com\/sv\/produkt\/vitamin-b12-high-strength-1000mcg-b12-methylcobalamin-120-kapslar\/\",\"name\":\"Vitamin B12 High Strength - 1000mcg B12 Methylcobalamin (120 kapslar) - JeaKen\",\"isPartOf\":{\"@id\":\"https:\/\/jeaken.com\/sv\/#website\"},\"primaryImageOfPage\":{\"@id\":\"https:\/\/jeaken.com\/sv\/produkt\/vitamin-b12-high-strength-1000mcg-b12-methylcobalamin-120-kapslar\/#primaryimage\"},\"image\":{\"@id\":\"https:\/\/jeaken.com\/sv\/produkt\/vitamin-b12-high-strength-1000mcg-b12-methylcobalamin-120-kapslar\/#primaryimage\"},\"thumbnailUrl\":\"https:\/\/jeaken.com\/wp-content\/uploads\/2022\/07\/81UZrfAZwML._AC_SL1500_-1-1.jpg\",\"datePublished\":\"2022-07-21T18:18:22+00:00\",\"dateModified\":\"2022-08-09T14:13:48+00:00\",\"breadcrumb\":{\"@id\":\"https:\/\/jeaken.com\/sv\/produkt\/vitamin-b12-high-strength-1000mcg-b12-methylcobalamin-120-kapslar\/#breadcrumb\"},\"inLanguage\":\"sv-SE\",\"potentialAction\":[{\"@type\":\"ReadAction\",\"target\":[\"https:\/\/jeaken.com\/sv\/produkt\/vitamin-b12-high-strength-1000mcg-b12-methylcobalamin-120-kapslar\/\"]}]},{\"@type\":\"ImageObject\",\"inLanguage\":\"sv-SE\",\"@id\":\"https:\/\/jeaken.com\/sv\/produkt\/vitamin-b12-high-strength-1000mcg-b12-methylcobalamin-120-kapslar\/#primaryimage\",\"url\":\"https:\/\/jeaken.com\/wp-content\/uploads\/2022\/07\/81UZrfAZwML._AC_SL1500_-1-1.jpg\",\"contentUrl\":\"https:\/\/jeaken.com\/wp-content\/uploads\/2022\/07\/81UZrfAZwML._AC_SL1500_-1-1.jpg\",\"width\":600,\"height\":600,\"caption\":\"Vitamin B12 High Strength - 1000mcg B12 Methylcobalamin\"},{\"@type\":\"BreadcrumbList\",\"@id\":\"https:\/\/jeaken.com\/sv\/produkt\/vitamin-b12-high-strength-1000mcg-b12-methylcobalamin-120-kapslar\/#breadcrumb\",\"itemListElement\":[{\"@type\":\"ListItem\",\"position\":1,\"name\":\"Home\",\"item\":\"https:\/\/jeaken.com\/sv\/\"},{\"@type\":\"ListItem\",\"position\":2,\"name\":\"Private: Shop\",\"item\":\"https:\/\/jeaken.com\/shop\/\"},{\"@type\":\"ListItem\",\"position\":3,\"name\":\"Vitamin B12 High Strength &#8211; 1000mcg B12 Methylcobalamin (120 kapslar)\"}]},{\"@type\":\"WebSite\",\"@id\":\"https:\/\/jeaken.com\/sv\/#website\",\"url\":\"https:\/\/jeaken.com\/sv\/\",\"name\":\"JeaKen\",\"description\":\"Organic Supplements for Health, Fitness and Nutrition\",\"publisher\":{\"@id\":\"https:\/\/jeaken.com\/sv\/#organization\"},\"potentialAction\":[{\"@type\":\"SearchAction\",\"target\":{\"@type\":\"EntryPoint\",\"urlTemplate\":\"https:\/\/jeaken.com\/sv\/?s={search_term_string}\"},\"query-input\":\"required name=search_term_string\"}],\"inLanguage\":\"sv-SE\"},{\"@type\":\"Organization\",\"@id\":\"https:\/\/jeaken.com\/sv\/#organization\",\"name\":\"JeaKen\",\"url\":\"https:\/\/jeaken.com\/sv\/\",\"logo\":{\"@type\":\"ImageObject\",\"inLanguage\":\"sv-SE\",\"@id\":\"https:\/\/jeaken.com\/sv\/#\/schema\/logo\/image\/\",\"url\":\"https:\/\/jeaken.com\/wp-content\/uploads\/2022\/06\/jeaken-logo-23.png\",\"contentUrl\":\"https:\/\/jeaken.com\/wp-content\/uploads\/2022\/06\/jeaken-logo-23.png\",\"width\":2486,\"height\":736,\"caption\":\"JeaKen\"},\"image\":{\"@id\":\"https:\/\/jeaken.com\/sv\/#\/schema\/logo\/image\/\"}}]}<\/script>\n<!-- \/ Yoast SEO plugin. -->","yoast_head_json":{"title":"Vitamin B12 High Strength - 1000mcg B12 Methylcobalamin (120 kapslar) - JeaKen","robots":{"index":"index","follow":"follow","max-snippet":"max-snippet:-1","max-image-preview":"max-image-preview:large","max-video-preview":"max-video-preview:-1"},"canonical":"https:\/\/jeaken.com\/sv\/produkt\/vitamin-b12-high-strength-1000mcg-b12-methylcobalamin-120-kapslar\/","og_locale":"sv_SE","og_type":"article","og_title":"Vitamin B12 High Strength - 1000mcg B12 Methylcobalamin (120 kapslar) - JeaKen","og_description":"Varje kapsel med h\u00f6g styrka inneh\u00e5ller 1000mcg B12 metylkobalamin f\u00f6r att motverka tr\u00f6tthet och utmattning, st\u00f6dja bildandet av r\u00f6da blodkroppar och fr\u00e4mja ett friskt immun- och nervsystem. &nbsp;","og_url":"https:\/\/jeaken.com\/sv\/produkt\/vitamin-b12-high-strength-1000mcg-b12-methylcobalamin-120-kapslar\/","og_site_name":"JeaKen","article_modified_time":"2022-08-09T14:13:48+00:00","og_image":[{"width":600,"height":600,"url":"https:\/\/jeaken.com\/wp-content\/uploads\/2022\/07\/81UZrfAZwML._AC_SL1500_-1-1.jpg","type":"image\/jpeg"}],"twitter_card":"summary_large_image","twitter_misc":{"Est. reading time":"1 minute"},"schema":{"@context":"https:\/\/schema.org","@graph":[{"@type":"WebPage","@id":"https:\/\/jeaken.com\/sv\/produkt\/vitamin-b12-high-strength-1000mcg-b12-methylcobalamin-120-kapslar\/","url":"https:\/\/jeaken.com\/sv\/produkt\/vitamin-b12-high-strength-1000mcg-b12-methylcobalamin-120-kapslar\/","name":"Vitamin B12 High Strength - 1000mcg B12 Methylcobalamin (120 kapslar) - JeaKen","isPartOf":{"@id":"https:\/\/jeaken.com\/sv\/#website"},"primaryImageOfPage":{"@id":"https:\/\/jeaken.com\/sv\/produkt\/vitamin-b12-high-strength-1000mcg-b12-methylcobalamin-120-kapslar\/#primaryimage"},"image":{"@id":"https:\/\/jeaken.com\/sv\/produkt\/vitamin-b12-high-strength-1000mcg-b12-methylcobalamin-120-kapslar\/#primaryimage"},"thumbnailUrl":"https:\/\/jeaken.com\/wp-content\/uploads\/2022\/07\/81UZrfAZwML._AC_SL1500_-1-1.jpg","datePublished":"2022-07-21T18:18:22+00:00","dateModified":"2022-08-09T14:13:48+00:00","breadcrumb":{"@id":"https:\/\/jeaken.com\/sv\/produkt\/vitamin-b12-high-strength-1000mcg-b12-methylcobalamin-120-kapslar\/#breadcrumb"},"inLanguage":"sv-SE","potentialAction":[{"@type":"ReadAction","target":["https:\/\/jeaken.com\/sv\/produkt\/vitamin-b12-high-strength-1000mcg-b12-methylcobalamin-120-kapslar\/"]}]},{"@type":"ImageObject","inLanguage":"sv-SE","@id":"https:\/\/jeaken.com\/sv\/produkt\/vitamin-b12-high-strength-1000mcg-b12-methylcobalamin-120-kapslar\/#primaryimage","url":"https:\/\/jeaken.com\/wp-content\/uploads\/2022\/07\/81UZrfAZwML._AC_SL1500_-1-1.jpg","contentUrl":"https:\/\/jeaken.com\/wp-content\/uploads\/2022\/07\/81UZrfAZwML._AC_SL1500_-1-1.jpg","width":600,"height":600,"caption":"Vitamin B12 High Strength - 1000mcg B12 Methylcobalamin"},{"@type":"BreadcrumbList","@id":"https:\/\/jeaken.com\/sv\/produkt\/vitamin-b12-high-strength-1000mcg-b12-methylcobalamin-120-kapslar\/#breadcrumb","itemListElement":[{"@type":"ListItem","position":1,"name":"Home","item":"https:\/\/jeaken.com\/sv\/"},{"@type":"ListItem","position":2,"name":"Private: Shop","item":"https:\/\/jeaken.com\/shop\/"},{"@type":"ListItem","position":3,"name":"Vitamin B12 High Strength &#8211; 1000mcg B12 Methylcobalamin (120 kapslar)"}]},{"@type":"WebSite","@id":"https:\/\/jeaken.com\/sv\/#website","url":"https:\/\/jeaken.com\/sv\/","name":"JeaKen","description":"Organic Supplements for Health, Fitness and Nutrition","publisher":{"@id":"https:\/\/jeaken.com\/sv\/#organization"},"potentialAction":[{"@type":"SearchAction","target":{"@type":"EntryPoint","urlTemplate":"https:\/\/jeaken.com\/sv\/?s={search_term_string}"},"query-input":"required name=search_term_string"}],"inLanguage":"sv-SE"},{"@type":"Organization","@id":"https:\/\/jeaken.com\/sv\/#organization","name":"JeaKen","url":"https:\/\/jeaken.com\/sv\/","logo":{"@type":"ImageObject","inLanguage":"sv-SE","@id":"https:\/\/jeaken.com\/sv\/#\/schema\/logo\/image\/","url":"https:\/\/jeaken.com\/wp-content\/uploads\/2022\/06\/jeaken-logo-23.png","contentUrl":"https:\/\/jeaken.com\/wp-content\/uploads\/2022\/06\/jeaken-logo-23.png","width":2486,"height":736,"caption":"JeaKen"},"image":{"@id":"https:\/\/jeaken.com\/sv\/#\/schema\/logo\/image\/"}}]}},"jetpack_sharing_enabled":true,"_links":{"self":[{"href":"https:\/\/jeaken.com\/sv\/wp-json\/wp\/v2\/product\/6826","targetHints":{"allow":["GET"]}}],"collection":[{"href":"https:\/\/jeaken.com\/sv\/wp-json\/wp\/v2\/product"}],"about":[{"href":"https:\/\/jeaken.com\/sv\/wp-json\/wp\/v2\/types\/product"}],"wp:featuredmedia":[{"embeddable":true,"href":"https:\/\/jeaken.com\/sv\/wp-json\/wp\/v2\/media\/2777"}],"wp:attachment":[{"href":"https:\/\/jeaken.com\/sv\/wp-json\/wp\/v2\/media?parent=6826"}],"wp:term":[{"taxonomy":"product_cat","embeddable":true,"href":"https:\/\/jeaken.com\/sv\/wp-json\/wp\/v2\/product_cat?post=6826"},{"taxonomy":"product_tag","embeddable":true,"href":"https:\/\/jeaken.com\/sv\/wp-json\/wp\/v2\/product_tag?post=6826"}],"curies":[{"name":"wp","href":"https:\/\/api.w.org\/{rel}","templated":true}]}}