{"id":6819,"date":"2022-07-21T19:18:21","date_gmt":"2022-07-21T18:18:21","guid":{"rendered":"https:\/1658920591610?product=d-mannose-pulver-i-kapslar-forstarkt-med-tranbarsextrakt"},"modified":"2022-08-09T15:13:45","modified_gmt":"2022-08-09T14:13:45","slug":"d-mannose-pulver-i-kapslar-forstarkt-med-tranbarsextrakt","status":"publish","type":"product","link":"https:\/\/jeaken.com\/sv\/produkt\/d-mannose-pulver-i-kapslar-forstarkt-med-tranbarsextrakt\/","title":{"rendered":"D-Mannose Pulver i kapslar &#8211; f\u00f6rst\u00e4rkt med tranb\u00e4rsextrakt"},"content":{"rendered":"<ul class=\"a-unordered-list a-vertical a-spacing-mini\">\n<li><span class=\"a-list-item\">NATURLIGT ST\u00d6TTA EN H\u00c4LSAD URIN\u00c4RTRAKT &#8211; Detta \u00e4r den vinnande kombinationen i din str\u00e4van att naturligt undvika eller minska obehagliga, o\u00f6nskade urinv\u00e4gs- eller bl\u00e5sinfektioner. V\u00e5rt kosttillskott \u00e4r till f\u00f6r dig. Det \u00e4r dags att minska och eliminera bakterier i urinv\u00e4garna och b\u00f6rja leva ditt b\u00e4sta liv, med ett enkelt dagligt intag av endast tv\u00e5 l\u00e4tt sv\u00e4ljbara kapslar.<\/span><\/li>\n<li><span class=\"a-list-item\">F\u00f6rhindra urinv\u00e4gsinfektioner &#8211; D-Mannos metaboliseras inte och anv\u00e4nds inte av kroppen som energi. Ist\u00e4llet fastnar den vid bakterier som orsakar infektioner och transporterar ut dem ur kroppen, vilket hj\u00e4lper till att rensa och f\u00f6rebygga urinv\u00e4gsinfektioner.<\/span><\/li>\n<li><span class=\"a-list-item\">DOUBLE POWER &#8211; V\u00e5r rena d-mannos, \u00e4ven k\u00e4nd som enkelt socker, \u00e4r f\u00f6rst\u00e4rkt med tranb\u00e4rsextrakt (Vaccinium macrocarpon), b\u00e5da har blivit alltmer popul\u00e4ra kosttillskott, s\u00e4rskilt f\u00f6r behandling av bl\u00e5sor hos kvinnor.<\/span><\/li>\n<li><span class=\"a-list-item\">FRI FR\u00c5N ALLERGENER &#8211; V\u00e5ra starka dmannosekapslar \u00e4r en p\u00e5litlig k\u00e4lla till D-Mannose som passar b\u00e5de vegetarianer och veganer och \u00e4r fria fr\u00e5n allergener, inklusive mj\u00f6lk, laktos, gluten, GMO, vete, \u00e4gg, kr\u00e4ftdjur, fisk, n\u00f6tter, fr\u00f6n och senap.<\/span><\/li>\n<li><span class=\"a-list-item\">Historien bakom JeaKen &#8211; JeaKen grundades i Storbritannien 2017 &#8211; sedan dess har vi blivit ett erk\u00e4nt och p\u00e5litligt varum\u00e4rke f\u00f6r vitaminer och kosttillskott f\u00f6r v\u00e5ra kunder runt om i v\u00e4rlden. V\u00e5r snabba tillv\u00e4xt beror p\u00e5 v\u00e5ra h\u00f6gkvalitativa produkter och v\u00e5r kundv\u00e5rd. Allt vi tillverkar tillverkas och certifieras i Storbritannien och skyddas av de h\u00f6gsta tillverkningsstandarderna i v\u00e4rlden (GMP, HACCP ). Vi garanterar att du f\u00e5r pengarna tillbaka om du inte \u00e4r helt n\u00f6jd.<\/span><\/li>\n<\/ul>\n","protected":false},"excerpt":{"rendered":"<h6 id=\"title\" class=\"a-size-large a-spacing-none\"><span id=\"productTitle\" class=\"a-size-large product-title-word-break\">120 Veganska Dmannose kapslar &#8211; Allergenfri D Mannose f\u00f6r UTI &#8211; Naturlig och s\u00e4ker UTI-behandling och Cystitis Relief &#8211; Inte D-Mannose Tabletter<\/span><\/h6>\n","protected":false},"featured_media":14761,"template":"","meta":{"site-sidebar-layout":"default","site-content-layout":"default","ast-site-content-layout":"default","site-content-style":"default","site-sidebar-style":"default","ast-global-header-display":"","ast-banner-title-visibility":"","ast-main-header-display":"","ast-hfb-above-header-display":"","ast-hfb-below-header-display":"","ast-hfb-mobile-header-display":"","site-post-title":"","ast-breadcrumbs-content":"","ast-featured-img":"","footer-sml-layout":"","theme-transparent-header-meta":"default","adv-header-id-meta":"","stick-header-meta":"default","header-above-stick-meta":"","header-main-stick-meta":"","header-below-stick-meta":"","astra-migrate-meta-layouts":"default","ast-page-background-enabled":"default","ast-page-background-meta":{"desktop":{"background-color":"","background-image":"","background-repeat":"repeat","background-position":"center center","background-size":"auto","background-attachment":"scroll","background-type":"","background-media":"","overlay-type":"","overlay-color":"","overlay-opacity":"","overlay-gradient":""},"tablet":{"background-color":"","background-image":"","background-repeat":"repeat","background-position":"center center","background-size":"auto","background-attachment":"scroll","background-type":"","background-media":"","overlay-type":"","overlay-color":"","overlay-opacity":"","overlay-gradient":""},"mobile":{"background-color":"","background-image":"","background-repeat":"repeat","background-position":"center center","background-size":"auto","background-attachment":"scroll","background-type":"","background-media":"","overlay-type":"","overlay-color":"","overlay-opacity":"","overlay-gradient":""}},"ast-content-background-meta":{"desktop":{"background-color":"var(--ast-global-color-5)","background-image":"","background-repeat":"repeat","background-position":"center center","background-size":"auto","background-attachment":"scroll","background-type":"","background-media":"","overlay-type":"","overlay-color":"","overlay-opacity":"","overlay-gradient":""},"tablet":{"background-color":"var(--ast-global-color-5)","background-image":"","background-repeat":"repeat","background-position":"center center","background-size":"auto","background-attachment":"scroll","background-type":"","background-media":"","overlay-type":"","overlay-color":"","overlay-opacity":"","overlay-gradient":""},"mobile":{"background-color":"var(--ast-global-color-5)","background-image":"","background-repeat":"repeat","background-position":"center center","background-size":"auto","background-attachment":"scroll","background-type":"","background-media":"","overlay-type":"","overlay-color":"","overlay-opacity":"","overlay-gradient":""}}},"product_cat":[679,700],"product_tag":[],"class_list":{"0":"post-6819","1":"product","2":"type-product","3":"status-publish","4":"has-post-thumbnail","6":"product_cat-matsmaltningshalsa","7":"product_cat-uti-sv","8":"has-subscription-plans","9":"desktop-align-left","10":"tablet-align-left","11":"mobile-align-left","13":"first","14":"instock","15":"taxable","16":"shipping-taxable","17":"purchasable","18":"product-type-simple"},"yoast_head":"<!-- This site is optimized with the Yoast SEO plugin v22.7 - https:\/\/yoast.com\/wordpress\/plugins\/seo\/ -->\n<title>D-Mannose Pulver i kapslar - f\u00f6rst\u00e4rkt med tranb\u00e4rsextrakt - JeaKen<\/title>\n<meta name=\"robots\" content=\"index, follow, max-snippet:-1, max-image-preview:large, max-video-preview:-1\" \/>\n<link rel=\"canonical\" href=\"https:\/\/jeaken.com\/sv\/produkt\/d-mannose-pulver-i-kapslar-forstarkt-med-tranbarsextrakt\/\" \/>\n<meta property=\"og:locale\" content=\"sv_SE\" \/>\n<meta property=\"og:type\" content=\"article\" \/>\n<meta property=\"og:title\" content=\"D-Mannose Pulver i kapslar - f\u00f6rst\u00e4rkt med tranb\u00e4rsextrakt - JeaKen\" \/>\n<meta property=\"og:description\" content=\"120 Veganska Dmannose kapslar - Allergenfri D Mannose f\u00f6r UTI - Naturlig och s\u00e4ker UTI-behandling och Cystitis Relief - Inte D-Mannose Tabletter\" \/>\n<meta property=\"og:url\" content=\"https:\/\/jeaken.com\/sv\/produkt\/d-mannose-pulver-i-kapslar-forstarkt-med-tranbarsextrakt\/\" \/>\n<meta property=\"og:site_name\" content=\"JeaKen\" \/>\n<meta property=\"article:modified_time\" content=\"2022-08-09T14:13:45+00:00\" \/>\n<meta property=\"og:image\" content=\"https:\/\/jeaken.com\/wp-content\/uploads\/2022\/07\/Front-5.jpg\" \/>\n\t<meta property=\"og:image:width\" content=\"635\" \/>\n\t<meta property=\"og:image:height\" content=\"744\" \/>\n\t<meta property=\"og:image:type\" content=\"image\/jpeg\" \/>\n<meta name=\"twitter:card\" content=\"summary_large_image\" \/>\n<meta name=\"twitter:label1\" content=\"Est. reading time\" \/>\n\t<meta name=\"twitter:data1\" content=\"1 minute\" \/>\n<script type=\"application\/ld+json\" class=\"yoast-schema-graph\">{\"@context\":\"https:\/\/schema.org\",\"@graph\":[{\"@type\":\"WebPage\",\"@id\":\"https:\/\/jeaken.com\/sv\/produkt\/d-mannose-pulver-i-kapslar-forstarkt-med-tranbarsextrakt\/\",\"url\":\"https:\/\/jeaken.com\/sv\/produkt\/d-mannose-pulver-i-kapslar-forstarkt-med-tranbarsextrakt\/\",\"name\":\"D-Mannose Pulver i kapslar - f\u00f6rst\u00e4rkt med tranb\u00e4rsextrakt - JeaKen\",\"isPartOf\":{\"@id\":\"https:\/\/jeaken.com\/sv\/#website\"},\"primaryImageOfPage\":{\"@id\":\"https:\/\/jeaken.com\/sv\/produkt\/d-mannose-pulver-i-kapslar-forstarkt-med-tranbarsextrakt\/#primaryimage\"},\"image\":{\"@id\":\"https:\/\/jeaken.com\/sv\/produkt\/d-mannose-pulver-i-kapslar-forstarkt-med-tranbarsextrakt\/#primaryimage\"},\"thumbnailUrl\":\"https:\/\/jeaken.com\/wp-content\/uploads\/2022\/07\/Front-5.jpg\",\"datePublished\":\"2022-07-21T18:18:21+00:00\",\"dateModified\":\"2022-08-09T14:13:45+00:00\",\"breadcrumb\":{\"@id\":\"https:\/\/jeaken.com\/sv\/produkt\/d-mannose-pulver-i-kapslar-forstarkt-med-tranbarsextrakt\/#breadcrumb\"},\"inLanguage\":\"sv-SE\",\"potentialAction\":[{\"@type\":\"ReadAction\",\"target\":[\"https:\/\/jeaken.com\/sv\/produkt\/d-mannose-pulver-i-kapslar-forstarkt-med-tranbarsextrakt\/\"]}]},{\"@type\":\"ImageObject\",\"inLanguage\":\"sv-SE\",\"@id\":\"https:\/\/jeaken.com\/sv\/produkt\/d-mannose-pulver-i-kapslar-forstarkt-med-tranbarsextrakt\/#primaryimage\",\"url\":\"https:\/\/jeaken.com\/wp-content\/uploads\/2022\/07\/Front-5.jpg\",\"contentUrl\":\"https:\/\/jeaken.com\/wp-content\/uploads\/2022\/07\/Front-5.jpg\",\"width\":635,\"height\":744,\"caption\":\"D-Mannose Powder in Capsules - Enhanced with Cranberry Extract\"},{\"@type\":\"BreadcrumbList\",\"@id\":\"https:\/\/jeaken.com\/sv\/produkt\/d-mannose-pulver-i-kapslar-forstarkt-med-tranbarsextrakt\/#breadcrumb\",\"itemListElement\":[{\"@type\":\"ListItem\",\"position\":1,\"name\":\"Home\",\"item\":\"https:\/\/jeaken.com\/sv\/\"},{\"@type\":\"ListItem\",\"position\":2,\"name\":\"Private: Shop\",\"item\":\"https:\/\/jeaken.com\/shop\/\"},{\"@type\":\"ListItem\",\"position\":3,\"name\":\"D-Mannose Pulver i kapslar &#8211; f\u00f6rst\u00e4rkt med tranb\u00e4rsextrakt\"}]},{\"@type\":\"WebSite\",\"@id\":\"https:\/\/jeaken.com\/sv\/#website\",\"url\":\"https:\/\/jeaken.com\/sv\/\",\"name\":\"JeaKen\",\"description\":\"Organic Supplements for Health, Fitness and Nutrition\",\"publisher\":{\"@id\":\"https:\/\/jeaken.com\/sv\/#organization\"},\"potentialAction\":[{\"@type\":\"SearchAction\",\"target\":{\"@type\":\"EntryPoint\",\"urlTemplate\":\"https:\/\/jeaken.com\/sv\/?s={search_term_string}\"},\"query-input\":\"required name=search_term_string\"}],\"inLanguage\":\"sv-SE\"},{\"@type\":\"Organization\",\"@id\":\"https:\/\/jeaken.com\/sv\/#organization\",\"name\":\"JeaKen\",\"url\":\"https:\/\/jeaken.com\/sv\/\",\"logo\":{\"@type\":\"ImageObject\",\"inLanguage\":\"sv-SE\",\"@id\":\"https:\/\/jeaken.com\/sv\/#\/schema\/logo\/image\/\",\"url\":\"https:\/\/jeaken.com\/wp-content\/uploads\/2022\/06\/jeaken-logo-23.png\",\"contentUrl\":\"https:\/\/jeaken.com\/wp-content\/uploads\/2022\/06\/jeaken-logo-23.png\",\"width\":2486,\"height\":736,\"caption\":\"JeaKen\"},\"image\":{\"@id\":\"https:\/\/jeaken.com\/sv\/#\/schema\/logo\/image\/\"}}]}<\/script>\n<!-- \/ Yoast SEO plugin. -->","yoast_head_json":{"title":"D-Mannose Pulver i kapslar - f\u00f6rst\u00e4rkt med tranb\u00e4rsextrakt - JeaKen","robots":{"index":"index","follow":"follow","max-snippet":"max-snippet:-1","max-image-preview":"max-image-preview:large","max-video-preview":"max-video-preview:-1"},"canonical":"https:\/\/jeaken.com\/sv\/produkt\/d-mannose-pulver-i-kapslar-forstarkt-med-tranbarsextrakt\/","og_locale":"sv_SE","og_type":"article","og_title":"D-Mannose Pulver i kapslar - f\u00f6rst\u00e4rkt med tranb\u00e4rsextrakt - JeaKen","og_description":"120 Veganska Dmannose kapslar - Allergenfri D Mannose f\u00f6r UTI - Naturlig och s\u00e4ker UTI-behandling och Cystitis Relief - Inte D-Mannose Tabletter","og_url":"https:\/\/jeaken.com\/sv\/produkt\/d-mannose-pulver-i-kapslar-forstarkt-med-tranbarsextrakt\/","og_site_name":"JeaKen","article_modified_time":"2022-08-09T14:13:45+00:00","og_image":[{"width":635,"height":744,"url":"https:\/\/jeaken.com\/wp-content\/uploads\/2022\/07\/Front-5.jpg","type":"image\/jpeg"}],"twitter_card":"summary_large_image","twitter_misc":{"Est. reading time":"1 minute"},"schema":{"@context":"https:\/\/schema.org","@graph":[{"@type":"WebPage","@id":"https:\/\/jeaken.com\/sv\/produkt\/d-mannose-pulver-i-kapslar-forstarkt-med-tranbarsextrakt\/","url":"https:\/\/jeaken.com\/sv\/produkt\/d-mannose-pulver-i-kapslar-forstarkt-med-tranbarsextrakt\/","name":"D-Mannose Pulver i kapslar - f\u00f6rst\u00e4rkt med tranb\u00e4rsextrakt - JeaKen","isPartOf":{"@id":"https:\/\/jeaken.com\/sv\/#website"},"primaryImageOfPage":{"@id":"https:\/\/jeaken.com\/sv\/produkt\/d-mannose-pulver-i-kapslar-forstarkt-med-tranbarsextrakt\/#primaryimage"},"image":{"@id":"https:\/\/jeaken.com\/sv\/produkt\/d-mannose-pulver-i-kapslar-forstarkt-med-tranbarsextrakt\/#primaryimage"},"thumbnailUrl":"https:\/\/jeaken.com\/wp-content\/uploads\/2022\/07\/Front-5.jpg","datePublished":"2022-07-21T18:18:21+00:00","dateModified":"2022-08-09T14:13:45+00:00","breadcrumb":{"@id":"https:\/\/jeaken.com\/sv\/produkt\/d-mannose-pulver-i-kapslar-forstarkt-med-tranbarsextrakt\/#breadcrumb"},"inLanguage":"sv-SE","potentialAction":[{"@type":"ReadAction","target":["https:\/\/jeaken.com\/sv\/produkt\/d-mannose-pulver-i-kapslar-forstarkt-med-tranbarsextrakt\/"]}]},{"@type":"ImageObject","inLanguage":"sv-SE","@id":"https:\/\/jeaken.com\/sv\/produkt\/d-mannose-pulver-i-kapslar-forstarkt-med-tranbarsextrakt\/#primaryimage","url":"https:\/\/jeaken.com\/wp-content\/uploads\/2022\/07\/Front-5.jpg","contentUrl":"https:\/\/jeaken.com\/wp-content\/uploads\/2022\/07\/Front-5.jpg","width":635,"height":744,"caption":"D-Mannose Powder in Capsules - Enhanced with Cranberry Extract"},{"@type":"BreadcrumbList","@id":"https:\/\/jeaken.com\/sv\/produkt\/d-mannose-pulver-i-kapslar-forstarkt-med-tranbarsextrakt\/#breadcrumb","itemListElement":[{"@type":"ListItem","position":1,"name":"Home","item":"https:\/\/jeaken.com\/sv\/"},{"@type":"ListItem","position":2,"name":"Private: Shop","item":"https:\/\/jeaken.com\/shop\/"},{"@type":"ListItem","position":3,"name":"D-Mannose Pulver i kapslar &#8211; f\u00f6rst\u00e4rkt med tranb\u00e4rsextrakt"}]},{"@type":"WebSite","@id":"https:\/\/jeaken.com\/sv\/#website","url":"https:\/\/jeaken.com\/sv\/","name":"JeaKen","description":"Organic Supplements for Health, Fitness and Nutrition","publisher":{"@id":"https:\/\/jeaken.com\/sv\/#organization"},"potentialAction":[{"@type":"SearchAction","target":{"@type":"EntryPoint","urlTemplate":"https:\/\/jeaken.com\/sv\/?s={search_term_string}"},"query-input":"required name=search_term_string"}],"inLanguage":"sv-SE"},{"@type":"Organization","@id":"https:\/\/jeaken.com\/sv\/#organization","name":"JeaKen","url":"https:\/\/jeaken.com\/sv\/","logo":{"@type":"ImageObject","inLanguage":"sv-SE","@id":"https:\/\/jeaken.com\/sv\/#\/schema\/logo\/image\/","url":"https:\/\/jeaken.com\/wp-content\/uploads\/2022\/06\/jeaken-logo-23.png","contentUrl":"https:\/\/jeaken.com\/wp-content\/uploads\/2022\/06\/jeaken-logo-23.png","width":2486,"height":736,"caption":"JeaKen"},"image":{"@id":"https:\/\/jeaken.com\/sv\/#\/schema\/logo\/image\/"}}]}},"jetpack_sharing_enabled":true,"_links":{"self":[{"href":"https:\/\/jeaken.com\/sv\/wp-json\/wp\/v2\/product\/6819","targetHints":{"allow":["GET"]}}],"collection":[{"href":"https:\/\/jeaken.com\/sv\/wp-json\/wp\/v2\/product"}],"about":[{"href":"https:\/\/jeaken.com\/sv\/wp-json\/wp\/v2\/types\/product"}],"wp:featuredmedia":[{"embeddable":true,"href":"https:\/\/jeaken.com\/sv\/wp-json\/wp\/v2\/media\/14761"}],"wp:attachment":[{"href":"https:\/\/jeaken.com\/sv\/wp-json\/wp\/v2\/media?parent=6819"}],"wp:term":[{"taxonomy":"product_cat","embeddable":true,"href":"https:\/\/jeaken.com\/sv\/wp-json\/wp\/v2\/product_cat?post=6819"},{"taxonomy":"product_tag","embeddable":true,"href":"https:\/\/jeaken.com\/sv\/wp-json\/wp\/v2\/product_tag?post=6819"}],"curies":[{"name":"wp","href":"https:\/\/api.w.org\/{rel}","templated":true}]}}