{"id":6804,"date":"2022-07-21T19:18:22","date_gmt":"2022-07-21T18:18:22","guid":{"rendered":"https:\/1658920591610?product=high-calorie-mass-gainer-4kg-advanced-high-calorie-protein-shake-med-glutamin-140g-per-portion"},"modified":"2022-08-09T14:42:34","modified_gmt":"2022-08-09T13:42:34","slug":"high-calorie-mass-gainer-4kg-advanced-high-calorie-protein-shake-med-glutamin-140g-per-portion","status":"publish","type":"product","link":"https:\/\/jeaken.com\/sv\/produkt\/high-calorie-mass-gainer-4kg-advanced-high-calorie-protein-shake-med-glutamin-140g-per-portion\/","title":{"rendered":"High Calorie Mass Gainer &#8211; 4Kg Advanced High Calorie Protein Shake med Glutamin -(140g per portion)"},"content":{"rendered":"<div class=\"a-cardui feature\" data-a-card-type=\"basic\" data-cel-widget=\"\">\n<div id=\"productDescription_feature_div\" class=\"a-section a-spacing-none\" data-feature-name=\"productDescription\" data-template-name=\"productDescription\">\n<div id=\"productDescription_fullView\">\n<div class=\"a-section a-spacing-large text-direction-override\" dir=\"auto\">\n<p><strong>\u00d6KAR VIKT\u00d6KNING OCH MUSKELMASSA<\/strong><\/p>\n<p>Vi vet vad som kr\u00e4vs f\u00f6r att f\u00e5 en snabb och h\u00e5llbar vikt\u00f6kning &#8211; ett stort kalori\u00f6verskott plus det protein och de n\u00e4rings\u00e4mnen som din kropp beh\u00f6ver f\u00f6r att bygga och v\u00e4xa! Med 517 kalorier per 2 skopor och 7 gram fibrer per portion ger denna kraftfulla produkt den ultimata massformeln f\u00f6r den sanna hard-gainer.<\/p>\n<p><strong>H\u00d6G HALT AV PROTEIN F\u00d6R MUSKELUPPBYGGNAD OCH REGENERERING<\/strong><\/p>\n<p><span class=\"a-list-item\">V\u00e5rt kraftfulla proteinisolatpulver inneh\u00e5ller 34 gram h\u00f6gkvalitativt protein per portion. N\u00e4r den anv\u00e4nds efter tr\u00e4ning kan den hj\u00e4lpa till att snabbt l\u00e4ka mikroslitningar i muskelv\u00e4vnaden, vilket p\u00e5skyndar \u00e5terh\u00e4mtningen, minskar muskel\u00f6mheten och leder till starkare och st\u00f6rre muskler med tiden.  <\/span>V\u00e5r unika formel s\u00e4kerst\u00e4ller att kroppen f\u00e5r en j\u00e4mn tillf\u00f6rsel av proteiner under en l\u00e4ngre tid f\u00f6r att underl\u00e4tta muskelregenerering.<\/p>\n<\/div>\n<div class=\"a-section a-spacing-large text-direction-override\" dir=\"auto\">\n<p><strong>L\u00c4CKER SMAK<\/strong><\/p>\n<p>Mass gainer \u00e4r gjord f\u00f6r att du ska njuta av den. Du vill ha en proteinshake som inneh\u00e5ller den r\u00e4tta n\u00e4ringen och de aktiva ingredienserna som du beh\u00f6ver f\u00f6r att g\u00e5 upp i vikt, men du vill ocks\u00e5 att den ska smaka bra. Denna produkt<span class=\"a-list-item\">  kan anv\u00e4ndas i smoothies, med havregryn eller i en pannkaksblandning. Proteinpulver beh\u00f6ver inte vara tr\u00e5kiga<\/span><\/p>\n<p><b>SNABBA RESULTAT<\/b><\/p>\n<p>Att uppn\u00e5 den perfekta kroppen beh\u00f6ver inte ta tid! Varje portion av v\u00e5r Mass Gainer har den optimala n\u00e4ringsprofilen f\u00f6r att ge br\u00e4nsle f\u00f6r snabb tillv\u00e4xt och vinster.<\/p>\n<p>&nbsp;<\/p>\n<\/div>\n<\/div>\n<\/div>\n<\/div>\n<div class=\"a-cardui feature\" data-a-card-type=\"basic\" data-cel-widget=\"\">\n<div id=\"featureBulletsAndDetailBullets_feature_div\" class=\"a-section a-spacing-none\" data-feature-name=\"featureBulletsAndDetailBullets\" data-template-name=\"featureBulletsAndDetailBullets\">\n<div id=\"featurebullets_secondary_view_div\" class=\"a-section\">\n<div id=\"feature-bullets\" class=\"a-section a-spacing-small\">\n<p>&nbsp;<\/p>\n<p>&nbsp;<\/p>\n<\/div>\n<\/div>\n<\/div>\n<\/div>\n","protected":false},"excerpt":{"rendered":"<h4>Muskeluppbyggnad och vikt\u00f6kning &#8211; 517 kcal &#8211; 85 g kolhydrater &#8211; 34 g h\u00f6gt proteininneh\u00e5ll &#8211; 7 g fibrer &#8211; 28 portioner<\/h4>\n<p>&nbsp;<\/p>\n","protected":false},"featured_media":2784,"template":"","meta":{"site-sidebar-layout":"default","site-content-layout":"default","ast-site-content-layout":"default","site-content-style":"default","site-sidebar-style":"default","ast-global-header-display":"","ast-banner-title-visibility":"","ast-main-header-display":"","ast-hfb-above-header-display":"","ast-hfb-below-header-display":"","ast-hfb-mobile-header-display":"","site-post-title":"","ast-breadcrumbs-content":"","ast-featured-img":"","footer-sml-layout":"","theme-transparent-header-meta":"default","adv-header-id-meta":"","stick-header-meta":"default","header-above-stick-meta":"","header-main-stick-meta":"","header-below-stick-meta":"","astra-migrate-meta-layouts":"default","ast-page-background-enabled":"default","ast-page-background-meta":{"desktop":{"background-color":"","background-image":"","background-repeat":"repeat","background-position":"center center","background-size":"auto","background-attachment":"scroll","background-type":"","background-media":"","overlay-type":"","overlay-color":"","overlay-opacity":"","overlay-gradient":""},"tablet":{"background-color":"","background-image":"","background-repeat":"repeat","background-position":"center center","background-size":"auto","background-attachment":"scroll","background-type":"","background-media":"","overlay-type":"","overlay-color":"","overlay-opacity":"","overlay-gradient":""},"mobile":{"background-color":"","background-image":"","background-repeat":"repeat","background-position":"center center","background-size":"auto","background-attachment":"scroll","background-type":"","background-media":"","overlay-type":"","overlay-color":"","overlay-opacity":"","overlay-gradient":""}},"ast-content-background-meta":{"desktop":{"background-color":"var(--ast-global-color-5)","background-image":"","background-repeat":"repeat","background-position":"center center","background-size":"auto","background-attachment":"scroll","background-type":"","background-media":"","overlay-type":"","overlay-color":"","overlay-opacity":"","overlay-gradient":""},"tablet":{"background-color":"var(--ast-global-color-5)","background-image":"","background-repeat":"repeat","background-position":"center center","background-size":"auto","background-attachment":"scroll","background-type":"","background-media":"","overlay-type":"","overlay-color":"","overlay-opacity":"","overlay-gradient":""},"mobile":{"background-color":"var(--ast-global-color-5)","background-image":"","background-repeat":"repeat","background-position":"center center","background-size":"auto","background-attachment":"scroll","background-type":"","background-media":"","overlay-type":"","overlay-color":"","overlay-opacity":"","overlay-gradient":""}}},"product_cat":[530,529],"product_tag":[],"class_list":{"0":"post-6804","1":"product","2":"type-product","3":"status-publish","4":"has-post-thumbnail","6":"product_cat-muskeluppbyggnad","7":"product_cat-naring-for-idrottsutovare","8":"has-subscription-plans","9":"desktop-align-left","10":"tablet-align-left","11":"mobile-align-left","13":"first","14":"instock","15":"taxable","16":"shipping-taxable","17":"purchasable","18":"product-type-simple"},"yoast_head":"<!-- This site is optimized with the Yoast SEO plugin v22.7 - https:\/\/yoast.com\/wordpress\/plugins\/seo\/ -->\n<title>High Calorie Mass Gainer - 4Kg Advanced High Calorie Protein Shake med Glutamin -(140g per portion) - JeaKen<\/title>\n<meta name=\"robots\" content=\"index, follow, max-snippet:-1, max-image-preview:large, max-video-preview:-1\" \/>\n<link rel=\"canonical\" href=\"https:\/\/jeaken.com\/sv\/produkt\/high-calorie-mass-gainer-4kg-advanced-high-calorie-protein-shake-med-glutamin-140g-per-portion\/\" \/>\n<meta property=\"og:locale\" content=\"sv_SE\" \/>\n<meta property=\"og:type\" content=\"article\" \/>\n<meta property=\"og:title\" content=\"High Calorie Mass Gainer - 4Kg Advanced High Calorie Protein Shake med Glutamin -(140g per portion) - JeaKen\" \/>\n<meta property=\"og:description\" content=\"Muskeluppbyggnad och vikt\u00f6kning - 517 kcal - 85 g kolhydrater - 34 g h\u00f6gt proteininneh\u00e5ll - 7 g fibrer - 28 portioner &nbsp;\" \/>\n<meta property=\"og:url\" content=\"https:\/\/jeaken.com\/sv\/produkt\/high-calorie-mass-gainer-4kg-advanced-high-calorie-protein-shake-med-glutamin-140g-per-portion\/\" \/>\n<meta property=\"og:site_name\" content=\"JeaKen\" \/>\n<meta property=\"article:modified_time\" content=\"2022-08-09T13:42:34+00:00\" \/>\n<meta property=\"og:image\" content=\"https:\/\/jeaken.com\/wp-content\/uploads\/2022\/07\/1.png\" \/>\n\t<meta property=\"og:image:width\" content=\"600\" \/>\n\t<meta property=\"og:image:height\" content=\"600\" \/>\n\t<meta property=\"og:image:type\" content=\"image\/png\" \/>\n<meta name=\"twitter:card\" content=\"summary_large_image\" \/>\n<meta name=\"twitter:label1\" content=\"Est. reading time\" \/>\n\t<meta name=\"twitter:data1\" content=\"1 minute\" \/>\n<script type=\"application\/ld+json\" class=\"yoast-schema-graph\">{\"@context\":\"https:\/\/schema.org\",\"@graph\":[{\"@type\":\"WebPage\",\"@id\":\"https:\/\/jeaken.com\/sv\/produkt\/high-calorie-mass-gainer-4kg-advanced-high-calorie-protein-shake-med-glutamin-140g-per-portion\/\",\"url\":\"https:\/\/jeaken.com\/sv\/produkt\/high-calorie-mass-gainer-4kg-advanced-high-calorie-protein-shake-med-glutamin-140g-per-portion\/\",\"name\":\"High Calorie Mass Gainer - 4Kg Advanced High Calorie Protein Shake med Glutamin -(140g per portion) - JeaKen\",\"isPartOf\":{\"@id\":\"https:\/\/jeaken.com\/sv\/#website\"},\"primaryImageOfPage\":{\"@id\":\"https:\/\/jeaken.com\/sv\/produkt\/high-calorie-mass-gainer-4kg-advanced-high-calorie-protein-shake-med-glutamin-140g-per-portion\/#primaryimage\"},\"image\":{\"@id\":\"https:\/\/jeaken.com\/sv\/produkt\/high-calorie-mass-gainer-4kg-advanced-high-calorie-protein-shake-med-glutamin-140g-per-portion\/#primaryimage\"},\"thumbnailUrl\":\"https:\/\/jeaken.com\/wp-content\/uploads\/2022\/07\/1.png\",\"datePublished\":\"2022-07-21T18:18:22+00:00\",\"dateModified\":\"2022-08-09T13:42:34+00:00\",\"breadcrumb\":{\"@id\":\"https:\/\/jeaken.com\/sv\/produkt\/high-calorie-mass-gainer-4kg-advanced-high-calorie-protein-shake-med-glutamin-140g-per-portion\/#breadcrumb\"},\"inLanguage\":\"sv-SE\",\"potentialAction\":[{\"@type\":\"ReadAction\",\"target\":[\"https:\/\/jeaken.com\/sv\/produkt\/high-calorie-mass-gainer-4kg-advanced-high-calorie-protein-shake-med-glutamin-140g-per-portion\/\"]}]},{\"@type\":\"ImageObject\",\"inLanguage\":\"sv-SE\",\"@id\":\"https:\/\/jeaken.com\/sv\/produkt\/high-calorie-mass-gainer-4kg-advanced-high-calorie-protein-shake-med-glutamin-140g-per-portion\/#primaryimage\",\"url\":\"https:\/\/jeaken.com\/wp-content\/uploads\/2022\/07\/1.png\",\"contentUrl\":\"https:\/\/jeaken.com\/wp-content\/uploads\/2022\/07\/1.png\",\"width\":600,\"height\":600,\"caption\":\"High Calorie Mass Gainer - 4Kg Advanced High Calorie Protein Shake with Glutamine )\"},{\"@type\":\"BreadcrumbList\",\"@id\":\"https:\/\/jeaken.com\/sv\/produkt\/high-calorie-mass-gainer-4kg-advanced-high-calorie-protein-shake-med-glutamin-140g-per-portion\/#breadcrumb\",\"itemListElement\":[{\"@type\":\"ListItem\",\"position\":1,\"name\":\"Home\",\"item\":\"https:\/\/jeaken.com\/sv\/\"},{\"@type\":\"ListItem\",\"position\":2,\"name\":\"Private: Shop\",\"item\":\"https:\/\/jeaken.com\/shop\/\"},{\"@type\":\"ListItem\",\"position\":3,\"name\":\"High Calorie Mass Gainer &#8211; 4Kg Advanced High Calorie Protein Shake med Glutamin -(140g per portion)\"}]},{\"@type\":\"WebSite\",\"@id\":\"https:\/\/jeaken.com\/sv\/#website\",\"url\":\"https:\/\/jeaken.com\/sv\/\",\"name\":\"JeaKen\",\"description\":\"Organic Supplements for Health, Fitness and Nutrition\",\"publisher\":{\"@id\":\"https:\/\/jeaken.com\/sv\/#organization\"},\"potentialAction\":[{\"@type\":\"SearchAction\",\"target\":{\"@type\":\"EntryPoint\",\"urlTemplate\":\"https:\/\/jeaken.com\/sv\/?s={search_term_string}\"},\"query-input\":\"required name=search_term_string\"}],\"inLanguage\":\"sv-SE\"},{\"@type\":\"Organization\",\"@id\":\"https:\/\/jeaken.com\/sv\/#organization\",\"name\":\"JeaKen\",\"url\":\"https:\/\/jeaken.com\/sv\/\",\"logo\":{\"@type\":\"ImageObject\",\"inLanguage\":\"sv-SE\",\"@id\":\"https:\/\/jeaken.com\/sv\/#\/schema\/logo\/image\/\",\"url\":\"https:\/\/jeaken.com\/wp-content\/uploads\/2022\/06\/jeaken-logo-23.png\",\"contentUrl\":\"https:\/\/jeaken.com\/wp-content\/uploads\/2022\/06\/jeaken-logo-23.png\",\"width\":2486,\"height\":736,\"caption\":\"JeaKen\"},\"image\":{\"@id\":\"https:\/\/jeaken.com\/sv\/#\/schema\/logo\/image\/\"}}]}<\/script>\n<!-- \/ Yoast SEO plugin. -->","yoast_head_json":{"title":"High Calorie Mass Gainer - 4Kg Advanced High Calorie Protein Shake med Glutamin -(140g per portion) - JeaKen","robots":{"index":"index","follow":"follow","max-snippet":"max-snippet:-1","max-image-preview":"max-image-preview:large","max-video-preview":"max-video-preview:-1"},"canonical":"https:\/\/jeaken.com\/sv\/produkt\/high-calorie-mass-gainer-4kg-advanced-high-calorie-protein-shake-med-glutamin-140g-per-portion\/","og_locale":"sv_SE","og_type":"article","og_title":"High Calorie Mass Gainer - 4Kg Advanced High Calorie Protein Shake med Glutamin -(140g per portion) - JeaKen","og_description":"Muskeluppbyggnad och vikt\u00f6kning - 517 kcal - 85 g kolhydrater - 34 g h\u00f6gt proteininneh\u00e5ll - 7 g fibrer - 28 portioner &nbsp;","og_url":"https:\/\/jeaken.com\/sv\/produkt\/high-calorie-mass-gainer-4kg-advanced-high-calorie-protein-shake-med-glutamin-140g-per-portion\/","og_site_name":"JeaKen","article_modified_time":"2022-08-09T13:42:34+00:00","og_image":[{"width":600,"height":600,"url":"https:\/\/jeaken.com\/wp-content\/uploads\/2022\/07\/1.png","type":"image\/png"}],"twitter_card":"summary_large_image","twitter_misc":{"Est. reading time":"1 minute"},"schema":{"@context":"https:\/\/schema.org","@graph":[{"@type":"WebPage","@id":"https:\/\/jeaken.com\/sv\/produkt\/high-calorie-mass-gainer-4kg-advanced-high-calorie-protein-shake-med-glutamin-140g-per-portion\/","url":"https:\/\/jeaken.com\/sv\/produkt\/high-calorie-mass-gainer-4kg-advanced-high-calorie-protein-shake-med-glutamin-140g-per-portion\/","name":"High Calorie Mass Gainer - 4Kg Advanced High Calorie Protein Shake med Glutamin -(140g per portion) - JeaKen","isPartOf":{"@id":"https:\/\/jeaken.com\/sv\/#website"},"primaryImageOfPage":{"@id":"https:\/\/jeaken.com\/sv\/produkt\/high-calorie-mass-gainer-4kg-advanced-high-calorie-protein-shake-med-glutamin-140g-per-portion\/#primaryimage"},"image":{"@id":"https:\/\/jeaken.com\/sv\/produkt\/high-calorie-mass-gainer-4kg-advanced-high-calorie-protein-shake-med-glutamin-140g-per-portion\/#primaryimage"},"thumbnailUrl":"https:\/\/jeaken.com\/wp-content\/uploads\/2022\/07\/1.png","datePublished":"2022-07-21T18:18:22+00:00","dateModified":"2022-08-09T13:42:34+00:00","breadcrumb":{"@id":"https:\/\/jeaken.com\/sv\/produkt\/high-calorie-mass-gainer-4kg-advanced-high-calorie-protein-shake-med-glutamin-140g-per-portion\/#breadcrumb"},"inLanguage":"sv-SE","potentialAction":[{"@type":"ReadAction","target":["https:\/\/jeaken.com\/sv\/produkt\/high-calorie-mass-gainer-4kg-advanced-high-calorie-protein-shake-med-glutamin-140g-per-portion\/"]}]},{"@type":"ImageObject","inLanguage":"sv-SE","@id":"https:\/\/jeaken.com\/sv\/produkt\/high-calorie-mass-gainer-4kg-advanced-high-calorie-protein-shake-med-glutamin-140g-per-portion\/#primaryimage","url":"https:\/\/jeaken.com\/wp-content\/uploads\/2022\/07\/1.png","contentUrl":"https:\/\/jeaken.com\/wp-content\/uploads\/2022\/07\/1.png","width":600,"height":600,"caption":"High Calorie Mass Gainer - 4Kg Advanced High Calorie Protein Shake with Glutamine )"},{"@type":"BreadcrumbList","@id":"https:\/\/jeaken.com\/sv\/produkt\/high-calorie-mass-gainer-4kg-advanced-high-calorie-protein-shake-med-glutamin-140g-per-portion\/#breadcrumb","itemListElement":[{"@type":"ListItem","position":1,"name":"Home","item":"https:\/\/jeaken.com\/sv\/"},{"@type":"ListItem","position":2,"name":"Private: Shop","item":"https:\/\/jeaken.com\/shop\/"},{"@type":"ListItem","position":3,"name":"High Calorie Mass Gainer &#8211; 4Kg Advanced High Calorie Protein Shake med Glutamin -(140g per portion)"}]},{"@type":"WebSite","@id":"https:\/\/jeaken.com\/sv\/#website","url":"https:\/\/jeaken.com\/sv\/","name":"JeaKen","description":"Organic Supplements for Health, Fitness and Nutrition","publisher":{"@id":"https:\/\/jeaken.com\/sv\/#organization"},"potentialAction":[{"@type":"SearchAction","target":{"@type":"EntryPoint","urlTemplate":"https:\/\/jeaken.com\/sv\/?s={search_term_string}"},"query-input":"required name=search_term_string"}],"inLanguage":"sv-SE"},{"@type":"Organization","@id":"https:\/\/jeaken.com\/sv\/#organization","name":"JeaKen","url":"https:\/\/jeaken.com\/sv\/","logo":{"@type":"ImageObject","inLanguage":"sv-SE","@id":"https:\/\/jeaken.com\/sv\/#\/schema\/logo\/image\/","url":"https:\/\/jeaken.com\/wp-content\/uploads\/2022\/06\/jeaken-logo-23.png","contentUrl":"https:\/\/jeaken.com\/wp-content\/uploads\/2022\/06\/jeaken-logo-23.png","width":2486,"height":736,"caption":"JeaKen"},"image":{"@id":"https:\/\/jeaken.com\/sv\/#\/schema\/logo\/image\/"}}]}},"jetpack_sharing_enabled":true,"_links":{"self":[{"href":"https:\/\/jeaken.com\/sv\/wp-json\/wp\/v2\/product\/6804","targetHints":{"allow":["GET"]}}],"collection":[{"href":"https:\/\/jeaken.com\/sv\/wp-json\/wp\/v2\/product"}],"about":[{"href":"https:\/\/jeaken.com\/sv\/wp-json\/wp\/v2\/types\/product"}],"wp:featuredmedia":[{"embeddable":true,"href":"https:\/\/jeaken.com\/sv\/wp-json\/wp\/v2\/media\/2784"}],"wp:attachment":[{"href":"https:\/\/jeaken.com\/sv\/wp-json\/wp\/v2\/media?parent=6804"}],"wp:term":[{"taxonomy":"product_cat","embeddable":true,"href":"https:\/\/jeaken.com\/sv\/wp-json\/wp\/v2\/product_cat?post=6804"},{"taxonomy":"product_tag","embeddable":true,"href":"https:\/\/jeaken.com\/sv\/wp-json\/wp\/v2\/product_tag?post=6804"}],"curies":[{"name":"wp","href":"https:\/\/api.w.org\/{rel}","templated":true}]}}