{"id":6803,"date":"2022-07-21T19:18:22","date_gmt":"2022-07-21T18:18:22","guid":{"rendered":"https:\/1658920591610?product=collagen-boosting-anti-wrinkle-face-cream-med-hyaluronsyra-aha-fruktsyra-och-vitamin-a-c-och-e-50ml"},"modified":"2022-08-09T14:42:34","modified_gmt":"2022-08-09T13:42:34","slug":"collagen-boosting-anti-wrinkle-face-cream-med-hyaluronsyra-aha-fruktsyra-och-vitamin-a-c-och-e-50ml","status":"publish","type":"product","link":"https:\/\/jeaken.com\/sv\/produkt\/collagen-boosting-anti-wrinkle-face-cream-med-hyaluronsyra-aha-fruktsyra-och-vitamin-a-c-och-e-50ml\/","title":{"rendered":"Collagen-Boosting Anti Wrinkle Face Cream med hyaluronsyra, AHA-fruktsyra och vitamin A, C och E. 50ml"},"content":{"rendered":"<p><strong>BERIKAD MED VITAMIN A, C, E, HYALURONSYRA OCH AHA-FRUKTSYRA<\/strong><\/p>\n<p><span style=\"font-weight: 400;\">Vitaminerna A, C och E \u00e4r en utm\u00e4rkt kombination f\u00f6r att motverka \u00e5ldrande. Kr\u00e4men \u00e4r rik p\u00e5 antioxidanter och hj\u00e4lper till att \u00f6ka kollagenproduktionen, vilket ger en stramare och fastare hud. Den hj\u00e4lper ocks\u00e5 till att minska synligheten av fina linjer och rynkor. Med tillsatt hyaluronsyra och AHA-fruktsyror kommer v\u00e5r vitamin ACE-fuktighetskr\u00e4m att lysa upp och \u00e5terfukta huden och l\u00e4mna den mjuk och silkeslen.<\/span><\/p>\n<p><strong>SNABB ABSORPTION<\/strong><\/p>\n<p><span style=\"font-weight: 400;\">V\u00e5r premium, l\u00e4tta ansiktskr\u00e4m mot rynkor ger snabbt fukt. Den \u00e4r utformad f\u00f6r att absorberas snabbt utan att l\u00e4mna en tung eller fet k\u00e4nsla p\u00e5 huden.<\/span><\/p>\n<p><strong>L\u00c4MPLIG F\u00d6R ALLA HUDTYPER<\/strong><\/p>\n<p><span style=\"font-weight: 400;\">V\u00e5r hudkr\u00e4m \u00e4r l\u00e4tt att applicera och passar alla hudtyper, \u00e4ven k\u00e4nslig hud. Den l\u00e4mnar din hud \u00e5terfuktad, mjuk och smidig och med en behaglig, fr\u00e4sch doft.<\/span><\/p>\n<p><strong>VEGANV\u00c4NLIG OCH GRYMTFRI  <\/strong><\/p>\n<p><span style=\"font-weight: 400;\">Med inspiration fr\u00e5n naturen anv\u00e4nder vi endast naturliga ingredienser av h\u00f6gsta kvalitet i v\u00e5ra hudv\u00e5rdsprodukter. Alla v\u00e5ra produkter \u00e4r 100 % veganv\u00e4nliga och grymmafria.<\/span><\/p>\n","protected":false},"excerpt":{"rendered":"<h4><span style=\"font-weight: 400;\">Snabbverkande, kraftfull anti-ageing-kr\u00e4m f\u00f6r alla hudtyper<\/span><\/h4>\n","protected":false},"featured_media":4855,"template":"","meta":{"site-sidebar-layout":"default","site-content-layout":"default","ast-site-content-layout":"default","site-content-style":"default","site-sidebar-style":"default","ast-global-header-display":"","ast-banner-title-visibility":"","ast-main-header-display":"","ast-hfb-above-header-display":"","ast-hfb-below-header-display":"","ast-hfb-mobile-header-display":"","site-post-title":"","ast-breadcrumbs-content":"","ast-featured-img":"","footer-sml-layout":"","theme-transparent-header-meta":"default","adv-header-id-meta":"","stick-header-meta":"default","header-above-stick-meta":"","header-main-stick-meta":"","header-below-stick-meta":"","astra-migrate-meta-layouts":"default","ast-page-background-enabled":"default","ast-page-background-meta":{"desktop":{"background-color":"","background-image":"","background-repeat":"repeat","background-position":"center center","background-size":"auto","background-attachment":"scroll","background-type":"","background-media":"","overlay-type":"","overlay-color":"","overlay-opacity":"","overlay-gradient":""},"tablet":{"background-color":"","background-image":"","background-repeat":"repeat","background-position":"center center","background-size":"auto","background-attachment":"scroll","background-type":"","background-media":"","overlay-type":"","overlay-color":"","overlay-opacity":"","overlay-gradient":""},"mobile":{"background-color":"","background-image":"","background-repeat":"repeat","background-position":"center center","background-size":"auto","background-attachment":"scroll","background-type":"","background-media":"","overlay-type":"","overlay-color":"","overlay-opacity":"","overlay-gradient":""}},"ast-content-background-meta":{"desktop":{"background-color":"var(--ast-global-color-5)","background-image":"","background-repeat":"repeat","background-position":"center center","background-size":"auto","background-attachment":"scroll","background-type":"","background-media":"","overlay-type":"","overlay-color":"","overlay-opacity":"","overlay-gradient":""},"tablet":{"background-color":"var(--ast-global-color-5)","background-image":"","background-repeat":"repeat","background-position":"center center","background-size":"auto","background-attachment":"scroll","background-type":"","background-media":"","overlay-type":"","overlay-color":"","overlay-opacity":"","overlay-gradient":""},"mobile":{"background-color":"var(--ast-global-color-5)","background-image":"","background-repeat":"repeat","background-position":"center center","background-size":"auto","background-attachment":"scroll","background-type":"","background-media":"","overlay-type":"","overlay-color":"","overlay-opacity":"","overlay-gradient":""}}},"product_cat":[554,515],"product_tag":[],"class_list":{"0":"post-6803","1":"product","2":"type-product","3":"status-publish","4":"has-post-thumbnail","6":"product_cat-anti-aging-sv","7":"product_cat-naturlig-skonhet","8":"has-subscription-plans","9":"desktop-align-left","10":"tablet-align-left","11":"mobile-align-left","13":"first","14":"instock","15":"taxable","16":"shipping-taxable","17":"purchasable","18":"product-type-simple"},"yoast_head":"<!-- This site is optimized with the Yoast SEO plugin v22.7 - https:\/\/yoast.com\/wordpress\/plugins\/seo\/ -->\n<title>Collagen-Boosting Anti Wrinkle Face Cream med hyaluronsyra, AHA-fruktsyra och vitamin A, C och E. 50ml - JeaKen<\/title>\n<meta name=\"robots\" content=\"index, follow, max-snippet:-1, max-image-preview:large, max-video-preview:-1\" \/>\n<link rel=\"canonical\" href=\"https:\/\/jeaken.com\/sv\/produkt\/collagen-boosting-anti-wrinkle-face-cream-med-hyaluronsyra-aha-fruktsyra-och-vitamin-a-c-och-e-50ml\/\" \/>\n<meta property=\"og:locale\" content=\"sv_SE\" \/>\n<meta property=\"og:type\" content=\"article\" \/>\n<meta property=\"og:title\" content=\"Collagen-Boosting Anti Wrinkle Face Cream med hyaluronsyra, AHA-fruktsyra och vitamin A, C och E. 50ml - JeaKen\" \/>\n<meta property=\"og:description\" content=\"Snabbverkande, kraftfull anti-ageing-kr\u00e4m f\u00f6r alla hudtyper\" \/>\n<meta property=\"og:url\" content=\"https:\/\/jeaken.com\/sv\/produkt\/collagen-boosting-anti-wrinkle-face-cream-med-hyaluronsyra-aha-fruktsyra-och-vitamin-a-c-och-e-50ml\/\" \/>\n<meta property=\"og:site_name\" content=\"JeaKen\" \/>\n<meta property=\"article:modified_time\" content=\"2022-08-09T13:42:34+00:00\" \/>\n<meta property=\"og:image\" content=\"https:\/\/jeaken.com\/wp-content\/uploads\/2022\/07\/81cdwEgUL._AC_SL1500_.jpg\" \/>\n\t<meta property=\"og:image:width\" content=\"600\" \/>\n\t<meta property=\"og:image:height\" content=\"600\" \/>\n\t<meta property=\"og:image:type\" content=\"image\/jpeg\" \/>\n<meta name=\"twitter:card\" content=\"summary_large_image\" \/>\n<meta name=\"twitter:label1\" content=\"Est. reading time\" \/>\n\t<meta name=\"twitter:data1\" content=\"1 minute\" \/>\n<script type=\"application\/ld+json\" class=\"yoast-schema-graph\">{\"@context\":\"https:\/\/schema.org\",\"@graph\":[{\"@type\":\"WebPage\",\"@id\":\"https:\/\/jeaken.com\/sv\/produkt\/collagen-boosting-anti-wrinkle-face-cream-med-hyaluronsyra-aha-fruktsyra-och-vitamin-a-c-och-e-50ml\/\",\"url\":\"https:\/\/jeaken.com\/sv\/produkt\/collagen-boosting-anti-wrinkle-face-cream-med-hyaluronsyra-aha-fruktsyra-och-vitamin-a-c-och-e-50ml\/\",\"name\":\"Collagen-Boosting Anti Wrinkle Face Cream med hyaluronsyra, AHA-fruktsyra och vitamin A, C och E. 50ml - JeaKen\",\"isPartOf\":{\"@id\":\"https:\/\/jeaken.com\/sv\/#website\"},\"primaryImageOfPage\":{\"@id\":\"https:\/\/jeaken.com\/sv\/produkt\/collagen-boosting-anti-wrinkle-face-cream-med-hyaluronsyra-aha-fruktsyra-och-vitamin-a-c-och-e-50ml\/#primaryimage\"},\"image\":{\"@id\":\"https:\/\/jeaken.com\/sv\/produkt\/collagen-boosting-anti-wrinkle-face-cream-med-hyaluronsyra-aha-fruktsyra-och-vitamin-a-c-och-e-50ml\/#primaryimage\"},\"thumbnailUrl\":\"https:\/\/jeaken.com\/wp-content\/uploads\/2022\/07\/81cdwEgUL._AC_SL1500_.jpg\",\"datePublished\":\"2022-07-21T18:18:22+00:00\",\"dateModified\":\"2022-08-09T13:42:34+00:00\",\"breadcrumb\":{\"@id\":\"https:\/\/jeaken.com\/sv\/produkt\/collagen-boosting-anti-wrinkle-face-cream-med-hyaluronsyra-aha-fruktsyra-och-vitamin-a-c-och-e-50ml\/#breadcrumb\"},\"inLanguage\":\"sv-SE\",\"potentialAction\":[{\"@type\":\"ReadAction\",\"target\":[\"https:\/\/jeaken.com\/sv\/produkt\/collagen-boosting-anti-wrinkle-face-cream-med-hyaluronsyra-aha-fruktsyra-och-vitamin-a-c-och-e-50ml\/\"]}]},{\"@type\":\"ImageObject\",\"inLanguage\":\"sv-SE\",\"@id\":\"https:\/\/jeaken.com\/sv\/produkt\/collagen-boosting-anti-wrinkle-face-cream-med-hyaluronsyra-aha-fruktsyra-och-vitamin-a-c-och-e-50ml\/#primaryimage\",\"url\":\"https:\/\/jeaken.com\/wp-content\/uploads\/2022\/07\/81cdwEgUL._AC_SL1500_.jpg\",\"contentUrl\":\"https:\/\/jeaken.com\/wp-content\/uploads\/2022\/07\/81cdwEgUL._AC_SL1500_.jpg\",\"width\":600,\"height\":600,\"caption\":\"Collagen-Boosting Anti Wrinkle Face Cream\"},{\"@type\":\"BreadcrumbList\",\"@id\":\"https:\/\/jeaken.com\/sv\/produkt\/collagen-boosting-anti-wrinkle-face-cream-med-hyaluronsyra-aha-fruktsyra-och-vitamin-a-c-och-e-50ml\/#breadcrumb\",\"itemListElement\":[{\"@type\":\"ListItem\",\"position\":1,\"name\":\"Home\",\"item\":\"https:\/\/jeaken.com\/sv\/\"},{\"@type\":\"ListItem\",\"position\":2,\"name\":\"Private: Shop\",\"item\":\"https:\/\/jeaken.com\/shop\/\"},{\"@type\":\"ListItem\",\"position\":3,\"name\":\"Collagen-Boosting Anti Wrinkle Face Cream med hyaluronsyra, AHA-fruktsyra och vitamin A, C och E. 50ml\"}]},{\"@type\":\"WebSite\",\"@id\":\"https:\/\/jeaken.com\/sv\/#website\",\"url\":\"https:\/\/jeaken.com\/sv\/\",\"name\":\"JeaKen\",\"description\":\"Organic Supplements for Health, Fitness and Nutrition\",\"publisher\":{\"@id\":\"https:\/\/jeaken.com\/sv\/#organization\"},\"potentialAction\":[{\"@type\":\"SearchAction\",\"target\":{\"@type\":\"EntryPoint\",\"urlTemplate\":\"https:\/\/jeaken.com\/sv\/?s={search_term_string}\"},\"query-input\":\"required name=search_term_string\"}],\"inLanguage\":\"sv-SE\"},{\"@type\":\"Organization\",\"@id\":\"https:\/\/jeaken.com\/sv\/#organization\",\"name\":\"JeaKen\",\"url\":\"https:\/\/jeaken.com\/sv\/\",\"logo\":{\"@type\":\"ImageObject\",\"inLanguage\":\"sv-SE\",\"@id\":\"https:\/\/jeaken.com\/sv\/#\/schema\/logo\/image\/\",\"url\":\"https:\/\/jeaken.com\/wp-content\/uploads\/2022\/06\/jeaken-logo-23.png\",\"contentUrl\":\"https:\/\/jeaken.com\/wp-content\/uploads\/2022\/06\/jeaken-logo-23.png\",\"width\":2486,\"height\":736,\"caption\":\"JeaKen\"},\"image\":{\"@id\":\"https:\/\/jeaken.com\/sv\/#\/schema\/logo\/image\/\"}}]}<\/script>\n<!-- \/ Yoast SEO plugin. -->","yoast_head_json":{"title":"Collagen-Boosting Anti Wrinkle Face Cream med hyaluronsyra, AHA-fruktsyra och vitamin A, C och E. 50ml - JeaKen","robots":{"index":"index","follow":"follow","max-snippet":"max-snippet:-1","max-image-preview":"max-image-preview:large","max-video-preview":"max-video-preview:-1"},"canonical":"https:\/\/jeaken.com\/sv\/produkt\/collagen-boosting-anti-wrinkle-face-cream-med-hyaluronsyra-aha-fruktsyra-och-vitamin-a-c-och-e-50ml\/","og_locale":"sv_SE","og_type":"article","og_title":"Collagen-Boosting Anti Wrinkle Face Cream med hyaluronsyra, AHA-fruktsyra och vitamin A, C och E. 50ml - JeaKen","og_description":"Snabbverkande, kraftfull anti-ageing-kr\u00e4m f\u00f6r alla hudtyper","og_url":"https:\/\/jeaken.com\/sv\/produkt\/collagen-boosting-anti-wrinkle-face-cream-med-hyaluronsyra-aha-fruktsyra-och-vitamin-a-c-och-e-50ml\/","og_site_name":"JeaKen","article_modified_time":"2022-08-09T13:42:34+00:00","og_image":[{"width":600,"height":600,"url":"https:\/\/jeaken.com\/wp-content\/uploads\/2022\/07\/81cdwEgUL._AC_SL1500_.jpg","type":"image\/jpeg"}],"twitter_card":"summary_large_image","twitter_misc":{"Est. reading time":"1 minute"},"schema":{"@context":"https:\/\/schema.org","@graph":[{"@type":"WebPage","@id":"https:\/\/jeaken.com\/sv\/produkt\/collagen-boosting-anti-wrinkle-face-cream-med-hyaluronsyra-aha-fruktsyra-och-vitamin-a-c-och-e-50ml\/","url":"https:\/\/jeaken.com\/sv\/produkt\/collagen-boosting-anti-wrinkle-face-cream-med-hyaluronsyra-aha-fruktsyra-och-vitamin-a-c-och-e-50ml\/","name":"Collagen-Boosting Anti Wrinkle Face Cream med hyaluronsyra, AHA-fruktsyra och vitamin A, C och E. 50ml - JeaKen","isPartOf":{"@id":"https:\/\/jeaken.com\/sv\/#website"},"primaryImageOfPage":{"@id":"https:\/\/jeaken.com\/sv\/produkt\/collagen-boosting-anti-wrinkle-face-cream-med-hyaluronsyra-aha-fruktsyra-och-vitamin-a-c-och-e-50ml\/#primaryimage"},"image":{"@id":"https:\/\/jeaken.com\/sv\/produkt\/collagen-boosting-anti-wrinkle-face-cream-med-hyaluronsyra-aha-fruktsyra-och-vitamin-a-c-och-e-50ml\/#primaryimage"},"thumbnailUrl":"https:\/\/jeaken.com\/wp-content\/uploads\/2022\/07\/81cdwEgUL._AC_SL1500_.jpg","datePublished":"2022-07-21T18:18:22+00:00","dateModified":"2022-08-09T13:42:34+00:00","breadcrumb":{"@id":"https:\/\/jeaken.com\/sv\/produkt\/collagen-boosting-anti-wrinkle-face-cream-med-hyaluronsyra-aha-fruktsyra-och-vitamin-a-c-och-e-50ml\/#breadcrumb"},"inLanguage":"sv-SE","potentialAction":[{"@type":"ReadAction","target":["https:\/\/jeaken.com\/sv\/produkt\/collagen-boosting-anti-wrinkle-face-cream-med-hyaluronsyra-aha-fruktsyra-och-vitamin-a-c-och-e-50ml\/"]}]},{"@type":"ImageObject","inLanguage":"sv-SE","@id":"https:\/\/jeaken.com\/sv\/produkt\/collagen-boosting-anti-wrinkle-face-cream-med-hyaluronsyra-aha-fruktsyra-och-vitamin-a-c-och-e-50ml\/#primaryimage","url":"https:\/\/jeaken.com\/wp-content\/uploads\/2022\/07\/81cdwEgUL._AC_SL1500_.jpg","contentUrl":"https:\/\/jeaken.com\/wp-content\/uploads\/2022\/07\/81cdwEgUL._AC_SL1500_.jpg","width":600,"height":600,"caption":"Collagen-Boosting Anti Wrinkle Face Cream"},{"@type":"BreadcrumbList","@id":"https:\/\/jeaken.com\/sv\/produkt\/collagen-boosting-anti-wrinkle-face-cream-med-hyaluronsyra-aha-fruktsyra-och-vitamin-a-c-och-e-50ml\/#breadcrumb","itemListElement":[{"@type":"ListItem","position":1,"name":"Home","item":"https:\/\/jeaken.com\/sv\/"},{"@type":"ListItem","position":2,"name":"Private: Shop","item":"https:\/\/jeaken.com\/shop\/"},{"@type":"ListItem","position":3,"name":"Collagen-Boosting Anti Wrinkle Face Cream med hyaluronsyra, AHA-fruktsyra och vitamin A, C och E. 50ml"}]},{"@type":"WebSite","@id":"https:\/\/jeaken.com\/sv\/#website","url":"https:\/\/jeaken.com\/sv\/","name":"JeaKen","description":"Organic Supplements for Health, Fitness and Nutrition","publisher":{"@id":"https:\/\/jeaken.com\/sv\/#organization"},"potentialAction":[{"@type":"SearchAction","target":{"@type":"EntryPoint","urlTemplate":"https:\/\/jeaken.com\/sv\/?s={search_term_string}"},"query-input":"required name=search_term_string"}],"inLanguage":"sv-SE"},{"@type":"Organization","@id":"https:\/\/jeaken.com\/sv\/#organization","name":"JeaKen","url":"https:\/\/jeaken.com\/sv\/","logo":{"@type":"ImageObject","inLanguage":"sv-SE","@id":"https:\/\/jeaken.com\/sv\/#\/schema\/logo\/image\/","url":"https:\/\/jeaken.com\/wp-content\/uploads\/2022\/06\/jeaken-logo-23.png","contentUrl":"https:\/\/jeaken.com\/wp-content\/uploads\/2022\/06\/jeaken-logo-23.png","width":2486,"height":736,"caption":"JeaKen"},"image":{"@id":"https:\/\/jeaken.com\/sv\/#\/schema\/logo\/image\/"}}]}},"jetpack_sharing_enabled":true,"_links":{"self":[{"href":"https:\/\/jeaken.com\/sv\/wp-json\/wp\/v2\/product\/6803","targetHints":{"allow":["GET"]}}],"collection":[{"href":"https:\/\/jeaken.com\/sv\/wp-json\/wp\/v2\/product"}],"about":[{"href":"https:\/\/jeaken.com\/sv\/wp-json\/wp\/v2\/types\/product"}],"wp:featuredmedia":[{"embeddable":true,"href":"https:\/\/jeaken.com\/sv\/wp-json\/wp\/v2\/media\/4855"}],"wp:attachment":[{"href":"https:\/\/jeaken.com\/sv\/wp-json\/wp\/v2\/media?parent=6803"}],"wp:term":[{"taxonomy":"product_cat","embeddable":true,"href":"https:\/\/jeaken.com\/sv\/wp-json\/wp\/v2\/product_cat?post=6803"},{"taxonomy":"product_tag","embeddable":true,"href":"https:\/\/jeaken.com\/sv\/wp-json\/wp\/v2\/product_tag?post=6803"}],"curies":[{"name":"wp","href":"https:\/\/api.w.org\/{rel}","templated":true}]}}