{"id":6782,"date":"2022-07-21T19:18:22","date_gmt":"2022-07-21T18:18:22","guid":{"rendered":"https:\/1658920591610?product=coenzyme-q10-natural-anti-ageing-lotion-for-mycket-torr-hud-50-ml-flaska"},"modified":"2022-08-09T14:41:56","modified_gmt":"2022-08-09T13:41:56","slug":"coenzyme-q10-natural-anti-ageing-lotion-for-mycket-torr-hud-50-ml-flaska","status":"publish","type":"product","link":"https:\/\/jeaken.com\/sv\/produkt\/coenzyme-q10-natural-anti-ageing-lotion-for-mycket-torr-hud-50-ml-flaska\/","title":{"rendered":"Coenzyme Q10 Natural Anti-Ageing Lotion f\u00f6r mycket torr hud. 50 ml flaska"},"content":{"rendered":"<p><strong><span class=\"a-list-item\">AVANCERAD ANTI-AGEING-FORMULA  <\/span><\/strong><\/p>\n<p><span class=\"a-list-item\">V\u00e5r lyxiga botaniska Q10 body lotion \u00e4r utformad f\u00f6r att h\u00e5lla rynkor och fina linjer borta. Coenzym Q10 \u00e4r k\u00e4nt f\u00f6r sina anti-ageing-egenskaper. Det \u00e4r en kraftfull antioxidant som f\u00f6rb\u00e4ttrar hudens utseende genom att stoppa cellf\u00f6rst\u00f6ring och underl\u00e4tta reparation av skadade celler.<\/span><\/p>\n<p><strong><span class=\"a-list-item\">LYFTER OCH LJUSAR UPP HUDEN  <\/span><\/strong><\/p>\n<p><span class=\"a-list-item\">Denna naturliga kroppslotion \u00e4r perfekt f\u00f6r att ge energi, skydda och stimulera huden, vilket i sin tur leder till ett yngre utseende. Den \u00e4r s\u00e5 kr\u00e4mig att endast en liten m\u00e4ngd beh\u00f6vs f\u00f6r att f\u00e5 en perfekt sl\u00e4t hud.<\/span><\/p>\n<p><strong><span class=\"a-list-item\">SNABBABSORBERANDE TONER  <\/span><\/strong><\/p>\n<p><span class=\"a-list-item\">Coenzyme Q10 Lotion \u00e4r en uppfriskande, snabbabsorberande toner som \u00e4r mild nog f\u00f6r alla hudtyper, men s\u00e4rskilt bra f\u00f6r dem med solskadad eller \u00e5ldrande hud.<\/span><\/p>\n<p><strong><span class=\"a-list-item\">NATURLIGA INGREDIENSER  <\/span><\/strong><\/p>\n<p><span class=\"a-list-item\">V\u00e5r Coenzyme Q10 Lotion \u00e4r veganv\u00e4nlig, paraben- och alkoholfri. De aktiva ingredienserna i v\u00e5r Coenzyme Q10 Lotion arbetar i synergi med din hud. Denna potenta kroppslotion \u00e4r tillverkad av naturbaserade ingredienser och \u00e4r en rival till de dyraste anti-ageing-lotionerna fr\u00e5n de stora m\u00e4rkena och kommer att framh\u00e4va din sk\u00f6nhet p\u00e5 ett naturligt s\u00e4tt.<\/span><\/p>\n<p>&nbsp;<\/p>\n","protected":false},"excerpt":{"rendered":"<h4 id=\"title\" class=\"a-size-large a-spacing-none\"><span id=\"productTitle\" class=\"a-size-large product-title-word-break\">En naturlig och \u00e5terfuktande formula f\u00f6r ljusare, sl\u00e4tare och yngre hud.<\/span><\/h4>\n<h4 class=\"a-size-large a-spacing-none\"><\/h4>\n","protected":false},"featured_media":5280,"template":"","meta":{"site-sidebar-layout":"default","site-content-layout":"default","ast-site-content-layout":"default","site-content-style":"default","site-sidebar-style":"default","ast-global-header-display":"","ast-banner-title-visibility":"","ast-main-header-display":"","ast-hfb-above-header-display":"","ast-hfb-below-header-display":"","ast-hfb-mobile-header-display":"","site-post-title":"","ast-breadcrumbs-content":"","ast-featured-img":"","footer-sml-layout":"","theme-transparent-header-meta":"default","adv-header-id-meta":"","stick-header-meta":"default","header-above-stick-meta":"","header-main-stick-meta":"","header-below-stick-meta":"","astra-migrate-meta-layouts":"default","ast-page-background-enabled":"default","ast-page-background-meta":{"desktop":{"background-color":"","background-image":"","background-repeat":"repeat","background-position":"center center","background-size":"auto","background-attachment":"scroll","background-type":"","background-media":"","overlay-type":"","overlay-color":"","overlay-opacity":"","overlay-gradient":""},"tablet":{"background-color":"","background-image":"","background-repeat":"repeat","background-position":"center center","background-size":"auto","background-attachment":"scroll","background-type":"","background-media":"","overlay-type":"","overlay-color":"","overlay-opacity":"","overlay-gradient":""},"mobile":{"background-color":"","background-image":"","background-repeat":"repeat","background-position":"center center","background-size":"auto","background-attachment":"scroll","background-type":"","background-media":"","overlay-type":"","overlay-color":"","overlay-opacity":"","overlay-gradient":""}},"ast-content-background-meta":{"desktop":{"background-color":"var(--ast-global-color-5)","background-image":"","background-repeat":"repeat","background-position":"center center","background-size":"auto","background-attachment":"scroll","background-type":"","background-media":"","overlay-type":"","overlay-color":"","overlay-opacity":"","overlay-gradient":""},"tablet":{"background-color":"var(--ast-global-color-5)","background-image":"","background-repeat":"repeat","background-position":"center center","background-size":"auto","background-attachment":"scroll","background-type":"","background-media":"","overlay-type":"","overlay-color":"","overlay-opacity":"","overlay-gradient":""},"mobile":{"background-color":"var(--ast-global-color-5)","background-image":"","background-repeat":"repeat","background-position":"center center","background-size":"auto","background-attachment":"scroll","background-type":"","background-media":"","overlay-type":"","overlay-color":"","overlay-opacity":"","overlay-gradient":""}}},"product_cat":[554,515,517],"product_tag":[],"class_list":{"0":"post-6782","1":"product","2":"type-product","3":"status-publish","4":"has-post-thumbnail","6":"product_cat-anti-aging-sv","7":"product_cat-naturlig-skonhet","8":"product_cat-strackmarken-och-celluliter","9":"has-subscription-plans","10":"desktop-align-left","11":"tablet-align-left","12":"mobile-align-left","14":"first","15":"instock","16":"taxable","17":"shipping-taxable","18":"purchasable","19":"product-type-simple"},"yoast_head":"<!-- This site is optimized with the Yoast SEO plugin v22.7 - https:\/\/yoast.com\/wordpress\/plugins\/seo\/ -->\n<title>Coenzyme Q10 Natural Anti-Ageing Lotion f\u00f6r mycket torr hud. 50 ml flaska - JeaKen<\/title>\n<meta name=\"robots\" content=\"index, follow, max-snippet:-1, max-image-preview:large, max-video-preview:-1\" \/>\n<link rel=\"canonical\" href=\"https:\/\/jeaken.com\/sv\/produkt\/coenzyme-q10-natural-anti-ageing-lotion-for-mycket-torr-hud-50-ml-flaska\/\" \/>\n<meta property=\"og:locale\" content=\"sv_SE\" \/>\n<meta property=\"og:type\" content=\"article\" \/>\n<meta property=\"og:title\" content=\"Coenzyme Q10 Natural Anti-Ageing Lotion f\u00f6r mycket torr hud. 50 ml flaska - JeaKen\" \/>\n<meta property=\"og:description\" content=\"En naturlig och \u00e5terfuktande formula f\u00f6r ljusare, sl\u00e4tare och yngre hud.\" \/>\n<meta property=\"og:url\" content=\"https:\/\/jeaken.com\/sv\/produkt\/coenzyme-q10-natural-anti-ageing-lotion-for-mycket-torr-hud-50-ml-flaska\/\" \/>\n<meta property=\"og:site_name\" content=\"JeaKen\" \/>\n<meta property=\"article:modified_time\" content=\"2022-08-09T13:41:56+00:00\" \/>\n<meta property=\"og:image\" content=\"https:\/\/jeaken.com\/wp-content\/uploads\/2022\/07\/81aPlWEAuWL._AC_SL1500_.jpg\" \/>\n\t<meta property=\"og:image:width\" content=\"600\" \/>\n\t<meta property=\"og:image:height\" content=\"600\" \/>\n\t<meta property=\"og:image:type\" content=\"image\/jpeg\" \/>\n<meta name=\"twitter:card\" content=\"summary_large_image\" \/>\n<meta name=\"twitter:label1\" content=\"Est. reading time\" \/>\n\t<meta name=\"twitter:data1\" content=\"1 minute\" \/>\n<script type=\"application\/ld+json\" class=\"yoast-schema-graph\">{\"@context\":\"https:\/\/schema.org\",\"@graph\":[{\"@type\":\"WebPage\",\"@id\":\"https:\/\/jeaken.com\/sv\/produkt\/coenzyme-q10-natural-anti-ageing-lotion-for-mycket-torr-hud-50-ml-flaska\/\",\"url\":\"https:\/\/jeaken.com\/sv\/produkt\/coenzyme-q10-natural-anti-ageing-lotion-for-mycket-torr-hud-50-ml-flaska\/\",\"name\":\"Coenzyme Q10 Natural Anti-Ageing Lotion f\u00f6r mycket torr hud. 50 ml flaska - JeaKen\",\"isPartOf\":{\"@id\":\"https:\/\/jeaken.com\/sv\/#website\"},\"primaryImageOfPage\":{\"@id\":\"https:\/\/jeaken.com\/sv\/produkt\/coenzyme-q10-natural-anti-ageing-lotion-for-mycket-torr-hud-50-ml-flaska\/#primaryimage\"},\"image\":{\"@id\":\"https:\/\/jeaken.com\/sv\/produkt\/coenzyme-q10-natural-anti-ageing-lotion-for-mycket-torr-hud-50-ml-flaska\/#primaryimage\"},\"thumbnailUrl\":\"https:\/\/jeaken.com\/wp-content\/uploads\/2022\/07\/81aPlWEAuWL._AC_SL1500_.jpg\",\"datePublished\":\"2022-07-21T18:18:22+00:00\",\"dateModified\":\"2022-08-09T13:41:56+00:00\",\"breadcrumb\":{\"@id\":\"https:\/\/jeaken.com\/sv\/produkt\/coenzyme-q10-natural-anti-ageing-lotion-for-mycket-torr-hud-50-ml-flaska\/#breadcrumb\"},\"inLanguage\":\"sv-SE\",\"potentialAction\":[{\"@type\":\"ReadAction\",\"target\":[\"https:\/\/jeaken.com\/sv\/produkt\/coenzyme-q10-natural-anti-ageing-lotion-for-mycket-torr-hud-50-ml-flaska\/\"]}]},{\"@type\":\"ImageObject\",\"inLanguage\":\"sv-SE\",\"@id\":\"https:\/\/jeaken.com\/sv\/produkt\/coenzyme-q10-natural-anti-ageing-lotion-for-mycket-torr-hud-50-ml-flaska\/#primaryimage\",\"url\":\"https:\/\/jeaken.com\/wp-content\/uploads\/2022\/07\/81aPlWEAuWL._AC_SL1500_.jpg\",\"contentUrl\":\"https:\/\/jeaken.com\/wp-content\/uploads\/2022\/07\/81aPlWEAuWL._AC_SL1500_.jpg\",\"width\":600,\"height\":600,\"caption\":\"Coenzyme Q10\"},{\"@type\":\"BreadcrumbList\",\"@id\":\"https:\/\/jeaken.com\/sv\/produkt\/coenzyme-q10-natural-anti-ageing-lotion-for-mycket-torr-hud-50-ml-flaska\/#breadcrumb\",\"itemListElement\":[{\"@type\":\"ListItem\",\"position\":1,\"name\":\"Home\",\"item\":\"https:\/\/jeaken.com\/sv\/\"},{\"@type\":\"ListItem\",\"position\":2,\"name\":\"Private: Shop\",\"item\":\"https:\/\/jeaken.com\/shop\/\"},{\"@type\":\"ListItem\",\"position\":3,\"name\":\"Coenzyme Q10 Natural Anti-Ageing Lotion f\u00f6r mycket torr hud. 50 ml flaska\"}]},{\"@type\":\"WebSite\",\"@id\":\"https:\/\/jeaken.com\/sv\/#website\",\"url\":\"https:\/\/jeaken.com\/sv\/\",\"name\":\"JeaKen\",\"description\":\"Organic Supplements for Health, Fitness and Nutrition\",\"publisher\":{\"@id\":\"https:\/\/jeaken.com\/sv\/#organization\"},\"potentialAction\":[{\"@type\":\"SearchAction\",\"target\":{\"@type\":\"EntryPoint\",\"urlTemplate\":\"https:\/\/jeaken.com\/sv\/?s={search_term_string}\"},\"query-input\":\"required name=search_term_string\"}],\"inLanguage\":\"sv-SE\"},{\"@type\":\"Organization\",\"@id\":\"https:\/\/jeaken.com\/sv\/#organization\",\"name\":\"JeaKen\",\"url\":\"https:\/\/jeaken.com\/sv\/\",\"logo\":{\"@type\":\"ImageObject\",\"inLanguage\":\"sv-SE\",\"@id\":\"https:\/\/jeaken.com\/sv\/#\/schema\/logo\/image\/\",\"url\":\"https:\/\/jeaken.com\/wp-content\/uploads\/2022\/06\/jeaken-logo-23.png\",\"contentUrl\":\"https:\/\/jeaken.com\/wp-content\/uploads\/2022\/06\/jeaken-logo-23.png\",\"width\":2486,\"height\":736,\"caption\":\"JeaKen\"},\"image\":{\"@id\":\"https:\/\/jeaken.com\/sv\/#\/schema\/logo\/image\/\"}}]}<\/script>\n<!-- \/ Yoast SEO plugin. -->","yoast_head_json":{"title":"Coenzyme Q10 Natural Anti-Ageing Lotion f\u00f6r mycket torr hud. 50 ml flaska - JeaKen","robots":{"index":"index","follow":"follow","max-snippet":"max-snippet:-1","max-image-preview":"max-image-preview:large","max-video-preview":"max-video-preview:-1"},"canonical":"https:\/\/jeaken.com\/sv\/produkt\/coenzyme-q10-natural-anti-ageing-lotion-for-mycket-torr-hud-50-ml-flaska\/","og_locale":"sv_SE","og_type":"article","og_title":"Coenzyme Q10 Natural Anti-Ageing Lotion f\u00f6r mycket torr hud. 50 ml flaska - JeaKen","og_description":"En naturlig och \u00e5terfuktande formula f\u00f6r ljusare, sl\u00e4tare och yngre hud.","og_url":"https:\/\/jeaken.com\/sv\/produkt\/coenzyme-q10-natural-anti-ageing-lotion-for-mycket-torr-hud-50-ml-flaska\/","og_site_name":"JeaKen","article_modified_time":"2022-08-09T13:41:56+00:00","og_image":[{"width":600,"height":600,"url":"https:\/\/jeaken.com\/wp-content\/uploads\/2022\/07\/81aPlWEAuWL._AC_SL1500_.jpg","type":"image\/jpeg"}],"twitter_card":"summary_large_image","twitter_misc":{"Est. reading time":"1 minute"},"schema":{"@context":"https:\/\/schema.org","@graph":[{"@type":"WebPage","@id":"https:\/\/jeaken.com\/sv\/produkt\/coenzyme-q10-natural-anti-ageing-lotion-for-mycket-torr-hud-50-ml-flaska\/","url":"https:\/\/jeaken.com\/sv\/produkt\/coenzyme-q10-natural-anti-ageing-lotion-for-mycket-torr-hud-50-ml-flaska\/","name":"Coenzyme Q10 Natural Anti-Ageing Lotion f\u00f6r mycket torr hud. 50 ml flaska - JeaKen","isPartOf":{"@id":"https:\/\/jeaken.com\/sv\/#website"},"primaryImageOfPage":{"@id":"https:\/\/jeaken.com\/sv\/produkt\/coenzyme-q10-natural-anti-ageing-lotion-for-mycket-torr-hud-50-ml-flaska\/#primaryimage"},"image":{"@id":"https:\/\/jeaken.com\/sv\/produkt\/coenzyme-q10-natural-anti-ageing-lotion-for-mycket-torr-hud-50-ml-flaska\/#primaryimage"},"thumbnailUrl":"https:\/\/jeaken.com\/wp-content\/uploads\/2022\/07\/81aPlWEAuWL._AC_SL1500_.jpg","datePublished":"2022-07-21T18:18:22+00:00","dateModified":"2022-08-09T13:41:56+00:00","breadcrumb":{"@id":"https:\/\/jeaken.com\/sv\/produkt\/coenzyme-q10-natural-anti-ageing-lotion-for-mycket-torr-hud-50-ml-flaska\/#breadcrumb"},"inLanguage":"sv-SE","potentialAction":[{"@type":"ReadAction","target":["https:\/\/jeaken.com\/sv\/produkt\/coenzyme-q10-natural-anti-ageing-lotion-for-mycket-torr-hud-50-ml-flaska\/"]}]},{"@type":"ImageObject","inLanguage":"sv-SE","@id":"https:\/\/jeaken.com\/sv\/produkt\/coenzyme-q10-natural-anti-ageing-lotion-for-mycket-torr-hud-50-ml-flaska\/#primaryimage","url":"https:\/\/jeaken.com\/wp-content\/uploads\/2022\/07\/81aPlWEAuWL._AC_SL1500_.jpg","contentUrl":"https:\/\/jeaken.com\/wp-content\/uploads\/2022\/07\/81aPlWEAuWL._AC_SL1500_.jpg","width":600,"height":600,"caption":"Coenzyme Q10"},{"@type":"BreadcrumbList","@id":"https:\/\/jeaken.com\/sv\/produkt\/coenzyme-q10-natural-anti-ageing-lotion-for-mycket-torr-hud-50-ml-flaska\/#breadcrumb","itemListElement":[{"@type":"ListItem","position":1,"name":"Home","item":"https:\/\/jeaken.com\/sv\/"},{"@type":"ListItem","position":2,"name":"Private: Shop","item":"https:\/\/jeaken.com\/shop\/"},{"@type":"ListItem","position":3,"name":"Coenzyme Q10 Natural Anti-Ageing Lotion f\u00f6r mycket torr hud. 50 ml flaska"}]},{"@type":"WebSite","@id":"https:\/\/jeaken.com\/sv\/#website","url":"https:\/\/jeaken.com\/sv\/","name":"JeaKen","description":"Organic Supplements for Health, Fitness and Nutrition","publisher":{"@id":"https:\/\/jeaken.com\/sv\/#organization"},"potentialAction":[{"@type":"SearchAction","target":{"@type":"EntryPoint","urlTemplate":"https:\/\/jeaken.com\/sv\/?s={search_term_string}"},"query-input":"required name=search_term_string"}],"inLanguage":"sv-SE"},{"@type":"Organization","@id":"https:\/\/jeaken.com\/sv\/#organization","name":"JeaKen","url":"https:\/\/jeaken.com\/sv\/","logo":{"@type":"ImageObject","inLanguage":"sv-SE","@id":"https:\/\/jeaken.com\/sv\/#\/schema\/logo\/image\/","url":"https:\/\/jeaken.com\/wp-content\/uploads\/2022\/06\/jeaken-logo-23.png","contentUrl":"https:\/\/jeaken.com\/wp-content\/uploads\/2022\/06\/jeaken-logo-23.png","width":2486,"height":736,"caption":"JeaKen"},"image":{"@id":"https:\/\/jeaken.com\/sv\/#\/schema\/logo\/image\/"}}]}},"jetpack_sharing_enabled":true,"_links":{"self":[{"href":"https:\/\/jeaken.com\/sv\/wp-json\/wp\/v2\/product\/6782","targetHints":{"allow":["GET"]}}],"collection":[{"href":"https:\/\/jeaken.com\/sv\/wp-json\/wp\/v2\/product"}],"about":[{"href":"https:\/\/jeaken.com\/sv\/wp-json\/wp\/v2\/types\/product"}],"wp:featuredmedia":[{"embeddable":true,"href":"https:\/\/jeaken.com\/sv\/wp-json\/wp\/v2\/media\/5280"}],"wp:attachment":[{"href":"https:\/\/jeaken.com\/sv\/wp-json\/wp\/v2\/media?parent=6782"}],"wp:term":[{"taxonomy":"product_cat","embeddable":true,"href":"https:\/\/jeaken.com\/sv\/wp-json\/wp\/v2\/product_cat?post=6782"},{"taxonomy":"product_tag","embeddable":true,"href":"https:\/\/jeaken.com\/sv\/wp-json\/wp\/v2\/product_tag?post=6782"}],"curies":[{"name":"wp","href":"https:\/\/api.w.org\/{rel}","templated":true}]}}