{"id":6779,"date":"2022-07-21T19:18:22","date_gmt":"2022-07-21T18:18:22","guid":{"rendered":"https:\/1658920591610?product=kapslar-av-lions-mane-mushroom-nootropics-supplement-for-forbattrad-kognitiv-funktion-och-immunforsvar-5000mg"},"modified":"2022-09-08T13:46:37","modified_gmt":"2022-09-08T12:46:37","slug":"kapslar-av-lojtnantsman-pilzsvamp","status":"publish","type":"product","link":"https:\/\/jeaken.com\/sv\/produkt\/kapslar-av-lojtnantsman-pilzsvamp\/","title":{"rendered":"Kapslar av Lion&#8217;s Mane Mushroom &#8211; Nootropics Supplement f\u00f6r f\u00f6rb\u00e4ttrad kognitiv funktion och immunf\u00f6rsvar. 5000mg."},"content":{"rendered":"<p><strong><span class=\"a-list-item a-size-base\">ST\u00d6DER KOGNITIV FUNKTION  <\/span><\/strong><\/p>\n<p><span class=\"a-list-item a-size-base\">  Lion&#8217;s Mane \u00e4r en bevisad hj\u00e4rnf\u00f6rst\u00e4rkare, vilket g\u00f6r det till ett popul\u00e4rt tillskott f\u00f6r dem som arbetar eller studerar. F\u00f6rutom att \u00f6ka ditt minne kan v\u00e5ra kapslar hj\u00e4lpa till att avl\u00e4gsna mental dimma och ge st\u00f6d till hj\u00e4rnan och nervsystemet.<\/span><\/p>\n<p><strong style=\"font-size: 16px;\"><br \/>\nUPPMUNTRAR TILL GOD H\u00c4LSA I LEDERNA<\/strong><\/p>\n<p><span style=\"font-size: 16px;\">V\u00e5ra bepr\u00f6vade kapslar \u00e4r effektiva n\u00e4r det g\u00e4ller att st\u00f6dja ledh\u00e4lsa och st\u00e4rka immunf\u00f6rsvaret.<\/span><\/p>\n<p>&nbsp;<\/p>\n<p><strong>F\u00d6RB\u00c4TTRAR DEN ANDLIGA H\u00c4LSAN<\/strong><\/p>\n<p>Reishi-extrakt \u00e4r k\u00e4nt f\u00f6r att hj\u00e4lpa till vid kroniska luftv\u00e4gsbesv\u00e4r.<\/p>\n<p>&nbsp;<\/p>\n<p><strong>REGLERAR HORMONER<\/strong><\/p>\n<p>V\u00e5ra kapslar \u00e4r mycket effektiva f\u00f6r att hj\u00e4lpa till att reglera hormonerna. Hormonbalans \u00e4r nyckeln till reglering av sensuella funktioner, hum\u00f6rreglering och mycket mer.<\/p>\n<p>&nbsp;<\/p>\n<p><strong>SVAMP 10:1 EXTRAKT<\/strong><\/p>\n<p>Svampar har en h\u00e5rd cellv\u00e4gg som best\u00e5r av kitin, vilket m\u00e4nniskor har sv\u00e5rt att sm\u00e4lta. Denna cellv\u00e4gg begr\u00e4nsar v\u00e5r tillg\u00e5ng till de viktiga medicinska f\u00f6reningar som ger svamparna deras fantastiska f\u00f6rdelar.<\/p>\n<p>&nbsp;<\/p>\n<p><strong>FYLLMEDEL UTAN SPANNM\u00c5L.<\/strong><\/p>\n<p>M\u00e5nga medicinska svampprodukter inneh\u00e5ller egentligen inga svampar. De tillverkas av svampens rotsystem, som kallas mycelium, och detta mycelium odlas p\u00e5 spannm\u00e5l som ris, havre och sorghum.<\/p>\n<p>&nbsp;<\/p>\n<p><strong>ST\u00d6DER KOGNITIV FUNKTION  <\/strong><\/p>\n<p><span style=\"font-weight: 400;\">Lion&#8217;s Mane \u00e4r en bevisad kognitiv f\u00f6rst\u00e4rkare som \u00e4r effektiv f\u00f6r att avl\u00e4gsna mental dimma och ge st\u00f6d till hj\u00e4rnan och nervsystemet.<\/span><\/p>\n<p>&nbsp;<\/p>\n<p><strong>ST\u00c4RKER IMMUNF\u00d6RSVARET  <\/strong><\/p>\n<p><span style=\"font-weight: 400;\">Lion&#8217;s Mane-svampen anses f\u00f6rb\u00e4ttra immunfunktionen och fr\u00e4mja tillv\u00e4xten av goda bakterier i tarmen.<\/span><\/p>\n<p>&nbsp;<\/p>\n<p><strong>HJ\u00c4LPER TILL ATT NATURLIGT BALANSERA HUM\u00d6RET  <\/strong><\/p>\n<p><span style=\"font-weight: 400;\">Forskning visar att Lion&#8217;s Mane-svamp kan bidra till ett lugnt och avslappnat hum\u00f6r. Den har ocks\u00e5 nervregenerativa egenskaper som kan bidra till god hj\u00e4rth\u00e4lsa.  <\/span><\/p>\n<p>&nbsp;<\/p>\n","protected":false},"excerpt":{"rendered":"<h4><strong>Effektivt kognitivt tillskott f\u00f6r b\u00e4ttre fokus och koncentration.  <\/strong><\/h4>\n","protected":false},"featured_media":16171,"template":"","meta":{"site-sidebar-layout":"default","site-content-layout":"default","ast-site-content-layout":"default","site-content-style":"default","site-sidebar-style":"default","ast-global-header-display":"","ast-banner-title-visibility":"","ast-main-header-display":"","ast-hfb-above-header-display":"","ast-hfb-below-header-display":"","ast-hfb-mobile-header-display":"","site-post-title":"","ast-breadcrumbs-content":"","ast-featured-img":"","footer-sml-layout":"","theme-transparent-header-meta":"default","adv-header-id-meta":"","stick-header-meta":"default","header-above-stick-meta":"","header-main-stick-meta":"","header-below-stick-meta":"","astra-migrate-meta-layouts":"default","ast-page-background-enabled":"default","ast-page-background-meta":{"desktop":{"background-color":"","background-image":"","background-repeat":"repeat","background-position":"center center","background-size":"auto","background-attachment":"scroll","background-type":"","background-media":"","overlay-type":"","overlay-color":"","overlay-opacity":"","overlay-gradient":""},"tablet":{"background-color":"","background-image":"","background-repeat":"repeat","background-position":"center center","background-size":"auto","background-attachment":"scroll","background-type":"","background-media":"","overlay-type":"","overlay-color":"","overlay-opacity":"","overlay-gradient":""},"mobile":{"background-color":"","background-image":"","background-repeat":"repeat","background-position":"center center","background-size":"auto","background-attachment":"scroll","background-type":"","background-media":"","overlay-type":"","overlay-color":"","overlay-opacity":"","overlay-gradient":""}},"ast-content-background-meta":{"desktop":{"background-color":"var(--ast-global-color-5)","background-image":"","background-repeat":"repeat","background-position":"center center","background-size":"auto","background-attachment":"scroll","background-type":"","background-media":"","overlay-type":"","overlay-color":"","overlay-opacity":"","overlay-gradient":""},"tablet":{"background-color":"var(--ast-global-color-5)","background-image":"","background-repeat":"repeat","background-position":"center center","background-size":"auto","background-attachment":"scroll","background-type":"","background-media":"","overlay-type":"","overlay-color":"","overlay-opacity":"","overlay-gradient":""},"mobile":{"background-color":"var(--ast-global-color-5)","background-image":"","background-repeat":"repeat","background-position":"center center","background-size":"auto","background-attachment":"scroll","background-type":"","background-media":"","overlay-type":"","overlay-color":"","overlay-opacity":"","overlay-gradient":""}}},"product_cat":[654,600,560,655],"product_tag":[],"class_list":{"0":"post-6779","1":"product","2":"type-product","3":"status-publish","4":"has-post-thumbnail","6":"product_cat-forstarkare-for-hjarnan","7":"product_cat-humor-och-valbefinnande","8":"product_cat-immunhalsa","9":"product_cat-kosttillskott","10":"has-subscription-plans","11":"desktop-align-left","12":"tablet-align-left","13":"mobile-align-left","15":"first","16":"instock","17":"sale","18":"taxable","19":"shipping-taxable","20":"purchasable","21":"product-type-simple"},"yoast_head":"<!-- This site is optimized with the Yoast SEO plugin v22.7 - https:\/\/yoast.com\/wordpress\/plugins\/seo\/ -->\n<title>Kapslar av Lion&#039;s Mane Mushroom - Nootropics Supplement f\u00f6r f\u00f6rb\u00e4ttrad kognitiv funktion och immunf\u00f6rsvar. 5000mg. - JeaKen<\/title>\n<meta name=\"robots\" content=\"index, follow, max-snippet:-1, max-image-preview:large, max-video-preview:-1\" \/>\n<link rel=\"canonical\" href=\"https:\/\/jeaken.com\/sv\/produkt\/kapslar-av-lojtnantsman-pilzsvamp\/\" \/>\n<meta property=\"og:locale\" content=\"sv_SE\" \/>\n<meta property=\"og:type\" content=\"article\" \/>\n<meta property=\"og:title\" content=\"Kapslar av Lion&#039;s Mane Mushroom - Nootropics Supplement f\u00f6r f\u00f6rb\u00e4ttrad kognitiv funktion och immunf\u00f6rsvar. 5000mg. - JeaKen\" \/>\n<meta property=\"og:description\" content=\"Effektivt kognitivt tillskott f\u00f6r b\u00e4ttre fokus och koncentration.\" \/>\n<meta property=\"og:url\" content=\"https:\/\/jeaken.com\/sv\/produkt\/kapslar-av-lojtnantsman-pilzsvamp\/\" \/>\n<meta property=\"og:site_name\" content=\"JeaKen\" \/>\n<meta property=\"article:modified_time\" content=\"2022-09-08T12:46:37+00:00\" \/>\n<meta property=\"og:image\" content=\"https:\/\/jeaken.com\/wp-content\/uploads\/2022\/07\/Lions-Mane.jpg\" \/>\n\t<meta property=\"og:image:width\" content=\"512\" \/>\n\t<meta property=\"og:image:height\" content=\"600\" \/>\n\t<meta property=\"og:image:type\" content=\"image\/jpeg\" \/>\n<meta name=\"twitter:card\" content=\"summary_large_image\" \/>\n<meta name=\"twitter:label1\" content=\"Est. reading time\" \/>\n\t<meta name=\"twitter:data1\" content=\"2 minutes\" \/>\n<script type=\"application\/ld+json\" class=\"yoast-schema-graph\">{\"@context\":\"https:\/\/schema.org\",\"@graph\":[{\"@type\":\"WebPage\",\"@id\":\"https:\/\/jeaken.com\/sv\/produkt\/kapslar-av-lojtnantsman-pilzsvamp\/\",\"url\":\"https:\/\/jeaken.com\/sv\/produkt\/kapslar-av-lojtnantsman-pilzsvamp\/\",\"name\":\"Kapslar av Lion's Mane Mushroom - Nootropics Supplement f\u00f6r f\u00f6rb\u00e4ttrad kognitiv funktion och immunf\u00f6rsvar. 5000mg. - JeaKen\",\"isPartOf\":{\"@id\":\"https:\/\/jeaken.com\/sv\/#website\"},\"primaryImageOfPage\":{\"@id\":\"https:\/\/jeaken.com\/sv\/produkt\/kapslar-av-lojtnantsman-pilzsvamp\/#primaryimage\"},\"image\":{\"@id\":\"https:\/\/jeaken.com\/sv\/produkt\/kapslar-av-lojtnantsman-pilzsvamp\/#primaryimage\"},\"thumbnailUrl\":\"https:\/\/jeaken.com\/wp-content\/uploads\/2022\/07\/Lions-Mane.jpg\",\"datePublished\":\"2022-07-21T18:18:22+00:00\",\"dateModified\":\"2022-09-08T12:46:37+00:00\",\"breadcrumb\":{\"@id\":\"https:\/\/jeaken.com\/sv\/produkt\/kapslar-av-lojtnantsman-pilzsvamp\/#breadcrumb\"},\"inLanguage\":\"sv-SE\",\"potentialAction\":[{\"@type\":\"ReadAction\",\"target\":[\"https:\/\/jeaken.com\/sv\/produkt\/kapslar-av-lojtnantsman-pilzsvamp\/\"]}]},{\"@type\":\"ImageObject\",\"inLanguage\":\"sv-SE\",\"@id\":\"https:\/\/jeaken.com\/sv\/produkt\/kapslar-av-lojtnantsman-pilzsvamp\/#primaryimage\",\"url\":\"https:\/\/jeaken.com\/wp-content\/uploads\/2022\/07\/Lions-Mane.jpg\",\"contentUrl\":\"https:\/\/jeaken.com\/wp-content\/uploads\/2022\/07\/Lions-Mane.jpg\",\"width\":512,\"height\":600,\"caption\":\"Lion\u2019s Mane\"},{\"@type\":\"BreadcrumbList\",\"@id\":\"https:\/\/jeaken.com\/sv\/produkt\/kapslar-av-lojtnantsman-pilzsvamp\/#breadcrumb\",\"itemListElement\":[{\"@type\":\"ListItem\",\"position\":1,\"name\":\"Home\",\"item\":\"https:\/\/jeaken.com\/sv\/\"},{\"@type\":\"ListItem\",\"position\":2,\"name\":\"Private: Shop\",\"item\":\"https:\/\/jeaken.com\/shop\/\"},{\"@type\":\"ListItem\",\"position\":3,\"name\":\"Kapslar av Lion&#8217;s Mane Mushroom &#8211; Nootropics Supplement f\u00f6r f\u00f6rb\u00e4ttrad kognitiv funktion och immunf\u00f6rsvar. 5000mg.\"}]},{\"@type\":\"WebSite\",\"@id\":\"https:\/\/jeaken.com\/sv\/#website\",\"url\":\"https:\/\/jeaken.com\/sv\/\",\"name\":\"JeaKen\",\"description\":\"Organic Supplements for Health, Fitness and Nutrition\",\"publisher\":{\"@id\":\"https:\/\/jeaken.com\/sv\/#organization\"},\"potentialAction\":[{\"@type\":\"SearchAction\",\"target\":{\"@type\":\"EntryPoint\",\"urlTemplate\":\"https:\/\/jeaken.com\/sv\/?s={search_term_string}\"},\"query-input\":\"required name=search_term_string\"}],\"inLanguage\":\"sv-SE\"},{\"@type\":\"Organization\",\"@id\":\"https:\/\/jeaken.com\/sv\/#organization\",\"name\":\"JeaKen\",\"url\":\"https:\/\/jeaken.com\/sv\/\",\"logo\":{\"@type\":\"ImageObject\",\"inLanguage\":\"sv-SE\",\"@id\":\"https:\/\/jeaken.com\/sv\/#\/schema\/logo\/image\/\",\"url\":\"https:\/\/jeaken.com\/wp-content\/uploads\/2022\/06\/jeaken-logo-23.png\",\"contentUrl\":\"https:\/\/jeaken.com\/wp-content\/uploads\/2022\/06\/jeaken-logo-23.png\",\"width\":2486,\"height\":736,\"caption\":\"JeaKen\"},\"image\":{\"@id\":\"https:\/\/jeaken.com\/sv\/#\/schema\/logo\/image\/\"}}]}<\/script>\n<!-- \/ Yoast SEO plugin. -->","yoast_head_json":{"title":"Kapslar av Lion's Mane Mushroom - Nootropics Supplement f\u00f6r f\u00f6rb\u00e4ttrad kognitiv funktion och immunf\u00f6rsvar. 5000mg. - JeaKen","robots":{"index":"index","follow":"follow","max-snippet":"max-snippet:-1","max-image-preview":"max-image-preview:large","max-video-preview":"max-video-preview:-1"},"canonical":"https:\/\/jeaken.com\/sv\/produkt\/kapslar-av-lojtnantsman-pilzsvamp\/","og_locale":"sv_SE","og_type":"article","og_title":"Kapslar av Lion's Mane Mushroom - Nootropics Supplement f\u00f6r f\u00f6rb\u00e4ttrad kognitiv funktion och immunf\u00f6rsvar. 5000mg. - JeaKen","og_description":"Effektivt kognitivt tillskott f\u00f6r b\u00e4ttre fokus och koncentration.","og_url":"https:\/\/jeaken.com\/sv\/produkt\/kapslar-av-lojtnantsman-pilzsvamp\/","og_site_name":"JeaKen","article_modified_time":"2022-09-08T12:46:37+00:00","og_image":[{"width":512,"height":600,"url":"https:\/\/jeaken.com\/wp-content\/uploads\/2022\/07\/Lions-Mane.jpg","type":"image\/jpeg"}],"twitter_card":"summary_large_image","twitter_misc":{"Est. reading time":"2 minutes"},"schema":{"@context":"https:\/\/schema.org","@graph":[{"@type":"WebPage","@id":"https:\/\/jeaken.com\/sv\/produkt\/kapslar-av-lojtnantsman-pilzsvamp\/","url":"https:\/\/jeaken.com\/sv\/produkt\/kapslar-av-lojtnantsman-pilzsvamp\/","name":"Kapslar av Lion's Mane Mushroom - Nootropics Supplement f\u00f6r f\u00f6rb\u00e4ttrad kognitiv funktion och immunf\u00f6rsvar. 5000mg. - JeaKen","isPartOf":{"@id":"https:\/\/jeaken.com\/sv\/#website"},"primaryImageOfPage":{"@id":"https:\/\/jeaken.com\/sv\/produkt\/kapslar-av-lojtnantsman-pilzsvamp\/#primaryimage"},"image":{"@id":"https:\/\/jeaken.com\/sv\/produkt\/kapslar-av-lojtnantsman-pilzsvamp\/#primaryimage"},"thumbnailUrl":"https:\/\/jeaken.com\/wp-content\/uploads\/2022\/07\/Lions-Mane.jpg","datePublished":"2022-07-21T18:18:22+00:00","dateModified":"2022-09-08T12:46:37+00:00","breadcrumb":{"@id":"https:\/\/jeaken.com\/sv\/produkt\/kapslar-av-lojtnantsman-pilzsvamp\/#breadcrumb"},"inLanguage":"sv-SE","potentialAction":[{"@type":"ReadAction","target":["https:\/\/jeaken.com\/sv\/produkt\/kapslar-av-lojtnantsman-pilzsvamp\/"]}]},{"@type":"ImageObject","inLanguage":"sv-SE","@id":"https:\/\/jeaken.com\/sv\/produkt\/kapslar-av-lojtnantsman-pilzsvamp\/#primaryimage","url":"https:\/\/jeaken.com\/wp-content\/uploads\/2022\/07\/Lions-Mane.jpg","contentUrl":"https:\/\/jeaken.com\/wp-content\/uploads\/2022\/07\/Lions-Mane.jpg","width":512,"height":600,"caption":"Lion\u2019s Mane"},{"@type":"BreadcrumbList","@id":"https:\/\/jeaken.com\/sv\/produkt\/kapslar-av-lojtnantsman-pilzsvamp\/#breadcrumb","itemListElement":[{"@type":"ListItem","position":1,"name":"Home","item":"https:\/\/jeaken.com\/sv\/"},{"@type":"ListItem","position":2,"name":"Private: Shop","item":"https:\/\/jeaken.com\/shop\/"},{"@type":"ListItem","position":3,"name":"Kapslar av Lion&#8217;s Mane Mushroom &#8211; Nootropics Supplement f\u00f6r f\u00f6rb\u00e4ttrad kognitiv funktion och immunf\u00f6rsvar. 5000mg."}]},{"@type":"WebSite","@id":"https:\/\/jeaken.com\/sv\/#website","url":"https:\/\/jeaken.com\/sv\/","name":"JeaKen","description":"Organic Supplements for Health, Fitness and Nutrition","publisher":{"@id":"https:\/\/jeaken.com\/sv\/#organization"},"potentialAction":[{"@type":"SearchAction","target":{"@type":"EntryPoint","urlTemplate":"https:\/\/jeaken.com\/sv\/?s={search_term_string}"},"query-input":"required name=search_term_string"}],"inLanguage":"sv-SE"},{"@type":"Organization","@id":"https:\/\/jeaken.com\/sv\/#organization","name":"JeaKen","url":"https:\/\/jeaken.com\/sv\/","logo":{"@type":"ImageObject","inLanguage":"sv-SE","@id":"https:\/\/jeaken.com\/sv\/#\/schema\/logo\/image\/","url":"https:\/\/jeaken.com\/wp-content\/uploads\/2022\/06\/jeaken-logo-23.png","contentUrl":"https:\/\/jeaken.com\/wp-content\/uploads\/2022\/06\/jeaken-logo-23.png","width":2486,"height":736,"caption":"JeaKen"},"image":{"@id":"https:\/\/jeaken.com\/sv\/#\/schema\/logo\/image\/"}}]}},"jetpack_sharing_enabled":true,"_links":{"self":[{"href":"https:\/\/jeaken.com\/sv\/wp-json\/wp\/v2\/product\/6779","targetHints":{"allow":["GET"]}}],"collection":[{"href":"https:\/\/jeaken.com\/sv\/wp-json\/wp\/v2\/product"}],"about":[{"href":"https:\/\/jeaken.com\/sv\/wp-json\/wp\/v2\/types\/product"}],"wp:featuredmedia":[{"embeddable":true,"href":"https:\/\/jeaken.com\/sv\/wp-json\/wp\/v2\/media\/16171"}],"wp:attachment":[{"href":"https:\/\/jeaken.com\/sv\/wp-json\/wp\/v2\/media?parent=6779"}],"wp:term":[{"taxonomy":"product_cat","embeddable":true,"href":"https:\/\/jeaken.com\/sv\/wp-json\/wp\/v2\/product_cat?post=6779"},{"taxonomy":"product_tag","embeddable":true,"href":"https:\/\/jeaken.com\/sv\/wp-json\/wp\/v2\/product_tag?post=6779"}],"curies":[{"name":"wp","href":"https:\/\/api.w.org\/{rel}","templated":true}]}}