{"id":6778,"date":"2022-07-21T19:18:22","date_gmt":"2022-07-21T18:18:22","guid":{"rendered":"https:\/1658920591610?product=unikt-pre-workout-tillskott-med-citrullin-kreatin-koffein-beta-alanin-och-aakg-500g"},"modified":"2022-08-09T14:41:55","modified_gmt":"2022-08-09T13:41:55","slug":"unikt-pre-workout-tillskott-med-citrullin-kreatin-koffein-beta-alanin-och-aakg-500g","status":"publish","type":"product","link":"https:\/\/jeaken.com\/sv\/produkt\/unikt-pre-workout-tillskott-med-citrullin-kreatin-koffein-beta-alanin-och-aakg-500g\/","title":{"rendered":"Unikt Pre-Workout-tillskott med citrullin kreatin, koffein beta-alanin och AAKG. 500g"},"content":{"rendered":"<p><strong><span class=\"a-list-item\">ST\u00d6DER EXPLOSIV ENERGI  <\/span><\/strong><\/p>\n<p><span class=\"a-list-item\">Detta kraftfulla tillskott erbjuder en unik blandning av BCAA, kreatin, citrullinmalat, beta-alanin, AAKG, koffein, vitamin B6 och mycket mer f\u00f6r att hj\u00e4lpa din kropp att tr\u00e4na p\u00e5 h\u00f6gsta niv\u00e5, \u00f6ka den fysiska prestandan och minska tr\u00f6ttheten.<\/span><\/p>\n<p><strong><span class=\"a-list-item\">UPPMUNTRAR TILL L\u00c4NGRE VARAKTIGA PUMPAR  <\/span><\/strong><\/p>\n<p><span class=\"a-list-item\">V\u00e5r resultatbepr\u00f6vade formel \u00e4r skapad med L-citrullin ist\u00e4llet f\u00f6r L-arginin f\u00f6r intensiva, l\u00e5ngvariga muskelpumpar. L-Citrullin har visat sig n\u00e5 h\u00f6gre toppniv\u00e5er av arginin i plasma j\u00e4mf\u00f6rt med en st\u00f6rre dos L-arginin.<\/span><\/p>\n<p><strong><span class=\"a-list-item\">F\u00d6RST\u00c4RKER STYRKA OCH PRESTANDA  <\/span><\/strong><\/p>\n<p><span class=\"a-list-item\">Ett mycket potent och unikt kreatin, Tri-Creatine Malate, har inf\u00f6rlivats i denna formel f\u00f6r att f\u00f6rst\u00e4rka vinster i storlek och styrka. Det inneb\u00e4r l\u00e4ngre och effektivare tr\u00e4ningspass.<\/span><\/p>\n<p><strong><span class=\"a-list-item\">ENKELT OCH BEKV\u00c4MT TR\u00c4NINGSPULVER  <\/span><\/strong><\/p>\n<p><span class=\"a-list-item\">V\u00e5rt Pre-Workout Powder \u00e4r en v\u00e4lsmakande formel som \u00e4r l\u00e4tt och smidig att anv\u00e4nda. Ta den bara 30 minuter f\u00f6re tr\u00e4ning och erfarenhet och se resultaten sj\u00e4lv.  <\/span><\/p>\n<p>&nbsp;<\/p>\n","protected":false},"excerpt":{"rendered":"<h4>St\u00f6vlar Resultat. F\u00f6rst\u00e4rker vinsterna. F\u00f6rb\u00e4ttrar prestationen.<\/h4>\n","protected":false},"featured_media":2749,"template":"","meta":{"site-sidebar-layout":"default","site-content-layout":"default","ast-site-content-layout":"default","site-content-style":"default","site-sidebar-style":"default","ast-global-header-display":"","ast-banner-title-visibility":"","ast-main-header-display":"","ast-hfb-above-header-display":"","ast-hfb-below-header-display":"","ast-hfb-mobile-header-display":"","site-post-title":"","ast-breadcrumbs-content":"","ast-featured-img":"","footer-sml-layout":"","theme-transparent-header-meta":"default","adv-header-id-meta":"","stick-header-meta":"default","header-above-stick-meta":"","header-main-stick-meta":"","header-below-stick-meta":"","astra-migrate-meta-layouts":"default","ast-page-background-enabled":"default","ast-page-background-meta":{"desktop":{"background-color":"","background-image":"","background-repeat":"repeat","background-position":"center center","background-size":"auto","background-attachment":"scroll","background-type":"","background-media":"","overlay-type":"","overlay-color":"","overlay-opacity":"","overlay-gradient":""},"tablet":{"background-color":"","background-image":"","background-repeat":"repeat","background-position":"center center","background-size":"auto","background-attachment":"scroll","background-type":"","background-media":"","overlay-type":"","overlay-color":"","overlay-opacity":"","overlay-gradient":""},"mobile":{"background-color":"","background-image":"","background-repeat":"repeat","background-position":"center center","background-size":"auto","background-attachment":"scroll","background-type":"","background-media":"","overlay-type":"","overlay-color":"","overlay-opacity":"","overlay-gradient":""}},"ast-content-background-meta":{"desktop":{"background-color":"var(--ast-global-color-5)","background-image":"","background-repeat":"repeat","background-position":"center center","background-size":"auto","background-attachment":"scroll","background-type":"","background-media":"","overlay-type":"","overlay-color":"","overlay-opacity":"","overlay-gradient":""},"tablet":{"background-color":"var(--ast-global-color-5)","background-image":"","background-repeat":"repeat","background-position":"center center","background-size":"auto","background-attachment":"scroll","background-type":"","background-media":"","overlay-type":"","overlay-color":"","overlay-opacity":"","overlay-gradient":""},"mobile":{"background-color":"var(--ast-global-color-5)","background-image":"","background-repeat":"repeat","background-position":"center center","background-size":"auto","background-attachment":"scroll","background-type":"","background-media":"","overlay-type":"","overlay-color":"","overlay-opacity":"","overlay-gradient":""}}},"product_cat":[530,529],"product_tag":[],"class_list":{"0":"post-6778","1":"product","2":"type-product","3":"status-publish","4":"has-post-thumbnail","6":"product_cat-muskeluppbyggnad","7":"product_cat-naring-for-idrottsutovare","8":"has-subscription-plans","9":"desktop-align-left","10":"tablet-align-left","11":"mobile-align-left","13":"first","14":"instock","15":"taxable","16":"shipping-taxable","17":"purchasable","18":"product-type-simple"},"yoast_head":"<!-- This site is optimized with the Yoast SEO plugin v22.7 - https:\/\/yoast.com\/wordpress\/plugins\/seo\/ -->\n<title>Unikt Pre-Workout-tillskott med citrullin kreatin, koffein beta-alanin och AAKG. 500g - JeaKen<\/title>\n<meta name=\"robots\" content=\"index, follow, max-snippet:-1, max-image-preview:large, max-video-preview:-1\" \/>\n<link rel=\"canonical\" href=\"https:\/\/jeaken.com\/sv\/produkt\/unikt-pre-workout-tillskott-med-citrullin-kreatin-koffein-beta-alanin-och-aakg-500g\/\" \/>\n<meta property=\"og:locale\" content=\"sv_SE\" \/>\n<meta property=\"og:type\" content=\"article\" \/>\n<meta property=\"og:title\" content=\"Unikt Pre-Workout-tillskott med citrullin kreatin, koffein beta-alanin och AAKG. 500g - JeaKen\" \/>\n<meta property=\"og:description\" content=\"St\u00f6vlar Resultat. F\u00f6rst\u00e4rker vinsterna. F\u00f6rb\u00e4ttrar prestationen.\" \/>\n<meta property=\"og:url\" content=\"https:\/\/jeaken.com\/sv\/produkt\/unikt-pre-workout-tillskott-med-citrullin-kreatin-koffein-beta-alanin-och-aakg-500g\/\" \/>\n<meta property=\"og:site_name\" content=\"JeaKen\" \/>\n<meta property=\"article:modified_time\" content=\"2022-08-09T13:41:55+00:00\" \/>\n<meta property=\"og:image\" content=\"https:\/\/jeaken.com\/wp-content\/uploads\/2022\/07\/81qFu636vqL._AC_SL1500_.jpg\" \/>\n\t<meta property=\"og:image:width\" content=\"600\" \/>\n\t<meta property=\"og:image:height\" content=\"600\" \/>\n\t<meta property=\"og:image:type\" content=\"image\/jpeg\" \/>\n<meta name=\"twitter:card\" content=\"summary_large_image\" \/>\n<meta name=\"twitter:label1\" content=\"Est. reading time\" \/>\n\t<meta name=\"twitter:data1\" content=\"1 minute\" \/>\n<script type=\"application\/ld+json\" class=\"yoast-schema-graph\">{\"@context\":\"https:\/\/schema.org\",\"@graph\":[{\"@type\":\"WebPage\",\"@id\":\"https:\/\/jeaken.com\/sv\/produkt\/unikt-pre-workout-tillskott-med-citrullin-kreatin-koffein-beta-alanin-och-aakg-500g\/\",\"url\":\"https:\/\/jeaken.com\/sv\/produkt\/unikt-pre-workout-tillskott-med-citrullin-kreatin-koffein-beta-alanin-och-aakg-500g\/\",\"name\":\"Unikt Pre-Workout-tillskott med citrullin kreatin, koffein beta-alanin och AAKG. 500g - JeaKen\",\"isPartOf\":{\"@id\":\"https:\/\/jeaken.com\/sv\/#website\"},\"primaryImageOfPage\":{\"@id\":\"https:\/\/jeaken.com\/sv\/produkt\/unikt-pre-workout-tillskott-med-citrullin-kreatin-koffein-beta-alanin-och-aakg-500g\/#primaryimage\"},\"image\":{\"@id\":\"https:\/\/jeaken.com\/sv\/produkt\/unikt-pre-workout-tillskott-med-citrullin-kreatin-koffein-beta-alanin-och-aakg-500g\/#primaryimage\"},\"thumbnailUrl\":\"https:\/\/jeaken.com\/wp-content\/uploads\/2022\/07\/81qFu636vqL._AC_SL1500_.jpg\",\"datePublished\":\"2022-07-21T18:18:22+00:00\",\"dateModified\":\"2022-08-09T13:41:55+00:00\",\"breadcrumb\":{\"@id\":\"https:\/\/jeaken.com\/sv\/produkt\/unikt-pre-workout-tillskott-med-citrullin-kreatin-koffein-beta-alanin-och-aakg-500g\/#breadcrumb\"},\"inLanguage\":\"sv-SE\",\"potentialAction\":[{\"@type\":\"ReadAction\",\"target\":[\"https:\/\/jeaken.com\/sv\/produkt\/unikt-pre-workout-tillskott-med-citrullin-kreatin-koffein-beta-alanin-och-aakg-500g\/\"]}]},{\"@type\":\"ImageObject\",\"inLanguage\":\"sv-SE\",\"@id\":\"https:\/\/jeaken.com\/sv\/produkt\/unikt-pre-workout-tillskott-med-citrullin-kreatin-koffein-beta-alanin-och-aakg-500g\/#primaryimage\",\"url\":\"https:\/\/jeaken.com\/wp-content\/uploads\/2022\/07\/81qFu636vqL._AC_SL1500_.jpg\",\"contentUrl\":\"https:\/\/jeaken.com\/wp-content\/uploads\/2022\/07\/81qFu636vqL._AC_SL1500_.jpg\",\"width\":600,\"height\":600,\"caption\":\"Unique Pre-Workout Supplement with Citrulline Creatine, Caffeine Beta-Alanine and AAKG. 500g\"},{\"@type\":\"BreadcrumbList\",\"@id\":\"https:\/\/jeaken.com\/sv\/produkt\/unikt-pre-workout-tillskott-med-citrullin-kreatin-koffein-beta-alanin-och-aakg-500g\/#breadcrumb\",\"itemListElement\":[{\"@type\":\"ListItem\",\"position\":1,\"name\":\"Home\",\"item\":\"https:\/\/jeaken.com\/sv\/\"},{\"@type\":\"ListItem\",\"position\":2,\"name\":\"Private: Shop\",\"item\":\"https:\/\/jeaken.com\/shop\/\"},{\"@type\":\"ListItem\",\"position\":3,\"name\":\"Unikt Pre-Workout-tillskott med citrullin kreatin, koffein beta-alanin och AAKG. 500g\"}]},{\"@type\":\"WebSite\",\"@id\":\"https:\/\/jeaken.com\/sv\/#website\",\"url\":\"https:\/\/jeaken.com\/sv\/\",\"name\":\"JeaKen\",\"description\":\"Organic Supplements for Health, Fitness and Nutrition\",\"publisher\":{\"@id\":\"https:\/\/jeaken.com\/sv\/#organization\"},\"potentialAction\":[{\"@type\":\"SearchAction\",\"target\":{\"@type\":\"EntryPoint\",\"urlTemplate\":\"https:\/\/jeaken.com\/sv\/?s={search_term_string}\"},\"query-input\":\"required name=search_term_string\"}],\"inLanguage\":\"sv-SE\"},{\"@type\":\"Organization\",\"@id\":\"https:\/\/jeaken.com\/sv\/#organization\",\"name\":\"JeaKen\",\"url\":\"https:\/\/jeaken.com\/sv\/\",\"logo\":{\"@type\":\"ImageObject\",\"inLanguage\":\"sv-SE\",\"@id\":\"https:\/\/jeaken.com\/sv\/#\/schema\/logo\/image\/\",\"url\":\"https:\/\/jeaken.com\/wp-content\/uploads\/2022\/06\/jeaken-logo-23.png\",\"contentUrl\":\"https:\/\/jeaken.com\/wp-content\/uploads\/2022\/06\/jeaken-logo-23.png\",\"width\":2486,\"height\":736,\"caption\":\"JeaKen\"},\"image\":{\"@id\":\"https:\/\/jeaken.com\/sv\/#\/schema\/logo\/image\/\"}}]}<\/script>\n<!-- \/ Yoast SEO plugin. -->","yoast_head_json":{"title":"Unikt Pre-Workout-tillskott med citrullin kreatin, koffein beta-alanin och AAKG. 500g - JeaKen","robots":{"index":"index","follow":"follow","max-snippet":"max-snippet:-1","max-image-preview":"max-image-preview:large","max-video-preview":"max-video-preview:-1"},"canonical":"https:\/\/jeaken.com\/sv\/produkt\/unikt-pre-workout-tillskott-med-citrullin-kreatin-koffein-beta-alanin-och-aakg-500g\/","og_locale":"sv_SE","og_type":"article","og_title":"Unikt Pre-Workout-tillskott med citrullin kreatin, koffein beta-alanin och AAKG. 500g - JeaKen","og_description":"St\u00f6vlar Resultat. F\u00f6rst\u00e4rker vinsterna. F\u00f6rb\u00e4ttrar prestationen.","og_url":"https:\/\/jeaken.com\/sv\/produkt\/unikt-pre-workout-tillskott-med-citrullin-kreatin-koffein-beta-alanin-och-aakg-500g\/","og_site_name":"JeaKen","article_modified_time":"2022-08-09T13:41:55+00:00","og_image":[{"width":600,"height":600,"url":"https:\/\/jeaken.com\/wp-content\/uploads\/2022\/07\/81qFu636vqL._AC_SL1500_.jpg","type":"image\/jpeg"}],"twitter_card":"summary_large_image","twitter_misc":{"Est. reading time":"1 minute"},"schema":{"@context":"https:\/\/schema.org","@graph":[{"@type":"WebPage","@id":"https:\/\/jeaken.com\/sv\/produkt\/unikt-pre-workout-tillskott-med-citrullin-kreatin-koffein-beta-alanin-och-aakg-500g\/","url":"https:\/\/jeaken.com\/sv\/produkt\/unikt-pre-workout-tillskott-med-citrullin-kreatin-koffein-beta-alanin-och-aakg-500g\/","name":"Unikt Pre-Workout-tillskott med citrullin kreatin, koffein beta-alanin och AAKG. 500g - JeaKen","isPartOf":{"@id":"https:\/\/jeaken.com\/sv\/#website"},"primaryImageOfPage":{"@id":"https:\/\/jeaken.com\/sv\/produkt\/unikt-pre-workout-tillskott-med-citrullin-kreatin-koffein-beta-alanin-och-aakg-500g\/#primaryimage"},"image":{"@id":"https:\/\/jeaken.com\/sv\/produkt\/unikt-pre-workout-tillskott-med-citrullin-kreatin-koffein-beta-alanin-och-aakg-500g\/#primaryimage"},"thumbnailUrl":"https:\/\/jeaken.com\/wp-content\/uploads\/2022\/07\/81qFu636vqL._AC_SL1500_.jpg","datePublished":"2022-07-21T18:18:22+00:00","dateModified":"2022-08-09T13:41:55+00:00","breadcrumb":{"@id":"https:\/\/jeaken.com\/sv\/produkt\/unikt-pre-workout-tillskott-med-citrullin-kreatin-koffein-beta-alanin-och-aakg-500g\/#breadcrumb"},"inLanguage":"sv-SE","potentialAction":[{"@type":"ReadAction","target":["https:\/\/jeaken.com\/sv\/produkt\/unikt-pre-workout-tillskott-med-citrullin-kreatin-koffein-beta-alanin-och-aakg-500g\/"]}]},{"@type":"ImageObject","inLanguage":"sv-SE","@id":"https:\/\/jeaken.com\/sv\/produkt\/unikt-pre-workout-tillskott-med-citrullin-kreatin-koffein-beta-alanin-och-aakg-500g\/#primaryimage","url":"https:\/\/jeaken.com\/wp-content\/uploads\/2022\/07\/81qFu636vqL._AC_SL1500_.jpg","contentUrl":"https:\/\/jeaken.com\/wp-content\/uploads\/2022\/07\/81qFu636vqL._AC_SL1500_.jpg","width":600,"height":600,"caption":"Unique Pre-Workout Supplement with Citrulline Creatine, Caffeine Beta-Alanine and AAKG. 500g"},{"@type":"BreadcrumbList","@id":"https:\/\/jeaken.com\/sv\/produkt\/unikt-pre-workout-tillskott-med-citrullin-kreatin-koffein-beta-alanin-och-aakg-500g\/#breadcrumb","itemListElement":[{"@type":"ListItem","position":1,"name":"Home","item":"https:\/\/jeaken.com\/sv\/"},{"@type":"ListItem","position":2,"name":"Private: Shop","item":"https:\/\/jeaken.com\/shop\/"},{"@type":"ListItem","position":3,"name":"Unikt Pre-Workout-tillskott med citrullin kreatin, koffein beta-alanin och AAKG. 500g"}]},{"@type":"WebSite","@id":"https:\/\/jeaken.com\/sv\/#website","url":"https:\/\/jeaken.com\/sv\/","name":"JeaKen","description":"Organic Supplements for Health, Fitness and Nutrition","publisher":{"@id":"https:\/\/jeaken.com\/sv\/#organization"},"potentialAction":[{"@type":"SearchAction","target":{"@type":"EntryPoint","urlTemplate":"https:\/\/jeaken.com\/sv\/?s={search_term_string}"},"query-input":"required name=search_term_string"}],"inLanguage":"sv-SE"},{"@type":"Organization","@id":"https:\/\/jeaken.com\/sv\/#organization","name":"JeaKen","url":"https:\/\/jeaken.com\/sv\/","logo":{"@type":"ImageObject","inLanguage":"sv-SE","@id":"https:\/\/jeaken.com\/sv\/#\/schema\/logo\/image\/","url":"https:\/\/jeaken.com\/wp-content\/uploads\/2022\/06\/jeaken-logo-23.png","contentUrl":"https:\/\/jeaken.com\/wp-content\/uploads\/2022\/06\/jeaken-logo-23.png","width":2486,"height":736,"caption":"JeaKen"},"image":{"@id":"https:\/\/jeaken.com\/sv\/#\/schema\/logo\/image\/"}}]}},"jetpack_sharing_enabled":true,"_links":{"self":[{"href":"https:\/\/jeaken.com\/sv\/wp-json\/wp\/v2\/product\/6778","targetHints":{"allow":["GET"]}}],"collection":[{"href":"https:\/\/jeaken.com\/sv\/wp-json\/wp\/v2\/product"}],"about":[{"href":"https:\/\/jeaken.com\/sv\/wp-json\/wp\/v2\/types\/product"}],"wp:featuredmedia":[{"embeddable":true,"href":"https:\/\/jeaken.com\/sv\/wp-json\/wp\/v2\/media\/2749"}],"wp:attachment":[{"href":"https:\/\/jeaken.com\/sv\/wp-json\/wp\/v2\/media?parent=6778"}],"wp:term":[{"taxonomy":"product_cat","embeddable":true,"href":"https:\/\/jeaken.com\/sv\/wp-json\/wp\/v2\/product_cat?post=6778"},{"taxonomy":"product_tag","embeddable":true,"href":"https:\/\/jeaken.com\/sv\/wp-json\/wp\/v2\/product_tag?post=6778"}],"curies":[{"name":"wp","href":"https:\/\/api.w.org\/{rel}","templated":true}]}}