{"id":6772,"date":"2022-07-21T19:18:22","date_gmt":"2022-07-21T18:18:22","guid":{"rendered":"https:\/1658920591610?product=jordgubbssmak-naringsriktig-komplett-maltidsshake"},"modified":"2022-08-09T14:41:54","modified_gmt":"2022-08-09T13:41:54","slug":"jordgubbssmak-naringsriktig-komplett-maltidsshake","status":"publish","type":"product","link":"https:\/\/jeaken.com\/sv\/produkt\/jordgubbssmak-naringsriktig-komplett-maltidsshake\/","title":{"rendered":"Jordgubbssmak N\u00e4ringsriktig komplett m\u00e5ltidsshake."},"content":{"rendered":"<p><strong><span class=\"a-list-item\">EFFEKTIV KONTROLL AV VIKTMINSKNING  <\/span><\/strong><\/p>\n<p><span class=\"a-list-item\">  V\u00e5r m\u00e5ltidsers\u00e4ttningsshake handlar om att f\u00e5 dig att k\u00e4nna dig s\u00e4ker b\u00e5de p\u00e5 insidan och utsidan. Du kan st\u00f6dja dina viktminskningsm\u00e5l genom att byta ut en till tv\u00e5 m\u00e5ltider per dag mot v\u00e5ra l\u00e4ckra l\u00e4ttlagade bantningsshakes!  <\/span><\/p>\n<p><span class=\"a-list-item\"><strong>INNEH\u00c5LLER 24 VIKTIGA VITAMINER OCH MINERALER<\/strong> <\/span><\/p>\n<p><span class=\"a-list-item\">Den h\u00e4r h\u00e4lsosamma shaken inneh\u00e5ller den perfekta blandningen av vitaminer och mineraler f\u00f6r att du ska se ut och m\u00e5 s\u00e5 bra som m\u00f6jligt och f\u00f6r att uppr\u00e4tth\u00e5lla en h\u00e4lsosam och balanserad kost.<\/span><\/p>\n<p><strong><span class=\"a-list-item\">KONTROLLERAR BLODSOCKRET<\/span><\/strong><\/p>\n<p><span class=\"a-list-item\">V\u00e5r kraftfulla shake inneh\u00e5ller krom f\u00f6r att hj\u00e4lpa till att uppr\u00e4tth\u00e5lla normala blodsockerniv\u00e5er.<\/span><\/p>\n<p><strong><span class=\"a-list-item\">SNABBT, ENKELT OCH FYLLANDE  <\/span><\/strong><\/p>\n<p><span class=\"a-list-item\">V\u00e5r bekv\u00e4ma m\u00e5ltidsers\u00e4ttningsshake \u00e4r snabb och enkel att g\u00f6ra och \u00e4r fylld med protein fr\u00e5n flera k\u00e4llor f\u00f6r att hj\u00e4lpa dig att h\u00e5lla dig m\u00e4tt l\u00e4ngre och h\u00e5lla dig p\u00e5 r\u00e4tt sp\u00e5r med dina kroppsm\u00e5l.<\/span><\/p>\n<p>&nbsp;<\/p>\n","protected":false},"excerpt":{"rendered":"<h4 id=\"title\" class=\"a-size-large a-spacing-none\"><span id=\"productTitle\" class=\"a-size-large product-title-word-break\">Alla vitaminer du beh\u00f6ver f\u00f6r att bidra till en h\u00e4lsosam och balanserad kost.  <\/span><\/h4>\n","protected":false},"featured_media":2735,"template":"","meta":{"site-sidebar-layout":"default","site-content-layout":"default","ast-site-content-layout":"default","site-content-style":"default","site-sidebar-style":"default","ast-global-header-display":"","ast-banner-title-visibility":"","ast-main-header-display":"","ast-hfb-above-header-display":"","ast-hfb-below-header-display":"","ast-hfb-mobile-header-display":"","site-post-title":"","ast-breadcrumbs-content":"","ast-featured-img":"","footer-sml-layout":"","theme-transparent-header-meta":"default","adv-header-id-meta":"","stick-header-meta":"default","header-above-stick-meta":"","header-main-stick-meta":"","header-below-stick-meta":"","astra-migrate-meta-layouts":"default","ast-page-background-enabled":"default","ast-page-background-meta":{"desktop":{"background-color":"","background-image":"","background-repeat":"repeat","background-position":"center center","background-size":"auto","background-attachment":"scroll","background-type":"","background-media":"","overlay-type":"","overlay-color":"","overlay-opacity":"","overlay-gradient":""},"tablet":{"background-color":"","background-image":"","background-repeat":"repeat","background-position":"center center","background-size":"auto","background-attachment":"scroll","background-type":"","background-media":"","overlay-type":"","overlay-color":"","overlay-opacity":"","overlay-gradient":""},"mobile":{"background-color":"","background-image":"","background-repeat":"repeat","background-position":"center center","background-size":"auto","background-attachment":"scroll","background-type":"","background-media":"","overlay-type":"","overlay-color":"","overlay-opacity":"","overlay-gradient":""}},"ast-content-background-meta":{"desktop":{"background-color":"var(--ast-global-color-5)","background-image":"","background-repeat":"repeat","background-position":"center center","background-size":"auto","background-attachment":"scroll","background-type":"","background-media":"","overlay-type":"","overlay-color":"","overlay-opacity":"","overlay-gradient":""},"tablet":{"background-color":"var(--ast-global-color-5)","background-image":"","background-repeat":"repeat","background-position":"center center","background-size":"auto","background-attachment":"scroll","background-type":"","background-media":"","overlay-type":"","overlay-color":"","overlay-opacity":"","overlay-gradient":""},"mobile":{"background-color":"var(--ast-global-color-5)","background-image":"","background-repeat":"repeat","background-position":"center center","background-size":"auto","background-attachment":"scroll","background-type":"","background-media":"","overlay-type":"","overlay-color":"","overlay-opacity":"","overlay-gradient":""}}},"product_cat":[529],"product_tag":[],"class_list":{"0":"post-6772","1":"product","2":"type-product","3":"status-publish","4":"has-post-thumbnail","6":"product_cat-naring-for-idrottsutovare","7":"has-subscription-plans","8":"desktop-align-left","9":"tablet-align-left","10":"mobile-align-left","12":"first","13":"instock","14":"taxable","15":"shipping-taxable","16":"purchasable","17":"product-type-simple"},"yoast_head":"<!-- This site is optimized with the Yoast SEO plugin v22.7 - https:\/\/yoast.com\/wordpress\/plugins\/seo\/ -->\n<title>Jordgubbssmak N\u00e4ringsriktig komplett m\u00e5ltidsshake. - JeaKen<\/title>\n<meta name=\"robots\" content=\"index, follow, max-snippet:-1, max-image-preview:large, max-video-preview:-1\" \/>\n<link rel=\"canonical\" href=\"https:\/\/jeaken.com\/sv\/produkt\/jordgubbssmak-naringsriktig-komplett-maltidsshake\/\" \/>\n<meta property=\"og:locale\" content=\"sv_SE\" \/>\n<meta property=\"og:type\" content=\"article\" \/>\n<meta property=\"og:title\" content=\"Jordgubbssmak N\u00e4ringsriktig komplett m\u00e5ltidsshake. - JeaKen\" \/>\n<meta property=\"og:description\" content=\"Alla vitaminer du beh\u00f6ver f\u00f6r att bidra till en h\u00e4lsosam och balanserad kost.\" \/>\n<meta property=\"og:url\" content=\"https:\/\/jeaken.com\/sv\/produkt\/jordgubbssmak-naringsriktig-komplett-maltidsshake\/\" \/>\n<meta property=\"og:site_name\" content=\"JeaKen\" \/>\n<meta property=\"article:modified_time\" content=\"2022-08-09T13:41:54+00:00\" \/>\n<meta property=\"og:image\" content=\"https:\/\/jeaken.com\/wp-content\/uploads\/2022\/07\/81YFuX2E2L._AC_SL1500_.jpg\" \/>\n\t<meta property=\"og:image:width\" content=\"600\" \/>\n\t<meta property=\"og:image:height\" content=\"600\" \/>\n\t<meta property=\"og:image:type\" content=\"image\/jpeg\" \/>\n<meta name=\"twitter:card\" content=\"summary_large_image\" \/>\n<meta name=\"twitter:label1\" content=\"Est. reading time\" \/>\n\t<meta name=\"twitter:data1\" content=\"1 minute\" \/>\n<script type=\"application\/ld+json\" class=\"yoast-schema-graph\">{\"@context\":\"https:\/\/schema.org\",\"@graph\":[{\"@type\":\"WebPage\",\"@id\":\"https:\/\/jeaken.com\/sv\/produkt\/jordgubbssmak-naringsriktig-komplett-maltidsshake\/\",\"url\":\"https:\/\/jeaken.com\/sv\/produkt\/jordgubbssmak-naringsriktig-komplett-maltidsshake\/\",\"name\":\"Jordgubbssmak N\u00e4ringsriktig komplett m\u00e5ltidsshake. - JeaKen\",\"isPartOf\":{\"@id\":\"https:\/\/jeaken.com\/sv\/#website\"},\"primaryImageOfPage\":{\"@id\":\"https:\/\/jeaken.com\/sv\/produkt\/jordgubbssmak-naringsriktig-komplett-maltidsshake\/#primaryimage\"},\"image\":{\"@id\":\"https:\/\/jeaken.com\/sv\/produkt\/jordgubbssmak-naringsriktig-komplett-maltidsshake\/#primaryimage\"},\"thumbnailUrl\":\"https:\/\/jeaken.com\/wp-content\/uploads\/2022\/07\/81YFuX2E2L._AC_SL1500_.jpg\",\"datePublished\":\"2022-07-21T18:18:22+00:00\",\"dateModified\":\"2022-08-09T13:41:54+00:00\",\"breadcrumb\":{\"@id\":\"https:\/\/jeaken.com\/sv\/produkt\/jordgubbssmak-naringsriktig-komplett-maltidsshake\/#breadcrumb\"},\"inLanguage\":\"sv-SE\",\"potentialAction\":[{\"@type\":\"ReadAction\",\"target\":[\"https:\/\/jeaken.com\/sv\/produkt\/jordgubbssmak-naringsriktig-komplett-maltidsshake\/\"]}]},{\"@type\":\"ImageObject\",\"inLanguage\":\"sv-SE\",\"@id\":\"https:\/\/jeaken.com\/sv\/produkt\/jordgubbssmak-naringsriktig-komplett-maltidsshake\/#primaryimage\",\"url\":\"https:\/\/jeaken.com\/wp-content\/uploads\/2022\/07\/81YFuX2E2L._AC_SL1500_.jpg\",\"contentUrl\":\"https:\/\/jeaken.com\/wp-content\/uploads\/2022\/07\/81YFuX2E2L._AC_SL1500_.jpg\",\"width\":600,\"height\":600,\"caption\":\"Shake Strawberry Nutrient\"},{\"@type\":\"BreadcrumbList\",\"@id\":\"https:\/\/jeaken.com\/sv\/produkt\/jordgubbssmak-naringsriktig-komplett-maltidsshake\/#breadcrumb\",\"itemListElement\":[{\"@type\":\"ListItem\",\"position\":1,\"name\":\"Home\",\"item\":\"https:\/\/jeaken.com\/sv\/\"},{\"@type\":\"ListItem\",\"position\":2,\"name\":\"Private: Shop\",\"item\":\"https:\/\/jeaken.com\/shop\/\"},{\"@type\":\"ListItem\",\"position\":3,\"name\":\"Jordgubbssmak N\u00e4ringsriktig komplett m\u00e5ltidsshake.\"}]},{\"@type\":\"WebSite\",\"@id\":\"https:\/\/jeaken.com\/sv\/#website\",\"url\":\"https:\/\/jeaken.com\/sv\/\",\"name\":\"JeaKen\",\"description\":\"Organic Supplements for Health, Fitness and Nutrition\",\"publisher\":{\"@id\":\"https:\/\/jeaken.com\/sv\/#organization\"},\"potentialAction\":[{\"@type\":\"SearchAction\",\"target\":{\"@type\":\"EntryPoint\",\"urlTemplate\":\"https:\/\/jeaken.com\/sv\/?s={search_term_string}\"},\"query-input\":\"required name=search_term_string\"}],\"inLanguage\":\"sv-SE\"},{\"@type\":\"Organization\",\"@id\":\"https:\/\/jeaken.com\/sv\/#organization\",\"name\":\"JeaKen\",\"url\":\"https:\/\/jeaken.com\/sv\/\",\"logo\":{\"@type\":\"ImageObject\",\"inLanguage\":\"sv-SE\",\"@id\":\"https:\/\/jeaken.com\/sv\/#\/schema\/logo\/image\/\",\"url\":\"https:\/\/jeaken.com\/wp-content\/uploads\/2022\/06\/jeaken-logo-23.png\",\"contentUrl\":\"https:\/\/jeaken.com\/wp-content\/uploads\/2022\/06\/jeaken-logo-23.png\",\"width\":2486,\"height\":736,\"caption\":\"JeaKen\"},\"image\":{\"@id\":\"https:\/\/jeaken.com\/sv\/#\/schema\/logo\/image\/\"}}]}<\/script>\n<!-- \/ Yoast SEO plugin. -->","yoast_head_json":{"title":"Jordgubbssmak N\u00e4ringsriktig komplett m\u00e5ltidsshake. - JeaKen","robots":{"index":"index","follow":"follow","max-snippet":"max-snippet:-1","max-image-preview":"max-image-preview:large","max-video-preview":"max-video-preview:-1"},"canonical":"https:\/\/jeaken.com\/sv\/produkt\/jordgubbssmak-naringsriktig-komplett-maltidsshake\/","og_locale":"sv_SE","og_type":"article","og_title":"Jordgubbssmak N\u00e4ringsriktig komplett m\u00e5ltidsshake. - JeaKen","og_description":"Alla vitaminer du beh\u00f6ver f\u00f6r att bidra till en h\u00e4lsosam och balanserad kost.","og_url":"https:\/\/jeaken.com\/sv\/produkt\/jordgubbssmak-naringsriktig-komplett-maltidsshake\/","og_site_name":"JeaKen","article_modified_time":"2022-08-09T13:41:54+00:00","og_image":[{"width":600,"height":600,"url":"https:\/\/jeaken.com\/wp-content\/uploads\/2022\/07\/81YFuX2E2L._AC_SL1500_.jpg","type":"image\/jpeg"}],"twitter_card":"summary_large_image","twitter_misc":{"Est. reading time":"1 minute"},"schema":{"@context":"https:\/\/schema.org","@graph":[{"@type":"WebPage","@id":"https:\/\/jeaken.com\/sv\/produkt\/jordgubbssmak-naringsriktig-komplett-maltidsshake\/","url":"https:\/\/jeaken.com\/sv\/produkt\/jordgubbssmak-naringsriktig-komplett-maltidsshake\/","name":"Jordgubbssmak N\u00e4ringsriktig komplett m\u00e5ltidsshake. - JeaKen","isPartOf":{"@id":"https:\/\/jeaken.com\/sv\/#website"},"primaryImageOfPage":{"@id":"https:\/\/jeaken.com\/sv\/produkt\/jordgubbssmak-naringsriktig-komplett-maltidsshake\/#primaryimage"},"image":{"@id":"https:\/\/jeaken.com\/sv\/produkt\/jordgubbssmak-naringsriktig-komplett-maltidsshake\/#primaryimage"},"thumbnailUrl":"https:\/\/jeaken.com\/wp-content\/uploads\/2022\/07\/81YFuX2E2L._AC_SL1500_.jpg","datePublished":"2022-07-21T18:18:22+00:00","dateModified":"2022-08-09T13:41:54+00:00","breadcrumb":{"@id":"https:\/\/jeaken.com\/sv\/produkt\/jordgubbssmak-naringsriktig-komplett-maltidsshake\/#breadcrumb"},"inLanguage":"sv-SE","potentialAction":[{"@type":"ReadAction","target":["https:\/\/jeaken.com\/sv\/produkt\/jordgubbssmak-naringsriktig-komplett-maltidsshake\/"]}]},{"@type":"ImageObject","inLanguage":"sv-SE","@id":"https:\/\/jeaken.com\/sv\/produkt\/jordgubbssmak-naringsriktig-komplett-maltidsshake\/#primaryimage","url":"https:\/\/jeaken.com\/wp-content\/uploads\/2022\/07\/81YFuX2E2L._AC_SL1500_.jpg","contentUrl":"https:\/\/jeaken.com\/wp-content\/uploads\/2022\/07\/81YFuX2E2L._AC_SL1500_.jpg","width":600,"height":600,"caption":"Shake Strawberry Nutrient"},{"@type":"BreadcrumbList","@id":"https:\/\/jeaken.com\/sv\/produkt\/jordgubbssmak-naringsriktig-komplett-maltidsshake\/#breadcrumb","itemListElement":[{"@type":"ListItem","position":1,"name":"Home","item":"https:\/\/jeaken.com\/sv\/"},{"@type":"ListItem","position":2,"name":"Private: Shop","item":"https:\/\/jeaken.com\/shop\/"},{"@type":"ListItem","position":3,"name":"Jordgubbssmak N\u00e4ringsriktig komplett m\u00e5ltidsshake."}]},{"@type":"WebSite","@id":"https:\/\/jeaken.com\/sv\/#website","url":"https:\/\/jeaken.com\/sv\/","name":"JeaKen","description":"Organic Supplements for Health, Fitness and Nutrition","publisher":{"@id":"https:\/\/jeaken.com\/sv\/#organization"},"potentialAction":[{"@type":"SearchAction","target":{"@type":"EntryPoint","urlTemplate":"https:\/\/jeaken.com\/sv\/?s={search_term_string}"},"query-input":"required name=search_term_string"}],"inLanguage":"sv-SE"},{"@type":"Organization","@id":"https:\/\/jeaken.com\/sv\/#organization","name":"JeaKen","url":"https:\/\/jeaken.com\/sv\/","logo":{"@type":"ImageObject","inLanguage":"sv-SE","@id":"https:\/\/jeaken.com\/sv\/#\/schema\/logo\/image\/","url":"https:\/\/jeaken.com\/wp-content\/uploads\/2022\/06\/jeaken-logo-23.png","contentUrl":"https:\/\/jeaken.com\/wp-content\/uploads\/2022\/06\/jeaken-logo-23.png","width":2486,"height":736,"caption":"JeaKen"},"image":{"@id":"https:\/\/jeaken.com\/sv\/#\/schema\/logo\/image\/"}}]}},"jetpack_sharing_enabled":true,"_links":{"self":[{"href":"https:\/\/jeaken.com\/sv\/wp-json\/wp\/v2\/product\/6772","targetHints":{"allow":["GET"]}}],"collection":[{"href":"https:\/\/jeaken.com\/sv\/wp-json\/wp\/v2\/product"}],"about":[{"href":"https:\/\/jeaken.com\/sv\/wp-json\/wp\/v2\/types\/product"}],"wp:featuredmedia":[{"embeddable":true,"href":"https:\/\/jeaken.com\/sv\/wp-json\/wp\/v2\/media\/2735"}],"wp:attachment":[{"href":"https:\/\/jeaken.com\/sv\/wp-json\/wp\/v2\/media?parent=6772"}],"wp:term":[{"taxonomy":"product_cat","embeddable":true,"href":"https:\/\/jeaken.com\/sv\/wp-json\/wp\/v2\/product_cat?post=6772"},{"taxonomy":"product_tag","embeddable":true,"href":"https:\/\/jeaken.com\/sv\/wp-json\/wp\/v2\/product_tag?post=6772"}],"curies":[{"name":"wp","href":"https:\/\/api.w.org\/{rel}","templated":true}]}}