{"id":6740,"date":"2022-07-21T19:18:22","date_gmt":"2022-07-21T18:18:22","guid":{"rendered":"https:\/1658920591610?product=coenzym-q10-200-mg-ren-ubikinon-coq10-tillagg-120-kapslar"},"modified":"2022-08-09T13:28:41","modified_gmt":"2022-08-09T12:28:41","slug":"coenzym-q10-200-mg-ren-ubikinon-coq10-tillagg-120-kapslar","status":"publish","type":"product","link":"https:\/\/jeaken.com\/sv\/produkt\/coenzym-q10-200-mg-ren-ubikinon-coq10-tillagg-120-kapslar\/","title":{"rendered":"Coenzym Q10 200 mg &#8211; Ren ubikinon CoQ10 till\u00e4gg (120 kapslar)"},"content":{"rendered":"<p id=\"tw-target-text\" class=\"tw-data-text tw-text-large tw-ta\" dir=\"ltr\" data-placeholder=\"Translation\"><strong><span class=\"Y2IQFc\" lang=\"en\">N\u00d6DV\u00c4NDIGA F\u00d6R ENERGIPRODUKTION  <\/span><\/strong><\/p>\n<p class=\"tw-data-text tw-text-large tw-ta\" dir=\"ltr\" data-placeholder=\"Translation\"><span class=\"Y2IQFc\" lang=\"en\">CoQ10 spelar en viktig roll i kroppens energiproduktion. Genom att ta ett CoQ10-tillskott kan man \u00f6ka de naturliga CoQ10-niv\u00e5erna som kan minska p\u00e5 grund av \u00e5lder och kolesterols\u00e4nkande statinl\u00e4kemedel.  <\/span><\/p>\n<p class=\"tw-data-text tw-text-large tw-ta\" dir=\"ltr\" data-placeholder=\"Translation\"><strong><span class=\"Y2IQFc\" lang=\"en\">EFFEKTIVT OCH H\u00d6G ABSORPTION CoQ10  <\/span><\/strong><\/p>\n<p class=\"tw-data-text tw-text-large tw-ta\" dir=\"ltr\" data-placeholder=\"Translation\"><span class=\"Y2IQFc\" lang=\"en\">V\u00e5r kraftfulla produkt erbjuder en l\u00e4tt absorberbar form av ett viktigt n\u00e4rings\u00e4mne som driver och skyddar hj\u00e4rtats vitalitet, kardiovaskul\u00e4r h\u00e4lsa och cellul\u00e4r energi. V\u00e5r CoQ10 har utformats med tanke p\u00e5 effektiv absorption. Vi anv\u00e4nder endast 100 % naturligt fermenterad CoQ10, vilket resulterar i en ren &#8220;trans&#8221;-form av koenzym Q10 som absorberas optimalt av kroppen.  <\/span><\/p>\n<p class=\"tw-data-text tw-text-large tw-ta\" dir=\"ltr\" data-placeholder=\"Translation\"><strong><span class=\"Y2IQFc\" lang=\"en\">F\u00d6RDELAR F\u00d6R ANV\u00c4NDARE AV STATINER  <\/span><\/strong><\/p>\n<p class=\"tw-data-text tw-text-large tw-ta\" dir=\"ltr\" data-placeholder=\"Translation\"><span class=\"Y2IQFc\" lang=\"en\">Statinl\u00e4kemedel har visat sig s\u00e4nka CoQ10-niv\u00e5erna med s\u00e5 mycket som 40 %. Till\u00e4gg av ett CoQ10-tillskott till statinbehandling kan hj\u00e4lpa till att \u00e5teruppbygga CoQ10-niv\u00e5erna.  <\/span><\/p>\n<p class=\"tw-data-text tw-text-large tw-ta\" dir=\"ltr\" data-placeholder=\"Translation\"><strong><span class=\"Y2IQFc\" lang=\"en\">L\u00c4MPLIG F\u00d6R VEGATARIANER OCH VEGANER<\/span><\/strong><\/p>\n<p class=\"tw-data-text tw-text-large tw-ta\" dir=\"ltr\" data-placeholder=\"Translation\"><span class=\"Y2IQFc\" lang=\"en\">F\u00f6rutom att vara naturligt fermenterad f\u00f6r biotillg\u00e4nglighet kommer v\u00e5rt CoQ10 200mg-tillskott i l\u00e4ttsugna kapslar som passar b\u00e5de veganer och vegetarianer, \u00e4r icke-GMO och \u00e4r fria fr\u00e5n allergener som gluten, soja, laktos, n\u00f6tter eller sp\u00e5r av n\u00f6tter.  <\/span><\/p>\n","protected":false},"excerpt":{"rendered":"<h4>Kosttillskott med h\u00f6g absorption f\u00f6r \u00f6kad energi och kardiovaskul\u00e4r h\u00e4lsa.<\/h4>\n","protected":false},"featured_media":2763,"template":"","meta":{"site-sidebar-layout":"default","site-content-layout":"default","ast-site-content-layout":"default","site-content-style":"default","site-sidebar-style":"default","ast-global-header-display":"","ast-banner-title-visibility":"","ast-main-header-display":"","ast-hfb-above-header-display":"","ast-hfb-below-header-display":"","ast-hfb-mobile-header-display":"","site-post-title":"","ast-breadcrumbs-content":"","ast-featured-img":"","footer-sml-layout":"","theme-transparent-header-meta":"default","adv-header-id-meta":"","stick-header-meta":"default","header-above-stick-meta":"","header-main-stick-meta":"","header-below-stick-meta":"","astra-migrate-meta-layouts":"default","ast-page-background-enabled":"default","ast-page-background-meta":{"desktop":{"background-color":"","background-image":"","background-repeat":"repeat","background-position":"center center","background-size":"auto","background-attachment":"scroll","background-type":"","background-media":"","overlay-type":"","overlay-color":"","overlay-opacity":"","overlay-gradient":""},"tablet":{"background-color":"","background-image":"","background-repeat":"repeat","background-position":"center center","background-size":"auto","background-attachment":"scroll","background-type":"","background-media":"","overlay-type":"","overlay-color":"","overlay-opacity":"","overlay-gradient":""},"mobile":{"background-color":"","background-image":"","background-repeat":"repeat","background-position":"center center","background-size":"auto","background-attachment":"scroll","background-type":"","background-media":"","overlay-type":"","overlay-color":"","overlay-opacity":"","overlay-gradient":""}},"ast-content-background-meta":{"desktop":{"background-color":"var(--ast-global-color-5)","background-image":"","background-repeat":"repeat","background-position":"center center","background-size":"auto","background-attachment":"scroll","background-type":"","background-media":"","overlay-type":"","overlay-color":"","overlay-opacity":"","overlay-gradient":""},"tablet":{"background-color":"var(--ast-global-color-5)","background-image":"","background-repeat":"repeat","background-position":"center center","background-size":"auto","background-attachment":"scroll","background-type":"","background-media":"","overlay-type":"","overlay-color":"","overlay-opacity":"","overlay-gradient":""},"mobile":{"background-color":"var(--ast-global-color-5)","background-image":"","background-repeat":"repeat","background-position":"center center","background-size":"auto","background-attachment":"scroll","background-type":"","background-media":"","overlay-type":"","overlay-color":"","overlay-opacity":"","overlay-gradient":""}}},"product_cat":[599,600,513,529,601],"product_tag":[],"class_list":{"0":"post-6740","1":"product","2":"type-product","3":"status-publish","4":"has-post-thumbnail","6":"product_cat-halsa-for-hjarta-och-hjarna","7":"product_cat-humor-och-valbefinnande","8":"product_cat-mineraler","9":"product_cat-naring-for-idrottsutovare","10":"product_cat-trotthet","11":"has-subscription-plans","12":"desktop-align-left","13":"tablet-align-left","14":"mobile-align-left","16":"first","17":"instock","18":"taxable","19":"shipping-taxable","20":"purchasable","21":"product-type-simple"},"yoast_head":"<!-- This site is optimized with the Yoast SEO plugin v22.7 - https:\/\/yoast.com\/wordpress\/plugins\/seo\/ -->\n<title>Coenzym Q10 200 mg - Ren ubikinon CoQ10 till\u00e4gg (120 kapslar) - JeaKen<\/title>\n<meta name=\"robots\" content=\"index, follow, max-snippet:-1, max-image-preview:large, max-video-preview:-1\" \/>\n<link rel=\"canonical\" href=\"https:\/\/jeaken.com\/sv\/produkt\/coenzym-q10-200-mg-ren-ubikinon-coq10-tillagg-120-kapslar\/\" \/>\n<meta property=\"og:locale\" content=\"sv_SE\" \/>\n<meta property=\"og:type\" content=\"article\" \/>\n<meta property=\"og:title\" content=\"Coenzym Q10 200 mg - Ren ubikinon CoQ10 till\u00e4gg (120 kapslar) - JeaKen\" \/>\n<meta property=\"og:description\" content=\"Kosttillskott med h\u00f6g absorption f\u00f6r \u00f6kad energi och kardiovaskul\u00e4r h\u00e4lsa.\" \/>\n<meta property=\"og:url\" content=\"https:\/\/jeaken.com\/sv\/produkt\/coenzym-q10-200-mg-ren-ubikinon-coq10-tillagg-120-kapslar\/\" \/>\n<meta property=\"og:site_name\" content=\"JeaKen\" \/>\n<meta property=\"article:modified_time\" content=\"2022-08-09T12:28:41+00:00\" \/>\n<meta property=\"og:image\" content=\"https:\/\/jeaken.com\/wp-content\/uploads\/2022\/07\/71xQMaVJaZL._AC_SL1500_.jpg\" \/>\n\t<meta property=\"og:image:width\" content=\"600\" \/>\n\t<meta property=\"og:image:height\" content=\"600\" \/>\n\t<meta property=\"og:image:type\" content=\"image\/jpeg\" \/>\n<meta name=\"twitter:card\" content=\"summary_large_image\" \/>\n<meta name=\"twitter:label1\" content=\"Est. reading time\" \/>\n\t<meta name=\"twitter:data1\" content=\"1 minute\" \/>\n<script type=\"application\/ld+json\" class=\"yoast-schema-graph\">{\"@context\":\"https:\/\/schema.org\",\"@graph\":[{\"@type\":\"WebPage\",\"@id\":\"https:\/\/jeaken.com\/sv\/produkt\/coenzym-q10-200-mg-ren-ubikinon-coq10-tillagg-120-kapslar\/\",\"url\":\"https:\/\/jeaken.com\/sv\/produkt\/coenzym-q10-200-mg-ren-ubikinon-coq10-tillagg-120-kapslar\/\",\"name\":\"Coenzym Q10 200 mg - Ren ubikinon CoQ10 till\u00e4gg (120 kapslar) - JeaKen\",\"isPartOf\":{\"@id\":\"https:\/\/jeaken.com\/sv\/#website\"},\"primaryImageOfPage\":{\"@id\":\"https:\/\/jeaken.com\/sv\/produkt\/coenzym-q10-200-mg-ren-ubikinon-coq10-tillagg-120-kapslar\/#primaryimage\"},\"image\":{\"@id\":\"https:\/\/jeaken.com\/sv\/produkt\/coenzym-q10-200-mg-ren-ubikinon-coq10-tillagg-120-kapslar\/#primaryimage\"},\"thumbnailUrl\":\"https:\/\/jeaken.com\/wp-content\/uploads\/2022\/07\/71xQMaVJaZL._AC_SL1500_.jpg\",\"datePublished\":\"2022-07-21T18:18:22+00:00\",\"dateModified\":\"2022-08-09T12:28:41+00:00\",\"breadcrumb\":{\"@id\":\"https:\/\/jeaken.com\/sv\/produkt\/coenzym-q10-200-mg-ren-ubikinon-coq10-tillagg-120-kapslar\/#breadcrumb\"},\"inLanguage\":\"sv-SE\",\"potentialAction\":[{\"@type\":\"ReadAction\",\"target\":[\"https:\/\/jeaken.com\/sv\/produkt\/coenzym-q10-200-mg-ren-ubikinon-coq10-tillagg-120-kapslar\/\"]}]},{\"@type\":\"ImageObject\",\"inLanguage\":\"sv-SE\",\"@id\":\"https:\/\/jeaken.com\/sv\/produkt\/coenzym-q10-200-mg-ren-ubikinon-coq10-tillagg-120-kapslar\/#primaryimage\",\"url\":\"https:\/\/jeaken.com\/wp-content\/uploads\/2022\/07\/71xQMaVJaZL._AC_SL1500_.jpg\",\"contentUrl\":\"https:\/\/jeaken.com\/wp-content\/uploads\/2022\/07\/71xQMaVJaZL._AC_SL1500_.jpg\",\"width\":600,\"height\":600,\"caption\":\"Coenzyme Q10 200 mg - Pure Ubiquinone CoQ10 Supplement\"},{\"@type\":\"BreadcrumbList\",\"@id\":\"https:\/\/jeaken.com\/sv\/produkt\/coenzym-q10-200-mg-ren-ubikinon-coq10-tillagg-120-kapslar\/#breadcrumb\",\"itemListElement\":[{\"@type\":\"ListItem\",\"position\":1,\"name\":\"Home\",\"item\":\"https:\/\/jeaken.com\/sv\/\"},{\"@type\":\"ListItem\",\"position\":2,\"name\":\"Private: Shop\",\"item\":\"https:\/\/jeaken.com\/shop\/\"},{\"@type\":\"ListItem\",\"position\":3,\"name\":\"Coenzym Q10 200 mg &#8211; Ren ubikinon CoQ10 till\u00e4gg (120 kapslar)\"}]},{\"@type\":\"WebSite\",\"@id\":\"https:\/\/jeaken.com\/sv\/#website\",\"url\":\"https:\/\/jeaken.com\/sv\/\",\"name\":\"JeaKen\",\"description\":\"Organic Supplements for Health, Fitness and Nutrition\",\"publisher\":{\"@id\":\"https:\/\/jeaken.com\/sv\/#organization\"},\"potentialAction\":[{\"@type\":\"SearchAction\",\"target\":{\"@type\":\"EntryPoint\",\"urlTemplate\":\"https:\/\/jeaken.com\/sv\/?s={search_term_string}\"},\"query-input\":\"required name=search_term_string\"}],\"inLanguage\":\"sv-SE\"},{\"@type\":\"Organization\",\"@id\":\"https:\/\/jeaken.com\/sv\/#organization\",\"name\":\"JeaKen\",\"url\":\"https:\/\/jeaken.com\/sv\/\",\"logo\":{\"@type\":\"ImageObject\",\"inLanguage\":\"sv-SE\",\"@id\":\"https:\/\/jeaken.com\/sv\/#\/schema\/logo\/image\/\",\"url\":\"https:\/\/jeaken.com\/wp-content\/uploads\/2022\/06\/jeaken-logo-23.png\",\"contentUrl\":\"https:\/\/jeaken.com\/wp-content\/uploads\/2022\/06\/jeaken-logo-23.png\",\"width\":2486,\"height\":736,\"caption\":\"JeaKen\"},\"image\":{\"@id\":\"https:\/\/jeaken.com\/sv\/#\/schema\/logo\/image\/\"}}]}<\/script>\n<!-- \/ Yoast SEO plugin. -->","yoast_head_json":{"title":"Coenzym Q10 200 mg - Ren ubikinon CoQ10 till\u00e4gg (120 kapslar) - JeaKen","robots":{"index":"index","follow":"follow","max-snippet":"max-snippet:-1","max-image-preview":"max-image-preview:large","max-video-preview":"max-video-preview:-1"},"canonical":"https:\/\/jeaken.com\/sv\/produkt\/coenzym-q10-200-mg-ren-ubikinon-coq10-tillagg-120-kapslar\/","og_locale":"sv_SE","og_type":"article","og_title":"Coenzym Q10 200 mg - Ren ubikinon CoQ10 till\u00e4gg (120 kapslar) - JeaKen","og_description":"Kosttillskott med h\u00f6g absorption f\u00f6r \u00f6kad energi och kardiovaskul\u00e4r h\u00e4lsa.","og_url":"https:\/\/jeaken.com\/sv\/produkt\/coenzym-q10-200-mg-ren-ubikinon-coq10-tillagg-120-kapslar\/","og_site_name":"JeaKen","article_modified_time":"2022-08-09T12:28:41+00:00","og_image":[{"width":600,"height":600,"url":"https:\/\/jeaken.com\/wp-content\/uploads\/2022\/07\/71xQMaVJaZL._AC_SL1500_.jpg","type":"image\/jpeg"}],"twitter_card":"summary_large_image","twitter_misc":{"Est. reading time":"1 minute"},"schema":{"@context":"https:\/\/schema.org","@graph":[{"@type":"WebPage","@id":"https:\/\/jeaken.com\/sv\/produkt\/coenzym-q10-200-mg-ren-ubikinon-coq10-tillagg-120-kapslar\/","url":"https:\/\/jeaken.com\/sv\/produkt\/coenzym-q10-200-mg-ren-ubikinon-coq10-tillagg-120-kapslar\/","name":"Coenzym Q10 200 mg - Ren ubikinon CoQ10 till\u00e4gg (120 kapslar) - JeaKen","isPartOf":{"@id":"https:\/\/jeaken.com\/sv\/#website"},"primaryImageOfPage":{"@id":"https:\/\/jeaken.com\/sv\/produkt\/coenzym-q10-200-mg-ren-ubikinon-coq10-tillagg-120-kapslar\/#primaryimage"},"image":{"@id":"https:\/\/jeaken.com\/sv\/produkt\/coenzym-q10-200-mg-ren-ubikinon-coq10-tillagg-120-kapslar\/#primaryimage"},"thumbnailUrl":"https:\/\/jeaken.com\/wp-content\/uploads\/2022\/07\/71xQMaVJaZL._AC_SL1500_.jpg","datePublished":"2022-07-21T18:18:22+00:00","dateModified":"2022-08-09T12:28:41+00:00","breadcrumb":{"@id":"https:\/\/jeaken.com\/sv\/produkt\/coenzym-q10-200-mg-ren-ubikinon-coq10-tillagg-120-kapslar\/#breadcrumb"},"inLanguage":"sv-SE","potentialAction":[{"@type":"ReadAction","target":["https:\/\/jeaken.com\/sv\/produkt\/coenzym-q10-200-mg-ren-ubikinon-coq10-tillagg-120-kapslar\/"]}]},{"@type":"ImageObject","inLanguage":"sv-SE","@id":"https:\/\/jeaken.com\/sv\/produkt\/coenzym-q10-200-mg-ren-ubikinon-coq10-tillagg-120-kapslar\/#primaryimage","url":"https:\/\/jeaken.com\/wp-content\/uploads\/2022\/07\/71xQMaVJaZL._AC_SL1500_.jpg","contentUrl":"https:\/\/jeaken.com\/wp-content\/uploads\/2022\/07\/71xQMaVJaZL._AC_SL1500_.jpg","width":600,"height":600,"caption":"Coenzyme Q10 200 mg - Pure Ubiquinone CoQ10 Supplement"},{"@type":"BreadcrumbList","@id":"https:\/\/jeaken.com\/sv\/produkt\/coenzym-q10-200-mg-ren-ubikinon-coq10-tillagg-120-kapslar\/#breadcrumb","itemListElement":[{"@type":"ListItem","position":1,"name":"Home","item":"https:\/\/jeaken.com\/sv\/"},{"@type":"ListItem","position":2,"name":"Private: Shop","item":"https:\/\/jeaken.com\/shop\/"},{"@type":"ListItem","position":3,"name":"Coenzym Q10 200 mg &#8211; Ren ubikinon CoQ10 till\u00e4gg (120 kapslar)"}]},{"@type":"WebSite","@id":"https:\/\/jeaken.com\/sv\/#website","url":"https:\/\/jeaken.com\/sv\/","name":"JeaKen","description":"Organic Supplements for Health, Fitness and Nutrition","publisher":{"@id":"https:\/\/jeaken.com\/sv\/#organization"},"potentialAction":[{"@type":"SearchAction","target":{"@type":"EntryPoint","urlTemplate":"https:\/\/jeaken.com\/sv\/?s={search_term_string}"},"query-input":"required name=search_term_string"}],"inLanguage":"sv-SE"},{"@type":"Organization","@id":"https:\/\/jeaken.com\/sv\/#organization","name":"JeaKen","url":"https:\/\/jeaken.com\/sv\/","logo":{"@type":"ImageObject","inLanguage":"sv-SE","@id":"https:\/\/jeaken.com\/sv\/#\/schema\/logo\/image\/","url":"https:\/\/jeaken.com\/wp-content\/uploads\/2022\/06\/jeaken-logo-23.png","contentUrl":"https:\/\/jeaken.com\/wp-content\/uploads\/2022\/06\/jeaken-logo-23.png","width":2486,"height":736,"caption":"JeaKen"},"image":{"@id":"https:\/\/jeaken.com\/sv\/#\/schema\/logo\/image\/"}}]}},"jetpack_sharing_enabled":true,"_links":{"self":[{"href":"https:\/\/jeaken.com\/sv\/wp-json\/wp\/v2\/product\/6740","targetHints":{"allow":["GET"]}}],"collection":[{"href":"https:\/\/jeaken.com\/sv\/wp-json\/wp\/v2\/product"}],"about":[{"href":"https:\/\/jeaken.com\/sv\/wp-json\/wp\/v2\/types\/product"}],"wp:featuredmedia":[{"embeddable":true,"href":"https:\/\/jeaken.com\/sv\/wp-json\/wp\/v2\/media\/2763"}],"wp:attachment":[{"href":"https:\/\/jeaken.com\/sv\/wp-json\/wp\/v2\/media?parent=6740"}],"wp:term":[{"taxonomy":"product_cat","embeddable":true,"href":"https:\/\/jeaken.com\/sv\/wp-json\/wp\/v2\/product_cat?post=6740"},{"taxonomy":"product_tag","embeddable":true,"href":"https:\/\/jeaken.com\/sv\/wp-json\/wp\/v2\/product_tag?post=6740"}],"curies":[{"name":"wp","href":"https:\/\/api.w.org\/{rel}","templated":true}]}}