{"id":6725,"date":"2022-07-21T19:18:22","date_gmt":"2022-07-21T18:18:22","guid":{"rendered":"https:\/1658920591610?product=hogkvalitativa-tabletter-med-c-vitamin-och-zink-for-att-bevara-hud-har-och-immunforsvarets-funktion"},"modified":"2022-08-09T13:27:40","modified_gmt":"2022-08-09T12:27:40","slug":"hogkvalitativa-tabletter-med-c-vitamin-och-zink-for-att-bevara-hud-har-och-immunforsvarets-funktion","status":"publish","type":"product","link":"https:\/\/jeaken.com\/sv\/produkt\/hogkvalitativa-tabletter-med-c-vitamin-och-zink-for-att-bevara-hud-har-och-immunforsvarets-funktion\/","title":{"rendered":"H\u00f6gkvalitativa tabletter med C-vitamin och zink &#8211; f\u00f6r att bevara hud, h\u00e5r och immunf\u00f6rsvarets funktion."},"content":{"rendered":"<p><strong>GER VIKTIGA VITAMINER<\/strong><\/p>\n<p><span style=\"font-weight: 400;\">C-vitamin och zink bidrar b\u00e5da till immunsystemets normala funktion samtidigt som de bidrar till att skydda cellerna fr\u00e5n oxidativ stress.<\/span><\/p>\n<p><strong>UPPMUNTRAR H\u00c4LSOSAM HORMONPRODUKTION<\/strong><\/p>\n<p><span style=\"font-weight: 400;\">Zink anses vara ett av de viktigaste n\u00e4rings\u00e4mnena f\u00f6r en frisk prostata.Zink bidrar ocks\u00e5 till en \u00f6kad produktion av testosteron, som spelar en viktig roll f\u00f6r spermaproduktionen och f\u00f6r att uppr\u00e4tth\u00e5lla spermiernas livskraft.<\/span><\/p>\n<p><strong>RIK P\u00c5 C-VITAMIN<\/strong><\/p>\n<p><span style=\"font-weight: 400;\">C-vitamin bidrar till att skydda cellerna mot oxidativa skador och till normal kollagenbildning f\u00f6r att brosk, ben, blodk\u00e4rl, tandk\u00f6tt, t\u00e4nder och hud ska fungera v\u00e4l. C-vitamin bidrar ocks\u00e5 till att underl\u00e4tta immunsystemets normala funktion under och efter fysisk tr\u00e4ning.  <\/span><\/p>\n<p><strong>ICKE GMO OCH GLUTENFRI<\/strong><\/p>\n<p><span style=\"font-weight: 400;\">V\u00e5ra C-vitamin- och zinktabletter \u00e4r l\u00e4mpliga f\u00f6r veganer och \u00e4r fria fr\u00e5n gluten, vete, mj\u00f6lkprodukter, soja, j\u00e4st, socker, natrium, artificiella aromer och s\u00f6tningsmedel.<\/span><\/p>\n<p>&nbsp;<\/p>\n","protected":false},"excerpt":{"rendered":"<h4>Ger viktiga vitaminer f\u00f6r f\u00f6rb\u00e4ttrad immunf\u00f6rsvarets funktion och hormonell h\u00e4lsa.<\/h4>\n<p>&nbsp;<\/p>\n","protected":false},"featured_media":4970,"template":"","meta":{"site-sidebar-layout":"default","site-content-layout":"default","ast-site-content-layout":"default","site-content-style":"default","site-sidebar-style":"default","ast-global-header-display":"","ast-banner-title-visibility":"","ast-main-header-display":"","ast-hfb-above-header-display":"","ast-hfb-below-header-display":"","ast-hfb-mobile-header-display":"","site-post-title":"","ast-breadcrumbs-content":"","ast-featured-img":"","footer-sml-layout":"","theme-transparent-header-meta":"default","adv-header-id-meta":"","stick-header-meta":"default","header-above-stick-meta":"","header-main-stick-meta":"","header-below-stick-meta":"","astra-migrate-meta-layouts":"default","ast-page-background-enabled":"default","ast-page-background-meta":{"desktop":{"background-color":"","background-image":"","background-repeat":"repeat","background-position":"center center","background-size":"auto","background-attachment":"scroll","background-type":"","background-media":"","overlay-type":"","overlay-color":"","overlay-opacity":"","overlay-gradient":""},"tablet":{"background-color":"","background-image":"","background-repeat":"repeat","background-position":"center center","background-size":"auto","background-attachment":"scroll","background-type":"","background-media":"","overlay-type":"","overlay-color":"","overlay-opacity":"","overlay-gradient":""},"mobile":{"background-color":"","background-image":"","background-repeat":"repeat","background-position":"center center","background-size":"auto","background-attachment":"scroll","background-type":"","background-media":"","overlay-type":"","overlay-color":"","overlay-opacity":"","overlay-gradient":""}},"ast-content-background-meta":{"desktop":{"background-color":"var(--ast-global-color-5)","background-image":"","background-repeat":"repeat","background-position":"center center","background-size":"auto","background-attachment":"scroll","background-type":"","background-media":"","overlay-type":"","overlay-color":"","overlay-opacity":"","overlay-gradient":""},"tablet":{"background-color":"var(--ast-global-color-5)","background-image":"","background-repeat":"repeat","background-position":"center center","background-size":"auto","background-attachment":"scroll","background-type":"","background-media":"","overlay-type":"","overlay-color":"","overlay-opacity":"","overlay-gradient":""},"mobile":{"background-color":"var(--ast-global-color-5)","background-image":"","background-repeat":"repeat","background-position":"center center","background-size":"auto","background-attachment":"scroll","background-type":"","background-media":"","overlay-type":"","overlay-color":"","overlay-opacity":"","overlay-gradient":""}}},"product_cat":[560,513,559],"product_tag":[],"class_list":{"0":"post-6725","1":"product","2":"type-product","3":"status-publish","4":"has-post-thumbnail","6":"product_cat-immunhalsa","7":"product_cat-mineraler","8":"product_cat-vitaminer-och-mineraler","9":"has-subscription-plans","10":"desktop-align-left","11":"tablet-align-left","12":"mobile-align-left","14":"first","15":"outofstock","16":"taxable","17":"shipping-taxable","18":"purchasable","19":"product-type-simple"},"yoast_head":"<!-- This site is optimized with the Yoast SEO plugin v22.7 - https:\/\/yoast.com\/wordpress\/plugins\/seo\/ -->\n<title>H\u00f6gkvalitativa tabletter med C-vitamin och zink - f\u00f6r att bevara hud, h\u00e5r och immunf\u00f6rsvarets funktion. - JeaKen<\/title>\n<meta name=\"robots\" content=\"index, follow, max-snippet:-1, max-image-preview:large, max-video-preview:-1\" \/>\n<link rel=\"canonical\" href=\"https:\/\/jeaken.com\/sv\/produkt\/hogkvalitativa-tabletter-med-c-vitamin-och-zink-for-att-bevara-hud-har-och-immunforsvarets-funktion\/\" \/>\n<meta property=\"og:locale\" content=\"sv_SE\" \/>\n<meta property=\"og:type\" content=\"article\" \/>\n<meta property=\"og:title\" content=\"H\u00f6gkvalitativa tabletter med C-vitamin och zink - f\u00f6r att bevara hud, h\u00e5r och immunf\u00f6rsvarets funktion. - JeaKen\" \/>\n<meta property=\"og:description\" content=\"Ger viktiga vitaminer f\u00f6r f\u00f6rb\u00e4ttrad immunf\u00f6rsvarets funktion och hormonell h\u00e4lsa. &nbsp;\" \/>\n<meta property=\"og:url\" content=\"https:\/\/jeaken.com\/sv\/produkt\/hogkvalitativa-tabletter-med-c-vitamin-och-zink-for-att-bevara-hud-har-och-immunforsvarets-funktion\/\" \/>\n<meta property=\"og:site_name\" content=\"JeaKen\" \/>\n<meta property=\"article:modified_time\" content=\"2022-08-09T12:27:40+00:00\" \/>\n<meta property=\"og:image\" content=\"https:\/\/jeaken.com\/wp-content\/uploads\/2022\/07\/71AtqG94rvL._AC_SL1500_.jpg\" \/>\n\t<meta property=\"og:image:width\" content=\"600\" \/>\n\t<meta property=\"og:image:height\" content=\"600\" \/>\n\t<meta property=\"og:image:type\" content=\"image\/jpeg\" \/>\n<meta name=\"twitter:card\" content=\"summary_large_image\" \/>\n<meta name=\"twitter:label1\" content=\"Est. reading time\" \/>\n\t<meta name=\"twitter:data1\" content=\"1 minute\" \/>\n<script type=\"application\/ld+json\" class=\"yoast-schema-graph\">{\"@context\":\"https:\/\/schema.org\",\"@graph\":[{\"@type\":\"WebPage\",\"@id\":\"https:\/\/jeaken.com\/sv\/produkt\/hogkvalitativa-tabletter-med-c-vitamin-och-zink-for-att-bevara-hud-har-och-immunforsvarets-funktion\/\",\"url\":\"https:\/\/jeaken.com\/sv\/produkt\/hogkvalitativa-tabletter-med-c-vitamin-och-zink-for-att-bevara-hud-har-och-immunforsvarets-funktion\/\",\"name\":\"H\u00f6gkvalitativa tabletter med C-vitamin och zink - f\u00f6r att bevara hud, h\u00e5r och immunf\u00f6rsvarets funktion. - JeaKen\",\"isPartOf\":{\"@id\":\"https:\/\/jeaken.com\/sv\/#website\"},\"primaryImageOfPage\":{\"@id\":\"https:\/\/jeaken.com\/sv\/produkt\/hogkvalitativa-tabletter-med-c-vitamin-och-zink-for-att-bevara-hud-har-och-immunforsvarets-funktion\/#primaryimage\"},\"image\":{\"@id\":\"https:\/\/jeaken.com\/sv\/produkt\/hogkvalitativa-tabletter-med-c-vitamin-och-zink-for-att-bevara-hud-har-och-immunforsvarets-funktion\/#primaryimage\"},\"thumbnailUrl\":\"https:\/\/jeaken.com\/wp-content\/uploads\/2022\/07\/71AtqG94rvL._AC_SL1500_.jpg\",\"datePublished\":\"2022-07-21T18:18:22+00:00\",\"dateModified\":\"2022-08-09T12:27:40+00:00\",\"breadcrumb\":{\"@id\":\"https:\/\/jeaken.com\/sv\/produkt\/hogkvalitativa-tabletter-med-c-vitamin-och-zink-for-att-bevara-hud-har-och-immunforsvarets-funktion\/#breadcrumb\"},\"inLanguage\":\"sv-SE\",\"potentialAction\":[{\"@type\":\"ReadAction\",\"target\":[\"https:\/\/jeaken.com\/sv\/produkt\/hogkvalitativa-tabletter-med-c-vitamin-och-zink-for-att-bevara-hud-har-och-immunforsvarets-funktion\/\"]}]},{\"@type\":\"ImageObject\",\"inLanguage\":\"sv-SE\",\"@id\":\"https:\/\/jeaken.com\/sv\/produkt\/hogkvalitativa-tabletter-med-c-vitamin-och-zink-for-att-bevara-hud-har-och-immunforsvarets-funktion\/#primaryimage\",\"url\":\"https:\/\/jeaken.com\/wp-content\/uploads\/2022\/07\/71AtqG94rvL._AC_SL1500_.jpg\",\"contentUrl\":\"https:\/\/jeaken.com\/wp-content\/uploads\/2022\/07\/71AtqG94rvL._AC_SL1500_.jpg\",\"width\":600,\"height\":600,\"caption\":\"Vitamin C and Zinc\"},{\"@type\":\"BreadcrumbList\",\"@id\":\"https:\/\/jeaken.com\/sv\/produkt\/hogkvalitativa-tabletter-med-c-vitamin-och-zink-for-att-bevara-hud-har-och-immunforsvarets-funktion\/#breadcrumb\",\"itemListElement\":[{\"@type\":\"ListItem\",\"position\":1,\"name\":\"Home\",\"item\":\"https:\/\/jeaken.com\/sv\/\"},{\"@type\":\"ListItem\",\"position\":2,\"name\":\"Private: Shop\",\"item\":\"https:\/\/jeaken.com\/shop\/\"},{\"@type\":\"ListItem\",\"position\":3,\"name\":\"H\u00f6gkvalitativa tabletter med C-vitamin och zink &#8211; f\u00f6r att bevara hud, h\u00e5r och immunf\u00f6rsvarets funktion.\"}]},{\"@type\":\"WebSite\",\"@id\":\"https:\/\/jeaken.com\/sv\/#website\",\"url\":\"https:\/\/jeaken.com\/sv\/\",\"name\":\"JeaKen\",\"description\":\"Organic Supplements for Health, Fitness and Nutrition\",\"publisher\":{\"@id\":\"https:\/\/jeaken.com\/sv\/#organization\"},\"potentialAction\":[{\"@type\":\"SearchAction\",\"target\":{\"@type\":\"EntryPoint\",\"urlTemplate\":\"https:\/\/jeaken.com\/sv\/?s={search_term_string}\"},\"query-input\":\"required name=search_term_string\"}],\"inLanguage\":\"sv-SE\"},{\"@type\":\"Organization\",\"@id\":\"https:\/\/jeaken.com\/sv\/#organization\",\"name\":\"JeaKen\",\"url\":\"https:\/\/jeaken.com\/sv\/\",\"logo\":{\"@type\":\"ImageObject\",\"inLanguage\":\"sv-SE\",\"@id\":\"https:\/\/jeaken.com\/sv\/#\/schema\/logo\/image\/\",\"url\":\"https:\/\/jeaken.com\/wp-content\/uploads\/2022\/06\/jeaken-logo-23.png\",\"contentUrl\":\"https:\/\/jeaken.com\/wp-content\/uploads\/2022\/06\/jeaken-logo-23.png\",\"width\":2486,\"height\":736,\"caption\":\"JeaKen\"},\"image\":{\"@id\":\"https:\/\/jeaken.com\/sv\/#\/schema\/logo\/image\/\"}}]}<\/script>\n<!-- \/ Yoast SEO plugin. -->","yoast_head_json":{"title":"H\u00f6gkvalitativa tabletter med C-vitamin och zink - f\u00f6r att bevara hud, h\u00e5r och immunf\u00f6rsvarets funktion. - JeaKen","robots":{"index":"index","follow":"follow","max-snippet":"max-snippet:-1","max-image-preview":"max-image-preview:large","max-video-preview":"max-video-preview:-1"},"canonical":"https:\/\/jeaken.com\/sv\/produkt\/hogkvalitativa-tabletter-med-c-vitamin-och-zink-for-att-bevara-hud-har-och-immunforsvarets-funktion\/","og_locale":"sv_SE","og_type":"article","og_title":"H\u00f6gkvalitativa tabletter med C-vitamin och zink - f\u00f6r att bevara hud, h\u00e5r och immunf\u00f6rsvarets funktion. - JeaKen","og_description":"Ger viktiga vitaminer f\u00f6r f\u00f6rb\u00e4ttrad immunf\u00f6rsvarets funktion och hormonell h\u00e4lsa. &nbsp;","og_url":"https:\/\/jeaken.com\/sv\/produkt\/hogkvalitativa-tabletter-med-c-vitamin-och-zink-for-att-bevara-hud-har-och-immunforsvarets-funktion\/","og_site_name":"JeaKen","article_modified_time":"2022-08-09T12:27:40+00:00","og_image":[{"width":600,"height":600,"url":"https:\/\/jeaken.com\/wp-content\/uploads\/2022\/07\/71AtqG94rvL._AC_SL1500_.jpg","type":"image\/jpeg"}],"twitter_card":"summary_large_image","twitter_misc":{"Est. reading time":"1 minute"},"schema":{"@context":"https:\/\/schema.org","@graph":[{"@type":"WebPage","@id":"https:\/\/jeaken.com\/sv\/produkt\/hogkvalitativa-tabletter-med-c-vitamin-och-zink-for-att-bevara-hud-har-och-immunforsvarets-funktion\/","url":"https:\/\/jeaken.com\/sv\/produkt\/hogkvalitativa-tabletter-med-c-vitamin-och-zink-for-att-bevara-hud-har-och-immunforsvarets-funktion\/","name":"H\u00f6gkvalitativa tabletter med C-vitamin och zink - f\u00f6r att bevara hud, h\u00e5r och immunf\u00f6rsvarets funktion. - JeaKen","isPartOf":{"@id":"https:\/\/jeaken.com\/sv\/#website"},"primaryImageOfPage":{"@id":"https:\/\/jeaken.com\/sv\/produkt\/hogkvalitativa-tabletter-med-c-vitamin-och-zink-for-att-bevara-hud-har-och-immunforsvarets-funktion\/#primaryimage"},"image":{"@id":"https:\/\/jeaken.com\/sv\/produkt\/hogkvalitativa-tabletter-med-c-vitamin-och-zink-for-att-bevara-hud-har-och-immunforsvarets-funktion\/#primaryimage"},"thumbnailUrl":"https:\/\/jeaken.com\/wp-content\/uploads\/2022\/07\/71AtqG94rvL._AC_SL1500_.jpg","datePublished":"2022-07-21T18:18:22+00:00","dateModified":"2022-08-09T12:27:40+00:00","breadcrumb":{"@id":"https:\/\/jeaken.com\/sv\/produkt\/hogkvalitativa-tabletter-med-c-vitamin-och-zink-for-att-bevara-hud-har-och-immunforsvarets-funktion\/#breadcrumb"},"inLanguage":"sv-SE","potentialAction":[{"@type":"ReadAction","target":["https:\/\/jeaken.com\/sv\/produkt\/hogkvalitativa-tabletter-med-c-vitamin-och-zink-for-att-bevara-hud-har-och-immunforsvarets-funktion\/"]}]},{"@type":"ImageObject","inLanguage":"sv-SE","@id":"https:\/\/jeaken.com\/sv\/produkt\/hogkvalitativa-tabletter-med-c-vitamin-och-zink-for-att-bevara-hud-har-och-immunforsvarets-funktion\/#primaryimage","url":"https:\/\/jeaken.com\/wp-content\/uploads\/2022\/07\/71AtqG94rvL._AC_SL1500_.jpg","contentUrl":"https:\/\/jeaken.com\/wp-content\/uploads\/2022\/07\/71AtqG94rvL._AC_SL1500_.jpg","width":600,"height":600,"caption":"Vitamin C and Zinc"},{"@type":"BreadcrumbList","@id":"https:\/\/jeaken.com\/sv\/produkt\/hogkvalitativa-tabletter-med-c-vitamin-och-zink-for-att-bevara-hud-har-och-immunforsvarets-funktion\/#breadcrumb","itemListElement":[{"@type":"ListItem","position":1,"name":"Home","item":"https:\/\/jeaken.com\/sv\/"},{"@type":"ListItem","position":2,"name":"Private: Shop","item":"https:\/\/jeaken.com\/shop\/"},{"@type":"ListItem","position":3,"name":"H\u00f6gkvalitativa tabletter med C-vitamin och zink &#8211; f\u00f6r att bevara hud, h\u00e5r och immunf\u00f6rsvarets funktion."}]},{"@type":"WebSite","@id":"https:\/\/jeaken.com\/sv\/#website","url":"https:\/\/jeaken.com\/sv\/","name":"JeaKen","description":"Organic Supplements for Health, Fitness and Nutrition","publisher":{"@id":"https:\/\/jeaken.com\/sv\/#organization"},"potentialAction":[{"@type":"SearchAction","target":{"@type":"EntryPoint","urlTemplate":"https:\/\/jeaken.com\/sv\/?s={search_term_string}"},"query-input":"required name=search_term_string"}],"inLanguage":"sv-SE"},{"@type":"Organization","@id":"https:\/\/jeaken.com\/sv\/#organization","name":"JeaKen","url":"https:\/\/jeaken.com\/sv\/","logo":{"@type":"ImageObject","inLanguage":"sv-SE","@id":"https:\/\/jeaken.com\/sv\/#\/schema\/logo\/image\/","url":"https:\/\/jeaken.com\/wp-content\/uploads\/2022\/06\/jeaken-logo-23.png","contentUrl":"https:\/\/jeaken.com\/wp-content\/uploads\/2022\/06\/jeaken-logo-23.png","width":2486,"height":736,"caption":"JeaKen"},"image":{"@id":"https:\/\/jeaken.com\/sv\/#\/schema\/logo\/image\/"}}]}},"jetpack_sharing_enabled":true,"_links":{"self":[{"href":"https:\/\/jeaken.com\/sv\/wp-json\/wp\/v2\/product\/6725","targetHints":{"allow":["GET"]}}],"collection":[{"href":"https:\/\/jeaken.com\/sv\/wp-json\/wp\/v2\/product"}],"about":[{"href":"https:\/\/jeaken.com\/sv\/wp-json\/wp\/v2\/types\/product"}],"wp:featuredmedia":[{"embeddable":true,"href":"https:\/\/jeaken.com\/sv\/wp-json\/wp\/v2\/media\/4970"}],"wp:attachment":[{"href":"https:\/\/jeaken.com\/sv\/wp-json\/wp\/v2\/media?parent=6725"}],"wp:term":[{"taxonomy":"product_cat","embeddable":true,"href":"https:\/\/jeaken.com\/sv\/wp-json\/wp\/v2\/product_cat?post=6725"},{"taxonomy":"product_tag","embeddable":true,"href":"https:\/\/jeaken.com\/sv\/wp-json\/wp\/v2\/product_tag?post=6725"}],"curies":[{"name":"wp","href":"https:\/\/api.w.org\/{rel}","templated":true}]}}