{"id":6723,"date":"2022-07-21T19:18:22","date_gmt":"2022-07-21T18:18:22","guid":{"rendered":"https:\/1658920591610?product=vitamin-c-serum-face-cream-med-hyaluronsyra-50ml"},"modified":"2022-08-14T11:16:34","modified_gmt":"2022-08-14T10:16:34","slug":"serum-a-la-vitamin-c-pour-le-visage-a-lacide-hyaluronique-serums-pour-le-visage-pour-peaux-matures-enrichis-de-vitamines-a-e-meilleur-serum-anti-age-pour-le-visage-que-le-serum-au-retinol-et-le","status":"publish","type":"product","link":"https:\/\/jeaken.com\/sv\/produkt\/serum-a-la-vitamin-c-pour-le-visage-a-lacide-hyaluronique-serums-pour-le-visage-pour-peaux-matures-enrichis-de-vitamines-a-e-meilleur-serum-anti-age-pour-le-visage-que-le-serum-au-retinol-et-le\/","title":{"rendered":"Vitamin C Serum Face Cream med hyaluronsyra (50ml)"},"content":{"rendered":"<p id=\"tw-target-text\" class=\"tw-data-text tw-text-large tw-ta\" dir=\"ltr\" data-placeholder=\"Translation\"><strong>KRAFTFULL ANTIOXIDANT<\/strong><\/p>\n<p class=\"tw-data-text tw-text-large tw-ta\" dir=\"ltr\" data-placeholder=\"Translation\"><span class=\"Y2IQFc\" lang=\"en\">  Denna produkt erbjuder en kraftfull antioxidant f\u00f6r din hud som \u00e4r extremt l\u00e4tt att l\u00e4gga till i din befintliga hudv\u00e5rdsrutin. Anv\u00e4nd den p\u00e5 morgonen f\u00f6re din fuktighetskr\u00e4m f\u00f6r att skydda din hud fr\u00e5n solens, f\u00f6roreningars och sminkets negativa inverkan. Upprepa sedan p\u00e5 kv\u00e4llen f\u00f6r att hj\u00e4lpa huden att bli av med alla fria radikaler som orsakas av stress och luftf\u00f6roreningar som skadar huden.  <\/span><\/p>\n<p class=\"tw-data-text tw-text-large tw-ta\" dir=\"ltr\" data-placeholder=\"Translation\"><strong><span class=\"Y2IQFc\" lang=\"en\">F\u00d6RST\u00c4RKT MED VITAMIN A, C OCH E<\/span><\/strong><\/p>\n<p class=\"tw-data-text tw-text-large tw-ta\" dir=\"ltr\" data-placeholder=\"Translation\"><span class=\"Y2IQFc\" lang=\"en\">Detta serum inneh\u00e5ller ett multivitaminkomplex som kombinerar vitamin A, C och E som \u00f6kar hudens lyster och vitalitet. Serumet \u00e4r blandat med morotsinfusion och stimulerar kollagenproduktionen och minskar synligheten av fina linjer och rynkor.  <\/span><\/p>\n<p class=\"tw-data-text tw-text-large tw-ta\" dir=\"ltr\" data-placeholder=\"Translation\"><strong><span class=\"Y2IQFc\" lang=\"en\">EFFEKTIV ANTI-AGEING-FORMULA  <\/span><\/strong><\/p>\n<p class=\"tw-data-text tw-text-large tw-ta\" dir=\"ltr\" data-placeholder=\"Translation\"><span class=\"Y2IQFc\" lang=\"en\">Med naturliga anti-ageing- och antirynkegenskaper kan detta serum effektivt reducera uppkomsten av \u00e5ldersfl\u00e4ckar, blemmor, rynkor och fina linjer. Den drar ocks\u00e5 ihop porerna och f\u00f6rb\u00e4ttrar effektiviteten av din solkr\u00e4m och lotion, vilket ger dig en str\u00e5lande och h\u00e4lsosam gl\u00f6d.  <\/span><\/p>\n<p class=\"tw-data-text tw-text-large tw-ta\" dir=\"ltr\" data-placeholder=\"Translation\"><strong><span class=\"Y2IQFc\" lang=\"en\">SUPERFOOD F\u00d6R DIN HUD UTAN OLJIGA RESTER  <\/span><\/strong><\/p>\n<p class=\"tw-data-text tw-text-large tw-ta\" dir=\"ltr\" data-placeholder=\"Translation\"><span class=\"Y2IQFc\" lang=\"en\">V\u00e5rt premiumserum k\u00e4nns bra p\u00e5 huden, absorberas snabbt och \u00e4r perfekt f\u00f6r alla hudtyper.<\/span><\/p>\n<p class=\"tw-data-text tw-text-large tw-ta\" dir=\"ltr\" data-placeholder=\"Translation\">\n","protected":false},"excerpt":{"rendered":"<h4>Snabbverkande, veganv\u00e4nligt anti-ageing ansiktsserum f\u00f6r mogen hud.<\/h4>\n","protected":false},"featured_media":4913,"template":"","meta":{"site-sidebar-layout":"default","site-content-layout":"default","ast-site-content-layout":"default","site-content-style":"default","site-sidebar-style":"default","ast-global-header-display":"","ast-banner-title-visibility":"","ast-main-header-display":"","ast-hfb-above-header-display":"","ast-hfb-below-header-display":"","ast-hfb-mobile-header-display":"","site-post-title":"","ast-breadcrumbs-content":"","ast-featured-img":"","footer-sml-layout":"","theme-transparent-header-meta":"default","adv-header-id-meta":"","stick-header-meta":"default","header-above-stick-meta":"","header-main-stick-meta":"","header-below-stick-meta":"","astra-migrate-meta-layouts":"default","ast-page-background-enabled":"default","ast-page-background-meta":{"desktop":{"background-color":"","background-image":"","background-repeat":"repeat","background-position":"center center","background-size":"auto","background-attachment":"scroll","background-type":"","background-media":"","overlay-type":"","overlay-color":"","overlay-opacity":"","overlay-gradient":""},"tablet":{"background-color":"","background-image":"","background-repeat":"repeat","background-position":"center center","background-size":"auto","background-attachment":"scroll","background-type":"","background-media":"","overlay-type":"","overlay-color":"","overlay-opacity":"","overlay-gradient":""},"mobile":{"background-color":"","background-image":"","background-repeat":"repeat","background-position":"center center","background-size":"auto","background-attachment":"scroll","background-type":"","background-media":"","overlay-type":"","overlay-color":"","overlay-opacity":"","overlay-gradient":""}},"ast-content-background-meta":{"desktop":{"background-color":"var(--ast-global-color-5)","background-image":"","background-repeat":"repeat","background-position":"center center","background-size":"auto","background-attachment":"scroll","background-type":"","background-media":"","overlay-type":"","overlay-color":"","overlay-opacity":"","overlay-gradient":""},"tablet":{"background-color":"var(--ast-global-color-5)","background-image":"","background-repeat":"repeat","background-position":"center center","background-size":"auto","background-attachment":"scroll","background-type":"","background-media":"","overlay-type":"","overlay-color":"","overlay-opacity":"","overlay-gradient":""},"mobile":{"background-color":"var(--ast-global-color-5)","background-image":"","background-repeat":"repeat","background-position":"center center","background-size":"auto","background-attachment":"scroll","background-type":"","background-media":"","overlay-type":"","overlay-color":"","overlay-opacity":"","overlay-gradient":""}}},"product_cat":[554,515],"product_tag":[],"class_list":{"0":"post-6723","1":"product","2":"type-product","3":"status-publish","4":"has-post-thumbnail","6":"product_cat-anti-aging-sv","7":"product_cat-naturlig-skonhet","8":"has-subscription-plans","9":"desktop-align-left","10":"tablet-align-left","11":"mobile-align-left","13":"first","14":"outofstock","15":"taxable","16":"shipping-taxable","17":"purchasable","18":"product-type-simple"},"yoast_head":"<!-- This site is optimized with the Yoast SEO plugin v22.7 - https:\/\/yoast.com\/wordpress\/plugins\/seo\/ -->\n<title>Vitamin C Serum Face Cream med hyaluronsyra (50ml) - JeaKen<\/title>\n<meta name=\"robots\" content=\"index, follow, max-snippet:-1, max-image-preview:large, max-video-preview:-1\" \/>\n<link rel=\"canonical\" href=\"https:\/\/jeaken.com\/sv\/produkt\/serum-a-la-vitamin-c-pour-le-visage-a-lacide-hyaluronique-serums-pour-le-visage-pour-peaux-matures-enrichis-de-vitamines-a-e-meilleur-serum-anti-age-pour-le-visage-que-le-serum-au-retinol-et-le\/\" \/>\n<meta property=\"og:locale\" content=\"sv_SE\" \/>\n<meta property=\"og:type\" content=\"article\" \/>\n<meta property=\"og:title\" content=\"Vitamin C Serum Face Cream med hyaluronsyra (50ml) - JeaKen\" \/>\n<meta property=\"og:description\" content=\"Snabbverkande, veganv\u00e4nligt anti-ageing ansiktsserum f\u00f6r mogen hud.\" \/>\n<meta property=\"og:url\" content=\"https:\/\/jeaken.com\/sv\/produkt\/serum-a-la-vitamin-c-pour-le-visage-a-lacide-hyaluronique-serums-pour-le-visage-pour-peaux-matures-enrichis-de-vitamines-a-e-meilleur-serum-anti-age-pour-le-visage-que-le-serum-au-retinol-et-le\/\" \/>\n<meta property=\"og:site_name\" content=\"JeaKen\" \/>\n<meta property=\"article:modified_time\" content=\"2022-08-14T10:16:34+00:00\" \/>\n<meta property=\"og:image\" content=\"https:\/\/jeaken.com\/wp-content\/uploads\/2022\/07\/71IAOcJXCiL._AC_SL1500_.jpg\" \/>\n\t<meta property=\"og:image:width\" content=\"600\" \/>\n\t<meta property=\"og:image:height\" content=\"600\" \/>\n\t<meta property=\"og:image:type\" content=\"image\/jpeg\" \/>\n<meta name=\"twitter:card\" content=\"summary_large_image\" \/>\n<meta name=\"twitter:label1\" content=\"Est. reading time\" \/>\n\t<meta name=\"twitter:data1\" content=\"1 minute\" \/>\n<script type=\"application\/ld+json\" class=\"yoast-schema-graph\">{\"@context\":\"https:\/\/schema.org\",\"@graph\":[{\"@type\":\"WebPage\",\"@id\":\"https:\/\/jeaken.com\/sv\/produkt\/serum-a-la-vitamin-c-pour-le-visage-a-lacide-hyaluronique-serums-pour-le-visage-pour-peaux-matures-enrichis-de-vitamines-a-e-meilleur-serum-anti-age-pour-le-visage-que-le-serum-au-retinol-et-le\/\",\"url\":\"https:\/\/jeaken.com\/sv\/produkt\/serum-a-la-vitamin-c-pour-le-visage-a-lacide-hyaluronique-serums-pour-le-visage-pour-peaux-matures-enrichis-de-vitamines-a-e-meilleur-serum-anti-age-pour-le-visage-que-le-serum-au-retinol-et-le\/\",\"name\":\"Vitamin C Serum Face Cream med hyaluronsyra (50ml) - JeaKen\",\"isPartOf\":{\"@id\":\"https:\/\/jeaken.com\/sv\/#website\"},\"primaryImageOfPage\":{\"@id\":\"https:\/\/jeaken.com\/sv\/produkt\/serum-a-la-vitamin-c-pour-le-visage-a-lacide-hyaluronique-serums-pour-le-visage-pour-peaux-matures-enrichis-de-vitamines-a-e-meilleur-serum-anti-age-pour-le-visage-que-le-serum-au-retinol-et-le\/#primaryimage\"},\"image\":{\"@id\":\"https:\/\/jeaken.com\/sv\/produkt\/serum-a-la-vitamin-c-pour-le-visage-a-lacide-hyaluronique-serums-pour-le-visage-pour-peaux-matures-enrichis-de-vitamines-a-e-meilleur-serum-anti-age-pour-le-visage-que-le-serum-au-retinol-et-le\/#primaryimage\"},\"thumbnailUrl\":\"https:\/\/jeaken.com\/wp-content\/uploads\/2022\/07\/71IAOcJXCiL._AC_SL1500_.jpg\",\"datePublished\":\"2022-07-21T18:18:22+00:00\",\"dateModified\":\"2022-08-14T10:16:34+00:00\",\"breadcrumb\":{\"@id\":\"https:\/\/jeaken.com\/sv\/produkt\/serum-a-la-vitamin-c-pour-le-visage-a-lacide-hyaluronique-serums-pour-le-visage-pour-peaux-matures-enrichis-de-vitamines-a-e-meilleur-serum-anti-age-pour-le-visage-que-le-serum-au-retinol-et-le\/#breadcrumb\"},\"inLanguage\":\"sv-SE\",\"potentialAction\":[{\"@type\":\"ReadAction\",\"target\":[\"https:\/\/jeaken.com\/sv\/produkt\/serum-a-la-vitamin-c-pour-le-visage-a-lacide-hyaluronique-serums-pour-le-visage-pour-peaux-matures-enrichis-de-vitamines-a-e-meilleur-serum-anti-age-pour-le-visage-que-le-serum-au-retinol-et-le\/\"]}]},{\"@type\":\"ImageObject\",\"inLanguage\":\"sv-SE\",\"@id\":\"https:\/\/jeaken.com\/sv\/produkt\/serum-a-la-vitamin-c-pour-le-visage-a-lacide-hyaluronique-serums-pour-le-visage-pour-peaux-matures-enrichis-de-vitamines-a-e-meilleur-serum-anti-age-pour-le-visage-que-le-serum-au-retinol-et-le\/#primaryimage\",\"url\":\"https:\/\/jeaken.com\/wp-content\/uploads\/2022\/07\/71IAOcJXCiL._AC_SL1500_.jpg\",\"contentUrl\":\"https:\/\/jeaken.com\/wp-content\/uploads\/2022\/07\/71IAOcJXCiL._AC_SL1500_.jpg\",\"width\":600,\"height\":600,\"caption\":\"Vitamin C Serum Face Cream\"},{\"@type\":\"BreadcrumbList\",\"@id\":\"https:\/\/jeaken.com\/sv\/produkt\/serum-a-la-vitamin-c-pour-le-visage-a-lacide-hyaluronique-serums-pour-le-visage-pour-peaux-matures-enrichis-de-vitamines-a-e-meilleur-serum-anti-age-pour-le-visage-que-le-serum-au-retinol-et-le\/#breadcrumb\",\"itemListElement\":[{\"@type\":\"ListItem\",\"position\":1,\"name\":\"Home\",\"item\":\"https:\/\/jeaken.com\/sv\/\"},{\"@type\":\"ListItem\",\"position\":2,\"name\":\"Private: Shop\",\"item\":\"https:\/\/jeaken.com\/shop\/\"},{\"@type\":\"ListItem\",\"position\":3,\"name\":\"Vitamin C Serum Face Cream med hyaluronsyra (50ml)\"}]},{\"@type\":\"WebSite\",\"@id\":\"https:\/\/jeaken.com\/sv\/#website\",\"url\":\"https:\/\/jeaken.com\/sv\/\",\"name\":\"JeaKen\",\"description\":\"Organic Supplements for Health, Fitness and Nutrition\",\"publisher\":{\"@id\":\"https:\/\/jeaken.com\/sv\/#organization\"},\"potentialAction\":[{\"@type\":\"SearchAction\",\"target\":{\"@type\":\"EntryPoint\",\"urlTemplate\":\"https:\/\/jeaken.com\/sv\/?s={search_term_string}\"},\"query-input\":\"required name=search_term_string\"}],\"inLanguage\":\"sv-SE\"},{\"@type\":\"Organization\",\"@id\":\"https:\/\/jeaken.com\/sv\/#organization\",\"name\":\"JeaKen\",\"url\":\"https:\/\/jeaken.com\/sv\/\",\"logo\":{\"@type\":\"ImageObject\",\"inLanguage\":\"sv-SE\",\"@id\":\"https:\/\/jeaken.com\/sv\/#\/schema\/logo\/image\/\",\"url\":\"https:\/\/jeaken.com\/wp-content\/uploads\/2022\/06\/jeaken-logo-23.png\",\"contentUrl\":\"https:\/\/jeaken.com\/wp-content\/uploads\/2022\/06\/jeaken-logo-23.png\",\"width\":2486,\"height\":736,\"caption\":\"JeaKen\"},\"image\":{\"@id\":\"https:\/\/jeaken.com\/sv\/#\/schema\/logo\/image\/\"}}]}<\/script>\n<!-- \/ Yoast SEO plugin. -->","yoast_head_json":{"title":"Vitamin C Serum Face Cream med hyaluronsyra (50ml) - JeaKen","robots":{"index":"index","follow":"follow","max-snippet":"max-snippet:-1","max-image-preview":"max-image-preview:large","max-video-preview":"max-video-preview:-1"},"canonical":"https:\/\/jeaken.com\/sv\/produkt\/serum-a-la-vitamin-c-pour-le-visage-a-lacide-hyaluronique-serums-pour-le-visage-pour-peaux-matures-enrichis-de-vitamines-a-e-meilleur-serum-anti-age-pour-le-visage-que-le-serum-au-retinol-et-le\/","og_locale":"sv_SE","og_type":"article","og_title":"Vitamin C Serum Face Cream med hyaluronsyra (50ml) - JeaKen","og_description":"Snabbverkande, veganv\u00e4nligt anti-ageing ansiktsserum f\u00f6r mogen hud.","og_url":"https:\/\/jeaken.com\/sv\/produkt\/serum-a-la-vitamin-c-pour-le-visage-a-lacide-hyaluronique-serums-pour-le-visage-pour-peaux-matures-enrichis-de-vitamines-a-e-meilleur-serum-anti-age-pour-le-visage-que-le-serum-au-retinol-et-le\/","og_site_name":"JeaKen","article_modified_time":"2022-08-14T10:16:34+00:00","og_image":[{"width":600,"height":600,"url":"https:\/\/jeaken.com\/wp-content\/uploads\/2022\/07\/71IAOcJXCiL._AC_SL1500_.jpg","type":"image\/jpeg"}],"twitter_card":"summary_large_image","twitter_misc":{"Est. reading time":"1 minute"},"schema":{"@context":"https:\/\/schema.org","@graph":[{"@type":"WebPage","@id":"https:\/\/jeaken.com\/sv\/produkt\/serum-a-la-vitamin-c-pour-le-visage-a-lacide-hyaluronique-serums-pour-le-visage-pour-peaux-matures-enrichis-de-vitamines-a-e-meilleur-serum-anti-age-pour-le-visage-que-le-serum-au-retinol-et-le\/","url":"https:\/\/jeaken.com\/sv\/produkt\/serum-a-la-vitamin-c-pour-le-visage-a-lacide-hyaluronique-serums-pour-le-visage-pour-peaux-matures-enrichis-de-vitamines-a-e-meilleur-serum-anti-age-pour-le-visage-que-le-serum-au-retinol-et-le\/","name":"Vitamin C Serum Face Cream med hyaluronsyra (50ml) - JeaKen","isPartOf":{"@id":"https:\/\/jeaken.com\/sv\/#website"},"primaryImageOfPage":{"@id":"https:\/\/jeaken.com\/sv\/produkt\/serum-a-la-vitamin-c-pour-le-visage-a-lacide-hyaluronique-serums-pour-le-visage-pour-peaux-matures-enrichis-de-vitamines-a-e-meilleur-serum-anti-age-pour-le-visage-que-le-serum-au-retinol-et-le\/#primaryimage"},"image":{"@id":"https:\/\/jeaken.com\/sv\/produkt\/serum-a-la-vitamin-c-pour-le-visage-a-lacide-hyaluronique-serums-pour-le-visage-pour-peaux-matures-enrichis-de-vitamines-a-e-meilleur-serum-anti-age-pour-le-visage-que-le-serum-au-retinol-et-le\/#primaryimage"},"thumbnailUrl":"https:\/\/jeaken.com\/wp-content\/uploads\/2022\/07\/71IAOcJXCiL._AC_SL1500_.jpg","datePublished":"2022-07-21T18:18:22+00:00","dateModified":"2022-08-14T10:16:34+00:00","breadcrumb":{"@id":"https:\/\/jeaken.com\/sv\/produkt\/serum-a-la-vitamin-c-pour-le-visage-a-lacide-hyaluronique-serums-pour-le-visage-pour-peaux-matures-enrichis-de-vitamines-a-e-meilleur-serum-anti-age-pour-le-visage-que-le-serum-au-retinol-et-le\/#breadcrumb"},"inLanguage":"sv-SE","potentialAction":[{"@type":"ReadAction","target":["https:\/\/jeaken.com\/sv\/produkt\/serum-a-la-vitamin-c-pour-le-visage-a-lacide-hyaluronique-serums-pour-le-visage-pour-peaux-matures-enrichis-de-vitamines-a-e-meilleur-serum-anti-age-pour-le-visage-que-le-serum-au-retinol-et-le\/"]}]},{"@type":"ImageObject","inLanguage":"sv-SE","@id":"https:\/\/jeaken.com\/sv\/produkt\/serum-a-la-vitamin-c-pour-le-visage-a-lacide-hyaluronique-serums-pour-le-visage-pour-peaux-matures-enrichis-de-vitamines-a-e-meilleur-serum-anti-age-pour-le-visage-que-le-serum-au-retinol-et-le\/#primaryimage","url":"https:\/\/jeaken.com\/wp-content\/uploads\/2022\/07\/71IAOcJXCiL._AC_SL1500_.jpg","contentUrl":"https:\/\/jeaken.com\/wp-content\/uploads\/2022\/07\/71IAOcJXCiL._AC_SL1500_.jpg","width":600,"height":600,"caption":"Vitamin C Serum Face Cream"},{"@type":"BreadcrumbList","@id":"https:\/\/jeaken.com\/sv\/produkt\/serum-a-la-vitamin-c-pour-le-visage-a-lacide-hyaluronique-serums-pour-le-visage-pour-peaux-matures-enrichis-de-vitamines-a-e-meilleur-serum-anti-age-pour-le-visage-que-le-serum-au-retinol-et-le\/#breadcrumb","itemListElement":[{"@type":"ListItem","position":1,"name":"Home","item":"https:\/\/jeaken.com\/sv\/"},{"@type":"ListItem","position":2,"name":"Private: Shop","item":"https:\/\/jeaken.com\/shop\/"},{"@type":"ListItem","position":3,"name":"Vitamin C Serum Face Cream med hyaluronsyra (50ml)"}]},{"@type":"WebSite","@id":"https:\/\/jeaken.com\/sv\/#website","url":"https:\/\/jeaken.com\/sv\/","name":"JeaKen","description":"Organic Supplements for Health, Fitness and Nutrition","publisher":{"@id":"https:\/\/jeaken.com\/sv\/#organization"},"potentialAction":[{"@type":"SearchAction","target":{"@type":"EntryPoint","urlTemplate":"https:\/\/jeaken.com\/sv\/?s={search_term_string}"},"query-input":"required name=search_term_string"}],"inLanguage":"sv-SE"},{"@type":"Organization","@id":"https:\/\/jeaken.com\/sv\/#organization","name":"JeaKen","url":"https:\/\/jeaken.com\/sv\/","logo":{"@type":"ImageObject","inLanguage":"sv-SE","@id":"https:\/\/jeaken.com\/sv\/#\/schema\/logo\/image\/","url":"https:\/\/jeaken.com\/wp-content\/uploads\/2022\/06\/jeaken-logo-23.png","contentUrl":"https:\/\/jeaken.com\/wp-content\/uploads\/2022\/06\/jeaken-logo-23.png","width":2486,"height":736,"caption":"JeaKen"},"image":{"@id":"https:\/\/jeaken.com\/sv\/#\/schema\/logo\/image\/"}}]}},"jetpack_sharing_enabled":true,"_links":{"self":[{"href":"https:\/\/jeaken.com\/sv\/wp-json\/wp\/v2\/product\/6723","targetHints":{"allow":["GET"]}}],"collection":[{"href":"https:\/\/jeaken.com\/sv\/wp-json\/wp\/v2\/product"}],"about":[{"href":"https:\/\/jeaken.com\/sv\/wp-json\/wp\/v2\/types\/product"}],"wp:featuredmedia":[{"embeddable":true,"href":"https:\/\/jeaken.com\/sv\/wp-json\/wp\/v2\/media\/4913"}],"wp:attachment":[{"href":"https:\/\/jeaken.com\/sv\/wp-json\/wp\/v2\/media?parent=6723"}],"wp:term":[{"taxonomy":"product_cat","embeddable":true,"href":"https:\/\/jeaken.com\/sv\/wp-json\/wp\/v2\/product_cat?post=6723"},{"taxonomy":"product_tag","embeddable":true,"href":"https:\/\/jeaken.com\/sv\/wp-json\/wp\/v2\/product_tag?post=6723"}],"curies":[{"name":"wp","href":"https:\/\/api.w.org\/{rel}","templated":true}]}}