{"id":6687,"date":"2022-07-21T19:18:22","date_gmt":"2022-07-21T18:18:22","guid":{"rendered":"https:\/1658920591610?product=lotion-for-avlagsnande-av-bristningar-innehaller-essentiella-oljor-och-extrakt-for-att-reducera-arr-och-bristningar-50-ml"},"modified":"2022-08-09T13:26:39","modified_gmt":"2022-08-09T12:26:39","slug":"lotion-for-avlagsnande-av-bristningar-innehaller-essentiella-oljor-och-extrakt-for-att-reducera-arr-och-bristningar-50-ml","status":"publish","type":"product","link":"https:\/\/jeaken.com\/sv\/produkt\/lotion-for-avlagsnande-av-bristningar-innehaller-essentiella-oljor-och-extrakt-for-att-reducera-arr-och-bristningar-50-ml\/","title":{"rendered":"Lotion f\u00f6r avl\u00e4gsnande av bristningar &#8211; inneh\u00e5ller essentiella oljor och extrakt f\u00f6r att reducera \u00e4rr och bristningar. 50 ml"},"content":{"rendered":"<p><strong><span class=\"a-list-item\">ERBJUDER FLERA F\u00d6RDELAR<\/span><\/strong><\/p>\n<p><span class=\"a-list-item\">Denna kraftfulla lotion \u00e4r utformad f\u00f6r behandling av bristningar f\u00f6re och efter f\u00f6dseln och tonar och stramar upp samtidigt som den fr\u00e4mjar cellf\u00f6rnyelse och f\u00f6rb\u00e4ttrar hudens elasticitet.<\/span><\/p>\n<p><strong><span class=\"a-list-item\">LJUSAR UPP OCH TAR BORT \u00c4RR  <\/span><\/strong><\/p>\n<p><span class=\"a-list-item\">V\u00e5rt unika serum passar alla hudtyper och gravida kvinnor och hj\u00e4lper till att f\u00f6rb\u00e4ttra utseendet p\u00e5 nya och gamla \u00e4rr, bristningar och oj\u00e4mn hudton.<\/span><\/p>\n<p><strong><span class=\"a-list-item\">INNEH\u00c5LLER NATURLIGA INGREDIENSER  <\/span><\/strong><\/p>\n<p><span class=\"a-list-item\">Denna milda kroppslotion inneh\u00e5ller en rad fruktextrakt och eteriska oljor som verkar p\u00e5 flera olika s\u00e4tt f\u00f6r att mjuka upp och reducera \u00e4rrv\u00e4vnad och str\u00e4ckm\u00e4rken.  <\/span><\/p>\n<p><strong><span class=\"a-list-item\">ABSORBERAS SNABBT  <\/span><\/strong><\/p>\n<p><span class=\"a-list-item\">Vi har kombinerat de b\u00e4sta eteriska oljorna och extrakten f\u00f6r att skapa en delikat lotion som snabbt absorberas av huden.<\/span><\/p>\n<p>&nbsp;<\/p>\n","protected":false},"excerpt":{"rendered":"<h4 id=\"title\" class=\"a-size-large a-spacing-none\"><span id=\"productTitle\" class=\"a-size-large product-title-word-break\">En mild och naturlig formel som f\u00f6rb\u00e4ttrar utseendet p\u00e5 o\u00f6nskade hudfl\u00e4ckar.<\/span><\/h4>\n<h4 class=\"a-size-large a-spacing-none\"><\/h4>\n","protected":false},"featured_media":5214,"template":"","meta":{"site-sidebar-layout":"default","site-content-layout":"default","ast-site-content-layout":"default","site-content-style":"default","site-sidebar-style":"default","ast-global-header-display":"","ast-banner-title-visibility":"","ast-main-header-display":"","ast-hfb-above-header-display":"","ast-hfb-below-header-display":"","ast-hfb-mobile-header-display":"","site-post-title":"","ast-breadcrumbs-content":"","ast-featured-img":"","footer-sml-layout":"","theme-transparent-header-meta":"default","adv-header-id-meta":"","stick-header-meta":"default","header-above-stick-meta":"","header-main-stick-meta":"","header-below-stick-meta":"","astra-migrate-meta-layouts":"default","ast-page-background-enabled":"default","ast-page-background-meta":{"desktop":{"background-color":"","background-image":"","background-repeat":"repeat","background-position":"center center","background-size":"auto","background-attachment":"scroll","background-type":"","background-media":"","overlay-type":"","overlay-color":"","overlay-opacity":"","overlay-gradient":""},"tablet":{"background-color":"","background-image":"","background-repeat":"repeat","background-position":"center center","background-size":"auto","background-attachment":"scroll","background-type":"","background-media":"","overlay-type":"","overlay-color":"","overlay-opacity":"","overlay-gradient":""},"mobile":{"background-color":"","background-image":"","background-repeat":"repeat","background-position":"center center","background-size":"auto","background-attachment":"scroll","background-type":"","background-media":"","overlay-type":"","overlay-color":"","overlay-opacity":"","overlay-gradient":""}},"ast-content-background-meta":{"desktop":{"background-color":"var(--ast-global-color-5)","background-image":"","background-repeat":"repeat","background-position":"center center","background-size":"auto","background-attachment":"scroll","background-type":"","background-media":"","overlay-type":"","overlay-color":"","overlay-opacity":"","overlay-gradient":""},"tablet":{"background-color":"var(--ast-global-color-5)","background-image":"","background-repeat":"repeat","background-position":"center center","background-size":"auto","background-attachment":"scroll","background-type":"","background-media":"","overlay-type":"","overlay-color":"","overlay-opacity":"","overlay-gradient":""},"mobile":{"background-color":"var(--ast-global-color-5)","background-image":"","background-repeat":"repeat","background-position":"center center","background-size":"auto","background-attachment":"scroll","background-type":"","background-media":"","overlay-type":"","overlay-color":"","overlay-opacity":"","overlay-gradient":""}}},"product_cat":[513,515,517],"product_tag":[],"class_list":{"0":"post-6687","1":"product","2":"type-product","3":"status-publish","4":"has-post-thumbnail","6":"product_cat-mineraler","7":"product_cat-naturlig-skonhet","8":"product_cat-strackmarken-och-celluliter","9":"has-subscription-plans","10":"desktop-align-left","11":"tablet-align-left","12":"mobile-align-left","14":"first","15":"instock","16":"taxable","17":"shipping-taxable","18":"purchasable","19":"product-type-simple"},"yoast_head":"<!-- This site is optimized with the Yoast SEO plugin v22.7 - https:\/\/yoast.com\/wordpress\/plugins\/seo\/ -->\n<title>Lotion f\u00f6r avl\u00e4gsnande av bristningar - inneh\u00e5ller essentiella oljor och extrakt f\u00f6r att reducera \u00e4rr och bristningar. 50 ml - JeaKen<\/title>\n<meta name=\"robots\" content=\"index, follow, max-snippet:-1, max-image-preview:large, max-video-preview:-1\" \/>\n<link rel=\"canonical\" href=\"https:\/\/jeaken.com\/sv\/produkt\/lotion-for-avlagsnande-av-bristningar-innehaller-essentiella-oljor-och-extrakt-for-att-reducera-arr-och-bristningar-50-ml\/\" \/>\n<meta property=\"og:locale\" content=\"sv_SE\" \/>\n<meta property=\"og:type\" content=\"article\" \/>\n<meta property=\"og:title\" content=\"Lotion f\u00f6r avl\u00e4gsnande av bristningar - inneh\u00e5ller essentiella oljor och extrakt f\u00f6r att reducera \u00e4rr och bristningar. 50 ml - JeaKen\" \/>\n<meta property=\"og:description\" content=\"En mild och naturlig formel som f\u00f6rb\u00e4ttrar utseendet p\u00e5 o\u00f6nskade hudfl\u00e4ckar.\" \/>\n<meta property=\"og:url\" content=\"https:\/\/jeaken.com\/sv\/produkt\/lotion-for-avlagsnande-av-bristningar-innehaller-essentiella-oljor-och-extrakt-for-att-reducera-arr-och-bristningar-50-ml\/\" \/>\n<meta property=\"og:site_name\" content=\"JeaKen\" \/>\n<meta property=\"article:modified_time\" content=\"2022-08-09T12:26:39+00:00\" \/>\n<meta property=\"og:image\" content=\"https:\/\/jeaken.com\/wp-content\/uploads\/2022\/07\/81dxVnM0XyL._AC_SL1500_.jpg\" \/>\n\t<meta property=\"og:image:width\" content=\"600\" \/>\n\t<meta property=\"og:image:height\" content=\"600\" \/>\n\t<meta property=\"og:image:type\" content=\"image\/jpeg\" \/>\n<meta name=\"twitter:card\" content=\"summary_large_image\" \/>\n<meta name=\"twitter:label1\" content=\"Est. reading time\" \/>\n\t<meta name=\"twitter:data1\" content=\"1 minute\" \/>\n<script type=\"application\/ld+json\" class=\"yoast-schema-graph\">{\"@context\":\"https:\/\/schema.org\",\"@graph\":[{\"@type\":\"WebPage\",\"@id\":\"https:\/\/jeaken.com\/sv\/produkt\/lotion-for-avlagsnande-av-bristningar-innehaller-essentiella-oljor-och-extrakt-for-att-reducera-arr-och-bristningar-50-ml\/\",\"url\":\"https:\/\/jeaken.com\/sv\/produkt\/lotion-for-avlagsnande-av-bristningar-innehaller-essentiella-oljor-och-extrakt-for-att-reducera-arr-och-bristningar-50-ml\/\",\"name\":\"Lotion f\u00f6r avl\u00e4gsnande av bristningar - inneh\u00e5ller essentiella oljor och extrakt f\u00f6r att reducera \u00e4rr och bristningar. 50 ml - JeaKen\",\"isPartOf\":{\"@id\":\"https:\/\/jeaken.com\/sv\/#website\"},\"primaryImageOfPage\":{\"@id\":\"https:\/\/jeaken.com\/sv\/produkt\/lotion-for-avlagsnande-av-bristningar-innehaller-essentiella-oljor-och-extrakt-for-att-reducera-arr-och-bristningar-50-ml\/#primaryimage\"},\"image\":{\"@id\":\"https:\/\/jeaken.com\/sv\/produkt\/lotion-for-avlagsnande-av-bristningar-innehaller-essentiella-oljor-och-extrakt-for-att-reducera-arr-och-bristningar-50-ml\/#primaryimage\"},\"thumbnailUrl\":\"https:\/\/jeaken.com\/wp-content\/uploads\/2022\/07\/81dxVnM0XyL._AC_SL1500_.jpg\",\"datePublished\":\"2022-07-21T18:18:22+00:00\",\"dateModified\":\"2022-08-09T12:26:39+00:00\",\"breadcrumb\":{\"@id\":\"https:\/\/jeaken.com\/sv\/produkt\/lotion-for-avlagsnande-av-bristningar-innehaller-essentiella-oljor-och-extrakt-for-att-reducera-arr-och-bristningar-50-ml\/#breadcrumb\"},\"inLanguage\":\"sv-SE\",\"potentialAction\":[{\"@type\":\"ReadAction\",\"target\":[\"https:\/\/jeaken.com\/sv\/produkt\/lotion-for-avlagsnande-av-bristningar-innehaller-essentiella-oljor-och-extrakt-for-att-reducera-arr-och-bristningar-50-ml\/\"]}]},{\"@type\":\"ImageObject\",\"inLanguage\":\"sv-SE\",\"@id\":\"https:\/\/jeaken.com\/sv\/produkt\/lotion-for-avlagsnande-av-bristningar-innehaller-essentiella-oljor-och-extrakt-for-att-reducera-arr-och-bristningar-50-ml\/#primaryimage\",\"url\":\"https:\/\/jeaken.com\/wp-content\/uploads\/2022\/07\/81dxVnM0XyL._AC_SL1500_.jpg\",\"contentUrl\":\"https:\/\/jeaken.com\/wp-content\/uploads\/2022\/07\/81dxVnM0XyL._AC_SL1500_.jpg\",\"width\":600,\"height\":600,\"caption\":\"Stretch Mark Removal Lotion\"},{\"@type\":\"BreadcrumbList\",\"@id\":\"https:\/\/jeaken.com\/sv\/produkt\/lotion-for-avlagsnande-av-bristningar-innehaller-essentiella-oljor-och-extrakt-for-att-reducera-arr-och-bristningar-50-ml\/#breadcrumb\",\"itemListElement\":[{\"@type\":\"ListItem\",\"position\":1,\"name\":\"Home\",\"item\":\"https:\/\/jeaken.com\/sv\/\"},{\"@type\":\"ListItem\",\"position\":2,\"name\":\"Private: Shop\",\"item\":\"https:\/\/jeaken.com\/shop\/\"},{\"@type\":\"ListItem\",\"position\":3,\"name\":\"Lotion f\u00f6r avl\u00e4gsnande av bristningar &#8211; inneh\u00e5ller essentiella oljor och extrakt f\u00f6r att reducera \u00e4rr och bristningar. 50 ml\"}]},{\"@type\":\"WebSite\",\"@id\":\"https:\/\/jeaken.com\/sv\/#website\",\"url\":\"https:\/\/jeaken.com\/sv\/\",\"name\":\"JeaKen\",\"description\":\"Organic Supplements for Health, Fitness and Nutrition\",\"publisher\":{\"@id\":\"https:\/\/jeaken.com\/sv\/#organization\"},\"potentialAction\":[{\"@type\":\"SearchAction\",\"target\":{\"@type\":\"EntryPoint\",\"urlTemplate\":\"https:\/\/jeaken.com\/sv\/?s={search_term_string}\"},\"query-input\":\"required name=search_term_string\"}],\"inLanguage\":\"sv-SE\"},{\"@type\":\"Organization\",\"@id\":\"https:\/\/jeaken.com\/sv\/#organization\",\"name\":\"JeaKen\",\"url\":\"https:\/\/jeaken.com\/sv\/\",\"logo\":{\"@type\":\"ImageObject\",\"inLanguage\":\"sv-SE\",\"@id\":\"https:\/\/jeaken.com\/sv\/#\/schema\/logo\/image\/\",\"url\":\"https:\/\/jeaken.com\/wp-content\/uploads\/2022\/06\/jeaken-logo-23.png\",\"contentUrl\":\"https:\/\/jeaken.com\/wp-content\/uploads\/2022\/06\/jeaken-logo-23.png\",\"width\":2486,\"height\":736,\"caption\":\"JeaKen\"},\"image\":{\"@id\":\"https:\/\/jeaken.com\/sv\/#\/schema\/logo\/image\/\"}}]}<\/script>\n<!-- \/ Yoast SEO plugin. -->","yoast_head_json":{"title":"Lotion f\u00f6r avl\u00e4gsnande av bristningar - inneh\u00e5ller essentiella oljor och extrakt f\u00f6r att reducera \u00e4rr och bristningar. 50 ml - JeaKen","robots":{"index":"index","follow":"follow","max-snippet":"max-snippet:-1","max-image-preview":"max-image-preview:large","max-video-preview":"max-video-preview:-1"},"canonical":"https:\/\/jeaken.com\/sv\/produkt\/lotion-for-avlagsnande-av-bristningar-innehaller-essentiella-oljor-och-extrakt-for-att-reducera-arr-och-bristningar-50-ml\/","og_locale":"sv_SE","og_type":"article","og_title":"Lotion f\u00f6r avl\u00e4gsnande av bristningar - inneh\u00e5ller essentiella oljor och extrakt f\u00f6r att reducera \u00e4rr och bristningar. 50 ml - JeaKen","og_description":"En mild och naturlig formel som f\u00f6rb\u00e4ttrar utseendet p\u00e5 o\u00f6nskade hudfl\u00e4ckar.","og_url":"https:\/\/jeaken.com\/sv\/produkt\/lotion-for-avlagsnande-av-bristningar-innehaller-essentiella-oljor-och-extrakt-for-att-reducera-arr-och-bristningar-50-ml\/","og_site_name":"JeaKen","article_modified_time":"2022-08-09T12:26:39+00:00","og_image":[{"width":600,"height":600,"url":"https:\/\/jeaken.com\/wp-content\/uploads\/2022\/07\/81dxVnM0XyL._AC_SL1500_.jpg","type":"image\/jpeg"}],"twitter_card":"summary_large_image","twitter_misc":{"Est. reading time":"1 minute"},"schema":{"@context":"https:\/\/schema.org","@graph":[{"@type":"WebPage","@id":"https:\/\/jeaken.com\/sv\/produkt\/lotion-for-avlagsnande-av-bristningar-innehaller-essentiella-oljor-och-extrakt-for-att-reducera-arr-och-bristningar-50-ml\/","url":"https:\/\/jeaken.com\/sv\/produkt\/lotion-for-avlagsnande-av-bristningar-innehaller-essentiella-oljor-och-extrakt-for-att-reducera-arr-och-bristningar-50-ml\/","name":"Lotion f\u00f6r avl\u00e4gsnande av bristningar - inneh\u00e5ller essentiella oljor och extrakt f\u00f6r att reducera \u00e4rr och bristningar. 50 ml - JeaKen","isPartOf":{"@id":"https:\/\/jeaken.com\/sv\/#website"},"primaryImageOfPage":{"@id":"https:\/\/jeaken.com\/sv\/produkt\/lotion-for-avlagsnande-av-bristningar-innehaller-essentiella-oljor-och-extrakt-for-att-reducera-arr-och-bristningar-50-ml\/#primaryimage"},"image":{"@id":"https:\/\/jeaken.com\/sv\/produkt\/lotion-for-avlagsnande-av-bristningar-innehaller-essentiella-oljor-och-extrakt-for-att-reducera-arr-och-bristningar-50-ml\/#primaryimage"},"thumbnailUrl":"https:\/\/jeaken.com\/wp-content\/uploads\/2022\/07\/81dxVnM0XyL._AC_SL1500_.jpg","datePublished":"2022-07-21T18:18:22+00:00","dateModified":"2022-08-09T12:26:39+00:00","breadcrumb":{"@id":"https:\/\/jeaken.com\/sv\/produkt\/lotion-for-avlagsnande-av-bristningar-innehaller-essentiella-oljor-och-extrakt-for-att-reducera-arr-och-bristningar-50-ml\/#breadcrumb"},"inLanguage":"sv-SE","potentialAction":[{"@type":"ReadAction","target":["https:\/\/jeaken.com\/sv\/produkt\/lotion-for-avlagsnande-av-bristningar-innehaller-essentiella-oljor-och-extrakt-for-att-reducera-arr-och-bristningar-50-ml\/"]}]},{"@type":"ImageObject","inLanguage":"sv-SE","@id":"https:\/\/jeaken.com\/sv\/produkt\/lotion-for-avlagsnande-av-bristningar-innehaller-essentiella-oljor-och-extrakt-for-att-reducera-arr-och-bristningar-50-ml\/#primaryimage","url":"https:\/\/jeaken.com\/wp-content\/uploads\/2022\/07\/81dxVnM0XyL._AC_SL1500_.jpg","contentUrl":"https:\/\/jeaken.com\/wp-content\/uploads\/2022\/07\/81dxVnM0XyL._AC_SL1500_.jpg","width":600,"height":600,"caption":"Stretch Mark Removal Lotion"},{"@type":"BreadcrumbList","@id":"https:\/\/jeaken.com\/sv\/produkt\/lotion-for-avlagsnande-av-bristningar-innehaller-essentiella-oljor-och-extrakt-for-att-reducera-arr-och-bristningar-50-ml\/#breadcrumb","itemListElement":[{"@type":"ListItem","position":1,"name":"Home","item":"https:\/\/jeaken.com\/sv\/"},{"@type":"ListItem","position":2,"name":"Private: Shop","item":"https:\/\/jeaken.com\/shop\/"},{"@type":"ListItem","position":3,"name":"Lotion f\u00f6r avl\u00e4gsnande av bristningar &#8211; inneh\u00e5ller essentiella oljor och extrakt f\u00f6r att reducera \u00e4rr och bristningar. 50 ml"}]},{"@type":"WebSite","@id":"https:\/\/jeaken.com\/sv\/#website","url":"https:\/\/jeaken.com\/sv\/","name":"JeaKen","description":"Organic Supplements for Health, Fitness and Nutrition","publisher":{"@id":"https:\/\/jeaken.com\/sv\/#organization"},"potentialAction":[{"@type":"SearchAction","target":{"@type":"EntryPoint","urlTemplate":"https:\/\/jeaken.com\/sv\/?s={search_term_string}"},"query-input":"required name=search_term_string"}],"inLanguage":"sv-SE"},{"@type":"Organization","@id":"https:\/\/jeaken.com\/sv\/#organization","name":"JeaKen","url":"https:\/\/jeaken.com\/sv\/","logo":{"@type":"ImageObject","inLanguage":"sv-SE","@id":"https:\/\/jeaken.com\/sv\/#\/schema\/logo\/image\/","url":"https:\/\/jeaken.com\/wp-content\/uploads\/2022\/06\/jeaken-logo-23.png","contentUrl":"https:\/\/jeaken.com\/wp-content\/uploads\/2022\/06\/jeaken-logo-23.png","width":2486,"height":736,"caption":"JeaKen"},"image":{"@id":"https:\/\/jeaken.com\/sv\/#\/schema\/logo\/image\/"}}]}},"jetpack_sharing_enabled":true,"_links":{"self":[{"href":"https:\/\/jeaken.com\/sv\/wp-json\/wp\/v2\/product\/6687","targetHints":{"allow":["GET"]}}],"collection":[{"href":"https:\/\/jeaken.com\/sv\/wp-json\/wp\/v2\/product"}],"about":[{"href":"https:\/\/jeaken.com\/sv\/wp-json\/wp\/v2\/types\/product"}],"wp:featuredmedia":[{"embeddable":true,"href":"https:\/\/jeaken.com\/sv\/wp-json\/wp\/v2\/media\/5214"}],"wp:attachment":[{"href":"https:\/\/jeaken.com\/sv\/wp-json\/wp\/v2\/media?parent=6687"}],"wp:term":[{"taxonomy":"product_cat","embeddable":true,"href":"https:\/\/jeaken.com\/sv\/wp-json\/wp\/v2\/product_cat?post=6687"},{"taxonomy":"product_tag","embeddable":true,"href":"https:\/\/jeaken.com\/sv\/wp-json\/wp\/v2\/product_tag?post=6687"}],"curies":[{"name":"wp","href":"https:\/\/api.w.org\/{rel}","templated":true}]}}