{"id":14559,"date":"2023-03-19T16:25:57","date_gmt":"2023-03-19T16:25:57","guid":{"rendered":"https:\/?post_type=product&#038;p=14559"},"modified":"2023-04-06T12:30:58","modified_gmt":"2023-04-06T11:30:58","slug":"viktforlust-och-mage-halsa-bundel","status":"publish","type":"product","link":"https:\/\/jeaken.com\/sv\/produkt\/viktforlust-och-mage-halsa-bundel\/","title":{"rendered":"Viktf\u00f6rlust och tarmh\u00e4lsa Bundle"},"content":{"rendered":"<h2>Viktf\u00f6rlust och tarmh\u00e4lsa Bundle<\/h2>\n<p><span data-sheets-value=\"{\"1\":2,\"2\":\"The Weight Loss and Gut Health Bundle is a comprehensive package of three premium supplements designed to help you achieve your weight loss and digestive health goals. The Apple Cider Vinegar Capsules offer digestive support and may help with weight loss. The Colon Cleanse supplement is designed to eliminate toxins and waste from the body, promoting healthy digestion and weight loss. Additionally, the Green Tea Capsules provide natural antioxidants and energy to support weight loss efforts. With this bundle, you have the essential supplements to support your digestive health and weight loss journey.\"}\" data-sheets-userformat=\"{\"2\":897,\"3\":{\"1\":0},\"10\":0,\"11\":4,\"12\":0}\">Weight Loss and Gut Health Bundle \u00e4r ett omfattande paket med tre f\u00f6rstklassiga kosttillskott som \u00e4r utformade f\u00f6r att hj\u00e4lpa dig att uppn\u00e5 dina m\u00e5l f\u00f6r viktminskning och matsm\u00e4ltningsh\u00e4lsa. Kapslarna med \u00e4ppelcidervin\u00e4ger ger st\u00f6d f\u00f6r matsm\u00e4ltningen och kan hj\u00e4lpa till med viktminskning. Colon Cleanse-till\u00e4gget \u00e4r utformat f\u00f6r att eliminera gifter och avfall fr\u00e5n kroppen och fr\u00e4mja en sund matsm\u00e4ltning och viktminskning. Dessutom ger gr\u00f6nt te-kapslarna naturliga antioxidanter och energi f\u00f6r att st\u00f6dja viktminskning. Med det h\u00e4r paketet f\u00e5r du de viktigaste tillskotten f\u00f6r att st\u00f6dja din matsm\u00e4ltningsh\u00e4lsa och din viktminskning.<\/span><\/p>\n<p>&nbsp;<\/p>\n<h4 class=\"product_title entry-title elementor-heading-title elementor-size-default\"><strong>Gr\u00f6na te kapslar &#8211; 850mg viktminskning antioxidanttillskott (120 tabletter)<\/strong><\/h4>\n<p>&nbsp;<\/p>\n<p><strong>ERBJUDER FLERA H\u00c4LSOF\u00d6RDELAR<\/strong><\/p>\n<p>Gr\u00f6nt te har anv\u00e4nts i kinesisk medicin i cirka 4 000 \u00e5r. Det erbjuder m\u00e5nga kraftfulla h\u00e4lsof\u00f6rdelar, bland annat bidrar det till att minska risken f\u00f6r hj\u00e4rtsjukdomar och vissa typer av cancer, \u00f6kar f\u00f6rh\u00e5llandet mellan bra (HDL) kolesterol och d\u00e5ligt (LDL) kolesterol i blodet, st\u00e4rker ditt immunf\u00f6rsvar och ger st\u00f6d i form av antioxidanter.<\/p>\n<p><strong>HJ\u00c4LPER TILL MED VIKTMINSKNING<\/strong><\/p>\n<p>I kombination med en h\u00e4lsosam kost fungerar v\u00e5rt vegetariskt v\u00e4nliga gr\u00f6na te som ett effektivt hj\u00e4lpmedel f\u00f6r viktminskning genom att \u00f6ka din \u00e4mnesoms\u00e4ttning och d\u00e4mpa din aptit.<\/p>\n<p><strong>KRAFTFULL NATURLIG ANTIOXIDANT<\/strong><\/p>\n<p>EGCG som finns i gr\u00f6nt te st\u00e5r f\u00f6r de flesta av dess antioxidativa egenskaper, vilket f\u00f6rhindrar att fria radikaler skadar dina celler.<\/p>\n<p><strong>F\u00d6RB\u00c4TTRAR MINNET OCH FOKUS<\/strong><\/p>\n<p>Egenskaperna i gr\u00f6nt teextrakt kan bidra till att \u00f6ka kognition och minne, vilket hj\u00e4lper dig att vara skarp och fokuserad hela dagen.<\/p>\n<p>&nbsp;<\/p>\n<h4 class=\"product_title entry-title elementor-heading-title elementor-size-default\"><strong>\u00c4ppelcidervin\u00e4ger &#8211; Metabolism Booster och Detox &#8211; f\u00f6rst\u00e4rkt med Seagreens, gr\u00f6nt te och krom (120 kapslar)<\/strong><\/h4>\n<p>&nbsp;<\/p>\n<p><strong>FLERA H\u00c4LSOF\u00d6RDELAR  <\/strong><\/p>\n<p>\u00c4ppelcidervin\u00e4ger anv\u00e4ndes av Hippokrates (den moderna medicinens fader) f\u00f6r \u00f6ver 2000 \u00e5r sedan och s\u00e4gs bidra till en m\u00e4ngd fantastiska h\u00e4lsof\u00f6rdelar, bland annat f\u00f6rb\u00e4ttrad matsm\u00e4ltning, \u00f6kade energiniv\u00e5er och f\u00f6rb\u00e4ttrad \u00e4mnesoms\u00e4ttning. V\u00e5ra kapslar med h\u00f6g styrka av \u00e4ppelcidervin\u00e4ger ger dessa kraftfulla f\u00f6rdelar i kapslar som \u00e4r l\u00e4tta att sv\u00e4lja.<\/p>\n<p><strong>ST\u00d6DER H\u00c4LSOSAM VIKTMINSKNING  <\/strong><\/p>\n<p>Flera nyligen genomf\u00f6rda studier har visat att \u00e4ppelcidervin\u00e4ger kan hj\u00e4lpa dig att g\u00e5 ner i vikt n\u00e4r den tas som en del av en h\u00e4lsosam kost. Det kan ocks\u00e5 underl\u00e4tta matsm\u00e4ltningen och f\u00f6rb\u00e4ttra din allm\u00e4nna h\u00e4lsa genom att hj\u00e4lpa dig att ta upp mer n\u00e4rings\u00e4mnen i maten.<\/p>\n<p><strong>UNIK BLANDNING  <\/strong><\/p>\n<p>V\u00e5ra f\u00f6rstklassiga kapslar med \u00e4ppelcidervin\u00e4ger ger optimala resultat tack vare den unika blandningen av havsv\u00e4xter, gr\u00f6nt te och krom. Din h\u00e4lsa \u00e4r v\u00e5r prioritet. V\u00e5ra kapslar tillverkas i Storbritannien enligt strikta s\u00e4kerhetsriktlinjer (GMP code of practice) f\u00f6r att s\u00e4kerst\u00e4lla styrka, kvalitet och effektivitet.<\/p>\n<p><strong>L\u00c4MPLIG F\u00d6R VEGANER OCH VEGETARIANER  <\/strong><\/p>\n<p>V\u00e5ra kapslar med \u00e4ppelcidervin\u00e4ger \u00e4r tillverkade av 100 % f\u00f6rstklassiga v\u00e4xtbaserade ingredienser. V\u00e5ra kapslar \u00e4r glutenfria, laktosfria, GMP-kompatibla, GMO-fria och 100 % veganska.<\/p>\n<h4 class=\"product_title entry-title elementor-heading-title elementor-size-default\"><strong>Body Cleanse och Detox kapslar &#8211; f\u00f6r viktminskning och Colon Cleanse (90 kapslar)<\/strong><\/h4>\n<p>&nbsp;<\/p>\n<p><span class=\"a-list-item\"><strong>ELIMINERAR GIFTER<\/strong> <\/span><\/p>\n<p><span class=\"a-list-item\">Denna kraftfulla produkt inneh\u00e5ller 14 viktiga ingredienser som hj\u00e4lper till att rensa ut gifter fr\u00e5n kroppen.<\/span><\/p>\n<p><span class=\"a-list-item\"><strong>MINSKAR UPPBL\u00c5STHET<\/strong> <\/span><\/p>\n<p><span class=\"a-list-item\">V\u00e5rt tillskott hj\u00e4lper till att minska uppbl\u00e5sthet samtidigt som du reglerar ditt matintag. Om du tar detta tillskott regelbundet kan det ge en balanserande effekt p\u00e5 matsm\u00e4ltningssystemet och lindra symptomen p\u00e5 f\u00f6rstoppning och matsm\u00e4ltningsbesv\u00e4r.<\/span><\/p>\n<p><strong><span class=\"a-list-item\">MAXIMERAR VIKTMINSKNINGEN  <\/span><\/strong><\/p>\n<p><span class=\"a-list-item\">V\u00e5ra Cleanse Detox-kapslar g\u00f6r dig inte bara av med gifter, utan maximerar ocks\u00e5 din viktminskning f\u00f6r att uppn\u00e5 dina m\u00e5l f\u00f6r att definiera muskelmassa.<\/span><\/p>\n<p><strong><span class=\"a-list-item\">BEPR\u00d6VAD PROBIOTISK KOMBINATION  <\/span><\/strong><\/p>\n<p><span class=\"a-list-item\">F\u00f6r optimala resultat har vi kombinerat de bepr\u00f6vade h\u00e4lsoegenskaperna hos psylliumskinn med inulin f\u00f6r att spola bort avfall fr\u00e5n ditt system och fr\u00e4scha upp det med de &#8220;v\u00e4nliga bakterierna&#8221; i Lactobacillus Acidophilus Probiotic.<\/span><\/p>\n","protected":false},"excerpt":{"rendered":"<div class=\"group w-full text-gray-800 dark:text-gray-100 border-b border-black\/10 dark:border-gray-900\/50 bg-gray-50 dark:bg-[#444654]\">\n<div class=\"text-base gap-4 md:gap-6 md:max-w-2xl lg:max-w-2xl xl:max-w-3xl p-4 md:py-6 flex lg:px-0 m-auto\">\n<div class=\"relative flex w-[calc(100%-50px)] flex-col gap-1 md:gap-3 lg:w-[calc(100%-115px)]\">\n<div class=\"flex flex-grow flex-col gap-3\">\n<div class=\"min-h-[20px] flex flex-col items-start gap-4 whitespace-pre-wrap\">\n<div class=\"markdown prose w-full break-words dark:prose-invert dark\">\n<div class=\"group w-full text-gray-800 dark:text-gray-100 border-b border-black\/10 dark:border-gray-900\/50 bg-gray-50 dark:bg-[#444654]\">\n<div class=\"text-base gap-4 md:gap-6 md:max-w-2xl lg:max-w-2xl xl:max-w-3xl p-4 md:py-6 flex lg:px-0 m-auto\">\n<div class=\"relative flex w-[calc(100%-50px)] flex-col gap-1 md:gap-3 lg:w-[calc(100%-115px)]\">\n<div class=\"flex flex-grow flex-col gap-3\">\n<div class=\"min-h-[20px] flex flex-col items-start gap-4 whitespace-pre-wrap\">\n<div class=\"markdown prose w-full break-words dark:prose-invert dark\">\n<p>Weight Loss and Gut Health Bundle kombinerar \u00e4ppelcidervin\u00e4ger, Colon Cleanse och gr\u00f6nt te-kapslar f\u00f6r matsm\u00e4ltning, avgiftning och viktminskning f\u00f6r att f\u00f6rb\u00e4ttra ditt v\u00e4lbefinnande.<\/p>\n<\/div>\n<\/div>\n<\/div>\n<\/div>\n<\/div>\n<\/div>\n<\/div>\n<\/div>\n<\/div>\n<\/div>\n<\/div>\n<\/div>\n","protected":false},"featured_media":16262,"template":"","meta":{"site-sidebar-layout":"default","site-content-layout":"default","ast-site-content-layout":"default","site-content-style":"default","site-sidebar-style":"default","ast-global-header-display":"","ast-banner-title-visibility":"","ast-main-header-display":"","ast-hfb-above-header-display":"","ast-hfb-below-header-display":"","ast-hfb-mobile-header-display":"","site-post-title":"","ast-breadcrumbs-content":"","ast-featured-img":"","footer-sml-layout":"","theme-transparent-header-meta":"default","adv-header-id-meta":"","stick-header-meta":"default","header-above-stick-meta":"","header-main-stick-meta":"","header-below-stick-meta":"","astra-migrate-meta-layouts":"default","ast-page-background-enabled":"default","ast-page-background-meta":{"desktop":{"background-color":"","background-image":"","background-repeat":"repeat","background-position":"center center","background-size":"auto","background-attachment":"scroll","background-type":"","background-media":"","overlay-type":"","overlay-color":"","overlay-opacity":"","overlay-gradient":""},"tablet":{"background-color":"","background-image":"","background-repeat":"repeat","background-position":"center center","background-size":"auto","background-attachment":"scroll","background-type":"","background-media":"","overlay-type":"","overlay-color":"","overlay-opacity":"","overlay-gradient":""},"mobile":{"background-color":"","background-image":"","background-repeat":"repeat","background-position":"center center","background-size":"auto","background-attachment":"scroll","background-type":"","background-media":"","overlay-type":"","overlay-color":"","overlay-opacity":"","overlay-gradient":""}},"ast-content-background-meta":{"desktop":{"background-color":"var(--ast-global-color-5)","background-image":"","background-repeat":"repeat","background-position":"center center","background-size":"auto","background-attachment":"scroll","background-type":"","background-media":"","overlay-type":"","overlay-color":"","overlay-opacity":"","overlay-gradient":""},"tablet":{"background-color":"var(--ast-global-color-5)","background-image":"","background-repeat":"repeat","background-position":"center center","background-size":"auto","background-attachment":"scroll","background-type":"","background-media":"","overlay-type":"","overlay-color":"","overlay-opacity":"","overlay-gradient":""},"mobile":{"background-color":"var(--ast-global-color-5)","background-image":"","background-repeat":"repeat","background-position":"center center","background-size":"auto","background-attachment":"scroll","background-type":"","background-media":"","overlay-type":"","overlay-color":"","overlay-opacity":"","overlay-gradient":""}}},"product_cat":[654,600,655,1352,1303],"product_tag":[],"class_list":{"0":"post-14559","1":"product","2":"type-product","3":"status-publish","4":"has-post-thumbnail","6":"product_cat-forstarkare-for-hjarnan","7":"product_cat-humor-och-valbefinnande","8":"product_cat-kosttillskott","9":"product_cat-naring","10":"product_cat-viktminskning","11":"has-subscription-plans","12":"desktop-align-left","13":"tablet-align-left","14":"mobile-align-left","16":"first","17":"instock","18":"taxable","19":"shipping-taxable","20":"purchasable","21":"product-type-simple"},"yoast_head":"<!-- This site is optimized with the Yoast SEO plugin v22.7 - https:\/\/yoast.com\/wordpress\/plugins\/seo\/ -->\n<title>Viktf\u00f6rlust och tarmh\u00e4lsa Bundle - JeaKen<\/title>\n<meta name=\"robots\" content=\"index, follow, max-snippet:-1, max-image-preview:large, max-video-preview:-1\" \/>\n<link rel=\"canonical\" href=\"https:\/\/jeaken.com\/sv\/produkt\/viktforlust-och-mage-halsa-bundel\/\" \/>\n<meta property=\"og:locale\" content=\"sv_SE\" \/>\n<meta property=\"og:type\" content=\"article\" \/>\n<meta property=\"og:title\" content=\"Viktf\u00f6rlust och tarmh\u00e4lsa Bundle - JeaKen\" \/>\n<meta property=\"og:description\" content=\"Weight Loss and Gut Health Bundle kombinerar \u00e4ppelcidervin\u00e4ger, Colon Cleanse och gr\u00f6nt te-kapslar f\u00f6r matsm\u00e4ltning, avgiftning och viktminskning f\u00f6r att f\u00f6rb\u00e4ttra ditt v\u00e4lbefinnande.\" \/>\n<meta property=\"og:url\" content=\"https:\/\/jeaken.com\/sv\/produkt\/viktforlust-och-mage-halsa-bundel\/\" \/>\n<meta property=\"og:site_name\" content=\"JeaKen\" \/>\n<meta property=\"article:modified_time\" content=\"2023-04-06T11:30:58+00:00\" \/>\n<meta property=\"og:image\" content=\"https:\/\/jeaken.com\/wp-content\/uploads\/2023\/03\/Combine3.jpg\" \/>\n\t<meta property=\"og:image:width\" content=\"972\" \/>\n\t<meta property=\"og:image:height\" content=\"972\" \/>\n\t<meta property=\"og:image:type\" content=\"image\/jpeg\" \/>\n<meta name=\"twitter:card\" content=\"summary_large_image\" \/>\n<meta name=\"twitter:label1\" content=\"Est. reading time\" \/>\n\t<meta name=\"twitter:data1\" content=\"4 minutes\" \/>\n<script type=\"application\/ld+json\" class=\"yoast-schema-graph\">{\"@context\":\"https:\/\/schema.org\",\"@graph\":[{\"@type\":\"WebPage\",\"@id\":\"https:\/\/jeaken.com\/sv\/produkt\/viktforlust-och-mage-halsa-bundel\/\",\"url\":\"https:\/\/jeaken.com\/sv\/produkt\/viktforlust-och-mage-halsa-bundel\/\",\"name\":\"Viktf\u00f6rlust och tarmh\u00e4lsa Bundle - JeaKen\",\"isPartOf\":{\"@id\":\"https:\/\/jeaken.com\/sv\/#website\"},\"primaryImageOfPage\":{\"@id\":\"https:\/\/jeaken.com\/sv\/produkt\/viktforlust-och-mage-halsa-bundel\/#primaryimage\"},\"image\":{\"@id\":\"https:\/\/jeaken.com\/sv\/produkt\/viktforlust-och-mage-halsa-bundel\/#primaryimage\"},\"thumbnailUrl\":\"https:\/\/jeaken.com\/wp-content\/uploads\/2023\/03\/Combine3.jpg\",\"datePublished\":\"2023-03-19T16:25:57+00:00\",\"dateModified\":\"2023-04-06T11:30:58+00:00\",\"breadcrumb\":{\"@id\":\"https:\/\/jeaken.com\/sv\/produkt\/viktforlust-och-mage-halsa-bundel\/#breadcrumb\"},\"inLanguage\":\"sv-SE\",\"potentialAction\":[{\"@type\":\"ReadAction\",\"target\":[\"https:\/\/jeaken.com\/sv\/produkt\/viktforlust-och-mage-halsa-bundel\/\"]}]},{\"@type\":\"ImageObject\",\"inLanguage\":\"sv-SE\",\"@id\":\"https:\/\/jeaken.com\/sv\/produkt\/viktforlust-och-mage-halsa-bundel\/#primaryimage\",\"url\":\"https:\/\/jeaken.com\/wp-content\/uploads\/2023\/03\/Combine3.jpg\",\"contentUrl\":\"https:\/\/jeaken.com\/wp-content\/uploads\/2023\/03\/Combine3.jpg\",\"width\":972,\"height\":972,\"caption\":\"Weight Loss and Gut Health Bundle\"},{\"@type\":\"BreadcrumbList\",\"@id\":\"https:\/\/jeaken.com\/sv\/produkt\/viktforlust-och-mage-halsa-bundel\/#breadcrumb\",\"itemListElement\":[{\"@type\":\"ListItem\",\"position\":1,\"name\":\"Home\",\"item\":\"https:\/\/jeaken.com\/sv\/\"},{\"@type\":\"ListItem\",\"position\":2,\"name\":\"Private: Shop\",\"item\":\"https:\/\/jeaken.com\/shop\/\"},{\"@type\":\"ListItem\",\"position\":3,\"name\":\"Viktf\u00f6rlust och tarmh\u00e4lsa Bundle\"}]},{\"@type\":\"WebSite\",\"@id\":\"https:\/\/jeaken.com\/sv\/#website\",\"url\":\"https:\/\/jeaken.com\/sv\/\",\"name\":\"JeaKen\",\"description\":\"Organic Supplements for Health, Fitness and Nutrition\",\"publisher\":{\"@id\":\"https:\/\/jeaken.com\/sv\/#organization\"},\"potentialAction\":[{\"@type\":\"SearchAction\",\"target\":{\"@type\":\"EntryPoint\",\"urlTemplate\":\"https:\/\/jeaken.com\/sv\/?s={search_term_string}\"},\"query-input\":\"required name=search_term_string\"}],\"inLanguage\":\"sv-SE\"},{\"@type\":\"Organization\",\"@id\":\"https:\/\/jeaken.com\/sv\/#organization\",\"name\":\"JeaKen\",\"url\":\"https:\/\/jeaken.com\/sv\/\",\"logo\":{\"@type\":\"ImageObject\",\"inLanguage\":\"sv-SE\",\"@id\":\"https:\/\/jeaken.com\/sv\/#\/schema\/logo\/image\/\",\"url\":\"https:\/\/jeaken.com\/wp-content\/uploads\/2022\/06\/jeaken-logo-23.png\",\"contentUrl\":\"https:\/\/jeaken.com\/wp-content\/uploads\/2022\/06\/jeaken-logo-23.png\",\"width\":2486,\"height\":736,\"caption\":\"JeaKen\"},\"image\":{\"@id\":\"https:\/\/jeaken.com\/sv\/#\/schema\/logo\/image\/\"}}]}<\/script>\n<!-- \/ Yoast SEO plugin. -->","yoast_head_json":{"title":"Viktf\u00f6rlust och tarmh\u00e4lsa Bundle - JeaKen","robots":{"index":"index","follow":"follow","max-snippet":"max-snippet:-1","max-image-preview":"max-image-preview:large","max-video-preview":"max-video-preview:-1"},"canonical":"https:\/\/jeaken.com\/sv\/produkt\/viktforlust-och-mage-halsa-bundel\/","og_locale":"sv_SE","og_type":"article","og_title":"Viktf\u00f6rlust och tarmh\u00e4lsa Bundle - JeaKen","og_description":"Weight Loss and Gut Health Bundle kombinerar \u00e4ppelcidervin\u00e4ger, Colon Cleanse och gr\u00f6nt te-kapslar f\u00f6r matsm\u00e4ltning, avgiftning och viktminskning f\u00f6r att f\u00f6rb\u00e4ttra ditt v\u00e4lbefinnande.","og_url":"https:\/\/jeaken.com\/sv\/produkt\/viktforlust-och-mage-halsa-bundel\/","og_site_name":"JeaKen","article_modified_time":"2023-04-06T11:30:58+00:00","og_image":[{"width":972,"height":972,"url":"https:\/\/jeaken.com\/wp-content\/uploads\/2023\/03\/Combine3.jpg","type":"image\/jpeg"}],"twitter_card":"summary_large_image","twitter_misc":{"Est. reading time":"4 minutes"},"schema":{"@context":"https:\/\/schema.org","@graph":[{"@type":"WebPage","@id":"https:\/\/jeaken.com\/sv\/produkt\/viktforlust-och-mage-halsa-bundel\/","url":"https:\/\/jeaken.com\/sv\/produkt\/viktforlust-och-mage-halsa-bundel\/","name":"Viktf\u00f6rlust och tarmh\u00e4lsa Bundle - JeaKen","isPartOf":{"@id":"https:\/\/jeaken.com\/sv\/#website"},"primaryImageOfPage":{"@id":"https:\/\/jeaken.com\/sv\/produkt\/viktforlust-och-mage-halsa-bundel\/#primaryimage"},"image":{"@id":"https:\/\/jeaken.com\/sv\/produkt\/viktforlust-och-mage-halsa-bundel\/#primaryimage"},"thumbnailUrl":"https:\/\/jeaken.com\/wp-content\/uploads\/2023\/03\/Combine3.jpg","datePublished":"2023-03-19T16:25:57+00:00","dateModified":"2023-04-06T11:30:58+00:00","breadcrumb":{"@id":"https:\/\/jeaken.com\/sv\/produkt\/viktforlust-och-mage-halsa-bundel\/#breadcrumb"},"inLanguage":"sv-SE","potentialAction":[{"@type":"ReadAction","target":["https:\/\/jeaken.com\/sv\/produkt\/viktforlust-och-mage-halsa-bundel\/"]}]},{"@type":"ImageObject","inLanguage":"sv-SE","@id":"https:\/\/jeaken.com\/sv\/produkt\/viktforlust-och-mage-halsa-bundel\/#primaryimage","url":"https:\/\/jeaken.com\/wp-content\/uploads\/2023\/03\/Combine3.jpg","contentUrl":"https:\/\/jeaken.com\/wp-content\/uploads\/2023\/03\/Combine3.jpg","width":972,"height":972,"caption":"Weight Loss and Gut Health Bundle"},{"@type":"BreadcrumbList","@id":"https:\/\/jeaken.com\/sv\/produkt\/viktforlust-och-mage-halsa-bundel\/#breadcrumb","itemListElement":[{"@type":"ListItem","position":1,"name":"Home","item":"https:\/\/jeaken.com\/sv\/"},{"@type":"ListItem","position":2,"name":"Private: Shop","item":"https:\/\/jeaken.com\/shop\/"},{"@type":"ListItem","position":3,"name":"Viktf\u00f6rlust och tarmh\u00e4lsa Bundle"}]},{"@type":"WebSite","@id":"https:\/\/jeaken.com\/sv\/#website","url":"https:\/\/jeaken.com\/sv\/","name":"JeaKen","description":"Organic Supplements for Health, Fitness and Nutrition","publisher":{"@id":"https:\/\/jeaken.com\/sv\/#organization"},"potentialAction":[{"@type":"SearchAction","target":{"@type":"EntryPoint","urlTemplate":"https:\/\/jeaken.com\/sv\/?s={search_term_string}"},"query-input":"required name=search_term_string"}],"inLanguage":"sv-SE"},{"@type":"Organization","@id":"https:\/\/jeaken.com\/sv\/#organization","name":"JeaKen","url":"https:\/\/jeaken.com\/sv\/","logo":{"@type":"ImageObject","inLanguage":"sv-SE","@id":"https:\/\/jeaken.com\/sv\/#\/schema\/logo\/image\/","url":"https:\/\/jeaken.com\/wp-content\/uploads\/2022\/06\/jeaken-logo-23.png","contentUrl":"https:\/\/jeaken.com\/wp-content\/uploads\/2022\/06\/jeaken-logo-23.png","width":2486,"height":736,"caption":"JeaKen"},"image":{"@id":"https:\/\/jeaken.com\/sv\/#\/schema\/logo\/image\/"}}]}},"jetpack_sharing_enabled":true,"_links":{"self":[{"href":"https:\/\/jeaken.com\/sv\/wp-json\/wp\/v2\/product\/14559","targetHints":{"allow":["GET"]}}],"collection":[{"href":"https:\/\/jeaken.com\/sv\/wp-json\/wp\/v2\/product"}],"about":[{"href":"https:\/\/jeaken.com\/sv\/wp-json\/wp\/v2\/types\/product"}],"wp:featuredmedia":[{"embeddable":true,"href":"https:\/\/jeaken.com\/sv\/wp-json\/wp\/v2\/media\/16262"}],"wp:attachment":[{"href":"https:\/\/jeaken.com\/sv\/wp-json\/wp\/v2\/media?parent=14559"}],"wp:term":[{"taxonomy":"product_cat","embeddable":true,"href":"https:\/\/jeaken.com\/sv\/wp-json\/wp\/v2\/product_cat?post=14559"},{"taxonomy":"product_tag","embeddable":true,"href":"https:\/\/jeaken.com\/sv\/wp-json\/wp\/v2\/product_tag?post=14559"}],"curies":[{"name":"wp","href":"https:\/\/api.w.org\/{rel}","templated":true}]}}