{"id":14479,"date":"2023-03-19T15:46:15","date_gmt":"2023-03-19T15:46:15","guid":{"rendered":"https:\/?post_type=product&#038;p=14479"},"modified":"2023-04-06T12:30:59","modified_gmt":"2023-04-06T11:30:59","slug":"gut-health-and-weight-loss-bundle","status":"publish","type":"product","link":"https:\/\/jeaken.com\/sv\/produkt\/gut-health-and-weight-loss-bundle\/","title":{"rendered":"Paketet f\u00f6r tarmh\u00e4lsa och viktminskning"},"content":{"rendered":"<h2>Paketet f\u00f6r tarmh\u00e4lsa och viktminskning<\/h2>\n<p>Paketet f\u00f6r tarmh\u00e4lsa och viktminskning inneh\u00e5ller ett noggrant utvalt urval av tre viktiga produkter f\u00f6r att st\u00f6dja din h\u00e4lsoresa. I detta paket ing\u00e5r Probiotics Capsules, en blandning av 6 stammar av probiotika och prebiotika f\u00f6r optimal matsm\u00e4ltningsh\u00e4lsa. Gr\u00f6na tekapslar \u00e4r dessutom en naturlig energik\u00e4lla och antioxidanter som hj\u00e4lper till med viktminskning. Slutligen ger kapslar av \u00e4ppelcidervin\u00e4ger ytterligare st\u00f6d f\u00f6r matsm\u00e4ltningen och kan hj\u00e4lpa till med viktminskning. Detta paket inneh\u00e5ller allt du beh\u00f6ver f\u00f6r att fr\u00e4mja optimal matsm\u00e4ltningsh\u00e4lsa och hj\u00e4lpa dig med dina m\u00e5l f\u00f6r viktminskning.<\/p>\n<p>&nbsp;<\/p>\n<h4 class=\"product_title entry-title elementor-heading-title elementor-size-default\"><strong>6 stammar Probiotika med prebiotika &#8211; (90 kapslar)<\/strong><\/h4>\n<p>&nbsp;<\/p>\n<p><strong>LINDRING AV UPPBL\u00c5STHET  <\/strong><\/p>\n<p>V\u00e5ra kapslar kommer fr\u00e5n probiotikafamiljen Lactobacillus, som \u00e4r den mest effektiva probiotika f\u00f6r att uppr\u00e4tth\u00e5lla ett h\u00e4lsosamt matsm\u00e4ltningssystem.<span class=\"a-list-item a-size-base\">  V\u00e5ra noggrant utvalda bakteriestammar \u00e4r bland de mest k\u00e4nda f\u00f6r att hj\u00e4lpa till att lindra k\u00e4nslan av uppbl\u00e5sthet och m\u00e4ttnad.  <\/span><\/p>\n<p><span class=\"a-list-item a-size-base\"><strong>6 AKTIVA STAMMAR MED 10 MILJARDER CFU PER PORTION<\/strong> <\/span><\/p>\n<p><span class=\"a-list-item a-size-base\">V\u00e5r komplexa probiotika inneh\u00e5ller de sex mest effektiva stammarna: lactobacillus acidophillus, lactobacillus rhamnosus, lactobacillus gasseri, bifidobacterium lactis, bifidobacterium bifidus och saccharomyces boullardii.<\/span><\/p>\n<p><strong>\u00d6VERLEVER TACK VARE MAGSYRAN <\/strong><\/p>\n<p>Saccharomyces boulardii \u00e4r en <span class=\"a-list-item a-size-base\">v\u00e4l utforskad och<\/span> internationellt erk\u00e4nd probiotisk bakterie som bevisligen \u00f6verlever magsyran och n\u00e5r tarmen levande.<\/p>\n<p><b>FLERA H\u00c4LSOF\u00d6RDELAR<\/b><\/p>\n<p>V\u00e5r innovativa formel \u00e4r f\u00f6rst\u00e4rkt med inulin, en prebiotisk fiber med kraftfulla h\u00e4lsof\u00f6rdelar, inklusive f\u00f6rb\u00e4ttrad immunitet, f\u00f6rb\u00e4ttrad r<span class=\"a-list-item\"><br \/>\n  <span class=\"a-size-base\">egularitet, b\u00e4ttre n<\/span><br \/>\n<\/span><span class=\"a-list-item\"><br \/>\n  <span class=\"a-size-base\">upptag av n\u00e4rings\u00e4mnen, viktminskning, f\u00f6rb\u00e4ttrad h\u00e4lsa i urinv\u00e4garna, f\u00f6rb\u00e4ttrade kolesterolniv\u00e5er och b\u00e4ttre \u00e4mnesoms\u00e4ttning.<\/span><br \/>\n<\/span><\/p>\n<p><strong>TILLVERKAD MED NATURLIGA INGREDIENSER.<\/strong><\/p>\n<p>V\u00e5ra veganv\u00e4nliga kapslar \u00e4r 100 % rena och naturliga med icke-GMO-inneh\u00e5ll.<\/p>\n<p>&nbsp;<\/p>\n<h4 class=\"product_title entry-title elementor-heading-title elementor-size-default\"><strong>Gr\u00f6na te kapslar &#8211; 850mg viktminskning antioxidanttillskott (120 tabletter)<\/strong><\/h4>\n<p>&nbsp;<\/p>\n<p><strong>ERBJUDER FLERA H\u00c4LSOF\u00d6RDELAR<\/strong><\/p>\n<p>Gr\u00f6nt te har anv\u00e4nts i kinesisk medicin i cirka 4 000 \u00e5r. Det erbjuder m\u00e5nga kraftfulla h\u00e4lsof\u00f6rdelar, bland annat bidrar det till att minska risken f\u00f6r hj\u00e4rtsjukdomar och vissa typer av cancer, \u00f6kar f\u00f6rh\u00e5llandet mellan bra (HDL) kolesterol och d\u00e5ligt (LDL) kolesterol i blodet, st\u00e4rker ditt immunf\u00f6rsvar och ger st\u00f6d i form av antioxidanter.<\/p>\n<p><strong>HJ\u00c4LPER TILL MED VIKTMINSKNING<\/strong><\/p>\n<p>I kombination med en h\u00e4lsosam kost fungerar v\u00e5rt vegetariskt v\u00e4nliga gr\u00f6na te som ett effektivt hj\u00e4lpmedel f\u00f6r viktminskning genom att \u00f6ka din \u00e4mnesoms\u00e4ttning och d\u00e4mpa din aptit.<\/p>\n<p><strong>KRAFTFULL NATURLIG ANTIOXIDANT<\/strong><\/p>\n<p>EGCG som finns i gr\u00f6nt te st\u00e5r f\u00f6r de flesta av dess antioxidativa egenskaper, vilket f\u00f6rhindrar att fria radikaler skadar dina celler.<\/p>\n<p><strong>F\u00d6RB\u00c4TTRAR MINNET OCH FOKUS<\/strong><\/p>\n<p>Egenskaperna i gr\u00f6nt teextrakt kan bidra till att \u00f6ka kognition och minne, vilket hj\u00e4lper dig att vara skarp och fokuserad hela dagen.<\/p>\n<p>&nbsp;<\/p>\n<h4 class=\"product_title entry-title elementor-heading-title elementor-size-default\"><strong>\u00c4ppelcidervin\u00e4ger &#8211; Metabolism Booster och Detox &#8211; f\u00f6rst\u00e4rkt med Seagreens, gr\u00f6nt te och krom (120 kapslar)<\/strong><\/h4>\n<p>&nbsp;<\/p>\n<p><strong>FLERA H\u00c4LSOF\u00d6RDELAR  <\/strong><\/p>\n<p>\u00c4ppelcidervin\u00e4ger anv\u00e4ndes av Hippokrates (den moderna medicinens fader) f\u00f6r \u00f6ver 2000 \u00e5r sedan och s\u00e4gs bidra till en m\u00e4ngd fantastiska h\u00e4lsof\u00f6rdelar, bland annat f\u00f6rb\u00e4ttrad matsm\u00e4ltning, \u00f6kade energiniv\u00e5er och f\u00f6rb\u00e4ttrad \u00e4mnesoms\u00e4ttning. V\u00e5ra kapslar med h\u00f6g styrka av \u00e4ppelcidervin\u00e4ger ger dessa kraftfulla f\u00f6rdelar i kapslar som \u00e4r l\u00e4tta att sv\u00e4lja.<\/p>\n<p><strong>ST\u00d6DER H\u00c4LSOSAM VIKTMINSKNING  <\/strong><\/p>\n<p>Flera nyligen genomf\u00f6rda studier har visat att \u00e4ppelcidervin\u00e4ger kan hj\u00e4lpa dig att g\u00e5 ner i vikt n\u00e4r den tas som en del av en h\u00e4lsosam kost. Det kan ocks\u00e5 underl\u00e4tta matsm\u00e4ltningen och f\u00f6rb\u00e4ttra din allm\u00e4nna h\u00e4lsa genom att hj\u00e4lpa dig att ta upp mer n\u00e4rings\u00e4mnen i maten.<\/p>\n<p><strong>UNIK BLANDNING  <\/strong><\/p>\n<p>V\u00e5ra f\u00f6rstklassiga kapslar med \u00e4ppelcidervin\u00e4ger ger optimala resultat tack vare den unika blandningen av havsv\u00e4xter, gr\u00f6nt te och krom. Din h\u00e4lsa \u00e4r v\u00e5r prioritet. V\u00e5ra kapslar tillverkas i Storbritannien enligt strikta s\u00e4kerhetsriktlinjer (GMP code of practice) f\u00f6r att s\u00e4kerst\u00e4lla styrka, kvalitet och effektivitet.<\/p>\n<p><strong>L\u00c4MPLIG F\u00d6R VEGANER OCH VEGETARIANER  <\/strong><\/p>\n<p>V\u00e5ra kapslar med \u00e4ppelcidervin\u00e4ger \u00e4r tillverkade av 100 % f\u00f6rstklassiga v\u00e4xtbaserade ingredienser. V\u00e5ra kapslar \u00e4r glutenfria, laktosfria, GMP-kompatibla, GMO-fria och 100 % veganska.<\/p>\n","protected":false},"excerpt":{"rendered":"<div class=\"group w-full text-gray-800 dark:text-gray-100 border-b border-black\/10 dark:border-gray-900\/50 bg-gray-50 dark:bg-[#444654]\">\n<div class=\"text-base gap-4 md:gap-6 md:max-w-2xl lg:max-w-2xl xl:max-w-3xl p-4 md:py-6 flex lg:px-0 m-auto\">\n<div class=\"relative flex w-[calc(100%-50px)] flex-col gap-1 md:gap-3 lg:w-[calc(100%-115px)]\">\n<div class=\"flex flex-grow flex-col gap-3\">\n<div class=\"min-h-[20px] flex flex-col items-start gap-4 whitespace-pre-wrap\">\n<div class=\"markdown prose w-full break-words dark:prose-invert dark\">\n<p>Paketet f\u00f6r tarmh\u00e4lsa och viktminskning kombinerar probiotikakapslar, gr\u00f6na tekapslar och \u00e4ppelcidervin\u00e4gerkapslar f\u00f6r f\u00f6rb\u00e4ttrad matsm\u00e4ltning, energi och viktminskning, vilket fr\u00e4mjar det allm\u00e4nna v\u00e4lbefinnandet.<\/p>\n<\/div>\n<\/div>\n<\/div>\n<\/div>\n<\/div>\n<\/div>\n","protected":false},"featured_media":16235,"template":"","meta":{"site-sidebar-layout":"default","site-content-layout":"default","ast-site-content-layout":"default","site-content-style":"default","site-sidebar-style":"default","ast-global-header-display":"","ast-banner-title-visibility":"","ast-main-header-display":"","ast-hfb-above-header-display":"","ast-hfb-below-header-display":"","ast-hfb-mobile-header-display":"","site-post-title":"","ast-breadcrumbs-content":"","ast-featured-img":"","footer-sml-layout":"","theme-transparent-header-meta":"default","adv-header-id-meta":"","stick-header-meta":"default","header-above-stick-meta":"","header-main-stick-meta":"","header-below-stick-meta":"","astra-migrate-meta-layouts":"default","ast-page-background-enabled":"default","ast-page-background-meta":{"desktop":{"background-color":"","background-image":"","background-repeat":"repeat","background-position":"center center","background-size":"auto","background-attachment":"scroll","background-type":"","background-media":"","overlay-type":"","overlay-color":"","overlay-opacity":"","overlay-gradient":""},"tablet":{"background-color":"","background-image":"","background-repeat":"repeat","background-position":"center center","background-size":"auto","background-attachment":"scroll","background-type":"","background-media":"","overlay-type":"","overlay-color":"","overlay-opacity":"","overlay-gradient":""},"mobile":{"background-color":"","background-image":"","background-repeat":"repeat","background-position":"center center","background-size":"auto","background-attachment":"scroll","background-type":"","background-media":"","overlay-type":"","overlay-color":"","overlay-opacity":"","overlay-gradient":""}},"ast-content-background-meta":{"desktop":{"background-color":"var(--ast-global-color-5)","background-image":"","background-repeat":"repeat","background-position":"center center","background-size":"auto","background-attachment":"scroll","background-type":"","background-media":"","overlay-type":"","overlay-color":"","overlay-opacity":"","overlay-gradient":""},"tablet":{"background-color":"var(--ast-global-color-5)","background-image":"","background-repeat":"repeat","background-position":"center center","background-size":"auto","background-attachment":"scroll","background-type":"","background-media":"","overlay-type":"","overlay-color":"","overlay-opacity":"","overlay-gradient":""},"mobile":{"background-color":"var(--ast-global-color-5)","background-image":"","background-repeat":"repeat","background-position":"center center","background-size":"auto","background-attachment":"scroll","background-type":"","background-media":"","overlay-type":"","overlay-color":"","overlay-opacity":"","overlay-gradient":""}}},"product_cat":[655,680,1352,1303,559],"product_tag":[],"class_list":{"0":"post-14479","1":"product","2":"type-product","3":"status-publish","4":"has-post-thumbnail","6":"product_cat-kosttillskott","7":"product_cat-lindring-av-uppblasthet","8":"product_cat-naring","9":"product_cat-viktminskning","10":"product_cat-vitaminer-och-mineraler","11":"has-subscription-plans","12":"desktop-align-left","13":"tablet-align-left","14":"mobile-align-left","16":"first","17":"instock","18":"taxable","19":"shipping-taxable","20":"purchasable","21":"product-type-simple"},"yoast_head":"<!-- This site is optimized with the Yoast SEO plugin v22.7 - https:\/\/yoast.com\/wordpress\/plugins\/seo\/ -->\n<title>Paketet f\u00f6r tarmh\u00e4lsa och viktminskning - JeaKen<\/title>\n<meta name=\"robots\" content=\"index, follow, max-snippet:-1, max-image-preview:large, max-video-preview:-1\" \/>\n<link rel=\"canonical\" href=\"https:\/\/jeaken.com\/sv\/produkt\/gut-health-and-weight-loss-bundle\/\" \/>\n<meta property=\"og:locale\" content=\"sv_SE\" \/>\n<meta property=\"og:type\" content=\"article\" \/>\n<meta property=\"og:title\" content=\"Paketet f\u00f6r tarmh\u00e4lsa och viktminskning - JeaKen\" \/>\n<meta property=\"og:description\" content=\"Paketet f\u00f6r tarmh\u00e4lsa och viktminskning kombinerar probiotikakapslar, gr\u00f6na tekapslar och \u00e4ppelcidervin\u00e4gerkapslar f\u00f6r f\u00f6rb\u00e4ttrad matsm\u00e4ltning, energi och viktminskning, vilket fr\u00e4mjar det allm\u00e4nna v\u00e4lbefinnandet.\" \/>\n<meta property=\"og:url\" content=\"https:\/\/jeaken.com\/sv\/produkt\/gut-health-and-weight-loss-bundle\/\" \/>\n<meta property=\"og:site_name\" content=\"JeaKen\" \/>\n<meta property=\"article:modified_time\" content=\"2023-04-06T11:30:59+00:00\" \/>\n<meta property=\"og:image\" content=\"https:\/\/jeaken.com\/wp-content\/uploads\/2023\/03\/Sans-titre-1.jpg\" \/>\n\t<meta property=\"og:image:width\" content=\"972\" \/>\n\t<meta property=\"og:image:height\" content=\"972\" \/>\n\t<meta property=\"og:image:type\" content=\"image\/jpeg\" \/>\n<meta name=\"twitter:card\" content=\"summary_large_image\" \/>\n<meta name=\"twitter:label1\" content=\"Est. reading time\" \/>\n\t<meta name=\"twitter:data1\" content=\"4 minutes\" \/>\n<script type=\"application\/ld+json\" class=\"yoast-schema-graph\">{\"@context\":\"https:\/\/schema.org\",\"@graph\":[{\"@type\":\"WebPage\",\"@id\":\"https:\/\/jeaken.com\/sv\/produkt\/gut-health-and-weight-loss-bundle\/\",\"url\":\"https:\/\/jeaken.com\/sv\/produkt\/gut-health-and-weight-loss-bundle\/\",\"name\":\"Paketet f\u00f6r tarmh\u00e4lsa och viktminskning - JeaKen\",\"isPartOf\":{\"@id\":\"https:\/\/jeaken.com\/sv\/#website\"},\"primaryImageOfPage\":{\"@id\":\"https:\/\/jeaken.com\/sv\/produkt\/gut-health-and-weight-loss-bundle\/#primaryimage\"},\"image\":{\"@id\":\"https:\/\/jeaken.com\/sv\/produkt\/gut-health-and-weight-loss-bundle\/#primaryimage\"},\"thumbnailUrl\":\"https:\/\/jeaken.com\/wp-content\/uploads\/2023\/03\/Sans-titre-1.jpg\",\"datePublished\":\"2023-03-19T15:46:15+00:00\",\"dateModified\":\"2023-04-06T11:30:59+00:00\",\"breadcrumb\":{\"@id\":\"https:\/\/jeaken.com\/sv\/produkt\/gut-health-and-weight-loss-bundle\/#breadcrumb\"},\"inLanguage\":\"sv-SE\",\"potentialAction\":[{\"@type\":\"ReadAction\",\"target\":[\"https:\/\/jeaken.com\/sv\/produkt\/gut-health-and-weight-loss-bundle\/\"]}]},{\"@type\":\"ImageObject\",\"inLanguage\":\"sv-SE\",\"@id\":\"https:\/\/jeaken.com\/sv\/produkt\/gut-health-and-weight-loss-bundle\/#primaryimage\",\"url\":\"https:\/\/jeaken.com\/wp-content\/uploads\/2023\/03\/Sans-titre-1.jpg\",\"contentUrl\":\"https:\/\/jeaken.com\/wp-content\/uploads\/2023\/03\/Sans-titre-1.jpg\",\"width\":972,\"height\":972,\"caption\":\"Gut Health and Weight Loss Bundle\"},{\"@type\":\"BreadcrumbList\",\"@id\":\"https:\/\/jeaken.com\/sv\/produkt\/gut-health-and-weight-loss-bundle\/#breadcrumb\",\"itemListElement\":[{\"@type\":\"ListItem\",\"position\":1,\"name\":\"Home\",\"item\":\"https:\/\/jeaken.com\/sv\/\"},{\"@type\":\"ListItem\",\"position\":2,\"name\":\"Private: Shop\",\"item\":\"https:\/\/jeaken.com\/shop\/\"},{\"@type\":\"ListItem\",\"position\":3,\"name\":\"Paketet f\u00f6r tarmh\u00e4lsa och viktminskning\"}]},{\"@type\":\"WebSite\",\"@id\":\"https:\/\/jeaken.com\/sv\/#website\",\"url\":\"https:\/\/jeaken.com\/sv\/\",\"name\":\"JeaKen\",\"description\":\"Organic Supplements for Health, Fitness and Nutrition\",\"publisher\":{\"@id\":\"https:\/\/jeaken.com\/sv\/#organization\"},\"potentialAction\":[{\"@type\":\"SearchAction\",\"target\":{\"@type\":\"EntryPoint\",\"urlTemplate\":\"https:\/\/jeaken.com\/sv\/?s={search_term_string}\"},\"query-input\":\"required name=search_term_string\"}],\"inLanguage\":\"sv-SE\"},{\"@type\":\"Organization\",\"@id\":\"https:\/\/jeaken.com\/sv\/#organization\",\"name\":\"JeaKen\",\"url\":\"https:\/\/jeaken.com\/sv\/\",\"logo\":{\"@type\":\"ImageObject\",\"inLanguage\":\"sv-SE\",\"@id\":\"https:\/\/jeaken.com\/sv\/#\/schema\/logo\/image\/\",\"url\":\"https:\/\/jeaken.com\/wp-content\/uploads\/2022\/06\/jeaken-logo-23.png\",\"contentUrl\":\"https:\/\/jeaken.com\/wp-content\/uploads\/2022\/06\/jeaken-logo-23.png\",\"width\":2486,\"height\":736,\"caption\":\"JeaKen\"},\"image\":{\"@id\":\"https:\/\/jeaken.com\/sv\/#\/schema\/logo\/image\/\"}}]}<\/script>\n<!-- \/ Yoast SEO plugin. -->","yoast_head_json":{"title":"Paketet f\u00f6r tarmh\u00e4lsa och viktminskning - JeaKen","robots":{"index":"index","follow":"follow","max-snippet":"max-snippet:-1","max-image-preview":"max-image-preview:large","max-video-preview":"max-video-preview:-1"},"canonical":"https:\/\/jeaken.com\/sv\/produkt\/gut-health-and-weight-loss-bundle\/","og_locale":"sv_SE","og_type":"article","og_title":"Paketet f\u00f6r tarmh\u00e4lsa och viktminskning - JeaKen","og_description":"Paketet f\u00f6r tarmh\u00e4lsa och viktminskning kombinerar probiotikakapslar, gr\u00f6na tekapslar och \u00e4ppelcidervin\u00e4gerkapslar f\u00f6r f\u00f6rb\u00e4ttrad matsm\u00e4ltning, energi och viktminskning, vilket fr\u00e4mjar det allm\u00e4nna v\u00e4lbefinnandet.","og_url":"https:\/\/jeaken.com\/sv\/produkt\/gut-health-and-weight-loss-bundle\/","og_site_name":"JeaKen","article_modified_time":"2023-04-06T11:30:59+00:00","og_image":[{"width":972,"height":972,"url":"https:\/\/jeaken.com\/wp-content\/uploads\/2023\/03\/Sans-titre-1.jpg","type":"image\/jpeg"}],"twitter_card":"summary_large_image","twitter_misc":{"Est. reading time":"4 minutes"},"schema":{"@context":"https:\/\/schema.org","@graph":[{"@type":"WebPage","@id":"https:\/\/jeaken.com\/sv\/produkt\/gut-health-and-weight-loss-bundle\/","url":"https:\/\/jeaken.com\/sv\/produkt\/gut-health-and-weight-loss-bundle\/","name":"Paketet f\u00f6r tarmh\u00e4lsa och viktminskning - JeaKen","isPartOf":{"@id":"https:\/\/jeaken.com\/sv\/#website"},"primaryImageOfPage":{"@id":"https:\/\/jeaken.com\/sv\/produkt\/gut-health-and-weight-loss-bundle\/#primaryimage"},"image":{"@id":"https:\/\/jeaken.com\/sv\/produkt\/gut-health-and-weight-loss-bundle\/#primaryimage"},"thumbnailUrl":"https:\/\/jeaken.com\/wp-content\/uploads\/2023\/03\/Sans-titre-1.jpg","datePublished":"2023-03-19T15:46:15+00:00","dateModified":"2023-04-06T11:30:59+00:00","breadcrumb":{"@id":"https:\/\/jeaken.com\/sv\/produkt\/gut-health-and-weight-loss-bundle\/#breadcrumb"},"inLanguage":"sv-SE","potentialAction":[{"@type":"ReadAction","target":["https:\/\/jeaken.com\/sv\/produkt\/gut-health-and-weight-loss-bundle\/"]}]},{"@type":"ImageObject","inLanguage":"sv-SE","@id":"https:\/\/jeaken.com\/sv\/produkt\/gut-health-and-weight-loss-bundle\/#primaryimage","url":"https:\/\/jeaken.com\/wp-content\/uploads\/2023\/03\/Sans-titre-1.jpg","contentUrl":"https:\/\/jeaken.com\/wp-content\/uploads\/2023\/03\/Sans-titre-1.jpg","width":972,"height":972,"caption":"Gut Health and Weight Loss Bundle"},{"@type":"BreadcrumbList","@id":"https:\/\/jeaken.com\/sv\/produkt\/gut-health-and-weight-loss-bundle\/#breadcrumb","itemListElement":[{"@type":"ListItem","position":1,"name":"Home","item":"https:\/\/jeaken.com\/sv\/"},{"@type":"ListItem","position":2,"name":"Private: Shop","item":"https:\/\/jeaken.com\/shop\/"},{"@type":"ListItem","position":3,"name":"Paketet f\u00f6r tarmh\u00e4lsa och viktminskning"}]},{"@type":"WebSite","@id":"https:\/\/jeaken.com\/sv\/#website","url":"https:\/\/jeaken.com\/sv\/","name":"JeaKen","description":"Organic Supplements for Health, Fitness and Nutrition","publisher":{"@id":"https:\/\/jeaken.com\/sv\/#organization"},"potentialAction":[{"@type":"SearchAction","target":{"@type":"EntryPoint","urlTemplate":"https:\/\/jeaken.com\/sv\/?s={search_term_string}"},"query-input":"required name=search_term_string"}],"inLanguage":"sv-SE"},{"@type":"Organization","@id":"https:\/\/jeaken.com\/sv\/#organization","name":"JeaKen","url":"https:\/\/jeaken.com\/sv\/","logo":{"@type":"ImageObject","inLanguage":"sv-SE","@id":"https:\/\/jeaken.com\/sv\/#\/schema\/logo\/image\/","url":"https:\/\/jeaken.com\/wp-content\/uploads\/2022\/06\/jeaken-logo-23.png","contentUrl":"https:\/\/jeaken.com\/wp-content\/uploads\/2022\/06\/jeaken-logo-23.png","width":2486,"height":736,"caption":"JeaKen"},"image":{"@id":"https:\/\/jeaken.com\/sv\/#\/schema\/logo\/image\/"}}]}},"jetpack_sharing_enabled":true,"_links":{"self":[{"href":"https:\/\/jeaken.com\/sv\/wp-json\/wp\/v2\/product\/14479","targetHints":{"allow":["GET"]}}],"collection":[{"href":"https:\/\/jeaken.com\/sv\/wp-json\/wp\/v2\/product"}],"about":[{"href":"https:\/\/jeaken.com\/sv\/wp-json\/wp\/v2\/types\/product"}],"wp:featuredmedia":[{"embeddable":true,"href":"https:\/\/jeaken.com\/sv\/wp-json\/wp\/v2\/media\/16235"}],"wp:attachment":[{"href":"https:\/\/jeaken.com\/sv\/wp-json\/wp\/v2\/media?parent=14479"}],"wp:term":[{"taxonomy":"product_cat","embeddable":true,"href":"https:\/\/jeaken.com\/sv\/wp-json\/wp\/v2\/product_cat?post=14479"},{"taxonomy":"product_tag","embeddable":true,"href":"https:\/\/jeaken.com\/sv\/wp-json\/wp\/v2\/product_tag?post=14479"}],"curies":[{"name":"wp","href":"https:\/\/api.w.org\/{rel}","templated":true}]}}