{"id":14429,"date":"2023-03-16T15:37:26","date_gmt":"2023-03-16T15:37:26","guid":{"rendered":"https:\/?post_type=product&#038;p=14429"},"modified":"2023-04-06T12:30:58","modified_gmt":"2023-04-06T11:30:58","slug":"gut-health-and-mental-clarity-bundle","status":"publish","type":"product","link":"https:\/\/jeaken.com\/sv\/produkt\/gut-health-and-mental-clarity-bundle\/","title":{"rendered":"Paket med tarmh\u00e4lsa och mental klarhet"},"content":{"rendered":"<h2>Paket med tarmh\u00e4lsa och mental klarhet<\/h2>\n<p><span data-sheets-value=\"{\"1\":2,\"2\":\"The Digestive Health and Mental Clarity &amp; Focus Bundle is a potent combination of three key products designed to support your overall wellness. This bundle includes 6 Strains Probiotics with Prebiotics, a high-quality probiotic supplement that promotes healthy digestion and supports immune function. Green Tea Capsules are also included, providing a natural source of antioxidants to promote overall health and well-being. Additionally, Super Mind Nootropics, a vegan-friendly nootropic supplement, helps to support mental clarity and focus, promoting overall cognitive function. With this bundle, you'll have everything you need to support your digestive health and enhance your mental clarity and focus.\"}\" data-sheets-userformat=\"{\"2\":897,\"3\":{\"1\":0},\"10\":0,\"11\":4,\"12\":0}\">Paketet f\u00f6r tarmh\u00e4lsa och mental klarhet \u00e4r en kraftfull kombination av tre viktiga produkter som \u00e4r utformade f\u00f6r att st\u00f6dja ditt allm\u00e4nna v\u00e4lbefinnande. Det h\u00e4r paketet inneh\u00e5ller 6 Strains Probiotics with Prebiotics, ett probiotiskt tillskott av h\u00f6g kvalitet som fr\u00e4mjar en sund matsm\u00e4ltning och st\u00f6djer immunfunktionen. Gr\u00f6na tekapslar ing\u00e5r ocks\u00e5 och ger en naturlig k\u00e4lla till antioxidanter som fr\u00e4mjar h\u00e4lsa och v\u00e4lbefinnande. Dessutom hj\u00e4lper Super Mind Nootropics, ett veganv\u00e4nligt nootropiskt till\u00e4gg, till att st\u00f6dja mental klarhet och fokus, vilket fr\u00e4mjar den \u00f6vergripande kognitiva funktionen. Med det h\u00e4r paketet f\u00e5r du allt du beh\u00f6ver f\u00f6r att st\u00f6dja din matsm\u00e4ltningsh\u00e4lsa och f\u00f6rb\u00e4ttra din mentala klarhet och ditt fokus.<\/span><\/p>\n<p>&nbsp;<\/p>\n<h4 class=\"product_title entry-title elementor-heading-title elementor-size-default\"><strong>6 stammar Probiotika med prebiotika &#8211; (90 kapslar)<\/strong><\/h4>\n<p>&nbsp;<\/p>\n<p><strong>LINDRING AV UPPBL\u00c5STHET  <\/strong><\/p>\n<p>V\u00e5ra kapslar kommer fr\u00e5n probiotikafamiljen Lactobacillus, som \u00e4r den mest effektiva probiotika f\u00f6r att uppr\u00e4tth\u00e5lla ett h\u00e4lsosamt matsm\u00e4ltningssystem.<span class=\"a-list-item a-size-base\">  V\u00e5ra noggrant utvalda bakteriestammar \u00e4r bland de mest k\u00e4nda f\u00f6r att hj\u00e4lpa till att lindra k\u00e4nslan av uppbl\u00e5sthet och m\u00e4ttnad.  <\/span><\/p>\n<p><span class=\"a-list-item a-size-base\"><strong>6 AKTIVA STAMMAR MED 10 MILJARDER CFU PER PORTION<\/strong> <\/span><\/p>\n<p><span class=\"a-list-item a-size-base\">V\u00e5r komplexa probiotika inneh\u00e5ller de sex mest effektiva stammarna: lactobacillus acidophillus, lactobacillus rhamnosus, lactobacillus gasseri, bifidobacterium lactis, bifidobacterium bifidus och saccharomyces boullardii.<\/span><\/p>\n<p><strong>\u00d6VERLEVER TACK VARE MAGSYRAN <\/strong><\/p>\n<p>Saccharomyces boulardii \u00e4r en <span class=\"a-list-item a-size-base\">v\u00e4l utforskad och<\/span> internationellt erk\u00e4nd probiotisk bakterie som bevisligen \u00f6verlever magsyran och n\u00e5r tarmen levande.<\/p>\n<p><b>FLERA H\u00c4LSOF\u00d6RDELAR<\/b><\/p>\n<p>V\u00e5r innovativa formel \u00e4r f\u00f6rst\u00e4rkt med inulin, en prebiotisk fiber med kraftfulla h\u00e4lsof\u00f6rdelar, inklusive f\u00f6rb\u00e4ttrad immunitet, f\u00f6rb\u00e4ttrad r<span class=\"a-list-item\"><br \/>\n  <span class=\"a-size-base\">egularitet, b\u00e4ttre n<\/span><br \/>\n<\/span><span class=\"a-list-item\"><br \/>\n  <span class=\"a-size-base\">upptag av n\u00e4rings\u00e4mnen, viktminskning, f\u00f6rb\u00e4ttrad h\u00e4lsa i urinv\u00e4garna, f\u00f6rb\u00e4ttrade kolesterolniv\u00e5er och b\u00e4ttre \u00e4mnesoms\u00e4ttning.<\/span><br \/>\n<\/span><\/p>\n<p><strong>TILLVERKAD MED NATURLIGA INGREDIENSER.<\/strong><\/p>\n<p>V\u00e5ra veganv\u00e4nliga kapslar \u00e4r 100 % rena och naturliga med icke-GMO-inneh\u00e5ll.<\/p>\n<p>&nbsp;<\/p>\n<h4 class=\"product_title entry-title elementor-heading-title elementor-size-default\"><strong>Gr\u00f6na te kapslar &#8211; 850mg viktminskning antioxidanttillskott (120 tabletter)<\/strong><\/h4>\n<p>&nbsp;<\/p>\n<p><strong>ERBJUDER FLERA H\u00c4LSOF\u00d6RDELAR<\/strong><\/p>\n<p>Gr\u00f6nt te har anv\u00e4nts i kinesisk medicin i cirka 4 000 \u00e5r. Det erbjuder m\u00e5nga kraftfulla h\u00e4lsof\u00f6rdelar, bland annat bidrar det till att minska risken f\u00f6r hj\u00e4rtsjukdomar och vissa typer av cancer, \u00f6kar f\u00f6rh\u00e5llandet mellan bra (HDL) kolesterol och d\u00e5ligt (LDL) kolesterol i blodet, st\u00e4rker ditt immunf\u00f6rsvar och ger st\u00f6d i form av antioxidanter.<\/p>\n<p><strong>HJ\u00c4LPER TILL MED VIKTMINSKNING<\/strong><\/p>\n<p>I kombination med en h\u00e4lsosam kost fungerar v\u00e5rt vegetariskt v\u00e4nliga gr\u00f6na te som ett effektivt hj\u00e4lpmedel f\u00f6r viktminskning genom att \u00f6ka din \u00e4mnesoms\u00e4ttning och d\u00e4mpa din aptit.<\/p>\n<p><strong>KRAFTFULL NATURLIG ANTIOXIDANT<\/strong><\/p>\n<p>EGCG som finns i gr\u00f6nt te st\u00e5r f\u00f6r de flesta av dess antioxidativa egenskaper, vilket f\u00f6rhindrar att fria radikaler skadar dina celler.<\/p>\n<p><strong>F\u00d6RB\u00c4TTRAR MINNET OCH FOKUS<\/strong><\/p>\n<p>Egenskaperna i gr\u00f6nt teextrakt kan bidra till att \u00f6ka kognition och minne, vilket hj\u00e4lper dig att vara skarp och fokuserad hela dagen.<\/p>\n<h4 class=\"product_title entry-title elementor-heading-title elementor-size-default\"><strong>Super Mind Nootropics &#8211; 60 veganska kapslar<\/strong><\/h4>\n<p>&nbsp;<\/p>\n<ul class=\"a-unordered-list a-vertical a-spacing-none\">\n<li class=\"a-spacing-small\"><span class=\"a-list-item a-size-base\">BOOST MEMORY, CONCENTRATION and ALERTNESS &#8211; Till skillnad fr\u00e5n m\u00e5nga hj\u00e4rntillskott \u00e4r JeaKen nootropics brain boost kapslar gjorda av naturliga ingredienser som Rhodiola Rosea som hj\u00e4lper till att \u00f6ka koncentrationen och vakenheten, \u00f6ka den mentala energin och f\u00f6rb\u00e4ttra minnet.  <\/span><\/li>\n<li class=\"a-spacing-small\"><span class=\"a-list-item a-size-base\">Minska tr\u00f6tthet och f\u00f6rb\u00e4ttra fokus &#8211; Guarana, en v\u00e4xt som \u00e4r hemmah\u00f6rande i Amazonas, inneh\u00e5ller naturligt koffein och har visat sig vara mycket effektiv f\u00f6r att minska tr\u00f6tthet och f\u00f6rb\u00e4ttra mentalt fokus. Kombinationen av koffein och teanin har visat sig vara mycket effektiv f\u00f6r att f\u00f6rb\u00e4ttra den kognitiva f\u00f6rm\u00e5gan.  <\/span><\/li>\n<li class=\"a-spacing-small\"><span class=\"a-list-item a-size-base\">BARA DE B\u00c4STA INGREDIENSERNA &#8211; V\u00e5rt minnestillskott \u00e4r tillverkat av helt naturliga vitaminer, mineraler och \u00f6rtextrakt, utan skadliga tillsatser; icke-GMO och fritt fr\u00e5n hormoner och gluten.  <\/span><\/li>\n<li class=\"a-spacing-small\"><span class=\"a-list-item a-size-base\">ST\u00d6TTAD AV VETENSKAP &#8211; Det var mycket noga med att kombinera precis r\u00e4tt m\u00e4ngd av varje ingrediens i en avancerad formel som \u00e4r utformad f\u00f6r att hj\u00e4lpa till att st\u00f6dja syre och cirkulation i hj\u00e4rncellerna, och neuroner som \u00e4r utformade f\u00f6r att st\u00f6dja minne, fokus och klarhet.<\/span><\/li>\n<\/ul>\n","protected":false},"excerpt":{"rendered":"<p>\u00d6ka matsm\u00e4ltningen och de kognitiva funktionerna med paketet Gut Health and Mental Clarity Bundle, som inneh\u00e5ller probiotika, gr\u00f6nt te och nootropics f\u00f6r \u00f6vergripande v\u00e4lbefinnande.<\/p>\n","protected":false},"featured_media":16288,"template":"","meta":{"site-sidebar-layout":"default","site-content-layout":"default","ast-site-content-layout":"default","site-content-style":"default","site-sidebar-style":"default","ast-global-header-display":"","ast-banner-title-visibility":"","ast-main-header-display":"","ast-hfb-above-header-display":"","ast-hfb-below-header-display":"","ast-hfb-mobile-header-display":"","site-post-title":"","ast-breadcrumbs-content":"","ast-featured-img":"","footer-sml-layout":"","theme-transparent-header-meta":"default","adv-header-id-meta":"","stick-header-meta":"default","header-above-stick-meta":"","header-main-stick-meta":"","header-below-stick-meta":"","astra-migrate-meta-layouts":"default","ast-page-background-enabled":"default","ast-page-background-meta":{"desktop":{"background-color":"","background-image":"","background-repeat":"repeat","background-position":"center center","background-size":"auto","background-attachment":"scroll","background-type":"","background-media":"","overlay-type":"","overlay-color":"","overlay-opacity":"","overlay-gradient":""},"tablet":{"background-color":"","background-image":"","background-repeat":"repeat","background-position":"center center","background-size":"auto","background-attachment":"scroll","background-type":"","background-media":"","overlay-type":"","overlay-color":"","overlay-opacity":"","overlay-gradient":""},"mobile":{"background-color":"","background-image":"","background-repeat":"repeat","background-position":"center center","background-size":"auto","background-attachment":"scroll","background-type":"","background-media":"","overlay-type":"","overlay-color":"","overlay-opacity":"","overlay-gradient":""}},"ast-content-background-meta":{"desktop":{"background-color":"var(--ast-global-color-5)","background-image":"","background-repeat":"repeat","background-position":"center center","background-size":"auto","background-attachment":"scroll","background-type":"","background-media":"","overlay-type":"","overlay-color":"","overlay-opacity":"","overlay-gradient":""},"tablet":{"background-color":"var(--ast-global-color-5)","background-image":"","background-repeat":"repeat","background-position":"center center","background-size":"auto","background-attachment":"scroll","background-type":"","background-media":"","overlay-type":"","overlay-color":"","overlay-opacity":"","overlay-gradient":""},"mobile":{"background-color":"var(--ast-global-color-5)","background-image":"","background-repeat":"repeat","background-position":"center center","background-size":"auto","background-attachment":"scroll","background-type":"","background-media":"","overlay-type":"","overlay-color":"","overlay-opacity":"","overlay-gradient":""}}},"product_cat":[654,600,560,655,679,1352],"product_tag":[],"class_list":{"0":"post-14429","1":"product","2":"type-product","3":"status-publish","4":"has-post-thumbnail","6":"product_cat-forstarkare-for-hjarnan","7":"product_cat-humor-och-valbefinnande","8":"product_cat-immunhalsa","9":"product_cat-kosttillskott","10":"product_cat-matsmaltningshalsa","11":"product_cat-naring","12":"has-subscription-plans","13":"desktop-align-left","14":"tablet-align-left","15":"mobile-align-left","17":"first","18":"instock","19":"taxable","20":"shipping-taxable","21":"purchasable","22":"product-type-simple"},"yoast_head":"<!-- This site is optimized with the Yoast SEO plugin v22.7 - https:\/\/yoast.com\/wordpress\/plugins\/seo\/ -->\n<title>Paket med tarmh\u00e4lsa och mental klarhet - JeaKen<\/title>\n<meta name=\"robots\" content=\"index, follow, max-snippet:-1, max-image-preview:large, max-video-preview:-1\" \/>\n<link rel=\"canonical\" href=\"https:\/\/jeaken.com\/sv\/produkt\/gut-health-and-mental-clarity-bundle\/\" \/>\n<meta property=\"og:locale\" content=\"sv_SE\" \/>\n<meta property=\"og:type\" content=\"article\" \/>\n<meta property=\"og:title\" content=\"Paket med tarmh\u00e4lsa och mental klarhet - JeaKen\" \/>\n<meta property=\"og:description\" content=\"\u00d6ka matsm\u00e4ltningen och de kognitiva funktionerna med paketet Gut Health and Mental Clarity Bundle, som inneh\u00e5ller probiotika, gr\u00f6nt te och nootropics f\u00f6r \u00f6vergripande v\u00e4lbefinnande.\" \/>\n<meta property=\"og:url\" content=\"https:\/\/jeaken.com\/sv\/produkt\/gut-health-and-mental-clarity-bundle\/\" \/>\n<meta property=\"og:site_name\" content=\"JeaKen\" \/>\n<meta property=\"article:modified_time\" content=\"2023-04-06T11:30:58+00:00\" \/>\n<meta property=\"og:image\" content=\"https:\/\/jeaken.com\/wp-content\/uploads\/2023\/03\/Combine5.jpg\" \/>\n\t<meta property=\"og:image:width\" content=\"972\" \/>\n\t<meta property=\"og:image:height\" content=\"972\" \/>\n\t<meta property=\"og:image:type\" content=\"image\/jpeg\" \/>\n<meta name=\"twitter:card\" content=\"summary_large_image\" \/>\n<script type=\"application\/ld+json\" class=\"yoast-schema-graph\">{\"@context\":\"https:\/\/schema.org\",\"@graph\":[{\"@type\":\"WebPage\",\"@id\":\"https:\/\/jeaken.com\/sv\/produkt\/gut-health-and-mental-clarity-bundle\/\",\"url\":\"https:\/\/jeaken.com\/sv\/produkt\/gut-health-and-mental-clarity-bundle\/\",\"name\":\"Paket med tarmh\u00e4lsa och mental klarhet - JeaKen\",\"isPartOf\":{\"@id\":\"https:\/\/jeaken.com\/sv\/#website\"},\"primaryImageOfPage\":{\"@id\":\"https:\/\/jeaken.com\/sv\/produkt\/gut-health-and-mental-clarity-bundle\/#primaryimage\"},\"image\":{\"@id\":\"https:\/\/jeaken.com\/sv\/produkt\/gut-health-and-mental-clarity-bundle\/#primaryimage\"},\"thumbnailUrl\":\"https:\/\/jeaken.com\/wp-content\/uploads\/2023\/03\/Combine5.jpg\",\"datePublished\":\"2023-03-16T15:37:26+00:00\",\"dateModified\":\"2023-04-06T11:30:58+00:00\",\"breadcrumb\":{\"@id\":\"https:\/\/jeaken.com\/sv\/produkt\/gut-health-and-mental-clarity-bundle\/#breadcrumb\"},\"inLanguage\":\"sv-SE\",\"potentialAction\":[{\"@type\":\"ReadAction\",\"target\":[\"https:\/\/jeaken.com\/sv\/produkt\/gut-health-and-mental-clarity-bundle\/\"]}]},{\"@type\":\"ImageObject\",\"inLanguage\":\"sv-SE\",\"@id\":\"https:\/\/jeaken.com\/sv\/produkt\/gut-health-and-mental-clarity-bundle\/#primaryimage\",\"url\":\"https:\/\/jeaken.com\/wp-content\/uploads\/2023\/03\/Combine5.jpg\",\"contentUrl\":\"https:\/\/jeaken.com\/wp-content\/uploads\/2023\/03\/Combine5.jpg\",\"width\":972,\"height\":972,\"caption\":\"\u00a0Gut Health and Mental Clarity Bundle\"},{\"@type\":\"BreadcrumbList\",\"@id\":\"https:\/\/jeaken.com\/sv\/produkt\/gut-health-and-mental-clarity-bundle\/#breadcrumb\",\"itemListElement\":[{\"@type\":\"ListItem\",\"position\":1,\"name\":\"Home\",\"item\":\"https:\/\/jeaken.com\/sv\/\"},{\"@type\":\"ListItem\",\"position\":2,\"name\":\"Private: Shop\",\"item\":\"https:\/\/jeaken.com\/shop\/\"},{\"@type\":\"ListItem\",\"position\":3,\"name\":\"Paket med tarmh\u00e4lsa och mental klarhet\"}]},{\"@type\":\"WebSite\",\"@id\":\"https:\/\/jeaken.com\/sv\/#website\",\"url\":\"https:\/\/jeaken.com\/sv\/\",\"name\":\"JeaKen\",\"description\":\"Organic Supplements for Health, Fitness and Nutrition\",\"publisher\":{\"@id\":\"https:\/\/jeaken.com\/sv\/#organization\"},\"potentialAction\":[{\"@type\":\"SearchAction\",\"target\":{\"@type\":\"EntryPoint\",\"urlTemplate\":\"https:\/\/jeaken.com\/sv\/?s={search_term_string}\"},\"query-input\":\"required name=search_term_string\"}],\"inLanguage\":\"sv-SE\"},{\"@type\":\"Organization\",\"@id\":\"https:\/\/jeaken.com\/sv\/#organization\",\"name\":\"JeaKen\",\"url\":\"https:\/\/jeaken.com\/sv\/\",\"logo\":{\"@type\":\"ImageObject\",\"inLanguage\":\"sv-SE\",\"@id\":\"https:\/\/jeaken.com\/sv\/#\/schema\/logo\/image\/\",\"url\":\"https:\/\/jeaken.com\/wp-content\/uploads\/2022\/06\/jeaken-logo-23.png\",\"contentUrl\":\"https:\/\/jeaken.com\/wp-content\/uploads\/2022\/06\/jeaken-logo-23.png\",\"width\":2486,\"height\":736,\"caption\":\"JeaKen\"},\"image\":{\"@id\":\"https:\/\/jeaken.com\/sv\/#\/schema\/logo\/image\/\"}}]}<\/script>\n<!-- \/ Yoast SEO plugin. -->","yoast_head_json":{"title":"Paket med tarmh\u00e4lsa och mental klarhet - JeaKen","robots":{"index":"index","follow":"follow","max-snippet":"max-snippet:-1","max-image-preview":"max-image-preview:large","max-video-preview":"max-video-preview:-1"},"canonical":"https:\/\/jeaken.com\/sv\/produkt\/gut-health-and-mental-clarity-bundle\/","og_locale":"sv_SE","og_type":"article","og_title":"Paket med tarmh\u00e4lsa och mental klarhet - JeaKen","og_description":"\u00d6ka matsm\u00e4ltningen och de kognitiva funktionerna med paketet Gut Health and Mental Clarity Bundle, som inneh\u00e5ller probiotika, gr\u00f6nt te och nootropics f\u00f6r \u00f6vergripande v\u00e4lbefinnande.","og_url":"https:\/\/jeaken.com\/sv\/produkt\/gut-health-and-mental-clarity-bundle\/","og_site_name":"JeaKen","article_modified_time":"2023-04-06T11:30:58+00:00","og_image":[{"width":972,"height":972,"url":"https:\/\/jeaken.com\/wp-content\/uploads\/2023\/03\/Combine5.jpg","type":"image\/jpeg"}],"twitter_card":"summary_large_image","schema":{"@context":"https:\/\/schema.org","@graph":[{"@type":"WebPage","@id":"https:\/\/jeaken.com\/sv\/produkt\/gut-health-and-mental-clarity-bundle\/","url":"https:\/\/jeaken.com\/sv\/produkt\/gut-health-and-mental-clarity-bundle\/","name":"Paket med tarmh\u00e4lsa och mental klarhet - JeaKen","isPartOf":{"@id":"https:\/\/jeaken.com\/sv\/#website"},"primaryImageOfPage":{"@id":"https:\/\/jeaken.com\/sv\/produkt\/gut-health-and-mental-clarity-bundle\/#primaryimage"},"image":{"@id":"https:\/\/jeaken.com\/sv\/produkt\/gut-health-and-mental-clarity-bundle\/#primaryimage"},"thumbnailUrl":"https:\/\/jeaken.com\/wp-content\/uploads\/2023\/03\/Combine5.jpg","datePublished":"2023-03-16T15:37:26+00:00","dateModified":"2023-04-06T11:30:58+00:00","breadcrumb":{"@id":"https:\/\/jeaken.com\/sv\/produkt\/gut-health-and-mental-clarity-bundle\/#breadcrumb"},"inLanguage":"sv-SE","potentialAction":[{"@type":"ReadAction","target":["https:\/\/jeaken.com\/sv\/produkt\/gut-health-and-mental-clarity-bundle\/"]}]},{"@type":"ImageObject","inLanguage":"sv-SE","@id":"https:\/\/jeaken.com\/sv\/produkt\/gut-health-and-mental-clarity-bundle\/#primaryimage","url":"https:\/\/jeaken.com\/wp-content\/uploads\/2023\/03\/Combine5.jpg","contentUrl":"https:\/\/jeaken.com\/wp-content\/uploads\/2023\/03\/Combine5.jpg","width":972,"height":972,"caption":"\u00a0Gut Health and Mental Clarity Bundle"},{"@type":"BreadcrumbList","@id":"https:\/\/jeaken.com\/sv\/produkt\/gut-health-and-mental-clarity-bundle\/#breadcrumb","itemListElement":[{"@type":"ListItem","position":1,"name":"Home","item":"https:\/\/jeaken.com\/sv\/"},{"@type":"ListItem","position":2,"name":"Private: Shop","item":"https:\/\/jeaken.com\/shop\/"},{"@type":"ListItem","position":3,"name":"Paket med tarmh\u00e4lsa och mental klarhet"}]},{"@type":"WebSite","@id":"https:\/\/jeaken.com\/sv\/#website","url":"https:\/\/jeaken.com\/sv\/","name":"JeaKen","description":"Organic Supplements for Health, Fitness and Nutrition","publisher":{"@id":"https:\/\/jeaken.com\/sv\/#organization"},"potentialAction":[{"@type":"SearchAction","target":{"@type":"EntryPoint","urlTemplate":"https:\/\/jeaken.com\/sv\/?s={search_term_string}"},"query-input":"required name=search_term_string"}],"inLanguage":"sv-SE"},{"@type":"Organization","@id":"https:\/\/jeaken.com\/sv\/#organization","name":"JeaKen","url":"https:\/\/jeaken.com\/sv\/","logo":{"@type":"ImageObject","inLanguage":"sv-SE","@id":"https:\/\/jeaken.com\/sv\/#\/schema\/logo\/image\/","url":"https:\/\/jeaken.com\/wp-content\/uploads\/2022\/06\/jeaken-logo-23.png","contentUrl":"https:\/\/jeaken.com\/wp-content\/uploads\/2022\/06\/jeaken-logo-23.png","width":2486,"height":736,"caption":"JeaKen"},"image":{"@id":"https:\/\/jeaken.com\/sv\/#\/schema\/logo\/image\/"}}]}},"jetpack_sharing_enabled":true,"_links":{"self":[{"href":"https:\/\/jeaken.com\/sv\/wp-json\/wp\/v2\/product\/14429","targetHints":{"allow":["GET"]}}],"collection":[{"href":"https:\/\/jeaken.com\/sv\/wp-json\/wp\/v2\/product"}],"about":[{"href":"https:\/\/jeaken.com\/sv\/wp-json\/wp\/v2\/types\/product"}],"wp:featuredmedia":[{"embeddable":true,"href":"https:\/\/jeaken.com\/sv\/wp-json\/wp\/v2\/media\/16288"}],"wp:attachment":[{"href":"https:\/\/jeaken.com\/sv\/wp-json\/wp\/v2\/media?parent=14429"}],"wp:term":[{"taxonomy":"product_cat","embeddable":true,"href":"https:\/\/jeaken.com\/sv\/wp-json\/wp\/v2\/product_cat?post=14429"},{"taxonomy":"product_tag","embeddable":true,"href":"https:\/\/jeaken.com\/sv\/wp-json\/wp\/v2\/product_tag?post=14429"}],"curies":[{"name":"wp","href":"https:\/\/api.w.org\/{rel}","templated":true}]}}