{"id":14405,"date":"2023-03-16T11:56:11","date_gmt":"2023-03-16T11:56:11","guid":{"rendered":"https:\/?post_type=product&#038;p=14405"},"modified":"2023-04-06T12:31:30","modified_gmt":"2023-04-06T11:31:30","slug":"gut-health-bundle","status":"publish","type":"product","link":"https:\/\/jeaken.com\/sv\/produkt\/gut-health-bundle\/","title":{"rendered":"Paket om tarmh\u00e4lsa"},"content":{"rendered":"<h2>Paket om tarmh\u00e4lsa<\/h2>\n<p><span data-sheets-value=\"{\"1\":2,\"2\":\"The Gut Health Bundle is a comprehensive package containing three essential supplements to support your digestive system. The Probiotics Capsules provide 6 strains of probiotics and prebiotics to support the growth of healthy gut bacteria. The Colon Cleanse helps to eliminate toxins and improve bowel movement. Lastly, the Green Tea Capsules provide natural antioxidants and energy to support digestive health. By incorporating this bundle into your daily routine, you can promote optimal digestive function and overall wellness.\"}\" data-sheets-userformat=\"{\"2\":2945,\"3\":{\"1\":0},\"10\":0,\"11\":4,\"12\":0,\"14\":{\"1\":2,\"2\":16497668}}\">Gut Health Bundle \u00e4r ett helt\u00e4ckande paket med tre viktiga kosttillskott f\u00f6r att st\u00f6dja ditt matsm\u00e4ltningssystem. Probiotikakapslarna inneh\u00e5ller 6 stammar av probiotika och prebiotika f\u00f6r att st\u00f6dja tillv\u00e4xten av friska tarmbakterier. Colon Cleanse hj\u00e4lper till att eliminera gifter och f\u00f6rb\u00e4ttra tarmr\u00f6relsen. Slutligen ger gr\u00f6nt te-kapslarna naturliga antioxidanter och energi f\u00f6r att st\u00f6dja matsm\u00e4ltningen. Genom att inf\u00f6rliva detta paket i din dagliga rutin kan du fr\u00e4mja optimal matsm\u00e4ltningsfunktion och allm\u00e4nt v\u00e4lbefinnande.<\/span><\/p>\n<h4 class=\"product_title entry-title elementor-heading-title elementor-size-default\"><strong>6 stammar Probiotika med prebiotika &#8211; (90 kapslar)<\/strong><\/h4>\n<p>&nbsp;<\/p>\n<p><strong>LINDRING AV UPPBL\u00c5STHET  <\/strong><\/p>\n<p>V\u00e5ra kapslar kommer fr\u00e5n probiotikafamiljen Lactobacillus, som \u00e4r den mest effektiva probiotika f\u00f6r att uppr\u00e4tth\u00e5lla ett h\u00e4lsosamt matsm\u00e4ltningssystem.<span class=\"a-list-item a-size-base\">  V\u00e5ra noggrant utvalda bakteriestammar \u00e4r bland de mest k\u00e4nda f\u00f6r att hj\u00e4lpa till att lindra k\u00e4nslan av uppbl\u00e5sthet och m\u00e4ttnad.  <\/span><\/p>\n<p><span class=\"a-list-item a-size-base\"><strong>6 AKTIVA STAMMAR MED 10 MILJARDER CFU PER PORTION<\/strong> <\/span><\/p>\n<p><span class=\"a-list-item a-size-base\">V\u00e5r komplexa probiotika inneh\u00e5ller de sex mest effektiva stammarna: lactobacillus acidophillus, lactobacillus rhamnosus, lactobacillus gasseri, bifidobacterium lactis, bifidobacterium bifidus och saccharomyces boullardii.<\/span><\/p>\n<p><strong>\u00d6VERLEVER TACK VARE MAGSYRAN <\/strong><\/p>\n<p>Saccharomyces boulardii \u00e4r en <span class=\"a-list-item a-size-base\">v\u00e4l utforskad och<\/span> internationellt erk\u00e4nd probiotisk bakterie som bevisligen \u00f6verlever magsyran och n\u00e5r tarmen levande.<\/p>\n<p><b>FLERA H\u00c4LSOF\u00d6RDELAR<\/b><\/p>\n<p>V\u00e5r innovativa formel \u00e4r f\u00f6rst\u00e4rkt med inulin, en prebiotisk fiber med kraftfulla h\u00e4lsof\u00f6rdelar, inklusive f\u00f6rb\u00e4ttrad immunitet, f\u00f6rb\u00e4ttrad r<span class=\"a-list-item\"><br \/>\n  <span class=\"a-size-base\">egularitet, b\u00e4ttre n<\/span><br \/>\n<\/span><span class=\"a-list-item\"><br \/>\n  <span class=\"a-size-base\">upptag av n\u00e4rings\u00e4mnen, viktminskning, f\u00f6rb\u00e4ttrad h\u00e4lsa i urinv\u00e4garna, f\u00f6rb\u00e4ttrade kolesterolniv\u00e5er och b\u00e4ttre \u00e4mnesoms\u00e4ttning.<\/span><br \/>\n<\/span><\/p>\n<p><strong>TILLVERKAD MED NATURLIGA INGREDIENSER.<\/strong><\/p>\n<p>V\u00e5ra veganv\u00e4nliga kapslar \u00e4r 100 % rena och naturliga med icke-GMO-inneh\u00e5ll.<\/p>\n<p>&nbsp;<\/p>\n<h4 class=\"product_title entry-title elementor-heading-title elementor-size-default\"><strong>Body Cleanse och Detox kapslar &#8211; f\u00f6r viktminskning och Colon Cleanse (90 kapslar)<\/strong><\/h4>\n<p>&nbsp;<\/p>\n<p><span class=\"a-list-item\"><strong>ELIMINERAR GIFTER<\/strong> <\/span><\/p>\n<p><span class=\"a-list-item\">Denna kraftfulla produkt inneh\u00e5ller 14 viktiga ingredienser som hj\u00e4lper till att rensa ut gifter fr\u00e5n kroppen.<\/span><\/p>\n<p><span class=\"a-list-item\"><strong>MINSKAR UPPBL\u00c5STHET<\/strong> <\/span><\/p>\n<p><span class=\"a-list-item\">V\u00e5rt tillskott hj\u00e4lper till att minska uppbl\u00e5sthet samtidigt som du reglerar ditt matintag. Om du tar detta tillskott regelbundet kan det ge en balanserande effekt p\u00e5 matsm\u00e4ltningssystemet och lindra symptomen p\u00e5 f\u00f6rstoppning och matsm\u00e4ltningsbesv\u00e4r.<\/span><\/p>\n<p><strong><span class=\"a-list-item\">MAXIMERAR VIKTMINSKNINGEN  <\/span><\/strong><\/p>\n<p><span class=\"a-list-item\">V\u00e5ra Cleanse Detox-kapslar g\u00f6r dig inte bara av med gifter, utan maximerar ocks\u00e5 din viktminskning f\u00f6r att uppn\u00e5 dina m\u00e5l f\u00f6r att definiera muskelmassa.<\/span><\/p>\n<p><strong><span class=\"a-list-item\">BEPR\u00d6VAD PROBIOTISK KOMBINATION  <\/span><\/strong><\/p>\n<p><span class=\"a-list-item\">F\u00f6r optimala resultat har vi kombinerat de bepr\u00f6vade h\u00e4lsoegenskaperna hos psylliumskinn med inulin f\u00f6r att spola bort avfall fr\u00e5n ditt system och fr\u00e4scha upp det med de &#8220;v\u00e4nliga bakterierna&#8221; i Lactobacillus Acidophilus Probiotic.<\/span><\/p>\n<p>&nbsp;<\/p>\n<h4 class=\"product_title entry-title elementor-heading-title elementor-size-default\"><strong>Gr\u00f6na te kapslar &#8211; 850mg viktminskning antioxidanttillskott (120 tabletter)<\/strong><\/h4>\n<p>&nbsp;<\/p>\n<p><strong>ERBJUDER FLERA H\u00c4LSOF\u00d6RDELAR<\/strong><\/p>\n<p>Gr\u00f6nt te har anv\u00e4nts i kinesisk medicin i cirka 4 000 \u00e5r. Det erbjuder m\u00e5nga kraftfulla h\u00e4lsof\u00f6rdelar, bland annat bidrar det till att minska risken f\u00f6r hj\u00e4rtsjukdomar och vissa typer av cancer, \u00f6kar f\u00f6rh\u00e5llandet mellan bra (HDL) kolesterol och d\u00e5ligt (LDL) kolesterol i blodet, st\u00e4rker ditt immunf\u00f6rsvar och ger st\u00f6d i form av antioxidanter.<\/p>\n<p><strong>HJ\u00c4LPER TILL MED VIKTMINSKNING<\/strong><\/p>\n<p>I kombination med en h\u00e4lsosam kost fungerar v\u00e5rt vegetariskt v\u00e4nliga gr\u00f6na te som ett effektivt hj\u00e4lpmedel f\u00f6r viktminskning genom att \u00f6ka din \u00e4mnesoms\u00e4ttning och d\u00e4mpa din aptit.<\/p>\n<p><strong>KRAFTFULL NATURLIG ANTIOXIDANT<\/strong><\/p>\n<p>EGCG som finns i gr\u00f6nt te st\u00e5r f\u00f6r de flesta av dess antioxidativa egenskaper, vilket f\u00f6rhindrar att fria radikaler skadar dina celler.<\/p>\n<p><strong>F\u00d6RB\u00c4TTRAR MINNET OCH FOKUS<\/strong><\/p>\n<p>Egenskaperna i gr\u00f6nt teextrakt kan bidra till att \u00f6ka kognition och minne, vilket hj\u00e4lper dig att vara skarp och fokuserad hela dagen.<\/p>\n","protected":false},"excerpt":{"rendered":"<p>Paketet f\u00f6r tarmh\u00e4lsa inneh\u00e5ller probiotikakapslar, Colon Cleanse och gr\u00f6nt te-kapslar f\u00f6r b\u00e4ttre st\u00f6d f\u00f6r matsm\u00e4ltningen, eliminering av gifter och energi. F\u00f6rb\u00e4ttrar matsm\u00e4ltningen och det allm\u00e4nna v\u00e4lbefinnandet vid daglig anv\u00e4ndning.<\/p>\n","protected":false},"featured_media":16252,"template":"","meta":{"site-sidebar-layout":"default","site-content-layout":"default","ast-site-content-layout":"default","site-content-style":"default","site-sidebar-style":"default","ast-global-header-display":"","ast-banner-title-visibility":"","ast-main-header-display":"","ast-hfb-above-header-display":"","ast-hfb-below-header-display":"","ast-hfb-mobile-header-display":"","site-post-title":"","ast-breadcrumbs-content":"","ast-featured-img":"","footer-sml-layout":"","theme-transparent-header-meta":"default","adv-header-id-meta":"","stick-header-meta":"default","header-above-stick-meta":"","header-main-stick-meta":"","header-below-stick-meta":"","astra-migrate-meta-layouts":"default","ast-page-background-enabled":"default","ast-page-background-meta":{"desktop":{"background-color":"","background-image":"","background-repeat":"repeat","background-position":"center center","background-size":"auto","background-attachment":"scroll","background-type":"","background-media":"","overlay-type":"","overlay-color":"","overlay-opacity":"","overlay-gradient":""},"tablet":{"background-color":"","background-image":"","background-repeat":"repeat","background-position":"center center","background-size":"auto","background-attachment":"scroll","background-type":"","background-media":"","overlay-type":"","overlay-color":"","overlay-opacity":"","overlay-gradient":""},"mobile":{"background-color":"","background-image":"","background-repeat":"repeat","background-position":"center center","background-size":"auto","background-attachment":"scroll","background-type":"","background-media":"","overlay-type":"","overlay-color":"","overlay-opacity":"","overlay-gradient":""}},"ast-content-background-meta":{"desktop":{"background-color":"var(--ast-global-color-5)","background-image":"","background-repeat":"repeat","background-position":"center center","background-size":"auto","background-attachment":"scroll","background-type":"","background-media":"","overlay-type":"","overlay-color":"","overlay-opacity":"","overlay-gradient":""},"tablet":{"background-color":"var(--ast-global-color-5)","background-image":"","background-repeat":"repeat","background-position":"center center","background-size":"auto","background-attachment":"scroll","background-type":"","background-media":"","overlay-type":"","overlay-color":"","overlay-opacity":"","overlay-gradient":""},"mobile":{"background-color":"var(--ast-global-color-5)","background-image":"","background-repeat":"repeat","background-position":"center center","background-size":"auto","background-attachment":"scroll","background-type":"","background-media":"","overlay-type":"","overlay-color":"","overlay-opacity":"","overlay-gradient":""}}},"product_cat":[655,679,1352],"product_tag":[],"class_list":{"0":"post-14405","1":"product","2":"type-product","3":"status-publish","4":"has-post-thumbnail","6":"product_cat-kosttillskott","7":"product_cat-matsmaltningshalsa","8":"product_cat-naring","9":"has-subscription-plans","10":"desktop-align-left","11":"tablet-align-left","12":"mobile-align-left","14":"first","15":"instock","16":"taxable","17":"shipping-taxable","18":"purchasable","19":"product-type-simple"},"yoast_head":"<!-- This site is optimized with the Yoast SEO plugin v22.7 - https:\/\/yoast.com\/wordpress\/plugins\/seo\/ -->\n<title>Paket om tarmh\u00e4lsa - JeaKen<\/title>\n<meta name=\"robots\" content=\"index, follow, max-snippet:-1, max-image-preview:large, max-video-preview:-1\" \/>\n<link rel=\"canonical\" href=\"https:\/\/jeaken.com\/sv\/produkt\/gut-health-bundle\/\" \/>\n<meta property=\"og:locale\" content=\"sv_SE\" \/>\n<meta property=\"og:type\" content=\"article\" \/>\n<meta property=\"og:title\" content=\"Paket om tarmh\u00e4lsa - JeaKen\" \/>\n<meta property=\"og:description\" content=\"Paketet f\u00f6r tarmh\u00e4lsa inneh\u00e5ller probiotikakapslar, Colon Cleanse och gr\u00f6nt te-kapslar f\u00f6r b\u00e4ttre st\u00f6d f\u00f6r matsm\u00e4ltningen, eliminering av gifter och energi. F\u00f6rb\u00e4ttrar matsm\u00e4ltningen och det allm\u00e4nna v\u00e4lbefinnandet vid daglig anv\u00e4ndning.\" \/>\n<meta property=\"og:url\" content=\"https:\/\/jeaken.com\/sv\/produkt\/gut-health-bundle\/\" \/>\n<meta property=\"og:site_name\" content=\"JeaKen\" \/>\n<meta property=\"article:modified_time\" content=\"2023-04-06T11:31:30+00:00\" \/>\n<meta property=\"og:image\" content=\"https:\/\/jeaken.com\/wp-content\/uploads\/2023\/03\/Combine2.jpg\" \/>\n\t<meta property=\"og:image:width\" content=\"972\" \/>\n\t<meta property=\"og:image:height\" content=\"972\" \/>\n\t<meta property=\"og:image:type\" content=\"image\/jpeg\" \/>\n<meta name=\"twitter:card\" content=\"summary_large_image\" \/>\n<meta name=\"twitter:label1\" content=\"Est. reading time\" \/>\n\t<meta name=\"twitter:data1\" content=\"3 minutes\" \/>\n<script type=\"application\/ld+json\" class=\"yoast-schema-graph\">{\"@context\":\"https:\/\/schema.org\",\"@graph\":[{\"@type\":\"WebPage\",\"@id\":\"https:\/\/jeaken.com\/sv\/produkt\/gut-health-bundle\/\",\"url\":\"https:\/\/jeaken.com\/sv\/produkt\/gut-health-bundle\/\",\"name\":\"Paket om tarmh\u00e4lsa - JeaKen\",\"isPartOf\":{\"@id\":\"https:\/\/jeaken.com\/sv\/#website\"},\"primaryImageOfPage\":{\"@id\":\"https:\/\/jeaken.com\/sv\/produkt\/gut-health-bundle\/#primaryimage\"},\"image\":{\"@id\":\"https:\/\/jeaken.com\/sv\/produkt\/gut-health-bundle\/#primaryimage\"},\"thumbnailUrl\":\"https:\/\/jeaken.com\/wp-content\/uploads\/2023\/03\/Combine2.jpg\",\"datePublished\":\"2023-03-16T11:56:11+00:00\",\"dateModified\":\"2023-04-06T11:31:30+00:00\",\"breadcrumb\":{\"@id\":\"https:\/\/jeaken.com\/sv\/produkt\/gut-health-bundle\/#breadcrumb\"},\"inLanguage\":\"sv-SE\",\"potentialAction\":[{\"@type\":\"ReadAction\",\"target\":[\"https:\/\/jeaken.com\/sv\/produkt\/gut-health-bundle\/\"]}]},{\"@type\":\"ImageObject\",\"inLanguage\":\"sv-SE\",\"@id\":\"https:\/\/jeaken.com\/sv\/produkt\/gut-health-bundle\/#primaryimage\",\"url\":\"https:\/\/jeaken.com\/wp-content\/uploads\/2023\/03\/Combine2.jpg\",\"contentUrl\":\"https:\/\/jeaken.com\/wp-content\/uploads\/2023\/03\/Combine2.jpg\",\"width\":972,\"height\":972,\"caption\":\"Gut Health\"},{\"@type\":\"BreadcrumbList\",\"@id\":\"https:\/\/jeaken.com\/sv\/produkt\/gut-health-bundle\/#breadcrumb\",\"itemListElement\":[{\"@type\":\"ListItem\",\"position\":1,\"name\":\"Home\",\"item\":\"https:\/\/jeaken.com\/sv\/\"},{\"@type\":\"ListItem\",\"position\":2,\"name\":\"Private: Shop\",\"item\":\"https:\/\/jeaken.com\/shop\/\"},{\"@type\":\"ListItem\",\"position\":3,\"name\":\"Paket om tarmh\u00e4lsa\"}]},{\"@type\":\"WebSite\",\"@id\":\"https:\/\/jeaken.com\/sv\/#website\",\"url\":\"https:\/\/jeaken.com\/sv\/\",\"name\":\"JeaKen\",\"description\":\"Organic Supplements for Health, Fitness and Nutrition\",\"publisher\":{\"@id\":\"https:\/\/jeaken.com\/sv\/#organization\"},\"potentialAction\":[{\"@type\":\"SearchAction\",\"target\":{\"@type\":\"EntryPoint\",\"urlTemplate\":\"https:\/\/jeaken.com\/sv\/?s={search_term_string}\"},\"query-input\":\"required name=search_term_string\"}],\"inLanguage\":\"sv-SE\"},{\"@type\":\"Organization\",\"@id\":\"https:\/\/jeaken.com\/sv\/#organization\",\"name\":\"JeaKen\",\"url\":\"https:\/\/jeaken.com\/sv\/\",\"logo\":{\"@type\":\"ImageObject\",\"inLanguage\":\"sv-SE\",\"@id\":\"https:\/\/jeaken.com\/sv\/#\/schema\/logo\/image\/\",\"url\":\"https:\/\/jeaken.com\/wp-content\/uploads\/2022\/06\/jeaken-logo-23.png\",\"contentUrl\":\"https:\/\/jeaken.com\/wp-content\/uploads\/2022\/06\/jeaken-logo-23.png\",\"width\":2486,\"height\":736,\"caption\":\"JeaKen\"},\"image\":{\"@id\":\"https:\/\/jeaken.com\/sv\/#\/schema\/logo\/image\/\"}}]}<\/script>\n<!-- \/ Yoast SEO plugin. -->","yoast_head_json":{"title":"Paket om tarmh\u00e4lsa - JeaKen","robots":{"index":"index","follow":"follow","max-snippet":"max-snippet:-1","max-image-preview":"max-image-preview:large","max-video-preview":"max-video-preview:-1"},"canonical":"https:\/\/jeaken.com\/sv\/produkt\/gut-health-bundle\/","og_locale":"sv_SE","og_type":"article","og_title":"Paket om tarmh\u00e4lsa - JeaKen","og_description":"Paketet f\u00f6r tarmh\u00e4lsa inneh\u00e5ller probiotikakapslar, Colon Cleanse och gr\u00f6nt te-kapslar f\u00f6r b\u00e4ttre st\u00f6d f\u00f6r matsm\u00e4ltningen, eliminering av gifter och energi. F\u00f6rb\u00e4ttrar matsm\u00e4ltningen och det allm\u00e4nna v\u00e4lbefinnandet vid daglig anv\u00e4ndning.","og_url":"https:\/\/jeaken.com\/sv\/produkt\/gut-health-bundle\/","og_site_name":"JeaKen","article_modified_time":"2023-04-06T11:31:30+00:00","og_image":[{"width":972,"height":972,"url":"https:\/\/jeaken.com\/wp-content\/uploads\/2023\/03\/Combine2.jpg","type":"image\/jpeg"}],"twitter_card":"summary_large_image","twitter_misc":{"Est. reading time":"3 minutes"},"schema":{"@context":"https:\/\/schema.org","@graph":[{"@type":"WebPage","@id":"https:\/\/jeaken.com\/sv\/produkt\/gut-health-bundle\/","url":"https:\/\/jeaken.com\/sv\/produkt\/gut-health-bundle\/","name":"Paket om tarmh\u00e4lsa - JeaKen","isPartOf":{"@id":"https:\/\/jeaken.com\/sv\/#website"},"primaryImageOfPage":{"@id":"https:\/\/jeaken.com\/sv\/produkt\/gut-health-bundle\/#primaryimage"},"image":{"@id":"https:\/\/jeaken.com\/sv\/produkt\/gut-health-bundle\/#primaryimage"},"thumbnailUrl":"https:\/\/jeaken.com\/wp-content\/uploads\/2023\/03\/Combine2.jpg","datePublished":"2023-03-16T11:56:11+00:00","dateModified":"2023-04-06T11:31:30+00:00","breadcrumb":{"@id":"https:\/\/jeaken.com\/sv\/produkt\/gut-health-bundle\/#breadcrumb"},"inLanguage":"sv-SE","potentialAction":[{"@type":"ReadAction","target":["https:\/\/jeaken.com\/sv\/produkt\/gut-health-bundle\/"]}]},{"@type":"ImageObject","inLanguage":"sv-SE","@id":"https:\/\/jeaken.com\/sv\/produkt\/gut-health-bundle\/#primaryimage","url":"https:\/\/jeaken.com\/wp-content\/uploads\/2023\/03\/Combine2.jpg","contentUrl":"https:\/\/jeaken.com\/wp-content\/uploads\/2023\/03\/Combine2.jpg","width":972,"height":972,"caption":"Gut Health"},{"@type":"BreadcrumbList","@id":"https:\/\/jeaken.com\/sv\/produkt\/gut-health-bundle\/#breadcrumb","itemListElement":[{"@type":"ListItem","position":1,"name":"Home","item":"https:\/\/jeaken.com\/sv\/"},{"@type":"ListItem","position":2,"name":"Private: Shop","item":"https:\/\/jeaken.com\/shop\/"},{"@type":"ListItem","position":3,"name":"Paket om tarmh\u00e4lsa"}]},{"@type":"WebSite","@id":"https:\/\/jeaken.com\/sv\/#website","url":"https:\/\/jeaken.com\/sv\/","name":"JeaKen","description":"Organic Supplements for Health, Fitness and Nutrition","publisher":{"@id":"https:\/\/jeaken.com\/sv\/#organization"},"potentialAction":[{"@type":"SearchAction","target":{"@type":"EntryPoint","urlTemplate":"https:\/\/jeaken.com\/sv\/?s={search_term_string}"},"query-input":"required name=search_term_string"}],"inLanguage":"sv-SE"},{"@type":"Organization","@id":"https:\/\/jeaken.com\/sv\/#organization","name":"JeaKen","url":"https:\/\/jeaken.com\/sv\/","logo":{"@type":"ImageObject","inLanguage":"sv-SE","@id":"https:\/\/jeaken.com\/sv\/#\/schema\/logo\/image\/","url":"https:\/\/jeaken.com\/wp-content\/uploads\/2022\/06\/jeaken-logo-23.png","contentUrl":"https:\/\/jeaken.com\/wp-content\/uploads\/2022\/06\/jeaken-logo-23.png","width":2486,"height":736,"caption":"JeaKen"},"image":{"@id":"https:\/\/jeaken.com\/sv\/#\/schema\/logo\/image\/"}}]}},"jetpack_sharing_enabled":true,"_links":{"self":[{"href":"https:\/\/jeaken.com\/sv\/wp-json\/wp\/v2\/product\/14405","targetHints":{"allow":["GET"]}}],"collection":[{"href":"https:\/\/jeaken.com\/sv\/wp-json\/wp\/v2\/product"}],"about":[{"href":"https:\/\/jeaken.com\/sv\/wp-json\/wp\/v2\/types\/product"}],"wp:featuredmedia":[{"embeddable":true,"href":"https:\/\/jeaken.com\/sv\/wp-json\/wp\/v2\/media\/16252"}],"wp:attachment":[{"href":"https:\/\/jeaken.com\/sv\/wp-json\/wp\/v2\/media?parent=14405"}],"wp:term":[{"taxonomy":"product_cat","embeddable":true,"href":"https:\/\/jeaken.com\/sv\/wp-json\/wp\/v2\/product_cat?post=14405"},{"taxonomy":"product_tag","embeddable":true,"href":"https:\/\/jeaken.com\/sv\/wp-json\/wp\/v2\/product_tag?post=14405"}],"curies":[{"name":"wp","href":"https:\/\/api.w.org\/{rel}","templated":true}]}}