{"id":14397,"date":"2023-03-16T11:43:40","date_gmt":"2023-03-16T11:43:40","guid":{"rendered":"https:\/?post_type=product&#038;p=14397"},"modified":"2023-04-06T12:31:28","modified_gmt":"2023-04-06T11:31:28","slug":"paketet-for-mental-klarhet-och-maghalsa","status":"publish","type":"product","link":"https:\/\/jeaken.com\/sv\/produkt\/paketet-for-mental-klarhet-och-maghalsa\/","title":{"rendered":"Paket med mental klarhet och tarmh\u00e4lsa"},"content":{"rendered":"<h2>Paket med mental klarhet och tarmh\u00e4lsa<\/h2>\n<p><span data-sheets-value=\"{\"1\":2,\"2\":\"The Mental Clarity &amp; Focus and Digestive Health Bundle is a powerful combination of three key products designed to optimize your overall wellness. This bundle includes Super Mind Nootropics, a potent supplement that contains a blend of natural ingredients that support cognitive function and mental clarity. Lion's Mane Mushroom Capsules are also included in this bundle, providing a natural way to support brain function and enhance focus. Finally, 6 Strains Probiotics with Prebiotics Capsules offer a natural way to support healthy digestion and promote overall wellness. With this bundle, you'll have everything you need to take your mental clarity and digestive health to the next level.\"}\" data-sheets-userformat=\"{\"2\":897,\"3\":{\"1\":0},\"10\":0,\"11\":4,\"12\":0}\">Paketet f\u00f6r mental klarhet och matsm\u00e4ltnings- och tarmh\u00e4lsa \u00e4r en kraftfull kombination av tre viktiga produkter som \u00e4r utformade f\u00f6r att optimera ditt allm\u00e4nna v\u00e4lbefinnande. Det h\u00e4r paketet inneh\u00e5ller Super Mind Nootropics, ett potent tillskott som inneh\u00e5ller en blandning av naturliga ingredienser som st\u00f6der kognitiv funktion och mental klarhet. Kapslar av Lion&#8217;s Mane Mushroom ing\u00e5r ocks\u00e5 i detta paket, vilket ger ett naturligt s\u00e4tt att st\u00f6dja hj\u00e4rnans funktion och f\u00f6rb\u00e4ttra fokus. Slutligen erbjuder 6 Strains Probiotics with Prebiotics Capsules ett naturligt s\u00e4tt att st\u00f6dja en sund matsm\u00e4ltning och fr\u00e4mja det allm\u00e4nna v\u00e4lbefinnandet. Med det h\u00e4r paketet f\u00e5r du allt du beh\u00f6ver f\u00f6r att ta din mentala klarhet och matsm\u00e4ltningsh\u00e4lsa till n\u00e4sta niv\u00e5.<\/span><\/p>\n<p>&nbsp;<\/p>\n<h4 class=\"product_title entry-title elementor-heading-title elementor-size-default\"><strong>Super Mind Nootropics &#8211; 60 veganska kapslar<\/strong><\/h4>\n<ul class=\"a-unordered-list a-vertical a-spacing-none\">\n<li class=\"a-spacing-small\"><span class=\"a-list-item a-size-base\">BOOST MEMORY, CONCENTRATION and ALERTNESS &#8211; Till skillnad fr\u00e5n m\u00e5nga hj\u00e4rntillskott \u00e4r JeaKen nootropics brain boost kapslar gjorda av naturliga ingredienser som Rhodiola Rosea som hj\u00e4lper till att \u00f6ka koncentrationen och vakenheten, \u00f6ka den mentala energin och f\u00f6rb\u00e4ttra minnet.  <\/span><\/li>\n<li class=\"a-spacing-small\"><span class=\"a-list-item a-size-base\">Minska tr\u00f6tthet och f\u00f6rb\u00e4ttra fokus &#8211; Guarana, en v\u00e4xt som \u00e4r hemmah\u00f6rande i Amazonas, inneh\u00e5ller naturligt koffein och har visat sig vara mycket effektiv f\u00f6r att minska tr\u00f6tthet och f\u00f6rb\u00e4ttra mentalt fokus. Kombinationen av koffein och teanin har visat sig vara mycket effektiv f\u00f6r att f\u00f6rb\u00e4ttra den kognitiva f\u00f6rm\u00e5gan.  <\/span><\/li>\n<li class=\"a-spacing-small\"><span class=\"a-list-item a-size-base\">BARA DE B\u00c4STA INGREDIENSERNA &#8211; V\u00e5rt minnestillskott \u00e4r tillverkat av helt naturliga vitaminer, mineraler och \u00f6rtextrakt, utan skadliga tillsatser; icke-GMO och fritt fr\u00e5n hormoner och gluten.  <\/span><\/li>\n<li class=\"a-spacing-small\"><span class=\"a-list-item a-size-base\">ST\u00d6TTAD AV VETENSKAP &#8211; Det var mycket noga med att kombinera precis r\u00e4tt m\u00e4ngd av varje ingrediens i en avancerad formel som \u00e4r utformad f\u00f6r att hj\u00e4lpa till att st\u00f6dja syre och cirkulation i hj\u00e4rncellerna, och neuroner som \u00e4r utformade f\u00f6r att st\u00f6dja minne, fokus och klarhet.<\/span><\/li>\n<\/ul>\n<h4 class=\"product_title entry-title elementor-heading-title elementor-size-default\"><strong>Lion&#8217;s Mane Mushroom Mushroom Capsules &#8211; Nootropics Supplement for Improved Cognitive and Immune System Function. 5000mg<\/strong><\/h4>\n<p>&nbsp;<\/p>\n<p><strong><span class=\"a-list-item a-size-base\">ST\u00d6DER KOGNITIV FUNKTION  <\/span><\/strong><\/p>\n<p><span class=\"a-list-item a-size-base\">Lion&#8217;s Mane \u00e4r en bevisad hj\u00e4rnf\u00f6rst\u00e4rkare, vilket g\u00f6r den till ett popul\u00e4rt tillskott f\u00f6r dem som arbetar eller studerar. F\u00f6rutom att \u00f6ka ditt minne kan v\u00e5ra kapslar hj\u00e4lpa till att avl\u00e4gsna mental dimma och ge st\u00f6d till hj\u00e4rnan och nervsystemet.<\/span><\/p>\n<p><strong><br \/>\nUPPMUNTRAR TILL GOD H\u00c4LSA I LEDERNA<\/strong><\/p>\n<p>V\u00e5ra bepr\u00f6vade kapslar \u00e4r effektiva n\u00e4r det g\u00e4ller att st\u00f6dja ledh\u00e4lsa och st\u00e4rka immunf\u00f6rsvaret.<\/p>\n<p>&nbsp;<\/p>\n<p><strong>F\u00d6RB\u00c4TTRAR DEN ANDLIGA H\u00c4LSAN<\/strong><\/p>\n<p>Reishi-extrakt \u00e4r k\u00e4nt f\u00f6r att hj\u00e4lpa till vid kroniska luftv\u00e4gsbesv\u00e4r.<\/p>\n<p>&nbsp;<\/p>\n<p><strong>REGLERAR HORMONER<\/strong><\/p>\n<p>V\u00e5ra kapslar \u00e4r mycket effektiva f\u00f6r att hj\u00e4lpa till att reglera hormonerna. Hormonbalans \u00e4r nyckeln till reglering av sensuella funktioner, hum\u00f6rreglering och mycket mer.<\/p>\n<p>&nbsp;<\/p>\n<p><strong>SVAMP 10:1 EXTRAKT<\/strong><\/p>\n<p>Svampar har en h\u00e5rd cellv\u00e4gg som best\u00e5r av kitin, vilket m\u00e4nniskor har sv\u00e5rt att sm\u00e4lta. Denna cellv\u00e4gg begr\u00e4nsar v\u00e5r tillg\u00e5ng till de viktiga medicinska f\u00f6reningar som ger svamparna deras fantastiska f\u00f6rdelar.<\/p>\n<p>&nbsp;<\/p>\n<p><strong>FYLLMEDEL UTAN SPANNM\u00c5L.<\/strong><\/p>\n<p>M\u00e5nga medicinska svampprodukter inneh\u00e5ller egentligen inga svampar. De tillverkas av svampens rotsystem, som kallas mycelium, och detta mycelium odlas p\u00e5 spannm\u00e5l som ris, havre och sorghum.<\/p>\n<p>&nbsp;<\/p>\n<p><strong>ST\u00d6DER KOGNITIV FUNKTION  <\/strong><\/p>\n<p>Lion&#8217;s Mane \u00e4r en bevisad kognitiv f\u00f6rst\u00e4rkare som \u00e4r effektiv f\u00f6r att avl\u00e4gsna mental dimma och ge st\u00f6d till hj\u00e4rnan och nervsystemet.<\/p>\n<p>&nbsp;<\/p>\n<p><strong>ST\u00c4RKER IMMUNF\u00d6RSVARET  <\/strong><\/p>\n<p>Lion&#8217;s Mane-svampen anses f\u00f6rb\u00e4ttra immunfunktionen och fr\u00e4mja tillv\u00e4xten av goda bakterier i tarmen.<\/p>\n<p>&nbsp;<\/p>\n<p><strong>HJ\u00c4LPER TILL ATT NATURLIGT BALANSERA HUM\u00d6RET  <\/strong><\/p>\n<p>Forskning visar att Lion&#8217;s Mane-svamp kan bidra till ett lugnt och avslappnat hum\u00f6r. Den har ocks\u00e5 nervregenerativa egenskaper som kan bidra till god hj\u00e4rth\u00e4lsa.<\/p>\n<h4 class=\"product_title entry-title elementor-heading-title elementor-size-default\"><strong>6 stammar Probiotika med prebiotika &#8211; (90 kapslar)<\/strong><\/h4>\n<p>&nbsp;<\/p>\n<p><strong>LINDRING AV UPPBL\u00c5STHET  <\/strong><\/p>\n<p>V\u00e5ra kapslar kommer fr\u00e5n probiotikafamiljen Lactobacillus, som \u00e4r den mest effektiva probiotika f\u00f6r att uppr\u00e4tth\u00e5lla ett h\u00e4lsosamt matsm\u00e4ltningssystem.<span class=\"a-list-item a-size-base\">  V\u00e5ra noggrant utvalda bakteriestammar \u00e4r bland de mest k\u00e4nda f\u00f6r att hj\u00e4lpa till att lindra k\u00e4nslan av uppbl\u00e5sthet och m\u00e4ttnad.  <\/span><\/p>\n<p><span class=\"a-list-item a-size-base\"><strong>6 AKTIVA STAMMAR MED 10 MILJARDER CFU PER PORTION<\/strong> <\/span><\/p>\n<p><span class=\"a-list-item a-size-base\">V\u00e5r komplexa probiotika inneh\u00e5ller de sex mest effektiva stammarna: lactobacillus acidophillus, lactobacillus rhamnosus, lactobacillus gasseri, bifidobacterium lactis, bifidobacterium bifidus och saccharomyces boullardii.<\/span><\/p>\n<p><strong>\u00d6VERLEVER TACK VARE MAGSYRAN <\/strong><\/p>\n<p>Saccharomyces boulardii \u00e4r en <span class=\"a-list-item a-size-base\">v\u00e4l utforskad och<\/span> internationellt erk\u00e4nd probiotisk bakterie som bevisligen \u00f6verlever magsyran och n\u00e5r tarmen levande.<\/p>\n<p><b>FLERA H\u00c4LSOF\u00d6RDELAR<\/b><\/p>\n<p>V\u00e5r innovativa formel \u00e4r f\u00f6rst\u00e4rkt med inulin, en prebiotisk fiber med kraftfulla h\u00e4lsof\u00f6rdelar, inklusive f\u00f6rb\u00e4ttrad immunitet, f\u00f6rb\u00e4ttrad r<span class=\"a-list-item\"><br \/>\n  <span class=\"a-size-base\">egularitet, b\u00e4ttre n<\/span><br \/>\n<\/span><span class=\"a-list-item\"><br \/>\n  <span class=\"a-size-base\">upptag av n\u00e4rings\u00e4mnen, viktminskning, f\u00f6rb\u00e4ttrad h\u00e4lsa i urinv\u00e4garna, f\u00f6rb\u00e4ttrade kolesterolniv\u00e5er och b\u00e4ttre \u00e4mnesoms\u00e4ttning.<\/span><br \/>\n<\/span><\/p>\n<p><strong>TILLVERKAD MED NATURLIGA INGREDIENSER.<\/strong><\/p>\n<p>V\u00e5ra veganv\u00e4nliga kapslar \u00e4r 100 % rena och naturliga med icke-GMO-inneh\u00e5ll.<\/p>\n","protected":false},"excerpt":{"rendered":"<p>Paketet Mental Clarity and Gut Health Bundle hj\u00e4lper till att h\u00f6ja den mentala klarheten och matsm\u00e4ltningsh\u00e4lsan p\u00e5 ett effektivt s\u00e4tt. Paketet inneh\u00e5ller Super Mind Nootropics, Lion&#8217;s Mane Mushroom Mushroom Capsules och 6 Strains Probiotics with Prebiotics Capsules f\u00f6r att f\u00f6rb\u00e4ttra kognitiv funktion, fokus och matsm\u00e4ltning f\u00f6r ett allm\u00e4nt v\u00e4lbefinnande.<\/p>\n","protected":false},"featured_media":16297,"template":"","meta":{"site-sidebar-layout":"default","site-content-layout":"default","ast-site-content-layout":"default","site-content-style":"default","site-sidebar-style":"default","ast-global-header-display":"","ast-banner-title-visibility":"","ast-main-header-display":"","ast-hfb-above-header-display":"","ast-hfb-below-header-display":"","ast-hfb-mobile-header-display":"","site-post-title":"","ast-breadcrumbs-content":"","ast-featured-img":"","footer-sml-layout":"","theme-transparent-header-meta":"default","adv-header-id-meta":"","stick-header-meta":"default","header-above-stick-meta":"","header-main-stick-meta":"","header-below-stick-meta":"","astra-migrate-meta-layouts":"default","ast-page-background-enabled":"default","ast-page-background-meta":{"desktop":{"background-color":"","background-image":"","background-repeat":"repeat","background-position":"center center","background-size":"auto","background-attachment":"scroll","background-type":"","background-media":"","overlay-type":"","overlay-color":"","overlay-opacity":"","overlay-gradient":""},"tablet":{"background-color":"","background-image":"","background-repeat":"repeat","background-position":"center center","background-size":"auto","background-attachment":"scroll","background-type":"","background-media":"","overlay-type":"","overlay-color":"","overlay-opacity":"","overlay-gradient":""},"mobile":{"background-color":"","background-image":"","background-repeat":"repeat","background-position":"center center","background-size":"auto","background-attachment":"scroll","background-type":"","background-media":"","overlay-type":"","overlay-color":"","overlay-opacity":"","overlay-gradient":""}},"ast-content-background-meta":{"desktop":{"background-color":"var(--ast-global-color-5)","background-image":"","background-repeat":"repeat","background-position":"center center","background-size":"auto","background-attachment":"scroll","background-type":"","background-media":"","overlay-type":"","overlay-color":"","overlay-opacity":"","overlay-gradient":""},"tablet":{"background-color":"var(--ast-global-color-5)","background-image":"","background-repeat":"repeat","background-position":"center center","background-size":"auto","background-attachment":"scroll","background-type":"","background-media":"","overlay-type":"","overlay-color":"","overlay-opacity":"","overlay-gradient":""},"mobile":{"background-color":"var(--ast-global-color-5)","background-image":"","background-repeat":"repeat","background-position":"center center","background-size":"auto","background-attachment":"scroll","background-type":"","background-media":"","overlay-type":"","overlay-color":"","overlay-opacity":"","overlay-gradient":""}}},"product_cat":[654,600,655,1352],"product_tag":[1728],"class_list":{"0":"post-14397","1":"product","2":"type-product","3":"status-publish","4":"has-post-thumbnail","6":"product_cat-forstarkare-for-hjarnan","7":"product_cat-humor-och-valbefinnande","8":"product_cat-kosttillskott","9":"product_cat-naring","10":"product_tag-halsa-i-tarmen","11":"has-subscription-plans","12":"desktop-align-left","13":"tablet-align-left","14":"mobile-align-left","16":"first","17":"instock","18":"taxable","19":"shipping-taxable","20":"purchasable","21":"product-type-simple"},"yoast_head":"<!-- This site is optimized with the Yoast SEO plugin v22.7 - https:\/\/yoast.com\/wordpress\/plugins\/seo\/ -->\n<title>Paket med mental klarhet och tarmh\u00e4lsa - JeaKen<\/title>\n<meta name=\"robots\" content=\"index, follow, max-snippet:-1, max-image-preview:large, max-video-preview:-1\" \/>\n<link rel=\"canonical\" href=\"https:\/\/jeaken.com\/sv\/produkt\/paketet-for-mental-klarhet-och-maghalsa\/\" \/>\n<meta property=\"og:locale\" content=\"sv_SE\" \/>\n<meta property=\"og:type\" content=\"article\" \/>\n<meta property=\"og:title\" content=\"Paket med mental klarhet och tarmh\u00e4lsa - JeaKen\" \/>\n<meta property=\"og:description\" content=\"Paketet Mental Clarity and Gut Health Bundle hj\u00e4lper till att h\u00f6ja den mentala klarheten och matsm\u00e4ltningsh\u00e4lsan p\u00e5 ett effektivt s\u00e4tt. Paketet inneh\u00e5ller Super Mind Nootropics, Lion&#039;s Mane Mushroom Mushroom Capsules och 6 Strains Probiotics with Prebiotics Capsules f\u00f6r att f\u00f6rb\u00e4ttra kognitiv funktion, fokus och matsm\u00e4ltning f\u00f6r ett allm\u00e4nt v\u00e4lbefinnande.\" \/>\n<meta property=\"og:url\" content=\"https:\/\/jeaken.com\/sv\/produkt\/paketet-for-mental-klarhet-och-maghalsa\/\" \/>\n<meta property=\"og:site_name\" content=\"JeaKen\" \/>\n<meta property=\"article:modified_time\" content=\"2023-04-06T11:31:28+00:00\" \/>\n<meta property=\"og:image\" content=\"https:\/\/jeaken.com\/wp-content\/uploads\/2023\/03\/Combine6.jpg\" \/>\n\t<meta property=\"og:image:width\" content=\"972\" \/>\n\t<meta property=\"og:image:height\" content=\"972\" \/>\n\t<meta property=\"og:image:type\" content=\"image\/jpeg\" \/>\n<meta name=\"twitter:card\" content=\"summary_large_image\" \/>\n<meta name=\"twitter:label1\" content=\"Est. reading time\" \/>\n\t<meta name=\"twitter:data1\" content=\"4 minutes\" \/>\n<script type=\"application\/ld+json\" class=\"yoast-schema-graph\">{\"@context\":\"https:\/\/schema.org\",\"@graph\":[{\"@type\":\"WebPage\",\"@id\":\"https:\/\/jeaken.com\/sv\/produkt\/paketet-for-mental-klarhet-och-maghalsa\/\",\"url\":\"https:\/\/jeaken.com\/sv\/produkt\/paketet-for-mental-klarhet-och-maghalsa\/\",\"name\":\"Paket med mental klarhet och tarmh\u00e4lsa - JeaKen\",\"isPartOf\":{\"@id\":\"https:\/\/jeaken.com\/sv\/#website\"},\"primaryImageOfPage\":{\"@id\":\"https:\/\/jeaken.com\/sv\/produkt\/paketet-for-mental-klarhet-och-maghalsa\/#primaryimage\"},\"image\":{\"@id\":\"https:\/\/jeaken.com\/sv\/produkt\/paketet-for-mental-klarhet-och-maghalsa\/#primaryimage\"},\"thumbnailUrl\":\"https:\/\/jeaken.com\/wp-content\/uploads\/2023\/03\/Combine6.jpg\",\"datePublished\":\"2023-03-16T11:43:40+00:00\",\"dateModified\":\"2023-04-06T11:31:28+00:00\",\"breadcrumb\":{\"@id\":\"https:\/\/jeaken.com\/sv\/produkt\/paketet-for-mental-klarhet-och-maghalsa\/#breadcrumb\"},\"inLanguage\":\"sv-SE\",\"potentialAction\":[{\"@type\":\"ReadAction\",\"target\":[\"https:\/\/jeaken.com\/sv\/produkt\/paketet-for-mental-klarhet-och-maghalsa\/\"]}]},{\"@type\":\"ImageObject\",\"inLanguage\":\"sv-SE\",\"@id\":\"https:\/\/jeaken.com\/sv\/produkt\/paketet-for-mental-klarhet-och-maghalsa\/#primaryimage\",\"url\":\"https:\/\/jeaken.com\/wp-content\/uploads\/2023\/03\/Combine6.jpg\",\"contentUrl\":\"https:\/\/jeaken.com\/wp-content\/uploads\/2023\/03\/Combine6.jpg\",\"width\":972,\"height\":972,\"caption\":\"Mental Clarity and Gut Health Bundle\"},{\"@type\":\"BreadcrumbList\",\"@id\":\"https:\/\/jeaken.com\/sv\/produkt\/paketet-for-mental-klarhet-och-maghalsa\/#breadcrumb\",\"itemListElement\":[{\"@type\":\"ListItem\",\"position\":1,\"name\":\"Home\",\"item\":\"https:\/\/jeaken.com\/sv\/\"},{\"@type\":\"ListItem\",\"position\":2,\"name\":\"Private: Shop\",\"item\":\"https:\/\/jeaken.com\/shop\/\"},{\"@type\":\"ListItem\",\"position\":3,\"name\":\"Paket med mental klarhet och tarmh\u00e4lsa\"}]},{\"@type\":\"WebSite\",\"@id\":\"https:\/\/jeaken.com\/sv\/#website\",\"url\":\"https:\/\/jeaken.com\/sv\/\",\"name\":\"JeaKen\",\"description\":\"Organic Supplements for Health, Fitness and Nutrition\",\"publisher\":{\"@id\":\"https:\/\/jeaken.com\/sv\/#organization\"},\"potentialAction\":[{\"@type\":\"SearchAction\",\"target\":{\"@type\":\"EntryPoint\",\"urlTemplate\":\"https:\/\/jeaken.com\/sv\/?s={search_term_string}\"},\"query-input\":\"required name=search_term_string\"}],\"inLanguage\":\"sv-SE\"},{\"@type\":\"Organization\",\"@id\":\"https:\/\/jeaken.com\/sv\/#organization\",\"name\":\"JeaKen\",\"url\":\"https:\/\/jeaken.com\/sv\/\",\"logo\":{\"@type\":\"ImageObject\",\"inLanguage\":\"sv-SE\",\"@id\":\"https:\/\/jeaken.com\/sv\/#\/schema\/logo\/image\/\",\"url\":\"https:\/\/jeaken.com\/wp-content\/uploads\/2022\/06\/jeaken-logo-23.png\",\"contentUrl\":\"https:\/\/jeaken.com\/wp-content\/uploads\/2022\/06\/jeaken-logo-23.png\",\"width\":2486,\"height\":736,\"caption\":\"JeaKen\"},\"image\":{\"@id\":\"https:\/\/jeaken.com\/sv\/#\/schema\/logo\/image\/\"}}]}<\/script>\n<!-- \/ Yoast SEO plugin. -->","yoast_head_json":{"title":"Paket med mental klarhet och tarmh\u00e4lsa - JeaKen","robots":{"index":"index","follow":"follow","max-snippet":"max-snippet:-1","max-image-preview":"max-image-preview:large","max-video-preview":"max-video-preview:-1"},"canonical":"https:\/\/jeaken.com\/sv\/produkt\/paketet-for-mental-klarhet-och-maghalsa\/","og_locale":"sv_SE","og_type":"article","og_title":"Paket med mental klarhet och tarmh\u00e4lsa - JeaKen","og_description":"Paketet Mental Clarity and Gut Health Bundle hj\u00e4lper till att h\u00f6ja den mentala klarheten och matsm\u00e4ltningsh\u00e4lsan p\u00e5 ett effektivt s\u00e4tt. Paketet inneh\u00e5ller Super Mind Nootropics, Lion's Mane Mushroom Mushroom Capsules och 6 Strains Probiotics with Prebiotics Capsules f\u00f6r att f\u00f6rb\u00e4ttra kognitiv funktion, fokus och matsm\u00e4ltning f\u00f6r ett allm\u00e4nt v\u00e4lbefinnande.","og_url":"https:\/\/jeaken.com\/sv\/produkt\/paketet-for-mental-klarhet-och-maghalsa\/","og_site_name":"JeaKen","article_modified_time":"2023-04-06T11:31:28+00:00","og_image":[{"width":972,"height":972,"url":"https:\/\/jeaken.com\/wp-content\/uploads\/2023\/03\/Combine6.jpg","type":"image\/jpeg"}],"twitter_card":"summary_large_image","twitter_misc":{"Est. reading time":"4 minutes"},"schema":{"@context":"https:\/\/schema.org","@graph":[{"@type":"WebPage","@id":"https:\/\/jeaken.com\/sv\/produkt\/paketet-for-mental-klarhet-och-maghalsa\/","url":"https:\/\/jeaken.com\/sv\/produkt\/paketet-for-mental-klarhet-och-maghalsa\/","name":"Paket med mental klarhet och tarmh\u00e4lsa - JeaKen","isPartOf":{"@id":"https:\/\/jeaken.com\/sv\/#website"},"primaryImageOfPage":{"@id":"https:\/\/jeaken.com\/sv\/produkt\/paketet-for-mental-klarhet-och-maghalsa\/#primaryimage"},"image":{"@id":"https:\/\/jeaken.com\/sv\/produkt\/paketet-for-mental-klarhet-och-maghalsa\/#primaryimage"},"thumbnailUrl":"https:\/\/jeaken.com\/wp-content\/uploads\/2023\/03\/Combine6.jpg","datePublished":"2023-03-16T11:43:40+00:00","dateModified":"2023-04-06T11:31:28+00:00","breadcrumb":{"@id":"https:\/\/jeaken.com\/sv\/produkt\/paketet-for-mental-klarhet-och-maghalsa\/#breadcrumb"},"inLanguage":"sv-SE","potentialAction":[{"@type":"ReadAction","target":["https:\/\/jeaken.com\/sv\/produkt\/paketet-for-mental-klarhet-och-maghalsa\/"]}]},{"@type":"ImageObject","inLanguage":"sv-SE","@id":"https:\/\/jeaken.com\/sv\/produkt\/paketet-for-mental-klarhet-och-maghalsa\/#primaryimage","url":"https:\/\/jeaken.com\/wp-content\/uploads\/2023\/03\/Combine6.jpg","contentUrl":"https:\/\/jeaken.com\/wp-content\/uploads\/2023\/03\/Combine6.jpg","width":972,"height":972,"caption":"Mental Clarity and Gut Health Bundle"},{"@type":"BreadcrumbList","@id":"https:\/\/jeaken.com\/sv\/produkt\/paketet-for-mental-klarhet-och-maghalsa\/#breadcrumb","itemListElement":[{"@type":"ListItem","position":1,"name":"Home","item":"https:\/\/jeaken.com\/sv\/"},{"@type":"ListItem","position":2,"name":"Private: Shop","item":"https:\/\/jeaken.com\/shop\/"},{"@type":"ListItem","position":3,"name":"Paket med mental klarhet och tarmh\u00e4lsa"}]},{"@type":"WebSite","@id":"https:\/\/jeaken.com\/sv\/#website","url":"https:\/\/jeaken.com\/sv\/","name":"JeaKen","description":"Organic Supplements for Health, Fitness and Nutrition","publisher":{"@id":"https:\/\/jeaken.com\/sv\/#organization"},"potentialAction":[{"@type":"SearchAction","target":{"@type":"EntryPoint","urlTemplate":"https:\/\/jeaken.com\/sv\/?s={search_term_string}"},"query-input":"required name=search_term_string"}],"inLanguage":"sv-SE"},{"@type":"Organization","@id":"https:\/\/jeaken.com\/sv\/#organization","name":"JeaKen","url":"https:\/\/jeaken.com\/sv\/","logo":{"@type":"ImageObject","inLanguage":"sv-SE","@id":"https:\/\/jeaken.com\/sv\/#\/schema\/logo\/image\/","url":"https:\/\/jeaken.com\/wp-content\/uploads\/2022\/06\/jeaken-logo-23.png","contentUrl":"https:\/\/jeaken.com\/wp-content\/uploads\/2022\/06\/jeaken-logo-23.png","width":2486,"height":736,"caption":"JeaKen"},"image":{"@id":"https:\/\/jeaken.com\/sv\/#\/schema\/logo\/image\/"}}]}},"jetpack_sharing_enabled":true,"_links":{"self":[{"href":"https:\/\/jeaken.com\/sv\/wp-json\/wp\/v2\/product\/14397","targetHints":{"allow":["GET"]}}],"collection":[{"href":"https:\/\/jeaken.com\/sv\/wp-json\/wp\/v2\/product"}],"about":[{"href":"https:\/\/jeaken.com\/sv\/wp-json\/wp\/v2\/types\/product"}],"wp:featuredmedia":[{"embeddable":true,"href":"https:\/\/jeaken.com\/sv\/wp-json\/wp\/v2\/media\/16297"}],"wp:attachment":[{"href":"https:\/\/jeaken.com\/sv\/wp-json\/wp\/v2\/media?parent=14397"}],"wp:term":[{"taxonomy":"product_cat","embeddable":true,"href":"https:\/\/jeaken.com\/sv\/wp-json\/wp\/v2\/product_cat?post=14397"},{"taxonomy":"product_tag","embeddable":true,"href":"https:\/\/jeaken.com\/sv\/wp-json\/wp\/v2\/product_tag?post=14397"}],"curies":[{"name":"wp","href":"https:\/\/api.w.org\/{rel}","templated":true}]}}