{"id":14373,"date":"2023-03-16T11:24:54","date_gmt":"2023-03-16T11:24:54","guid":{"rendered":"https:\/?post_type=product&#038;p=14373"},"modified":"2023-04-06T12:30:59","modified_gmt":"2023-04-06T11:30:59","slug":"mental-clarity-and-weight-loss-bundle","status":"publish","type":"product","link":"https:\/\/jeaken.com\/sv\/produkt\/mental-clarity-and-weight-loss-bundle\/","title":{"rendered":"Paket med mental klarhet och viktminskning"},"content":{"rendered":"<h2>Paket med mental klarhet och viktminskning<\/h2>\n<p>Paketet f\u00f6r mental klarhet och viktminskning \u00e4r en kraftfull kombination av tre viktiga produkter som \u00e4r utformade f\u00f6r att hj\u00e4lpa dig att uppn\u00e5 dina m\u00e5l f\u00f6r v\u00e4lbefinnande. Det h\u00e4r paketet inneh\u00e5ller Super Mind Nootropics, ett potent tillskott som st\u00f6der mental klarhet och fokus, s\u00e5 att du kan h\u00e5lla dig p\u00e5 r\u00e4tt sp\u00e5r med ditt viktminskningsprogram. Paketet inneh\u00e5ller ocks\u00e5 kapslar av Lion&#8217;s Mane Mushroom Mushroom, som inneh\u00e5ller f\u00f6reningar som kan hj\u00e4lpa till med viktminskning genom att reglera blodsockret och minska inflammation. Dessutom inneh\u00e5ller paketet kapslar med \u00e4ppelcidervin\u00e4ger, som kan hj\u00e4lpa till att st\u00f6dja en sund matsm\u00e4ltning och \u00e4mnesoms\u00e4ttning. Med det h\u00e4r paketet f\u00e5r du allt du beh\u00f6ver f\u00f6r att st\u00f6dja b\u00e5de din mentala klarhet och din viktminskning med paketet, en h\u00e4lsosam livsstil och stresshantering.ything du beh\u00f6ver f\u00f6r att st\u00f6dja b\u00e5de din mentala klarhet och din viktminskning resa.<\/p>\n<h4 class=\"product_title entry-title elementor-heading-title elementor-size-default\"><strong>Super Mind Nootropics &#8211; 60 veganska kapslar<\/strong><\/h4>\n<ul class=\"a-unordered-list a-vertical a-spacing-none\">\n<li class=\"a-spacing-small\"><span class=\"a-list-item a-size-base\">BOOST MEMORY, CONCENTRATION and ALERTNESS &#8211; Till skillnad fr\u00e5n m\u00e5nga hj\u00e4rntillskott \u00e4r JeaKen nootropics brain boost kapslar gjorda av naturliga ingredienser som Rhodiola Rosea som hj\u00e4lper till att \u00f6ka koncentrationen och vakenheten, \u00f6ka den mentala energin och f\u00f6rb\u00e4ttra minnet.  <\/span><\/li>\n<li class=\"a-spacing-small\"><span class=\"a-list-item a-size-base\">Minska tr\u00f6tthet och f\u00f6rb\u00e4ttra fokus &#8211; Guarana, en v\u00e4xt som \u00e4r hemmah\u00f6rande i Amazonas, inneh\u00e5ller naturligt koffein och har visat sig vara mycket effektiv f\u00f6r att minska tr\u00f6tthet och f\u00f6rb\u00e4ttra mentalt fokus. Kombinationen av koffein och teanin har visat sig vara mycket effektiv f\u00f6r att f\u00f6rb\u00e4ttra den kognitiva f\u00f6rm\u00e5gan.  <\/span><\/li>\n<li class=\"a-spacing-small\"><span class=\"a-list-item a-size-base\">BARA DE B\u00c4STA INGREDIENSERNA &#8211; V\u00e5rt minnestillskott \u00e4r tillverkat av helt naturliga vitaminer, mineraler och \u00f6rtextrakt, utan skadliga tillsatser; icke-GMO och fritt fr\u00e5n hormoner och gluten.  <\/span><\/li>\n<li class=\"a-spacing-small\"><span class=\"a-list-item a-size-base\">ST\u00d6TTAD AV VETENSKAP &#8211; Det var mycket noga med att kombinera precis r\u00e4tt m\u00e4ngd av varje ingrediens i en avancerad formel som \u00e4r utformad f\u00f6r att hj\u00e4lpa till att st\u00f6dja syre och cirkulation i hj\u00e4rncellerna, och neuroner som \u00e4r utformade f\u00f6r att st\u00f6dja minne, fokus och klarhet.<\/span><\/li>\n<\/ul>\n<h4 class=\"product_title entry-title elementor-heading-title elementor-size-default\"><strong>Lion&#8217;s Mane Mushroom Mushroom Capsules &#8211; Nootropics Supplement for Improved Cognitive and Immune System Function. 5000mg<\/strong><\/h4>\n<p>&nbsp;<\/p>\n<p><strong><span class=\"a-list-item a-size-base\">ST\u00d6DER KOGNITIV FUNKTION  <\/span><\/strong><\/p>\n<p><span class=\"a-list-item a-size-base\">Lion&#8217;s Mane \u00e4r en bevisad hj\u00e4rnf\u00f6rst\u00e4rkare, vilket g\u00f6r den till ett popul\u00e4rt tillskott f\u00f6r dem som arbetar eller studerar. F\u00f6rutom att \u00f6ka ditt minne kan v\u00e5ra kapslar hj\u00e4lpa till att avl\u00e4gsna mental dimma och ge st\u00f6d till hj\u00e4rnan och nervsystemet.<\/span><\/p>\n<p><strong><br \/>\nUPPMUNTRAR TILL GOD H\u00c4LSA I LEDERNA<\/strong><\/p>\n<p>V\u00e5ra bepr\u00f6vade kapslar \u00e4r effektiva n\u00e4r det g\u00e4ller att st\u00f6dja ledh\u00e4lsa och st\u00e4rka immunf\u00f6rsvaret.<\/p>\n<p>&nbsp;<\/p>\n<p><strong>F\u00d6RB\u00c4TTRAR DEN ANDLIGA H\u00c4LSAN<\/strong><\/p>\n<p>Reishi-extrakt \u00e4r k\u00e4nt f\u00f6r att hj\u00e4lpa till vid kroniska luftv\u00e4gsbesv\u00e4r.<\/p>\n<p>&nbsp;<\/p>\n<p><strong>REGLERAR HORMONER<\/strong><\/p>\n<p>V\u00e5ra kapslar \u00e4r mycket effektiva f\u00f6r att hj\u00e4lpa till att reglera hormonerna. Hormonbalans \u00e4r nyckeln till reglering av sensuella funktioner, hum\u00f6rreglering och mycket mer.<\/p>\n<p>&nbsp;<\/p>\n<p><strong>SVAMP 10:1 EXTRAKT<\/strong><\/p>\n<p>Svampar har en h\u00e5rd cellv\u00e4gg som best\u00e5r av kitin, vilket m\u00e4nniskor har sv\u00e5rt att sm\u00e4lta. Denna cellv\u00e4gg begr\u00e4nsar v\u00e5r tillg\u00e5ng till de viktiga medicinska f\u00f6reningar som ger svamparna deras fantastiska f\u00f6rdelar.<\/p>\n<p>&nbsp;<\/p>\n<p><strong>FYLLMEDEL UTAN SPANNM\u00c5L.<\/strong><\/p>\n<p>M\u00e5nga medicinska svampprodukter inneh\u00e5ller egentligen inga svampar. De tillverkas av svampens rotsystem, som kallas mycelium, och detta mycelium odlas p\u00e5 spannm\u00e5l som ris, havre och sorghum.<\/p>\n<p>&nbsp;<\/p>\n<p><strong>ST\u00d6DER KOGNITIV FUNKTION  <\/strong><\/p>\n<p>Lion&#8217;s Mane \u00e4r en bevisad kognitiv f\u00f6rst\u00e4rkare som \u00e4r effektiv f\u00f6r att avl\u00e4gsna mental dimma och ge st\u00f6d till hj\u00e4rnan och nervsystemet.<\/p>\n<p>&nbsp;<\/p>\n<p><strong>ST\u00c4RKER IMMUNF\u00d6RSVARET  <\/strong><\/p>\n<p>Lion&#8217;s Mane svamp anses f\u00f6rb\u00e4ttra immunfunktionen och fr\u00e4mja tillv\u00e4xten av goda bakterier i tarmen.<\/p>\n<p>&nbsp;<\/p>\n<p><strong>HJ\u00c4LPER TILL ATT NATURLIGT BALANSERA HUM\u00d6RET  <\/strong><\/p>\n<p>Forskning visar att Lion&#8217;s Mane-svamp kan bidra till ett lugnt och avslappnat hum\u00f6r. Den har ocks\u00e5 nervregenerativa egenskaper som kan bidra till god hj\u00e4rth\u00e4lsa.<\/p>\n<p>&nbsp;<\/p>\n<h4 class=\"product_title entry-title elementor-heading-title elementor-size-default\"><strong>\u00c4ppelcidervin\u00e4ger &#8211; Metabolism Booster och Detox &#8211; f\u00f6rst\u00e4rkt med Seagreens, gr\u00f6nt te och krom (120 kapslar)<\/strong><\/h4>\n<p>&nbsp;<\/p>\n<p><strong>FLERA H\u00c4LSOF\u00d6RDELAR  <\/strong><\/p>\n<p>\u00c4ppelcidervin\u00e4ger anv\u00e4ndes av Hippokrates (den moderna medicinens fader) f\u00f6r \u00f6ver 2000 \u00e5r sedan och s\u00e4gs bidra till en m\u00e4ngd fantastiska h\u00e4lsof\u00f6rdelar, bland annat f\u00f6rb\u00e4ttrad matsm\u00e4ltning, \u00f6kade energiniv\u00e5er och f\u00f6rb\u00e4ttrad \u00e4mnesoms\u00e4ttning. V\u00e5ra kapslar med h\u00f6g styrka av \u00e4ppelcidervin\u00e4ger ger dessa kraftfulla f\u00f6rdelar i kapslar som \u00e4r l\u00e4tta att sv\u00e4lja.<\/p>\n<p><strong>ST\u00d6DER H\u00c4LSOSAM VIKTMINSKNING  <\/strong><\/p>\n<p>Flera nyligen genomf\u00f6rda studier har visat att \u00e4ppelcidervin\u00e4ger kan hj\u00e4lpa dig att g\u00e5 ner i vikt n\u00e4r den tas som en del av en h\u00e4lsosam kost. Det kan ocks\u00e5 underl\u00e4tta matsm\u00e4ltningen och f\u00f6rb\u00e4ttra din allm\u00e4nna h\u00e4lsa genom att hj\u00e4lpa dig att ta upp mer n\u00e4rings\u00e4mnen i maten.<\/p>\n<p><strong>UNIK BLANDNING  <\/strong><\/p>\n<p>V\u00e5ra f\u00f6rstklassiga kapslar med \u00e4ppelcidervin\u00e4ger ger optimala resultat tack vare den unika blandningen av havsv\u00e4xter, gr\u00f6nt te och krom. Din h\u00e4lsa \u00e4r v\u00e5r prioritet. V\u00e5ra kapslar tillverkas i Storbritannien enligt strikta s\u00e4kerhetsriktlinjer (GMP code of practice) f\u00f6r att s\u00e4kerst\u00e4lla styrka, kvalitet och effektivitet.<\/p>\n<p><strong>L\u00c4MPLIG F\u00d6R VEGANER OCH VEGETARIANER  <\/strong><\/p>\n<p>V\u00e5ra kapslar med \u00e4ppelcidervin\u00e4ger \u00e4r tillverkade av 100 % f\u00f6rstklassiga v\u00e4xtbaserade ingredienser. V\u00e5ra kapslar \u00e4r glutenfria, laktosfria, GMP-kompatibla, GMO-fria och 100 % veganska.<\/p>\n","protected":false},"excerpt":{"rendered":"<p>Paketet f\u00f6r mental klarhet och viktminskning erbjuder en unik kombination av produkter som \u00e4r utformade f\u00f6r att \u00f6ka den mentala klarheten och st\u00f6dja viktminskning, vilket fr\u00e4mjar en v\u00e4l avrundad livsstil och effektiv stresshantering.<\/p>\n","protected":false},"featured_media":16297,"template":"","meta":{"site-sidebar-layout":"default","site-content-layout":"default","ast-site-content-layout":"default","site-content-style":"default","site-sidebar-style":"default","ast-global-header-display":"","ast-banner-title-visibility":"","ast-main-header-display":"","ast-hfb-above-header-display":"","ast-hfb-below-header-display":"","ast-hfb-mobile-header-display":"","site-post-title":"","ast-breadcrumbs-content":"","ast-featured-img":"","footer-sml-layout":"","theme-transparent-header-meta":"default","adv-header-id-meta":"","stick-header-meta":"default","header-above-stick-meta":"","header-main-stick-meta":"","header-below-stick-meta":"","astra-migrate-meta-layouts":"default","ast-page-background-enabled":"default","ast-page-background-meta":{"desktop":{"background-color":"","background-image":"","background-repeat":"repeat","background-position":"center center","background-size":"auto","background-attachment":"scroll","background-type":"","background-media":"","overlay-type":"","overlay-color":"","overlay-opacity":"","overlay-gradient":""},"tablet":{"background-color":"","background-image":"","background-repeat":"repeat","background-position":"center center","background-size":"auto","background-attachment":"scroll","background-type":"","background-media":"","overlay-type":"","overlay-color":"","overlay-opacity":"","overlay-gradient":""},"mobile":{"background-color":"","background-image":"","background-repeat":"repeat","background-position":"center center","background-size":"auto","background-attachment":"scroll","background-type":"","background-media":"","overlay-type":"","overlay-color":"","overlay-opacity":"","overlay-gradient":""}},"ast-content-background-meta":{"desktop":{"background-color":"var(--ast-global-color-5)","background-image":"","background-repeat":"repeat","background-position":"center center","background-size":"auto","background-attachment":"scroll","background-type":"","background-media":"","overlay-type":"","overlay-color":"","overlay-opacity":"","overlay-gradient":""},"tablet":{"background-color":"var(--ast-global-color-5)","background-image":"","background-repeat":"repeat","background-position":"center center","background-size":"auto","background-attachment":"scroll","background-type":"","background-media":"","overlay-type":"","overlay-color":"","overlay-opacity":"","overlay-gradient":""},"mobile":{"background-color":"var(--ast-global-color-5)","background-image":"","background-repeat":"repeat","background-position":"center center","background-size":"auto","background-attachment":"scroll","background-type":"","background-media":"","overlay-type":"","overlay-color":"","overlay-opacity":"","overlay-gradient":""}}},"product_cat":[654,600,655,1352,1303],"product_tag":[],"class_list":{"0":"post-14373","1":"product","2":"type-product","3":"status-publish","4":"has-post-thumbnail","6":"product_cat-forstarkare-for-hjarnan","7":"product_cat-humor-och-valbefinnande","8":"product_cat-kosttillskott","9":"product_cat-naring","10":"product_cat-viktminskning","11":"has-subscription-plans","12":"desktop-align-left","13":"tablet-align-left","14":"mobile-align-left","16":"first","17":"instock","18":"taxable","19":"shipping-taxable","20":"purchasable","21":"product-type-simple"},"yoast_head":"<!-- This site is optimized with the Yoast SEO plugin v22.7 - https:\/\/yoast.com\/wordpress\/plugins\/seo\/ -->\n<title>Paket med mental klarhet och viktminskning - JeaKen<\/title>\n<meta name=\"robots\" content=\"index, follow, max-snippet:-1, max-image-preview:large, max-video-preview:-1\" \/>\n<link rel=\"canonical\" href=\"https:\/\/jeaken.com\/sv\/produkt\/mental-clarity-and-weight-loss-bundle\/\" \/>\n<meta property=\"og:locale\" content=\"sv_SE\" \/>\n<meta property=\"og:type\" content=\"article\" \/>\n<meta property=\"og:title\" content=\"Paket med mental klarhet och viktminskning - JeaKen\" \/>\n<meta property=\"og:description\" content=\"Paketet f\u00f6r mental klarhet och viktminskning erbjuder en unik kombination av produkter som \u00e4r utformade f\u00f6r att \u00f6ka den mentala klarheten och st\u00f6dja viktminskning, vilket fr\u00e4mjar en v\u00e4l avrundad livsstil och effektiv stresshantering.\" \/>\n<meta property=\"og:url\" content=\"https:\/\/jeaken.com\/sv\/produkt\/mental-clarity-and-weight-loss-bundle\/\" \/>\n<meta property=\"og:site_name\" content=\"JeaKen\" \/>\n<meta property=\"article:modified_time\" content=\"2023-04-06T11:30:59+00:00\" \/>\n<meta property=\"og:image\" content=\"https:\/\/jeaken.com\/wp-content\/uploads\/2023\/03\/Combine6.jpg\" \/>\n\t<meta property=\"og:image:width\" content=\"972\" \/>\n\t<meta property=\"og:image:height\" content=\"972\" \/>\n\t<meta property=\"og:image:type\" content=\"image\/jpeg\" \/>\n<meta name=\"twitter:card\" content=\"summary_large_image\" \/>\n<meta name=\"twitter:label1\" content=\"Est. reading time\" \/>\n\t<meta name=\"twitter:data1\" content=\"5 minutes\" \/>\n<script type=\"application\/ld+json\" class=\"yoast-schema-graph\">{\"@context\":\"https:\/\/schema.org\",\"@graph\":[{\"@type\":\"WebPage\",\"@id\":\"https:\/\/jeaken.com\/sv\/produkt\/mental-clarity-and-weight-loss-bundle\/\",\"url\":\"https:\/\/jeaken.com\/sv\/produkt\/mental-clarity-and-weight-loss-bundle\/\",\"name\":\"Paket med mental klarhet och viktminskning - JeaKen\",\"isPartOf\":{\"@id\":\"https:\/\/jeaken.com\/sv\/#website\"},\"primaryImageOfPage\":{\"@id\":\"https:\/\/jeaken.com\/sv\/produkt\/mental-clarity-and-weight-loss-bundle\/#primaryimage\"},\"image\":{\"@id\":\"https:\/\/jeaken.com\/sv\/produkt\/mental-clarity-and-weight-loss-bundle\/#primaryimage\"},\"thumbnailUrl\":\"https:\/\/jeaken.com\/wp-content\/uploads\/2023\/03\/Combine6.jpg\",\"datePublished\":\"2023-03-16T11:24:54+00:00\",\"dateModified\":\"2023-04-06T11:30:59+00:00\",\"breadcrumb\":{\"@id\":\"https:\/\/jeaken.com\/sv\/produkt\/mental-clarity-and-weight-loss-bundle\/#breadcrumb\"},\"inLanguage\":\"sv-SE\",\"potentialAction\":[{\"@type\":\"ReadAction\",\"target\":[\"https:\/\/jeaken.com\/sv\/produkt\/mental-clarity-and-weight-loss-bundle\/\"]}]},{\"@type\":\"ImageObject\",\"inLanguage\":\"sv-SE\",\"@id\":\"https:\/\/jeaken.com\/sv\/produkt\/mental-clarity-and-weight-loss-bundle\/#primaryimage\",\"url\":\"https:\/\/jeaken.com\/wp-content\/uploads\/2023\/03\/Combine6.jpg\",\"contentUrl\":\"https:\/\/jeaken.com\/wp-content\/uploads\/2023\/03\/Combine6.jpg\",\"width\":972,\"height\":972,\"caption\":\"Mental Clarity and Gut Health Bundle\"},{\"@type\":\"BreadcrumbList\",\"@id\":\"https:\/\/jeaken.com\/sv\/produkt\/mental-clarity-and-weight-loss-bundle\/#breadcrumb\",\"itemListElement\":[{\"@type\":\"ListItem\",\"position\":1,\"name\":\"Home\",\"item\":\"https:\/\/jeaken.com\/sv\/\"},{\"@type\":\"ListItem\",\"position\":2,\"name\":\"Private: Shop\",\"item\":\"https:\/\/jeaken.com\/shop\/\"},{\"@type\":\"ListItem\",\"position\":3,\"name\":\"Paket med mental klarhet och viktminskning\"}]},{\"@type\":\"WebSite\",\"@id\":\"https:\/\/jeaken.com\/sv\/#website\",\"url\":\"https:\/\/jeaken.com\/sv\/\",\"name\":\"JeaKen\",\"description\":\"Organic Supplements for Health, Fitness and Nutrition\",\"publisher\":{\"@id\":\"https:\/\/jeaken.com\/sv\/#organization\"},\"potentialAction\":[{\"@type\":\"SearchAction\",\"target\":{\"@type\":\"EntryPoint\",\"urlTemplate\":\"https:\/\/jeaken.com\/sv\/?s={search_term_string}\"},\"query-input\":\"required name=search_term_string\"}],\"inLanguage\":\"sv-SE\"},{\"@type\":\"Organization\",\"@id\":\"https:\/\/jeaken.com\/sv\/#organization\",\"name\":\"JeaKen\",\"url\":\"https:\/\/jeaken.com\/sv\/\",\"logo\":{\"@type\":\"ImageObject\",\"inLanguage\":\"sv-SE\",\"@id\":\"https:\/\/jeaken.com\/sv\/#\/schema\/logo\/image\/\",\"url\":\"https:\/\/jeaken.com\/wp-content\/uploads\/2022\/06\/jeaken-logo-23.png\",\"contentUrl\":\"https:\/\/jeaken.com\/wp-content\/uploads\/2022\/06\/jeaken-logo-23.png\",\"width\":2486,\"height\":736,\"caption\":\"JeaKen\"},\"image\":{\"@id\":\"https:\/\/jeaken.com\/sv\/#\/schema\/logo\/image\/\"}}]}<\/script>\n<!-- \/ Yoast SEO plugin. -->","yoast_head_json":{"title":"Paket med mental klarhet och viktminskning - JeaKen","robots":{"index":"index","follow":"follow","max-snippet":"max-snippet:-1","max-image-preview":"max-image-preview:large","max-video-preview":"max-video-preview:-1"},"canonical":"https:\/\/jeaken.com\/sv\/produkt\/mental-clarity-and-weight-loss-bundle\/","og_locale":"sv_SE","og_type":"article","og_title":"Paket med mental klarhet och viktminskning - JeaKen","og_description":"Paketet f\u00f6r mental klarhet och viktminskning erbjuder en unik kombination av produkter som \u00e4r utformade f\u00f6r att \u00f6ka den mentala klarheten och st\u00f6dja viktminskning, vilket fr\u00e4mjar en v\u00e4l avrundad livsstil och effektiv stresshantering.","og_url":"https:\/\/jeaken.com\/sv\/produkt\/mental-clarity-and-weight-loss-bundle\/","og_site_name":"JeaKen","article_modified_time":"2023-04-06T11:30:59+00:00","og_image":[{"width":972,"height":972,"url":"https:\/\/jeaken.com\/wp-content\/uploads\/2023\/03\/Combine6.jpg","type":"image\/jpeg"}],"twitter_card":"summary_large_image","twitter_misc":{"Est. reading time":"5 minutes"},"schema":{"@context":"https:\/\/schema.org","@graph":[{"@type":"WebPage","@id":"https:\/\/jeaken.com\/sv\/produkt\/mental-clarity-and-weight-loss-bundle\/","url":"https:\/\/jeaken.com\/sv\/produkt\/mental-clarity-and-weight-loss-bundle\/","name":"Paket med mental klarhet och viktminskning - JeaKen","isPartOf":{"@id":"https:\/\/jeaken.com\/sv\/#website"},"primaryImageOfPage":{"@id":"https:\/\/jeaken.com\/sv\/produkt\/mental-clarity-and-weight-loss-bundle\/#primaryimage"},"image":{"@id":"https:\/\/jeaken.com\/sv\/produkt\/mental-clarity-and-weight-loss-bundle\/#primaryimage"},"thumbnailUrl":"https:\/\/jeaken.com\/wp-content\/uploads\/2023\/03\/Combine6.jpg","datePublished":"2023-03-16T11:24:54+00:00","dateModified":"2023-04-06T11:30:59+00:00","breadcrumb":{"@id":"https:\/\/jeaken.com\/sv\/produkt\/mental-clarity-and-weight-loss-bundle\/#breadcrumb"},"inLanguage":"sv-SE","potentialAction":[{"@type":"ReadAction","target":["https:\/\/jeaken.com\/sv\/produkt\/mental-clarity-and-weight-loss-bundle\/"]}]},{"@type":"ImageObject","inLanguage":"sv-SE","@id":"https:\/\/jeaken.com\/sv\/produkt\/mental-clarity-and-weight-loss-bundle\/#primaryimage","url":"https:\/\/jeaken.com\/wp-content\/uploads\/2023\/03\/Combine6.jpg","contentUrl":"https:\/\/jeaken.com\/wp-content\/uploads\/2023\/03\/Combine6.jpg","width":972,"height":972,"caption":"Mental Clarity and Gut Health Bundle"},{"@type":"BreadcrumbList","@id":"https:\/\/jeaken.com\/sv\/produkt\/mental-clarity-and-weight-loss-bundle\/#breadcrumb","itemListElement":[{"@type":"ListItem","position":1,"name":"Home","item":"https:\/\/jeaken.com\/sv\/"},{"@type":"ListItem","position":2,"name":"Private: Shop","item":"https:\/\/jeaken.com\/shop\/"},{"@type":"ListItem","position":3,"name":"Paket med mental klarhet och viktminskning"}]},{"@type":"WebSite","@id":"https:\/\/jeaken.com\/sv\/#website","url":"https:\/\/jeaken.com\/sv\/","name":"JeaKen","description":"Organic Supplements for Health, Fitness and Nutrition","publisher":{"@id":"https:\/\/jeaken.com\/sv\/#organization"},"potentialAction":[{"@type":"SearchAction","target":{"@type":"EntryPoint","urlTemplate":"https:\/\/jeaken.com\/sv\/?s={search_term_string}"},"query-input":"required name=search_term_string"}],"inLanguage":"sv-SE"},{"@type":"Organization","@id":"https:\/\/jeaken.com\/sv\/#organization","name":"JeaKen","url":"https:\/\/jeaken.com\/sv\/","logo":{"@type":"ImageObject","inLanguage":"sv-SE","@id":"https:\/\/jeaken.com\/sv\/#\/schema\/logo\/image\/","url":"https:\/\/jeaken.com\/wp-content\/uploads\/2022\/06\/jeaken-logo-23.png","contentUrl":"https:\/\/jeaken.com\/wp-content\/uploads\/2022\/06\/jeaken-logo-23.png","width":2486,"height":736,"caption":"JeaKen"},"image":{"@id":"https:\/\/jeaken.com\/sv\/#\/schema\/logo\/image\/"}}]}},"jetpack_sharing_enabled":true,"_links":{"self":[{"href":"https:\/\/jeaken.com\/sv\/wp-json\/wp\/v2\/product\/14373","targetHints":{"allow":["GET"]}}],"collection":[{"href":"https:\/\/jeaken.com\/sv\/wp-json\/wp\/v2\/product"}],"about":[{"href":"https:\/\/jeaken.com\/sv\/wp-json\/wp\/v2\/types\/product"}],"wp:featuredmedia":[{"embeddable":true,"href":"https:\/\/jeaken.com\/sv\/wp-json\/wp\/v2\/media\/16297"}],"wp:attachment":[{"href":"https:\/\/jeaken.com\/sv\/wp-json\/wp\/v2\/media?parent=14373"}],"wp:term":[{"taxonomy":"product_cat","embeddable":true,"href":"https:\/\/jeaken.com\/sv\/wp-json\/wp\/v2\/product_cat?post=14373"},{"taxonomy":"product_tag","embeddable":true,"href":"https:\/\/jeaken.com\/sv\/wp-json\/wp\/v2\/product_tag?post=14373"}],"curies":[{"name":"wp","href":"https:\/\/api.w.org\/{rel}","templated":true}]}}