{"id":14357,"date":"2023-03-16T10:28:24","date_gmt":"2023-03-16T10:28:24","guid":{"rendered":"https:\/?post_type=product&#038;p=14357"},"modified":"2023-04-06T12:31:02","modified_gmt":"2023-04-06T11:31:02","slug":"mental-clarity-bundle","status":"publish","type":"product","link":"https:\/\/jeaken.com\/sv\/produkt\/mental-clarity-bundle\/","title":{"rendered":"Paket f\u00f6r mental klarhet"},"content":{"rendered":"<h2>Paket f\u00f6r mental klarhet<\/h2>\n<p><span data-sheets-value=\"{\"1\":2,\"2\":\"Looking to improve their mental clarity and focus, combining the Mental Clarity &amp; Focus Bundle with the right lifestyle changes can yield excellent results. In addition to incorporating a healthy diet and exercise regimen, taking regular breaks to reduce stress and staying hydrated can help. When using the Super Mind Nootropics and Mushroom Capsules in this bundle, it's important to follow the recommended dosages and take them consistently for optimal results. Additionally, the Nootropics Cognitive Enhancer can provide an extra boost to your cognitive function, especially when used in conjunction with the other supplements in this bundle. Remember to consult with a healthcare professional before starting any new supplement regimen.\"}\" data-sheets-userformat=\"{\"2\":2947,\"3\":{\"1\":0},\"4\":{\"1\":3,\"3\":2},\"10\":0,\"11\":4,\"12\":0,\"14\":{\"1\":2,\"2\":65280}}\">Om du vill f\u00f6rb\u00e4ttra din mentala klarhet och ditt fokus kan kombinationen Mental Clarity Bundle med r\u00e4tt livsstilsf\u00f6r\u00e4ndringar ge utm\u00e4rkta resultat. F\u00f6rutom en h\u00e4lsosam kost och motion kan det hj\u00e4lpa att ta regelbundna pauser f\u00f6r att minska stressen och h\u00e5lla sig v\u00e4tskeklar. N\u00e4r du anv\u00e4nder Super Mind Nootropics och Mushroom Capsules i detta paket \u00e4r det viktigt att f\u00f6lja de rekommenderade doserna och ta dem konsekvent f\u00f6r optimala resultat. Nootropics Cognitive Enhancer kan dessutom ge en extra boost till din kognitiva funktion, s\u00e4rskilt n\u00e4r den anv\u00e4nds tillsammans med de andra tillskotten i detta paket. Kom ih\u00e5g att r\u00e5dg\u00f6ra med en sjukv\u00e5rdspersonal innan du b\u00f6rjar med nya kosttillskott.<\/span><\/p>\n<h4 class=\"product_title entry-title elementor-heading-title elementor-size-default\"><strong>Super Mind Nootropics &#8211; 60 veganska kapslar<\/strong><\/h4>\n<p>&nbsp;<\/p>\n<ul class=\"a-unordered-list a-vertical a-spacing-none\">\n<li class=\"a-spacing-small\"><span class=\"a-list-item a-size-base\">BOOST MEMORY, CONCENTRATION and ALERTNESS &#8211; Till skillnad fr\u00e5n m\u00e5nga hj\u00e4rntillskott \u00e4r JeaKen nootropics brain boost kapslar gjorda av naturliga ingredienser som Rhodiola Rosea som hj\u00e4lper till att \u00f6ka koncentrationen och vakenheten, \u00f6ka den mentala energin och f\u00f6rb\u00e4ttra minnet.  <\/span><\/li>\n<li class=\"a-spacing-small\"><span class=\"a-list-item a-size-base\">Minska tr\u00f6tthet och f\u00f6rb\u00e4ttra fokus &#8211; Guarana, en v\u00e4xt som \u00e4r hemmah\u00f6rande i Amazonas, inneh\u00e5ller naturligt koffein och har visat sig vara mycket effektiv f\u00f6r att minska tr\u00f6tthet och f\u00f6rb\u00e4ttra mentalt fokus. Kombinationen av koffein och teanin har visat sig vara mycket effektiv f\u00f6r att f\u00f6rb\u00e4ttra den kognitiva f\u00f6rm\u00e5gan.  <\/span><\/li>\n<li class=\"a-spacing-small\"><span class=\"a-list-item a-size-base\">BARA DE B\u00c4STA INGREDIENSERNA &#8211; V\u00e5rt minnestillskott \u00e4r tillverkat av helt naturliga vitaminer, mineraler och \u00f6rtextrakt, utan skadliga tillsatser; icke-GMO och fritt fr\u00e5n hormoner och gluten.  <\/span><\/li>\n<li class=\"a-spacing-small\"><span class=\"a-list-item a-size-base\">ST\u00d6TTAD AV VETENSKAP &#8211; Vi har lagt stor vikt vid att kombinera exakt r\u00e4tt m\u00e4ngd av varje ingrediens i en avancerad formel som \u00e4r utformad f\u00f6r att st\u00f6dja syre och cirkulation i hj\u00e4rncellerna och neuroner som \u00e4r utformade f\u00f6r att st\u00f6dja minne, fokus och klarhet.<\/span><\/li>\n<\/ul>\n<h4><strong>Lion&#8217;s Mane Mushroom Mushroom Capsules &#8211; Nootropics Supplement for Improved Cognitive and Immune System Function. 5000mg.<\/strong><\/h4>\n<p>&nbsp;<\/p>\n<p><strong><span class=\"a-list-item a-size-base\">ST\u00d6DER KOGNITIV FUNKTION  <\/span><\/strong><\/p>\n<p><span class=\"a-list-item a-size-base\">Lion&#8217;s Mane \u00e4r en bevisad hj\u00e4rnf\u00f6rst\u00e4rkare, vilket g\u00f6r den till ett popul\u00e4rt tillskott f\u00f6r dem som arbetar eller studerar. F\u00f6rutom att \u00f6ka ditt minne kan v\u00e5ra kapslar hj\u00e4lpa till att avl\u00e4gsna mental dimma och ge st\u00f6d till hj\u00e4rnan och nervsystemet.<\/span><\/p>\n<p><strong>UPPMUNTRAR TILL GOD H\u00c4LSA I LEDERNA<\/strong><\/p>\n<p>V\u00e5ra bepr\u00f6vade kapslar \u00e4r effektiva n\u00e4r det g\u00e4ller att st\u00f6dja ledh\u00e4lsa och st\u00e4rka immunf\u00f6rsvaret.<\/p>\n<p><strong>F\u00d6RB\u00c4TTRAR DEN ANDLIGA H\u00c4LSAN<\/strong><\/p>\n<p>Reishi-extrakt \u00e4r k\u00e4nt f\u00f6r att hj\u00e4lpa till vid kroniska luftv\u00e4gsbesv\u00e4r.<\/p>\n<p><strong>REGLERAR HORMONER<\/strong><\/p>\n<p>V\u00e5ra kapslar \u00e4r mycket effektiva f\u00f6r att hj\u00e4lpa till att reglera hormonerna. Hormonbalans \u00e4r nyckeln till reglering av sensuella funktioner, hum\u00f6rreglering och mycket mer.<\/p>\n<p><strong>SVAMP 10:1 EXTRAKT<\/strong><\/p>\n<p>Svampar har en h\u00e5rd cellv\u00e4gg som best\u00e5r av kitin, vilket m\u00e4nniskor har sv\u00e5rt att sm\u00e4lta. Denna cellv\u00e4gg begr\u00e4nsar v\u00e5r tillg\u00e5ng till de viktiga medicinska f\u00f6reningar som ger svamparna deras fantastiska f\u00f6rdelar.<\/p>\n<p><strong>FYLLMEDEL UTAN SPANNM\u00c5L.<\/strong><\/p>\n<p>M\u00e5nga medicinska svampprodukter inneh\u00e5ller egentligen inga svampar. De tillverkas av svampens rotsystem, som kallas mycelium, och detta mycelium odlas p\u00e5 spannm\u00e5l som ris, havre och sorghum.<\/p>\n<p><strong>ST\u00d6DER KOGNITIV FUNKTION  <\/strong><\/p>\n<p>Lion&#8217;s Mane \u00e4r en bevisad kognitiv f\u00f6rst\u00e4rkare som \u00e4r effektiv f\u00f6r att avl\u00e4gsna mental dimma och ge st\u00f6d till hj\u00e4rnan och nervsystemet.<\/p>\n<p><strong>ST\u00c4RKER IMMUNF\u00d6RSVARET  <\/strong><\/p>\n<p>Lion&#8217;s Mane-svampen anses f\u00f6rb\u00e4ttra immunfunktionen och fr\u00e4mja tillv\u00e4xten av goda bakterier i tarmen.<\/p>\n<p><strong>HJ\u00c4LPER TILL ATT NATURLIGT BALANSERA HUM\u00d6RET  <\/strong><\/p>\n<p>Forskning visar att Lion&#8217;s Mane-svamp kan bidra till ett lugnt och avslappnat hum\u00f6r. Den har ocks\u00e5 nervregenerativa egenskaper som kan bidra till god hj\u00e4rth\u00e4lsa.<\/p>\n<h4 class=\"product_title entry-title elementor-heading-title elementor-size-default\"><strong>Nootropics Cognitive Enhancer &#8211; Premium koncentrations- och minnesf\u00f6rb\u00e4ttrare (60 kapslar)<\/strong><\/h4>\n<p><strong><span class=\"a-list-item\">\u00d6KAR MINNET, KONCENTRATIONEN OCH VAKENHETEN  <\/span><\/strong><\/p>\n<p><span class=\"a-list-item\">V\u00e5ra nootropics Brain Boost-kapslar \u00e4r tillverkade av naturliga ingredienser som hj\u00e4lper till att \u00f6ka koncentrationen och vakenheten, \u00f6ka den mentala energin och f\u00f6rb\u00e4ttra minnet.<\/span><\/p>\n<p><strong><span class=\"a-list-item\">MINSKAR TR\u00d6TTHET OCH F\u00d6RB\u00c4TTRAR FOKUS  <\/span><\/strong><\/p>\n<p><span class=\"a-list-item\">Guarana, som \u00e4r en v\u00e4xt fr\u00e5n Amazonas, inneh\u00e5ller naturligt koffein och har visat sig vara effektiv f\u00f6r att minska tr\u00f6tthet och \u00f6ka det mentala fokuset. Den kraftfulla kombinationen av koffein och teanin \u00e4r extremt effektiv f\u00f6r att f\u00f6rb\u00e4ttra den kognitiva f\u00f6rm\u00e5gan.<\/span><\/p>\n<p><strong><span class=\"a-list-item\">NATURLIGA INGREDIENSER  <\/span><\/strong><\/p>\n<p><span class=\"a-list-item\">V\u00e5rt minnestillskott \u00e4r tillverkat av helt naturliga vitaminer, mineraler och \u00f6rtextrakt, utan skadliga tillsatser. V\u00e5ra kosttillskott \u00e4r icke-GMO- och fria fr\u00e5n hormoner och gluten.<\/span><\/p>\n<p><strong><span class=\"a-list-item\">ST\u00d6DS AV VETENSKAP  <\/span><\/strong><\/p>\n<p><span class=\"a-list-item\">Stor omsorg har lagts ner p\u00e5 att kombinera r\u00e4tt m\u00e4ngd av varje ingrediens i en avancerad formel. Detta har noggrant utformats f\u00f6r att hj\u00e4lpa till att st\u00f6dja syre och cirkulation i hj\u00e4rncellerna, och neuronerna \u00e4r utformade f\u00f6r att st\u00f6dja minne, fokus och klarhet.<\/span><\/p>\n<p class=\"a-spacing-mini\"><strong>F\u00d6RB\u00c4TTRAR HUM\u00d6RET<\/strong><\/p>\n<p class=\"a-size-small\">V\u00e5ra f\u00f6rstklassiga ingredienser st\u00f6der h\u00e4lsosamma niv\u00e5er av serotonin och dopamin, vilket bidrar till att uppr\u00e4tth\u00e5lla ett positivt hum\u00f6r.<\/p>\n","protected":false},"excerpt":{"rendered":"<p>Paketet f\u00f6r mental klarhet \u00e4r perfekt f\u00f6r att \u00f6ka fokus, en h\u00e4lsosam livsstil och stresshantering. Paketet inneh\u00e5ller Lion&#8217;s Mane Mushroom Mushroom Capsules, Super Mind Nootropics och Nootropics Cognitive Enhancers.<\/p>\n","protected":false},"featured_media":16315,"template":"","meta":{"site-sidebar-layout":"default","site-content-layout":"default","ast-site-content-layout":"default","site-content-style":"default","site-sidebar-style":"default","ast-global-header-display":"","ast-banner-title-visibility":"","ast-main-header-display":"","ast-hfb-above-header-display":"","ast-hfb-below-header-display":"","ast-hfb-mobile-header-display":"","site-post-title":"","ast-breadcrumbs-content":"","ast-featured-img":"","footer-sml-layout":"","theme-transparent-header-meta":"default","adv-header-id-meta":"","stick-header-meta":"default","header-above-stick-meta":"","header-main-stick-meta":"","header-below-stick-meta":"","astra-migrate-meta-layouts":"default","ast-page-background-enabled":"default","ast-page-background-meta":{"desktop":{"background-color":"","background-image":"","background-repeat":"repeat","background-position":"center center","background-size":"auto","background-attachment":"scroll","background-type":"","background-media":"","overlay-type":"","overlay-color":"","overlay-opacity":"","overlay-gradient":""},"tablet":{"background-color":"","background-image":"","background-repeat":"repeat","background-position":"center center","background-size":"auto","background-attachment":"scroll","background-type":"","background-media":"","overlay-type":"","overlay-color":"","overlay-opacity":"","overlay-gradient":""},"mobile":{"background-color":"","background-image":"","background-repeat":"repeat","background-position":"center center","background-size":"auto","background-attachment":"scroll","background-type":"","background-media":"","overlay-type":"","overlay-color":"","overlay-opacity":"","overlay-gradient":""}},"ast-content-background-meta":{"desktop":{"background-color":"var(--ast-global-color-5)","background-image":"","background-repeat":"repeat","background-position":"center center","background-size":"auto","background-attachment":"scroll","background-type":"","background-media":"","overlay-type":"","overlay-color":"","overlay-opacity":"","overlay-gradient":""},"tablet":{"background-color":"var(--ast-global-color-5)","background-image":"","background-repeat":"repeat","background-position":"center center","background-size":"auto","background-attachment":"scroll","background-type":"","background-media":"","overlay-type":"","overlay-color":"","overlay-opacity":"","overlay-gradient":""},"mobile":{"background-color":"var(--ast-global-color-5)","background-image":"","background-repeat":"repeat","background-position":"center center","background-size":"auto","background-attachment":"scroll","background-type":"","background-media":"","overlay-type":"","overlay-color":"","overlay-opacity":"","overlay-gradient":""}}},"product_cat":[654,600],"product_tag":[],"class_list":{"0":"post-14357","1":"product","2":"type-product","3":"status-publish","4":"has-post-thumbnail","6":"product_cat-forstarkare-for-hjarnan","7":"product_cat-humor-och-valbefinnande","8":"has-subscription-plans","9":"desktop-align-left","10":"tablet-align-left","11":"mobile-align-left","13":"first","14":"instock","15":"taxable","16":"shipping-taxable","17":"purchasable","18":"product-type-simple"},"yoast_head":"<!-- This site is optimized with the Yoast SEO plugin v22.7 - https:\/\/yoast.com\/wordpress\/plugins\/seo\/ -->\n<title>Paket f\u00f6r mental klarhet - JeaKen<\/title>\n<meta name=\"robots\" content=\"index, follow, max-snippet:-1, max-image-preview:large, max-video-preview:-1\" \/>\n<link rel=\"canonical\" href=\"https:\/\/jeaken.com\/sv\/produkt\/mental-clarity-bundle\/\" \/>\n<meta property=\"og:locale\" content=\"sv_SE\" \/>\n<meta property=\"og:type\" content=\"article\" \/>\n<meta property=\"og:title\" content=\"Paket f\u00f6r mental klarhet - JeaKen\" \/>\n<meta property=\"og:description\" content=\"Paketet f\u00f6r mental klarhet \u00e4r perfekt f\u00f6r att \u00f6ka fokus, en h\u00e4lsosam livsstil och stresshantering. Paketet inneh\u00e5ller Lion&#039;s Mane Mushroom Mushroom Capsules, Super Mind Nootropics och Nootropics Cognitive Enhancers.\" \/>\n<meta property=\"og:url\" content=\"https:\/\/jeaken.com\/sv\/produkt\/mental-clarity-bundle\/\" \/>\n<meta property=\"og:site_name\" content=\"JeaKen\" \/>\n<meta property=\"article:modified_time\" content=\"2023-04-06T11:31:02+00:00\" \/>\n<meta property=\"og:image\" content=\"https:\/\/jeaken.com\/wp-content\/uploads\/2023\/03\/Combine7.jpg\" \/>\n\t<meta property=\"og:image:width\" content=\"972\" \/>\n\t<meta property=\"og:image:height\" content=\"972\" \/>\n\t<meta property=\"og:image:type\" content=\"image\/jpeg\" \/>\n<meta name=\"twitter:card\" content=\"summary_large_image\" \/>\n<script type=\"application\/ld+json\" class=\"yoast-schema-graph\">{\"@context\":\"https:\/\/schema.org\",\"@graph\":[{\"@type\":\"WebPage\",\"@id\":\"https:\/\/jeaken.com\/sv\/produkt\/mental-clarity-bundle\/\",\"url\":\"https:\/\/jeaken.com\/sv\/produkt\/mental-clarity-bundle\/\",\"name\":\"Paket f\u00f6r mental klarhet - JeaKen\",\"isPartOf\":{\"@id\":\"https:\/\/jeaken.com\/sv\/#website\"},\"primaryImageOfPage\":{\"@id\":\"https:\/\/jeaken.com\/sv\/produkt\/mental-clarity-bundle\/#primaryimage\"},\"image\":{\"@id\":\"https:\/\/jeaken.com\/sv\/produkt\/mental-clarity-bundle\/#primaryimage\"},\"thumbnailUrl\":\"https:\/\/jeaken.com\/wp-content\/uploads\/2023\/03\/Combine7.jpg\",\"datePublished\":\"2023-03-16T10:28:24+00:00\",\"dateModified\":\"2023-04-06T11:31:02+00:00\",\"breadcrumb\":{\"@id\":\"https:\/\/jeaken.com\/sv\/produkt\/mental-clarity-bundle\/#breadcrumb\"},\"inLanguage\":\"sv-SE\",\"potentialAction\":[{\"@type\":\"ReadAction\",\"target\":[\"https:\/\/jeaken.com\/sv\/produkt\/mental-clarity-bundle\/\"]}]},{\"@type\":\"ImageObject\",\"inLanguage\":\"sv-SE\",\"@id\":\"https:\/\/jeaken.com\/sv\/produkt\/mental-clarity-bundle\/#primaryimage\",\"url\":\"https:\/\/jeaken.com\/wp-content\/uploads\/2023\/03\/Combine7.jpg\",\"contentUrl\":\"https:\/\/jeaken.com\/wp-content\/uploads\/2023\/03\/Combine7.jpg\",\"width\":972,\"height\":972,\"caption\":\"Mental Clarity Bundle\"},{\"@type\":\"BreadcrumbList\",\"@id\":\"https:\/\/jeaken.com\/sv\/produkt\/mental-clarity-bundle\/#breadcrumb\",\"itemListElement\":[{\"@type\":\"ListItem\",\"position\":1,\"name\":\"Home\",\"item\":\"https:\/\/jeaken.com\/sv\/\"},{\"@type\":\"ListItem\",\"position\":2,\"name\":\"Private: Shop\",\"item\":\"https:\/\/jeaken.com\/shop\/\"},{\"@type\":\"ListItem\",\"position\":3,\"name\":\"Paket f\u00f6r mental klarhet\"}]},{\"@type\":\"WebSite\",\"@id\":\"https:\/\/jeaken.com\/sv\/#website\",\"url\":\"https:\/\/jeaken.com\/sv\/\",\"name\":\"JeaKen\",\"description\":\"Organic Supplements for Health, Fitness and Nutrition\",\"publisher\":{\"@id\":\"https:\/\/jeaken.com\/sv\/#organization\"},\"potentialAction\":[{\"@type\":\"SearchAction\",\"target\":{\"@type\":\"EntryPoint\",\"urlTemplate\":\"https:\/\/jeaken.com\/sv\/?s={search_term_string}\"},\"query-input\":\"required name=search_term_string\"}],\"inLanguage\":\"sv-SE\"},{\"@type\":\"Organization\",\"@id\":\"https:\/\/jeaken.com\/sv\/#organization\",\"name\":\"JeaKen\",\"url\":\"https:\/\/jeaken.com\/sv\/\",\"logo\":{\"@type\":\"ImageObject\",\"inLanguage\":\"sv-SE\",\"@id\":\"https:\/\/jeaken.com\/sv\/#\/schema\/logo\/image\/\",\"url\":\"https:\/\/jeaken.com\/wp-content\/uploads\/2022\/06\/jeaken-logo-23.png\",\"contentUrl\":\"https:\/\/jeaken.com\/wp-content\/uploads\/2022\/06\/jeaken-logo-23.png\",\"width\":2486,\"height\":736,\"caption\":\"JeaKen\"},\"image\":{\"@id\":\"https:\/\/jeaken.com\/sv\/#\/schema\/logo\/image\/\"}}]}<\/script>\n<!-- \/ Yoast SEO plugin. -->","yoast_head_json":{"title":"Paket f\u00f6r mental klarhet - JeaKen","robots":{"index":"index","follow":"follow","max-snippet":"max-snippet:-1","max-image-preview":"max-image-preview:large","max-video-preview":"max-video-preview:-1"},"canonical":"https:\/\/jeaken.com\/sv\/produkt\/mental-clarity-bundle\/","og_locale":"sv_SE","og_type":"article","og_title":"Paket f\u00f6r mental klarhet - JeaKen","og_description":"Paketet f\u00f6r mental klarhet \u00e4r perfekt f\u00f6r att \u00f6ka fokus, en h\u00e4lsosam livsstil och stresshantering. Paketet inneh\u00e5ller Lion's Mane Mushroom Mushroom Capsules, Super Mind Nootropics och Nootropics Cognitive Enhancers.","og_url":"https:\/\/jeaken.com\/sv\/produkt\/mental-clarity-bundle\/","og_site_name":"JeaKen","article_modified_time":"2023-04-06T11:31:02+00:00","og_image":[{"width":972,"height":972,"url":"https:\/\/jeaken.com\/wp-content\/uploads\/2023\/03\/Combine7.jpg","type":"image\/jpeg"}],"twitter_card":"summary_large_image","schema":{"@context":"https:\/\/schema.org","@graph":[{"@type":"WebPage","@id":"https:\/\/jeaken.com\/sv\/produkt\/mental-clarity-bundle\/","url":"https:\/\/jeaken.com\/sv\/produkt\/mental-clarity-bundle\/","name":"Paket f\u00f6r mental klarhet - JeaKen","isPartOf":{"@id":"https:\/\/jeaken.com\/sv\/#website"},"primaryImageOfPage":{"@id":"https:\/\/jeaken.com\/sv\/produkt\/mental-clarity-bundle\/#primaryimage"},"image":{"@id":"https:\/\/jeaken.com\/sv\/produkt\/mental-clarity-bundle\/#primaryimage"},"thumbnailUrl":"https:\/\/jeaken.com\/wp-content\/uploads\/2023\/03\/Combine7.jpg","datePublished":"2023-03-16T10:28:24+00:00","dateModified":"2023-04-06T11:31:02+00:00","breadcrumb":{"@id":"https:\/\/jeaken.com\/sv\/produkt\/mental-clarity-bundle\/#breadcrumb"},"inLanguage":"sv-SE","potentialAction":[{"@type":"ReadAction","target":["https:\/\/jeaken.com\/sv\/produkt\/mental-clarity-bundle\/"]}]},{"@type":"ImageObject","inLanguage":"sv-SE","@id":"https:\/\/jeaken.com\/sv\/produkt\/mental-clarity-bundle\/#primaryimage","url":"https:\/\/jeaken.com\/wp-content\/uploads\/2023\/03\/Combine7.jpg","contentUrl":"https:\/\/jeaken.com\/wp-content\/uploads\/2023\/03\/Combine7.jpg","width":972,"height":972,"caption":"Mental Clarity Bundle"},{"@type":"BreadcrumbList","@id":"https:\/\/jeaken.com\/sv\/produkt\/mental-clarity-bundle\/#breadcrumb","itemListElement":[{"@type":"ListItem","position":1,"name":"Home","item":"https:\/\/jeaken.com\/sv\/"},{"@type":"ListItem","position":2,"name":"Private: Shop","item":"https:\/\/jeaken.com\/shop\/"},{"@type":"ListItem","position":3,"name":"Paket f\u00f6r mental klarhet"}]},{"@type":"WebSite","@id":"https:\/\/jeaken.com\/sv\/#website","url":"https:\/\/jeaken.com\/sv\/","name":"JeaKen","description":"Organic Supplements for Health, Fitness and Nutrition","publisher":{"@id":"https:\/\/jeaken.com\/sv\/#organization"},"potentialAction":[{"@type":"SearchAction","target":{"@type":"EntryPoint","urlTemplate":"https:\/\/jeaken.com\/sv\/?s={search_term_string}"},"query-input":"required name=search_term_string"}],"inLanguage":"sv-SE"},{"@type":"Organization","@id":"https:\/\/jeaken.com\/sv\/#organization","name":"JeaKen","url":"https:\/\/jeaken.com\/sv\/","logo":{"@type":"ImageObject","inLanguage":"sv-SE","@id":"https:\/\/jeaken.com\/sv\/#\/schema\/logo\/image\/","url":"https:\/\/jeaken.com\/wp-content\/uploads\/2022\/06\/jeaken-logo-23.png","contentUrl":"https:\/\/jeaken.com\/wp-content\/uploads\/2022\/06\/jeaken-logo-23.png","width":2486,"height":736,"caption":"JeaKen"},"image":{"@id":"https:\/\/jeaken.com\/sv\/#\/schema\/logo\/image\/"}}]}},"jetpack_sharing_enabled":true,"_links":{"self":[{"href":"https:\/\/jeaken.com\/sv\/wp-json\/wp\/v2\/product\/14357","targetHints":{"allow":["GET"]}}],"collection":[{"href":"https:\/\/jeaken.com\/sv\/wp-json\/wp\/v2\/product"}],"about":[{"href":"https:\/\/jeaken.com\/sv\/wp-json\/wp\/v2\/types\/product"}],"wp:featuredmedia":[{"embeddable":true,"href":"https:\/\/jeaken.com\/sv\/wp-json\/wp\/v2\/media\/16315"}],"wp:attachment":[{"href":"https:\/\/jeaken.com\/sv\/wp-json\/wp\/v2\/media?parent=14357"}],"wp:term":[{"taxonomy":"product_cat","embeddable":true,"href":"https:\/\/jeaken.com\/sv\/wp-json\/wp\/v2\/product_cat?post=14357"},{"taxonomy":"product_tag","embeddable":true,"href":"https:\/\/jeaken.com\/sv\/wp-json\/wp\/v2\/product_tag?post=14357"}],"curies":[{"name":"wp","href":"https:\/\/api.w.org\/{rel}","templated":true}]}}