{"id":8886,"date":"2022-07-21T19:18:16","date_gmt":"2022-07-21T18:18:16","guid":{"rendered":"https:\/product\/cordyceps-mushroom-capsules-dla-poprawy-wytrzymalosci-i-lagodzenia-niepokoju-i-stresu-60-kapsulek\/"},"modified":"2022-09-18T20:35:09","modified_gmt":"2022-09-18T19:35:09","slug":"cordyceps-mushroom-capsules-dla-poprawy-wytrzymalosci-i-lagodzenia-niepokoju-i-stresu-60-kapsulek","status":"publish","type":"product","link":"https:\/\/jeaken.com\/pl\/produkt\/cordyceps-mushroom-capsules-dla-poprawy-wytrzymalosci-i-lagodzenia-niepokoju-i-stresu-60-kapsulek\/","title":{"rendered":"Cordyceps Mushroom Capsules &#8211; Dla poprawy wytrzyma\u0142o\u015bci i \u0142agodzenia niepokoju i stresu (60 kapsu\u0142ek)"},"content":{"rendered":"<p><strong><span class=\"a-list-item\">100% NATURALNE GRZYBY  <\/span><\/strong><\/p>\n<p><span class=\"a-list-item\">Suplement ten jest wykonany wy\u0142\u0105cznie ze 100% grzyb\u00f3w cordyceps militaris. Owocniki s\u0105 uprawiane w celu zapewnienia jak najlepszego ekstraktu z cordycepsa, a grzyby poddawane s\u0105 ekstrakcji gor\u0105c\u0105 wod\u0105 w celu uzyskania korzystnych zwi\u0105zk\u00f3w beta-glukanu i kordycepiny. Do naszych produkt\u00f3w nie dodajemy grzybni, skrobi, ziaren ani wype\u0142niaczy.  <\/span><\/p>\n<p><strong><span class=\"a-list-item\">POPRAWIA ENERGI\u0118 I ZWI\u0118KSZA ODPORNO\u015a\u0106  <\/span><\/strong><\/p>\n<p><span class=\"a-list-item\">Poprzez zwi\u0119kszenie ilo\u015bci tlenu Cordyceps Extract znacznie zwi\u0119ksza energi\u0119 i odporno\u015b\u0107. Cordyceps bezpo\u015brednio stymuluje r\u00f3wnie\u017c pierwsz\u0105 lini\u0119 obrony organizmu przed infekcjami i wieloma dolegliwo\u015bciami.<\/span><\/p>\n<p><strong><span class=\"a-list-item\">ZAPEWNIA ULG\u0118 W STRESIE I NIEPOKOJU  <\/span><\/strong><\/p>\n<p><span class=\"a-list-item\">Ze wzgl\u0119du na zdolno\u015b\u0107 do zwi\u0119kszania produkcji ATP, Cordyceps jest jednym z najbardziej skutecznych grzyb\u00f3w adaptogennych w \u0142agodzeniu objaw\u00f3w l\u0119ku i stresu.<\/span><\/p>\n<p><strong><span class=\"a-list-item\">POMAGA REGULOWA\u0106 POZIOM CUKRU WE KRWI  <\/span><\/strong><\/p>\n<p><span class=\"a-list-item\">  Wiele bada\u0144 klinicznych wykaza\u0142o potencja\u0142 proszku Cordyceps jako \u015brodka reguluj\u0105cego poziom cukru we krwi. W jednym z bada\u0144 95% pacjent\u00f3w leczonych Cordycepsem wykaza\u0142o popraw\u0119 profilu cukru we krwi, w por\u00f3wnaniu z wynikami 54% poprawy w grupie kontrolnej.<\/span><\/p>\n<p>&nbsp;<\/p>\n","protected":false},"excerpt":{"rendered":"<h4>Naturalny i skuteczny spos\u00f3b na wzmocnienie odporno\u015bci, zwi\u0119kszenie energii i redukcj\u0119 stresu.<\/h4>\n<p>&nbsp;<\/p>\n","protected":false},"featured_media":15552,"template":"","meta":{"site-sidebar-layout":"default","site-content-layout":"default","ast-site-content-layout":"default","site-content-style":"default","site-sidebar-style":"default","ast-global-header-display":"","ast-banner-title-visibility":"","ast-main-header-display":"","ast-hfb-above-header-display":"","ast-hfb-below-header-display":"","ast-hfb-mobile-header-display":"","site-post-title":"","ast-breadcrumbs-content":"","ast-featured-img":"","footer-sml-layout":"","theme-transparent-header-meta":"default","adv-header-id-meta":"","stick-header-meta":"default","header-above-stick-meta":"","header-main-stick-meta":"","header-below-stick-meta":"","astra-migrate-meta-layouts":"default","ast-page-background-enabled":"default","ast-page-background-meta":{"desktop":{"background-color":"","background-image":"","background-repeat":"repeat","background-position":"center center","background-size":"auto","background-attachment":"scroll","background-type":"","background-media":"","overlay-type":"","overlay-color":"","overlay-opacity":"","overlay-gradient":""},"tablet":{"background-color":"","background-image":"","background-repeat":"repeat","background-position":"center center","background-size":"auto","background-attachment":"scroll","background-type":"","background-media":"","overlay-type":"","overlay-color":"","overlay-opacity":"","overlay-gradient":""},"mobile":{"background-color":"","background-image":"","background-repeat":"repeat","background-position":"center center","background-size":"auto","background-attachment":"scroll","background-type":"","background-media":"","overlay-type":"","overlay-color":"","overlay-opacity":"","overlay-gradient":""}},"ast-content-background-meta":{"desktop":{"background-color":"var(--ast-global-color-5)","background-image":"","background-repeat":"repeat","background-position":"center center","background-size":"auto","background-attachment":"scroll","background-type":"","background-media":"","overlay-type":"","overlay-color":"","overlay-opacity":"","overlay-gradient":""},"tablet":{"background-color":"var(--ast-global-color-5)","background-image":"","background-repeat":"repeat","background-position":"center center","background-size":"auto","background-attachment":"scroll","background-type":"","background-media":"","overlay-type":"","overlay-color":"","overlay-opacity":"","overlay-gradient":""},"mobile":{"background-color":"var(--ast-global-color-5)","background-image":"","background-repeat":"repeat","background-position":"center center","background-size":"auto","background-attachment":"scroll","background-type":"","background-media":"","overlay-type":"","overlay-color":"","overlay-opacity":"","overlay-gradient":""}}},"product_cat":[550,1004,543,552,551],"product_tag":[1857,1873,1869,1877,1883,1865,1880,1885,1886,1861],"class_list":{"0":"post-8886","1":"product","2":"type-product","3":"status-publish","4":"has-post-thumbnail","6":"product_cat-nastroj-i-dobre-samopoczucie","7":"product_cat-plodnosc","8":"product_cat-zdrowie-ukladu-odpornosciowego","9":"product_cat-zmeczenie","10":"product_cat-zywienie-sportowe","11":"product_tag-cordyceps-capsules-pl","12":"product_tag-cordyceps-sinensis-pl","13":"product_tag-cordyceps-w-proszku","14":"product_tag-ganoderma-lucidum-pl","15":"product_tag-kapsulki-rhodiola-rosea","16":"product_tag-kapsulki-z-grzybem-cordyceps","17":"product_tag-proszek-z-grzybow-lions-mane","18":"product_tag-suplement-lagodzacy-stres","19":"product_tag-suplementy-na-leki","20":"product_tag-wyciag-z-kordycepsa","21":"has-subscription-plans","22":"desktop-align-left","23":"tablet-align-left","24":"mobile-align-left","26":"first","27":"instock","28":"taxable","29":"shipping-taxable","30":"purchasable","31":"product-type-simple"},"yoast_head":"<!-- This site is optimized with the Yoast SEO plugin v22.7 - https:\/\/yoast.com\/wordpress\/plugins\/seo\/ -->\n<title>Cordyceps Mushroom Capsules - Dla poprawy wytrzyma\u0142o\u015bci i \u0142agodzenia niepokoju i stresu (60 kapsu\u0142ek) - JeaKen<\/title>\n<meta name=\"robots\" content=\"index, follow, max-snippet:-1, max-image-preview:large, max-video-preview:-1\" \/>\n<link rel=\"canonical\" href=\"https:\/\/jeaken.com\/pl\/produkt\/cordyceps-mushroom-capsules-dla-poprawy-wytrzymalosci-i-lagodzenia-niepokoju-i-stresu-60-kapsulek\/\" \/>\n<meta property=\"og:locale\" content=\"pl_PL\" \/>\n<meta property=\"og:type\" content=\"article\" \/>\n<meta property=\"og:title\" content=\"Cordyceps Mushroom Capsules - Dla poprawy wytrzyma\u0142o\u015bci i \u0142agodzenia niepokoju i stresu (60 kapsu\u0142ek) - JeaKen\" \/>\n<meta property=\"og:description\" content=\"Naturalny i skuteczny spos\u00f3b na wzmocnienie odporno\u015bci, zwi\u0119kszenie energii i redukcj\u0119 stresu. &nbsp;\" \/>\n<meta property=\"og:url\" content=\"https:\/\/jeaken.com\/pl\/produkt\/cordyceps-mushroom-capsules-dla-poprawy-wytrzymalosci-i-lagodzenia-niepokoju-i-stresu-60-kapsulek\/\" \/>\n<meta property=\"og:site_name\" content=\"JeaKen\" \/>\n<meta property=\"article:modified_time\" content=\"2022-09-18T19:35:09+00:00\" \/>\n<meta property=\"og:image\" content=\"https:\/\/jeaken.com\/wp-content\/uploads\/2022\/07\/Cordyceps-1.jpg\" \/>\n\t<meta property=\"og:image:width\" content=\"512\" \/>\n\t<meta property=\"og:image:height\" content=\"600\" \/>\n\t<meta property=\"og:image:type\" content=\"image\/jpeg\" \/>\n<meta name=\"twitter:card\" content=\"summary_large_image\" \/>\n<meta name=\"twitter:label1\" content=\"Est. reading time\" \/>\n\t<meta name=\"twitter:data1\" content=\"1 minute\" \/>\n<script type=\"application\/ld+json\" class=\"yoast-schema-graph\">{\"@context\":\"https:\/\/schema.org\",\"@graph\":[{\"@type\":\"WebPage\",\"@id\":\"https:\/\/jeaken.com\/pl\/produkt\/cordyceps-mushroom-capsules-dla-poprawy-wytrzymalosci-i-lagodzenia-niepokoju-i-stresu-60-kapsulek\/\",\"url\":\"https:\/\/jeaken.com\/pl\/produkt\/cordyceps-mushroom-capsules-dla-poprawy-wytrzymalosci-i-lagodzenia-niepokoju-i-stresu-60-kapsulek\/\",\"name\":\"Cordyceps Mushroom Capsules - Dla poprawy wytrzyma\u0142o\u015bci i \u0142agodzenia niepokoju i stresu (60 kapsu\u0142ek) - JeaKen\",\"isPartOf\":{\"@id\":\"https:\/\/jeaken.com\/pl\/#website\"},\"primaryImageOfPage\":{\"@id\":\"https:\/\/jeaken.com\/pl\/produkt\/cordyceps-mushroom-capsules-dla-poprawy-wytrzymalosci-i-lagodzenia-niepokoju-i-stresu-60-kapsulek\/#primaryimage\"},\"image\":{\"@id\":\"https:\/\/jeaken.com\/pl\/produkt\/cordyceps-mushroom-capsules-dla-poprawy-wytrzymalosci-i-lagodzenia-niepokoju-i-stresu-60-kapsulek\/#primaryimage\"},\"thumbnailUrl\":\"https:\/\/jeaken.com\/wp-content\/uploads\/2022\/07\/Cordyceps-1.jpg\",\"datePublished\":\"2022-07-21T18:18:16+00:00\",\"dateModified\":\"2022-09-18T19:35:09+00:00\",\"breadcrumb\":{\"@id\":\"https:\/\/jeaken.com\/pl\/produkt\/cordyceps-mushroom-capsules-dla-poprawy-wytrzymalosci-i-lagodzenia-niepokoju-i-stresu-60-kapsulek\/#breadcrumb\"},\"inLanguage\":\"pl-PL\",\"potentialAction\":[{\"@type\":\"ReadAction\",\"target\":[\"https:\/\/jeaken.com\/pl\/produkt\/cordyceps-mushroom-capsules-dla-poprawy-wytrzymalosci-i-lagodzenia-niepokoju-i-stresu-60-kapsulek\/\"]}]},{\"@type\":\"ImageObject\",\"inLanguage\":\"pl-PL\",\"@id\":\"https:\/\/jeaken.com\/pl\/produkt\/cordyceps-mushroom-capsules-dla-poprawy-wytrzymalosci-i-lagodzenia-niepokoju-i-stresu-60-kapsulek\/#primaryimage\",\"url\":\"https:\/\/jeaken.com\/wp-content\/uploads\/2022\/07\/Cordyceps-1.jpg\",\"contentUrl\":\"https:\/\/jeaken.com\/wp-content\/uploads\/2022\/07\/Cordyceps-1.jpg\",\"width\":512,\"height\":600,\"caption\":\"Cordyceps Mushroom Capsules\"},{\"@type\":\"BreadcrumbList\",\"@id\":\"https:\/\/jeaken.com\/pl\/produkt\/cordyceps-mushroom-capsules-dla-poprawy-wytrzymalosci-i-lagodzenia-niepokoju-i-stresu-60-kapsulek\/#breadcrumb\",\"itemListElement\":[{\"@type\":\"ListItem\",\"position\":1,\"name\":\"Home\",\"item\":\"https:\/\/jeaken.com\/pl\/\"},{\"@type\":\"ListItem\",\"position\":2,\"name\":\"Private: Shop\",\"item\":\"https:\/\/jeaken.com\/shop\/\"},{\"@type\":\"ListItem\",\"position\":3,\"name\":\"Cordyceps Mushroom Capsules &#8211; Dla poprawy wytrzyma\u0142o\u015bci i \u0142agodzenia niepokoju i stresu (60 kapsu\u0142ek)\"}]},{\"@type\":\"WebSite\",\"@id\":\"https:\/\/jeaken.com\/pl\/#website\",\"url\":\"https:\/\/jeaken.com\/pl\/\",\"name\":\"JeaKen\",\"description\":\"Organic Supplements for Health, Fitness and Nutrition\",\"publisher\":{\"@id\":\"https:\/\/jeaken.com\/pl\/#organization\"},\"potentialAction\":[{\"@type\":\"SearchAction\",\"target\":{\"@type\":\"EntryPoint\",\"urlTemplate\":\"https:\/\/jeaken.com\/pl\/?s={search_term_string}\"},\"query-input\":\"required name=search_term_string\"}],\"inLanguage\":\"pl-PL\"},{\"@type\":\"Organization\",\"@id\":\"https:\/\/jeaken.com\/pl\/#organization\",\"name\":\"JeaKen\",\"url\":\"https:\/\/jeaken.com\/pl\/\",\"logo\":{\"@type\":\"ImageObject\",\"inLanguage\":\"pl-PL\",\"@id\":\"https:\/\/jeaken.com\/pl\/#\/schema\/logo\/image\/\",\"url\":\"https:\/\/jeaken.com\/wp-content\/uploads\/2022\/06\/jeaken-logo-23.png\",\"contentUrl\":\"https:\/\/jeaken.com\/wp-content\/uploads\/2022\/06\/jeaken-logo-23.png\",\"width\":2486,\"height\":736,\"caption\":\"JeaKen\"},\"image\":{\"@id\":\"https:\/\/jeaken.com\/pl\/#\/schema\/logo\/image\/\"}}]}<\/script>\n<!-- \/ Yoast SEO plugin. -->","yoast_head_json":{"title":"Cordyceps Mushroom Capsules - Dla poprawy wytrzyma\u0142o\u015bci i \u0142agodzenia niepokoju i stresu (60 kapsu\u0142ek) - JeaKen","robots":{"index":"index","follow":"follow","max-snippet":"max-snippet:-1","max-image-preview":"max-image-preview:large","max-video-preview":"max-video-preview:-1"},"canonical":"https:\/\/jeaken.com\/pl\/produkt\/cordyceps-mushroom-capsules-dla-poprawy-wytrzymalosci-i-lagodzenia-niepokoju-i-stresu-60-kapsulek\/","og_locale":"pl_PL","og_type":"article","og_title":"Cordyceps Mushroom Capsules - Dla poprawy wytrzyma\u0142o\u015bci i \u0142agodzenia niepokoju i stresu (60 kapsu\u0142ek) - JeaKen","og_description":"Naturalny i skuteczny spos\u00f3b na wzmocnienie odporno\u015bci, zwi\u0119kszenie energii i redukcj\u0119 stresu. &nbsp;","og_url":"https:\/\/jeaken.com\/pl\/produkt\/cordyceps-mushroom-capsules-dla-poprawy-wytrzymalosci-i-lagodzenia-niepokoju-i-stresu-60-kapsulek\/","og_site_name":"JeaKen","article_modified_time":"2022-09-18T19:35:09+00:00","og_image":[{"width":512,"height":600,"url":"https:\/\/jeaken.com\/wp-content\/uploads\/2022\/07\/Cordyceps-1.jpg","type":"image\/jpeg"}],"twitter_card":"summary_large_image","twitter_misc":{"Est. reading time":"1 minute"},"schema":{"@context":"https:\/\/schema.org","@graph":[{"@type":"WebPage","@id":"https:\/\/jeaken.com\/pl\/produkt\/cordyceps-mushroom-capsules-dla-poprawy-wytrzymalosci-i-lagodzenia-niepokoju-i-stresu-60-kapsulek\/","url":"https:\/\/jeaken.com\/pl\/produkt\/cordyceps-mushroom-capsules-dla-poprawy-wytrzymalosci-i-lagodzenia-niepokoju-i-stresu-60-kapsulek\/","name":"Cordyceps Mushroom Capsules - Dla poprawy wytrzyma\u0142o\u015bci i \u0142agodzenia niepokoju i stresu (60 kapsu\u0142ek) - JeaKen","isPartOf":{"@id":"https:\/\/jeaken.com\/pl\/#website"},"primaryImageOfPage":{"@id":"https:\/\/jeaken.com\/pl\/produkt\/cordyceps-mushroom-capsules-dla-poprawy-wytrzymalosci-i-lagodzenia-niepokoju-i-stresu-60-kapsulek\/#primaryimage"},"image":{"@id":"https:\/\/jeaken.com\/pl\/produkt\/cordyceps-mushroom-capsules-dla-poprawy-wytrzymalosci-i-lagodzenia-niepokoju-i-stresu-60-kapsulek\/#primaryimage"},"thumbnailUrl":"https:\/\/jeaken.com\/wp-content\/uploads\/2022\/07\/Cordyceps-1.jpg","datePublished":"2022-07-21T18:18:16+00:00","dateModified":"2022-09-18T19:35:09+00:00","breadcrumb":{"@id":"https:\/\/jeaken.com\/pl\/produkt\/cordyceps-mushroom-capsules-dla-poprawy-wytrzymalosci-i-lagodzenia-niepokoju-i-stresu-60-kapsulek\/#breadcrumb"},"inLanguage":"pl-PL","potentialAction":[{"@type":"ReadAction","target":["https:\/\/jeaken.com\/pl\/produkt\/cordyceps-mushroom-capsules-dla-poprawy-wytrzymalosci-i-lagodzenia-niepokoju-i-stresu-60-kapsulek\/"]}]},{"@type":"ImageObject","inLanguage":"pl-PL","@id":"https:\/\/jeaken.com\/pl\/produkt\/cordyceps-mushroom-capsules-dla-poprawy-wytrzymalosci-i-lagodzenia-niepokoju-i-stresu-60-kapsulek\/#primaryimage","url":"https:\/\/jeaken.com\/wp-content\/uploads\/2022\/07\/Cordyceps-1.jpg","contentUrl":"https:\/\/jeaken.com\/wp-content\/uploads\/2022\/07\/Cordyceps-1.jpg","width":512,"height":600,"caption":"Cordyceps Mushroom Capsules"},{"@type":"BreadcrumbList","@id":"https:\/\/jeaken.com\/pl\/produkt\/cordyceps-mushroom-capsules-dla-poprawy-wytrzymalosci-i-lagodzenia-niepokoju-i-stresu-60-kapsulek\/#breadcrumb","itemListElement":[{"@type":"ListItem","position":1,"name":"Home","item":"https:\/\/jeaken.com\/pl\/"},{"@type":"ListItem","position":2,"name":"Private: Shop","item":"https:\/\/jeaken.com\/shop\/"},{"@type":"ListItem","position":3,"name":"Cordyceps Mushroom Capsules &#8211; Dla poprawy wytrzyma\u0142o\u015bci i \u0142agodzenia niepokoju i stresu (60 kapsu\u0142ek)"}]},{"@type":"WebSite","@id":"https:\/\/jeaken.com\/pl\/#website","url":"https:\/\/jeaken.com\/pl\/","name":"JeaKen","description":"Organic Supplements for Health, Fitness and Nutrition","publisher":{"@id":"https:\/\/jeaken.com\/pl\/#organization"},"potentialAction":[{"@type":"SearchAction","target":{"@type":"EntryPoint","urlTemplate":"https:\/\/jeaken.com\/pl\/?s={search_term_string}"},"query-input":"required name=search_term_string"}],"inLanguage":"pl-PL"},{"@type":"Organization","@id":"https:\/\/jeaken.com\/pl\/#organization","name":"JeaKen","url":"https:\/\/jeaken.com\/pl\/","logo":{"@type":"ImageObject","inLanguage":"pl-PL","@id":"https:\/\/jeaken.com\/pl\/#\/schema\/logo\/image\/","url":"https:\/\/jeaken.com\/wp-content\/uploads\/2022\/06\/jeaken-logo-23.png","contentUrl":"https:\/\/jeaken.com\/wp-content\/uploads\/2022\/06\/jeaken-logo-23.png","width":2486,"height":736,"caption":"JeaKen"},"image":{"@id":"https:\/\/jeaken.com\/pl\/#\/schema\/logo\/image\/"}}]}},"jetpack_sharing_enabled":true,"_links":{"self":[{"href":"https:\/\/jeaken.com\/pl\/wp-json\/wp\/v2\/product\/8886","targetHints":{"allow":["GET"]}}],"collection":[{"href":"https:\/\/jeaken.com\/pl\/wp-json\/wp\/v2\/product"}],"about":[{"href":"https:\/\/jeaken.com\/pl\/wp-json\/wp\/v2\/types\/product"}],"wp:featuredmedia":[{"embeddable":true,"href":"https:\/\/jeaken.com\/pl\/wp-json\/wp\/v2\/media\/15552"}],"wp:attachment":[{"href":"https:\/\/jeaken.com\/pl\/wp-json\/wp\/v2\/media?parent=8886"}],"wp:term":[{"taxonomy":"product_cat","embeddable":true,"href":"https:\/\/jeaken.com\/pl\/wp-json\/wp\/v2\/product_cat?post=8886"},{"taxonomy":"product_tag","embeddable":true,"href":"https:\/\/jeaken.com\/pl\/wp-json\/wp\/v2\/product_tag?post=8886"}],"curies":[{"name":"wp","href":"https:\/\/api.w.org\/{rel}","templated":true}]}}