{"id":8797,"date":"2022-07-21T19:18:16","date_gmt":"2022-07-21T18:18:16","guid":{"rendered":"https:\/product\/nootropics-cognitive-enchancer-premium-concentration-and-memory-enhancers-60-kapsulek\/"},"modified":"2022-09-08T15:51:06","modified_gmt":"2022-09-08T14:51:06","slug":"nootropics-cognitive-enchancer-premium-concentration-and-memory-enhancers-60-kapsulek","status":"publish","type":"product","link":"https:\/\/jeaken.com\/pl\/produkt\/nootropics-cognitive-enchancer-premium-concentration-and-memory-enhancers-60-kapsulek\/","title":{"rendered":"Nootropics Cognitive Enchancer &#8211; Premium Concentration and Memory Enhancers (60 kapsu\u0142ek)"},"content":{"rendered":"<p><strong><span class=\"a-list-item\">ZWI\u0118KSZAJ\u0104 PAMI\u0118\u0106, KONCENTRACJ\u0118 I CZUJNO\u015a\u0106  <\/span><\/strong><\/p>\n<p><span class=\"a-list-item\">Nasze kapsu\u0142ki nootropics brain boost s\u0105 wykonane z naturalnych sk\u0142adnik\u00f3w, kt\u00f3re pomagaj\u0105 zwi\u0119kszy\u0107 koncentracj\u0119 i czujno\u015b\u0107, zwi\u0119kszy\u0107 energi\u0119 umys\u0142ow\u0105 i poprawi\u0107 pami\u0119\u0107.<\/span><\/p>\n<p><strong><span class=\"a-list-item\">ZMNIEJSZA ZM\u0118CZENIE I POPRAWIA KONCENTRACJ\u0118  <\/span><\/strong><\/p>\n<p><span class=\"a-list-item\">Guarana, ro\u015blina pochodz\u0105ca z Amazonii, naturalnie zawiera kofein\u0119 i wykazuje skuteczno\u015b\u0107 w zmniejszaniu zm\u0119czenia i zwi\u0119kszaniu koncentracji umys\u0142owej. Pot\u0119\u017cne po\u0142\u0105czenie kofeiny i Teaniny jest niezwykle skuteczne w poprawie wydajno\u015bci poznawczej.<\/span><\/p>\n<p><strong><span class=\"a-list-item\">NATURALNE SK\u0141ADNIKI  <\/span><\/strong><\/p>\n<p><span class=\"a-list-item\">Nasz suplement na pami\u0119\u0107 jest wykonany z ca\u0142kowicie naturalnych witamin, minera\u0142\u00f3w i ekstrakt\u00f3w zio\u0142owych, bez u\u017cycia szkodliwych dodatk\u00f3w. Nasze suplementy s\u0105 niemodyfikowane genetycznie oraz wolne od hormon\u00f3w i glutenu.<\/span><\/p>\n<p><strong><span class=\"a-list-item\">POPARTE PRZEZ NAUK\u0118  <\/span><\/strong><\/p>\n<p><span class=\"a-list-item\">Du\u017c\u0105 uwag\u0119 po\u015bwi\u0119cono po\u0142\u0105czeniu odpowiedniej ilo\u015bci ka\u017cdego sk\u0142adnika w zaawansowan\u0105 formu\u0142\u0119. To zosta\u0142o starannie wykonane, aby pom\u00f3c wspiera\u0107 tlen i kr\u0105\u017cenie w kom\u00f3rkach m\u00f3zgowych, a neurony zaprojektowane, aby wspiera\u0107 pami\u0119\u0107, ostro\u015b\u0107 i jasno\u015b\u0107.<\/span><\/p>\n<p class=\"a-spacing-mini\"><strong>POPRAWIA NASTR\u00d3J<\/strong><\/p>\n<p class=\"a-size-small\">Nasze najwy\u017cszej jako\u015bci sk\u0142adniki wspieraj\u0105 zdrowy poziom serotoniny i dopaminy, kt\u00f3re pomagaj\u0105 utrzyma\u0107 pozytywny nastr\u00f3j.<\/p>\n<p class=\"a-size-small\">\n","protected":false},"excerpt":{"rendered":"<h4>Silny suplement na zwi\u0119kszenie koncentracji, popraw\u0119 pami\u0119ci i popraw\u0119 nastroju.<\/h4>\n<p>&nbsp;<\/p>\n<p>&nbsp;<\/p>\n","protected":false},"featured_media":3789,"template":"","meta":{"site-sidebar-layout":"default","site-content-layout":"default","ast-site-content-layout":"default","site-content-style":"default","site-sidebar-style":"default","ast-global-header-display":"","ast-banner-title-visibility":"","ast-main-header-display":"","ast-hfb-above-header-display":"","ast-hfb-below-header-display":"","ast-hfb-mobile-header-display":"","site-post-title":"","ast-breadcrumbs-content":"","ast-featured-img":"","footer-sml-layout":"","theme-transparent-header-meta":"default","adv-header-id-meta":"","stick-header-meta":"default","header-above-stick-meta":"","header-main-stick-meta":"","header-below-stick-meta":"","astra-migrate-meta-layouts":"default","ast-page-background-enabled":"default","ast-page-background-meta":{"desktop":{"background-color":"","background-image":"","background-repeat":"repeat","background-position":"center center","background-size":"auto","background-attachment":"scroll","background-type":"","background-media":"","overlay-type":"","overlay-color":"","overlay-opacity":"","overlay-gradient":""},"tablet":{"background-color":"","background-image":"","background-repeat":"repeat","background-position":"center center","background-size":"auto","background-attachment":"scroll","background-type":"","background-media":"","overlay-type":"","overlay-color":"","overlay-opacity":"","overlay-gradient":""},"mobile":{"background-color":"","background-image":"","background-repeat":"repeat","background-position":"center center","background-size":"auto","background-attachment":"scroll","background-type":"","background-media":"","overlay-type":"","overlay-color":"","overlay-opacity":"","overlay-gradient":""}},"ast-content-background-meta":{"desktop":{"background-color":"var(--ast-global-color-5)","background-image":"","background-repeat":"repeat","background-position":"center center","background-size":"auto","background-attachment":"scroll","background-type":"","background-media":"","overlay-type":"","overlay-color":"","overlay-opacity":"","overlay-gradient":""},"tablet":{"background-color":"var(--ast-global-color-5)","background-image":"","background-repeat":"repeat","background-position":"center center","background-size":"auto","background-attachment":"scroll","background-type":"","background-media":"","overlay-type":"","overlay-color":"","overlay-opacity":"","overlay-gradient":""},"mobile":{"background-color":"var(--ast-global-color-5)","background-image":"","background-repeat":"repeat","background-position":"center center","background-size":"auto","background-attachment":"scroll","background-type":"","background-media":"","overlay-type":"","overlay-color":"","overlay-opacity":"","overlay-gradient":""}}},"product_cat":[567,549],"product_tag":[1763,1767,1765,1447,1746,1761,1748,1755,1769,1750,1754,1757,1759,1752],"class_list":{"0":"post-8797","1":"product","2":"type-product","3":"status-publish","4":"has-post-thumbnail","6":"product_cat-wzmacniacze-mozgu","7":"product_cat-zdrowie-serca-i-mozgu","8":"product_tag-neurojednostka","9":"product_tag-nootropics-cognitive-enhancer-pl","10":"product_tag-nootropiki-pobudzenie-mozgu","11":"product_tag-pigulki-kofeinowe","12":"product_tag-pobudzenie-mozgu","13":"product_tag-suplement-pamieci","14":"product_tag-suplementy-dla-mozgu","15":"product_tag-suplementy-dopaminy","16":"product_tag-suplementy-nootropowe","17":"product_tag-tabletki-dla-mozgu","18":"product_tag-tabletki-na-koncentracje","19":"product_tag-tabletki-na-koncentracje-pl","20":"product_tag-tabletki-na-pamiec","21":"product_tag-witamina-dla-mozgu","22":"has-subscription-plans","23":"desktop-align-left","24":"tablet-align-left","25":"mobile-align-left","27":"first","28":"outofstock","29":"taxable","30":"shipping-taxable","31":"purchasable","32":"product-type-simple"},"yoast_head":"<!-- This site is optimized with the Yoast SEO plugin v22.7 - https:\/\/yoast.com\/wordpress\/plugins\/seo\/ -->\n<title>Nootropics Cognitive Enchancer - Premium Concentration and Memory Enhancers (60 kapsu\u0142ek) - JeaKen<\/title>\n<meta name=\"robots\" content=\"index, follow, max-snippet:-1, max-image-preview:large, max-video-preview:-1\" \/>\n<link rel=\"canonical\" href=\"https:\/\/jeaken.com\/pl\/produkt\/nootropics-cognitive-enchancer-premium-concentration-and-memory-enhancers-60-kapsulek\/\" \/>\n<meta property=\"og:locale\" content=\"pl_PL\" \/>\n<meta property=\"og:type\" content=\"article\" \/>\n<meta property=\"og:title\" content=\"Nootropics Cognitive Enchancer - Premium Concentration and Memory Enhancers (60 kapsu\u0142ek) - JeaKen\" \/>\n<meta property=\"og:description\" content=\"Silny suplement na zwi\u0119kszenie koncentracji, popraw\u0119 pami\u0119ci i popraw\u0119 nastroju. &nbsp; &nbsp;\" \/>\n<meta property=\"og:url\" content=\"https:\/\/jeaken.com\/pl\/produkt\/nootropics-cognitive-enchancer-premium-concentration-and-memory-enhancers-60-kapsulek\/\" \/>\n<meta property=\"og:site_name\" content=\"JeaKen\" \/>\n<meta property=\"article:modified_time\" content=\"2022-09-08T14:51:06+00:00\" \/>\n<meta property=\"og:image\" content=\"https:\/\/jeaken.com\/wp-content\/uploads\/2022\/07\/71C1wDkeqPL._AC_SL1500_.jpg\" \/>\n\t<meta property=\"og:image:width\" content=\"600\" \/>\n\t<meta property=\"og:image:height\" content=\"600\" \/>\n\t<meta property=\"og:image:type\" content=\"image\/jpeg\" \/>\n<meta name=\"twitter:card\" content=\"summary_large_image\" \/>\n<meta name=\"twitter:label1\" content=\"Est. reading time\" \/>\n\t<meta name=\"twitter:data1\" content=\"1 minute\" \/>\n<script type=\"application\/ld+json\" class=\"yoast-schema-graph\">{\"@context\":\"https:\/\/schema.org\",\"@graph\":[{\"@type\":\"WebPage\",\"@id\":\"https:\/\/jeaken.com\/pl\/produkt\/nootropics-cognitive-enchancer-premium-concentration-and-memory-enhancers-60-kapsulek\/\",\"url\":\"https:\/\/jeaken.com\/pl\/produkt\/nootropics-cognitive-enchancer-premium-concentration-and-memory-enhancers-60-kapsulek\/\",\"name\":\"Nootropics Cognitive Enchancer - Premium Concentration and Memory Enhancers (60 kapsu\u0142ek) - JeaKen\",\"isPartOf\":{\"@id\":\"https:\/\/jeaken.com\/pl\/#website\"},\"primaryImageOfPage\":{\"@id\":\"https:\/\/jeaken.com\/pl\/produkt\/nootropics-cognitive-enchancer-premium-concentration-and-memory-enhancers-60-kapsulek\/#primaryimage\"},\"image\":{\"@id\":\"https:\/\/jeaken.com\/pl\/produkt\/nootropics-cognitive-enchancer-premium-concentration-and-memory-enhancers-60-kapsulek\/#primaryimage\"},\"thumbnailUrl\":\"https:\/\/jeaken.com\/wp-content\/uploads\/2022\/07\/71C1wDkeqPL._AC_SL1500_.jpg\",\"datePublished\":\"2022-07-21T18:18:16+00:00\",\"dateModified\":\"2022-09-08T14:51:06+00:00\",\"breadcrumb\":{\"@id\":\"https:\/\/jeaken.com\/pl\/produkt\/nootropics-cognitive-enchancer-premium-concentration-and-memory-enhancers-60-kapsulek\/#breadcrumb\"},\"inLanguage\":\"pl-PL\",\"potentialAction\":[{\"@type\":\"ReadAction\",\"target\":[\"https:\/\/jeaken.com\/pl\/produkt\/nootropics-cognitive-enchancer-premium-concentration-and-memory-enhancers-60-kapsulek\/\"]}]},{\"@type\":\"ImageObject\",\"inLanguage\":\"pl-PL\",\"@id\":\"https:\/\/jeaken.com\/pl\/produkt\/nootropics-cognitive-enchancer-premium-concentration-and-memory-enhancers-60-kapsulek\/#primaryimage\",\"url\":\"https:\/\/jeaken.com\/wp-content\/uploads\/2022\/07\/71C1wDkeqPL._AC_SL1500_.jpg\",\"contentUrl\":\"https:\/\/jeaken.com\/wp-content\/uploads\/2022\/07\/71C1wDkeqPL._AC_SL1500_.jpg\",\"width\":600,\"height\":600,\"caption\":\"Nootropics Cognitive Enchancer - Premium Concentration and Memory Enhancers\"},{\"@type\":\"BreadcrumbList\",\"@id\":\"https:\/\/jeaken.com\/pl\/produkt\/nootropics-cognitive-enchancer-premium-concentration-and-memory-enhancers-60-kapsulek\/#breadcrumb\",\"itemListElement\":[{\"@type\":\"ListItem\",\"position\":1,\"name\":\"Home\",\"item\":\"https:\/\/jeaken.com\/pl\/\"},{\"@type\":\"ListItem\",\"position\":2,\"name\":\"Private: Shop\",\"item\":\"https:\/\/jeaken.com\/shop\/\"},{\"@type\":\"ListItem\",\"position\":3,\"name\":\"Nootropics Cognitive Enchancer &#8211; Premium Concentration and Memory Enhancers (60 kapsu\u0142ek)\"}]},{\"@type\":\"WebSite\",\"@id\":\"https:\/\/jeaken.com\/pl\/#website\",\"url\":\"https:\/\/jeaken.com\/pl\/\",\"name\":\"JeaKen\",\"description\":\"Organic Supplements for Health, Fitness and Nutrition\",\"publisher\":{\"@id\":\"https:\/\/jeaken.com\/pl\/#organization\"},\"potentialAction\":[{\"@type\":\"SearchAction\",\"target\":{\"@type\":\"EntryPoint\",\"urlTemplate\":\"https:\/\/jeaken.com\/pl\/?s={search_term_string}\"},\"query-input\":\"required name=search_term_string\"}],\"inLanguage\":\"pl-PL\"},{\"@type\":\"Organization\",\"@id\":\"https:\/\/jeaken.com\/pl\/#organization\",\"name\":\"JeaKen\",\"url\":\"https:\/\/jeaken.com\/pl\/\",\"logo\":{\"@type\":\"ImageObject\",\"inLanguage\":\"pl-PL\",\"@id\":\"https:\/\/jeaken.com\/pl\/#\/schema\/logo\/image\/\",\"url\":\"https:\/\/jeaken.com\/wp-content\/uploads\/2022\/06\/jeaken-logo-23.png\",\"contentUrl\":\"https:\/\/jeaken.com\/wp-content\/uploads\/2022\/06\/jeaken-logo-23.png\",\"width\":2486,\"height\":736,\"caption\":\"JeaKen\"},\"image\":{\"@id\":\"https:\/\/jeaken.com\/pl\/#\/schema\/logo\/image\/\"}}]}<\/script>\n<!-- \/ Yoast SEO plugin. -->","yoast_head_json":{"title":"Nootropics Cognitive Enchancer - Premium Concentration and Memory Enhancers (60 kapsu\u0142ek) - JeaKen","robots":{"index":"index","follow":"follow","max-snippet":"max-snippet:-1","max-image-preview":"max-image-preview:large","max-video-preview":"max-video-preview:-1"},"canonical":"https:\/\/jeaken.com\/pl\/produkt\/nootropics-cognitive-enchancer-premium-concentration-and-memory-enhancers-60-kapsulek\/","og_locale":"pl_PL","og_type":"article","og_title":"Nootropics Cognitive Enchancer - Premium Concentration and Memory Enhancers (60 kapsu\u0142ek) - JeaKen","og_description":"Silny suplement na zwi\u0119kszenie koncentracji, popraw\u0119 pami\u0119ci i popraw\u0119 nastroju. &nbsp; &nbsp;","og_url":"https:\/\/jeaken.com\/pl\/produkt\/nootropics-cognitive-enchancer-premium-concentration-and-memory-enhancers-60-kapsulek\/","og_site_name":"JeaKen","article_modified_time":"2022-09-08T14:51:06+00:00","og_image":[{"width":600,"height":600,"url":"https:\/\/jeaken.com\/wp-content\/uploads\/2022\/07\/71C1wDkeqPL._AC_SL1500_.jpg","type":"image\/jpeg"}],"twitter_card":"summary_large_image","twitter_misc":{"Est. reading time":"1 minute"},"schema":{"@context":"https:\/\/schema.org","@graph":[{"@type":"WebPage","@id":"https:\/\/jeaken.com\/pl\/produkt\/nootropics-cognitive-enchancer-premium-concentration-and-memory-enhancers-60-kapsulek\/","url":"https:\/\/jeaken.com\/pl\/produkt\/nootropics-cognitive-enchancer-premium-concentration-and-memory-enhancers-60-kapsulek\/","name":"Nootropics Cognitive Enchancer - Premium Concentration and Memory Enhancers (60 kapsu\u0142ek) - JeaKen","isPartOf":{"@id":"https:\/\/jeaken.com\/pl\/#website"},"primaryImageOfPage":{"@id":"https:\/\/jeaken.com\/pl\/produkt\/nootropics-cognitive-enchancer-premium-concentration-and-memory-enhancers-60-kapsulek\/#primaryimage"},"image":{"@id":"https:\/\/jeaken.com\/pl\/produkt\/nootropics-cognitive-enchancer-premium-concentration-and-memory-enhancers-60-kapsulek\/#primaryimage"},"thumbnailUrl":"https:\/\/jeaken.com\/wp-content\/uploads\/2022\/07\/71C1wDkeqPL._AC_SL1500_.jpg","datePublished":"2022-07-21T18:18:16+00:00","dateModified":"2022-09-08T14:51:06+00:00","breadcrumb":{"@id":"https:\/\/jeaken.com\/pl\/produkt\/nootropics-cognitive-enchancer-premium-concentration-and-memory-enhancers-60-kapsulek\/#breadcrumb"},"inLanguage":"pl-PL","potentialAction":[{"@type":"ReadAction","target":["https:\/\/jeaken.com\/pl\/produkt\/nootropics-cognitive-enchancer-premium-concentration-and-memory-enhancers-60-kapsulek\/"]}]},{"@type":"ImageObject","inLanguage":"pl-PL","@id":"https:\/\/jeaken.com\/pl\/produkt\/nootropics-cognitive-enchancer-premium-concentration-and-memory-enhancers-60-kapsulek\/#primaryimage","url":"https:\/\/jeaken.com\/wp-content\/uploads\/2022\/07\/71C1wDkeqPL._AC_SL1500_.jpg","contentUrl":"https:\/\/jeaken.com\/wp-content\/uploads\/2022\/07\/71C1wDkeqPL._AC_SL1500_.jpg","width":600,"height":600,"caption":"Nootropics Cognitive Enchancer - Premium Concentration and Memory Enhancers"},{"@type":"BreadcrumbList","@id":"https:\/\/jeaken.com\/pl\/produkt\/nootropics-cognitive-enchancer-premium-concentration-and-memory-enhancers-60-kapsulek\/#breadcrumb","itemListElement":[{"@type":"ListItem","position":1,"name":"Home","item":"https:\/\/jeaken.com\/pl\/"},{"@type":"ListItem","position":2,"name":"Private: Shop","item":"https:\/\/jeaken.com\/shop\/"},{"@type":"ListItem","position":3,"name":"Nootropics Cognitive Enchancer &#8211; Premium Concentration and Memory Enhancers (60 kapsu\u0142ek)"}]},{"@type":"WebSite","@id":"https:\/\/jeaken.com\/pl\/#website","url":"https:\/\/jeaken.com\/pl\/","name":"JeaKen","description":"Organic Supplements for Health, Fitness and Nutrition","publisher":{"@id":"https:\/\/jeaken.com\/pl\/#organization"},"potentialAction":[{"@type":"SearchAction","target":{"@type":"EntryPoint","urlTemplate":"https:\/\/jeaken.com\/pl\/?s={search_term_string}"},"query-input":"required name=search_term_string"}],"inLanguage":"pl-PL"},{"@type":"Organization","@id":"https:\/\/jeaken.com\/pl\/#organization","name":"JeaKen","url":"https:\/\/jeaken.com\/pl\/","logo":{"@type":"ImageObject","inLanguage":"pl-PL","@id":"https:\/\/jeaken.com\/pl\/#\/schema\/logo\/image\/","url":"https:\/\/jeaken.com\/wp-content\/uploads\/2022\/06\/jeaken-logo-23.png","contentUrl":"https:\/\/jeaken.com\/wp-content\/uploads\/2022\/06\/jeaken-logo-23.png","width":2486,"height":736,"caption":"JeaKen"},"image":{"@id":"https:\/\/jeaken.com\/pl\/#\/schema\/logo\/image\/"}}]}},"jetpack_sharing_enabled":true,"_links":{"self":[{"href":"https:\/\/jeaken.com\/pl\/wp-json\/wp\/v2\/product\/8797","targetHints":{"allow":["GET"]}}],"collection":[{"href":"https:\/\/jeaken.com\/pl\/wp-json\/wp\/v2\/product"}],"about":[{"href":"https:\/\/jeaken.com\/pl\/wp-json\/wp\/v2\/types\/product"}],"wp:featuredmedia":[{"embeddable":true,"href":"https:\/\/jeaken.com\/pl\/wp-json\/wp\/v2\/media\/3789"}],"wp:attachment":[{"href":"https:\/\/jeaken.com\/pl\/wp-json\/wp\/v2\/media?parent=8797"}],"wp:term":[{"taxonomy":"product_cat","embeddable":true,"href":"https:\/\/jeaken.com\/pl\/wp-json\/wp\/v2\/product_cat?post=8797"},{"taxonomy":"product_tag","embeddable":true,"href":"https:\/\/jeaken.com\/pl\/wp-json\/wp\/v2\/product_tag?post=8797"}],"curies":[{"name":"wp","href":"https:\/\/api.w.org\/{rel}","templated":true}]}}