{"id":8790,"date":"2022-07-21T19:18:16","date_gmt":"2022-07-21T18:18:16","guid":{"rendered":"https:\/product\/probiotyki-z-prebiotykami-90-kapsulek\/"},"modified":"2022-09-08T13:30:28","modified_gmt":"2022-09-08T12:30:28","slug":"probiotyki-z-prebiotykami-90-kapsulek","status":"publish","type":"product","link":"https:\/\/jeaken.com\/pl\/produkt\/probiotyki-z-prebiotykami-90-kapsulek\/","title":{"rendered":"<strong>Probiotyki z Prebiotykami &#8211; (90 kapsu\u0142ek)<strong>"},"content":{"rendered":"<p><strong>ULGA W WZD\u0118CIACH  <\/strong><\/p>\n<p>Nasze kapsu\u0142ki pochodz\u0105 z rodziny probiotyk\u00f3w Lactobacillus, kt\u00f3re s\u0105 najskuteczniejszymi probiotykami pomagaj\u0105cymi w utrzymaniu zdrowego uk\u0142adu pokarmowego.<span class=\"a-list-item a-size-base\">  Nasze starannie wyselekcjonowane szczepy bakterii nale\u017c\u0105 do najlepszych znanych z tego, \u017ce pomagaj\u0105 z\u0142agodzi\u0107 uczucie wzd\u0119cia i pe\u0142no\u015bci.  <\/span><\/p>\n<p><span class=\"a-list-item a-size-base\"><strong>6 AKTYWNYCH SZCZEP\u00d3W Z 10 MILIARDAMI CFU NA PORCJ\u0118<\/strong> <\/span><\/p>\n<p><span class=\"a-list-item a-size-base\">Nasze kompleksowe probiotyki oferuj\u0105 6 najbardziej skutecznych szczep\u00f3w: lactobacillus acidophillus, lactobacillus rhamnosus, lactobacillus gasseri, bifidobacterium lactis, bifidobacterium bifidus oraz saccharomyces boullardii.<\/span><\/p>\n<p><strong>  PRZETRWA DZI\u0118KI KWASOWO\u015aCI \u017bO\u0141\u0104DKA  <\/strong><\/p>\n<p>Saccharomyces boulardii jest <span class=\"a-list-item a-size-base\">dobrze zbadanym,<\/span> uznanym na ca\u0142ym \u015bwiecie probiotykiem, udowodnionym, \u017ce potrafi przetrwa\u0107 przez kwasowo\u015b\u0107 \u017co\u0142\u0105dka, by dotrze\u0107 do jelit \u017cywy.<\/p>\n<p><b>WIELE KORZY\u015aCI DLA ZDROWIA<\/b><\/p>\n<p>Nasza innowacyjna formu\u0142a zosta\u0142a wzbogacona o inulin\u0119, b\u0142onnik prebiotyczny o silnych w\u0142a\u015bciwo\u015bciach zdrowotnych, w tym o zwi\u0119kszonej odporno\u015bci, wzmocnionym dzia\u0142aniu r<span class=\"a-list-item\"><br \/>\n  <span class=\"a-size-base\">regularno\u015b\u0107, lepsze wch\u0142anianie n<\/span><br \/>\n<\/span><span class=\"a-list-item\"><br \/>\n  <span class=\"a-size-base\">wch\u0142anianie sk\u0142adnik\u00f3w od\u017cywczych, utrata wagi, poprawa zdrowia dr\u00f3g moczowych, poprawa poziomu cholesterolu i lepszy metabolizm.<\/span><br \/>\n<\/span><\/p>\n<p><strong>WYKONANE Z NATURALNYCH SK\u0141ADNIK\u00d3W<\/strong><\/p>\n<p>Nasze przyjazne dla wegan kapsu\u0142ki s\u0105 w 100% czyste i naturalne ze sk\u0142adnik\u00f3w niemodyfikowanych genetycznie<\/p>\n","protected":false},"excerpt":{"rendered":"<p><b>Sze\u015b\u0107 aktywnych szczep\u00f3w <span class=\"a-list-item a-size-base\"><br \/>\n  <strong>10 miliard\u00f3w CFU na porcj\u0119 dla <\/strong><br \/>\n<\/span>ulga przy wzd\u0119ciach, zdrowie jelit i wiele korzy\u015bci zdrowotnych.  <\/b><\/p>\n","protected":false},"featured_media":15793,"template":"","meta":{"site-sidebar-layout":"default","site-content-layout":"default","ast-site-content-layout":"default","site-content-style":"default","site-sidebar-style":"default","ast-global-header-display":"","ast-banner-title-visibility":"","ast-main-header-display":"","ast-hfb-above-header-display":"","ast-hfb-below-header-display":"","ast-hfb-mobile-header-display":"","site-post-title":"","ast-breadcrumbs-content":"","ast-featured-img":"","footer-sml-layout":"","theme-transparent-header-meta":"default","adv-header-id-meta":"","stick-header-meta":"default","header-above-stick-meta":"","header-main-stick-meta":"","header-below-stick-meta":"","astra-migrate-meta-layouts":"default","ast-page-background-enabled":"default","ast-page-background-meta":{"desktop":{"background-color":"","background-image":"","background-repeat":"repeat","background-position":"center center","background-size":"auto","background-attachment":"scroll","background-type":"","background-media":"","overlay-type":"","overlay-color":"","overlay-opacity":"","overlay-gradient":""},"tablet":{"background-color":"","background-image":"","background-repeat":"repeat","background-position":"center center","background-size":"auto","background-attachment":"scroll","background-type":"","background-media":"","overlay-type":"","overlay-color":"","overlay-opacity":"","overlay-gradient":""},"mobile":{"background-color":"","background-image":"","background-repeat":"repeat","background-position":"center center","background-size":"auto","background-attachment":"scroll","background-type":"","background-media":"","overlay-type":"","overlay-color":"","overlay-opacity":"","overlay-gradient":""}},"ast-content-background-meta":{"desktop":{"background-color":"var(--ast-global-color-5)","background-image":"","background-repeat":"repeat","background-position":"center center","background-size":"auto","background-attachment":"scroll","background-type":"","background-media":"","overlay-type":"","overlay-color":"","overlay-opacity":"","overlay-gradient":""},"tablet":{"background-color":"var(--ast-global-color-5)","background-image":"","background-repeat":"repeat","background-position":"center center","background-size":"auto","background-attachment":"scroll","background-type":"","background-media":"","overlay-type":"","overlay-color":"","overlay-opacity":"","overlay-gradient":""},"mobile":{"background-color":"var(--ast-global-color-5)","background-image":"","background-repeat":"repeat","background-position":"center center","background-size":"auto","background-attachment":"scroll","background-type":"","background-media":"","overlay-type":"","overlay-color":"","overlay-opacity":"","overlay-gradient":""}}},"product_cat":[671,669],"product_tag":[1693,1704,1699,1706,1708,1718,1722,1711,1726,1714,1696,1702],"class_list":{"0":"post-8790","1":"product","2":"type-product","3":"status-publish","4":"has-post-thumbnail","6":"product_cat-ulga-na-wzdecia","7":"product_cat-zdrowie-ukladu-pokarmowego","8":"product_tag-kapsulki-acidophilus","9":"product_tag-lactobacillus-rhamnosus-pl","10":"product_tag-leczenie-drozdzakow","11":"product_tag-prebiotyki-dla-doroslych","12":"product_tag-pro-biotics-kapsulki","13":"product_tag-probiotyki-dla-doroslych","14":"product_tag-probiotyki-dla-kobiet","15":"product_tag-suplement-probiotyczny","16":"product_tag-tabletki-na-plesniawki","17":"product_tag-tabletki-probiotyczne","18":"product_tag-ulga-w-wzdeciach","19":"product_tag-zdrowie-jelit","20":"has-subscription-plans","21":"desktop-align-left","22":"tablet-align-left","23":"mobile-align-left","25":"first","26":"instock","27":"sale","28":"taxable","29":"shipping-taxable","30":"purchasable","31":"product-type-simple"},"yoast_head":"<!-- This site is optimized with the Yoast SEO plugin v22.7 - https:\/\/yoast.com\/wordpress\/plugins\/seo\/ -->\n<title>Probiotyki z Prebiotykami - (90 kapsu\u0142ek) - JeaKen<\/title>\n<meta name=\"robots\" content=\"index, follow, max-snippet:-1, max-image-preview:large, max-video-preview:-1\" \/>\n<link rel=\"canonical\" href=\"https:\/\/jeaken.com\/pl\/produkt\/probiotyki-z-prebiotykami-90-kapsulek\/\" \/>\n<meta property=\"og:locale\" content=\"pl_PL\" \/>\n<meta property=\"og:type\" content=\"article\" \/>\n<meta property=\"og:title\" content=\"Probiotyki z Prebiotykami - (90 kapsu\u0142ek) - JeaKen\" \/>\n<meta property=\"og:description\" content=\"Sze\u015b\u0107 aktywnych szczep\u00f3w  10 miliard\u00f3w CFU na porcj\u0119 dla ulga przy wzd\u0119ciach, zdrowie jelit i wiele korzy\u015bci zdrowotnych.\" \/>\n<meta property=\"og:url\" content=\"https:\/\/jeaken.com\/pl\/produkt\/probiotyki-z-prebiotykami-90-kapsulek\/\" \/>\n<meta property=\"og:site_name\" content=\"JeaKen\" \/>\n<meta property=\"article:modified_time\" content=\"2022-09-08T12:30:28+00:00\" \/>\n<meta property=\"og:image\" content=\"https:\/\/jeaken.com\/wp-content\/uploads\/2022\/07\/Probiotics-90-1.jpg\" \/>\n\t<meta property=\"og:image:width\" content=\"512\" \/>\n\t<meta property=\"og:image:height\" content=\"600\" \/>\n\t<meta property=\"og:image:type\" content=\"image\/jpeg\" \/>\n<meta name=\"twitter:card\" content=\"summary_large_image\" \/>\n<meta name=\"twitter:label1\" content=\"Est. reading time\" \/>\n\t<meta name=\"twitter:data1\" content=\"1 minute\" \/>\n<script type=\"application\/ld+json\" class=\"yoast-schema-graph\">{\"@context\":\"https:\/\/schema.org\",\"@graph\":[{\"@type\":\"WebPage\",\"@id\":\"https:\/\/jeaken.com\/pl\/produkt\/probiotyki-z-prebiotykami-90-kapsulek\/\",\"url\":\"https:\/\/jeaken.com\/pl\/produkt\/probiotyki-z-prebiotykami-90-kapsulek\/\",\"name\":\"Probiotyki z Prebiotykami - (90 kapsu\u0142ek) - JeaKen\",\"isPartOf\":{\"@id\":\"https:\/\/jeaken.com\/pl\/#website\"},\"primaryImageOfPage\":{\"@id\":\"https:\/\/jeaken.com\/pl\/produkt\/probiotyki-z-prebiotykami-90-kapsulek\/#primaryimage\"},\"image\":{\"@id\":\"https:\/\/jeaken.com\/pl\/produkt\/probiotyki-z-prebiotykami-90-kapsulek\/#primaryimage\"},\"thumbnailUrl\":\"https:\/\/jeaken.com\/wp-content\/uploads\/2022\/07\/Probiotics-90-1.jpg\",\"datePublished\":\"2022-07-21T18:18:16+00:00\",\"dateModified\":\"2022-09-08T12:30:28+00:00\",\"breadcrumb\":{\"@id\":\"https:\/\/jeaken.com\/pl\/produkt\/probiotyki-z-prebiotykami-90-kapsulek\/#breadcrumb\"},\"inLanguage\":\"pl-PL\",\"potentialAction\":[{\"@type\":\"ReadAction\",\"target\":[\"https:\/\/jeaken.com\/pl\/produkt\/probiotyki-z-prebiotykami-90-kapsulek\/\"]}]},{\"@type\":\"ImageObject\",\"inLanguage\":\"pl-PL\",\"@id\":\"https:\/\/jeaken.com\/pl\/produkt\/probiotyki-z-prebiotykami-90-kapsulek\/#primaryimage\",\"url\":\"https:\/\/jeaken.com\/wp-content\/uploads\/2022\/07\/Probiotics-90-1.jpg\",\"contentUrl\":\"https:\/\/jeaken.com\/wp-content\/uploads\/2022\/07\/Probiotics-90-1.jpg\",\"width\":512,\"height\":600,\"caption\":\"6 Strains Probiotics with Prebiotics\"},{\"@type\":\"BreadcrumbList\",\"@id\":\"https:\/\/jeaken.com\/pl\/produkt\/probiotyki-z-prebiotykami-90-kapsulek\/#breadcrumb\",\"itemListElement\":[{\"@type\":\"ListItem\",\"position\":1,\"name\":\"Home\",\"item\":\"https:\/\/jeaken.com\/pl\/\"},{\"@type\":\"ListItem\",\"position\":2,\"name\":\"Private: Shop\",\"item\":\"https:\/\/jeaken.com\/shop\/\"},{\"@type\":\"ListItem\",\"position\":3,\"name\":\"Probiotyki z Prebiotykami &#8211; (90 kapsu\u0142ek)\"}]},{\"@type\":\"WebSite\",\"@id\":\"https:\/\/jeaken.com\/pl\/#website\",\"url\":\"https:\/\/jeaken.com\/pl\/\",\"name\":\"JeaKen\",\"description\":\"Organic Supplements for Health, Fitness and Nutrition\",\"publisher\":{\"@id\":\"https:\/\/jeaken.com\/pl\/#organization\"},\"potentialAction\":[{\"@type\":\"SearchAction\",\"target\":{\"@type\":\"EntryPoint\",\"urlTemplate\":\"https:\/\/jeaken.com\/pl\/?s={search_term_string}\"},\"query-input\":\"required name=search_term_string\"}],\"inLanguage\":\"pl-PL\"},{\"@type\":\"Organization\",\"@id\":\"https:\/\/jeaken.com\/pl\/#organization\",\"name\":\"JeaKen\",\"url\":\"https:\/\/jeaken.com\/pl\/\",\"logo\":{\"@type\":\"ImageObject\",\"inLanguage\":\"pl-PL\",\"@id\":\"https:\/\/jeaken.com\/pl\/#\/schema\/logo\/image\/\",\"url\":\"https:\/\/jeaken.com\/wp-content\/uploads\/2022\/06\/jeaken-logo-23.png\",\"contentUrl\":\"https:\/\/jeaken.com\/wp-content\/uploads\/2022\/06\/jeaken-logo-23.png\",\"width\":2486,\"height\":736,\"caption\":\"JeaKen\"},\"image\":{\"@id\":\"https:\/\/jeaken.com\/pl\/#\/schema\/logo\/image\/\"}}]}<\/script>\n<!-- \/ Yoast SEO plugin. -->","yoast_head_json":{"title":"Probiotyki z Prebiotykami - (90 kapsu\u0142ek) - JeaKen","robots":{"index":"index","follow":"follow","max-snippet":"max-snippet:-1","max-image-preview":"max-image-preview:large","max-video-preview":"max-video-preview:-1"},"canonical":"https:\/\/jeaken.com\/pl\/produkt\/probiotyki-z-prebiotykami-90-kapsulek\/","og_locale":"pl_PL","og_type":"article","og_title":"Probiotyki z Prebiotykami - (90 kapsu\u0142ek) - JeaKen","og_description":"Sze\u015b\u0107 aktywnych szczep\u00f3w  10 miliard\u00f3w CFU na porcj\u0119 dla ulga przy wzd\u0119ciach, zdrowie jelit i wiele korzy\u015bci zdrowotnych.","og_url":"https:\/\/jeaken.com\/pl\/produkt\/probiotyki-z-prebiotykami-90-kapsulek\/","og_site_name":"JeaKen","article_modified_time":"2022-09-08T12:30:28+00:00","og_image":[{"width":512,"height":600,"url":"https:\/\/jeaken.com\/wp-content\/uploads\/2022\/07\/Probiotics-90-1.jpg","type":"image\/jpeg"}],"twitter_card":"summary_large_image","twitter_misc":{"Est. reading time":"1 minute"},"schema":{"@context":"https:\/\/schema.org","@graph":[{"@type":"WebPage","@id":"https:\/\/jeaken.com\/pl\/produkt\/probiotyki-z-prebiotykami-90-kapsulek\/","url":"https:\/\/jeaken.com\/pl\/produkt\/probiotyki-z-prebiotykami-90-kapsulek\/","name":"Probiotyki z Prebiotykami - (90 kapsu\u0142ek) - JeaKen","isPartOf":{"@id":"https:\/\/jeaken.com\/pl\/#website"},"primaryImageOfPage":{"@id":"https:\/\/jeaken.com\/pl\/produkt\/probiotyki-z-prebiotykami-90-kapsulek\/#primaryimage"},"image":{"@id":"https:\/\/jeaken.com\/pl\/produkt\/probiotyki-z-prebiotykami-90-kapsulek\/#primaryimage"},"thumbnailUrl":"https:\/\/jeaken.com\/wp-content\/uploads\/2022\/07\/Probiotics-90-1.jpg","datePublished":"2022-07-21T18:18:16+00:00","dateModified":"2022-09-08T12:30:28+00:00","breadcrumb":{"@id":"https:\/\/jeaken.com\/pl\/produkt\/probiotyki-z-prebiotykami-90-kapsulek\/#breadcrumb"},"inLanguage":"pl-PL","potentialAction":[{"@type":"ReadAction","target":["https:\/\/jeaken.com\/pl\/produkt\/probiotyki-z-prebiotykami-90-kapsulek\/"]}]},{"@type":"ImageObject","inLanguage":"pl-PL","@id":"https:\/\/jeaken.com\/pl\/produkt\/probiotyki-z-prebiotykami-90-kapsulek\/#primaryimage","url":"https:\/\/jeaken.com\/wp-content\/uploads\/2022\/07\/Probiotics-90-1.jpg","contentUrl":"https:\/\/jeaken.com\/wp-content\/uploads\/2022\/07\/Probiotics-90-1.jpg","width":512,"height":600,"caption":"6 Strains Probiotics with Prebiotics"},{"@type":"BreadcrumbList","@id":"https:\/\/jeaken.com\/pl\/produkt\/probiotyki-z-prebiotykami-90-kapsulek\/#breadcrumb","itemListElement":[{"@type":"ListItem","position":1,"name":"Home","item":"https:\/\/jeaken.com\/pl\/"},{"@type":"ListItem","position":2,"name":"Private: Shop","item":"https:\/\/jeaken.com\/shop\/"},{"@type":"ListItem","position":3,"name":"Probiotyki z Prebiotykami &#8211; (90 kapsu\u0142ek)"}]},{"@type":"WebSite","@id":"https:\/\/jeaken.com\/pl\/#website","url":"https:\/\/jeaken.com\/pl\/","name":"JeaKen","description":"Organic Supplements for Health, Fitness and Nutrition","publisher":{"@id":"https:\/\/jeaken.com\/pl\/#organization"},"potentialAction":[{"@type":"SearchAction","target":{"@type":"EntryPoint","urlTemplate":"https:\/\/jeaken.com\/pl\/?s={search_term_string}"},"query-input":"required name=search_term_string"}],"inLanguage":"pl-PL"},{"@type":"Organization","@id":"https:\/\/jeaken.com\/pl\/#organization","name":"JeaKen","url":"https:\/\/jeaken.com\/pl\/","logo":{"@type":"ImageObject","inLanguage":"pl-PL","@id":"https:\/\/jeaken.com\/pl\/#\/schema\/logo\/image\/","url":"https:\/\/jeaken.com\/wp-content\/uploads\/2022\/06\/jeaken-logo-23.png","contentUrl":"https:\/\/jeaken.com\/wp-content\/uploads\/2022\/06\/jeaken-logo-23.png","width":2486,"height":736,"caption":"JeaKen"},"image":{"@id":"https:\/\/jeaken.com\/pl\/#\/schema\/logo\/image\/"}}]}},"jetpack_sharing_enabled":true,"_links":{"self":[{"href":"https:\/\/jeaken.com\/pl\/wp-json\/wp\/v2\/product\/8790","targetHints":{"allow":["GET"]}}],"collection":[{"href":"https:\/\/jeaken.com\/pl\/wp-json\/wp\/v2\/product"}],"about":[{"href":"https:\/\/jeaken.com\/pl\/wp-json\/wp\/v2\/types\/product"}],"wp:featuredmedia":[{"embeddable":true,"href":"https:\/\/jeaken.com\/pl\/wp-json\/wp\/v2\/media\/15793"}],"wp:attachment":[{"href":"https:\/\/jeaken.com\/pl\/wp-json\/wp\/v2\/media?parent=8790"}],"wp:term":[{"taxonomy":"product_cat","embeddable":true,"href":"https:\/\/jeaken.com\/pl\/wp-json\/wp\/v2\/product_cat?post=8790"},{"taxonomy":"product_tag","embeddable":true,"href":"https:\/\/jeaken.com\/pl\/wp-json\/wp\/v2\/product_tag?post=8790"}],"curies":[{"name":"wp","href":"https:\/\/api.w.org\/{rel}","templated":true}]}}