{"id":6950,"date":"2022-07-21T19:18:16","date_gmt":"2022-07-21T18:18:16","guid":{"rendered":"https:\/1658920591610?product=high-strength-aloe-retinal-face-serum-premium-quality-natural-anti-wrinkle-cream-50ml"},"modified":"2022-08-09T15:17:41","modified_gmt":"2022-08-09T14:17:41","slug":"high-strength-aloe-retinal-face-serum-premium-quality-natural-anti-wrinkle-cream-50ml","status":"publish","type":"product","link":"https:\/\/jeaken.com\/pl\/produkt\/high-strength-aloe-retinal-face-serum-premium-quality-natural-anti-wrinkle-cream-50ml\/","title":{"rendered":"High-Strength Aloe Retinal Face Serum &#8211; Premium Quality Natural Anti-Wrinkle Cream (50ml)"},"content":{"rendered":"<ul class=\"a-unordered-list a-vertical a-spacing-none\">\n<li><span class=\"a-list-item\">\u2705 ADVANCED ANTI-AGING FORMULA &#8211; JeaKen retinolowe serum do twarzy, nieprzezroczysty \u017cel zawiera ekstrakty z passiflory i zielonej herbaty dla dodatkowych w\u0142a\u015bciwo\u015bci przeciwstarzeniowych dla sk\u00f3ry suchej, matowej lub zm\u0119czonej, pomaga wymaza\u0107 drobne linie i wyg\u0142adza zmarszczki &#8211; co czyni go ostatecznym przeciwstarzeniowym serum z retinolem!<\/span><\/li>\n<li><span class=\"a-list-item\">\u2705 LIFT AND BRIGHTEN THE SKIN &#8211; Masz do\u015b\u0107 pr\u00f3bowania serum do twarzy bez \u017cadnych rezultat\u00f3w? Si\u0119gnij po serum do twarzy Aloe retinol marki JeaKen i zachwy\u0107 si\u0119 tym, jak inaczej b\u0119dzie wygl\u0105da\u0142a Twoja sk\u00f3ra w ci\u0105gu kilku dni po u\u017cyciu. Ta naturalna formu\u0142a jest wzbogacona o ekstrakty z owoc\u00f3w i ro\u015blin, aby podnie\u015b\u0107 i rozja\u015bni\u0107 sk\u00f3r\u0119.<\/span><\/li>\n<li><span class=\"a-list-item\">\u2705 PURE ACTIVE RETINOL PROTECTION &#8211; Nasze retinolowe serum high strength do twarzy zawiera olej z awokado, bogate \u017ar\u00f3d\u0142o retinolu i beta-karotenu oraz olej arganowy, kt\u00f3ry od\u017cywia sk\u00f3r\u0119 kluczowymi sk\u0142adnikami od\u017cywczymi pomagaj\u0105cymi zapobiega\u0107 zmarszczkom. Retinolowe serum do twarzy dzia\u0142a na poziomie ekstremalnym, aby naprawi\u0107 sk\u00f3r\u0119 i stymulowa\u0107 kolagen, co nast\u0119pnie skutkuje j\u0119drniejsz\u0105, g\u0142adsz\u0105 i pozbawion\u0105 zmarszczek sk\u00f3r\u0105.<\/span><\/li>\n<li><span class=\"a-list-item\">\u2705 NATURALNE SK\u0141ADNIKI &#8211; nasze serum z retinolem nie zawiera paraben\u00f3w i alkoholu. Sk\u0142adniki aktywne wewn\u0105trz naszego serum dzia\u0142aj\u0105 w synergii z Twoj\u0105 sk\u00f3r\u0105. Ten silny retinol serum twarzy, wykonane z naturalnych sk\u0142adnik\u00f3w opartych i rywal najdro\u017cszych big-brand anti aging serum, przyniesie pi\u0119kno naturalny spos\u00f3b.<\/span><\/li>\n<li><span class=\"a-list-item\">\u2705 SATISFACTION GUARANTEED &#8211; Jeste\u015bmy tak pewni, \u017ce pokochasz nasze retinolowe serum high strength for face, \u017ce gwarantujemy Ci zwrot pieni\u0119dzy, je\u015bli nie b\u0119dziesz w pe\u0142ni zadowolony.<\/span><\/li>\n<\/ul>\n","protected":false},"excerpt":{"rendered":"<p><strong>  ALOE RETINOL FACIAL SERUM By JeaKen &#8230;<\/strong><\/p>\n<p><strong>Szukasz sposobu na podniesienie i rozja\u015bnienie swojej sk\u00f3ry, aby zapobiec zmarszczkom i starzeniu si\u0119 sk\u00f3ry?<\/strong><\/p>\n<p>W takim razie nie szukaj dalej &#8211; ALOE RETINOL FACIAL SERUM By JeaKen jest idealny dla Ciebie!<\/p>\n<p><strong>  Dlaczego warto wybra\u0107 ALOE RETINOL FACIAL SERUM By JeaKen ?<\/strong><\/p>\n<p>Nasze formu\u0142y s\u0105 ca\u0142kowicie unikalne Praca Aby odwr\u00f3ci\u0107 oznaki starzenia i uszkodzenia s\u0142oneczne, Retinol Serum pomaga Twojej sk\u00f3rze zast\u0105pi\u0107 stare, martwe kom\u00f3rki nowymi, \u015bwie\u017cymi, aby przywr\u00f3ci\u0107 m\u0142odo\u015b\u0107 Twojej twarzy. Jeaken Retinol Skin Serum jest pot\u0119\u017cn\u0105 kombinacj\u0105 jednych z najlepszych sk\u0142adnik\u00f3w przeciwstarzeniowych znanych nauce.<\/p>\n<p>Z wielk\u0105 staranno\u015bci\u0105 stworzyli\u015bmy i opracowali\u015bmy naturalne formu\u0142y, wybieraj\u0105c ka\u017cdy sk\u0142adnik botaniczny ze wzgl\u0119du na jego ukierunkowane korzy\u015bci dla sk\u00f3ry. Ta unikalna i artystycznie przygotowana kombinacja sk\u0142adnik\u00f3w nie jest dost\u0119pna nigdzie indziej.<\/p>\n<p><strong>KLUCZOWE KORZY\u015aCI:<\/strong><\/p>\n<ul>\n<li>Podniesienie i rozja\u015bnienie sk\u00f3ry<\/li>\n<li>Poprawia elastyczno\u015b\u0107 i struktur\u0119 sk\u00f3ry, zapewniaj\u0105c jej nawil\u017cenie.<\/li>\n<li>Zmi\u0119kcza, rozja\u015bnia i poprawia og\u00f3lny wygl\u0105d cery.<\/li>\n<li>Zwi\u0119ksza obr\u00f3t kom\u00f3rkowy i produkcj\u0119 kolagenu, poprawiaj\u0105c koloryt sk\u00f3ry.<\/li>\n<li>Poprawia wygl\u0105d drobnych linii i zmarszczek.<\/li>\n<\/ul>\n<p><strong>WSKAZ\u00d3WKI DOTYCZ\u0104CE STOSOWANIA<\/strong><\/p>\n<p>Lekko przetrzyj twarz ciep\u0142ym, wilgotnym r\u0119cznikiem. Delikatnie wklepa\u0107 produkt w oczyszczon\u0105 sk\u00f3r\u0119 i wklepa\u0107 a\u017c do ca\u0142kowitego wch\u0142oni\u0119cia. Po na\u0142o\u017ceniu preparatu delikatnie wklepa\u0107 go w twarz opuszkami palc\u00f3w, aby u\u0142atwi\u0107 przenikanie serum do najg\u0142\u0119bszych warstw sk\u00f3ry.<\/p>\n<p><strong>KUP TERAZ  <\/strong><\/p>\n<p><strong>Kliknij &#8220;DODAJ DO KOSZYKA&#8221; teraz, do wyczerpania zapas\u00f3w!<\/strong><\/p>\n","protected":false},"featured_media":3469,"template":"","meta":{"site-sidebar-layout":"default","site-content-layout":"default","ast-site-content-layout":"default","site-content-style":"default","site-sidebar-style":"default","ast-global-header-display":"","ast-banner-title-visibility":"","ast-main-header-display":"","ast-hfb-above-header-display":"","ast-hfb-below-header-display":"","ast-hfb-mobile-header-display":"","site-post-title":"","ast-breadcrumbs-content":"","ast-featured-img":"","footer-sml-layout":"","theme-transparent-header-meta":"default","adv-header-id-meta":"","stick-header-meta":"default","header-above-stick-meta":"","header-main-stick-meta":"","header-below-stick-meta":"","astra-migrate-meta-layouts":"default","ast-page-background-enabled":"default","ast-page-background-meta":{"desktop":{"background-color":"","background-image":"","background-repeat":"repeat","background-position":"center center","background-size":"auto","background-attachment":"scroll","background-type":"","background-media":"","overlay-type":"","overlay-color":"","overlay-opacity":"","overlay-gradient":""},"tablet":{"background-color":"","background-image":"","background-repeat":"repeat","background-position":"center center","background-size":"auto","background-attachment":"scroll","background-type":"","background-media":"","overlay-type":"","overlay-color":"","overlay-opacity":"","overlay-gradient":""},"mobile":{"background-color":"","background-image":"","background-repeat":"repeat","background-position":"center center","background-size":"auto","background-attachment":"scroll","background-type":"","background-media":"","overlay-type":"","overlay-color":"","overlay-opacity":"","overlay-gradient":""}},"ast-content-background-meta":{"desktop":{"background-color":"var(--ast-global-color-5)","background-image":"","background-repeat":"repeat","background-position":"center center","background-size":"auto","background-attachment":"scroll","background-type":"","background-media":"","overlay-type":"","overlay-color":"","overlay-opacity":"","overlay-gradient":""},"tablet":{"background-color":"var(--ast-global-color-5)","background-image":"","background-repeat":"repeat","background-position":"center center","background-size":"auto","background-attachment":"scroll","background-type":"","background-media":"","overlay-type":"","overlay-color":"","overlay-opacity":"","overlay-gradient":""},"mobile":{"background-color":"var(--ast-global-color-5)","background-image":"","background-repeat":"repeat","background-position":"center center","background-size":"auto","background-attachment":"scroll","background-type":"","background-media":"","overlay-type":"","overlay-color":"","overlay-opacity":"","overlay-gradient":""}}},"product_cat":[578,575,1623],"product_tag":[1626,1632,1627,1624,1625,1628,1629,1631,1630,1634,1635,1633],"class_list":{"0":"post-6950","1":"product","2":"type-product","3":"status-publish","4":"has-post-thumbnail","6":"product_cat-anti-aging-pl","7":"product_cat-naturalne-piekno","8":"product_cat-pielegnacja-skory","9":"product_tag-krem-przeciwzmarszczkowy","10":"product_tag-krem-rozjasniajacy-do-ciemnej-skory","11":"product_tag-krem-z-retinolem","12":"product_tag-leczenie-tradziku","13":"product_tag-przeciwzmarszczkowy","14":"product_tag-retinol-krem-do-twarzy","15":"product_tag-retinol-serum-do-twarzy","16":"product_tag-retinol-serum-high-strength-for-face-pl","17":"product_tag-serum-retinolu","18":"product_tag-tretinoina-krem","19":"product_tag-witamina-e-olej-do-twarzy","20":"product_tag-zwykly-retinol","21":"has-subscription-plans","22":"desktop-align-left","23":"tablet-align-left","24":"mobile-align-left","26":"first","27":"onbackorder","28":"taxable","29":"shipping-taxable","30":"purchasable","31":"product-type-simple"},"yoast_head":"<!-- This site is optimized with the Yoast SEO plugin v22.7 - https:\/\/yoast.com\/wordpress\/plugins\/seo\/ -->\n<title>High-Strength Aloe Retinal Face Serum - Premium Quality Natural Anti-Wrinkle Cream (50ml) - JeaKen<\/title>\n<meta name=\"robots\" content=\"index, follow, max-snippet:-1, max-image-preview:large, max-video-preview:-1\" \/>\n<link rel=\"canonical\" href=\"https:\/\/jeaken.com\/pl\/produkt\/high-strength-aloe-retinal-face-serum-premium-quality-natural-anti-wrinkle-cream-50ml\/\" \/>\n<meta property=\"og:locale\" content=\"pl_PL\" \/>\n<meta property=\"og:type\" content=\"article\" \/>\n<meta property=\"og:title\" content=\"High-Strength Aloe Retinal Face Serum - Premium Quality Natural Anti-Wrinkle Cream (50ml) - JeaKen\" \/>\n<meta property=\"og:description\" content=\"ALOE RETINOL FACIAL SERUM By JeaKen ... Szukasz sposobu na podniesienie i rozja\u015bnienie swojej sk\u00f3ry, aby zapobiec zmarszczkom i starzeniu si\u0119 sk\u00f3ry? W takim razie nie szukaj dalej - ALOE RETINOL FACIAL SERUM By JeaKen jest idealny dla Ciebie!  Dlaczego warto wybra\u0107 ALOE RETINOL FACIAL SERUM By JeaKen ? Nasze formu\u0142y s\u0105 ca\u0142kowicie unikalne Praca Aby odwr\u00f3ci\u0107 oznaki starzenia i uszkodzenia s\u0142oneczne, Retinol Serum pomaga Twojej sk\u00f3rze zast\u0105pi\u0107 stare, martwe kom\u00f3rki nowymi, \u015bwie\u017cymi, aby przywr\u00f3ci\u0107 m\u0142odo\u015b\u0107 Twojej twarzy. Jeaken Retinol Skin Serum jest pot\u0119\u017cn\u0105 kombinacj\u0105 jednych z najlepszych sk\u0142adnik\u00f3w przeciwstarzeniowych znanych nauce. Z wielk\u0105 staranno\u015bci\u0105 stworzyli\u015bmy i opracowali\u015bmy naturalne formu\u0142y, wybieraj\u0105c ka\u017cdy sk\u0142adnik botaniczny ze wzgl\u0119du na jego ukierunkowane korzy\u015bci dla sk\u00f3ry. Ta unikalna i artystycznie przygotowana kombinacja sk\u0142adnik\u00f3w nie jest dost\u0119pna nigdzie indziej. KLUCZOWE KORZY\u015aCI:  Podniesienie i rozja\u015bnienie sk\u00f3ry  Poprawia elastyczno\u015b\u0107 i struktur\u0119 sk\u00f3ry, zapewniaj\u0105c jej nawil\u017cenie.  Zmi\u0119kcza, rozja\u015bnia i poprawia og\u00f3lny wygl\u0105d cery.  Zwi\u0119ksza obr\u00f3t kom\u00f3rkowy i produkcj\u0119 kolagenu, poprawiaj\u0105c koloryt sk\u00f3ry.  Poprawia wygl\u0105d drobnych linii i zmarszczek. WSKAZ\u00d3WKI DOTYCZ\u0104CE STOSOWANIA Lekko przetrzyj twarz ciep\u0142ym, wilgotnym r\u0119cznikiem. Delikatnie wklepa\u0107 produkt w oczyszczon\u0105 sk\u00f3r\u0119 i wklepa\u0107 a\u017c do ca\u0142kowitego wch\u0142oni\u0119cia. Po na\u0142o\u017ceniu preparatu delikatnie wklepa\u0107 go w twarz opuszkami palc\u00f3w, aby u\u0142atwi\u0107 przenikanie serum do najg\u0142\u0119bszych warstw sk\u00f3ry. KUP TERAZ  Kliknij &quot;DODAJ DO KOSZYKA&quot; teraz, do wyczerpania zapas\u00f3w!\" \/>\n<meta property=\"og:url\" content=\"https:\/\/jeaken.com\/pl\/produkt\/high-strength-aloe-retinal-face-serum-premium-quality-natural-anti-wrinkle-cream-50ml\/\" \/>\n<meta property=\"og:site_name\" content=\"JeaKen\" \/>\n<meta property=\"article:modified_time\" content=\"2022-08-09T14:17:41+00:00\" \/>\n<meta property=\"og:image\" content=\"https:\/\/jeaken.com\/wp-content\/uploads\/2022\/07\/61g28VXACL._AC_SL1500_.jpg\" \/>\n\t<meta property=\"og:image:width\" content=\"600\" \/>\n\t<meta property=\"og:image:height\" content=\"600\" \/>\n\t<meta property=\"og:image:type\" content=\"image\/jpeg\" \/>\n<meta name=\"twitter:card\" content=\"summary_large_image\" \/>\n<meta name=\"twitter:label1\" content=\"Est. reading time\" \/>\n\t<meta name=\"twitter:data1\" content=\"1 minute\" \/>\n<script type=\"application\/ld+json\" class=\"yoast-schema-graph\">{\"@context\":\"https:\/\/schema.org\",\"@graph\":[{\"@type\":\"WebPage\",\"@id\":\"https:\/\/jeaken.com\/pl\/produkt\/high-strength-aloe-retinal-face-serum-premium-quality-natural-anti-wrinkle-cream-50ml\/\",\"url\":\"https:\/\/jeaken.com\/pl\/produkt\/high-strength-aloe-retinal-face-serum-premium-quality-natural-anti-wrinkle-cream-50ml\/\",\"name\":\"High-Strength Aloe Retinal Face Serum - Premium Quality Natural Anti-Wrinkle Cream (50ml) - JeaKen\",\"isPartOf\":{\"@id\":\"https:\/\/jeaken.com\/pl\/#website\"},\"primaryImageOfPage\":{\"@id\":\"https:\/\/jeaken.com\/pl\/produkt\/high-strength-aloe-retinal-face-serum-premium-quality-natural-anti-wrinkle-cream-50ml\/#primaryimage\"},\"image\":{\"@id\":\"https:\/\/jeaken.com\/pl\/produkt\/high-strength-aloe-retinal-face-serum-premium-quality-natural-anti-wrinkle-cream-50ml\/#primaryimage\"},\"thumbnailUrl\":\"https:\/\/jeaken.com\/wp-content\/uploads\/2022\/07\/61g28VXACL._AC_SL1500_.jpg\",\"datePublished\":\"2022-07-21T18:18:16+00:00\",\"dateModified\":\"2022-08-09T14:17:41+00:00\",\"breadcrumb\":{\"@id\":\"https:\/\/jeaken.com\/pl\/produkt\/high-strength-aloe-retinal-face-serum-premium-quality-natural-anti-wrinkle-cream-50ml\/#breadcrumb\"},\"inLanguage\":\"pl-PL\",\"potentialAction\":[{\"@type\":\"ReadAction\",\"target\":[\"https:\/\/jeaken.com\/pl\/produkt\/high-strength-aloe-retinal-face-serum-premium-quality-natural-anti-wrinkle-cream-50ml\/\"]}]},{\"@type\":\"ImageObject\",\"inLanguage\":\"pl-PL\",\"@id\":\"https:\/\/jeaken.com\/pl\/produkt\/high-strength-aloe-retinal-face-serum-premium-quality-natural-anti-wrinkle-cream-50ml\/#primaryimage\",\"url\":\"https:\/\/jeaken.com\/wp-content\/uploads\/2022\/07\/61g28VXACL._AC_SL1500_.jpg\",\"contentUrl\":\"https:\/\/jeaken.com\/wp-content\/uploads\/2022\/07\/61g28VXACL._AC_SL1500_.jpg\",\"width\":600,\"height\":600,\"caption\":\"High-Strength Aloe Retinol Face Serum - Premium Quality Natural Anti-Wrinkle Cream\"},{\"@type\":\"BreadcrumbList\",\"@id\":\"https:\/\/jeaken.com\/pl\/produkt\/high-strength-aloe-retinal-face-serum-premium-quality-natural-anti-wrinkle-cream-50ml\/#breadcrumb\",\"itemListElement\":[{\"@type\":\"ListItem\",\"position\":1,\"name\":\"Home\",\"item\":\"https:\/\/jeaken.com\/pl\/\"},{\"@type\":\"ListItem\",\"position\":2,\"name\":\"Private: Shop\",\"item\":\"https:\/\/jeaken.com\/shop\/\"},{\"@type\":\"ListItem\",\"position\":3,\"name\":\"High-Strength Aloe Retinal Face Serum &#8211; Premium Quality Natural Anti-Wrinkle Cream (50ml)\"}]},{\"@type\":\"WebSite\",\"@id\":\"https:\/\/jeaken.com\/pl\/#website\",\"url\":\"https:\/\/jeaken.com\/pl\/\",\"name\":\"JeaKen\",\"description\":\"Organic Supplements for Health, Fitness and Nutrition\",\"publisher\":{\"@id\":\"https:\/\/jeaken.com\/pl\/#organization\"},\"potentialAction\":[{\"@type\":\"SearchAction\",\"target\":{\"@type\":\"EntryPoint\",\"urlTemplate\":\"https:\/\/jeaken.com\/pl\/?s={search_term_string}\"},\"query-input\":\"required name=search_term_string\"}],\"inLanguage\":\"pl-PL\"},{\"@type\":\"Organization\",\"@id\":\"https:\/\/jeaken.com\/pl\/#organization\",\"name\":\"JeaKen\",\"url\":\"https:\/\/jeaken.com\/pl\/\",\"logo\":{\"@type\":\"ImageObject\",\"inLanguage\":\"pl-PL\",\"@id\":\"https:\/\/jeaken.com\/pl\/#\/schema\/logo\/image\/\",\"url\":\"https:\/\/jeaken.com\/wp-content\/uploads\/2022\/06\/jeaken-logo-23.png\",\"contentUrl\":\"https:\/\/jeaken.com\/wp-content\/uploads\/2022\/06\/jeaken-logo-23.png\",\"width\":2486,\"height\":736,\"caption\":\"JeaKen\"},\"image\":{\"@id\":\"https:\/\/jeaken.com\/pl\/#\/schema\/logo\/image\/\"}}]}<\/script>\n<!-- \/ Yoast SEO plugin. -->","yoast_head_json":{"title":"High-Strength Aloe Retinal Face Serum - Premium Quality Natural Anti-Wrinkle Cream (50ml) - JeaKen","robots":{"index":"index","follow":"follow","max-snippet":"max-snippet:-1","max-image-preview":"max-image-preview:large","max-video-preview":"max-video-preview:-1"},"canonical":"https:\/\/jeaken.com\/pl\/produkt\/high-strength-aloe-retinal-face-serum-premium-quality-natural-anti-wrinkle-cream-50ml\/","og_locale":"pl_PL","og_type":"article","og_title":"High-Strength Aloe Retinal Face Serum - Premium Quality Natural Anti-Wrinkle Cream (50ml) - JeaKen","og_description":"ALOE RETINOL FACIAL SERUM By JeaKen ... Szukasz sposobu na podniesienie i rozja\u015bnienie swojej sk\u00f3ry, aby zapobiec zmarszczkom i starzeniu si\u0119 sk\u00f3ry? W takim razie nie szukaj dalej - ALOE RETINOL FACIAL SERUM By JeaKen jest idealny dla Ciebie!  Dlaczego warto wybra\u0107 ALOE RETINOL FACIAL SERUM By JeaKen ? Nasze formu\u0142y s\u0105 ca\u0142kowicie unikalne Praca Aby odwr\u00f3ci\u0107 oznaki starzenia i uszkodzenia s\u0142oneczne, Retinol Serum pomaga Twojej sk\u00f3rze zast\u0105pi\u0107 stare, martwe kom\u00f3rki nowymi, \u015bwie\u017cymi, aby przywr\u00f3ci\u0107 m\u0142odo\u015b\u0107 Twojej twarzy. Jeaken Retinol Skin Serum jest pot\u0119\u017cn\u0105 kombinacj\u0105 jednych z najlepszych sk\u0142adnik\u00f3w przeciwstarzeniowych znanych nauce. Z wielk\u0105 staranno\u015bci\u0105 stworzyli\u015bmy i opracowali\u015bmy naturalne formu\u0142y, wybieraj\u0105c ka\u017cdy sk\u0142adnik botaniczny ze wzgl\u0119du na jego ukierunkowane korzy\u015bci dla sk\u00f3ry. Ta unikalna i artystycznie przygotowana kombinacja sk\u0142adnik\u00f3w nie jest dost\u0119pna nigdzie indziej. KLUCZOWE KORZY\u015aCI:  Podniesienie i rozja\u015bnienie sk\u00f3ry  Poprawia elastyczno\u015b\u0107 i struktur\u0119 sk\u00f3ry, zapewniaj\u0105c jej nawil\u017cenie.  Zmi\u0119kcza, rozja\u015bnia i poprawia og\u00f3lny wygl\u0105d cery.  Zwi\u0119ksza obr\u00f3t kom\u00f3rkowy i produkcj\u0119 kolagenu, poprawiaj\u0105c koloryt sk\u00f3ry.  Poprawia wygl\u0105d drobnych linii i zmarszczek. WSKAZ\u00d3WKI DOTYCZ\u0104CE STOSOWANIA Lekko przetrzyj twarz ciep\u0142ym, wilgotnym r\u0119cznikiem. Delikatnie wklepa\u0107 produkt w oczyszczon\u0105 sk\u00f3r\u0119 i wklepa\u0107 a\u017c do ca\u0142kowitego wch\u0142oni\u0119cia. Po na\u0142o\u017ceniu preparatu delikatnie wklepa\u0107 go w twarz opuszkami palc\u00f3w, aby u\u0142atwi\u0107 przenikanie serum do najg\u0142\u0119bszych warstw sk\u00f3ry. KUP TERAZ  Kliknij \"DODAJ DO KOSZYKA\" teraz, do wyczerpania zapas\u00f3w!","og_url":"https:\/\/jeaken.com\/pl\/produkt\/high-strength-aloe-retinal-face-serum-premium-quality-natural-anti-wrinkle-cream-50ml\/","og_site_name":"JeaKen","article_modified_time":"2022-08-09T14:17:41+00:00","og_image":[{"width":600,"height":600,"url":"https:\/\/jeaken.com\/wp-content\/uploads\/2022\/07\/61g28VXACL._AC_SL1500_.jpg","type":"image\/jpeg"}],"twitter_card":"summary_large_image","twitter_misc":{"Est. reading time":"1 minute"},"schema":{"@context":"https:\/\/schema.org","@graph":[{"@type":"WebPage","@id":"https:\/\/jeaken.com\/pl\/produkt\/high-strength-aloe-retinal-face-serum-premium-quality-natural-anti-wrinkle-cream-50ml\/","url":"https:\/\/jeaken.com\/pl\/produkt\/high-strength-aloe-retinal-face-serum-premium-quality-natural-anti-wrinkle-cream-50ml\/","name":"High-Strength Aloe Retinal Face Serum - Premium Quality Natural Anti-Wrinkle Cream (50ml) - JeaKen","isPartOf":{"@id":"https:\/\/jeaken.com\/pl\/#website"},"primaryImageOfPage":{"@id":"https:\/\/jeaken.com\/pl\/produkt\/high-strength-aloe-retinal-face-serum-premium-quality-natural-anti-wrinkle-cream-50ml\/#primaryimage"},"image":{"@id":"https:\/\/jeaken.com\/pl\/produkt\/high-strength-aloe-retinal-face-serum-premium-quality-natural-anti-wrinkle-cream-50ml\/#primaryimage"},"thumbnailUrl":"https:\/\/jeaken.com\/wp-content\/uploads\/2022\/07\/61g28VXACL._AC_SL1500_.jpg","datePublished":"2022-07-21T18:18:16+00:00","dateModified":"2022-08-09T14:17:41+00:00","breadcrumb":{"@id":"https:\/\/jeaken.com\/pl\/produkt\/high-strength-aloe-retinal-face-serum-premium-quality-natural-anti-wrinkle-cream-50ml\/#breadcrumb"},"inLanguage":"pl-PL","potentialAction":[{"@type":"ReadAction","target":["https:\/\/jeaken.com\/pl\/produkt\/high-strength-aloe-retinal-face-serum-premium-quality-natural-anti-wrinkle-cream-50ml\/"]}]},{"@type":"ImageObject","inLanguage":"pl-PL","@id":"https:\/\/jeaken.com\/pl\/produkt\/high-strength-aloe-retinal-face-serum-premium-quality-natural-anti-wrinkle-cream-50ml\/#primaryimage","url":"https:\/\/jeaken.com\/wp-content\/uploads\/2022\/07\/61g28VXACL._AC_SL1500_.jpg","contentUrl":"https:\/\/jeaken.com\/wp-content\/uploads\/2022\/07\/61g28VXACL._AC_SL1500_.jpg","width":600,"height":600,"caption":"High-Strength Aloe Retinol Face Serum - Premium Quality Natural Anti-Wrinkle Cream"},{"@type":"BreadcrumbList","@id":"https:\/\/jeaken.com\/pl\/produkt\/high-strength-aloe-retinal-face-serum-premium-quality-natural-anti-wrinkle-cream-50ml\/#breadcrumb","itemListElement":[{"@type":"ListItem","position":1,"name":"Home","item":"https:\/\/jeaken.com\/pl\/"},{"@type":"ListItem","position":2,"name":"Private: Shop","item":"https:\/\/jeaken.com\/shop\/"},{"@type":"ListItem","position":3,"name":"High-Strength Aloe Retinal Face Serum &#8211; Premium Quality Natural Anti-Wrinkle Cream (50ml)"}]},{"@type":"WebSite","@id":"https:\/\/jeaken.com\/pl\/#website","url":"https:\/\/jeaken.com\/pl\/","name":"JeaKen","description":"Organic Supplements for Health, Fitness and Nutrition","publisher":{"@id":"https:\/\/jeaken.com\/pl\/#organization"},"potentialAction":[{"@type":"SearchAction","target":{"@type":"EntryPoint","urlTemplate":"https:\/\/jeaken.com\/pl\/?s={search_term_string}"},"query-input":"required name=search_term_string"}],"inLanguage":"pl-PL"},{"@type":"Organization","@id":"https:\/\/jeaken.com\/pl\/#organization","name":"JeaKen","url":"https:\/\/jeaken.com\/pl\/","logo":{"@type":"ImageObject","inLanguage":"pl-PL","@id":"https:\/\/jeaken.com\/pl\/#\/schema\/logo\/image\/","url":"https:\/\/jeaken.com\/wp-content\/uploads\/2022\/06\/jeaken-logo-23.png","contentUrl":"https:\/\/jeaken.com\/wp-content\/uploads\/2022\/06\/jeaken-logo-23.png","width":2486,"height":736,"caption":"JeaKen"},"image":{"@id":"https:\/\/jeaken.com\/pl\/#\/schema\/logo\/image\/"}}]}},"jetpack_sharing_enabled":true,"_links":{"self":[{"href":"https:\/\/jeaken.com\/pl\/wp-json\/wp\/v2\/product\/6950","targetHints":{"allow":["GET"]}}],"collection":[{"href":"https:\/\/jeaken.com\/pl\/wp-json\/wp\/v2\/product"}],"about":[{"href":"https:\/\/jeaken.com\/pl\/wp-json\/wp\/v2\/types\/product"}],"wp:featuredmedia":[{"embeddable":true,"href":"https:\/\/jeaken.com\/pl\/wp-json\/wp\/v2\/media\/3469"}],"wp:attachment":[{"href":"https:\/\/jeaken.com\/pl\/wp-json\/wp\/v2\/media?parent=6950"}],"wp:term":[{"taxonomy":"product_cat","embeddable":true,"href":"https:\/\/jeaken.com\/pl\/wp-json\/wp\/v2\/product_cat?post=6950"},{"taxonomy":"product_tag","embeddable":true,"href":"https:\/\/jeaken.com\/pl\/wp-json\/wp\/v2\/product_tag?post=6950"}],"curies":[{"name":"wp","href":"https:\/\/api.w.org\/{rel}","templated":true}]}}