{"id":6943,"date":"2022-07-21T19:18:16","date_gmt":"2022-07-21T18:18:16","guid":{"rendered":"https:\/1658920591610?product=glucosamine-sulfate-1500mg-suplement-365-tabletek"},"modified":"2022-09-08T15:51:05","modified_gmt":"2022-09-08T14:51:05","slug":"siarczan-glukozaminy-1500mg-uzupelnienie-365-tabletek","status":"publish","type":"product","link":"https:\/\/jeaken.com\/pl\/produkt\/siarczan-glukozaminy-1500mg-uzupelnienie-365-tabletek\/","title":{"rendered":"Glucosamine Sulfate 1500mg Suplement (365 tabletek)"},"content":{"rendered":"<p><strong>SPRZYJA ZDROWIU STAW\u00d3W  <\/strong><\/p>\n<p>Glukozamina to substancja, kt\u00f3ra wyst\u0119puje naturalnie w organizmie i jest jednym z budulc\u00f3w chrz\u0105stki. Nasz suplement Glucosamine Sulfate pomaga budowa\u0107 i wzmacnia\u0107 chrz\u0105stk\u0119, kt\u00f3ra naturalnie zmniejsza si\u0119 z wiekiem.<\/p>\n<p>&nbsp;<\/p>\n<p><strong>POTWIERDZONY KLINICZNIE<\/strong><\/p>\n<p>Nasz siarczan glukozaminy o maksymalnej sile dzia\u0142ania jest po\u0142\u0105czony z niskim poziomem chlorku potasu (2kcl), kt\u00f3ry pomaga stabilizowa\u0107 glukozamin\u0119. W badaniach klinicznych udowodniono, \u017ce chlorek potasu jest najskuteczniejszym rodzajem suplementu glukozaminy.<\/p>\n<p>&nbsp;<\/p>\n<p><strong>WYSOKOWYTRZYMA\u0141Y SIARCZAN GLUKOZAMINY  <\/strong><\/p>\n<p>Nasz suplement piel\u0119gnacyjny glukozaminy zawiera 1500mg siarczanu glukozaminy 2kcl, suplementu diety o wysokiej sile dzia\u0142ania, zapewniaj\u0105cego 1133mg siarczanu glukozaminy i 888 mg czystej (bazowej) glukozaminy dziennie.<\/p>\n<p>&nbsp;<\/p>\n<p><strong>GWARANCJA SATYSFAKCJI  <\/strong><\/p>\n<p>Nasze suplementy najwy\u017cszej jako\u015bci s\u0105 produkowane w Wielkiej Brytanii zgodnie z kodeksem GMP.<\/p>\n<p>&nbsp;<\/p>\n<p><strong>WZMACNIA ZDROWIE KO\u015aCI<\/strong><\/p>\n<p class=\"a-spacing-base\">Wiele os\u00f3b z b\u00f3lem ko\u015bci, nisk\u0105 g\u0119sto\u015bci\u0105 ko\u015bci i histori\u0105 z\u0142ama\u0144 mo\u017ce odnie\u015b\u0107 korzy\u015bci z przyjmowania glukozaminy. Dowody wskazuj\u0105, \u017ce glukozamina pomaga zachowa\u0107 chrz\u0105stk\u0119 stawow\u0105 otaczaj\u0105c\u0105 ko\u015bci. Mo\u017ce r\u00f3wnie\u017c pom\u00f3c w zmniejszeniu b\u00f3lu, zwi\u0119kszeniu funkcji fizycznych i mo\u017ce pom\u00f3c w zwi\u0119kszeniu zdolno\u015bci do aktywno\u015bci u os\u00f3b z b\u00f3lem ko\u015bci.<\/p>\n<p>&nbsp;<\/p>\n<p class=\"a-spacing-mini a-color-secondary\"><strong>WSPOMAGA ZDROWIE UK\u0141ADU POKARMOWEGO<\/strong><\/p>\n<p class=\"a-spacing-base\">Glukozamina mo\u017ce by\u0107 pomocnym suplementem w poprawie funkcji trawiennych i wspieraniu wy\u015bci\u00f3\u0142ki przewodu pokarmowego. Suplementy glukozaminy, lub naturalnie bogaty w glukozamin\u0119 bulion kostny, pomagaj\u0105 naprawi\u0107 uszkodzon\u0105 tkank\u0119 i obni\u017cy\u0107 stan zapalny w przewodzie pokarmowym.<\/p>\n<p>&nbsp;<\/p>\n<p><strong>PROMUJE ZDROWE KOM\u00d3RKI<\/strong><\/p>\n<p>Zawarte w tym suplemencie peptydy kolagenowe w proszku wspomagaj\u0105 wzrost w\u0142os\u00f3w, nawil\u017caj\u0105 paznokcie i stymuluj\u0105 produkcj\u0119 kolagenu, aby pobudzi\u0107 regeneracj\u0119 kom\u00f3rek sk\u00f3ry.<\/p>\n<p>&nbsp;<\/p>\n<p><strong>ZAPEWNIA WIELE KORZY\u015aCI DLA ZDROWIA<\/strong><\/p>\n<p>Ten suplement zawiera olej z w\u0105troby dorsza , kt\u00f3ry jest znany do wspierania zdrowia serca , opieki staw\u00f3w , zdrowia ko\u015bci , funkcji m\u00f3zgu i zdrowia oczu . Zaleca si\u0119 r\u00f3wnie\u017c przyjmowanie suplement\u00f3w diety opartych na koenzymie Q10 w celu przeciwdzia\u0142ania zm\u0119czeniu, zmniejszenia uczucia zm\u0119czenia, zwi\u0119kszenia energii i wspierania zdrowia mi\u0119\u015bni.<\/p>\n<p>&nbsp;<\/p>\n<p>&nbsp;<\/p>\n<p>&nbsp;<\/p>\n","protected":false},"excerpt":{"rendered":"<h4><strong>Grade A, przyjazny dla wegan suplement glukozaminy dla poprawy zdrowia staw\u00f3w.<\/strong><\/h4>\n","protected":false},"featured_media":14823,"template":"","meta":{"site-sidebar-layout":"default","site-content-layout":"default","ast-site-content-layout":"default","site-content-style":"default","site-sidebar-style":"default","ast-global-header-display":"","ast-banner-title-visibility":"","ast-main-header-display":"","ast-hfb-above-header-display":"","ast-hfb-below-header-display":"","ast-hfb-mobile-header-display":"","site-post-title":"","ast-breadcrumbs-content":"","ast-featured-img":"","footer-sml-layout":"","theme-transparent-header-meta":"default","adv-header-id-meta":"","stick-header-meta":"default","header-above-stick-meta":"","header-main-stick-meta":"","header-below-stick-meta":"","astra-migrate-meta-layouts":"default","ast-page-background-enabled":"default","ast-page-background-meta":{"desktop":{"background-color":"","background-image":"","background-repeat":"repeat","background-position":"center center","background-size":"auto","background-attachment":"scroll","background-type":"","background-media":"","overlay-type":"","overlay-color":"","overlay-opacity":"","overlay-gradient":""},"tablet":{"background-color":"","background-image":"","background-repeat":"repeat","background-position":"center center","background-size":"auto","background-attachment":"scroll","background-type":"","background-media":"","overlay-type":"","overlay-color":"","overlay-opacity":"","overlay-gradient":""},"mobile":{"background-color":"","background-image":"","background-repeat":"repeat","background-position":"center center","background-size":"auto","background-attachment":"scroll","background-type":"","background-media":"","overlay-type":"","overlay-color":"","overlay-opacity":"","overlay-gradient":""}},"ast-content-background-meta":{"desktop":{"background-color":"var(--ast-global-color-5)","background-image":"","background-repeat":"repeat","background-position":"center center","background-size":"auto","background-attachment":"scroll","background-type":"","background-media":"","overlay-type":"","overlay-color":"","overlay-opacity":"","overlay-gradient":""},"tablet":{"background-color":"var(--ast-global-color-5)","background-image":"","background-repeat":"repeat","background-position":"center center","background-size":"auto","background-attachment":"scroll","background-type":"","background-media":"","overlay-type":"","overlay-color":"","overlay-opacity":"","overlay-gradient":""},"mobile":{"background-color":"var(--ast-global-color-5)","background-image":"","background-repeat":"repeat","background-position":"center center","background-size":"auto","background-attachment":"scroll","background-type":"","background-media":"","overlay-type":"","overlay-color":"","overlay-opacity":"","overlay-gradient":""}}},"product_cat":[1219],"product_tag":[1509,1513,1515,1523,1507,1524,1511,1517,1519,1521,1505,1525,1527,1526,1522,1528,1529],"class_list":{"0":"post-6943","1":"product","2":"type-product","3":"status-publish","4":"has-post-thumbnail","6":"product_cat-zdrowie-kosci-i-stawow","7":"product_tag-chondroityna-glukozamina-duza-sila","8":"product_tag-glukozamina-mg","9":"product_tag-glukozamina-msm","10":"product_tag-metformina-mg-tabletki","11":"product_tag-opieka-nad-stawami","12":"product_tag-poruszac-sie-swobodnie","13":"product_tag-siarczan-chondroityny","14":"product_tag-siarczan-glukozaminy","15":"product_tag-siarczan-glukozaminy-pl","16":"product_tag-siarczan-glukozaminy-mg","17":"product_tag-suplement-do-pielegnacji-stawow","18":"product_tag-tabletki-msm","19":"product_tag-tabletki-na-zapalenie-stawow","20":"product_tag-tabletki-przeciwbolowe","21":"product_tag-ulga-w-bolu-stawow","22":"product_tag-weganska-glukozamina","23":"product_tag-witaminy-na-artretyzm","24":"has-subscription-plans","25":"desktop-align-left","26":"tablet-align-left","27":"mobile-align-left","29":"first","30":"instock","31":"sale","32":"taxable","33":"shipping-taxable","34":"purchasable","35":"product-type-simple"},"yoast_head":"<!-- This site is optimized with the Yoast SEO plugin v22.7 - https:\/\/yoast.com\/wordpress\/plugins\/seo\/ -->\n<title>Glucosamine Sulfate 1500mg Suplement (365 tabletek) - JeaKen<\/title>\n<meta name=\"robots\" content=\"index, follow, max-snippet:-1, max-image-preview:large, max-video-preview:-1\" \/>\n<link rel=\"canonical\" href=\"https:\/\/jeaken.com\/pl\/produkt\/siarczan-glukozaminy-1500mg-uzupelnienie-365-tabletek\/\" \/>\n<meta property=\"og:locale\" content=\"pl_PL\" \/>\n<meta property=\"og:type\" content=\"article\" \/>\n<meta property=\"og:title\" content=\"Glucosamine Sulfate 1500mg Suplement (365 tabletek) - JeaKen\" \/>\n<meta property=\"og:description\" content=\"Grade A, przyjazny dla wegan suplement glukozaminy dla poprawy zdrowia staw\u00f3w.\" \/>\n<meta property=\"og:url\" content=\"https:\/\/jeaken.com\/pl\/produkt\/siarczan-glukozaminy-1500mg-uzupelnienie-365-tabletek\/\" \/>\n<meta property=\"og:site_name\" content=\"JeaKen\" \/>\n<meta property=\"article:modified_time\" content=\"2022-09-08T14:51:05+00:00\" \/>\n<meta property=\"og:image\" content=\"https:\/\/jeaken.com\/wp-content\/uploads\/2022\/07\/Front-7.jpg\" \/>\n\t<meta property=\"og:image:width\" content=\"901\" \/>\n\t<meta property=\"og:image:height\" content=\"1100\" \/>\n\t<meta property=\"og:image:type\" content=\"image\/jpeg\" \/>\n<meta name=\"twitter:card\" content=\"summary_large_image\" \/>\n<meta name=\"twitter:label1\" content=\"Est. reading time\" \/>\n\t<meta name=\"twitter:data1\" content=\"2 minutes\" \/>\n<script type=\"application\/ld+json\" class=\"yoast-schema-graph\">{\"@context\":\"https:\/\/schema.org\",\"@graph\":[{\"@type\":\"WebPage\",\"@id\":\"https:\/\/jeaken.com\/pl\/produkt\/siarczan-glukozaminy-1500mg-uzupelnienie-365-tabletek\/\",\"url\":\"https:\/\/jeaken.com\/pl\/produkt\/siarczan-glukozaminy-1500mg-uzupelnienie-365-tabletek\/\",\"name\":\"Glucosamine Sulfate 1500mg Suplement (365 tabletek) - JeaKen\",\"isPartOf\":{\"@id\":\"https:\/\/jeaken.com\/pl\/#website\"},\"primaryImageOfPage\":{\"@id\":\"https:\/\/jeaken.com\/pl\/produkt\/siarczan-glukozaminy-1500mg-uzupelnienie-365-tabletek\/#primaryimage\"},\"image\":{\"@id\":\"https:\/\/jeaken.com\/pl\/produkt\/siarczan-glukozaminy-1500mg-uzupelnienie-365-tabletek\/#primaryimage\"},\"thumbnailUrl\":\"https:\/\/jeaken.com\/wp-content\/uploads\/2022\/07\/Front-7.jpg\",\"datePublished\":\"2022-07-21T18:18:16+00:00\",\"dateModified\":\"2022-09-08T14:51:05+00:00\",\"breadcrumb\":{\"@id\":\"https:\/\/jeaken.com\/pl\/produkt\/siarczan-glukozaminy-1500mg-uzupelnienie-365-tabletek\/#breadcrumb\"},\"inLanguage\":\"pl-PL\",\"potentialAction\":[{\"@type\":\"ReadAction\",\"target\":[\"https:\/\/jeaken.com\/pl\/produkt\/siarczan-glukozaminy-1500mg-uzupelnienie-365-tabletek\/\"]}]},{\"@type\":\"ImageObject\",\"inLanguage\":\"pl-PL\",\"@id\":\"https:\/\/jeaken.com\/pl\/produkt\/siarczan-glukozaminy-1500mg-uzupelnienie-365-tabletek\/#primaryimage\",\"url\":\"https:\/\/jeaken.com\/wp-content\/uploads\/2022\/07\/Front-7.jpg\",\"contentUrl\":\"https:\/\/jeaken.com\/wp-content\/uploads\/2022\/07\/Front-7.jpg\",\"width\":901,\"height\":1100,\"caption\":\"Glucosamine Sulfate\"},{\"@type\":\"BreadcrumbList\",\"@id\":\"https:\/\/jeaken.com\/pl\/produkt\/siarczan-glukozaminy-1500mg-uzupelnienie-365-tabletek\/#breadcrumb\",\"itemListElement\":[{\"@type\":\"ListItem\",\"position\":1,\"name\":\"Home\",\"item\":\"https:\/\/jeaken.com\/pl\/\"},{\"@type\":\"ListItem\",\"position\":2,\"name\":\"Private: Shop\",\"item\":\"https:\/\/jeaken.com\/shop\/\"},{\"@type\":\"ListItem\",\"position\":3,\"name\":\"Glucosamine Sulfate 1500mg Suplement (365 tabletek)\"}]},{\"@type\":\"WebSite\",\"@id\":\"https:\/\/jeaken.com\/pl\/#website\",\"url\":\"https:\/\/jeaken.com\/pl\/\",\"name\":\"JeaKen\",\"description\":\"Organic Supplements for Health, Fitness and Nutrition\",\"publisher\":{\"@id\":\"https:\/\/jeaken.com\/pl\/#organization\"},\"potentialAction\":[{\"@type\":\"SearchAction\",\"target\":{\"@type\":\"EntryPoint\",\"urlTemplate\":\"https:\/\/jeaken.com\/pl\/?s={search_term_string}\"},\"query-input\":\"required name=search_term_string\"}],\"inLanguage\":\"pl-PL\"},{\"@type\":\"Organization\",\"@id\":\"https:\/\/jeaken.com\/pl\/#organization\",\"name\":\"JeaKen\",\"url\":\"https:\/\/jeaken.com\/pl\/\",\"logo\":{\"@type\":\"ImageObject\",\"inLanguage\":\"pl-PL\",\"@id\":\"https:\/\/jeaken.com\/pl\/#\/schema\/logo\/image\/\",\"url\":\"https:\/\/jeaken.com\/wp-content\/uploads\/2022\/06\/jeaken-logo-23.png\",\"contentUrl\":\"https:\/\/jeaken.com\/wp-content\/uploads\/2022\/06\/jeaken-logo-23.png\",\"width\":2486,\"height\":736,\"caption\":\"JeaKen\"},\"image\":{\"@id\":\"https:\/\/jeaken.com\/pl\/#\/schema\/logo\/image\/\"}}]}<\/script>\n<!-- \/ Yoast SEO plugin. -->","yoast_head_json":{"title":"Glucosamine Sulfate 1500mg Suplement (365 tabletek) - JeaKen","robots":{"index":"index","follow":"follow","max-snippet":"max-snippet:-1","max-image-preview":"max-image-preview:large","max-video-preview":"max-video-preview:-1"},"canonical":"https:\/\/jeaken.com\/pl\/produkt\/siarczan-glukozaminy-1500mg-uzupelnienie-365-tabletek\/","og_locale":"pl_PL","og_type":"article","og_title":"Glucosamine Sulfate 1500mg Suplement (365 tabletek) - JeaKen","og_description":"Grade A, przyjazny dla wegan suplement glukozaminy dla poprawy zdrowia staw\u00f3w.","og_url":"https:\/\/jeaken.com\/pl\/produkt\/siarczan-glukozaminy-1500mg-uzupelnienie-365-tabletek\/","og_site_name":"JeaKen","article_modified_time":"2022-09-08T14:51:05+00:00","og_image":[{"width":901,"height":1100,"url":"https:\/\/jeaken.com\/wp-content\/uploads\/2022\/07\/Front-7.jpg","type":"image\/jpeg"}],"twitter_card":"summary_large_image","twitter_misc":{"Est. reading time":"2 minutes"},"schema":{"@context":"https:\/\/schema.org","@graph":[{"@type":"WebPage","@id":"https:\/\/jeaken.com\/pl\/produkt\/siarczan-glukozaminy-1500mg-uzupelnienie-365-tabletek\/","url":"https:\/\/jeaken.com\/pl\/produkt\/siarczan-glukozaminy-1500mg-uzupelnienie-365-tabletek\/","name":"Glucosamine Sulfate 1500mg Suplement (365 tabletek) - JeaKen","isPartOf":{"@id":"https:\/\/jeaken.com\/pl\/#website"},"primaryImageOfPage":{"@id":"https:\/\/jeaken.com\/pl\/produkt\/siarczan-glukozaminy-1500mg-uzupelnienie-365-tabletek\/#primaryimage"},"image":{"@id":"https:\/\/jeaken.com\/pl\/produkt\/siarczan-glukozaminy-1500mg-uzupelnienie-365-tabletek\/#primaryimage"},"thumbnailUrl":"https:\/\/jeaken.com\/wp-content\/uploads\/2022\/07\/Front-7.jpg","datePublished":"2022-07-21T18:18:16+00:00","dateModified":"2022-09-08T14:51:05+00:00","breadcrumb":{"@id":"https:\/\/jeaken.com\/pl\/produkt\/siarczan-glukozaminy-1500mg-uzupelnienie-365-tabletek\/#breadcrumb"},"inLanguage":"pl-PL","potentialAction":[{"@type":"ReadAction","target":["https:\/\/jeaken.com\/pl\/produkt\/siarczan-glukozaminy-1500mg-uzupelnienie-365-tabletek\/"]}]},{"@type":"ImageObject","inLanguage":"pl-PL","@id":"https:\/\/jeaken.com\/pl\/produkt\/siarczan-glukozaminy-1500mg-uzupelnienie-365-tabletek\/#primaryimage","url":"https:\/\/jeaken.com\/wp-content\/uploads\/2022\/07\/Front-7.jpg","contentUrl":"https:\/\/jeaken.com\/wp-content\/uploads\/2022\/07\/Front-7.jpg","width":901,"height":1100,"caption":"Glucosamine Sulfate"},{"@type":"BreadcrumbList","@id":"https:\/\/jeaken.com\/pl\/produkt\/siarczan-glukozaminy-1500mg-uzupelnienie-365-tabletek\/#breadcrumb","itemListElement":[{"@type":"ListItem","position":1,"name":"Home","item":"https:\/\/jeaken.com\/pl\/"},{"@type":"ListItem","position":2,"name":"Private: Shop","item":"https:\/\/jeaken.com\/shop\/"},{"@type":"ListItem","position":3,"name":"Glucosamine Sulfate 1500mg Suplement (365 tabletek)"}]},{"@type":"WebSite","@id":"https:\/\/jeaken.com\/pl\/#website","url":"https:\/\/jeaken.com\/pl\/","name":"JeaKen","description":"Organic Supplements for Health, Fitness and Nutrition","publisher":{"@id":"https:\/\/jeaken.com\/pl\/#organization"},"potentialAction":[{"@type":"SearchAction","target":{"@type":"EntryPoint","urlTemplate":"https:\/\/jeaken.com\/pl\/?s={search_term_string}"},"query-input":"required name=search_term_string"}],"inLanguage":"pl-PL"},{"@type":"Organization","@id":"https:\/\/jeaken.com\/pl\/#organization","name":"JeaKen","url":"https:\/\/jeaken.com\/pl\/","logo":{"@type":"ImageObject","inLanguage":"pl-PL","@id":"https:\/\/jeaken.com\/pl\/#\/schema\/logo\/image\/","url":"https:\/\/jeaken.com\/wp-content\/uploads\/2022\/06\/jeaken-logo-23.png","contentUrl":"https:\/\/jeaken.com\/wp-content\/uploads\/2022\/06\/jeaken-logo-23.png","width":2486,"height":736,"caption":"JeaKen"},"image":{"@id":"https:\/\/jeaken.com\/pl\/#\/schema\/logo\/image\/"}}]}},"jetpack_sharing_enabled":true,"_links":{"self":[{"href":"https:\/\/jeaken.com\/pl\/wp-json\/wp\/v2\/product\/6943","targetHints":{"allow":["GET"]}}],"collection":[{"href":"https:\/\/jeaken.com\/pl\/wp-json\/wp\/v2\/product"}],"about":[{"href":"https:\/\/jeaken.com\/pl\/wp-json\/wp\/v2\/types\/product"}],"wp:featuredmedia":[{"embeddable":true,"href":"https:\/\/jeaken.com\/pl\/wp-json\/wp\/v2\/media\/14823"}],"wp:attachment":[{"href":"https:\/\/jeaken.com\/pl\/wp-json\/wp\/v2\/media?parent=6943"}],"wp:term":[{"taxonomy":"product_cat","embeddable":true,"href":"https:\/\/jeaken.com\/pl\/wp-json\/wp\/v2\/product_cat?post=6943"},{"taxonomy":"product_tag","embeddable":true,"href":"https:\/\/jeaken.com\/pl\/wp-json\/wp\/v2\/product_tag?post=6943"}],"curies":[{"name":"wp","href":"https:\/\/api.w.org\/{rel}","templated":true}]}}