{"id":6939,"date":"2022-07-21T19:18:16","date_gmt":"2022-07-21T18:18:16","guid":{"rendered":"https:\/1658920591610?product=zielona-herbata-kapsulki-850mg-utrata-masy-ciala-antyoksydacyjne-suplementy-120-tabletek"},"modified":"2022-08-09T15:16:06","modified_gmt":"2022-08-09T14:16:06","slug":"zielona-herbata-kapsulki-850mg-utrata-masy-ciala-antyoksydacyjne-suplementy-120-tabletek","status":"publish","type":"product","link":"https:\/\/jeaken.com\/pl\/produkt\/zielona-herbata-kapsulki-850mg-utrata-masy-ciala-antyoksydacyjne-suplementy-120-tabletek\/","title":{"rendered":"Zielona herbata kapsu\u0142ki &#8211; 850mg utrata masy cia\u0142a antyoksydacyjne suplementy (120 tabletek)"},"content":{"rendered":"<p><strong>OFERUJE WIELE KORZY\u015aCI ZDROWOTNYCH<\/strong><\/p>\n<p>Zielona herbata jest stosowana w medycynie chi\u0144skiej od oko\u0142o 4 tysi\u0119cy lat. Oferuje wiele pot\u0119\u017cnych korzy\u015bci zdrowotnych, w tym pomaga obni\u017cy\u0107 ryzyko chor\u00f3b serca i niekt\u00f3rych rodzaj\u00f3w raka, zwi\u0119ksza stosunek dobrego (HDL) cholesterolu do z\u0142ego (LDL) cholesterolu we krwi, wzmacnia uk\u0142ad odporno\u015bciowy i zapewnia wsparcie antyoksydacyjne.<\/p>\n<p><strong>POMAGA W UTRACIE WAGI<\/strong><\/p>\n<p>W po\u0142\u0105czeniu ze zdrow\u0105 diet\u0105, nasza przyjazna dla wegetarian zielona herbata dzia\u0142a jako skuteczny \u015brodek wspomagaj\u0105cy odchudzanie, zwi\u0119kszaj\u0105c tempo metabolizmu i hamuj\u0105c apetyt.<\/p>\n<p><strong>SILNY NATURALNY ANTYOKSYDANT<\/strong><\/p>\n<p>EGCG znajduj\u0105cy si\u0119 w zielonej herbacie jest odpowiedzialny za wi\u0119kszo\u015b\u0107 jej w\u0142a\u015bciwo\u015bci antyoksydacyjnych, co zapobiega uszkodzeniu Twoich kom\u00f3rek przez wolne rodniki.<\/p>\n<p><strong>POPRAWIA PAMI\u0118\u0106 I KONCENTRACJ\u0118<\/strong><\/p>\n<p>W\u0142a\u015bciwo\u015bci znalezione w ekstrakcie z zielonej herbaty mog\u0105 pom\u00f3c zwi\u0119kszy\u0107 poznanie i pami\u0119\u0107, pomagaj\u0105c Ci zachowa\u0107 ostro\u015b\u0107 i koncentracj\u0119 przez ca\u0142y dzie\u0144.<\/p>\n","protected":false},"excerpt":{"rendered":"<h4>Supresant apetytu, kt\u00f3ry zwi\u0119ksza metabolizm, obni\u017ca poziom cholesterolu i wzmacnia uk\u0142ad odporno\u015bciowy.<\/h4>\n<p>&nbsp;<\/p>\n","protected":false},"featured_media":15616,"template":"","meta":{"site-sidebar-layout":"default","site-content-layout":"default","ast-site-content-layout":"default","site-content-style":"default","site-sidebar-style":"default","ast-global-header-display":"","ast-banner-title-visibility":"","ast-main-header-display":"","ast-hfb-above-header-display":"","ast-hfb-below-header-display":"","ast-hfb-mobile-header-display":"","site-post-title":"","ast-breadcrumbs-content":"","ast-featured-img":"","footer-sml-layout":"","theme-transparent-header-meta":"default","adv-header-id-meta":"","stick-header-meta":"default","header-above-stick-meta":"","header-main-stick-meta":"","header-below-stick-meta":"","astra-migrate-meta-layouts":"default","ast-page-background-enabled":"default","ast-page-background-meta":{"desktop":{"background-color":"","background-image":"","background-repeat":"repeat","background-position":"center center","background-size":"auto","background-attachment":"scroll","background-type":"","background-media":"","overlay-type":"","overlay-color":"","overlay-opacity":"","overlay-gradient":""},"tablet":{"background-color":"","background-image":"","background-repeat":"repeat","background-position":"center center","background-size":"auto","background-attachment":"scroll","background-type":"","background-media":"","overlay-type":"","overlay-color":"","overlay-opacity":"","overlay-gradient":""},"mobile":{"background-color":"","background-image":"","background-repeat":"repeat","background-position":"center center","background-size":"auto","background-attachment":"scroll","background-type":"","background-media":"","overlay-type":"","overlay-color":"","overlay-opacity":"","overlay-gradient":""}},"ast-content-background-meta":{"desktop":{"background-color":"var(--ast-global-color-5)","background-image":"","background-repeat":"repeat","background-position":"center center","background-size":"auto","background-attachment":"scroll","background-type":"","background-media":"","overlay-type":"","overlay-color":"","overlay-opacity":"","overlay-gradient":""},"tablet":{"background-color":"var(--ast-global-color-5)","background-image":"","background-repeat":"repeat","background-position":"center center","background-size":"auto","background-attachment":"scroll","background-type":"","background-media":"","overlay-type":"","overlay-color":"","overlay-opacity":"","overlay-gradient":""},"mobile":{"background-color":"var(--ast-global-color-5)","background-image":"","background-repeat":"repeat","background-position":"center center","background-size":"auto","background-attachment":"scroll","background-type":"","background-media":"","overlay-type":"","overlay-color":"","overlay-opacity":"","overlay-gradient":""}}},"product_cat":[671,1210,669],"product_tag":[1461,1472,1480,1477,1464,1459,1447,1229,1451,1453,1224,1214,1449,1237,1479,1475,1240,1467,1233,1220,1456,1458,1471],"class_list":{"0":"post-6939","1":"product","2":"type-product","3":"status-publish","4":"has-post-thumbnail","6":"product_cat-ulga-na-wzdecia","7":"product_cat-utrata-wagi","8":"product_cat-zdrowie-ukladu-pokarmowego","9":"product_tag-ekstrakt-z-zielonej-herbaty","10":"product_tag-herbata-matcha","11":"product_tag-herbata-na-odchudzanie","12":"product_tag-herbata-odchudzajaca","13":"product_tag-kapsulki-z-ekstraktem-z-zielonej-herbaty","14":"product_tag-kapsulki-z-zielona-herbata","15":"product_tag-pigulki-kofeinowe","16":"product_tag-pigulki-odchudzajace","17":"product_tag-spalacz-tluszczu","18":"product_tag-spalacze-tluszczu-dla-kobiet-utrata-wagi","19":"product_tag-spalacze-tluszczu-dla-mezczyzn-utrata-wagi","20":"product_tag-srodek-hamujacy-apetyt","21":"product_tag-tabletka-z-kofeina","22":"product_tag-tabletki-na-odchudzanie","23":"product_tag-tabletki-odchudzajace-pl","24":"product_tag-tabletki-odchudzajace","25":"product_tag-tabletki-odchudzajace-ktore-dzialaja-szybko","26":"product_tag-tabletki-z-zielona-herbata","27":"product_tag-tabletki-zatrzymujace-wode","28":"product_tag-tlumik-apetytu-dla-utraty-wagi","29":"product_tag-utrata-tluszczu","30":"product_tag-zielona-herbata","31":"product_tag-zielona-herbata-matcha","32":"has-subscription-plans","33":"desktop-align-left","34":"tablet-align-left","35":"mobile-align-left","37":"first","38":"instock","39":"taxable","40":"shipping-taxable","41":"purchasable","42":"product-type-simple"},"yoast_head":"<!-- This site is optimized with the Yoast SEO plugin v22.7 - https:\/\/yoast.com\/wordpress\/plugins\/seo\/ -->\n<title>Zielona herbata kapsu\u0142ki - 850mg utrata masy cia\u0142a antyoksydacyjne suplementy (120 tabletek) - JeaKen<\/title>\n<meta name=\"robots\" content=\"index, follow, max-snippet:-1, max-image-preview:large, max-video-preview:-1\" \/>\n<link rel=\"canonical\" href=\"https:\/\/jeaken.com\/pl\/produkt\/zielona-herbata-kapsulki-850mg-utrata-masy-ciala-antyoksydacyjne-suplementy-120-tabletek\/\" \/>\n<meta property=\"og:locale\" content=\"pl_PL\" \/>\n<meta property=\"og:type\" content=\"article\" \/>\n<meta property=\"og:title\" content=\"Zielona herbata kapsu\u0142ki - 850mg utrata masy cia\u0142a antyoksydacyjne suplementy (120 tabletek) - JeaKen\" \/>\n<meta property=\"og:description\" content=\"Supresant apetytu, kt\u00f3ry zwi\u0119ksza metabolizm, obni\u017ca poziom cholesterolu i wzmacnia uk\u0142ad odporno\u015bciowy. &nbsp;\" \/>\n<meta property=\"og:url\" content=\"https:\/\/jeaken.com\/pl\/produkt\/zielona-herbata-kapsulki-850mg-utrata-masy-ciala-antyoksydacyjne-suplementy-120-tabletek\/\" \/>\n<meta property=\"og:site_name\" content=\"JeaKen\" \/>\n<meta property=\"article:modified_time\" content=\"2022-08-09T14:16:06+00:00\" \/>\n<meta property=\"og:image\" content=\"https:\/\/jeaken.com\/wp-content\/uploads\/2022\/07\/Green-Tea.jpg\" \/>\n\t<meta property=\"og:image:width\" content=\"512\" \/>\n\t<meta property=\"og:image:height\" content=\"600\" \/>\n\t<meta property=\"og:image:type\" content=\"image\/jpeg\" \/>\n<meta name=\"twitter:card\" content=\"summary_large_image\" \/>\n<meta name=\"twitter:label1\" content=\"Est. reading time\" \/>\n\t<meta name=\"twitter:data1\" content=\"1 minute\" \/>\n<script type=\"application\/ld+json\" class=\"yoast-schema-graph\">{\"@context\":\"https:\/\/schema.org\",\"@graph\":[{\"@type\":\"WebPage\",\"@id\":\"https:\/\/jeaken.com\/pl\/produkt\/zielona-herbata-kapsulki-850mg-utrata-masy-ciala-antyoksydacyjne-suplementy-120-tabletek\/\",\"url\":\"https:\/\/jeaken.com\/pl\/produkt\/zielona-herbata-kapsulki-850mg-utrata-masy-ciala-antyoksydacyjne-suplementy-120-tabletek\/\",\"name\":\"Zielona herbata kapsu\u0142ki - 850mg utrata masy cia\u0142a antyoksydacyjne suplementy (120 tabletek) - JeaKen\",\"isPartOf\":{\"@id\":\"https:\/\/jeaken.com\/pl\/#website\"},\"primaryImageOfPage\":{\"@id\":\"https:\/\/jeaken.com\/pl\/produkt\/zielona-herbata-kapsulki-850mg-utrata-masy-ciala-antyoksydacyjne-suplementy-120-tabletek\/#primaryimage\"},\"image\":{\"@id\":\"https:\/\/jeaken.com\/pl\/produkt\/zielona-herbata-kapsulki-850mg-utrata-masy-ciala-antyoksydacyjne-suplementy-120-tabletek\/#primaryimage\"},\"thumbnailUrl\":\"https:\/\/jeaken.com\/wp-content\/uploads\/2022\/07\/Green-Tea.jpg\",\"datePublished\":\"2022-07-21T18:18:16+00:00\",\"dateModified\":\"2022-08-09T14:16:06+00:00\",\"breadcrumb\":{\"@id\":\"https:\/\/jeaken.com\/pl\/produkt\/zielona-herbata-kapsulki-850mg-utrata-masy-ciala-antyoksydacyjne-suplementy-120-tabletek\/#breadcrumb\"},\"inLanguage\":\"pl-PL\",\"potentialAction\":[{\"@type\":\"ReadAction\",\"target\":[\"https:\/\/jeaken.com\/pl\/produkt\/zielona-herbata-kapsulki-850mg-utrata-masy-ciala-antyoksydacyjne-suplementy-120-tabletek\/\"]}]},{\"@type\":\"ImageObject\",\"inLanguage\":\"pl-PL\",\"@id\":\"https:\/\/jeaken.com\/pl\/produkt\/zielona-herbata-kapsulki-850mg-utrata-masy-ciala-antyoksydacyjne-suplementy-120-tabletek\/#primaryimage\",\"url\":\"https:\/\/jeaken.com\/wp-content\/uploads\/2022\/07\/Green-Tea.jpg\",\"contentUrl\":\"https:\/\/jeaken.com\/wp-content\/uploads\/2022\/07\/Green-Tea.jpg\",\"width\":512,\"height\":600,\"caption\":\"Green Tea Capsules \u2013 850mg Weight Loss Antioxidant Supplements\"},{\"@type\":\"BreadcrumbList\",\"@id\":\"https:\/\/jeaken.com\/pl\/produkt\/zielona-herbata-kapsulki-850mg-utrata-masy-ciala-antyoksydacyjne-suplementy-120-tabletek\/#breadcrumb\",\"itemListElement\":[{\"@type\":\"ListItem\",\"position\":1,\"name\":\"Home\",\"item\":\"https:\/\/jeaken.com\/pl\/\"},{\"@type\":\"ListItem\",\"position\":2,\"name\":\"Private: Shop\",\"item\":\"https:\/\/jeaken.com\/shop\/\"},{\"@type\":\"ListItem\",\"position\":3,\"name\":\"Zielona herbata kapsu\u0142ki &#8211; 850mg utrata masy cia\u0142a antyoksydacyjne suplementy (120 tabletek)\"}]},{\"@type\":\"WebSite\",\"@id\":\"https:\/\/jeaken.com\/pl\/#website\",\"url\":\"https:\/\/jeaken.com\/pl\/\",\"name\":\"JeaKen\",\"description\":\"Organic Supplements for Health, Fitness and Nutrition\",\"publisher\":{\"@id\":\"https:\/\/jeaken.com\/pl\/#organization\"},\"potentialAction\":[{\"@type\":\"SearchAction\",\"target\":{\"@type\":\"EntryPoint\",\"urlTemplate\":\"https:\/\/jeaken.com\/pl\/?s={search_term_string}\"},\"query-input\":\"required name=search_term_string\"}],\"inLanguage\":\"pl-PL\"},{\"@type\":\"Organization\",\"@id\":\"https:\/\/jeaken.com\/pl\/#organization\",\"name\":\"JeaKen\",\"url\":\"https:\/\/jeaken.com\/pl\/\",\"logo\":{\"@type\":\"ImageObject\",\"inLanguage\":\"pl-PL\",\"@id\":\"https:\/\/jeaken.com\/pl\/#\/schema\/logo\/image\/\",\"url\":\"https:\/\/jeaken.com\/wp-content\/uploads\/2022\/06\/jeaken-logo-23.png\",\"contentUrl\":\"https:\/\/jeaken.com\/wp-content\/uploads\/2022\/06\/jeaken-logo-23.png\",\"width\":2486,\"height\":736,\"caption\":\"JeaKen\"},\"image\":{\"@id\":\"https:\/\/jeaken.com\/pl\/#\/schema\/logo\/image\/\"}}]}<\/script>\n<!-- \/ Yoast SEO plugin. -->","yoast_head_json":{"title":"Zielona herbata kapsu\u0142ki - 850mg utrata masy cia\u0142a antyoksydacyjne suplementy (120 tabletek) - JeaKen","robots":{"index":"index","follow":"follow","max-snippet":"max-snippet:-1","max-image-preview":"max-image-preview:large","max-video-preview":"max-video-preview:-1"},"canonical":"https:\/\/jeaken.com\/pl\/produkt\/zielona-herbata-kapsulki-850mg-utrata-masy-ciala-antyoksydacyjne-suplementy-120-tabletek\/","og_locale":"pl_PL","og_type":"article","og_title":"Zielona herbata kapsu\u0142ki - 850mg utrata masy cia\u0142a antyoksydacyjne suplementy (120 tabletek) - JeaKen","og_description":"Supresant apetytu, kt\u00f3ry zwi\u0119ksza metabolizm, obni\u017ca poziom cholesterolu i wzmacnia uk\u0142ad odporno\u015bciowy. &nbsp;","og_url":"https:\/\/jeaken.com\/pl\/produkt\/zielona-herbata-kapsulki-850mg-utrata-masy-ciala-antyoksydacyjne-suplementy-120-tabletek\/","og_site_name":"JeaKen","article_modified_time":"2022-08-09T14:16:06+00:00","og_image":[{"width":512,"height":600,"url":"https:\/\/jeaken.com\/wp-content\/uploads\/2022\/07\/Green-Tea.jpg","type":"image\/jpeg"}],"twitter_card":"summary_large_image","twitter_misc":{"Est. reading time":"1 minute"},"schema":{"@context":"https:\/\/schema.org","@graph":[{"@type":"WebPage","@id":"https:\/\/jeaken.com\/pl\/produkt\/zielona-herbata-kapsulki-850mg-utrata-masy-ciala-antyoksydacyjne-suplementy-120-tabletek\/","url":"https:\/\/jeaken.com\/pl\/produkt\/zielona-herbata-kapsulki-850mg-utrata-masy-ciala-antyoksydacyjne-suplementy-120-tabletek\/","name":"Zielona herbata kapsu\u0142ki - 850mg utrata masy cia\u0142a antyoksydacyjne suplementy (120 tabletek) - JeaKen","isPartOf":{"@id":"https:\/\/jeaken.com\/pl\/#website"},"primaryImageOfPage":{"@id":"https:\/\/jeaken.com\/pl\/produkt\/zielona-herbata-kapsulki-850mg-utrata-masy-ciala-antyoksydacyjne-suplementy-120-tabletek\/#primaryimage"},"image":{"@id":"https:\/\/jeaken.com\/pl\/produkt\/zielona-herbata-kapsulki-850mg-utrata-masy-ciala-antyoksydacyjne-suplementy-120-tabletek\/#primaryimage"},"thumbnailUrl":"https:\/\/jeaken.com\/wp-content\/uploads\/2022\/07\/Green-Tea.jpg","datePublished":"2022-07-21T18:18:16+00:00","dateModified":"2022-08-09T14:16:06+00:00","breadcrumb":{"@id":"https:\/\/jeaken.com\/pl\/produkt\/zielona-herbata-kapsulki-850mg-utrata-masy-ciala-antyoksydacyjne-suplementy-120-tabletek\/#breadcrumb"},"inLanguage":"pl-PL","potentialAction":[{"@type":"ReadAction","target":["https:\/\/jeaken.com\/pl\/produkt\/zielona-herbata-kapsulki-850mg-utrata-masy-ciala-antyoksydacyjne-suplementy-120-tabletek\/"]}]},{"@type":"ImageObject","inLanguage":"pl-PL","@id":"https:\/\/jeaken.com\/pl\/produkt\/zielona-herbata-kapsulki-850mg-utrata-masy-ciala-antyoksydacyjne-suplementy-120-tabletek\/#primaryimage","url":"https:\/\/jeaken.com\/wp-content\/uploads\/2022\/07\/Green-Tea.jpg","contentUrl":"https:\/\/jeaken.com\/wp-content\/uploads\/2022\/07\/Green-Tea.jpg","width":512,"height":600,"caption":"Green Tea Capsules \u2013 850mg Weight Loss Antioxidant Supplements"},{"@type":"BreadcrumbList","@id":"https:\/\/jeaken.com\/pl\/produkt\/zielona-herbata-kapsulki-850mg-utrata-masy-ciala-antyoksydacyjne-suplementy-120-tabletek\/#breadcrumb","itemListElement":[{"@type":"ListItem","position":1,"name":"Home","item":"https:\/\/jeaken.com\/pl\/"},{"@type":"ListItem","position":2,"name":"Private: Shop","item":"https:\/\/jeaken.com\/shop\/"},{"@type":"ListItem","position":3,"name":"Zielona herbata kapsu\u0142ki &#8211; 850mg utrata masy cia\u0142a antyoksydacyjne suplementy (120 tabletek)"}]},{"@type":"WebSite","@id":"https:\/\/jeaken.com\/pl\/#website","url":"https:\/\/jeaken.com\/pl\/","name":"JeaKen","description":"Organic Supplements for Health, Fitness and Nutrition","publisher":{"@id":"https:\/\/jeaken.com\/pl\/#organization"},"potentialAction":[{"@type":"SearchAction","target":{"@type":"EntryPoint","urlTemplate":"https:\/\/jeaken.com\/pl\/?s={search_term_string}"},"query-input":"required name=search_term_string"}],"inLanguage":"pl-PL"},{"@type":"Organization","@id":"https:\/\/jeaken.com\/pl\/#organization","name":"JeaKen","url":"https:\/\/jeaken.com\/pl\/","logo":{"@type":"ImageObject","inLanguage":"pl-PL","@id":"https:\/\/jeaken.com\/pl\/#\/schema\/logo\/image\/","url":"https:\/\/jeaken.com\/wp-content\/uploads\/2022\/06\/jeaken-logo-23.png","contentUrl":"https:\/\/jeaken.com\/wp-content\/uploads\/2022\/06\/jeaken-logo-23.png","width":2486,"height":736,"caption":"JeaKen"},"image":{"@id":"https:\/\/jeaken.com\/pl\/#\/schema\/logo\/image\/"}}]}},"jetpack_sharing_enabled":true,"_links":{"self":[{"href":"https:\/\/jeaken.com\/pl\/wp-json\/wp\/v2\/product\/6939","targetHints":{"allow":["GET"]}}],"collection":[{"href":"https:\/\/jeaken.com\/pl\/wp-json\/wp\/v2\/product"}],"about":[{"href":"https:\/\/jeaken.com\/pl\/wp-json\/wp\/v2\/types\/product"}],"wp:featuredmedia":[{"embeddable":true,"href":"https:\/\/jeaken.com\/pl\/wp-json\/wp\/v2\/media\/15616"}],"wp:attachment":[{"href":"https:\/\/jeaken.com\/pl\/wp-json\/wp\/v2\/media?parent=6939"}],"wp:term":[{"taxonomy":"product_cat","embeddable":true,"href":"https:\/\/jeaken.com\/pl\/wp-json\/wp\/v2\/product_cat?post=6939"},{"taxonomy":"product_tag","embeddable":true,"href":"https:\/\/jeaken.com\/pl\/wp-json\/wp\/v2\/product_tag?post=6939"}],"curies":[{"name":"wp","href":"https:\/\/api.w.org\/{rel}","templated":true}]}}