{"id":6935,"date":"2022-07-21T19:18:16","date_gmt":"2022-07-21T18:18:16","guid":{"rendered":"https:\/1658920591610?product=l-glutamina-w-kapsulkach-500mg-do-wytwarzania-i-regeneracji-miesni-120-kapsulek"},"modified":"2022-08-09T15:15:59","modified_gmt":"2022-08-09T14:15:59","slug":"l-glutamina-w-kapsulkach-500mg-do-wytwarzania-i-regeneracji-miesni-120-kapsulek","status":"publish","type":"product","link":"https:\/\/jeaken.com\/pl\/produkt\/l-glutamina-w-kapsulkach-500mg-do-wytwarzania-i-regeneracji-miesni-120-kapsulek\/","title":{"rendered":"L-Glutamina w kapsu\u0142kach (500mg) &#8211; do wytwarzania i regeneracji mi\u0119\u015bni (120 kapsu\u0142ek)"},"content":{"rendered":"<p><strong><span class=\"a-list-item\">NIEZB\u0118DNY AMINOKWAS WYMAGANY PRZEZ KA\u017bDY MI\u0118SIE\u0143  <\/span><\/strong><\/p>\n<p><span class=\"a-list-item\">  L-Glutamina jest niezb\u0119dnym aminokwasem wymaganym przez ka\u017cdy mi\u0119sie\u0144 w organizmie i jest jednym z najwa\u017cniejszych budulc\u00f3w w tworzeniu bia\u0142ek, kt\u00f3re utrzymuj\u0105 zdrowie kom\u00f3rkowe i napraw\u0119 tkanek. Glutamina wyst\u0119puje w r\u00f3\u017cnych ilo\u015bciach w wi\u0119kszo\u015bci mi\u0119s i ryb, a tak\u017ce w niewielkim stopniu w warzywach i ro\u015blinach str\u0105czkowych.<\/span><\/p>\n<p><strong><span class=\"a-list-item\">ZAPOBIEGA ROZPADOWI MI\u0118\u015aNI I PRZYSPIESZA ICH REGENERACJ\u0118  <\/span><\/strong><\/p>\n<p><span class=\"a-list-item\">  Ka\u017cdy, kto bierze udzia\u0142 w programach treningowych o wysokiej intensywno\u015bci przeznaczonych do hipertrofii, mo\u017ce uzna\u0107 kapsu\u0142ki z L-glutamin\u0105 lub L-glutamin\u0119 w proszku za korzystny suplement. L-Glutamina to najobficiej wyst\u0119puj\u0105cy w ludzkim organizmie aminokwas, kt\u00f3ry wspomaga wysi\u0142ek i regeneracj\u0119 mi\u0119\u015bni oraz zdrowie przewodu pokarmowego.<\/span><\/p>\n<p><strong><span class=\"a-list-item\">STYMULUJE PRODUKCJ\u0118 HORMON\u00d3W  <\/span><\/strong><\/p>\n<p><span class=\"a-list-item\">  Suplementacja glutamin\u0105 wspomaga syntez\u0119 bia\u0142ek, a tak\u017ce tempo produkcji glikogenu. Podczas wysi\u0142ku fizycznego glutamina jest szybko wyczerpywana z mi\u0119\u015bni ze wzgl\u0119du na jej du\u017ce zaanga\u017cowanie w liczne reakcje. Uzupe\u0142nianie glutaminy jest wa\u017cne, aby zr\u00f3wnowa\u017cy\u0107 te redukcje i stworzy\u0107 \u015brodowisko optymalne dla rozwoju mi\u0119\u015bni.<\/span><\/p>\n<p><strong><span class=\"a-list-item\">WZMACNIA UK\u0141AD ODPORNO\u015aCIOWY  <\/span><\/strong><\/p>\n<p><span class=\"a-list-item\">Glutamina odgrywa rol\u0119 w podziale kom\u00f3rek odporno\u015bciowych. Zachowuje tkank\u0119 mi\u0119\u015bniow\u0105 i wspiera funkcje immunologiczne w okresach stresu immunologicznego i mi\u0119\u015bniowego.<\/span><\/p>\n<p>&nbsp;<\/p>\n","protected":false},"excerpt":{"rendered":"<h4><b>Skuteczny suplement dla sportowc\u00f3w zaanga\u017cowanych w trening o wysokiej intensywno\u015bci.<\/b><\/h4>\n<p>&nbsp;<\/p>\n<p>&nbsp;<\/p>\n","protected":false},"featured_media":16041,"template":"","meta":{"site-sidebar-layout":"default","site-content-layout":"default","ast-site-content-layout":"default","site-content-style":"default","site-sidebar-style":"default","ast-global-header-display":"","ast-banner-title-visibility":"","ast-main-header-display":"","ast-hfb-above-header-display":"","ast-hfb-below-header-display":"","ast-hfb-mobile-header-display":"","site-post-title":"","ast-breadcrumbs-content":"","ast-featured-img":"","footer-sml-layout":"","theme-transparent-header-meta":"default","adv-header-id-meta":"","stick-header-meta":"default","header-above-stick-meta":"","header-main-stick-meta":"","header-below-stick-meta":"","astra-migrate-meta-layouts":"default","ast-page-background-enabled":"default","ast-page-background-meta":{"desktop":{"background-color":"","background-image":"","background-repeat":"repeat","background-position":"center center","background-size":"auto","background-attachment":"scroll","background-type":"","background-media":"","overlay-type":"","overlay-color":"","overlay-opacity":"","overlay-gradient":""},"tablet":{"background-color":"","background-image":"","background-repeat":"repeat","background-position":"center center","background-size":"auto","background-attachment":"scroll","background-type":"","background-media":"","overlay-type":"","overlay-color":"","overlay-opacity":"","overlay-gradient":""},"mobile":{"background-color":"","background-image":"","background-repeat":"repeat","background-position":"center center","background-size":"auto","background-attachment":"scroll","background-type":"","background-media":"","overlay-type":"","overlay-color":"","overlay-opacity":"","overlay-gradient":""}},"ast-content-background-meta":{"desktop":{"background-color":"var(--ast-global-color-5)","background-image":"","background-repeat":"repeat","background-position":"center center","background-size":"auto","background-attachment":"scroll","background-type":"","background-media":"","overlay-type":"","overlay-color":"","overlay-opacity":"","overlay-gradient":""},"tablet":{"background-color":"var(--ast-global-color-5)","background-image":"","background-repeat":"repeat","background-position":"center center","background-size":"auto","background-attachment":"scroll","background-type":"","background-media":"","overlay-type":"","overlay-color":"","overlay-opacity":"","overlay-gradient":""},"mobile":{"background-color":"var(--ast-global-color-5)","background-image":"","background-repeat":"repeat","background-position":"center center","background-size":"auto","background-attachment":"scroll","background-type":"","background-media":"","overlay-type":"","overlay-color":"","overlay-opacity":"","overlay-gradient":""}}},"product_cat":[631,550,551],"product_tag":[1402,1408,1414,1425,1406,1422,1428,1416,1412,1431,1405,1418],"class_list":{"0":"post-6935","1":"product","2":"type-product","3":"status-publish","4":"has-post-thumbnail","6":"product_cat-budowanie-miesni","7":"product_cat-nastroj-i-dobre-samopoczucie","8":"product_cat-zywienie-sportowe","9":"product_tag-aminokwasy-w-proszku","10":"product_tag-aminokwasy-w-proszku-pl","11":"product_tag-energia-aminowa","12":"product_tag-kapsulki-l-glutaminy","13":"product_tag-kapsulki-z-aminokwasami","14":"product_tag-l-glutamina-kapsulki-mg","15":"product_tag-l-glutamina-w-proszku","16":"product_tag-niezbedny-aminokwas","17":"product_tag-suplementy-aminokwasow","18":"product_tag-tabletki-na-miesnie","19":"product_tag-tabletki-z-aminokwasami","20":"product_tag-tabletki-z-glutamina","21":"has-subscription-plans","22":"desktop-align-left","23":"tablet-align-left","24":"mobile-align-left","26":"first","27":"instock","28":"taxable","29":"shipping-taxable","30":"purchasable","31":"product-type-simple"},"yoast_head":"<!-- This site is optimized with the Yoast SEO plugin v22.7 - https:\/\/yoast.com\/wordpress\/plugins\/seo\/ -->\n<title>L-Glutamina w kapsu\u0142kach (500mg) - do wytwarzania i regeneracji mi\u0119\u015bni (120 kapsu\u0142ek) - JeaKen<\/title>\n<meta name=\"robots\" content=\"index, follow, max-snippet:-1, max-image-preview:large, max-video-preview:-1\" \/>\n<link rel=\"canonical\" href=\"https:\/\/jeaken.com\/pl\/produkt\/l-glutamina-w-kapsulkach-500mg-do-wytwarzania-i-regeneracji-miesni-120-kapsulek\/\" \/>\n<meta property=\"og:locale\" content=\"pl_PL\" \/>\n<meta property=\"og:type\" content=\"article\" \/>\n<meta property=\"og:title\" content=\"L-Glutamina w kapsu\u0142kach (500mg) - do wytwarzania i regeneracji mi\u0119\u015bni (120 kapsu\u0142ek) - JeaKen\" \/>\n<meta property=\"og:description\" content=\"Skuteczny suplement dla sportowc\u00f3w zaanga\u017cowanych w trening o wysokiej intensywno\u015bci. &nbsp; &nbsp;\" \/>\n<meta property=\"og:url\" content=\"https:\/\/jeaken.com\/pl\/produkt\/l-glutamina-w-kapsulkach-500mg-do-wytwarzania-i-regeneracji-miesni-120-kapsulek\/\" \/>\n<meta property=\"og:site_name\" content=\"JeaKen\" \/>\n<meta property=\"article:modified_time\" content=\"2022-08-09T14:15:59+00:00\" \/>\n<meta property=\"og:image\" content=\"https:\/\/jeaken.com\/wp-content\/uploads\/2022\/07\/L-Glutamine.jpg\" \/>\n\t<meta property=\"og:image:width\" content=\"512\" \/>\n\t<meta property=\"og:image:height\" content=\"600\" \/>\n\t<meta property=\"og:image:type\" content=\"image\/jpeg\" \/>\n<meta name=\"twitter:card\" content=\"summary_large_image\" \/>\n<meta name=\"twitter:label1\" content=\"Est. reading time\" \/>\n\t<meta name=\"twitter:data1\" content=\"1 minute\" \/>\n<script type=\"application\/ld+json\" class=\"yoast-schema-graph\">{\"@context\":\"https:\/\/schema.org\",\"@graph\":[{\"@type\":\"WebPage\",\"@id\":\"https:\/\/jeaken.com\/pl\/produkt\/l-glutamina-w-kapsulkach-500mg-do-wytwarzania-i-regeneracji-miesni-120-kapsulek\/\",\"url\":\"https:\/\/jeaken.com\/pl\/produkt\/l-glutamina-w-kapsulkach-500mg-do-wytwarzania-i-regeneracji-miesni-120-kapsulek\/\",\"name\":\"L-Glutamina w kapsu\u0142kach (500mg) - do wytwarzania i regeneracji mi\u0119\u015bni (120 kapsu\u0142ek) - JeaKen\",\"isPartOf\":{\"@id\":\"https:\/\/jeaken.com\/pl\/#website\"},\"primaryImageOfPage\":{\"@id\":\"https:\/\/jeaken.com\/pl\/produkt\/l-glutamina-w-kapsulkach-500mg-do-wytwarzania-i-regeneracji-miesni-120-kapsulek\/#primaryimage\"},\"image\":{\"@id\":\"https:\/\/jeaken.com\/pl\/produkt\/l-glutamina-w-kapsulkach-500mg-do-wytwarzania-i-regeneracji-miesni-120-kapsulek\/#primaryimage\"},\"thumbnailUrl\":\"https:\/\/jeaken.com\/wp-content\/uploads\/2022\/07\/L-Glutamine.jpg\",\"datePublished\":\"2022-07-21T18:18:16+00:00\",\"dateModified\":\"2022-08-09T14:15:59+00:00\",\"breadcrumb\":{\"@id\":\"https:\/\/jeaken.com\/pl\/produkt\/l-glutamina-w-kapsulkach-500mg-do-wytwarzania-i-regeneracji-miesni-120-kapsulek\/#breadcrumb\"},\"inLanguage\":\"pl-PL\",\"potentialAction\":[{\"@type\":\"ReadAction\",\"target\":[\"https:\/\/jeaken.com\/pl\/produkt\/l-glutamina-w-kapsulkach-500mg-do-wytwarzania-i-regeneracji-miesni-120-kapsulek\/\"]}]},{\"@type\":\"ImageObject\",\"inLanguage\":\"pl-PL\",\"@id\":\"https:\/\/jeaken.com\/pl\/produkt\/l-glutamina-w-kapsulkach-500mg-do-wytwarzania-i-regeneracji-miesni-120-kapsulek\/#primaryimage\",\"url\":\"https:\/\/jeaken.com\/wp-content\/uploads\/2022\/07\/L-Glutamine.jpg\",\"contentUrl\":\"https:\/\/jeaken.com\/wp-content\/uploads\/2022\/07\/L-Glutamine.jpg\",\"width\":512,\"height\":600,\"caption\":\"L-Glutamine Capsules (500mg) \u2013 For Muscle Generation and Recovery (120 Capsules)\"},{\"@type\":\"BreadcrumbList\",\"@id\":\"https:\/\/jeaken.com\/pl\/produkt\/l-glutamina-w-kapsulkach-500mg-do-wytwarzania-i-regeneracji-miesni-120-kapsulek\/#breadcrumb\",\"itemListElement\":[{\"@type\":\"ListItem\",\"position\":1,\"name\":\"Home\",\"item\":\"https:\/\/jeaken.com\/pl\/\"},{\"@type\":\"ListItem\",\"position\":2,\"name\":\"Private: Shop\",\"item\":\"https:\/\/jeaken.com\/shop\/\"},{\"@type\":\"ListItem\",\"position\":3,\"name\":\"L-Glutamina w kapsu\u0142kach (500mg) &#8211; do wytwarzania i regeneracji mi\u0119\u015bni (120 kapsu\u0142ek)\"}]},{\"@type\":\"WebSite\",\"@id\":\"https:\/\/jeaken.com\/pl\/#website\",\"url\":\"https:\/\/jeaken.com\/pl\/\",\"name\":\"JeaKen\",\"description\":\"Organic Supplements for Health, Fitness and Nutrition\",\"publisher\":{\"@id\":\"https:\/\/jeaken.com\/pl\/#organization\"},\"potentialAction\":[{\"@type\":\"SearchAction\",\"target\":{\"@type\":\"EntryPoint\",\"urlTemplate\":\"https:\/\/jeaken.com\/pl\/?s={search_term_string}\"},\"query-input\":\"required name=search_term_string\"}],\"inLanguage\":\"pl-PL\"},{\"@type\":\"Organization\",\"@id\":\"https:\/\/jeaken.com\/pl\/#organization\",\"name\":\"JeaKen\",\"url\":\"https:\/\/jeaken.com\/pl\/\",\"logo\":{\"@type\":\"ImageObject\",\"inLanguage\":\"pl-PL\",\"@id\":\"https:\/\/jeaken.com\/pl\/#\/schema\/logo\/image\/\",\"url\":\"https:\/\/jeaken.com\/wp-content\/uploads\/2022\/06\/jeaken-logo-23.png\",\"contentUrl\":\"https:\/\/jeaken.com\/wp-content\/uploads\/2022\/06\/jeaken-logo-23.png\",\"width\":2486,\"height\":736,\"caption\":\"JeaKen\"},\"image\":{\"@id\":\"https:\/\/jeaken.com\/pl\/#\/schema\/logo\/image\/\"}}]}<\/script>\n<!-- \/ Yoast SEO plugin. -->","yoast_head_json":{"title":"L-Glutamina w kapsu\u0142kach (500mg) - do wytwarzania i regeneracji mi\u0119\u015bni (120 kapsu\u0142ek) - JeaKen","robots":{"index":"index","follow":"follow","max-snippet":"max-snippet:-1","max-image-preview":"max-image-preview:large","max-video-preview":"max-video-preview:-1"},"canonical":"https:\/\/jeaken.com\/pl\/produkt\/l-glutamina-w-kapsulkach-500mg-do-wytwarzania-i-regeneracji-miesni-120-kapsulek\/","og_locale":"pl_PL","og_type":"article","og_title":"L-Glutamina w kapsu\u0142kach (500mg) - do wytwarzania i regeneracji mi\u0119\u015bni (120 kapsu\u0142ek) - JeaKen","og_description":"Skuteczny suplement dla sportowc\u00f3w zaanga\u017cowanych w trening o wysokiej intensywno\u015bci. &nbsp; &nbsp;","og_url":"https:\/\/jeaken.com\/pl\/produkt\/l-glutamina-w-kapsulkach-500mg-do-wytwarzania-i-regeneracji-miesni-120-kapsulek\/","og_site_name":"JeaKen","article_modified_time":"2022-08-09T14:15:59+00:00","og_image":[{"width":512,"height":600,"url":"https:\/\/jeaken.com\/wp-content\/uploads\/2022\/07\/L-Glutamine.jpg","type":"image\/jpeg"}],"twitter_card":"summary_large_image","twitter_misc":{"Est. reading time":"1 minute"},"schema":{"@context":"https:\/\/schema.org","@graph":[{"@type":"WebPage","@id":"https:\/\/jeaken.com\/pl\/produkt\/l-glutamina-w-kapsulkach-500mg-do-wytwarzania-i-regeneracji-miesni-120-kapsulek\/","url":"https:\/\/jeaken.com\/pl\/produkt\/l-glutamina-w-kapsulkach-500mg-do-wytwarzania-i-regeneracji-miesni-120-kapsulek\/","name":"L-Glutamina w kapsu\u0142kach (500mg) - do wytwarzania i regeneracji mi\u0119\u015bni (120 kapsu\u0142ek) - JeaKen","isPartOf":{"@id":"https:\/\/jeaken.com\/pl\/#website"},"primaryImageOfPage":{"@id":"https:\/\/jeaken.com\/pl\/produkt\/l-glutamina-w-kapsulkach-500mg-do-wytwarzania-i-regeneracji-miesni-120-kapsulek\/#primaryimage"},"image":{"@id":"https:\/\/jeaken.com\/pl\/produkt\/l-glutamina-w-kapsulkach-500mg-do-wytwarzania-i-regeneracji-miesni-120-kapsulek\/#primaryimage"},"thumbnailUrl":"https:\/\/jeaken.com\/wp-content\/uploads\/2022\/07\/L-Glutamine.jpg","datePublished":"2022-07-21T18:18:16+00:00","dateModified":"2022-08-09T14:15:59+00:00","breadcrumb":{"@id":"https:\/\/jeaken.com\/pl\/produkt\/l-glutamina-w-kapsulkach-500mg-do-wytwarzania-i-regeneracji-miesni-120-kapsulek\/#breadcrumb"},"inLanguage":"pl-PL","potentialAction":[{"@type":"ReadAction","target":["https:\/\/jeaken.com\/pl\/produkt\/l-glutamina-w-kapsulkach-500mg-do-wytwarzania-i-regeneracji-miesni-120-kapsulek\/"]}]},{"@type":"ImageObject","inLanguage":"pl-PL","@id":"https:\/\/jeaken.com\/pl\/produkt\/l-glutamina-w-kapsulkach-500mg-do-wytwarzania-i-regeneracji-miesni-120-kapsulek\/#primaryimage","url":"https:\/\/jeaken.com\/wp-content\/uploads\/2022\/07\/L-Glutamine.jpg","contentUrl":"https:\/\/jeaken.com\/wp-content\/uploads\/2022\/07\/L-Glutamine.jpg","width":512,"height":600,"caption":"L-Glutamine Capsules (500mg) \u2013 For Muscle Generation and Recovery (120 Capsules)"},{"@type":"BreadcrumbList","@id":"https:\/\/jeaken.com\/pl\/produkt\/l-glutamina-w-kapsulkach-500mg-do-wytwarzania-i-regeneracji-miesni-120-kapsulek\/#breadcrumb","itemListElement":[{"@type":"ListItem","position":1,"name":"Home","item":"https:\/\/jeaken.com\/pl\/"},{"@type":"ListItem","position":2,"name":"Private: Shop","item":"https:\/\/jeaken.com\/shop\/"},{"@type":"ListItem","position":3,"name":"L-Glutamina w kapsu\u0142kach (500mg) &#8211; do wytwarzania i regeneracji mi\u0119\u015bni (120 kapsu\u0142ek)"}]},{"@type":"WebSite","@id":"https:\/\/jeaken.com\/pl\/#website","url":"https:\/\/jeaken.com\/pl\/","name":"JeaKen","description":"Organic Supplements for Health, Fitness and Nutrition","publisher":{"@id":"https:\/\/jeaken.com\/pl\/#organization"},"potentialAction":[{"@type":"SearchAction","target":{"@type":"EntryPoint","urlTemplate":"https:\/\/jeaken.com\/pl\/?s={search_term_string}"},"query-input":"required name=search_term_string"}],"inLanguage":"pl-PL"},{"@type":"Organization","@id":"https:\/\/jeaken.com\/pl\/#organization","name":"JeaKen","url":"https:\/\/jeaken.com\/pl\/","logo":{"@type":"ImageObject","inLanguage":"pl-PL","@id":"https:\/\/jeaken.com\/pl\/#\/schema\/logo\/image\/","url":"https:\/\/jeaken.com\/wp-content\/uploads\/2022\/06\/jeaken-logo-23.png","contentUrl":"https:\/\/jeaken.com\/wp-content\/uploads\/2022\/06\/jeaken-logo-23.png","width":2486,"height":736,"caption":"JeaKen"},"image":{"@id":"https:\/\/jeaken.com\/pl\/#\/schema\/logo\/image\/"}}]}},"jetpack_sharing_enabled":true,"_links":{"self":[{"href":"https:\/\/jeaken.com\/pl\/wp-json\/wp\/v2\/product\/6935","targetHints":{"allow":["GET"]}}],"collection":[{"href":"https:\/\/jeaken.com\/pl\/wp-json\/wp\/v2\/product"}],"about":[{"href":"https:\/\/jeaken.com\/pl\/wp-json\/wp\/v2\/types\/product"}],"wp:featuredmedia":[{"embeddable":true,"href":"https:\/\/jeaken.com\/pl\/wp-json\/wp\/v2\/media\/16041"}],"wp:attachment":[{"href":"https:\/\/jeaken.com\/pl\/wp-json\/wp\/v2\/media?parent=6935"}],"wp:term":[{"taxonomy":"product_cat","embeddable":true,"href":"https:\/\/jeaken.com\/pl\/wp-json\/wp\/v2\/product_cat?post=6935"},{"taxonomy":"product_tag","embeddable":true,"href":"https:\/\/jeaken.com\/pl\/wp-json\/wp\/v2\/product_tag?post=6935"}],"curies":[{"name":"wp","href":"https:\/\/api.w.org\/{rel}","templated":true}]}}