{"id":6914,"date":"2022-07-21T19:18:22","date_gmt":"2022-07-21T18:18:22","guid":{"rendered":"https:\/1658920591610?product=antycellulitowy-i-ujedrniajacy-skore-lotion-nasycony-naturalnymi-ekstraktami-owocowymi-dla-uzyskania-optymalnych-rezultatow-50ml"},"modified":"2022-08-09T15:15:43","modified_gmt":"2022-08-09T14:15:43","slug":"antycellulitowy-i-ujedrniajacy-skore-lotion-nasycony-naturalnymi-ekstraktami-owocowymi-dla-uzyskania-optymalnych-rezultatow-50ml","status":"publish","type":"product","link":"https:\/\/jeaken.com\/pl\/produkt\/antycellulitowy-i-ujedrniajacy-skore-lotion-nasycony-naturalnymi-ekstraktami-owocowymi-dla-uzyskania-optymalnych-rezultatow-50ml\/","title":{"rendered":"Antycellulitowy i uj\u0119drniaj\u0105cy sk\u00f3r\u0119 lotion &#8211; nasycony naturalnymi ekstraktami owocowymi dla uzyskania optymalnych rezultat\u00f3w. 50ml"},"content":{"rendered":"<p><strong>POPRAWIA WYGL\u0104D SK\u00d3RY<\/strong><\/p>\n<p><span style=\"font-weight: 400;\">Ten wysokiej jako\u015bci balsam mo\u017ce szybko poprawi\u0107 wygl\u0105d Twojej sk\u00f3ry w ka\u017cdym wybranym przez Ciebie miejscu!  <\/span><\/p>\n<p><strong>UJ\u0118DRNIA, TONIZUJE I NAWIL\u017bA  <\/strong><\/p>\n<p><span style=\"font-weight: 400;\">Nasz \u0142atwo wch\u0142aniaj\u0105cy si\u0119 balsam jest pe\u0142en naturalnych ekstrakt\u00f3w z owoc\u00f3w, takich jak melon, truskawka i papaja, kt\u00f3re tonizuj\u0105, napinaj\u0105 i z\u0142uszczaj\u0105 sk\u00f3r\u0119.<\/span><\/p>\n<p><strong>SKUTECZNA KURACJA ANTYCELLULITOWA  <\/strong><\/p>\n<p><span style=\"font-weight: 400;\">Balsam ten w widoczny spos\u00f3b redukuje cellulit, stymuluje szybsze spalanie podsk\u00f3rnej tkanki t\u0142uszczowej, likwiduje uporczywy cellulit, spala niechciane kom\u00f3rki t\u0142uszczowe oraz zapobiega gromadzeniu si\u0119 tkanki t\u0142uszczowej w przysz\u0142o\u015bci i nawrotom cellulitu.<\/span><\/p>\n<p><strong>\u0141ATWA OBS\u0141UGA  <\/strong><\/p>\n<p><span style=\"font-weight: 400;\">Produkt nadaje si\u0119 do sk\u00f3ry wra\u017cliwej i jest \u0142atwy w u\u017cyciu. Wystarczy wmasowa\u0107 w sk\u00f3r\u0119 okr\u0119\u017cnymi ruchami, a\u017c balsam ca\u0142kowicie si\u0119 wch\u0142onie. Stosowa\u0107 raz dziennie na ca\u0142e cia\u0142o przez minimum trzy miesi\u0105ce.<\/span><\/p>\n<p>&nbsp;<\/p>\n","protected":false},"excerpt":{"rendered":"<h4><span style=\"font-weight: 400;\">Szybko dzia\u0142aj\u0105ca kuracja antycellulitowa, kt\u00f3ra w widoczny spos\u00f3b poprawia wygl\u0105d sk\u00f3ry.<\/span><\/h4>\n","protected":false},"featured_media":5136,"template":"","meta":{"site-sidebar-layout":"default","site-content-layout":"default","ast-site-content-layout":"default","site-content-style":"default","site-sidebar-style":"default","ast-global-header-display":"","ast-banner-title-visibility":"","ast-main-header-display":"","ast-hfb-above-header-display":"","ast-hfb-below-header-display":"","ast-hfb-mobile-header-display":"","site-post-title":"","ast-breadcrumbs-content":"","ast-featured-img":"","footer-sml-layout":"","theme-transparent-header-meta":"default","adv-header-id-meta":"","stick-header-meta":"default","header-above-stick-meta":"","header-main-stick-meta":"","header-below-stick-meta":"","astra-migrate-meta-layouts":"default","ast-page-background-enabled":"default","ast-page-background-meta":{"desktop":{"background-color":"","background-image":"","background-repeat":"repeat","background-position":"center center","background-size":"auto","background-attachment":"scroll","background-type":"","background-media":"","overlay-type":"","overlay-color":"","overlay-opacity":"","overlay-gradient":""},"tablet":{"background-color":"","background-image":"","background-repeat":"repeat","background-position":"center center","background-size":"auto","background-attachment":"scroll","background-type":"","background-media":"","overlay-type":"","overlay-color":"","overlay-opacity":"","overlay-gradient":""},"mobile":{"background-color":"","background-image":"","background-repeat":"repeat","background-position":"center center","background-size":"auto","background-attachment":"scroll","background-type":"","background-media":"","overlay-type":"","overlay-color":"","overlay-opacity":"","overlay-gradient":""}},"ast-content-background-meta":{"desktop":{"background-color":"var(--ast-global-color-5)","background-image":"","background-repeat":"repeat","background-position":"center center","background-size":"auto","background-attachment":"scroll","background-type":"","background-media":"","overlay-type":"","overlay-color":"","overlay-opacity":"","overlay-gradient":""},"tablet":{"background-color":"var(--ast-global-color-5)","background-image":"","background-repeat":"repeat","background-position":"center center","background-size":"auto","background-attachment":"scroll","background-type":"","background-media":"","overlay-type":"","overlay-color":"","overlay-opacity":"","overlay-gradient":""},"mobile":{"background-color":"var(--ast-global-color-5)","background-image":"","background-repeat":"repeat","background-position":"center center","background-size":"auto","background-attachment":"scroll","background-type":"","background-media":"","overlay-type":"","overlay-color":"","overlay-opacity":"","overlay-gradient":""}}},"product_cat":[542,575,1292,635],"product_tag":[],"class_list":{"0":"post-6914","1":"product","2":"type-product","3":"status-publish","4":"has-post-thumbnail","6":"product_cat-mineraly","7":"product_cat-naturalne-piekno","8":"product_cat-odzywianie","9":"product_cat-rozstepy-i-cellulit","10":"has-subscription-plans","11":"desktop-align-left","12":"tablet-align-left","13":"mobile-align-left","15":"first","16":"instock","17":"taxable","18":"shipping-taxable","19":"purchasable","20":"product-type-simple"},"yoast_head":"<!-- This site is optimized with the Yoast SEO plugin v22.7 - https:\/\/yoast.com\/wordpress\/plugins\/seo\/ -->\n<title>Antycellulitowy i uj\u0119drniaj\u0105cy sk\u00f3r\u0119 lotion - nasycony naturalnymi ekstraktami owocowymi dla uzyskania optymalnych rezultat\u00f3w. 50ml - JeaKen<\/title>\n<meta name=\"robots\" content=\"index, follow, max-snippet:-1, max-image-preview:large, max-video-preview:-1\" \/>\n<link rel=\"canonical\" href=\"https:\/\/jeaken.com\/pl\/produkt\/antycellulitowy-i-ujedrniajacy-skore-lotion-nasycony-naturalnymi-ekstraktami-owocowymi-dla-uzyskania-optymalnych-rezultatow-50ml\/\" \/>\n<meta property=\"og:locale\" content=\"pl_PL\" \/>\n<meta property=\"og:type\" content=\"article\" \/>\n<meta property=\"og:title\" content=\"Antycellulitowy i uj\u0119drniaj\u0105cy sk\u00f3r\u0119 lotion - nasycony naturalnymi ekstraktami owocowymi dla uzyskania optymalnych rezultat\u00f3w. 50ml - JeaKen\" \/>\n<meta property=\"og:description\" content=\"Szybko dzia\u0142aj\u0105ca kuracja antycellulitowa, kt\u00f3ra w widoczny spos\u00f3b poprawia wygl\u0105d sk\u00f3ry.\" \/>\n<meta property=\"og:url\" content=\"https:\/\/jeaken.com\/pl\/produkt\/antycellulitowy-i-ujedrniajacy-skore-lotion-nasycony-naturalnymi-ekstraktami-owocowymi-dla-uzyskania-optymalnych-rezultatow-50ml\/\" \/>\n<meta property=\"og:site_name\" content=\"JeaKen\" \/>\n<meta property=\"article:modified_time\" content=\"2022-08-09T14:15:43+00:00\" \/>\n<meta property=\"og:image\" content=\"https:\/\/jeaken.com\/wp-content\/uploads\/2022\/07\/81xl-3cqTTL._AC_SL1500_.jpg\" \/>\n\t<meta property=\"og:image:width\" content=\"600\" \/>\n\t<meta property=\"og:image:height\" content=\"600\" \/>\n\t<meta property=\"og:image:type\" content=\"image\/jpeg\" \/>\n<meta name=\"twitter:card\" content=\"summary_large_image\" \/>\n<meta name=\"twitter:label1\" content=\"Est. reading time\" \/>\n\t<meta name=\"twitter:data1\" content=\"1 minute\" \/>\n<script type=\"application\/ld+json\" class=\"yoast-schema-graph\">{\"@context\":\"https:\/\/schema.org\",\"@graph\":[{\"@type\":\"WebPage\",\"@id\":\"https:\/\/jeaken.com\/pl\/produkt\/antycellulitowy-i-ujedrniajacy-skore-lotion-nasycony-naturalnymi-ekstraktami-owocowymi-dla-uzyskania-optymalnych-rezultatow-50ml\/\",\"url\":\"https:\/\/jeaken.com\/pl\/produkt\/antycellulitowy-i-ujedrniajacy-skore-lotion-nasycony-naturalnymi-ekstraktami-owocowymi-dla-uzyskania-optymalnych-rezultatow-50ml\/\",\"name\":\"Antycellulitowy i uj\u0119drniaj\u0105cy sk\u00f3r\u0119 lotion - nasycony naturalnymi ekstraktami owocowymi dla uzyskania optymalnych rezultat\u00f3w. 50ml - JeaKen\",\"isPartOf\":{\"@id\":\"https:\/\/jeaken.com\/pl\/#website\"},\"primaryImageOfPage\":{\"@id\":\"https:\/\/jeaken.com\/pl\/produkt\/antycellulitowy-i-ujedrniajacy-skore-lotion-nasycony-naturalnymi-ekstraktami-owocowymi-dla-uzyskania-optymalnych-rezultatow-50ml\/#primaryimage\"},\"image\":{\"@id\":\"https:\/\/jeaken.com\/pl\/produkt\/antycellulitowy-i-ujedrniajacy-skore-lotion-nasycony-naturalnymi-ekstraktami-owocowymi-dla-uzyskania-optymalnych-rezultatow-50ml\/#primaryimage\"},\"thumbnailUrl\":\"https:\/\/jeaken.com\/wp-content\/uploads\/2022\/07\/81xl-3cqTTL._AC_SL1500_.jpg\",\"datePublished\":\"2022-07-21T18:18:22+00:00\",\"dateModified\":\"2022-08-09T14:15:43+00:00\",\"breadcrumb\":{\"@id\":\"https:\/\/jeaken.com\/pl\/produkt\/antycellulitowy-i-ujedrniajacy-skore-lotion-nasycony-naturalnymi-ekstraktami-owocowymi-dla-uzyskania-optymalnych-rezultatow-50ml\/#breadcrumb\"},\"inLanguage\":\"pl-PL\",\"potentialAction\":[{\"@type\":\"ReadAction\",\"target\":[\"https:\/\/jeaken.com\/pl\/produkt\/antycellulitowy-i-ujedrniajacy-skore-lotion-nasycony-naturalnymi-ekstraktami-owocowymi-dla-uzyskania-optymalnych-rezultatow-50ml\/\"]}]},{\"@type\":\"ImageObject\",\"inLanguage\":\"pl-PL\",\"@id\":\"https:\/\/jeaken.com\/pl\/produkt\/antycellulitowy-i-ujedrniajacy-skore-lotion-nasycony-naturalnymi-ekstraktami-owocowymi-dla-uzyskania-optymalnych-rezultatow-50ml\/#primaryimage\",\"url\":\"https:\/\/jeaken.com\/wp-content\/uploads\/2022\/07\/81xl-3cqTTL._AC_SL1500_.jpg\",\"contentUrl\":\"https:\/\/jeaken.com\/wp-content\/uploads\/2022\/07\/81xl-3cqTTL._AC_SL1500_.jpg\",\"width\":600,\"height\":600,\"caption\":\"Anti-Cellulite and Skin Firming Lotion\"},{\"@type\":\"BreadcrumbList\",\"@id\":\"https:\/\/jeaken.com\/pl\/produkt\/antycellulitowy-i-ujedrniajacy-skore-lotion-nasycony-naturalnymi-ekstraktami-owocowymi-dla-uzyskania-optymalnych-rezultatow-50ml\/#breadcrumb\",\"itemListElement\":[{\"@type\":\"ListItem\",\"position\":1,\"name\":\"Home\",\"item\":\"https:\/\/jeaken.com\/pl\/\"},{\"@type\":\"ListItem\",\"position\":2,\"name\":\"Private: Shop\",\"item\":\"https:\/\/jeaken.com\/shop\/\"},{\"@type\":\"ListItem\",\"position\":3,\"name\":\"Antycellulitowy i uj\u0119drniaj\u0105cy sk\u00f3r\u0119 lotion &#8211; nasycony naturalnymi ekstraktami owocowymi dla uzyskania optymalnych rezultat\u00f3w. 50ml\"}]},{\"@type\":\"WebSite\",\"@id\":\"https:\/\/jeaken.com\/pl\/#website\",\"url\":\"https:\/\/jeaken.com\/pl\/\",\"name\":\"JeaKen\",\"description\":\"Organic Supplements for Health, Fitness and Nutrition\",\"publisher\":{\"@id\":\"https:\/\/jeaken.com\/pl\/#organization\"},\"potentialAction\":[{\"@type\":\"SearchAction\",\"target\":{\"@type\":\"EntryPoint\",\"urlTemplate\":\"https:\/\/jeaken.com\/pl\/?s={search_term_string}\"},\"query-input\":\"required name=search_term_string\"}],\"inLanguage\":\"pl-PL\"},{\"@type\":\"Organization\",\"@id\":\"https:\/\/jeaken.com\/pl\/#organization\",\"name\":\"JeaKen\",\"url\":\"https:\/\/jeaken.com\/pl\/\",\"logo\":{\"@type\":\"ImageObject\",\"inLanguage\":\"pl-PL\",\"@id\":\"https:\/\/jeaken.com\/pl\/#\/schema\/logo\/image\/\",\"url\":\"https:\/\/jeaken.com\/wp-content\/uploads\/2022\/06\/jeaken-logo-23.png\",\"contentUrl\":\"https:\/\/jeaken.com\/wp-content\/uploads\/2022\/06\/jeaken-logo-23.png\",\"width\":2486,\"height\":736,\"caption\":\"JeaKen\"},\"image\":{\"@id\":\"https:\/\/jeaken.com\/pl\/#\/schema\/logo\/image\/\"}}]}<\/script>\n<!-- \/ Yoast SEO plugin. -->","yoast_head_json":{"title":"Antycellulitowy i uj\u0119drniaj\u0105cy sk\u00f3r\u0119 lotion - nasycony naturalnymi ekstraktami owocowymi dla uzyskania optymalnych rezultat\u00f3w. 50ml - JeaKen","robots":{"index":"index","follow":"follow","max-snippet":"max-snippet:-1","max-image-preview":"max-image-preview:large","max-video-preview":"max-video-preview:-1"},"canonical":"https:\/\/jeaken.com\/pl\/produkt\/antycellulitowy-i-ujedrniajacy-skore-lotion-nasycony-naturalnymi-ekstraktami-owocowymi-dla-uzyskania-optymalnych-rezultatow-50ml\/","og_locale":"pl_PL","og_type":"article","og_title":"Antycellulitowy i uj\u0119drniaj\u0105cy sk\u00f3r\u0119 lotion - nasycony naturalnymi ekstraktami owocowymi dla uzyskania optymalnych rezultat\u00f3w. 50ml - JeaKen","og_description":"Szybko dzia\u0142aj\u0105ca kuracja antycellulitowa, kt\u00f3ra w widoczny spos\u00f3b poprawia wygl\u0105d sk\u00f3ry.","og_url":"https:\/\/jeaken.com\/pl\/produkt\/antycellulitowy-i-ujedrniajacy-skore-lotion-nasycony-naturalnymi-ekstraktami-owocowymi-dla-uzyskania-optymalnych-rezultatow-50ml\/","og_site_name":"JeaKen","article_modified_time":"2022-08-09T14:15:43+00:00","og_image":[{"width":600,"height":600,"url":"https:\/\/jeaken.com\/wp-content\/uploads\/2022\/07\/81xl-3cqTTL._AC_SL1500_.jpg","type":"image\/jpeg"}],"twitter_card":"summary_large_image","twitter_misc":{"Est. reading time":"1 minute"},"schema":{"@context":"https:\/\/schema.org","@graph":[{"@type":"WebPage","@id":"https:\/\/jeaken.com\/pl\/produkt\/antycellulitowy-i-ujedrniajacy-skore-lotion-nasycony-naturalnymi-ekstraktami-owocowymi-dla-uzyskania-optymalnych-rezultatow-50ml\/","url":"https:\/\/jeaken.com\/pl\/produkt\/antycellulitowy-i-ujedrniajacy-skore-lotion-nasycony-naturalnymi-ekstraktami-owocowymi-dla-uzyskania-optymalnych-rezultatow-50ml\/","name":"Antycellulitowy i uj\u0119drniaj\u0105cy sk\u00f3r\u0119 lotion - nasycony naturalnymi ekstraktami owocowymi dla uzyskania optymalnych rezultat\u00f3w. 50ml - JeaKen","isPartOf":{"@id":"https:\/\/jeaken.com\/pl\/#website"},"primaryImageOfPage":{"@id":"https:\/\/jeaken.com\/pl\/produkt\/antycellulitowy-i-ujedrniajacy-skore-lotion-nasycony-naturalnymi-ekstraktami-owocowymi-dla-uzyskania-optymalnych-rezultatow-50ml\/#primaryimage"},"image":{"@id":"https:\/\/jeaken.com\/pl\/produkt\/antycellulitowy-i-ujedrniajacy-skore-lotion-nasycony-naturalnymi-ekstraktami-owocowymi-dla-uzyskania-optymalnych-rezultatow-50ml\/#primaryimage"},"thumbnailUrl":"https:\/\/jeaken.com\/wp-content\/uploads\/2022\/07\/81xl-3cqTTL._AC_SL1500_.jpg","datePublished":"2022-07-21T18:18:22+00:00","dateModified":"2022-08-09T14:15:43+00:00","breadcrumb":{"@id":"https:\/\/jeaken.com\/pl\/produkt\/antycellulitowy-i-ujedrniajacy-skore-lotion-nasycony-naturalnymi-ekstraktami-owocowymi-dla-uzyskania-optymalnych-rezultatow-50ml\/#breadcrumb"},"inLanguage":"pl-PL","potentialAction":[{"@type":"ReadAction","target":["https:\/\/jeaken.com\/pl\/produkt\/antycellulitowy-i-ujedrniajacy-skore-lotion-nasycony-naturalnymi-ekstraktami-owocowymi-dla-uzyskania-optymalnych-rezultatow-50ml\/"]}]},{"@type":"ImageObject","inLanguage":"pl-PL","@id":"https:\/\/jeaken.com\/pl\/produkt\/antycellulitowy-i-ujedrniajacy-skore-lotion-nasycony-naturalnymi-ekstraktami-owocowymi-dla-uzyskania-optymalnych-rezultatow-50ml\/#primaryimage","url":"https:\/\/jeaken.com\/wp-content\/uploads\/2022\/07\/81xl-3cqTTL._AC_SL1500_.jpg","contentUrl":"https:\/\/jeaken.com\/wp-content\/uploads\/2022\/07\/81xl-3cqTTL._AC_SL1500_.jpg","width":600,"height":600,"caption":"Anti-Cellulite and Skin Firming Lotion"},{"@type":"BreadcrumbList","@id":"https:\/\/jeaken.com\/pl\/produkt\/antycellulitowy-i-ujedrniajacy-skore-lotion-nasycony-naturalnymi-ekstraktami-owocowymi-dla-uzyskania-optymalnych-rezultatow-50ml\/#breadcrumb","itemListElement":[{"@type":"ListItem","position":1,"name":"Home","item":"https:\/\/jeaken.com\/pl\/"},{"@type":"ListItem","position":2,"name":"Private: Shop","item":"https:\/\/jeaken.com\/shop\/"},{"@type":"ListItem","position":3,"name":"Antycellulitowy i uj\u0119drniaj\u0105cy sk\u00f3r\u0119 lotion &#8211; nasycony naturalnymi ekstraktami owocowymi dla uzyskania optymalnych rezultat\u00f3w. 50ml"}]},{"@type":"WebSite","@id":"https:\/\/jeaken.com\/pl\/#website","url":"https:\/\/jeaken.com\/pl\/","name":"JeaKen","description":"Organic Supplements for Health, Fitness and Nutrition","publisher":{"@id":"https:\/\/jeaken.com\/pl\/#organization"},"potentialAction":[{"@type":"SearchAction","target":{"@type":"EntryPoint","urlTemplate":"https:\/\/jeaken.com\/pl\/?s={search_term_string}"},"query-input":"required name=search_term_string"}],"inLanguage":"pl-PL"},{"@type":"Organization","@id":"https:\/\/jeaken.com\/pl\/#organization","name":"JeaKen","url":"https:\/\/jeaken.com\/pl\/","logo":{"@type":"ImageObject","inLanguage":"pl-PL","@id":"https:\/\/jeaken.com\/pl\/#\/schema\/logo\/image\/","url":"https:\/\/jeaken.com\/wp-content\/uploads\/2022\/06\/jeaken-logo-23.png","contentUrl":"https:\/\/jeaken.com\/wp-content\/uploads\/2022\/06\/jeaken-logo-23.png","width":2486,"height":736,"caption":"JeaKen"},"image":{"@id":"https:\/\/jeaken.com\/pl\/#\/schema\/logo\/image\/"}}]}},"jetpack_sharing_enabled":true,"_links":{"self":[{"href":"https:\/\/jeaken.com\/pl\/wp-json\/wp\/v2\/product\/6914","targetHints":{"allow":["GET"]}}],"collection":[{"href":"https:\/\/jeaken.com\/pl\/wp-json\/wp\/v2\/product"}],"about":[{"href":"https:\/\/jeaken.com\/pl\/wp-json\/wp\/v2\/types\/product"}],"wp:featuredmedia":[{"embeddable":true,"href":"https:\/\/jeaken.com\/pl\/wp-json\/wp\/v2\/media\/5136"}],"wp:attachment":[{"href":"https:\/\/jeaken.com\/pl\/wp-json\/wp\/v2\/media?parent=6914"}],"wp:term":[{"taxonomy":"product_cat","embeddable":true,"href":"https:\/\/jeaken.com\/pl\/wp-json\/wp\/v2\/product_cat?post=6914"},{"taxonomy":"product_tag","embeddable":true,"href":"https:\/\/jeaken.com\/pl\/wp-json\/wp\/v2\/product_tag?post=6914"}],"curies":[{"name":"wp","href":"https:\/\/api.w.org\/{rel}","templated":true}]}}