{"id":6905,"date":"2022-07-21T19:18:21","date_gmt":"2022-07-21T18:18:21","guid":{"rendered":"https:\/1658920591610?product=conjugated-linoleic-acid-softgels-for-increased-muscle-mass-and-fat-loss-90-capsules"},"modified":"2022-08-09T15:15:39","modified_gmt":"2022-08-09T14:15:39","slug":"conjugated-linoleic-acid-softgels-for-increased-muscle-mass-and-fat-loss-90-capsules","status":"publish","type":"product","link":"https:\/\/jeaken.com\/pl\/produkt\/conjugated-linoleic-acid-softgels-for-increased-muscle-mass-and-fat-loss-90-capsules\/","title":{"rendered":"Conjugated Linoleic Acid Softgels for Increased Muscle Mass and Fat Loss (90 Capsules)"},"content":{"rendered":"<p><strong><span class=\"a-list-item\">REDUKUJE TKANK\u0118 T\u0141USZCZOW\u0104 I BUDUJE BEZT\u0141USZCZOW\u0104 MAS\u0118 MI\u0118\u015aNIOW\u0104  <\/span><\/strong><\/p>\n<p><span class=\"a-list-item\">  Conjugated Linoleic Acid (CLA) to kwas t\u0142uszczowy Omega-6, kt\u00f3ry wyst\u0119puje naturalnie w organizmie i znajduje si\u0119 w mi\u0119sie i produktach mlecznych. Udowodniono, \u017ce redukuje tkank\u0119 t\u0142uszczow\u0105, jednocze\u015bnie zwi\u0119kszaj\u0105c mas\u0119 mi\u0119\u015bniow\u0105.  <\/span><\/p>\n<p><strong><span class=\"a-list-item\">ZWI\u0118KSZA ENERGI\u0118  <\/span><\/strong><\/p>\n<p><span class=\"a-list-item\">CLA pomaga zwi\u0119kszy\u0107 tempo metabolizmu, dzi\u0119ki czemu mo\u017cesz cieszy\u0107 si\u0119 zwi\u0119kszonym poziomem energii od rana do nocy. Nasz pot\u0119\u017cny suplement CLA mo\u017ce pom\u00f3c Ci \u0107wiczy\u0107 d\u0142u\u017cej z mniejszym wypaleniem i szybszym czasem regeneracji.<\/span><\/p>\n<p><strong><span class=\"a-list-item\">ZWI\u0118KSZA ODPORNO\u015a\u0106<\/span><\/strong><\/p>\n<p><span class=\"a-list-item\">CLA wzmacnia uk\u0142ad odporno\u015bciowy i pomaga budowa\u0107 odporno\u015b\u0107 na infekcje, problemy zapalne i inne zaburzenia r\u00f3wnowagi uk\u0142adu odporno\u015bciowego, takie jak problemy autoimmunologiczne i alergie.<\/span><\/p>\n<p><strong><span class=\"a-list-item\">WA\u017bNE DLA WEGAN I WEGETARIAN  <\/span><\/strong><\/p>\n<p><span class=\"a-list-item\">CLA nie mo\u017ce by\u0107 tworzony w organizmie cz\u0142owieka, ale znajduje si\u0119 w produktach zwierz\u0119cych i mlecznych. Nasze kapsu\u0142ki CLA stanowi\u0105 zdrow\u0105 alternatyw\u0119 dla wegetarian lub os\u00f3b, kt\u00f3re chc\u0105 unikn\u0105\u0107 jedzenia mi\u0119sa.<\/span><\/p>\n<p>&nbsp;<\/p>\n","protected":false},"excerpt":{"rendered":"<h4>Skuteczny spos\u00f3b na zbudowanie mi\u0119\u015bni, redukcj\u0119 tkanki t\u0142uszczowej i wzmocnienie odporno\u015bci.<\/h4>\n","protected":false},"featured_media":4668,"template":"","meta":{"site-sidebar-layout":"default","site-content-layout":"default","ast-site-content-layout":"default","site-content-style":"default","site-sidebar-style":"default","ast-global-header-display":"","ast-banner-title-visibility":"","ast-main-header-display":"","ast-hfb-above-header-display":"","ast-hfb-below-header-display":"","ast-hfb-mobile-header-display":"","site-post-title":"","ast-breadcrumbs-content":"","ast-featured-img":"","footer-sml-layout":"","theme-transparent-header-meta":"default","adv-header-id-meta":"","stick-header-meta":"default","header-above-stick-meta":"","header-main-stick-meta":"","header-below-stick-meta":"","astra-migrate-meta-layouts":"default","ast-page-background-enabled":"default","ast-page-background-meta":{"desktop":{"background-color":"","background-image":"","background-repeat":"repeat","background-position":"center center","background-size":"auto","background-attachment":"scroll","background-type":"","background-media":"","overlay-type":"","overlay-color":"","overlay-opacity":"","overlay-gradient":""},"tablet":{"background-color":"","background-image":"","background-repeat":"repeat","background-position":"center center","background-size":"auto","background-attachment":"scroll","background-type":"","background-media":"","overlay-type":"","overlay-color":"","overlay-opacity":"","overlay-gradient":""},"mobile":{"background-color":"","background-image":"","background-repeat":"repeat","background-position":"center center","background-size":"auto","background-attachment":"scroll","background-type":"","background-media":"","overlay-type":"","overlay-color":"","overlay-opacity":"","overlay-gradient":""}},"ast-content-background-meta":{"desktop":{"background-color":"var(--ast-global-color-5)","background-image":"","background-repeat":"repeat","background-position":"center center","background-size":"auto","background-attachment":"scroll","background-type":"","background-media":"","overlay-type":"","overlay-color":"","overlay-opacity":"","overlay-gradient":""},"tablet":{"background-color":"var(--ast-global-color-5)","background-image":"","background-repeat":"repeat","background-position":"center center","background-size":"auto","background-attachment":"scroll","background-type":"","background-media":"","overlay-type":"","overlay-color":"","overlay-opacity":"","overlay-gradient":""},"mobile":{"background-color":"var(--ast-global-color-5)","background-image":"","background-repeat":"repeat","background-position":"center center","background-size":"auto","background-attachment":"scroll","background-type":"","background-media":"","overlay-type":"","overlay-color":"","overlay-opacity":"","overlay-gradient":""}}},"product_cat":[1210,1219,549,551],"product_tag":[1456],"class_list":{"0":"post-6905","1":"product","2":"type-product","3":"status-publish","4":"has-post-thumbnail","6":"product_cat-utrata-wagi","7":"product_cat-zdrowie-kosci-i-stawow","8":"product_cat-zdrowie-serca-i-mozgu","9":"product_cat-zywienie-sportowe","10":"product_tag-utrata-tluszczu","11":"has-subscription-plans","12":"desktop-align-left","13":"tablet-align-left","14":"mobile-align-left","16":"first","17":"instock","18":"taxable","19":"shipping-taxable","20":"purchasable","21":"product-type-simple"},"yoast_head":"<!-- This site is optimized with the Yoast SEO plugin v22.7 - https:\/\/yoast.com\/wordpress\/plugins\/seo\/ -->\n<title>Conjugated Linoleic Acid Softgels for Increased Muscle Mass and Fat Loss (90 Capsules) - JeaKen<\/title>\n<meta name=\"robots\" content=\"index, follow, max-snippet:-1, max-image-preview:large, max-video-preview:-1\" \/>\n<link rel=\"canonical\" href=\"https:\/\/jeaken.com\/pl\/produkt\/conjugated-linoleic-acid-softgels-for-increased-muscle-mass-and-fat-loss-90-capsules\/\" \/>\n<meta property=\"og:locale\" content=\"pl_PL\" \/>\n<meta property=\"og:type\" content=\"article\" \/>\n<meta property=\"og:title\" content=\"Conjugated Linoleic Acid Softgels for Increased Muscle Mass and Fat Loss (90 Capsules) - JeaKen\" \/>\n<meta property=\"og:description\" content=\"Skuteczny spos\u00f3b na zbudowanie mi\u0119\u015bni, redukcj\u0119 tkanki t\u0142uszczowej i wzmocnienie odporno\u015bci.\" \/>\n<meta property=\"og:url\" content=\"https:\/\/jeaken.com\/pl\/produkt\/conjugated-linoleic-acid-softgels-for-increased-muscle-mass-and-fat-loss-90-capsules\/\" \/>\n<meta property=\"og:site_name\" content=\"JeaKen\" \/>\n<meta property=\"article:modified_time\" content=\"2022-08-09T14:15:39+00:00\" \/>\n<meta property=\"og:image\" content=\"https:\/\/jeaken.com\/wp-content\/uploads\/2022\/07\/71Exwa8OxML._AC_SL1500_.jpg\" \/>\n\t<meta property=\"og:image:width\" content=\"600\" \/>\n\t<meta property=\"og:image:height\" content=\"600\" \/>\n\t<meta property=\"og:image:type\" content=\"image\/jpeg\" \/>\n<meta name=\"twitter:card\" content=\"summary_large_image\" \/>\n<meta name=\"twitter:label1\" content=\"Est. reading time\" \/>\n\t<meta name=\"twitter:data1\" content=\"1 minute\" \/>\n<script type=\"application\/ld+json\" class=\"yoast-schema-graph\">{\"@context\":\"https:\/\/schema.org\",\"@graph\":[{\"@type\":\"WebPage\",\"@id\":\"https:\/\/jeaken.com\/pl\/produkt\/conjugated-linoleic-acid-softgels-for-increased-muscle-mass-and-fat-loss-90-capsules\/\",\"url\":\"https:\/\/jeaken.com\/pl\/produkt\/conjugated-linoleic-acid-softgels-for-increased-muscle-mass-and-fat-loss-90-capsules\/\",\"name\":\"Conjugated Linoleic Acid Softgels for Increased Muscle Mass and Fat Loss (90 Capsules) - JeaKen\",\"isPartOf\":{\"@id\":\"https:\/\/jeaken.com\/pl\/#website\"},\"primaryImageOfPage\":{\"@id\":\"https:\/\/jeaken.com\/pl\/produkt\/conjugated-linoleic-acid-softgels-for-increased-muscle-mass-and-fat-loss-90-capsules\/#primaryimage\"},\"image\":{\"@id\":\"https:\/\/jeaken.com\/pl\/produkt\/conjugated-linoleic-acid-softgels-for-increased-muscle-mass-and-fat-loss-90-capsules\/#primaryimage\"},\"thumbnailUrl\":\"https:\/\/jeaken.com\/wp-content\/uploads\/2022\/07\/71Exwa8OxML._AC_SL1500_.jpg\",\"datePublished\":\"2022-07-21T18:18:21+00:00\",\"dateModified\":\"2022-08-09T14:15:39+00:00\",\"breadcrumb\":{\"@id\":\"https:\/\/jeaken.com\/pl\/produkt\/conjugated-linoleic-acid-softgels-for-increased-muscle-mass-and-fat-loss-90-capsules\/#breadcrumb\"},\"inLanguage\":\"pl-PL\",\"potentialAction\":[{\"@type\":\"ReadAction\",\"target\":[\"https:\/\/jeaken.com\/pl\/produkt\/conjugated-linoleic-acid-softgels-for-increased-muscle-mass-and-fat-loss-90-capsules\/\"]}]},{\"@type\":\"ImageObject\",\"inLanguage\":\"pl-PL\",\"@id\":\"https:\/\/jeaken.com\/pl\/produkt\/conjugated-linoleic-acid-softgels-for-increased-muscle-mass-and-fat-loss-90-capsules\/#primaryimage\",\"url\":\"https:\/\/jeaken.com\/wp-content\/uploads\/2022\/07\/71Exwa8OxML._AC_SL1500_.jpg\",\"contentUrl\":\"https:\/\/jeaken.com\/wp-content\/uploads\/2022\/07\/71Exwa8OxML._AC_SL1500_.jpg\",\"width\":600,\"height\":600,\"caption\":\"Conjugated Linoleic Acid Softgels for Increased Muscle Mass and Fat Loss\"},{\"@type\":\"BreadcrumbList\",\"@id\":\"https:\/\/jeaken.com\/pl\/produkt\/conjugated-linoleic-acid-softgels-for-increased-muscle-mass-and-fat-loss-90-capsules\/#breadcrumb\",\"itemListElement\":[{\"@type\":\"ListItem\",\"position\":1,\"name\":\"Home\",\"item\":\"https:\/\/jeaken.com\/pl\/\"},{\"@type\":\"ListItem\",\"position\":2,\"name\":\"Private: Shop\",\"item\":\"https:\/\/jeaken.com\/shop\/\"},{\"@type\":\"ListItem\",\"position\":3,\"name\":\"Conjugated Linoleic Acid Softgels for Increased Muscle Mass and Fat Loss (90 Capsules)\"}]},{\"@type\":\"WebSite\",\"@id\":\"https:\/\/jeaken.com\/pl\/#website\",\"url\":\"https:\/\/jeaken.com\/pl\/\",\"name\":\"JeaKen\",\"description\":\"Organic Supplements for Health, Fitness and Nutrition\",\"publisher\":{\"@id\":\"https:\/\/jeaken.com\/pl\/#organization\"},\"potentialAction\":[{\"@type\":\"SearchAction\",\"target\":{\"@type\":\"EntryPoint\",\"urlTemplate\":\"https:\/\/jeaken.com\/pl\/?s={search_term_string}\"},\"query-input\":\"required name=search_term_string\"}],\"inLanguage\":\"pl-PL\"},{\"@type\":\"Organization\",\"@id\":\"https:\/\/jeaken.com\/pl\/#organization\",\"name\":\"JeaKen\",\"url\":\"https:\/\/jeaken.com\/pl\/\",\"logo\":{\"@type\":\"ImageObject\",\"inLanguage\":\"pl-PL\",\"@id\":\"https:\/\/jeaken.com\/pl\/#\/schema\/logo\/image\/\",\"url\":\"https:\/\/jeaken.com\/wp-content\/uploads\/2022\/06\/jeaken-logo-23.png\",\"contentUrl\":\"https:\/\/jeaken.com\/wp-content\/uploads\/2022\/06\/jeaken-logo-23.png\",\"width\":2486,\"height\":736,\"caption\":\"JeaKen\"},\"image\":{\"@id\":\"https:\/\/jeaken.com\/pl\/#\/schema\/logo\/image\/\"}}]}<\/script>\n<!-- \/ Yoast SEO plugin. -->","yoast_head_json":{"title":"Conjugated Linoleic Acid Softgels for Increased Muscle Mass and Fat Loss (90 Capsules) - JeaKen","robots":{"index":"index","follow":"follow","max-snippet":"max-snippet:-1","max-image-preview":"max-image-preview:large","max-video-preview":"max-video-preview:-1"},"canonical":"https:\/\/jeaken.com\/pl\/produkt\/conjugated-linoleic-acid-softgels-for-increased-muscle-mass-and-fat-loss-90-capsules\/","og_locale":"pl_PL","og_type":"article","og_title":"Conjugated Linoleic Acid Softgels for Increased Muscle Mass and Fat Loss (90 Capsules) - JeaKen","og_description":"Skuteczny spos\u00f3b na zbudowanie mi\u0119\u015bni, redukcj\u0119 tkanki t\u0142uszczowej i wzmocnienie odporno\u015bci.","og_url":"https:\/\/jeaken.com\/pl\/produkt\/conjugated-linoleic-acid-softgels-for-increased-muscle-mass-and-fat-loss-90-capsules\/","og_site_name":"JeaKen","article_modified_time":"2022-08-09T14:15:39+00:00","og_image":[{"width":600,"height":600,"url":"https:\/\/jeaken.com\/wp-content\/uploads\/2022\/07\/71Exwa8OxML._AC_SL1500_.jpg","type":"image\/jpeg"}],"twitter_card":"summary_large_image","twitter_misc":{"Est. reading time":"1 minute"},"schema":{"@context":"https:\/\/schema.org","@graph":[{"@type":"WebPage","@id":"https:\/\/jeaken.com\/pl\/produkt\/conjugated-linoleic-acid-softgels-for-increased-muscle-mass-and-fat-loss-90-capsules\/","url":"https:\/\/jeaken.com\/pl\/produkt\/conjugated-linoleic-acid-softgels-for-increased-muscle-mass-and-fat-loss-90-capsules\/","name":"Conjugated Linoleic Acid Softgels for Increased Muscle Mass and Fat Loss (90 Capsules) - JeaKen","isPartOf":{"@id":"https:\/\/jeaken.com\/pl\/#website"},"primaryImageOfPage":{"@id":"https:\/\/jeaken.com\/pl\/produkt\/conjugated-linoleic-acid-softgels-for-increased-muscle-mass-and-fat-loss-90-capsules\/#primaryimage"},"image":{"@id":"https:\/\/jeaken.com\/pl\/produkt\/conjugated-linoleic-acid-softgels-for-increased-muscle-mass-and-fat-loss-90-capsules\/#primaryimage"},"thumbnailUrl":"https:\/\/jeaken.com\/wp-content\/uploads\/2022\/07\/71Exwa8OxML._AC_SL1500_.jpg","datePublished":"2022-07-21T18:18:21+00:00","dateModified":"2022-08-09T14:15:39+00:00","breadcrumb":{"@id":"https:\/\/jeaken.com\/pl\/produkt\/conjugated-linoleic-acid-softgels-for-increased-muscle-mass-and-fat-loss-90-capsules\/#breadcrumb"},"inLanguage":"pl-PL","potentialAction":[{"@type":"ReadAction","target":["https:\/\/jeaken.com\/pl\/produkt\/conjugated-linoleic-acid-softgels-for-increased-muscle-mass-and-fat-loss-90-capsules\/"]}]},{"@type":"ImageObject","inLanguage":"pl-PL","@id":"https:\/\/jeaken.com\/pl\/produkt\/conjugated-linoleic-acid-softgels-for-increased-muscle-mass-and-fat-loss-90-capsules\/#primaryimage","url":"https:\/\/jeaken.com\/wp-content\/uploads\/2022\/07\/71Exwa8OxML._AC_SL1500_.jpg","contentUrl":"https:\/\/jeaken.com\/wp-content\/uploads\/2022\/07\/71Exwa8OxML._AC_SL1500_.jpg","width":600,"height":600,"caption":"Conjugated Linoleic Acid Softgels for Increased Muscle Mass and Fat Loss"},{"@type":"BreadcrumbList","@id":"https:\/\/jeaken.com\/pl\/produkt\/conjugated-linoleic-acid-softgels-for-increased-muscle-mass-and-fat-loss-90-capsules\/#breadcrumb","itemListElement":[{"@type":"ListItem","position":1,"name":"Home","item":"https:\/\/jeaken.com\/pl\/"},{"@type":"ListItem","position":2,"name":"Private: Shop","item":"https:\/\/jeaken.com\/shop\/"},{"@type":"ListItem","position":3,"name":"Conjugated Linoleic Acid Softgels for Increased Muscle Mass and Fat Loss (90 Capsules)"}]},{"@type":"WebSite","@id":"https:\/\/jeaken.com\/pl\/#website","url":"https:\/\/jeaken.com\/pl\/","name":"JeaKen","description":"Organic Supplements for Health, Fitness and Nutrition","publisher":{"@id":"https:\/\/jeaken.com\/pl\/#organization"},"potentialAction":[{"@type":"SearchAction","target":{"@type":"EntryPoint","urlTemplate":"https:\/\/jeaken.com\/pl\/?s={search_term_string}"},"query-input":"required name=search_term_string"}],"inLanguage":"pl-PL"},{"@type":"Organization","@id":"https:\/\/jeaken.com\/pl\/#organization","name":"JeaKen","url":"https:\/\/jeaken.com\/pl\/","logo":{"@type":"ImageObject","inLanguage":"pl-PL","@id":"https:\/\/jeaken.com\/pl\/#\/schema\/logo\/image\/","url":"https:\/\/jeaken.com\/wp-content\/uploads\/2022\/06\/jeaken-logo-23.png","contentUrl":"https:\/\/jeaken.com\/wp-content\/uploads\/2022\/06\/jeaken-logo-23.png","width":2486,"height":736,"caption":"JeaKen"},"image":{"@id":"https:\/\/jeaken.com\/pl\/#\/schema\/logo\/image\/"}}]}},"jetpack_sharing_enabled":true,"_links":{"self":[{"href":"https:\/\/jeaken.com\/pl\/wp-json\/wp\/v2\/product\/6905","targetHints":{"allow":["GET"]}}],"collection":[{"href":"https:\/\/jeaken.com\/pl\/wp-json\/wp\/v2\/product"}],"about":[{"href":"https:\/\/jeaken.com\/pl\/wp-json\/wp\/v2\/types\/product"}],"wp:featuredmedia":[{"embeddable":true,"href":"https:\/\/jeaken.com\/pl\/wp-json\/wp\/v2\/media\/4668"}],"wp:attachment":[{"href":"https:\/\/jeaken.com\/pl\/wp-json\/wp\/v2\/media?parent=6905"}],"wp:term":[{"taxonomy":"product_cat","embeddable":true,"href":"https:\/\/jeaken.com\/pl\/wp-json\/wp\/v2\/product_cat?post=6905"},{"taxonomy":"product_tag","embeddable":true,"href":"https:\/\/jeaken.com\/pl\/wp-json\/wp\/v2\/product_tag?post=6905"}],"curies":[{"name":"wp","href":"https:\/\/api.w.org\/{rel}","templated":true}]}}