{"id":6900,"date":"2022-07-21T19:18:17","date_gmt":"2022-07-21T18:18:17","guid":{"rendered":"https:\/1658920591610?product=apple-cider-vinegar-metabolizm-booster-i-detox-wzmocnione-z-seagreens-zielonej-herbaty-i-chromu-120-kapsulek"},"modified":"2022-08-09T15:15:41","modified_gmt":"2022-08-09T14:15:41","slug":"apple-cider-vinegar-metabolizm-booster-i-detox-wzmocnione-z-seagreens-zielonej-herbaty-i-chromu-120-kapsulek","status":"publish","type":"product","link":"https:\/\/jeaken.com\/pl\/produkt\/apple-cider-vinegar-metabolizm-booster-i-detox-wzmocnione-z-seagreens-zielonej-herbaty-i-chromu-120-kapsulek\/","title":{"rendered":"Apple Cider Vinegar &#8211; Metabolizm Booster i Detox &#8211; wzmocnione z Seagreens, zielonej herbaty i chromu (120 kapsu\u0142ek)"},"content":{"rendered":"<p><strong>WIELE KORZY\u015aCI DLA ZDROWIA  <\/strong><\/p>\n<p>U\u017cywany przez Hipokratesa (&#8220;ojca wsp\u00f3\u0142czesnej medycyny&#8221;) ponad 2000 lat temu, ocet jab\u0142kowy podobno przyczynia si\u0119 do wielu niesamowitych korzy\u015bci zdrowotnych, w tym poprawy zdrowia trawiennego, zwi\u0119kszenia poziomu energii i poprawy metabolizmu. Nasze kapsu\u0142ki octu jab\u0142kowego o wysokiej mocy dostarczaj\u0105 tych pot\u0119\u017cnych korzy\u015bci w \u0142atwych do po\u0142kni\u0119cia kapsu\u0142kach.<\/p>\n<p><strong>WSPOMAGA ZDROW\u0104 UTRAT\u0118 WAGI  <\/strong><\/p>\n<p>Kilka ostatnich bada\u0144 wykaza\u0142o, \u017ce ocet jab\u0142kowy mo\u017ce pom\u00f3c w utracie wagi, gdy jest przyjmowany jako cz\u0119\u015b\u0107 zdrowej diety. Mo\u017ce r\u00f3wnie\u017c wspom\u00f3c trawienie i poprawi\u0107 og\u00f3lny stan zdrowia, pomagaj\u0105c wch\u0142on\u0105\u0107 wi\u0119cej sk\u0142adnik\u00f3w od\u017cywczych w po\u017cywieniu.<\/p>\n<p><strong>UNIKALNA MIESZANKA  <\/strong><\/p>\n<p>Nasze kapsu\u0142ki premium z octem jab\u0142kowym oferuj\u0105 optymalne rezultaty dzi\u0119ki unikalnej mieszance seagreens, zielonej herbaty i chromu. Twoje zdrowie jest dla nas priorytetem. Nasze kapsu\u0142ki s\u0105 produkowane w Wielkiej Brytanii w oparciu o \u015bcis\u0142e wytyczne bezpiecze\u0144stwa (kodeks GMP), aby zapewni\u0107 si\u0142\u0119 dzia\u0142ania, jako\u015b\u0107 i skuteczno\u015b\u0107.<\/p>\n<p><strong>ODPOWIEDNIE DLA WEGAN I WEGETARIAN  <\/strong><\/p>\n<p>Nasze kapsu\u0142ki z octem jab\u0142kowym s\u0105 wykonane w 100% z najwy\u017cszej jako\u015bci sk\u0142adnik\u00f3w ro\u015blinnych. Nasze kapsu\u0142ki s\u0105 bezglutenowe, bez laktozy, zgodne z GMP, non GMO i w 100% wega\u0144skie.<\/p>\n","protected":false},"excerpt":{"rendered":"<h4><strong>Naturalna mieszanka Premium dla zdrowszego i szczuplejszego Ciebie!  <\/strong><\/h4>\n","protected":false},"featured_media":15873,"template":"","meta":{"site-sidebar-layout":"default","site-content-layout":"default","ast-site-content-layout":"default","site-content-style":"default","site-sidebar-style":"default","ast-global-header-display":"","ast-banner-title-visibility":"","ast-main-header-display":"","ast-hfb-above-header-display":"","ast-hfb-below-header-display":"","ast-hfb-mobile-header-display":"","site-post-title":"","ast-breadcrumbs-content":"","ast-featured-img":"","footer-sml-layout":"","theme-transparent-header-meta":"default","adv-header-id-meta":"","stick-header-meta":"default","header-above-stick-meta":"","header-main-stick-meta":"","header-below-stick-meta":"","astra-migrate-meta-layouts":"default","ast-page-background-enabled":"default","ast-page-background-meta":{"desktop":{"background-color":"","background-image":"","background-repeat":"repeat","background-position":"center center","background-size":"auto","background-attachment":"scroll","background-type":"","background-media":"","overlay-type":"","overlay-color":"","overlay-opacity":"","overlay-gradient":""},"tablet":{"background-color":"","background-image":"","background-repeat":"repeat","background-position":"center center","background-size":"auto","background-attachment":"scroll","background-type":"","background-media":"","overlay-type":"","overlay-color":"","overlay-opacity":"","overlay-gradient":""},"mobile":{"background-color":"","background-image":"","background-repeat":"repeat","background-position":"center center","background-size":"auto","background-attachment":"scroll","background-type":"","background-media":"","overlay-type":"","overlay-color":"","overlay-opacity":"","overlay-gradient":""}},"ast-content-background-meta":{"desktop":{"background-color":"var(--ast-global-color-5)","background-image":"","background-repeat":"repeat","background-position":"center center","background-size":"auto","background-attachment":"scroll","background-type":"","background-media":"","overlay-type":"","overlay-color":"","overlay-opacity":"","overlay-gradient":""},"tablet":{"background-color":"var(--ast-global-color-5)","background-image":"","background-repeat":"repeat","background-position":"center center","background-size":"auto","background-attachment":"scroll","background-type":"","background-media":"","overlay-type":"","overlay-color":"","overlay-opacity":"","overlay-gradient":""},"mobile":{"background-color":"var(--ast-global-color-5)","background-image":"","background-repeat":"repeat","background-position":"center center","background-size":"auto","background-attachment":"scroll","background-type":"","background-media":"","overlay-type":"","overlay-color":"","overlay-opacity":"","overlay-gradient":""}}},"product_cat":[671,1210,669],"product_tag":[1244,1253,1258,1250,1274,1266,1247,1272,1229,1224,1214,1261,1269,1237,1240,1256,1233,1220],"class_list":{"0":"post-6900","1":"product","2":"type-product","3":"status-publish","4":"has-post-thumbnail","6":"product_cat-ulga-na-wzdecia","7":"product_cat-utrata-wagi","8":"product_cat-zdrowie-ukladu-pokarmowego","9":"product_tag-gumy-goli","10":"product_tag-gumy-z-octu-jablkowego","11":"product_tag-gumy-z-octu-jablkowego-goli","12":"product_tag-kapsulki-z-octu-jablkowego","13":"product_tag-keto-czysty","14":"product_tag-keto-diet-pills-dragons-den-pl","15":"product_tag-ocet-jablkowy","16":"product_tag-pigulki-keto","17":"product_tag-pigulki-odchudzajace","18":"product_tag-spalacze-tluszczu-dla-mezczyzn-utrata-wagi","19":"product_tag-srodek-hamujacy-apetyt","20":"product_tag-tabletki-diety-keto","21":"product_tag-tabletki-do-diety-keto","22":"product_tag-tabletki-na-odchudzanie","23":"product_tag-tabletki-odchudzajace-ktore-dzialaja-szybko","24":"product_tag-tabletki-z-octu-jablkowego","25":"product_tag-tabletki-zatrzymujace-wode","26":"product_tag-tlumik-apetytu-dla-utraty-wagi","27":"has-subscription-plans","28":"desktop-align-left","29":"tablet-align-left","30":"mobile-align-left","32":"first","33":"instock","34":"sale","35":"taxable","36":"shipping-taxable","37":"purchasable","38":"product-type-simple"},"yoast_head":"<!-- This site is optimized with the Yoast SEO plugin v22.7 - https:\/\/yoast.com\/wordpress\/plugins\/seo\/ -->\n<title>Apple Cider Vinegar - Metabolizm Booster i Detox - wzmocnione z Seagreens, zielonej herbaty i chromu (120 kapsu\u0142ek) - JeaKen<\/title>\n<meta name=\"robots\" content=\"index, follow, max-snippet:-1, max-image-preview:large, max-video-preview:-1\" \/>\n<link rel=\"canonical\" href=\"https:\/\/jeaken.com\/pl\/produkt\/apple-cider-vinegar-metabolizm-booster-i-detox-wzmocnione-z-seagreens-zielonej-herbaty-i-chromu-120-kapsulek\/\" \/>\n<meta property=\"og:locale\" content=\"pl_PL\" \/>\n<meta property=\"og:type\" content=\"article\" \/>\n<meta property=\"og:title\" content=\"Apple Cider Vinegar - Metabolizm Booster i Detox - wzmocnione z Seagreens, zielonej herbaty i chromu (120 kapsu\u0142ek) - JeaKen\" \/>\n<meta property=\"og:description\" content=\"Naturalna mieszanka Premium dla zdrowszego i szczuplejszego Ciebie!\" \/>\n<meta property=\"og:url\" content=\"https:\/\/jeaken.com\/pl\/produkt\/apple-cider-vinegar-metabolizm-booster-i-detox-wzmocnione-z-seagreens-zielonej-herbaty-i-chromu-120-kapsulek\/\" \/>\n<meta property=\"og:site_name\" content=\"JeaKen\" \/>\n<meta property=\"article:modified_time\" content=\"2022-08-09T14:15:41+00:00\" \/>\n<meta property=\"og:image\" content=\"https:\/\/jeaken.com\/wp-content\/uploads\/2022\/07\/510x600.jpg\" \/>\n\t<meta property=\"og:image:width\" content=\"512\" \/>\n\t<meta property=\"og:image:height\" content=\"600\" \/>\n\t<meta property=\"og:image:type\" content=\"image\/jpeg\" \/>\n<meta name=\"twitter:card\" content=\"summary_large_image\" \/>\n<meta name=\"twitter:label1\" content=\"Est. reading time\" \/>\n\t<meta name=\"twitter:data1\" content=\"1 minute\" \/>\n<script type=\"application\/ld+json\" class=\"yoast-schema-graph\">{\"@context\":\"https:\/\/schema.org\",\"@graph\":[{\"@type\":\"WebPage\",\"@id\":\"https:\/\/jeaken.com\/pl\/produkt\/apple-cider-vinegar-metabolizm-booster-i-detox-wzmocnione-z-seagreens-zielonej-herbaty-i-chromu-120-kapsulek\/\",\"url\":\"https:\/\/jeaken.com\/pl\/produkt\/apple-cider-vinegar-metabolizm-booster-i-detox-wzmocnione-z-seagreens-zielonej-herbaty-i-chromu-120-kapsulek\/\",\"name\":\"Apple Cider Vinegar - Metabolizm Booster i Detox - wzmocnione z Seagreens, zielonej herbaty i chromu (120 kapsu\u0142ek) - JeaKen\",\"isPartOf\":{\"@id\":\"https:\/\/jeaken.com\/pl\/#website\"},\"primaryImageOfPage\":{\"@id\":\"https:\/\/jeaken.com\/pl\/produkt\/apple-cider-vinegar-metabolizm-booster-i-detox-wzmocnione-z-seagreens-zielonej-herbaty-i-chromu-120-kapsulek\/#primaryimage\"},\"image\":{\"@id\":\"https:\/\/jeaken.com\/pl\/produkt\/apple-cider-vinegar-metabolizm-booster-i-detox-wzmocnione-z-seagreens-zielonej-herbaty-i-chromu-120-kapsulek\/#primaryimage\"},\"thumbnailUrl\":\"https:\/\/jeaken.com\/wp-content\/uploads\/2022\/07\/510x600.jpg\",\"datePublished\":\"2022-07-21T18:18:17+00:00\",\"dateModified\":\"2022-08-09T14:15:41+00:00\",\"breadcrumb\":{\"@id\":\"https:\/\/jeaken.com\/pl\/produkt\/apple-cider-vinegar-metabolizm-booster-i-detox-wzmocnione-z-seagreens-zielonej-herbaty-i-chromu-120-kapsulek\/#breadcrumb\"},\"inLanguage\":\"pl-PL\",\"potentialAction\":[{\"@type\":\"ReadAction\",\"target\":[\"https:\/\/jeaken.com\/pl\/produkt\/apple-cider-vinegar-metabolizm-booster-i-detox-wzmocnione-z-seagreens-zielonej-herbaty-i-chromu-120-kapsulek\/\"]}]},{\"@type\":\"ImageObject\",\"inLanguage\":\"pl-PL\",\"@id\":\"https:\/\/jeaken.com\/pl\/produkt\/apple-cider-vinegar-metabolizm-booster-i-detox-wzmocnione-z-seagreens-zielonej-herbaty-i-chromu-120-kapsulek\/#primaryimage\",\"url\":\"https:\/\/jeaken.com\/wp-content\/uploads\/2022\/07\/510x600.jpg\",\"contentUrl\":\"https:\/\/jeaken.com\/wp-content\/uploads\/2022\/07\/510x600.jpg\",\"width\":512,\"height\":600,\"caption\":\"Apple Cider Vinegar - Metabolism Booster and Detox - Enhanced with Seagreens, Green Tea and Chromium\"},{\"@type\":\"BreadcrumbList\",\"@id\":\"https:\/\/jeaken.com\/pl\/produkt\/apple-cider-vinegar-metabolizm-booster-i-detox-wzmocnione-z-seagreens-zielonej-herbaty-i-chromu-120-kapsulek\/#breadcrumb\",\"itemListElement\":[{\"@type\":\"ListItem\",\"position\":1,\"name\":\"Home\",\"item\":\"https:\/\/jeaken.com\/pl\/\"},{\"@type\":\"ListItem\",\"position\":2,\"name\":\"Private: Shop\",\"item\":\"https:\/\/jeaken.com\/shop\/\"},{\"@type\":\"ListItem\",\"position\":3,\"name\":\"Apple Cider Vinegar &#8211; Metabolizm Booster i Detox &#8211; wzmocnione z Seagreens, zielonej herbaty i chromu (120 kapsu\u0142ek)\"}]},{\"@type\":\"WebSite\",\"@id\":\"https:\/\/jeaken.com\/pl\/#website\",\"url\":\"https:\/\/jeaken.com\/pl\/\",\"name\":\"JeaKen\",\"description\":\"Organic Supplements for Health, Fitness and Nutrition\",\"publisher\":{\"@id\":\"https:\/\/jeaken.com\/pl\/#organization\"},\"potentialAction\":[{\"@type\":\"SearchAction\",\"target\":{\"@type\":\"EntryPoint\",\"urlTemplate\":\"https:\/\/jeaken.com\/pl\/?s={search_term_string}\"},\"query-input\":\"required name=search_term_string\"}],\"inLanguage\":\"pl-PL\"},{\"@type\":\"Organization\",\"@id\":\"https:\/\/jeaken.com\/pl\/#organization\",\"name\":\"JeaKen\",\"url\":\"https:\/\/jeaken.com\/pl\/\",\"logo\":{\"@type\":\"ImageObject\",\"inLanguage\":\"pl-PL\",\"@id\":\"https:\/\/jeaken.com\/pl\/#\/schema\/logo\/image\/\",\"url\":\"https:\/\/jeaken.com\/wp-content\/uploads\/2022\/06\/jeaken-logo-23.png\",\"contentUrl\":\"https:\/\/jeaken.com\/wp-content\/uploads\/2022\/06\/jeaken-logo-23.png\",\"width\":2486,\"height\":736,\"caption\":\"JeaKen\"},\"image\":{\"@id\":\"https:\/\/jeaken.com\/pl\/#\/schema\/logo\/image\/\"}}]}<\/script>\n<!-- \/ Yoast SEO plugin. -->","yoast_head_json":{"title":"Apple Cider Vinegar - Metabolizm Booster i Detox - wzmocnione z Seagreens, zielonej herbaty i chromu (120 kapsu\u0142ek) - JeaKen","robots":{"index":"index","follow":"follow","max-snippet":"max-snippet:-1","max-image-preview":"max-image-preview:large","max-video-preview":"max-video-preview:-1"},"canonical":"https:\/\/jeaken.com\/pl\/produkt\/apple-cider-vinegar-metabolizm-booster-i-detox-wzmocnione-z-seagreens-zielonej-herbaty-i-chromu-120-kapsulek\/","og_locale":"pl_PL","og_type":"article","og_title":"Apple Cider Vinegar - Metabolizm Booster i Detox - wzmocnione z Seagreens, zielonej herbaty i chromu (120 kapsu\u0142ek) - JeaKen","og_description":"Naturalna mieszanka Premium dla zdrowszego i szczuplejszego Ciebie!","og_url":"https:\/\/jeaken.com\/pl\/produkt\/apple-cider-vinegar-metabolizm-booster-i-detox-wzmocnione-z-seagreens-zielonej-herbaty-i-chromu-120-kapsulek\/","og_site_name":"JeaKen","article_modified_time":"2022-08-09T14:15:41+00:00","og_image":[{"width":512,"height":600,"url":"https:\/\/jeaken.com\/wp-content\/uploads\/2022\/07\/510x600.jpg","type":"image\/jpeg"}],"twitter_card":"summary_large_image","twitter_misc":{"Est. reading time":"1 minute"},"schema":{"@context":"https:\/\/schema.org","@graph":[{"@type":"WebPage","@id":"https:\/\/jeaken.com\/pl\/produkt\/apple-cider-vinegar-metabolizm-booster-i-detox-wzmocnione-z-seagreens-zielonej-herbaty-i-chromu-120-kapsulek\/","url":"https:\/\/jeaken.com\/pl\/produkt\/apple-cider-vinegar-metabolizm-booster-i-detox-wzmocnione-z-seagreens-zielonej-herbaty-i-chromu-120-kapsulek\/","name":"Apple Cider Vinegar - Metabolizm Booster i Detox - wzmocnione z Seagreens, zielonej herbaty i chromu (120 kapsu\u0142ek) - JeaKen","isPartOf":{"@id":"https:\/\/jeaken.com\/pl\/#website"},"primaryImageOfPage":{"@id":"https:\/\/jeaken.com\/pl\/produkt\/apple-cider-vinegar-metabolizm-booster-i-detox-wzmocnione-z-seagreens-zielonej-herbaty-i-chromu-120-kapsulek\/#primaryimage"},"image":{"@id":"https:\/\/jeaken.com\/pl\/produkt\/apple-cider-vinegar-metabolizm-booster-i-detox-wzmocnione-z-seagreens-zielonej-herbaty-i-chromu-120-kapsulek\/#primaryimage"},"thumbnailUrl":"https:\/\/jeaken.com\/wp-content\/uploads\/2022\/07\/510x600.jpg","datePublished":"2022-07-21T18:18:17+00:00","dateModified":"2022-08-09T14:15:41+00:00","breadcrumb":{"@id":"https:\/\/jeaken.com\/pl\/produkt\/apple-cider-vinegar-metabolizm-booster-i-detox-wzmocnione-z-seagreens-zielonej-herbaty-i-chromu-120-kapsulek\/#breadcrumb"},"inLanguage":"pl-PL","potentialAction":[{"@type":"ReadAction","target":["https:\/\/jeaken.com\/pl\/produkt\/apple-cider-vinegar-metabolizm-booster-i-detox-wzmocnione-z-seagreens-zielonej-herbaty-i-chromu-120-kapsulek\/"]}]},{"@type":"ImageObject","inLanguage":"pl-PL","@id":"https:\/\/jeaken.com\/pl\/produkt\/apple-cider-vinegar-metabolizm-booster-i-detox-wzmocnione-z-seagreens-zielonej-herbaty-i-chromu-120-kapsulek\/#primaryimage","url":"https:\/\/jeaken.com\/wp-content\/uploads\/2022\/07\/510x600.jpg","contentUrl":"https:\/\/jeaken.com\/wp-content\/uploads\/2022\/07\/510x600.jpg","width":512,"height":600,"caption":"Apple Cider Vinegar - Metabolism Booster and Detox - Enhanced with Seagreens, Green Tea and Chromium"},{"@type":"BreadcrumbList","@id":"https:\/\/jeaken.com\/pl\/produkt\/apple-cider-vinegar-metabolizm-booster-i-detox-wzmocnione-z-seagreens-zielonej-herbaty-i-chromu-120-kapsulek\/#breadcrumb","itemListElement":[{"@type":"ListItem","position":1,"name":"Home","item":"https:\/\/jeaken.com\/pl\/"},{"@type":"ListItem","position":2,"name":"Private: Shop","item":"https:\/\/jeaken.com\/shop\/"},{"@type":"ListItem","position":3,"name":"Apple Cider Vinegar &#8211; Metabolizm Booster i Detox &#8211; wzmocnione z Seagreens, zielonej herbaty i chromu (120 kapsu\u0142ek)"}]},{"@type":"WebSite","@id":"https:\/\/jeaken.com\/pl\/#website","url":"https:\/\/jeaken.com\/pl\/","name":"JeaKen","description":"Organic Supplements for Health, Fitness and Nutrition","publisher":{"@id":"https:\/\/jeaken.com\/pl\/#organization"},"potentialAction":[{"@type":"SearchAction","target":{"@type":"EntryPoint","urlTemplate":"https:\/\/jeaken.com\/pl\/?s={search_term_string}"},"query-input":"required name=search_term_string"}],"inLanguage":"pl-PL"},{"@type":"Organization","@id":"https:\/\/jeaken.com\/pl\/#organization","name":"JeaKen","url":"https:\/\/jeaken.com\/pl\/","logo":{"@type":"ImageObject","inLanguage":"pl-PL","@id":"https:\/\/jeaken.com\/pl\/#\/schema\/logo\/image\/","url":"https:\/\/jeaken.com\/wp-content\/uploads\/2022\/06\/jeaken-logo-23.png","contentUrl":"https:\/\/jeaken.com\/wp-content\/uploads\/2022\/06\/jeaken-logo-23.png","width":2486,"height":736,"caption":"JeaKen"},"image":{"@id":"https:\/\/jeaken.com\/pl\/#\/schema\/logo\/image\/"}}]}},"jetpack_sharing_enabled":true,"_links":{"self":[{"href":"https:\/\/jeaken.com\/pl\/wp-json\/wp\/v2\/product\/6900","targetHints":{"allow":["GET"]}}],"collection":[{"href":"https:\/\/jeaken.com\/pl\/wp-json\/wp\/v2\/product"}],"about":[{"href":"https:\/\/jeaken.com\/pl\/wp-json\/wp\/v2\/types\/product"}],"wp:featuredmedia":[{"embeddable":true,"href":"https:\/\/jeaken.com\/pl\/wp-json\/wp\/v2\/media\/15873"}],"wp:attachment":[{"href":"https:\/\/jeaken.com\/pl\/wp-json\/wp\/v2\/media?parent=6900"}],"wp:term":[{"taxonomy":"product_cat","embeddable":true,"href":"https:\/\/jeaken.com\/pl\/wp-json\/wp\/v2\/product_cat?post=6900"},{"taxonomy":"product_tag","embeddable":true,"href":"https:\/\/jeaken.com\/pl\/wp-json\/wp\/v2\/product_tag?post=6900"}],"curies":[{"name":"wp","href":"https:\/\/api.w.org\/{rel}","templated":true}]}}