{"id":6895,"date":"2022-07-21T19:18:21","date_gmt":"2022-07-21T18:18:21","guid":{"rendered":"https:\/1658920591610?product=omega-3-6-9-fish-oil-capsules-czysty-olej-rybny-z-destylowanym-epa-dha-z-olejem-lnianym-i-olejem-slonecznikowym-1000mg-120-kapsulek"},"modified":"2022-08-09T15:15:36","modified_gmt":"2022-08-09T14:15:36","slug":"omega-3-6-9-fish-oil-capsules-czysty-olej-rybny-z-destylowanym-epa-dha-z-olejem-lnianym-i-olejem-slonecznikowym-1000mg-120-kapsulek","status":"publish","type":"product","link":"https:\/\/jeaken.com\/pl\/produkt\/omega-3-6-9-fish-oil-capsules-czysty-olej-rybny-z-destylowanym-epa-dha-z-olejem-lnianym-i-olejem-slonecznikowym-1000mg-120-kapsulek\/","title":{"rendered":"Omega 3 6 9 Fish Oil Capsules. Czysty olej rybny z destylowanym EPA DHA z olejem lnianym i olejem s\u0142onecznikowym .1000mg (120 kapsu\u0142ek)"},"content":{"rendered":"<p><strong>ZAWIERA WA\u017bNE KWASY T\u0141USZCZOWE  <strong> <\/p>\n<p>Nasz suplement zawiera kwasy Omega 3, 6 i 9, kt\u00f3re s\u0105 najwa\u017cniejszymi kwasami t\u0142uszczowymi w u\u0142atwianiu prawid\u0142owego funkcjonowania sk\u00f3ry, uk\u0142adu oddechowego, uk\u0142adu kr\u0105\u017cenia, m\u00f3zgu i narz\u0105d\u00f3w. W naszym Omega 3 6 9 Fish Oil, DHA i EPA s\u0105 destylowane, aby usun\u0105\u0107 z organizmu niezdrowe t\u0142uszcze nasycone, cholesterol i zanieczyszczenia.<\/p>\n<p> <strong>WSPOMAGA ZDROWE FUNKCJONOWANIE M\u00d3ZGU  <strong><\/p>\n<p>St\u0119\u017cenia kwas\u00f3w t\u0142uszczowych omega-3 s\u0105 najwy\u017csze w m\u00f3zgu i uk\u0142adzie nerwowym. Te kwasy t\u0142uszczowe s\u0105 niezb\u0119dne do optymalnego funkcjonowania neuron\u00f3w. Chroni\u0105 r\u00f3wnie\u017c kom\u00f3rki, zmniejszaj\u0105 ich uszkodzenia i poprawiaj\u0105 przeka\u017anictwo nerwowe. Nowe badania pokazuj\u0105, \u017ce kwasy t\u0142uszczowe omega-3 mog\u0105 zwi\u0119kszy\u0107 poziom serotoniny i dopaminy.<\/p>\n<p> <strong>WZMACNIA UK\u0141AD ODPORNO\u015aCIOWY  <strong><\/p>\n<p>Omega 9 mo\u017ce pom\u00f3c zwi\u0119kszy\u0107 uk\u0142ad odporno\u015bciowy, co pomo\u017ce zmniejszy\u0107 ilo\u015b\u0107 wolnych rodnik\u00f3w w organizmie i poprawi\u0107 metabolizm.  <\/p>\n<p> <strong>BEZ DODATK\u00d3W  <strong> <\/p>\n<p>Suplement ten nie zawiera soli, skrobi, pszenicy, kukurydzy, glutenu, laktozy, dro\u017cd\u017cy, produkt\u00f3w mlecznych oraz sztucznych barwnik\u00f3w konserwuj\u0105cych. Wszystkie produkty JeaKen s\u0105 wytwarzane w Wielkiej Brytanii zgodnie z surowymi wytycznymi GMP, kt\u00f3re spe\u0142niaj\u0105 najwy\u017csze standardy produkcyjne na \u015bwiecie.<\/p>\n","protected":false},"excerpt":{"rendered":"<p><strong>Pot\u0119\u017cny i skuteczny suplement dla zdrowego funkcjonowania m\u00f3zgu i cia\u0142a.<strong> <\/p>\n","protected":false},"featured_media":4618,"template":"","meta":{"site-sidebar-layout":"default","site-content-layout":"default","ast-site-content-layout":"default","site-content-style":"default","site-sidebar-style":"default","ast-global-header-display":"","ast-banner-title-visibility":"","ast-main-header-display":"","ast-hfb-above-header-display":"","ast-hfb-below-header-display":"","ast-hfb-mobile-header-display":"","site-post-title":"","ast-breadcrumbs-content":"","ast-featured-img":"","footer-sml-layout":"","theme-transparent-header-meta":"default","adv-header-id-meta":"","stick-header-meta":"default","header-above-stick-meta":"","header-main-stick-meta":"","header-below-stick-meta":"","astra-migrate-meta-layouts":"default","ast-page-background-enabled":"default","ast-page-background-meta":{"desktop":{"background-color":"","background-image":"","background-repeat":"repeat","background-position":"center center","background-size":"auto","background-attachment":"scroll","background-type":"","background-media":"","overlay-type":"","overlay-color":"","overlay-opacity":"","overlay-gradient":""},"tablet":{"background-color":"","background-image":"","background-repeat":"repeat","background-position":"center center","background-size":"auto","background-attachment":"scroll","background-type":"","background-media":"","overlay-type":"","overlay-color":"","overlay-opacity":"","overlay-gradient":""},"mobile":{"background-color":"","background-image":"","background-repeat":"repeat","background-position":"center center","background-size":"auto","background-attachment":"scroll","background-type":"","background-media":"","overlay-type":"","overlay-color":"","overlay-opacity":"","overlay-gradient":""}},"ast-content-background-meta":{"desktop":{"background-color":"var(--ast-global-color-5)","background-image":"","background-repeat":"repeat","background-position":"center center","background-size":"auto","background-attachment":"scroll","background-type":"","background-media":"","overlay-type":"","overlay-color":"","overlay-opacity":"","overlay-gradient":""},"tablet":{"background-color":"var(--ast-global-color-5)","background-image":"","background-repeat":"repeat","background-position":"center center","background-size":"auto","background-attachment":"scroll","background-type":"","background-media":"","overlay-type":"","overlay-color":"","overlay-opacity":"","overlay-gradient":""},"mobile":{"background-color":"var(--ast-global-color-5)","background-image":"","background-repeat":"repeat","background-position":"center center","background-size":"auto","background-attachment":"scroll","background-type":"","background-media":"","overlay-type":"","overlay-color":"","overlay-opacity":"","overlay-gradient":""}}},"product_cat":[568,1219,549],"product_tag":[],"class_list":{"0":"post-6895","1":"product","2":"type-product","3":"status-publish","4":"has-post-thumbnail","6":"product_cat-suplementy-diety","7":"product_cat-zdrowie-kosci-i-stawow","8":"product_cat-zdrowie-serca-i-mozgu","9":"has-subscription-plans","10":"desktop-align-left","11":"tablet-align-left","12":"mobile-align-left","14":"first","15":"instock","16":"taxable","17":"shipping-taxable","18":"purchasable","19":"product-type-simple"},"yoast_head":"<!-- This site is optimized with the Yoast SEO plugin v22.7 - https:\/\/yoast.com\/wordpress\/plugins\/seo\/ -->\n<title>Omega 3 6 9 Fish Oil Capsules. Czysty olej rybny z destylowanym EPA DHA z olejem lnianym i olejem s\u0142onecznikowym .1000mg (120 kapsu\u0142ek) - JeaKen<\/title>\n<meta name=\"robots\" content=\"index, follow, max-snippet:-1, max-image-preview:large, max-video-preview:-1\" \/>\n<link rel=\"canonical\" href=\"https:\/\/jeaken.com\/pl\/produkt\/omega-3-6-9-fish-oil-capsules-czysty-olej-rybny-z-destylowanym-epa-dha-z-olejem-lnianym-i-olejem-slonecznikowym-1000mg-120-kapsulek\/\" \/>\n<meta property=\"og:locale\" content=\"pl_PL\" \/>\n<meta property=\"og:type\" content=\"article\" \/>\n<meta property=\"og:title\" content=\"Omega 3 6 9 Fish Oil Capsules. Czysty olej rybny z destylowanym EPA DHA z olejem lnianym i olejem s\u0142onecznikowym .1000mg (120 kapsu\u0142ek) - JeaKen\" \/>\n<meta property=\"og:description\" content=\"Pot\u0119\u017cny i skuteczny suplement dla zdrowego funkcjonowania m\u00f3zgu i cia\u0142a.\" \/>\n<meta property=\"og:url\" content=\"https:\/\/jeaken.com\/pl\/produkt\/omega-3-6-9-fish-oil-capsules-czysty-olej-rybny-z-destylowanym-epa-dha-z-olejem-lnianym-i-olejem-slonecznikowym-1000mg-120-kapsulek\/\" \/>\n<meta property=\"og:site_name\" content=\"JeaKen\" \/>\n<meta property=\"article:modified_time\" content=\"2022-08-09T14:15:36+00:00\" \/>\n<meta property=\"og:image\" content=\"https:\/\/jeaken.com\/wp-content\/uploads\/2022\/07\/71MHg1NVMTL._AC_SL1500_.jpg\" \/>\n\t<meta property=\"og:image:width\" content=\"600\" \/>\n\t<meta property=\"og:image:height\" content=\"600\" \/>\n\t<meta property=\"og:image:type\" content=\"image\/jpeg\" \/>\n<meta name=\"twitter:card\" content=\"summary_large_image\" \/>\n<meta name=\"twitter:label1\" content=\"Est. reading time\" \/>\n\t<meta name=\"twitter:data1\" content=\"1 minute\" \/>\n<script type=\"application\/ld+json\" class=\"yoast-schema-graph\">{\"@context\":\"https:\/\/schema.org\",\"@graph\":[{\"@type\":\"WebPage\",\"@id\":\"https:\/\/jeaken.com\/pl\/produkt\/omega-3-6-9-fish-oil-capsules-czysty-olej-rybny-z-destylowanym-epa-dha-z-olejem-lnianym-i-olejem-slonecznikowym-1000mg-120-kapsulek\/\",\"url\":\"https:\/\/jeaken.com\/pl\/produkt\/omega-3-6-9-fish-oil-capsules-czysty-olej-rybny-z-destylowanym-epa-dha-z-olejem-lnianym-i-olejem-slonecznikowym-1000mg-120-kapsulek\/\",\"name\":\"Omega 3 6 9 Fish Oil Capsules. Czysty olej rybny z destylowanym EPA DHA z olejem lnianym i olejem s\u0142onecznikowym .1000mg (120 kapsu\u0142ek) - JeaKen\",\"isPartOf\":{\"@id\":\"https:\/\/jeaken.com\/pl\/#website\"},\"primaryImageOfPage\":{\"@id\":\"https:\/\/jeaken.com\/pl\/produkt\/omega-3-6-9-fish-oil-capsules-czysty-olej-rybny-z-destylowanym-epa-dha-z-olejem-lnianym-i-olejem-slonecznikowym-1000mg-120-kapsulek\/#primaryimage\"},\"image\":{\"@id\":\"https:\/\/jeaken.com\/pl\/produkt\/omega-3-6-9-fish-oil-capsules-czysty-olej-rybny-z-destylowanym-epa-dha-z-olejem-lnianym-i-olejem-slonecznikowym-1000mg-120-kapsulek\/#primaryimage\"},\"thumbnailUrl\":\"https:\/\/jeaken.com\/wp-content\/uploads\/2022\/07\/71MHg1NVMTL._AC_SL1500_.jpg\",\"datePublished\":\"2022-07-21T18:18:21+00:00\",\"dateModified\":\"2022-08-09T14:15:36+00:00\",\"breadcrumb\":{\"@id\":\"https:\/\/jeaken.com\/pl\/produkt\/omega-3-6-9-fish-oil-capsules-czysty-olej-rybny-z-destylowanym-epa-dha-z-olejem-lnianym-i-olejem-slonecznikowym-1000mg-120-kapsulek\/#breadcrumb\"},\"inLanguage\":\"pl-PL\",\"potentialAction\":[{\"@type\":\"ReadAction\",\"target\":[\"https:\/\/jeaken.com\/pl\/produkt\/omega-3-6-9-fish-oil-capsules-czysty-olej-rybny-z-destylowanym-epa-dha-z-olejem-lnianym-i-olejem-slonecznikowym-1000mg-120-kapsulek\/\"]}]},{\"@type\":\"ImageObject\",\"inLanguage\":\"pl-PL\",\"@id\":\"https:\/\/jeaken.com\/pl\/produkt\/omega-3-6-9-fish-oil-capsules-czysty-olej-rybny-z-destylowanym-epa-dha-z-olejem-lnianym-i-olejem-slonecznikowym-1000mg-120-kapsulek\/#primaryimage\",\"url\":\"https:\/\/jeaken.com\/wp-content\/uploads\/2022\/07\/71MHg1NVMTL._AC_SL1500_.jpg\",\"contentUrl\":\"https:\/\/jeaken.com\/wp-content\/uploads\/2022\/07\/71MHg1NVMTL._AC_SL1500_.jpg\",\"width\":600,\"height\":600,\"caption\":\"Omega 3 6 9 Fish Oil Capsules.\"},{\"@type\":\"BreadcrumbList\",\"@id\":\"https:\/\/jeaken.com\/pl\/produkt\/omega-3-6-9-fish-oil-capsules-czysty-olej-rybny-z-destylowanym-epa-dha-z-olejem-lnianym-i-olejem-slonecznikowym-1000mg-120-kapsulek\/#breadcrumb\",\"itemListElement\":[{\"@type\":\"ListItem\",\"position\":1,\"name\":\"Home\",\"item\":\"https:\/\/jeaken.com\/pl\/\"},{\"@type\":\"ListItem\",\"position\":2,\"name\":\"Private: Shop\",\"item\":\"https:\/\/jeaken.com\/shop\/\"},{\"@type\":\"ListItem\",\"position\":3,\"name\":\"Omega 3 6 9 Fish Oil Capsules. Czysty olej rybny z destylowanym EPA DHA z olejem lnianym i olejem s\u0142onecznikowym .1000mg (120 kapsu\u0142ek)\"}]},{\"@type\":\"WebSite\",\"@id\":\"https:\/\/jeaken.com\/pl\/#website\",\"url\":\"https:\/\/jeaken.com\/pl\/\",\"name\":\"JeaKen\",\"description\":\"Organic Supplements for Health, Fitness and Nutrition\",\"publisher\":{\"@id\":\"https:\/\/jeaken.com\/pl\/#organization\"},\"potentialAction\":[{\"@type\":\"SearchAction\",\"target\":{\"@type\":\"EntryPoint\",\"urlTemplate\":\"https:\/\/jeaken.com\/pl\/?s={search_term_string}\"},\"query-input\":\"required name=search_term_string\"}],\"inLanguage\":\"pl-PL\"},{\"@type\":\"Organization\",\"@id\":\"https:\/\/jeaken.com\/pl\/#organization\",\"name\":\"JeaKen\",\"url\":\"https:\/\/jeaken.com\/pl\/\",\"logo\":{\"@type\":\"ImageObject\",\"inLanguage\":\"pl-PL\",\"@id\":\"https:\/\/jeaken.com\/pl\/#\/schema\/logo\/image\/\",\"url\":\"https:\/\/jeaken.com\/wp-content\/uploads\/2022\/06\/jeaken-logo-23.png\",\"contentUrl\":\"https:\/\/jeaken.com\/wp-content\/uploads\/2022\/06\/jeaken-logo-23.png\",\"width\":2486,\"height\":736,\"caption\":\"JeaKen\"},\"image\":{\"@id\":\"https:\/\/jeaken.com\/pl\/#\/schema\/logo\/image\/\"}}]}<\/script>\n<!-- \/ Yoast SEO plugin. -->","yoast_head_json":{"title":"Omega 3 6 9 Fish Oil Capsules. Czysty olej rybny z destylowanym EPA DHA z olejem lnianym i olejem s\u0142onecznikowym .1000mg (120 kapsu\u0142ek) - JeaKen","robots":{"index":"index","follow":"follow","max-snippet":"max-snippet:-1","max-image-preview":"max-image-preview:large","max-video-preview":"max-video-preview:-1"},"canonical":"https:\/\/jeaken.com\/pl\/produkt\/omega-3-6-9-fish-oil-capsules-czysty-olej-rybny-z-destylowanym-epa-dha-z-olejem-lnianym-i-olejem-slonecznikowym-1000mg-120-kapsulek\/","og_locale":"pl_PL","og_type":"article","og_title":"Omega 3 6 9 Fish Oil Capsules. Czysty olej rybny z destylowanym EPA DHA z olejem lnianym i olejem s\u0142onecznikowym .1000mg (120 kapsu\u0142ek) - JeaKen","og_description":"Pot\u0119\u017cny i skuteczny suplement dla zdrowego funkcjonowania m\u00f3zgu i cia\u0142a.","og_url":"https:\/\/jeaken.com\/pl\/produkt\/omega-3-6-9-fish-oil-capsules-czysty-olej-rybny-z-destylowanym-epa-dha-z-olejem-lnianym-i-olejem-slonecznikowym-1000mg-120-kapsulek\/","og_site_name":"JeaKen","article_modified_time":"2022-08-09T14:15:36+00:00","og_image":[{"width":600,"height":600,"url":"https:\/\/jeaken.com\/wp-content\/uploads\/2022\/07\/71MHg1NVMTL._AC_SL1500_.jpg","type":"image\/jpeg"}],"twitter_card":"summary_large_image","twitter_misc":{"Est. reading time":"1 minute"},"schema":{"@context":"https:\/\/schema.org","@graph":[{"@type":"WebPage","@id":"https:\/\/jeaken.com\/pl\/produkt\/omega-3-6-9-fish-oil-capsules-czysty-olej-rybny-z-destylowanym-epa-dha-z-olejem-lnianym-i-olejem-slonecznikowym-1000mg-120-kapsulek\/","url":"https:\/\/jeaken.com\/pl\/produkt\/omega-3-6-9-fish-oil-capsules-czysty-olej-rybny-z-destylowanym-epa-dha-z-olejem-lnianym-i-olejem-slonecznikowym-1000mg-120-kapsulek\/","name":"Omega 3 6 9 Fish Oil Capsules. Czysty olej rybny z destylowanym EPA DHA z olejem lnianym i olejem s\u0142onecznikowym .1000mg (120 kapsu\u0142ek) - JeaKen","isPartOf":{"@id":"https:\/\/jeaken.com\/pl\/#website"},"primaryImageOfPage":{"@id":"https:\/\/jeaken.com\/pl\/produkt\/omega-3-6-9-fish-oil-capsules-czysty-olej-rybny-z-destylowanym-epa-dha-z-olejem-lnianym-i-olejem-slonecznikowym-1000mg-120-kapsulek\/#primaryimage"},"image":{"@id":"https:\/\/jeaken.com\/pl\/produkt\/omega-3-6-9-fish-oil-capsules-czysty-olej-rybny-z-destylowanym-epa-dha-z-olejem-lnianym-i-olejem-slonecznikowym-1000mg-120-kapsulek\/#primaryimage"},"thumbnailUrl":"https:\/\/jeaken.com\/wp-content\/uploads\/2022\/07\/71MHg1NVMTL._AC_SL1500_.jpg","datePublished":"2022-07-21T18:18:21+00:00","dateModified":"2022-08-09T14:15:36+00:00","breadcrumb":{"@id":"https:\/\/jeaken.com\/pl\/produkt\/omega-3-6-9-fish-oil-capsules-czysty-olej-rybny-z-destylowanym-epa-dha-z-olejem-lnianym-i-olejem-slonecznikowym-1000mg-120-kapsulek\/#breadcrumb"},"inLanguage":"pl-PL","potentialAction":[{"@type":"ReadAction","target":["https:\/\/jeaken.com\/pl\/produkt\/omega-3-6-9-fish-oil-capsules-czysty-olej-rybny-z-destylowanym-epa-dha-z-olejem-lnianym-i-olejem-slonecznikowym-1000mg-120-kapsulek\/"]}]},{"@type":"ImageObject","inLanguage":"pl-PL","@id":"https:\/\/jeaken.com\/pl\/produkt\/omega-3-6-9-fish-oil-capsules-czysty-olej-rybny-z-destylowanym-epa-dha-z-olejem-lnianym-i-olejem-slonecznikowym-1000mg-120-kapsulek\/#primaryimage","url":"https:\/\/jeaken.com\/wp-content\/uploads\/2022\/07\/71MHg1NVMTL._AC_SL1500_.jpg","contentUrl":"https:\/\/jeaken.com\/wp-content\/uploads\/2022\/07\/71MHg1NVMTL._AC_SL1500_.jpg","width":600,"height":600,"caption":"Omega 3 6 9 Fish Oil Capsules."},{"@type":"BreadcrumbList","@id":"https:\/\/jeaken.com\/pl\/produkt\/omega-3-6-9-fish-oil-capsules-czysty-olej-rybny-z-destylowanym-epa-dha-z-olejem-lnianym-i-olejem-slonecznikowym-1000mg-120-kapsulek\/#breadcrumb","itemListElement":[{"@type":"ListItem","position":1,"name":"Home","item":"https:\/\/jeaken.com\/pl\/"},{"@type":"ListItem","position":2,"name":"Private: Shop","item":"https:\/\/jeaken.com\/shop\/"},{"@type":"ListItem","position":3,"name":"Omega 3 6 9 Fish Oil Capsules. Czysty olej rybny z destylowanym EPA DHA z olejem lnianym i olejem s\u0142onecznikowym .1000mg (120 kapsu\u0142ek)"}]},{"@type":"WebSite","@id":"https:\/\/jeaken.com\/pl\/#website","url":"https:\/\/jeaken.com\/pl\/","name":"JeaKen","description":"Organic Supplements for Health, Fitness and Nutrition","publisher":{"@id":"https:\/\/jeaken.com\/pl\/#organization"},"potentialAction":[{"@type":"SearchAction","target":{"@type":"EntryPoint","urlTemplate":"https:\/\/jeaken.com\/pl\/?s={search_term_string}"},"query-input":"required name=search_term_string"}],"inLanguage":"pl-PL"},{"@type":"Organization","@id":"https:\/\/jeaken.com\/pl\/#organization","name":"JeaKen","url":"https:\/\/jeaken.com\/pl\/","logo":{"@type":"ImageObject","inLanguage":"pl-PL","@id":"https:\/\/jeaken.com\/pl\/#\/schema\/logo\/image\/","url":"https:\/\/jeaken.com\/wp-content\/uploads\/2022\/06\/jeaken-logo-23.png","contentUrl":"https:\/\/jeaken.com\/wp-content\/uploads\/2022\/06\/jeaken-logo-23.png","width":2486,"height":736,"caption":"JeaKen"},"image":{"@id":"https:\/\/jeaken.com\/pl\/#\/schema\/logo\/image\/"}}]}},"jetpack_sharing_enabled":true,"_links":{"self":[{"href":"https:\/\/jeaken.com\/pl\/wp-json\/wp\/v2\/product\/6895","targetHints":{"allow":["GET"]}}],"collection":[{"href":"https:\/\/jeaken.com\/pl\/wp-json\/wp\/v2\/product"}],"about":[{"href":"https:\/\/jeaken.com\/pl\/wp-json\/wp\/v2\/types\/product"}],"wp:featuredmedia":[{"embeddable":true,"href":"https:\/\/jeaken.com\/pl\/wp-json\/wp\/v2\/media\/4618"}],"wp:attachment":[{"href":"https:\/\/jeaken.com\/pl\/wp-json\/wp\/v2\/media?parent=6895"}],"wp:term":[{"taxonomy":"product_cat","embeddable":true,"href":"https:\/\/jeaken.com\/pl\/wp-json\/wp\/v2\/product_cat?post=6895"},{"taxonomy":"product_tag","embeddable":true,"href":"https:\/\/jeaken.com\/pl\/wp-json\/wp\/v2\/product_tag?post=6895"}],"curies":[{"name":"wp","href":"https:\/\/api.w.org\/{rel}","templated":true}]}}