{"id":6890,"date":"2022-07-21T19:18:16","date_gmt":"2022-07-21T18:18:16","guid":{"rendered":"https:\/1658920591610?product=pure-creatine-monohydrate-muscle-gainer-and-post-work-out-powder-supplement-500g"},"modified":"2022-08-09T15:14:52","modified_gmt":"2022-08-09T14:14:52","slug":"pure-creatine-monohydrate-muscle-gainer-and-post-work-out-powder-supplement-500g","status":"publish","type":"product","link":"https:\/\/jeaken.com\/pl\/produkt\/pure-creatine-monohydrate-muscle-gainer-and-post-work-out-powder-supplement-500g\/","title":{"rendered":"Pure Creatine Monohydrate &#8211; Muscle Gainer and Post Work Out Powder Supplement (500g)"},"content":{"rendered":"<p><span class=\"a-list-item\">\u2705 POPRAWA WYDAJNO\u015aCI FIZYCZNEJ &#8211; Szukasz zwi\u0119kszenia wydajno\u015bci podczas treningu? Nasz monohydrat kreatyny w proszku zwi\u0119ksza wydajno\u015b\u0107 fizyczn\u0105 w kolejnych zrywach kr\u00f3tkotrwa\u0142ych \u0107wicze\u0144 o wysokiej intensywno\u015bci.<\/span><\/p>\n<p><span class=\"a-list-item\">\u2705 MUSCLE RECOVERY PRE WORKOUT &#8211; Proszki kreatynowe mog\u0105 by\u0107 korzystne dla regeneracji mi\u0119\u015bni. Niekt\u00f3re badania m\u00f3wi\u0105, \u017ce mikronizowana kreatyna mo\u017ce pom\u00f3c w poprawie regeneracji mi\u0119\u015bni i odzyskiwaniu si\u0142 po \u0107wiczeniach, takich jak maksymalizacja wynik\u00f3w z treningu si\u0142owego.<\/span><\/p>\n<p><span class=\"a-list-item\">\u2705 MUSCLE GROWTH &#8211; JeaKen kreatyna w proszku ma szybk\u0105 absorpcj\u0119 i moc blast\u00f3w z szybszym czasem regeneracji wi\u0119cej ni\u017c jakiekolwiek kapsu\u0142ki lub tabletki monohydratu kreatyny. Mo\u017ce by\u0107 przydatny do zwi\u0119kszenia zawarto\u015bci wody w mi\u0119\u015bniach, przez co zwi\u0119ksza ich rozmiar. Ten suplement mo\u017ce pokaza\u0107 swoje w\u0142a\u015bciwo\u015bci w zwi\u0119kszaniu rozmiaru w\u0142\u00f3kien mi\u0119\u015bniowych.<\/span><\/p>\n<p><span class=\"a-list-item\">\u2705 WYGODA &#8211; nasz Monohydrat Kreatyny w proszku jest niearomatyzowany i \u0142atwo miesza si\u0119 z wod\u0105, sokami owocowymi lub koktajlami, nie pozostawiaj\u0105c przy tym ziarnistego smaku, co sprawia, \u017ce jest to prosta i bezproblemowa opcja po treningu.<\/span><\/p>\n<p><span class=\"a-list-item\">\u2705 QUALITY YOU CAN TRUST &#8211; Monohydrat kreatyny w proszku firmy JeaKen jest odpowiedni dla wegan i wegetarian. Wszystkie produkty JeaKen creatine powders s\u0105 produkowane w Wielkiej Brytanii w ramach \u015bcis\u0142ego kodeksu GMP, najwy\u017cszych standard\u00f3w produkcyjnych na \u015bwiecie w przeciwie\u0144stwie do innych importowanych marek i s\u0105 obj\u0119te 100% GWARANCJ\u0104 MONEY BACK.<\/span><\/p>\n","protected":false},"excerpt":{"rendered":"<p><strong>  CREATINE MONOHYDRATE POWDER marki JeaKen &#8230;<\/strong><\/p>\n<p><strong>Are You Looking To Boost Your Muscle Growth &#8211; Increase Muscle Cell Volume ?<\/strong><\/p>\n<p>W takim razie nie szukaj dalej &#8211; CREATINE MONOHYDRATE POWDER By JeaKen jest idealny dla Ciebie!<\/p>\n<p><strong>Dlaczego warto wybra\u0107 CREATINE MONOHYDRATE POWDER By JeaKen ?<\/strong><\/p>\n<p>Nasz 100% Mikronizowany Monohydrat Kreatyny jest testowany HPLC i analizowany pod k\u0105tem czysto\u015bci, ponadto.<\/p>\n<p>Bez dicyjanodiamidu (DCD).<\/p>\n<p><strong>KLUCZOWE KORZY\u015aCI:<\/strong><\/p>\n<p>Creatine Monohydrate 500g kreatyna w proszku na wzrost mi\u0119\u015bni mo\u017ce;<\/p>\n<p>* Zwi\u0119kszenie obj\u0119to\u015bci kom\u00f3rek mi\u0119\u015bniowych.<\/p>\n<p>* Increase Explosive Power.<\/p>\n<p>* Zwi\u0119kszenie wytrzyma\u0142o\u015bci.<\/p>\n<p>* Pozw\u00f3l na szybszy powr\u00f3t do zdrowia.<\/p>\n<p><strong>SUGEROWANE ZASTOSOWANIE:<\/strong><\/p>\n<p>Monohydrat kreatyny 5g na porcj\u0119.Dawkowanie obci\u0105\u017caj\u0105ce: 20gms dziennie przez 5 dni (w ilo\u015bci 4 x 5gms w ci\u0105gu dnia) lub 25gms dziennie przez 4 dni (w ilo\u015bci 5 x 5gms w ci\u0105gu dnia).<\/p>\n<p><strong>DAWKOWANIE PIEL\u0118GNACYJNE:<\/strong><\/p>\n<p>5gms dziennie (jedna lekko uformowana \u0142y\u017ceczka 5ml oko\u0142o). Bra\u0107 przez oko\u0142o 7-10 tygodni z<\/p>\n<p>dwa do trzech tygodni przerwy, przed prze\u0142adowaniem i utrzymaniem.<\/p>\n<p><strong>KUP TERAZ  <\/strong><\/p>\n<p><strong>Kliknij &#8220;DODAJ DO KOSZYKA&#8221; teraz, do wyczerpania zapas\u00f3w!<\/strong><\/p>\n","protected":false},"featured_media":3420,"template":"","meta":{"site-sidebar-layout":"default","site-content-layout":"default","ast-site-content-layout":"default","site-content-style":"default","site-sidebar-style":"default","ast-global-header-display":"","ast-banner-title-visibility":"","ast-main-header-display":"","ast-hfb-above-header-display":"","ast-hfb-below-header-display":"","ast-hfb-mobile-header-display":"","site-post-title":"","ast-breadcrumbs-content":"","ast-featured-img":"","footer-sml-layout":"","theme-transparent-header-meta":"default","adv-header-id-meta":"","stick-header-meta":"default","header-above-stick-meta":"","header-main-stick-meta":"","header-below-stick-meta":"","astra-migrate-meta-layouts":"default","ast-page-background-enabled":"default","ast-page-background-meta":{"desktop":{"background-color":"","background-image":"","background-repeat":"repeat","background-position":"center center","background-size":"auto","background-attachment":"scroll","background-type":"","background-media":"","overlay-type":"","overlay-color":"","overlay-opacity":"","overlay-gradient":""},"tablet":{"background-color":"","background-image":"","background-repeat":"repeat","background-position":"center center","background-size":"auto","background-attachment":"scroll","background-type":"","background-media":"","overlay-type":"","overlay-color":"","overlay-opacity":"","overlay-gradient":""},"mobile":{"background-color":"","background-image":"","background-repeat":"repeat","background-position":"center center","background-size":"auto","background-attachment":"scroll","background-type":"","background-media":"","overlay-type":"","overlay-color":"","overlay-opacity":"","overlay-gradient":""}},"ast-content-background-meta":{"desktop":{"background-color":"var(--ast-global-color-5)","background-image":"","background-repeat":"repeat","background-position":"center center","background-size":"auto","background-attachment":"scroll","background-type":"","background-media":"","overlay-type":"","overlay-color":"","overlay-opacity":"","overlay-gradient":""},"tablet":{"background-color":"var(--ast-global-color-5)","background-image":"","background-repeat":"repeat","background-position":"center center","background-size":"auto","background-attachment":"scroll","background-type":"","background-media":"","overlay-type":"","overlay-color":"","overlay-opacity":"","overlay-gradient":""},"mobile":{"background-color":"var(--ast-global-color-5)","background-image":"","background-repeat":"repeat","background-position":"center center","background-size":"auto","background-attachment":"scroll","background-type":"","background-media":"","overlay-type":"","overlay-color":"","overlay-opacity":"","overlay-gradient":""}}},"product_cat":[551],"product_tag":[1184,1187,1199,1202,1191,1193,1196,1194,1200],"class_list":{"0":"post-6890","1":"product","2":"type-product","3":"status-publish","4":"has-post-thumbnail","6":"product_cat-zywienie-sportowe","7":"product_tag-kapsulka-kreatyny","8":"product_tag-kapsulki-kreatynowe","9":"product_tag-kreatyna-w-proszku","10":"product_tag-mikronizowana-kreatyna","11":"product_tag-monohydrat-kreatyny","12":"product_tag-monohydrat-kreatyny-kapsulki","13":"product_tag-monohydrat-kreatyny-tabletki","14":"product_tag-monohydrat-kreatyny-w-proszku","15":"product_tag-proszki-kreatynowe","16":"has-subscription-plans","17":"desktop-align-left","18":"tablet-align-left","19":"mobile-align-left","21":"first","22":"outofstock","23":"taxable","24":"shipping-taxable","25":"purchasable","26":"product-type-simple"},"yoast_head":"<!-- This site is optimized with the Yoast SEO plugin v22.7 - https:\/\/yoast.com\/wordpress\/plugins\/seo\/ -->\n<title>Pure Creatine Monohydrate - Muscle Gainer and Post Work Out Powder Supplement (500g) - JeaKen<\/title>\n<meta name=\"robots\" content=\"index, follow, max-snippet:-1, max-image-preview:large, max-video-preview:-1\" \/>\n<link rel=\"canonical\" href=\"https:\/\/jeaken.com\/pl\/produkt\/pure-creatine-monohydrate-muscle-gainer-and-post-work-out-powder-supplement-500g\/\" \/>\n<meta property=\"og:locale\" content=\"pl_PL\" \/>\n<meta property=\"og:type\" content=\"article\" \/>\n<meta property=\"og:title\" content=\"Pure Creatine Monohydrate - Muscle Gainer and Post Work Out Powder Supplement (500g) - JeaKen\" \/>\n<meta property=\"og:description\" content=\"CREATINE MONOHYDRATE POWDER marki JeaKen ... Are You Looking To Boost Your Muscle Growth - Increase Muscle Cell Volume ? W takim razie nie szukaj dalej - CREATINE MONOHYDRATE POWDER By JeaKen jest idealny dla Ciebie! Dlaczego warto wybra\u0107 CREATINE MONOHYDRATE POWDER By JeaKen ? Nasz 100% Mikronizowany Monohydrat Kreatyny jest testowany HPLC i analizowany pod k\u0105tem czysto\u015bci, ponadto. Bez dicyjanodiamidu (DCD). KLUCZOWE KORZY\u015aCI: Creatine Monohydrate 500g kreatyna w proszku na wzrost mi\u0119\u015bni mo\u017ce; * Zwi\u0119kszenie obj\u0119to\u015bci kom\u00f3rek mi\u0119\u015bniowych. * Increase Explosive Power. * Zwi\u0119kszenie wytrzyma\u0142o\u015bci. * Pozw\u00f3l na szybszy powr\u00f3t do zdrowia. SUGEROWANE ZASTOSOWANIE: Monohydrat kreatyny 5g na porcj\u0119.Dawkowanie obci\u0105\u017caj\u0105ce: 20gms dziennie przez 5 dni (w ilo\u015bci 4 x 5gms w ci\u0105gu dnia) lub 25gms dziennie przez 4 dni (w ilo\u015bci 5 x 5gms w ci\u0105gu dnia). DAWKOWANIE PIEL\u0118GNACYJNE: 5gms dziennie (jedna lekko uformowana \u0142y\u017ceczka 5ml oko\u0142o). Bra\u0107 przez oko\u0142o 7-10 tygodni z dwa do trzech tygodni przerwy, przed prze\u0142adowaniem i utrzymaniem. KUP TERAZ  Kliknij &quot;DODAJ DO KOSZYKA&quot; teraz, do wyczerpania zapas\u00f3w!\" \/>\n<meta property=\"og:url\" content=\"https:\/\/jeaken.com\/pl\/produkt\/pure-creatine-monohydrate-muscle-gainer-and-post-work-out-powder-supplement-500g\/\" \/>\n<meta property=\"og:site_name\" content=\"JeaKen\" \/>\n<meta property=\"article:modified_time\" content=\"2022-08-09T14:14:52+00:00\" \/>\n<meta property=\"og:image\" content=\"https:\/\/jeaken.com\/wp-content\/uploads\/2022\/07\/71grcDW-M9L._AC_SL1500_-1.jpg\" \/>\n\t<meta property=\"og:image:width\" content=\"600\" \/>\n\t<meta property=\"og:image:height\" content=\"600\" \/>\n\t<meta property=\"og:image:type\" content=\"image\/jpeg\" \/>\n<meta name=\"twitter:card\" content=\"summary_large_image\" \/>\n<meta name=\"twitter:label1\" content=\"Est. reading time\" \/>\n\t<meta name=\"twitter:data1\" content=\"1 minute\" \/>\n<script type=\"application\/ld+json\" class=\"yoast-schema-graph\">{\"@context\":\"https:\/\/schema.org\",\"@graph\":[{\"@type\":\"WebPage\",\"@id\":\"https:\/\/jeaken.com\/pl\/produkt\/pure-creatine-monohydrate-muscle-gainer-and-post-work-out-powder-supplement-500g\/\",\"url\":\"https:\/\/jeaken.com\/pl\/produkt\/pure-creatine-monohydrate-muscle-gainer-and-post-work-out-powder-supplement-500g\/\",\"name\":\"Pure Creatine Monohydrate - Muscle Gainer and Post Work Out Powder Supplement (500g) - JeaKen\",\"isPartOf\":{\"@id\":\"https:\/\/jeaken.com\/pl\/#website\"},\"primaryImageOfPage\":{\"@id\":\"https:\/\/jeaken.com\/pl\/produkt\/pure-creatine-monohydrate-muscle-gainer-and-post-work-out-powder-supplement-500g\/#primaryimage\"},\"image\":{\"@id\":\"https:\/\/jeaken.com\/pl\/produkt\/pure-creatine-monohydrate-muscle-gainer-and-post-work-out-powder-supplement-500g\/#primaryimage\"},\"thumbnailUrl\":\"https:\/\/jeaken.com\/wp-content\/uploads\/2022\/07\/71grcDW-M9L._AC_SL1500_-1.jpg\",\"datePublished\":\"2022-07-21T18:18:16+00:00\",\"dateModified\":\"2022-08-09T14:14:52+00:00\",\"breadcrumb\":{\"@id\":\"https:\/\/jeaken.com\/pl\/produkt\/pure-creatine-monohydrate-muscle-gainer-and-post-work-out-powder-supplement-500g\/#breadcrumb\"},\"inLanguage\":\"pl-PL\",\"potentialAction\":[{\"@type\":\"ReadAction\",\"target\":[\"https:\/\/jeaken.com\/pl\/produkt\/pure-creatine-monohydrate-muscle-gainer-and-post-work-out-powder-supplement-500g\/\"]}]},{\"@type\":\"ImageObject\",\"inLanguage\":\"pl-PL\",\"@id\":\"https:\/\/jeaken.com\/pl\/produkt\/pure-creatine-monohydrate-muscle-gainer-and-post-work-out-powder-supplement-500g\/#primaryimage\",\"url\":\"https:\/\/jeaken.com\/wp-content\/uploads\/2022\/07\/71grcDW-M9L._AC_SL1500_-1.jpg\",\"contentUrl\":\"https:\/\/jeaken.com\/wp-content\/uploads\/2022\/07\/71grcDW-M9L._AC_SL1500_-1.jpg\",\"width\":600,\"height\":600,\"caption\":\"Pure Creatine Monohydrate - Muscle Gainer and Post Work Out Powder Supplement\"},{\"@type\":\"BreadcrumbList\",\"@id\":\"https:\/\/jeaken.com\/pl\/produkt\/pure-creatine-monohydrate-muscle-gainer-and-post-work-out-powder-supplement-500g\/#breadcrumb\",\"itemListElement\":[{\"@type\":\"ListItem\",\"position\":1,\"name\":\"Home\",\"item\":\"https:\/\/jeaken.com\/pl\/\"},{\"@type\":\"ListItem\",\"position\":2,\"name\":\"Private: Shop\",\"item\":\"https:\/\/jeaken.com\/shop\/\"},{\"@type\":\"ListItem\",\"position\":3,\"name\":\"Pure Creatine Monohydrate &#8211; Muscle Gainer and Post Work Out Powder Supplement (500g)\"}]},{\"@type\":\"WebSite\",\"@id\":\"https:\/\/jeaken.com\/pl\/#website\",\"url\":\"https:\/\/jeaken.com\/pl\/\",\"name\":\"JeaKen\",\"description\":\"Organic Supplements for Health, Fitness and Nutrition\",\"publisher\":{\"@id\":\"https:\/\/jeaken.com\/pl\/#organization\"},\"potentialAction\":[{\"@type\":\"SearchAction\",\"target\":{\"@type\":\"EntryPoint\",\"urlTemplate\":\"https:\/\/jeaken.com\/pl\/?s={search_term_string}\"},\"query-input\":\"required name=search_term_string\"}],\"inLanguage\":\"pl-PL\"},{\"@type\":\"Organization\",\"@id\":\"https:\/\/jeaken.com\/pl\/#organization\",\"name\":\"JeaKen\",\"url\":\"https:\/\/jeaken.com\/pl\/\",\"logo\":{\"@type\":\"ImageObject\",\"inLanguage\":\"pl-PL\",\"@id\":\"https:\/\/jeaken.com\/pl\/#\/schema\/logo\/image\/\",\"url\":\"https:\/\/jeaken.com\/wp-content\/uploads\/2022\/06\/jeaken-logo-23.png\",\"contentUrl\":\"https:\/\/jeaken.com\/wp-content\/uploads\/2022\/06\/jeaken-logo-23.png\",\"width\":2486,\"height\":736,\"caption\":\"JeaKen\"},\"image\":{\"@id\":\"https:\/\/jeaken.com\/pl\/#\/schema\/logo\/image\/\"}}]}<\/script>\n<!-- \/ Yoast SEO plugin. -->","yoast_head_json":{"title":"Pure Creatine Monohydrate - Muscle Gainer and Post Work Out Powder Supplement (500g) - JeaKen","robots":{"index":"index","follow":"follow","max-snippet":"max-snippet:-1","max-image-preview":"max-image-preview:large","max-video-preview":"max-video-preview:-1"},"canonical":"https:\/\/jeaken.com\/pl\/produkt\/pure-creatine-monohydrate-muscle-gainer-and-post-work-out-powder-supplement-500g\/","og_locale":"pl_PL","og_type":"article","og_title":"Pure Creatine Monohydrate - Muscle Gainer and Post Work Out Powder Supplement (500g) - JeaKen","og_description":"CREATINE MONOHYDRATE POWDER marki JeaKen ... Are You Looking To Boost Your Muscle Growth - Increase Muscle Cell Volume ? W takim razie nie szukaj dalej - CREATINE MONOHYDRATE POWDER By JeaKen jest idealny dla Ciebie! Dlaczego warto wybra\u0107 CREATINE MONOHYDRATE POWDER By JeaKen ? Nasz 100% Mikronizowany Monohydrat Kreatyny jest testowany HPLC i analizowany pod k\u0105tem czysto\u015bci, ponadto. Bez dicyjanodiamidu (DCD). KLUCZOWE KORZY\u015aCI: Creatine Monohydrate 500g kreatyna w proszku na wzrost mi\u0119\u015bni mo\u017ce; * Zwi\u0119kszenie obj\u0119to\u015bci kom\u00f3rek mi\u0119\u015bniowych. * Increase Explosive Power. * Zwi\u0119kszenie wytrzyma\u0142o\u015bci. * Pozw\u00f3l na szybszy powr\u00f3t do zdrowia. SUGEROWANE ZASTOSOWANIE: Monohydrat kreatyny 5g na porcj\u0119.Dawkowanie obci\u0105\u017caj\u0105ce: 20gms dziennie przez 5 dni (w ilo\u015bci 4 x 5gms w ci\u0105gu dnia) lub 25gms dziennie przez 4 dni (w ilo\u015bci 5 x 5gms w ci\u0105gu dnia). DAWKOWANIE PIEL\u0118GNACYJNE: 5gms dziennie (jedna lekko uformowana \u0142y\u017ceczka 5ml oko\u0142o). Bra\u0107 przez oko\u0142o 7-10 tygodni z dwa do trzech tygodni przerwy, przed prze\u0142adowaniem i utrzymaniem. KUP TERAZ  Kliknij \"DODAJ DO KOSZYKA\" teraz, do wyczerpania zapas\u00f3w!","og_url":"https:\/\/jeaken.com\/pl\/produkt\/pure-creatine-monohydrate-muscle-gainer-and-post-work-out-powder-supplement-500g\/","og_site_name":"JeaKen","article_modified_time":"2022-08-09T14:14:52+00:00","og_image":[{"width":600,"height":600,"url":"https:\/\/jeaken.com\/wp-content\/uploads\/2022\/07\/71grcDW-M9L._AC_SL1500_-1.jpg","type":"image\/jpeg"}],"twitter_card":"summary_large_image","twitter_misc":{"Est. reading time":"1 minute"},"schema":{"@context":"https:\/\/schema.org","@graph":[{"@type":"WebPage","@id":"https:\/\/jeaken.com\/pl\/produkt\/pure-creatine-monohydrate-muscle-gainer-and-post-work-out-powder-supplement-500g\/","url":"https:\/\/jeaken.com\/pl\/produkt\/pure-creatine-monohydrate-muscle-gainer-and-post-work-out-powder-supplement-500g\/","name":"Pure Creatine Monohydrate - Muscle Gainer and Post Work Out Powder Supplement (500g) - JeaKen","isPartOf":{"@id":"https:\/\/jeaken.com\/pl\/#website"},"primaryImageOfPage":{"@id":"https:\/\/jeaken.com\/pl\/produkt\/pure-creatine-monohydrate-muscle-gainer-and-post-work-out-powder-supplement-500g\/#primaryimage"},"image":{"@id":"https:\/\/jeaken.com\/pl\/produkt\/pure-creatine-monohydrate-muscle-gainer-and-post-work-out-powder-supplement-500g\/#primaryimage"},"thumbnailUrl":"https:\/\/jeaken.com\/wp-content\/uploads\/2022\/07\/71grcDW-M9L._AC_SL1500_-1.jpg","datePublished":"2022-07-21T18:18:16+00:00","dateModified":"2022-08-09T14:14:52+00:00","breadcrumb":{"@id":"https:\/\/jeaken.com\/pl\/produkt\/pure-creatine-monohydrate-muscle-gainer-and-post-work-out-powder-supplement-500g\/#breadcrumb"},"inLanguage":"pl-PL","potentialAction":[{"@type":"ReadAction","target":["https:\/\/jeaken.com\/pl\/produkt\/pure-creatine-monohydrate-muscle-gainer-and-post-work-out-powder-supplement-500g\/"]}]},{"@type":"ImageObject","inLanguage":"pl-PL","@id":"https:\/\/jeaken.com\/pl\/produkt\/pure-creatine-monohydrate-muscle-gainer-and-post-work-out-powder-supplement-500g\/#primaryimage","url":"https:\/\/jeaken.com\/wp-content\/uploads\/2022\/07\/71grcDW-M9L._AC_SL1500_-1.jpg","contentUrl":"https:\/\/jeaken.com\/wp-content\/uploads\/2022\/07\/71grcDW-M9L._AC_SL1500_-1.jpg","width":600,"height":600,"caption":"Pure Creatine Monohydrate - Muscle Gainer and Post Work Out Powder Supplement"},{"@type":"BreadcrumbList","@id":"https:\/\/jeaken.com\/pl\/produkt\/pure-creatine-monohydrate-muscle-gainer-and-post-work-out-powder-supplement-500g\/#breadcrumb","itemListElement":[{"@type":"ListItem","position":1,"name":"Home","item":"https:\/\/jeaken.com\/pl\/"},{"@type":"ListItem","position":2,"name":"Private: Shop","item":"https:\/\/jeaken.com\/shop\/"},{"@type":"ListItem","position":3,"name":"Pure Creatine Monohydrate &#8211; Muscle Gainer and Post Work Out Powder Supplement (500g)"}]},{"@type":"WebSite","@id":"https:\/\/jeaken.com\/pl\/#website","url":"https:\/\/jeaken.com\/pl\/","name":"JeaKen","description":"Organic Supplements for Health, Fitness and Nutrition","publisher":{"@id":"https:\/\/jeaken.com\/pl\/#organization"},"potentialAction":[{"@type":"SearchAction","target":{"@type":"EntryPoint","urlTemplate":"https:\/\/jeaken.com\/pl\/?s={search_term_string}"},"query-input":"required name=search_term_string"}],"inLanguage":"pl-PL"},{"@type":"Organization","@id":"https:\/\/jeaken.com\/pl\/#organization","name":"JeaKen","url":"https:\/\/jeaken.com\/pl\/","logo":{"@type":"ImageObject","inLanguage":"pl-PL","@id":"https:\/\/jeaken.com\/pl\/#\/schema\/logo\/image\/","url":"https:\/\/jeaken.com\/wp-content\/uploads\/2022\/06\/jeaken-logo-23.png","contentUrl":"https:\/\/jeaken.com\/wp-content\/uploads\/2022\/06\/jeaken-logo-23.png","width":2486,"height":736,"caption":"JeaKen"},"image":{"@id":"https:\/\/jeaken.com\/pl\/#\/schema\/logo\/image\/"}}]}},"jetpack_sharing_enabled":true,"_links":{"self":[{"href":"https:\/\/jeaken.com\/pl\/wp-json\/wp\/v2\/product\/6890","targetHints":{"allow":["GET"]}}],"collection":[{"href":"https:\/\/jeaken.com\/pl\/wp-json\/wp\/v2\/product"}],"about":[{"href":"https:\/\/jeaken.com\/pl\/wp-json\/wp\/v2\/types\/product"}],"wp:featuredmedia":[{"embeddable":true,"href":"https:\/\/jeaken.com\/pl\/wp-json\/wp\/v2\/media\/3420"}],"wp:attachment":[{"href":"https:\/\/jeaken.com\/pl\/wp-json\/wp\/v2\/media?parent=6890"}],"wp:term":[{"taxonomy":"product_cat","embeddable":true,"href":"https:\/\/jeaken.com\/pl\/wp-json\/wp\/v2\/product_cat?post=6890"},{"taxonomy":"product_tag","embeddable":true,"href":"https:\/\/jeaken.com\/pl\/wp-json\/wp\/v2\/product_tag?post=6890"}],"curies":[{"name":"wp","href":"https:\/\/api.w.org\/{rel}","templated":true}]}}